{"id":26192,"date":"2024-04-17T09:39:40","date_gmt":"2024-04-17T14:39:40","guid":{"rendered":""},"modified":"2025-12-26T11:46:32","modified_gmt":"2025-12-26T16:46:32","slug":"microfono-condensador-c-sonido-bm800v8","status":"publish","type":"product","link":"https:\/\/comerciallin.com\/index.php\/producto\/microfono-condensador-c-sonido-bm800v8\/","title":{"rendered":"MICROFONO CONDENSADOR C\/SONIDO BM800+V8"},"content":{"rendered":"","protected":false},"excerpt":{"rendered":"","protected":false},"featured_media":26196,"comment_status":"open","ping_status":"closed","template":"","meta":{"spay_email":""},"product_cat":[775],"product_tag":[],"supplier_id":null,"supplier_sku":"","barcode":null,"atum_controlled":true,"out_stock_date":null,"out_stock_threshold":null,"inheritable":false,"inbound_stock":null,"stock_on_hold":0,"sold_today":0,"sales_last_days":0,"reserved_stock":null,"customer_returns":null,"warehouse_damage":null,"lost_in_post":null,"other_logs":null,"out_stock_days":0,"lost_sales":0,"has_location":null,"update_date":"2026-05-03T00:12:47","atum_locations":[],"atum_stock_status":"instock","restock_status":false,"low_stock_amount":"","sales_update_date":"2026-05-03T00:12:47","calc_backorders":null,"acf":[],"yoast_head":"<!-- This site is optimized with the Yoast SEO Premium plugin v17.4 (Yoast SEO v17.4) - https:\/\/yoast.com\/wordpress\/plugins\/seo\/ -->\n<title>MICROFONO CONDENSADOR C\/SONIDO BM800+V8 - tienda de electr\u00f3nica y computaci\u00f3n<\/title>\n<meta name=\"robots\" content=\"index, follow, max-snippet:-1, max-image-preview:large, max-video-preview:-1\" \/>\n<link rel=\"canonical\" href=\"https:\/\/comerciallin.com\/index.php\/producto\/microfono-condensador-c-sonido-bm800v8\/\" \/>\n<meta property=\"og:locale\" content=\"es_ES\" \/>\n<meta property=\"og:type\" content=\"article\" \/>\n<meta property=\"og:title\" content=\"MICROFONO CONDENSADOR C\/SONIDO BM800+V8\" \/>\n<meta property=\"og:url\" content=\"https:\/\/comerciallin.com\/index.php\/producto\/microfono-condensador-c-sonido-bm800v8\/\" \/>\n<meta property=\"og:site_name\" content=\"tienda de electr\u00f3nica y computaci\u00f3n\" \/>\n<meta property=\"article:modified_time\" content=\"2025-12-26T16:46:32+00:00\" \/>\n<meta property=\"og:image\" content=\"https:\/\/comerciallin.com\/wp-content\/uploads\/2024\/04\/675100100903.jpg\" \/>\n\t<meta property=\"og:image:width\" content=\"1080\" \/>\n\t<meta property=\"og:image:height\" content=\"1080\" \/>\n<meta name=\"twitter:card\" content=\"summary_large_image\" \/>\n<meta name=\"twitter:label1\" content=\"Precio\" \/>\n\t<meta name=\"twitter:data1\" content=\"&#36;36,80\" \/>\n\t<meta name=\"twitter:label2\" content=\"Availability\" \/>\n\t<meta name=\"twitter:data2\" content=\"In stock\" \/>\n<script type=\"application\/ld+json\" class=\"yoast-schema-graph\">{\"@context\":\"https:\/\/schema.org\",\"@graph\":[{\"@type\":\"WebSite\",\"@id\":\"https:\/\/comerciallin.com\/#website\",\"url\":\"https:\/\/comerciallin.com\/\",\"name\":\"tienda de electr\\u00f3nica y computaci\\u00f3n\",\"description\":\"Importadora de Electr\\u00f3nica y Computaci\\u00f3n\",\"potentialAction\":[{\"@type\":\"SearchAction\",\"target\":{\"@type\":\"EntryPoint\",\"urlTemplate\":\"https:\/\/comerciallin.com\/?s={search_term_string}\"},\"query-input\":\"required name=search_term_string\"}],\"inLanguage\":\"es\"},{\"@type\":\"ImageObject\",\"@id\":\"https:\/\/comerciallin.com\/index.php\/producto\/microfono-condensador-c-sonido-bm800v8\/#primaryimage\",\"inLanguage\":\"es\",\"url\":\"https:\/\/i0.wp.com\/comerciallin.com\/wp-content\/uploads\/2024\/04\/580010110502-2.jpg?fit=1080%2C1080&ssl=1\",\"contentUrl\":\"https:\/\/i0.wp.com\/comerciallin.com\/wp-content\/uploads\/2024\/04\/580010110502-2.jpg?fit=1080%2C1080&ssl=1\",\"width\":1080,\"height\":1080,\"caption\":\"MICROFONO CONDENSADOR C\/SONIDO BM800+V8\"},{\"@type\":\"WebPage\",\"@id\":\"https:\/\/comerciallin.com\/index.php\/producto\/microfono-condensador-c-sonido-bm800v8\/#webpage\",\"url\":\"https:\/\/comerciallin.com\/index.php\/producto\/microfono-condensador-c-sonido-bm800v8\/\",\"name\":\"MICROFONO CONDENSADOR C\/SONIDO BM800+V8 - tienda de electr\\u00f3nica y computaci\\u00f3n\",\"isPartOf\":{\"@id\":\"https:\/\/comerciallin.com\/#website\"},\"primaryImageOfPage\":{\"@id\":\"https:\/\/comerciallin.com\/index.php\/producto\/microfono-condensador-c-sonido-bm800v8\/#primaryimage\"},\"datePublished\":\"2024-04-17T14:39:40+00:00\",\"dateModified\":\"2025-12-26T16:46:32+00:00\",\"breadcrumb\":{\"@id\":\"https:\/\/comerciallin.com\/index.php\/producto\/microfono-condensador-c-sonido-bm800v8\/#breadcrumb\"},\"inLanguage\":\"es\",\"potentialAction\":[{\"@type\":\"ReadAction\",\"target\":[\"https:\/\/comerciallin.com\/index.php\/producto\/microfono-condensador-c-sonido-bm800v8\/\"]}]},{\"@type\":\"BreadcrumbList\",\"@id\":\"https:\/\/comerciallin.com\/index.php\/producto\/microfono-condensador-c-sonido-bm800v8\/#breadcrumb\",\"itemListElement\":[{\"@type\":\"ListItem\",\"position\":1,\"name\":\"Inicio\",\"item\":\"https:\/\/comerciallin.com\/\"},{\"@type\":\"ListItem\",\"position\":2,\"name\":\"Shop\",\"item\":\"https:\/\/comerciallin.com\/?page_id=3853\"},{\"@type\":\"ListItem\",\"position\":3,\"name\":\"MICROFONO CONDENSADOR C\/SONIDO BM800+V8\"}]}]}<\/script>\n<meta property=\"product:price:amount\" content=\"36.80\" \/>\n<meta property=\"product:price:currency\" content=\"USD\" \/>\n<meta property=\"og:availability\" content=\"instock\" \/>\n<meta property=\"product:availability\" content=\"instock\" \/>\n<meta property=\"product:retailer_item_id\" content=\"580010110502\" \/>\n<meta property=\"product:condition\" content=\"new\" \/>\n<!-- \/ Yoast SEO Premium plugin. -->","yoast_head_json":{"title":"MICROFONO CONDENSADOR C\/SONIDO BM800+V8 - tienda de electr\u00f3nica y computaci\u00f3n","robots":{"index":"index","follow":"follow","max-snippet":"max-snippet:-1","max-image-preview":"max-image-preview:large","max-video-preview":"max-video-preview:-1"},"canonical":"https:\/\/comerciallin.com\/index.php\/producto\/microfono-condensador-c-sonido-bm800v8\/","og_locale":"es_ES","og_type":"article","og_title":"MICROFONO CONDENSADOR C\/SONIDO BM800+V8","og_url":"https:\/\/comerciallin.com\/index.php\/producto\/microfono-condensador-c-sonido-bm800v8\/","og_site_name":"tienda de electr\u00f3nica y computaci\u00f3n","article_modified_time":"2025-12-26T16:46:32+00:00","og_image":[{"width":1080,"height":1080,"url":"https:\/\/comerciallin.com\/wp-content\/uploads\/2024\/04\/675100100903.jpg","type":"image\/jpeg"}],"twitter_card":"summary_large_image","twitter_misc":{"Precio":"&#36;36,80","Availability":"In stock"},"schema":{"@context":"https:\/\/schema.org","@graph":[{"@type":"WebSite","@id":"https:\/\/comerciallin.com\/#website","url":"https:\/\/comerciallin.com\/","name":"tienda de electr\u00f3nica y computaci\u00f3n","description":"Importadora de Electr\u00f3nica y Computaci\u00f3n","potentialAction":[{"@type":"SearchAction","target":{"@type":"EntryPoint","urlTemplate":"https:\/\/comerciallin.com\/?s={search_term_string}"},"query-input":"required name=search_term_string"}],"inLanguage":"es"},{"@type":"ImageObject","@id":"https:\/\/comerciallin.com\/index.php\/producto\/microfono-condensador-c-sonido-bm800v8\/#primaryimage","inLanguage":"es","url":"https:\/\/i0.wp.com\/comerciallin.com\/wp-content\/uploads\/2024\/04\/580010110502-2.jpg?fit=1080%2C1080&ssl=1","contentUrl":"https:\/\/i0.wp.com\/comerciallin.com\/wp-content\/uploads\/2024\/04\/580010110502-2.jpg?fit=1080%2C1080&ssl=1","width":1080,"height":1080,"caption":"MICROFONO CONDENSADOR C\/SONIDO BM800+V8"},{"@type":"WebPage","@id":"https:\/\/comerciallin.com\/index.php\/producto\/microfono-condensador-c-sonido-bm800v8\/#webpage","url":"https:\/\/comerciallin.com\/index.php\/producto\/microfono-condensador-c-sonido-bm800v8\/","name":"MICROFONO CONDENSADOR C\/SONIDO BM800+V8 - tienda de electr\u00f3nica y computaci\u00f3n","isPartOf":{"@id":"https:\/\/comerciallin.com\/#website"},"primaryImageOfPage":{"@id":"https:\/\/comerciallin.com\/index.php\/producto\/microfono-condensador-c-sonido-bm800v8\/#primaryimage"},"datePublished":"2024-04-17T14:39:40+00:00","dateModified":"2025-12-26T16:46:32+00:00","breadcrumb":{"@id":"https:\/\/comerciallin.com\/index.php\/producto\/microfono-condensador-c-sonido-bm800v8\/#breadcrumb"},"inLanguage":"es","potentialAction":[{"@type":"ReadAction","target":["https:\/\/comerciallin.com\/index.php\/producto\/microfono-condensador-c-sonido-bm800v8\/"]}]},{"@type":"BreadcrumbList","@id":"https:\/\/comerciallin.com\/index.php\/producto\/microfono-condensador-c-sonido-bm800v8\/#breadcrumb","itemListElement":[{"@type":"ListItem","position":1,"name":"Inicio","item":"https:\/\/comerciallin.com\/"},{"@type":"ListItem","position":2,"name":"Shop","item":"https:\/\/comerciallin.com\/?page_id=3853"},{"@type":"ListItem","position":3,"name":"MICROFONO CONDENSADOR C\/SONIDO BM800+V8"}]}]},"product_price_amount":"36.80","product_price_currency":"USD","og_availability":"instock","product_availability":"instock","product_retailer_item_id":"580010110502","product_condition":"new"},"jetpack-related-posts":[{"id":19711,"url":"https:\/\/comerciallin.com\/index.php\/producto\/microfono-corbata-usb-jh-044\/","url_meta":{"origin":26192,"position":0},"title":"MICROFONO CORBATA USB JH-044","date":"8 de noviembre de 2022","format":false,"excerpt":"Micr\u00f3fono con cable USB Lavailer JH-044","rel":"","context":"Entrada similar","img":{"alt_text":"","src":"","width":0,"height":0},"classes":[]},{"id":19718,"url":"https:\/\/comerciallin.com\/index.php\/producto\/microfono-corbata-fina-plug-trrs-cell\/","url_meta":{"origin":26192,"position":1},"title":"MICROFONO CORBATA FINA PLUG TRRS CELL","date":"8 de noviembre de 2022","format":false,"excerpt":"Micr\u00f3fono con cable USB Lavailer JH-044","rel":"","context":"Entrada similar","img":{"alt_text":"","src":"","width":0,"height":0},"classes":[]},{"id":26203,"url":"https:\/\/comerciallin.com\/index.php\/producto\/condensador-microfono-bm-800\/","url_meta":{"origin":26192,"position":2},"title":"CONDENSADOR MICROFONO BM-800","date":"30 de mayo de 2024","format":false,"excerpt":"","rel":"","context":"Entrada similar","img":{"alt_text":"","src":"","width":0,"height":0},"classes":[]},{"id":23712,"url":"https:\/\/comerciallin.com\/index.php\/producto\/condensador-microfono-3-5mm-sf-666\/","url_meta":{"origin":26192,"position":3},"title":"CONDENSADOR MICROFONO 3.5MM SF-666","date":"3 de mayo de 2023","format":false,"excerpt":"","rel":"","context":"Entrada similar","img":{"alt_text":"","src":"","width":0,"height":0},"classes":[]},{"id":19705,"url":"https:\/\/comerciallin.com\/index.php\/producto\/microfono-usb-c-base-usb-4\/","url_meta":{"origin":26192,"position":4},"title":"MICROFONO USB C\/BASE USB-4","date":"8 de noviembre de 2022","format":false,"excerpt":"Micr\u00f3fono de escritorio USB Plug & Play PC Micr\u00f3fono de computadora para juegos de computadora Grabaci\u00f3n Charla Canto Reuni\u00f3n","rel":"","context":"Entrada similar","img":{"alt_text":"","src":"","width":0,"height":0},"classes":[]},{"id":23776,"url":"https:\/\/comerciallin.com\/index.php\/producto\/microfono-bub-ma-p68-cellphone-c-adap\/","url_meta":{"origin":26192,"position":5},"title":"MICROFONO BUB MA-P68 CELLPHONE C\/ADAP","date":"3 de mayo de 2023","format":false,"excerpt":"","rel":"","context":"Entrada similar","img":{"alt_text":"","src":"","width":0,"height":0},"classes":[]}],"jetpack_sharing_enabled":true,"jetpack_likes_enabled":true,"_links":{"self":[{"href":"https:\/\/comerciallin.com\/index.php\/wp-json\/wp\/v2\/product\/26192"}],"collection":[{"href":"https:\/\/comerciallin.com\/index.php\/wp-json\/wp\/v2\/product"}],"about":[{"href":"https:\/\/comerciallin.com\/index.php\/wp-json\/wp\/v2\/types\/product"}],"replies":[{"embeddable":true,"href":"https:\/\/comerciallin.com\/index.php\/wp-json\/wp\/v2\/comments?post=26192"}],"wp:featuredmedia":[{"embeddable":true,"href":"https:\/\/comerciallin.com\/index.php\/wp-json\/wp\/v2\/media\/26196"}],"wp:attachment":[{"href":"https:\/\/comerciallin.com\/index.php\/wp-json\/wp\/v2\/media?parent=26192"}],"wp:term":[{"taxonomy":"product_cat","embeddable":true,"href":"https:\/\/comerciallin.com\/index.php\/wp-json\/wp\/v2\/product_cat?post=26192"},{"taxonomy":"product_tag","embeddable":true,"href":"https:\/\/comerciallin.com\/index.php\/wp-json\/wp\/v2\/product_tag?post=26192"}],"curies":[{"name":"wp","href":"https:\/\/api.w.org\/{rel}","templated":true}]}}