{"id":26159,"date":"2024-01-29T14:33:49","date_gmt":"2024-01-29T19:33:49","guid":{"rendered":"https:\/\/comerciallin.com\/index.php\/producto\/tambor-14x5-5-acero-inoxidable\/"},"modified":"2025-12-26T11:45:08","modified_gmt":"2025-12-26T16:45:08","slug":"tambor-14x5-5-acero-inoxidable","status":"publish","type":"product","link":"https:\/\/comerciallin.com\/index.php\/producto\/tambor-14x5-5-acero-inoxidable\/","title":{"rendered":"TAMBOR 14&#8243;X5.5&#8243; ACERO INOXIDABLE"},"content":{"rendered":"","protected":false},"excerpt":{"rendered":"","protected":false},"featured_media":26160,"comment_status":"open","ping_status":"closed","template":"","meta":{"spay_email":""},"product_cat":[768],"product_tag":[],"supplier_id":null,"supplier_sku":"","barcode":null,"atum_controlled":true,"out_stock_date":null,"out_stock_threshold":null,"inheritable":false,"inbound_stock":null,"stock_on_hold":0,"sold_today":0,"sales_last_days":0,"reserved_stock":null,"customer_returns":null,"warehouse_damage":null,"lost_in_post":null,"other_logs":null,"out_stock_days":0,"lost_sales":0,"has_location":null,"update_date":"2026-05-01T00:12:27","atum_locations":[],"atum_stock_status":"instock","restock_status":false,"low_stock_amount":"","sales_update_date":"2026-05-01T00:12:27","calc_backorders":null,"acf":[],"yoast_head":"<!-- This site is optimized with the Yoast SEO Premium plugin v17.4 (Yoast SEO v17.4) - https:\/\/yoast.com\/wordpress\/plugins\/seo\/ -->\n<title>TAMBOR 14&quot;X5.5&quot; ACERO INOXIDABLE - tienda de electr\u00f3nica y computaci\u00f3n<\/title>\n<meta name=\"robots\" content=\"index, follow, max-snippet:-1, max-image-preview:large, max-video-preview:-1\" \/>\n<link rel=\"canonical\" href=\"https:\/\/comerciallin.com\/index.php\/producto\/tambor-14x5-5-acero-inoxidable\/\" \/>\n<meta property=\"og:locale\" content=\"es_ES\" \/>\n<meta property=\"og:type\" content=\"article\" \/>\n<meta property=\"og:title\" content=\"TAMBOR 14&quot;X5.5&quot; ACERO INOXIDABLE\" \/>\n<meta property=\"og:url\" content=\"https:\/\/comerciallin.com\/index.php\/producto\/tambor-14x5-5-acero-inoxidable\/\" \/>\n<meta property=\"og:site_name\" content=\"tienda de electr\u00f3nica y computaci\u00f3n\" \/>\n<meta property=\"article:modified_time\" content=\"2025-12-26T16:45:08+00:00\" \/>\n<meta property=\"og:image\" content=\"https:\/\/comerciallin.com\/wp-content\/uploads\/2024\/01\/448001010106-3.jpg\" \/>\n\t<meta property=\"og:image:width\" content=\"1080\" \/>\n\t<meta property=\"og:image:height\" content=\"1080\" \/>\n<meta name=\"twitter:card\" content=\"summary_large_image\" \/>\n<meta name=\"twitter:label1\" content=\"Precio\" \/>\n\t<meta name=\"twitter:data1\" content=\"&#36;58,65\" \/>\n\t<meta name=\"twitter:label2\" content=\"Availability\" \/>\n\t<meta name=\"twitter:data2\" content=\"In stock\" \/>\n<script type=\"application\/ld+json\" class=\"yoast-schema-graph\">{\"@context\":\"https:\/\/schema.org\",\"@graph\":[{\"@type\":\"WebSite\",\"@id\":\"https:\/\/comerciallin.com\/#website\",\"url\":\"https:\/\/comerciallin.com\/\",\"name\":\"tienda de electr\\u00f3nica y computaci\\u00f3n\",\"description\":\"Importadora de Electr\\u00f3nica y Computaci\\u00f3n\",\"potentialAction\":[{\"@type\":\"SearchAction\",\"target\":{\"@type\":\"EntryPoint\",\"urlTemplate\":\"https:\/\/comerciallin.com\/?s={search_term_string}\"},\"query-input\":\"required name=search_term_string\"}],\"inLanguage\":\"es\"},{\"@type\":\"ImageObject\",\"@id\":\"https:\/\/comerciallin.com\/index.php\/producto\/tambor-14x5-5-acero-inoxidable\/#primaryimage\",\"inLanguage\":\"es\",\"url\":\"https:\/\/i0.wp.com\/comerciallin.com\/wp-content\/uploads\/2024\/01\/448001010106-3.jpg?fit=1080%2C1080&ssl=1\",\"contentUrl\":\"https:\/\/i0.wp.com\/comerciallin.com\/wp-content\/uploads\/2024\/01\/448001010106-3.jpg?fit=1080%2C1080&ssl=1\",\"width\":1080,\"height\":1080,\"caption\":\"TAMBOR 14\\\"X5.5\\\" ACERO INOXIDABLE\"},{\"@type\":\"WebPage\",\"@id\":\"https:\/\/comerciallin.com\/index.php\/producto\/tambor-14x5-5-acero-inoxidable\/#webpage\",\"url\":\"https:\/\/comerciallin.com\/index.php\/producto\/tambor-14x5-5-acero-inoxidable\/\",\"name\":\"TAMBOR 14\\\"X5.5\\\" ACERO INOXIDABLE - tienda de electr\\u00f3nica y computaci\\u00f3n\",\"isPartOf\":{\"@id\":\"https:\/\/comerciallin.com\/#website\"},\"primaryImageOfPage\":{\"@id\":\"https:\/\/comerciallin.com\/index.php\/producto\/tambor-14x5-5-acero-inoxidable\/#primaryimage\"},\"datePublished\":\"2024-01-29T19:33:49+00:00\",\"dateModified\":\"2025-12-26T16:45:08+00:00\",\"breadcrumb\":{\"@id\":\"https:\/\/comerciallin.com\/index.php\/producto\/tambor-14x5-5-acero-inoxidable\/#breadcrumb\"},\"inLanguage\":\"es\",\"potentialAction\":[{\"@type\":\"ReadAction\",\"target\":[\"https:\/\/comerciallin.com\/index.php\/producto\/tambor-14x5-5-acero-inoxidable\/\"]}]},{\"@type\":\"BreadcrumbList\",\"@id\":\"https:\/\/comerciallin.com\/index.php\/producto\/tambor-14x5-5-acero-inoxidable\/#breadcrumb\",\"itemListElement\":[{\"@type\":\"ListItem\",\"position\":1,\"name\":\"Inicio\",\"item\":\"https:\/\/comerciallin.com\/\"},{\"@type\":\"ListItem\",\"position\":2,\"name\":\"Shop\",\"item\":\"https:\/\/comerciallin.com\/?page_id=3853\"},{\"@type\":\"ListItem\",\"position\":3,\"name\":\"#N\/D\"}]}]}<\/script>\n<meta property=\"product:price:amount\" content=\"58.65\" \/>\n<meta property=\"product:price:currency\" content=\"USD\" \/>\n<meta property=\"og:availability\" content=\"instock\" \/>\n<meta property=\"product:availability\" content=\"instock\" \/>\n<meta property=\"product:retailer_item_id\" content=\"448001010106\" \/>\n<meta property=\"product:condition\" content=\"new\" \/>\n<!-- \/ Yoast SEO Premium plugin. -->","yoast_head_json":{"title":"TAMBOR 14\"X5.5\" ACERO INOXIDABLE - tienda de electr\u00f3nica y computaci\u00f3n","robots":{"index":"index","follow":"follow","max-snippet":"max-snippet:-1","max-image-preview":"max-image-preview:large","max-video-preview":"max-video-preview:-1"},"canonical":"https:\/\/comerciallin.com\/index.php\/producto\/tambor-14x5-5-acero-inoxidable\/","og_locale":"es_ES","og_type":"article","og_title":"TAMBOR 14\"X5.5\" ACERO INOXIDABLE","og_url":"https:\/\/comerciallin.com\/index.php\/producto\/tambor-14x5-5-acero-inoxidable\/","og_site_name":"tienda de electr\u00f3nica y computaci\u00f3n","article_modified_time":"2025-12-26T16:45:08+00:00","og_image":[{"width":1080,"height":1080,"url":"https:\/\/comerciallin.com\/wp-content\/uploads\/2024\/01\/448001010106-3.jpg","type":"image\/jpeg"}],"twitter_card":"summary_large_image","twitter_misc":{"Precio":"&#36;58,65","Availability":"In stock"},"schema":{"@context":"https:\/\/schema.org","@graph":[{"@type":"WebSite","@id":"https:\/\/comerciallin.com\/#website","url":"https:\/\/comerciallin.com\/","name":"tienda de electr\u00f3nica y computaci\u00f3n","description":"Importadora de Electr\u00f3nica y Computaci\u00f3n","potentialAction":[{"@type":"SearchAction","target":{"@type":"EntryPoint","urlTemplate":"https:\/\/comerciallin.com\/?s={search_term_string}"},"query-input":"required name=search_term_string"}],"inLanguage":"es"},{"@type":"ImageObject","@id":"https:\/\/comerciallin.com\/index.php\/producto\/tambor-14x5-5-acero-inoxidable\/#primaryimage","inLanguage":"es","url":"https:\/\/i0.wp.com\/comerciallin.com\/wp-content\/uploads\/2024\/01\/448001010106-3.jpg?fit=1080%2C1080&ssl=1","contentUrl":"https:\/\/i0.wp.com\/comerciallin.com\/wp-content\/uploads\/2024\/01\/448001010106-3.jpg?fit=1080%2C1080&ssl=1","width":1080,"height":1080,"caption":"TAMBOR 14\"X5.5\" ACERO INOXIDABLE"},{"@type":"WebPage","@id":"https:\/\/comerciallin.com\/index.php\/producto\/tambor-14x5-5-acero-inoxidable\/#webpage","url":"https:\/\/comerciallin.com\/index.php\/producto\/tambor-14x5-5-acero-inoxidable\/","name":"TAMBOR 14\"X5.5\" ACERO INOXIDABLE - tienda de electr\u00f3nica y computaci\u00f3n","isPartOf":{"@id":"https:\/\/comerciallin.com\/#website"},"primaryImageOfPage":{"@id":"https:\/\/comerciallin.com\/index.php\/producto\/tambor-14x5-5-acero-inoxidable\/#primaryimage"},"datePublished":"2024-01-29T19:33:49+00:00","dateModified":"2025-12-26T16:45:08+00:00","breadcrumb":{"@id":"https:\/\/comerciallin.com\/index.php\/producto\/tambor-14x5-5-acero-inoxidable\/#breadcrumb"},"inLanguage":"es","potentialAction":[{"@type":"ReadAction","target":["https:\/\/comerciallin.com\/index.php\/producto\/tambor-14x5-5-acero-inoxidable\/"]}]},{"@type":"BreadcrumbList","@id":"https:\/\/comerciallin.com\/index.php\/producto\/tambor-14x5-5-acero-inoxidable\/#breadcrumb","itemListElement":[{"@type":"ListItem","position":1,"name":"Inicio","item":"https:\/\/comerciallin.com\/"},{"@type":"ListItem","position":2,"name":"Shop","item":"https:\/\/comerciallin.com\/?page_id=3853"},{"@type":"ListItem","position":3,"name":"#N\/D"}]}]},"product_price_amount":"58.65","product_price_currency":"USD","og_availability":"instock","product_availability":"instock","product_retailer_item_id":"448001010106","product_condition":"new"},"jetpack-related-posts":[{"id":22845,"url":"https:\/\/comerciallin.com\/index.php\/producto\/mazo-para-bombo-acero-inoxidable\/","url_meta":{"origin":26159,"position":0},"title":"MAZO PARA BOMBO (ACERO INOXIDABLE)","date":"24 de abril de 2023","format":false,"excerpt":"","rel":"","context":"Entrada similar","img":{"alt_text":"","src":"","width":0,"height":0},"classes":[]},{"id":22835,"url":"https:\/\/comerciallin.com\/index.php\/producto\/tambor-13x5-5\/","url_meta":{"origin":26159,"position":1},"title":"TAMBOR 13&#8243;X5.5&#8243;","date":"24 de abril de 2023","format":false,"excerpt":"","rel":"","context":"Entrada similar","img":{"alt_text":"","src":"","width":0,"height":0},"classes":[]},{"id":26167,"url":"https:\/\/comerciallin.com\/index.php\/producto\/aro-para-tambor-14-1-5\/","url_meta":{"origin":26159,"position":2},"title":"ARO PARA TAMBOR 14&#8243; 1.5 SUPERIOR","date":"29 de enero de 2024","format":false,"excerpt":"","rel":"","context":"Entrada similar","img":{"alt_text":"ARO PARA TAMBOR 14\" 1.5","src":"https:\/\/i0.wp.com\/comerciallin.com\/wp-content\/uploads\/2024\/01\/448001010109-1.jpg?fit=1080%2C1080&ssl=1&resize=350%2C200","width":350,"height":200},"classes":[]},{"id":26169,"url":"https:\/\/comerciallin.com\/index.php\/producto\/aro-para-tambor-14-1-2\/","url_meta":{"origin":26159,"position":3},"title":"ARO PARA TAMBOR 14&#8243; 1.2 SUPERIOR","date":"29 de enero de 2024","format":false,"excerpt":"","rel":"","context":"Entrada similar","img":{"alt_text":"ARO PARA TAMBOR 14\" 1.2","src":"https:\/\/i0.wp.com\/comerciallin.com\/wp-content\/uploads\/2024\/01\/448001010110-1.jpg?fit=1080%2C1080&ssl=1&resize=350%2C200","width":350,"height":200},"classes":[]},{"id":26163,"url":"https:\/\/comerciallin.com\/index.php\/producto\/parche-p-tambor-14-transp\/","url_meta":{"origin":26159,"position":4},"title":"PARCHE P. TAMBOR 14&#8243; TRANSP","date":"29 de enero de 2024","format":false,"excerpt":"","rel":"","context":"Entrada similar","img":{"alt_text":"PARCHE P. TAMBOR 14\" TRANSP","src":"https:\/\/i0.wp.com\/comerciallin.com\/wp-content\/uploads\/2024\/01\/448001010107-1.jpg?fit=1080%2C1080&ssl=1&resize=350%2C200","width":350,"height":200},"classes":[]},{"id":26155,"url":"https:\/\/comerciallin.com\/index.php\/producto\/tambor-14x10-azul\/","url_meta":{"origin":26159,"position":5},"title":"TAMBOR 14&#8243;X10&#8243; AZUL","date":"29 de enero de 2024","format":false,"excerpt":"","rel":"","context":"Entrada similar","img":{"alt_text":"TAMBOR 14\"X10\" AZUL","src":"https:\/\/i0.wp.com\/comerciallin.com\/wp-content\/uploads\/2024\/01\/448001010105-3.jpg?fit=1080%2C1080&ssl=1&resize=350%2C200","width":350,"height":200},"classes":[]}],"jetpack_sharing_enabled":true,"jetpack_likes_enabled":true,"_links":{"self":[{"href":"https:\/\/comerciallin.com\/index.php\/wp-json\/wp\/v2\/product\/26159"}],"collection":[{"href":"https:\/\/comerciallin.com\/index.php\/wp-json\/wp\/v2\/product"}],"about":[{"href":"https:\/\/comerciallin.com\/index.php\/wp-json\/wp\/v2\/types\/product"}],"replies":[{"embeddable":true,"href":"https:\/\/comerciallin.com\/index.php\/wp-json\/wp\/v2\/comments?post=26159"}],"wp:featuredmedia":[{"embeddable":true,"href":"https:\/\/comerciallin.com\/index.php\/wp-json\/wp\/v2\/media\/26160"}],"wp:attachment":[{"href":"https:\/\/comerciallin.com\/index.php\/wp-json\/wp\/v2\/media?parent=26159"}],"wp:term":[{"taxonomy":"product_cat","embeddable":true,"href":"https:\/\/comerciallin.com\/index.php\/wp-json\/wp\/v2\/product_cat?post=26159"},{"taxonomy":"product_tag","embeddable":true,"href":"https:\/\/comerciallin.com\/index.php\/wp-json\/wp\/v2\/product_tag?post=26159"}],"curies":[{"name":"wp","href":"https:\/\/api.w.org\/{rel}","templated":true}]}}