{"id":26126,"date":"2024-01-29T13:51:59","date_gmt":"2024-01-29T18:51:59","guid":{"rendered":""},"modified":"2025-12-26T11:45:25","modified_gmt":"2025-12-26T16:45:25","slug":"piano-multifuncion-xin-yun-54k-xy-268","status":"publish","type":"product","link":"https:\/\/comerciallin.com\/index.php\/producto\/piano-multifuncion-xin-yun-54k-xy-268\/","title":{"rendered":"PIANO MULTIFUNCION XIN YUN 54K XY-268"},"content":{"rendered":"","protected":false},"excerpt":{"rendered":"","protected":false},"featured_media":26127,"comment_status":"open","ping_status":"closed","template":"","meta":{"spay_email":""},"product_cat":[877],"product_tag":[],"supplier_id":null,"supplier_sku":"","barcode":null,"atum_controlled":true,"out_stock_date":null,"out_stock_threshold":null,"inheritable":false,"inbound_stock":null,"stock_on_hold":0,"sold_today":0,"sales_last_days":0,"reserved_stock":null,"customer_returns":null,"warehouse_damage":null,"lost_in_post":null,"other_logs":null,"out_stock_days":0,"lost_sales":0,"has_location":null,"update_date":"2026-04-27T00:09:50","atum_locations":[],"atum_stock_status":"instock","restock_status":false,"low_stock_amount":"","sales_update_date":"2026-04-27T00:09:50","calc_backorders":null,"acf":[],"yoast_head":"<!-- This site is optimized with the Yoast SEO Premium plugin v17.4 (Yoast SEO v17.4) - https:\/\/yoast.com\/wordpress\/plugins\/seo\/ -->\n<title>PIANO MULTIFUNCION XIN YUN 54K XY-268 - tienda de electr\u00f3nica y computaci\u00f3n<\/title>\n<meta name=\"robots\" content=\"index, follow, max-snippet:-1, max-image-preview:large, max-video-preview:-1\" \/>\n<link rel=\"canonical\" href=\"https:\/\/comerciallin.com\/index.php\/producto\/piano-multifuncion-xin-yun-54k-xy-268\/\" \/>\n<meta property=\"og:locale\" content=\"es_ES\" \/>\n<meta property=\"og:type\" content=\"article\" \/>\n<meta property=\"og:title\" content=\"PIANO MULTIFUNCION XIN YUN 54K XY-268\" \/>\n<meta property=\"og:url\" content=\"https:\/\/comerciallin.com\/index.php\/producto\/piano-multifuncion-xin-yun-54k-xy-268\/\" \/>\n<meta property=\"og:site_name\" content=\"tienda de electr\u00f3nica y computaci\u00f3n\" \/>\n<meta property=\"article:modified_time\" content=\"2025-12-26T16:45:25+00:00\" \/>\n<meta property=\"og:image\" content=\"https:\/\/comerciallin.com\/wp-content\/uploads\/2024\/01\/429201010101-2.jpg\" \/>\n\t<meta property=\"og:image:width\" content=\"1080\" \/>\n\t<meta property=\"og:image:height\" content=\"1080\" \/>\n<meta name=\"twitter:card\" content=\"summary_large_image\" \/>\n<meta name=\"twitter:label1\" content=\"Precio\" \/>\n\t<meta name=\"twitter:data1\" content=\"&#36;88,55\" \/>\n\t<meta name=\"twitter:label2\" content=\"Availability\" \/>\n\t<meta name=\"twitter:data2\" content=\"In stock\" \/>\n<script type=\"application\/ld+json\" class=\"yoast-schema-graph\">{\"@context\":\"https:\/\/schema.org\",\"@graph\":[{\"@type\":\"WebSite\",\"@id\":\"https:\/\/comerciallin.com\/#website\",\"url\":\"https:\/\/comerciallin.com\/\",\"name\":\"tienda de electr\\u00f3nica y computaci\\u00f3n\",\"description\":\"Importadora de Electr\\u00f3nica y Computaci\\u00f3n\",\"potentialAction\":[{\"@type\":\"SearchAction\",\"target\":{\"@type\":\"EntryPoint\",\"urlTemplate\":\"https:\/\/comerciallin.com\/?s={search_term_string}\"},\"query-input\":\"required name=search_term_string\"}],\"inLanguage\":\"es\"},{\"@type\":\"ImageObject\",\"@id\":\"https:\/\/comerciallin.com\/index.php\/producto\/piano-multifuncion-xin-yun-54k-xy-268\/#primaryimage\",\"inLanguage\":\"es\",\"url\":\"https:\/\/i0.wp.com\/comerciallin.com\/wp-content\/uploads\/2024\/01\/429201010101-2.jpg?fit=1080%2C1080&ssl=1\",\"contentUrl\":\"https:\/\/i0.wp.com\/comerciallin.com\/wp-content\/uploads\/2024\/01\/429201010101-2.jpg?fit=1080%2C1080&ssl=1\",\"width\":1080,\"height\":1080,\"caption\":\"PIANO MULTIFUNCION XIN YUN 54K XY-268\"},{\"@type\":\"WebPage\",\"@id\":\"https:\/\/comerciallin.com\/index.php\/producto\/piano-multifuncion-xin-yun-54k-xy-268\/#webpage\",\"url\":\"https:\/\/comerciallin.com\/index.php\/producto\/piano-multifuncion-xin-yun-54k-xy-268\/\",\"name\":\"PIANO MULTIFUNCION XIN YUN 54K XY-268 - tienda de electr\\u00f3nica y computaci\\u00f3n\",\"isPartOf\":{\"@id\":\"https:\/\/comerciallin.com\/#website\"},\"primaryImageOfPage\":{\"@id\":\"https:\/\/comerciallin.com\/index.php\/producto\/piano-multifuncion-xin-yun-54k-xy-268\/#primaryimage\"},\"datePublished\":\"2024-01-29T18:51:59+00:00\",\"dateModified\":\"2025-12-26T16:45:25+00:00\",\"breadcrumb\":{\"@id\":\"https:\/\/comerciallin.com\/index.php\/producto\/piano-multifuncion-xin-yun-54k-xy-268\/#breadcrumb\"},\"inLanguage\":\"es\",\"potentialAction\":[{\"@type\":\"ReadAction\",\"target\":[\"https:\/\/comerciallin.com\/index.php\/producto\/piano-multifuncion-xin-yun-54k-xy-268\/\"]}]},{\"@type\":\"BreadcrumbList\",\"@id\":\"https:\/\/comerciallin.com\/index.php\/producto\/piano-multifuncion-xin-yun-54k-xy-268\/#breadcrumb\",\"itemListElement\":[{\"@type\":\"ListItem\",\"position\":1,\"name\":\"Inicio\",\"item\":\"https:\/\/comerciallin.com\/\"},{\"@type\":\"ListItem\",\"position\":2,\"name\":\"Shop\",\"item\":\"https:\/\/comerciallin.com\/?page_id=3853\"},{\"@type\":\"ListItem\",\"position\":3,\"name\":\"PIANO MULTIFUNCION XIN YUN 54K XY-268\"}]}]}<\/script>\n<meta property=\"product:price:amount\" content=\"88.55\" \/>\n<meta property=\"product:price:currency\" content=\"USD\" \/>\n<meta property=\"og:availability\" content=\"instock\" \/>\n<meta property=\"product:availability\" content=\"instock\" \/>\n<meta property=\"product:retailer_item_id\" content=\"429201010101\" \/>\n<meta property=\"product:condition\" content=\"new\" \/>\n<!-- \/ Yoast SEO Premium plugin. -->","yoast_head_json":{"title":"PIANO MULTIFUNCION XIN YUN 54K XY-268 - tienda de electr\u00f3nica y computaci\u00f3n","robots":{"index":"index","follow":"follow","max-snippet":"max-snippet:-1","max-image-preview":"max-image-preview:large","max-video-preview":"max-video-preview:-1"},"canonical":"https:\/\/comerciallin.com\/index.php\/producto\/piano-multifuncion-xin-yun-54k-xy-268\/","og_locale":"es_ES","og_type":"article","og_title":"PIANO MULTIFUNCION XIN YUN 54K XY-268","og_url":"https:\/\/comerciallin.com\/index.php\/producto\/piano-multifuncion-xin-yun-54k-xy-268\/","og_site_name":"tienda de electr\u00f3nica y computaci\u00f3n","article_modified_time":"2025-12-26T16:45:25+00:00","og_image":[{"width":1080,"height":1080,"url":"https:\/\/comerciallin.com\/wp-content\/uploads\/2024\/01\/429201010101-2.jpg","type":"image\/jpeg"}],"twitter_card":"summary_large_image","twitter_misc":{"Precio":"&#36;88,55","Availability":"In stock"},"schema":{"@context":"https:\/\/schema.org","@graph":[{"@type":"WebSite","@id":"https:\/\/comerciallin.com\/#website","url":"https:\/\/comerciallin.com\/","name":"tienda de electr\u00f3nica y computaci\u00f3n","description":"Importadora de Electr\u00f3nica y Computaci\u00f3n","potentialAction":[{"@type":"SearchAction","target":{"@type":"EntryPoint","urlTemplate":"https:\/\/comerciallin.com\/?s={search_term_string}"},"query-input":"required name=search_term_string"}],"inLanguage":"es"},{"@type":"ImageObject","@id":"https:\/\/comerciallin.com\/index.php\/producto\/piano-multifuncion-xin-yun-54k-xy-268\/#primaryimage","inLanguage":"es","url":"https:\/\/i0.wp.com\/comerciallin.com\/wp-content\/uploads\/2024\/01\/429201010101-2.jpg?fit=1080%2C1080&ssl=1","contentUrl":"https:\/\/i0.wp.com\/comerciallin.com\/wp-content\/uploads\/2024\/01\/429201010101-2.jpg?fit=1080%2C1080&ssl=1","width":1080,"height":1080,"caption":"PIANO MULTIFUNCION XIN YUN 54K XY-268"},{"@type":"WebPage","@id":"https:\/\/comerciallin.com\/index.php\/producto\/piano-multifuncion-xin-yun-54k-xy-268\/#webpage","url":"https:\/\/comerciallin.com\/index.php\/producto\/piano-multifuncion-xin-yun-54k-xy-268\/","name":"PIANO MULTIFUNCION XIN YUN 54K XY-268 - tienda de electr\u00f3nica y computaci\u00f3n","isPartOf":{"@id":"https:\/\/comerciallin.com\/#website"},"primaryImageOfPage":{"@id":"https:\/\/comerciallin.com\/index.php\/producto\/piano-multifuncion-xin-yun-54k-xy-268\/#primaryimage"},"datePublished":"2024-01-29T18:51:59+00:00","dateModified":"2025-12-26T16:45:25+00:00","breadcrumb":{"@id":"https:\/\/comerciallin.com\/index.php\/producto\/piano-multifuncion-xin-yun-54k-xy-268\/#breadcrumb"},"inLanguage":"es","potentialAction":[{"@type":"ReadAction","target":["https:\/\/comerciallin.com\/index.php\/producto\/piano-multifuncion-xin-yun-54k-xy-268\/"]}]},{"@type":"BreadcrumbList","@id":"https:\/\/comerciallin.com\/index.php\/producto\/piano-multifuncion-xin-yun-54k-xy-268\/#breadcrumb","itemListElement":[{"@type":"ListItem","position":1,"name":"Inicio","item":"https:\/\/comerciallin.com\/"},{"@type":"ListItem","position":2,"name":"Shop","item":"https:\/\/comerciallin.com\/?page_id=3853"},{"@type":"ListItem","position":3,"name":"PIANO MULTIFUNCION XIN YUN 54K XY-268"}]}]},"product_price_amount":"88.55","product_price_currency":"USD","og_availability":"instock","product_availability":"instock","product_retailer_item_id":"429201010101","product_condition":"new"},"jetpack-related-posts":[{"id":23938,"url":"https:\/\/comerciallin.com\/index.php\/producto\/piano-multifuncion-xin-yun-xy-268-050718\/","url_meta":{"origin":26126,"position":0},"title":"PIANO MULTIFUNCION XIN YUN XY-268 050718","date":"11 de mayo de 2023","format":false,"excerpt":"","rel":"","context":"Entrada similar","img":{"alt_text":"","src":"","width":0,"height":0},"classes":[]},{"id":23440,"url":"https:\/\/comerciallin.com\/index.php\/producto\/piano-multifuncion-xin-yun-ks747\/","url_meta":{"origin":26126,"position":1},"title":"PIANO MULTIFUNCION XIN YUN KS747","date":"27 de abril de 2023","format":false,"excerpt":"","rel":"","context":"Entrada similar","img":{"alt_text":"","src":"","width":0,"height":0},"classes":[]},{"id":23436,"url":"https:\/\/comerciallin.com\/index.php\/producto\/piano-multifuncion-ky-655\/","url_meta":{"origin":26126,"position":2},"title":"PIANO MULTIFUNCION KY-655","date":"27 de abril de 2023","format":false,"excerpt":"","rel":"","context":"Entrada similar","img":{"alt_text":"","src":"","width":0,"height":0},"classes":[]},{"id":23438,"url":"https:\/\/comerciallin.com\/index.php\/producto\/piano-multifuncion-ky-988\/","url_meta":{"origin":26126,"position":3},"title":"PIANO MULTIFUNCION KY-988","date":"27 de abril de 2023","format":false,"excerpt":"","rel":"","context":"Entrada similar","img":{"alt_text":"","src":"","width":0,"height":0},"classes":[]}],"jetpack_sharing_enabled":true,"jetpack_likes_enabled":true,"_links":{"self":[{"href":"https:\/\/comerciallin.com\/index.php\/wp-json\/wp\/v2\/product\/26126"}],"collection":[{"href":"https:\/\/comerciallin.com\/index.php\/wp-json\/wp\/v2\/product"}],"about":[{"href":"https:\/\/comerciallin.com\/index.php\/wp-json\/wp\/v2\/types\/product"}],"replies":[{"embeddable":true,"href":"https:\/\/comerciallin.com\/index.php\/wp-json\/wp\/v2\/comments?post=26126"}],"wp:featuredmedia":[{"embeddable":true,"href":"https:\/\/comerciallin.com\/index.php\/wp-json\/wp\/v2\/media\/26127"}],"wp:attachment":[{"href":"https:\/\/comerciallin.com\/index.php\/wp-json\/wp\/v2\/media?parent=26126"}],"wp:term":[{"taxonomy":"product_cat","embeddable":true,"href":"https:\/\/comerciallin.com\/index.php\/wp-json\/wp\/v2\/product_cat?post=26126"},{"taxonomy":"product_tag","embeddable":true,"href":"https:\/\/comerciallin.com\/index.php\/wp-json\/wp\/v2\/product_tag?post=26126"}],"curies":[{"name":"wp","href":"https:\/\/api.w.org\/{rel}","templated":true}]}}