{"id":26039,"date":"2024-01-26T12:47:29","date_gmt":"2024-01-26T17:47:29","guid":{"rendered":""},"modified":"2025-09-15T10:20:07","modified_gmt":"2025-09-15T15:20:07","slug":"tinta-epson-t504-l4150-4160-l6161-magenta","status":"publish","type":"product","link":"https:\/\/comerciallin.com\/index.php\/producto\/tinta-epson-t504-l4150-4160-l6161-magenta\/","title":{"rendered":"TINTA EPSON T504 L4150\/4160\/L6161\/MAGENTA"},"content":{"rendered":"<p data-sourcepos=\"16:1-16:244\">La tinta para impresora Epson 504 Magenta es una tinta de alta calidad que le dar&aacute; a sus impresiones un color magenta vibrante. Esta tinta est&aacute; formulada con pigmentos de alta calidad que proporcionan una cobertura uniforme y un color duradero.<\/p>\n<p data-sourcepos=\"18:1-18:178\">La tinta para impresora Epson 504 Magenta es compatible con la mayor&iacute;a de las impresoras Epson, incluidas las impresoras EcoTank. Es f&aacute;cil de usar y se puede instalar en minutos.<\/p>\n<p data-sourcepos=\"20:1-20:148\">Si est&aacute; buscando una tinta que le d&eacute; a sus impresiones un color magenta vibrante, la tinta para impresora Epson 504 Magenta es una excelente opci&oacute;n.<\/p>\n","protected":false},"excerpt":{"rendered":"<p><span>La tinta para impresora Epson 504 Magenta es una tinta de alta calidad que le dar&aacute; a sus impresiones un color magenta vibrante.<\/span><\/p>\n","protected":false},"featured_media":26040,"comment_status":"open","ping_status":"closed","template":"","meta":{"spay_email":""},"product_cat":[860],"product_tag":[],"supplier_id":null,"supplier_sku":"","barcode":null,"atum_controlled":true,"out_stock_date":null,"out_stock_threshold":null,"inheritable":false,"inbound_stock":null,"stock_on_hold":0,"sold_today":0,"sales_last_days":0,"reserved_stock":null,"customer_returns":null,"warehouse_damage":null,"lost_in_post":null,"other_logs":null,"out_stock_days":0,"lost_sales":0,"has_location":null,"update_date":"2026-04-27T00:09:41","atum_locations":[],"atum_stock_status":"instock","restock_status":false,"low_stock_amount":"","sales_update_date":"2026-04-27T00:09:41","calc_backorders":null,"acf":[],"yoast_head":"<!-- This site is optimized with the Yoast SEO Premium plugin v17.4 (Yoast SEO v17.4) - https:\/\/yoast.com\/wordpress\/plugins\/seo\/ -->\n<title>TINTA EPSON T504 L4150\/4160\/L6161\/MAGENTA - tienda de electr\u00f3nica y computaci\u00f3n<\/title>\n<meta name=\"robots\" content=\"index, follow, max-snippet:-1, max-image-preview:large, max-video-preview:-1\" \/>\n<link rel=\"canonical\" href=\"https:\/\/comerciallin.com\/index.php\/producto\/tinta-epson-t504-l4150-4160-l6161-magenta\/\" \/>\n<meta property=\"og:locale\" content=\"es_ES\" \/>\n<meta property=\"og:type\" content=\"article\" \/>\n<meta property=\"og:title\" content=\"TINTA EPSON T504 L4150\/4160\/L6161\/MAGENTA\" \/>\n<meta property=\"og:description\" content=\"La tinta para impresora Epson 504 Magenta es una tinta de alta calidad que le dar&aacute; a sus impresiones un color magenta vibrante.\" \/>\n<meta property=\"og:url\" content=\"https:\/\/comerciallin.com\/index.php\/producto\/tinta-epson-t504-l4150-4160-l6161-magenta\/\" \/>\n<meta property=\"og:site_name\" content=\"tienda de electr\u00f3nica y computaci\u00f3n\" \/>\n<meta property=\"article:modified_time\" content=\"2025-09-15T15:20:07+00:00\" \/>\n<meta property=\"og:image\" content=\"https:\/\/comerciallin.com\/wp-content\/uploads\/2024\/01\/405403010103-1.jpg\" \/>\n\t<meta property=\"og:image:width\" content=\"1080\" \/>\n\t<meta property=\"og:image:height\" content=\"1080\" \/>\n<meta name=\"twitter:card\" content=\"summary_large_image\" \/>\n<meta name=\"twitter:label1\" content=\"Precio\" \/>\n\t<meta name=\"twitter:data1\" content=\"&#36;10,27\" \/>\n\t<meta name=\"twitter:label2\" content=\"Availability\" \/>\n\t<meta name=\"twitter:data2\" content=\"In stock\" \/>\n<script type=\"application\/ld+json\" class=\"yoast-schema-graph\">{\"@context\":\"https:\/\/schema.org\",\"@graph\":[{\"@type\":\"WebSite\",\"@id\":\"https:\/\/comerciallin.com\/#website\",\"url\":\"https:\/\/comerciallin.com\/\",\"name\":\"tienda de electr\\u00f3nica y computaci\\u00f3n\",\"description\":\"Importadora de Electr\\u00f3nica y Computaci\\u00f3n\",\"potentialAction\":[{\"@type\":\"SearchAction\",\"target\":{\"@type\":\"EntryPoint\",\"urlTemplate\":\"https:\/\/comerciallin.com\/?s={search_term_string}\"},\"query-input\":\"required name=search_term_string\"}],\"inLanguage\":\"es\"},{\"@type\":\"ImageObject\",\"@id\":\"https:\/\/comerciallin.com\/index.php\/producto\/tinta-epson-t504-l4150-4160-l6161-magenta\/#primaryimage\",\"inLanguage\":\"es\",\"url\":\"https:\/\/i0.wp.com\/comerciallin.com\/wp-content\/uploads\/2024\/01\/405403010103-1.jpg?fit=1080%2C1080&ssl=1\",\"contentUrl\":\"https:\/\/i0.wp.com\/comerciallin.com\/wp-content\/uploads\/2024\/01\/405403010103-1.jpg?fit=1080%2C1080&ssl=1\",\"width\":1080,\"height\":1080,\"caption\":\"TINTA EPSON T504 L4150\/4160\/L6161\/MAGENTA\"},{\"@type\":\"WebPage\",\"@id\":\"https:\/\/comerciallin.com\/index.php\/producto\/tinta-epson-t504-l4150-4160-l6161-magenta\/#webpage\",\"url\":\"https:\/\/comerciallin.com\/index.php\/producto\/tinta-epson-t504-l4150-4160-l6161-magenta\/\",\"name\":\"TINTA EPSON T504 L4150\/4160\/L6161\/MAGENTA - tienda de electr\\u00f3nica y computaci\\u00f3n\",\"isPartOf\":{\"@id\":\"https:\/\/comerciallin.com\/#website\"},\"primaryImageOfPage\":{\"@id\":\"https:\/\/comerciallin.com\/index.php\/producto\/tinta-epson-t504-l4150-4160-l6161-magenta\/#primaryimage\"},\"datePublished\":\"2024-01-26T17:47:29+00:00\",\"dateModified\":\"2025-09-15T15:20:07+00:00\",\"breadcrumb\":{\"@id\":\"https:\/\/comerciallin.com\/index.php\/producto\/tinta-epson-t504-l4150-4160-l6161-magenta\/#breadcrumb\"},\"inLanguage\":\"es\",\"potentialAction\":[{\"@type\":\"ReadAction\",\"target\":[\"https:\/\/comerciallin.com\/index.php\/producto\/tinta-epson-t504-l4150-4160-l6161-magenta\/\"]}]},{\"@type\":\"BreadcrumbList\",\"@id\":\"https:\/\/comerciallin.com\/index.php\/producto\/tinta-epson-t504-l4150-4160-l6161-magenta\/#breadcrumb\",\"itemListElement\":[{\"@type\":\"ListItem\",\"position\":1,\"name\":\"Inicio\",\"item\":\"https:\/\/comerciallin.com\/\"},{\"@type\":\"ListItem\",\"position\":2,\"name\":\"Shop\",\"item\":\"https:\/\/comerciallin.com\/?page_id=3853\"},{\"@type\":\"ListItem\",\"position\":3,\"name\":\"TINTA EPSON T504 L4150\/4160\/L6161\/MAGENTA\"}]}]}<\/script>\n<meta property=\"product:price:amount\" content=\"10.27\" \/>\n<meta property=\"product:price:currency\" content=\"USD\" \/>\n<meta property=\"og:availability\" content=\"instock\" \/>\n<meta property=\"product:availability\" content=\"instock\" \/>\n<meta property=\"product:retailer_item_id\" content=\"405403010103\" \/>\n<meta property=\"product:condition\" content=\"new\" \/>\n<!-- \/ Yoast SEO Premium plugin. -->","yoast_head_json":{"title":"TINTA EPSON T504 L4150\/4160\/L6161\/MAGENTA - tienda de electr\u00f3nica y computaci\u00f3n","robots":{"index":"index","follow":"follow","max-snippet":"max-snippet:-1","max-image-preview":"max-image-preview:large","max-video-preview":"max-video-preview:-1"},"canonical":"https:\/\/comerciallin.com\/index.php\/producto\/tinta-epson-t504-l4150-4160-l6161-magenta\/","og_locale":"es_ES","og_type":"article","og_title":"TINTA EPSON T504 L4150\/4160\/L6161\/MAGENTA","og_description":"La tinta para impresora Epson 504 Magenta es una tinta de alta calidad que le dar&aacute; a sus impresiones un color magenta vibrante.","og_url":"https:\/\/comerciallin.com\/index.php\/producto\/tinta-epson-t504-l4150-4160-l6161-magenta\/","og_site_name":"tienda de electr\u00f3nica y computaci\u00f3n","article_modified_time":"2025-09-15T15:20:07+00:00","og_image":[{"width":1080,"height":1080,"url":"https:\/\/comerciallin.com\/wp-content\/uploads\/2024\/01\/405403010103-1.jpg","type":"image\/jpeg"}],"twitter_card":"summary_large_image","twitter_misc":{"Precio":"&#36;10,27","Availability":"In stock"},"schema":{"@context":"https:\/\/schema.org","@graph":[{"@type":"WebSite","@id":"https:\/\/comerciallin.com\/#website","url":"https:\/\/comerciallin.com\/","name":"tienda de electr\u00f3nica y computaci\u00f3n","description":"Importadora de Electr\u00f3nica y Computaci\u00f3n","potentialAction":[{"@type":"SearchAction","target":{"@type":"EntryPoint","urlTemplate":"https:\/\/comerciallin.com\/?s={search_term_string}"},"query-input":"required name=search_term_string"}],"inLanguage":"es"},{"@type":"ImageObject","@id":"https:\/\/comerciallin.com\/index.php\/producto\/tinta-epson-t504-l4150-4160-l6161-magenta\/#primaryimage","inLanguage":"es","url":"https:\/\/i0.wp.com\/comerciallin.com\/wp-content\/uploads\/2024\/01\/405403010103-1.jpg?fit=1080%2C1080&ssl=1","contentUrl":"https:\/\/i0.wp.com\/comerciallin.com\/wp-content\/uploads\/2024\/01\/405403010103-1.jpg?fit=1080%2C1080&ssl=1","width":1080,"height":1080,"caption":"TINTA EPSON T504 L4150\/4160\/L6161\/MAGENTA"},{"@type":"WebPage","@id":"https:\/\/comerciallin.com\/index.php\/producto\/tinta-epson-t504-l4150-4160-l6161-magenta\/#webpage","url":"https:\/\/comerciallin.com\/index.php\/producto\/tinta-epson-t504-l4150-4160-l6161-magenta\/","name":"TINTA EPSON T504 L4150\/4160\/L6161\/MAGENTA - tienda de electr\u00f3nica y computaci\u00f3n","isPartOf":{"@id":"https:\/\/comerciallin.com\/#website"},"primaryImageOfPage":{"@id":"https:\/\/comerciallin.com\/index.php\/producto\/tinta-epson-t504-l4150-4160-l6161-magenta\/#primaryimage"},"datePublished":"2024-01-26T17:47:29+00:00","dateModified":"2025-09-15T15:20:07+00:00","breadcrumb":{"@id":"https:\/\/comerciallin.com\/index.php\/producto\/tinta-epson-t504-l4150-4160-l6161-magenta\/#breadcrumb"},"inLanguage":"es","potentialAction":[{"@type":"ReadAction","target":["https:\/\/comerciallin.com\/index.php\/producto\/tinta-epson-t504-l4150-4160-l6161-magenta\/"]}]},{"@type":"BreadcrumbList","@id":"https:\/\/comerciallin.com\/index.php\/producto\/tinta-epson-t504-l4150-4160-l6161-magenta\/#breadcrumb","itemListElement":[{"@type":"ListItem","position":1,"name":"Inicio","item":"https:\/\/comerciallin.com\/"},{"@type":"ListItem","position":2,"name":"Shop","item":"https:\/\/comerciallin.com\/?page_id=3853"},{"@type":"ListItem","position":3,"name":"TINTA EPSON T504 L4150\/4160\/L6161\/MAGENTA"}]}]},"product_price_amount":"10.27","product_price_currency":"USD","og_availability":"instock","product_availability":"instock","product_retailer_item_id":"405403010103","product_condition":"new"},"jetpack-related-posts":[{"id":18690,"url":"https:\/\/comerciallin.com\/index.php\/producto\/tinta-epson-t544320-al-bottles-l3110magenta\/","url_meta":{"origin":26039,"position":0},"title":"TINTA EPSON T544320-AL BOTTLES L3110,MAGENTA","date":"7 de noviembre de 2022","format":false,"excerpt":"Botella de Tinta Magenta Epson T544 T544320-AL Capacidad: 65 ml Color: Magenta","rel":"","context":"Entrada similar","img":{"alt_text":"","src":"","width":0,"height":0},"classes":[]},{"id":18789,"url":"https:\/\/comerciallin.com\/index.php\/producto\/tinta-epson-t544320-bottles-l3110l3150-magen\/","url_meta":{"origin":26039,"position":1},"title":"TINTA EPSON T544320 BOTTLES L3110,L3150 MAGEN","date":"7 de noviembre de 2022","format":false,"excerpt":"Botella de Tinta Magenta Epson T544 T544320-AL Capacidad: 65 ml Color: Magenta","rel":"","context":"Entrada similar","img":{"alt_text":"","src":"","width":0,"height":0},"classes":[]},{"id":18795,"url":"https:\/\/comerciallin.com\/index.php\/producto\/tinta-epson-504-bottles-l4150-4160-yellow\/","url_meta":{"origin":26039,"position":2},"title":"TINTA EPSON 504 BOTTLES L4150\/4160 YELLOW","date":"7 de noviembre de 2022","format":false,"excerpt":"La tinta Epson 504 Yellow es una tinta de alta calidad dise\u00f1ada para la impresora Epson L4150 y L4160. Produce texto y gr\u00e1ficos vibrantes y resistentes a la decoloraci\u00f3n.","rel":"","context":"Entrada similar","img":{"alt_text":"","src":"","width":0,"height":0},"classes":[]},{"id":18769,"url":"https:\/\/comerciallin.com\/index.php\/producto\/tinta-epson-664-ciss-bottles-l200-magenta-400\/","url_meta":{"origin":26039,"position":3},"title":"TINTA EPSON 664 CISS BOTTLES L200 MAGENTA 400","date":"7 de noviembre de 2022","format":false,"excerpt":"Botella de Tinta Magenta Epson 664","rel":"","context":"Entrada similar","img":{"alt_text":"","src":"","width":0,"height":0},"classes":[]},{"id":25267,"url":"https:\/\/comerciallin.com\/index.php\/producto\/tinta-epson-t504420-yellow-l4150-l4160-l6161\/","url_meta":{"origin":26039,"position":4},"title":"TINTA EPSON T504420 YELLOW L4150-L4160-L6161","date":"28 de agosto de 2023","format":false,"excerpt":"La tinta Epson T504420 Yellow es una botella de tinta amarilla de alta calidad que es compatible con las impresoras Epson L4150, L4160 y L6161. Produce impresiones de alta calidad con colores vibrantes y duraderos.","rel":"","context":"Entrada similar","img":{"alt_text":"","src":"","width":0,"height":0},"classes":[]},{"id":18765,"url":"https:\/\/comerciallin.com\/index.php\/producto\/tinta-epson-664-ciss-bottles-l200-cyan-400\/","url_meta":{"origin":26039,"position":5},"title":"TINTA EPSON 664 CISS BOTTLES L200 CYAN 400","date":"7 de noviembre de 2022","format":false,"excerpt":"La tinta Epson 664 CISS Bottles L200 Cyan 400 es una botella de tinta cyan de alta capacidad que es compatible con la impresora Epson L200. Produce impresiones de alta calidad con colores vibrantes.","rel":"","context":"Entrada similar","img":{"alt_text":"","src":"","width":0,"height":0},"classes":[]}],"jetpack_sharing_enabled":true,"jetpack_likes_enabled":true,"_links":{"self":[{"href":"https:\/\/comerciallin.com\/index.php\/wp-json\/wp\/v2\/product\/26039"}],"collection":[{"href":"https:\/\/comerciallin.com\/index.php\/wp-json\/wp\/v2\/product"}],"about":[{"href":"https:\/\/comerciallin.com\/index.php\/wp-json\/wp\/v2\/types\/product"}],"replies":[{"embeddable":true,"href":"https:\/\/comerciallin.com\/index.php\/wp-json\/wp\/v2\/comments?post=26039"}],"wp:featuredmedia":[{"embeddable":true,"href":"https:\/\/comerciallin.com\/index.php\/wp-json\/wp\/v2\/media\/26040"}],"wp:attachment":[{"href":"https:\/\/comerciallin.com\/index.php\/wp-json\/wp\/v2\/media?parent=26039"}],"wp:term":[{"taxonomy":"product_cat","embeddable":true,"href":"https:\/\/comerciallin.com\/index.php\/wp-json\/wp\/v2\/product_cat?post=26039"},{"taxonomy":"product_tag","embeddable":true,"href":"https:\/\/comerciallin.com\/index.php\/wp-json\/wp\/v2\/product_tag?post=26039"}],"curies":[{"name":"wp","href":"https:\/\/api.w.org\/{rel}","templated":true}]}}