{"id":26033,"date":"2024-01-26T12:47:12","date_gmt":"2024-01-26T17:47:12","guid":{"rendered":""},"modified":"2025-09-15T10:17:01","modified_gmt":"2025-09-15T15:17:01","slug":"combo-teclado-mouse-genius-km8101-negro-2","status":"publish","type":"product","link":"https:\/\/comerciallin.com\/index.php\/producto\/combo-teclado-mouse-genius-km8101-negro-2\/","title":{"rendered":"COMBO TECLADO &#8211; MOUSE GENIUS KM8101 NEGRO"},"content":{"rendered":"<p data-sourcepos=\"13:1-13:195\">El teclado y rat&oacute;n inal&aacute;mbricos Genius KM-8101 son una excelente opci&oacute;n para el uso diario en el hogar, la oficina o la escuela. Son f&aacute;ciles de configurar y usar, y ofrecen un rendimiento s&oacute;lido.<\/p>\n<p data-sourcepos=\"15:1-15:211\">El teclado cuenta con teclas de tama&ntilde;o completo y un dise&ntilde;o ergon&oacute;mico. Las teclas est&aacute;n dise&ntilde;adas para proporcionar una sensaci&oacute;n c&oacute;moda y precisa, y el dise&ntilde;o ergon&oacute;mico ayuda a reducir la fatiga de las manos.<\/p>\n<p data-sourcepos=\"17:1-17:175\">El rat&oacute;n tiene un dise&ntilde;o ambidiestro y botones de clic silenciosos. Los botones de clic silenciosos son ideales para entornos de trabajo silenciosos, como bibliotecas o aulas.<\/p>\n<p data-sourcepos=\"19:1-19:178\">El teclado y rat&oacute;n inal&aacute;mbricos Genius KM-8101 se conectan a su computadora a trav&eacute;s de un receptor USB. El receptor USB es peque&ntilde;o y compacto, lo que facilita su almacenamiento.<\/p>\n<p data-sourcepos=\"21:1-21:168\">El teclado y rat&oacute;n inal&aacute;mbricos Genius KM-8101 son una excelente opci&oacute;n para cualquiera que busque un conjunto de perif&eacute;ricos inal&aacute;mbricos confiables y f&aacute;ciles de usar.<\/p>\n<p data-sourcepos=\"23:1-23:265\"><strong>Palabras clave:<\/strong> teclado inal&aacute;mbrico, rat&oacute;n inal&aacute;mbrico, Genius KM-8101, teclado y rat&oacute;n inal&aacute;mbricos, uso diario, configuraci&oacute;n f&aacute;cil, rendimiento s&oacute;lido, teclas de tama&ntilde;o completo, dise&ntilde;o ergon&oacute;mico, rat&oacute;n ambidiestro, botones de clic silenciosos, receptor USB<\/p>\n","protected":false},"excerpt":{"rendered":"<p data-sourcepos=\"5:1-5:328\">El teclado y rat&oacute;n inal&aacute;mbricos Genius KM-8101 son una excelente opci&oacute;n para el uso diario. Son f&aacute;ciles de configurar y usar, y ofrecen un rendimiento s&oacute;lido. El teclado cuenta con teclas de tama&ntilde;o completo y un dise&ntilde;o ergon&oacute;mico, mientras que el rat&oacute;n tiene un dise&ntilde;o ambidiestro y botones de clic silenciosos.<\/p>\n","protected":false},"featured_media":26034,"comment_status":"open","ping_status":"closed","template":"","meta":{"spay_email":""},"product_cat":[789],"product_tag":[],"supplier_id":null,"supplier_sku":"","barcode":null,"atum_controlled":true,"out_stock_date":null,"out_stock_threshold":null,"inheritable":false,"inbound_stock":null,"stock_on_hold":0,"sold_today":0,"sales_last_days":0,"reserved_stock":null,"customer_returns":null,"warehouse_damage":null,"lost_in_post":null,"other_logs":null,"out_stock_days":0,"lost_sales":0,"has_location":null,"update_date":"2026-05-01T00:12:15","atum_locations":[],"atum_stock_status":"instock","restock_status":false,"low_stock_amount":"","sales_update_date":"2026-05-01T00:12:15","calc_backorders":null,"acf":[],"yoast_head":"<!-- This site is optimized with the Yoast SEO Premium plugin v17.4 (Yoast SEO v17.4) - https:\/\/yoast.com\/wordpress\/plugins\/seo\/ -->\n<title>COMBO TECLADO - MOUSE GENIUS KM8101 NEGRO - tienda de electr\u00f3nica y computaci\u00f3n<\/title>\n<meta name=\"robots\" content=\"index, follow, max-snippet:-1, max-image-preview:large, max-video-preview:-1\" \/>\n<link rel=\"canonical\" href=\"https:\/\/comerciallin.com\/index.php\/producto\/combo-teclado-mouse-genius-km8101-negro-2\/\" \/>\n<meta property=\"og:locale\" content=\"es_ES\" \/>\n<meta property=\"og:type\" content=\"article\" \/>\n<meta property=\"og:title\" content=\"COMBO TECLADO - MOUSE GENIUS KM8101 NEGRO\" \/>\n<meta property=\"og:description\" content=\"El teclado y rat&oacute;n inal&aacute;mbricos Genius KM-8101 son una excelente opci&oacute;n para el uso diario. Son f&aacute;ciles de configurar y usar, y ofrecen un rendimiento s&oacute;lido. El teclado cuenta con teclas de tama&ntilde;o completo y un dise&ntilde;o ergon&oacute;mico, mientras que el rat&oacute;n tiene un dise&ntilde;o ambidiestro y botones de clic silenciosos.\" \/>\n<meta property=\"og:url\" content=\"https:\/\/comerciallin.com\/index.php\/producto\/combo-teclado-mouse-genius-km8101-negro-2\/\" \/>\n<meta property=\"og:site_name\" content=\"tienda de electr\u00f3nica y computaci\u00f3n\" \/>\n<meta property=\"article:modified_time\" content=\"2025-09-15T15:17:01+00:00\" \/>\n<meta property=\"og:image\" content=\"https:\/\/comerciallin.com\/wp-content\/uploads\/2024\/01\/405403010110-1.jpg\" \/>\n\t<meta property=\"og:image:width\" content=\"1080\" \/>\n\t<meta property=\"og:image:height\" content=\"1080\" \/>\n<meta name=\"twitter:card\" content=\"summary_large_image\" \/>\n<meta name=\"twitter:label1\" content=\"Precio\" \/>\n\t<meta name=\"twitter:data1\" content=\"&#36;19,55\" \/>\n\t<meta name=\"twitter:label2\" content=\"Availability\" \/>\n\t<meta name=\"twitter:data2\" content=\"In stock\" \/>\n<script type=\"application\/ld+json\" class=\"yoast-schema-graph\">{\"@context\":\"https:\/\/schema.org\",\"@graph\":[{\"@type\":\"WebSite\",\"@id\":\"https:\/\/comerciallin.com\/#website\",\"url\":\"https:\/\/comerciallin.com\/\",\"name\":\"tienda de electr\\u00f3nica y computaci\\u00f3n\",\"description\":\"Importadora de Electr\\u00f3nica y Computaci\\u00f3n\",\"potentialAction\":[{\"@type\":\"SearchAction\",\"target\":{\"@type\":\"EntryPoint\",\"urlTemplate\":\"https:\/\/comerciallin.com\/?s={search_term_string}\"},\"query-input\":\"required name=search_term_string\"}],\"inLanguage\":\"es\"},{\"@type\":\"ImageObject\",\"@id\":\"https:\/\/comerciallin.com\/index.php\/producto\/combo-teclado-mouse-genius-km8101-negro-2\/#primaryimage\",\"inLanguage\":\"es\",\"url\":\"https:\/\/i0.wp.com\/comerciallin.com\/wp-content\/uploads\/2024\/01\/405403010110-1.jpg?fit=1080%2C1080&ssl=1\",\"contentUrl\":\"https:\/\/i0.wp.com\/comerciallin.com\/wp-content\/uploads\/2024\/01\/405403010110-1.jpg?fit=1080%2C1080&ssl=1\",\"width\":1080,\"height\":1080,\"caption\":\"COMBO TECLADO - MOUSE GENIUS KM8101 NEGRO\"},{\"@type\":\"WebPage\",\"@id\":\"https:\/\/comerciallin.com\/index.php\/producto\/combo-teclado-mouse-genius-km8101-negro-2\/#webpage\",\"url\":\"https:\/\/comerciallin.com\/index.php\/producto\/combo-teclado-mouse-genius-km8101-negro-2\/\",\"name\":\"COMBO TECLADO - MOUSE GENIUS KM8101 NEGRO - tienda de electr\\u00f3nica y computaci\\u00f3n\",\"isPartOf\":{\"@id\":\"https:\/\/comerciallin.com\/#website\"},\"primaryImageOfPage\":{\"@id\":\"https:\/\/comerciallin.com\/index.php\/producto\/combo-teclado-mouse-genius-km8101-negro-2\/#primaryimage\"},\"datePublished\":\"2024-01-26T17:47:12+00:00\",\"dateModified\":\"2025-09-15T15:17:01+00:00\",\"breadcrumb\":{\"@id\":\"https:\/\/comerciallin.com\/index.php\/producto\/combo-teclado-mouse-genius-km8101-negro-2\/#breadcrumb\"},\"inLanguage\":\"es\",\"potentialAction\":[{\"@type\":\"ReadAction\",\"target\":[\"https:\/\/comerciallin.com\/index.php\/producto\/combo-teclado-mouse-genius-km8101-negro-2\/\"]}]},{\"@type\":\"BreadcrumbList\",\"@id\":\"https:\/\/comerciallin.com\/index.php\/producto\/combo-teclado-mouse-genius-km8101-negro-2\/#breadcrumb\",\"itemListElement\":[{\"@type\":\"ListItem\",\"position\":1,\"name\":\"Inicio\",\"item\":\"https:\/\/comerciallin.com\/\"},{\"@type\":\"ListItem\",\"position\":2,\"name\":\"Shop\",\"item\":\"https:\/\/comerciallin.com\/?page_id=3853\"},{\"@type\":\"ListItem\",\"position\":3,\"name\":\"COMBO TECLADO &#8211; MOUSE GENIUS KM8101 NEGRO\"}]}]}<\/script>\n<meta property=\"product:price:amount\" content=\"19.55\" \/>\n<meta property=\"product:price:currency\" content=\"USD\" \/>\n<meta property=\"og:availability\" content=\"instock\" \/>\n<meta property=\"product:availability\" content=\"instock\" \/>\n<meta property=\"product:retailer_item_id\" content=\"405403010110\" \/>\n<meta property=\"product:condition\" content=\"new\" \/>\n<!-- \/ Yoast SEO Premium plugin. -->","yoast_head_json":{"title":"COMBO TECLADO - MOUSE GENIUS KM8101 NEGRO - tienda de electr\u00f3nica y computaci\u00f3n","robots":{"index":"index","follow":"follow","max-snippet":"max-snippet:-1","max-image-preview":"max-image-preview:large","max-video-preview":"max-video-preview:-1"},"canonical":"https:\/\/comerciallin.com\/index.php\/producto\/combo-teclado-mouse-genius-km8101-negro-2\/","og_locale":"es_ES","og_type":"article","og_title":"COMBO TECLADO - MOUSE GENIUS KM8101 NEGRO","og_description":"El teclado y rat&oacute;n inal&aacute;mbricos Genius KM-8101 son una excelente opci&oacute;n para el uso diario. Son f&aacute;ciles de configurar y usar, y ofrecen un rendimiento s&oacute;lido. El teclado cuenta con teclas de tama&ntilde;o completo y un dise&ntilde;o ergon&oacute;mico, mientras que el rat&oacute;n tiene un dise&ntilde;o ambidiestro y botones de clic silenciosos.","og_url":"https:\/\/comerciallin.com\/index.php\/producto\/combo-teclado-mouse-genius-km8101-negro-2\/","og_site_name":"tienda de electr\u00f3nica y computaci\u00f3n","article_modified_time":"2025-09-15T15:17:01+00:00","og_image":[{"width":1080,"height":1080,"url":"https:\/\/comerciallin.com\/wp-content\/uploads\/2024\/01\/405403010110-1.jpg","type":"image\/jpeg"}],"twitter_card":"summary_large_image","twitter_misc":{"Precio":"&#36;19,55","Availability":"In stock"},"schema":{"@context":"https:\/\/schema.org","@graph":[{"@type":"WebSite","@id":"https:\/\/comerciallin.com\/#website","url":"https:\/\/comerciallin.com\/","name":"tienda de electr\u00f3nica y computaci\u00f3n","description":"Importadora de Electr\u00f3nica y Computaci\u00f3n","potentialAction":[{"@type":"SearchAction","target":{"@type":"EntryPoint","urlTemplate":"https:\/\/comerciallin.com\/?s={search_term_string}"},"query-input":"required name=search_term_string"}],"inLanguage":"es"},{"@type":"ImageObject","@id":"https:\/\/comerciallin.com\/index.php\/producto\/combo-teclado-mouse-genius-km8101-negro-2\/#primaryimage","inLanguage":"es","url":"https:\/\/i0.wp.com\/comerciallin.com\/wp-content\/uploads\/2024\/01\/405403010110-1.jpg?fit=1080%2C1080&ssl=1","contentUrl":"https:\/\/i0.wp.com\/comerciallin.com\/wp-content\/uploads\/2024\/01\/405403010110-1.jpg?fit=1080%2C1080&ssl=1","width":1080,"height":1080,"caption":"COMBO TECLADO - MOUSE GENIUS KM8101 NEGRO"},{"@type":"WebPage","@id":"https:\/\/comerciallin.com\/index.php\/producto\/combo-teclado-mouse-genius-km8101-negro-2\/#webpage","url":"https:\/\/comerciallin.com\/index.php\/producto\/combo-teclado-mouse-genius-km8101-negro-2\/","name":"COMBO TECLADO - MOUSE GENIUS KM8101 NEGRO - tienda de electr\u00f3nica y computaci\u00f3n","isPartOf":{"@id":"https:\/\/comerciallin.com\/#website"},"primaryImageOfPage":{"@id":"https:\/\/comerciallin.com\/index.php\/producto\/combo-teclado-mouse-genius-km8101-negro-2\/#primaryimage"},"datePublished":"2024-01-26T17:47:12+00:00","dateModified":"2025-09-15T15:17:01+00:00","breadcrumb":{"@id":"https:\/\/comerciallin.com\/index.php\/producto\/combo-teclado-mouse-genius-km8101-negro-2\/#breadcrumb"},"inLanguage":"es","potentialAction":[{"@type":"ReadAction","target":["https:\/\/comerciallin.com\/index.php\/producto\/combo-teclado-mouse-genius-km8101-negro-2\/"]}]},{"@type":"BreadcrumbList","@id":"https:\/\/comerciallin.com\/index.php\/producto\/combo-teclado-mouse-genius-km8101-negro-2\/#breadcrumb","itemListElement":[{"@type":"ListItem","position":1,"name":"Inicio","item":"https:\/\/comerciallin.com\/"},{"@type":"ListItem","position":2,"name":"Shop","item":"https:\/\/comerciallin.com\/?page_id=3853"},{"@type":"ListItem","position":3,"name":"COMBO TECLADO &#8211; MOUSE GENIUS KM8101 NEGRO"}]}]},"product_price_amount":"19.55","product_price_currency":"USD","og_availability":"instock","product_availability":"instock","product_retailer_item_id":"405403010110","product_condition":"new"},"jetpack-related-posts":[{"id":26051,"url":"https:\/\/comerciallin.com\/index.php\/producto\/mouse-genius-nx7009-azul-wireless\/","url_meta":{"origin":26033,"position":0},"title":"MOUSE GENIUS NX7009 AZUL WIRELESS","date":"26 de enero de 2024","format":false,"excerpt":"El mouse Genius NX7009 Wireless es una excelente opci\u00f3n para quienes buscan un mouse inal\u00e1mbrico silencioso y preciso. Este mouse tiene un dise\u00f1o ergon\u00f3mico que se adapta perfectamente a la mano, y cuenta con un sensor \u00f3ptico de alta precisi\u00f3n que proporciona un seguimiento suave y preciso. Adem\u00e1s, es silencioso\u2026","rel":"","context":"Entrada similar","img":{"alt_text":"MOUSE GENIUS NX7009 AZUL WIRELESS","src":"https:\/\/i0.wp.com\/comerciallin.com\/wp-content\/uploads\/2024\/01\/405403010109-1.jpg?fit=1080%2C1080&ssl=1&resize=350%2C200","width":350,"height":200},"classes":[]},{"id":25834,"url":"https:\/\/comerciallin.com\/index.php\/producto\/teclado-mouse-genius-km-200-combo-negro\/","url_meta":{"origin":26033,"position":1},"title":"TECLADO + MOUSE GENIUS KM-200 COMBO NEGRO","date":"17 de noviembre de 2023","format":false,"excerpt":"\u00a1El combo perfecto para tu PC o laptop! El teclado Genius KM-200 tiene un dise\u00f1o sencillo y c\u00f3modo. Cuenta con teclas de tama\u00f1o completo y un teclado num\u00e9rico para que puedas escribir y trabajar de manera eficiente. El mouse Genius KM-200 tiene un dise\u00f1o ergon\u00f3mico que se adapta a la\u2026","rel":"","context":"Entrada similar","img":{"alt_text":"","src":"","width":0,"height":0},"classes":[]},{"id":25835,"url":"https:\/\/comerciallin.com\/index.php\/producto\/mouse-genius-dx-110-black-usb-2\/","url_meta":{"origin":26033,"position":2},"title":"MOUSE GENIUS DX-110 BLACK USB","date":"17 de noviembre de 2023","format":false,"excerpt":"\u00a1El mouse perfecto para tu d\u00eda a d\u00eda! \u00bfBuscas un mouse que sea c\u00f3modo, preciso y asequible? \u00a1El mouse Genius DX-110 es la opci\u00f3n perfecta para ti! El mouse es ambidiestro, por lo que puede ser utilizado por personas diestras y zurdas. \u00a1P\u00eddelo hoy mismo y disfruta de una experiencia\u2026","rel":"","context":"Entrada similar","img":{"alt_text":"","src":"","width":0,"height":0},"classes":[]}],"jetpack_sharing_enabled":true,"jetpack_likes_enabled":true,"_links":{"self":[{"href":"https:\/\/comerciallin.com\/index.php\/wp-json\/wp\/v2\/product\/26033"}],"collection":[{"href":"https:\/\/comerciallin.com\/index.php\/wp-json\/wp\/v2\/product"}],"about":[{"href":"https:\/\/comerciallin.com\/index.php\/wp-json\/wp\/v2\/types\/product"}],"replies":[{"embeddable":true,"href":"https:\/\/comerciallin.com\/index.php\/wp-json\/wp\/v2\/comments?post=26033"}],"wp:featuredmedia":[{"embeddable":true,"href":"https:\/\/comerciallin.com\/index.php\/wp-json\/wp\/v2\/media\/26034"}],"wp:attachment":[{"href":"https:\/\/comerciallin.com\/index.php\/wp-json\/wp\/v2\/media?parent=26033"}],"wp:term":[{"taxonomy":"product_cat","embeddable":true,"href":"https:\/\/comerciallin.com\/index.php\/wp-json\/wp\/v2\/product_cat?post=26033"},{"taxonomy":"product_tag","embeddable":true,"href":"https:\/\/comerciallin.com\/index.php\/wp-json\/wp\/v2\/product_tag?post=26033"}],"curies":[{"name":"wp","href":"https:\/\/api.w.org\/{rel}","templated":true}]}}