{"id":25999,"date":"2023-12-11T15:42:38","date_gmt":"2023-12-11T20:42:38","guid":{"rendered":""},"modified":"2025-12-26T11:49:05","modified_gmt":"2025-12-26T16:49:05","slug":"maquina-biometrico-f01h-dactilar","status":"publish","type":"product","link":"https:\/\/comerciallin.com\/index.php\/producto\/maquina-biometrico-f01h-dactilar\/","title":{"rendered":"MAQUINA BIOMETRICO F01H DACTILAR"},"content":{"rendered":"<p data-sourcepos=\"24:1-24:131\"><span>&iquest;Busca una soluci&oacute;n de registro de tiempo simple y asequible?<\/span><span> El registrador de tiempo de huellas dactilares F01 H es la respuesta.<\/span><\/p>\n<p data-sourcepos=\"26:1-26:241\"><span>El registrador F01 H utiliza un sensor de huellas dactilares de alta precisi&oacute;n para identificar a los empleados con un solo toque.<\/span><span> El registrador tambi&eacute;n es f&aacute;cil de usar y configurar,<\/span><span> lo que lo hace ideal para empresas de todos los tama&ntilde;os.<\/span><\/p>\n<p data-sourcepos=\"28:1-28:132\"><span>Aqu&iacute; hay algunos de los beneficios que su empresa puede obtener al implementar el registrador de tiempo de huellas dactilares F01 H:<\/span><\/p>\n<p><span><\/span><\/p>\n<ul data-sourcepos=\"30:1-34:0\">\n<ul data-sourcepos=\"30:1-34:0\">\n<li data-sourcepos=\"30:1-30:108\"><strong>Precisi&oacute;n:<\/strong><span>&nbsp;El registrador F01 H garantiza que los empleados se registren y desregistren correctamente.<\/span><\/li>\n<\/ul>\n<\/ul>\n<p><span><\/span><\/p>\n<ul data-sourcepos=\"30:1-34:0\">\n<ul data-sourcepos=\"30:1-34:0\">\n<li data-sourcepos=\"31:1-31:101\"><strong>Seguridad:<\/strong><span>&nbsp;El registrador F01 H protege los datos de los empleados con cifrado AES de 256 bits.<\/span><\/li>\n<\/ul>\n<\/ul>\n<p><span><\/span><\/p>\n<ul data-sourcepos=\"30:1-34:0\">\n<ul data-sourcepos=\"30:1-34:0\">\n<li data-sourcepos=\"32:1-32:75\"><strong>Facilidad de uso:<\/strong><span>&nbsp;El registrador F01 H es f&aacute;cil de usar y configurar.<\/span><\/li>\n<\/ul>\n<\/ul>\n<p><span><\/span><\/p>\n<ul data-sourcepos=\"30:1-34:0\">\n<li data-sourcepos=\"33:1-34:0\"><strong>Asequibilidad:<\/strong><span>&nbsp;El registrador F01 H es una soluci&oacute;n asequible que ofrece un gran valor.<\/span><\/li>\n<\/ul>\n","protected":false},"excerpt":{"rendered":"<p>El registrador de tiempo de huellas dactilares F01 H es una soluci\u00f3n simple y asequible para realizar un seguimiento de la asistencia de los empleados.<\/p>\n","protected":false},"featured_media":26000,"comment_status":"open","ping_status":"closed","template":"","meta":{"spay_email":""},"product_cat":[917],"product_tag":[],"supplier_id":null,"supplier_sku":"","barcode":null,"atum_controlled":true,"out_stock_date":null,"out_stock_threshold":null,"inheritable":false,"inbound_stock":null,"stock_on_hold":0,"sold_today":0,"sales_last_days":0,"reserved_stock":null,"customer_returns":null,"warehouse_damage":null,"lost_in_post":null,"other_logs":null,"out_stock_days":0,"lost_sales":0,"has_location":null,"update_date":"2026-05-01T00:12:19","atum_locations":[],"atum_stock_status":"instock","restock_status":false,"low_stock_amount":"","sales_update_date":"2026-05-01T00:12:19","calc_backorders":null,"acf":[],"yoast_head":"<!-- This site is optimized with the Yoast SEO Premium plugin v17.4 (Yoast SEO v17.4) - https:\/\/yoast.com\/wordpress\/plugins\/seo\/ -->\n<title>MAQUINA BIOMETRICO F01H DACTILAR - tienda de electr\u00f3nica y computaci\u00f3n<\/title>\n<meta name=\"robots\" content=\"index, follow, max-snippet:-1, max-image-preview:large, max-video-preview:-1\" \/>\n<link rel=\"canonical\" href=\"https:\/\/comerciallin.com\/index.php\/producto\/maquina-biometrico-f01h-dactilar\/\" \/>\n<meta property=\"og:locale\" content=\"es_ES\" \/>\n<meta property=\"og:type\" content=\"article\" \/>\n<meta property=\"og:title\" content=\"MAQUINA BIOMETRICO F01H DACTILAR\" \/>\n<meta property=\"og:description\" content=\"El registrador de tiempo de huellas dactilares F01 H es una soluci\u00f3n simple y asequible para realizar un seguimiento de la asistencia de los empleados.\" \/>\n<meta property=\"og:url\" content=\"https:\/\/comerciallin.com\/index.php\/producto\/maquina-biometrico-f01h-dactilar\/\" \/>\n<meta property=\"og:site_name\" content=\"tienda de electr\u00f3nica y computaci\u00f3n\" \/>\n<meta property=\"article:modified_time\" content=\"2025-12-26T16:49:05+00:00\" \/>\n<meta property=\"og:image\" content=\"https:\/\/comerciallin.com\/wp-content\/uploads\/2023\/12\/001-1.jpg\" \/>\n\t<meta property=\"og:image:width\" content=\"1001\" \/>\n\t<meta property=\"og:image:height\" content=\"1001\" \/>\n<meta name=\"twitter:card\" content=\"summary_large_image\" \/>\n<meta name=\"twitter:label1\" content=\"Precio\" \/>\n\t<meta name=\"twitter:data1\" content=\"&#36;74,75\" \/>\n\t<meta name=\"twitter:label2\" content=\"Availability\" \/>\n\t<meta name=\"twitter:data2\" content=\"In stock\" \/>\n<script type=\"application\/ld+json\" class=\"yoast-schema-graph\">{\"@context\":\"https:\/\/schema.org\",\"@graph\":[{\"@type\":\"WebSite\",\"@id\":\"https:\/\/comerciallin.com\/#website\",\"url\":\"https:\/\/comerciallin.com\/\",\"name\":\"tienda de electr\\u00f3nica y computaci\\u00f3n\",\"description\":\"Importadora de Electr\\u00f3nica y Computaci\\u00f3n\",\"potentialAction\":[{\"@type\":\"SearchAction\",\"target\":{\"@type\":\"EntryPoint\",\"urlTemplate\":\"https:\/\/comerciallin.com\/?s={search_term_string}\"},\"query-input\":\"required name=search_term_string\"}],\"inLanguage\":\"es\"},{\"@type\":\"ImageObject\",\"@id\":\"https:\/\/comerciallin.com\/index.php\/producto\/maquina-biometrico-f01h-dactilar\/#primaryimage\",\"inLanguage\":\"es\",\"url\":\"https:\/\/i0.wp.com\/comerciallin.com\/wp-content\/uploads\/2023\/12\/001-1.jpg?fit=1001%2C1001&ssl=1\",\"contentUrl\":\"https:\/\/i0.wp.com\/comerciallin.com\/wp-content\/uploads\/2023\/12\/001-1.jpg?fit=1001%2C1001&ssl=1\",\"width\":1001,\"height\":1001,\"caption\":\"MAQUINA BIOMETRICO F01H DACTILAR\"},{\"@type\":\"WebPage\",\"@id\":\"https:\/\/comerciallin.com\/index.php\/producto\/maquina-biometrico-f01h-dactilar\/#webpage\",\"url\":\"https:\/\/comerciallin.com\/index.php\/producto\/maquina-biometrico-f01h-dactilar\/\",\"name\":\"MAQUINA BIOMETRICO F01H DACTILAR - tienda de electr\\u00f3nica y computaci\\u00f3n\",\"isPartOf\":{\"@id\":\"https:\/\/comerciallin.com\/#website\"},\"primaryImageOfPage\":{\"@id\":\"https:\/\/comerciallin.com\/index.php\/producto\/maquina-biometrico-f01h-dactilar\/#primaryimage\"},\"datePublished\":\"2023-12-11T20:42:38+00:00\",\"dateModified\":\"2025-12-26T16:49:05+00:00\",\"breadcrumb\":{\"@id\":\"https:\/\/comerciallin.com\/index.php\/producto\/maquina-biometrico-f01h-dactilar\/#breadcrumb\"},\"inLanguage\":\"es\",\"potentialAction\":[{\"@type\":\"ReadAction\",\"target\":[\"https:\/\/comerciallin.com\/index.php\/producto\/maquina-biometrico-f01h-dactilar\/\"]}]},{\"@type\":\"BreadcrumbList\",\"@id\":\"https:\/\/comerciallin.com\/index.php\/producto\/maquina-biometrico-f01h-dactilar\/#breadcrumb\",\"itemListElement\":[{\"@type\":\"ListItem\",\"position\":1,\"name\":\"Inicio\",\"item\":\"https:\/\/comerciallin.com\/\"},{\"@type\":\"ListItem\",\"position\":2,\"name\":\"Shop\",\"item\":\"https:\/\/comerciallin.com\/?page_id=3853\"},{\"@type\":\"ListItem\",\"position\":3,\"name\":\"MAQUINA BIOMETRICO F01H DACTILAR\"}]}]}<\/script>\n<meta property=\"product:price:amount\" content=\"74.75\" \/>\n<meta property=\"product:price:currency\" content=\"USD\" \/>\n<meta property=\"og:availability\" content=\"instock\" \/>\n<meta property=\"product:availability\" content=\"instock\" \/>\n<meta property=\"product:retailer_item_id\" content=\"399915011201\" \/>\n<meta property=\"product:condition\" content=\"new\" \/>\n<!-- \/ Yoast SEO Premium plugin. -->","yoast_head_json":{"title":"MAQUINA BIOMETRICO F01H DACTILAR - tienda de electr\u00f3nica y computaci\u00f3n","robots":{"index":"index","follow":"follow","max-snippet":"max-snippet:-1","max-image-preview":"max-image-preview:large","max-video-preview":"max-video-preview:-1"},"canonical":"https:\/\/comerciallin.com\/index.php\/producto\/maquina-biometrico-f01h-dactilar\/","og_locale":"es_ES","og_type":"article","og_title":"MAQUINA BIOMETRICO F01H DACTILAR","og_description":"El registrador de tiempo de huellas dactilares F01 H es una soluci\u00f3n simple y asequible para realizar un seguimiento de la asistencia de los empleados.","og_url":"https:\/\/comerciallin.com\/index.php\/producto\/maquina-biometrico-f01h-dactilar\/","og_site_name":"tienda de electr\u00f3nica y computaci\u00f3n","article_modified_time":"2025-12-26T16:49:05+00:00","og_image":[{"width":1001,"height":1001,"url":"https:\/\/comerciallin.com\/wp-content\/uploads\/2023\/12\/001-1.jpg","type":"image\/jpeg"}],"twitter_card":"summary_large_image","twitter_misc":{"Precio":"&#36;74,75","Availability":"In stock"},"schema":{"@context":"https:\/\/schema.org","@graph":[{"@type":"WebSite","@id":"https:\/\/comerciallin.com\/#website","url":"https:\/\/comerciallin.com\/","name":"tienda de electr\u00f3nica y computaci\u00f3n","description":"Importadora de Electr\u00f3nica y Computaci\u00f3n","potentialAction":[{"@type":"SearchAction","target":{"@type":"EntryPoint","urlTemplate":"https:\/\/comerciallin.com\/?s={search_term_string}"},"query-input":"required name=search_term_string"}],"inLanguage":"es"},{"@type":"ImageObject","@id":"https:\/\/comerciallin.com\/index.php\/producto\/maquina-biometrico-f01h-dactilar\/#primaryimage","inLanguage":"es","url":"https:\/\/i0.wp.com\/comerciallin.com\/wp-content\/uploads\/2023\/12\/001-1.jpg?fit=1001%2C1001&ssl=1","contentUrl":"https:\/\/i0.wp.com\/comerciallin.com\/wp-content\/uploads\/2023\/12\/001-1.jpg?fit=1001%2C1001&ssl=1","width":1001,"height":1001,"caption":"MAQUINA BIOMETRICO F01H DACTILAR"},{"@type":"WebPage","@id":"https:\/\/comerciallin.com\/index.php\/producto\/maquina-biometrico-f01h-dactilar\/#webpage","url":"https:\/\/comerciallin.com\/index.php\/producto\/maquina-biometrico-f01h-dactilar\/","name":"MAQUINA BIOMETRICO F01H DACTILAR - tienda de electr\u00f3nica y computaci\u00f3n","isPartOf":{"@id":"https:\/\/comerciallin.com\/#website"},"primaryImageOfPage":{"@id":"https:\/\/comerciallin.com\/index.php\/producto\/maquina-biometrico-f01h-dactilar\/#primaryimage"},"datePublished":"2023-12-11T20:42:38+00:00","dateModified":"2025-12-26T16:49:05+00:00","breadcrumb":{"@id":"https:\/\/comerciallin.com\/index.php\/producto\/maquina-biometrico-f01h-dactilar\/#breadcrumb"},"inLanguage":"es","potentialAction":[{"@type":"ReadAction","target":["https:\/\/comerciallin.com\/index.php\/producto\/maquina-biometrico-f01h-dactilar\/"]}]},{"@type":"BreadcrumbList","@id":"https:\/\/comerciallin.com\/index.php\/producto\/maquina-biometrico-f01h-dactilar\/#breadcrumb","itemListElement":[{"@type":"ListItem","position":1,"name":"Inicio","item":"https:\/\/comerciallin.com\/"},{"@type":"ListItem","position":2,"name":"Shop","item":"https:\/\/comerciallin.com\/?page_id=3853"},{"@type":"ListItem","position":3,"name":"MAQUINA BIOMETRICO F01H DACTILAR"}]}]},"product_price_amount":"74.75","product_price_currency":"USD","og_availability":"instock","product_availability":"instock","product_retailer_item_id":"399915011201","product_condition":"new"},"jetpack-related-posts":[{"id":25998,"url":"https:\/\/comerciallin.com\/index.php\/producto\/maquina-biometrico-fa01h-dact-facial\/","url_meta":{"origin":25999,"position":0},"title":"MAQUINA BIOMETRICO FA01H DACT-FACIAL","date":"11 de diciembre de 2023","format":false,"excerpt":"\u00bfBusca una soluci\u00f3n de asistencia biom\u00e9trica que sea precisa, segura y f\u00e1cil de usar? La m\u00e1quina de asistencia Face Time FA01 H es la respuesta.","rel":"","context":"Entrada similar","img":{"alt_text":"MAQUINA BIOMETRICO FA01H DACT-FACIAL","src":"https:\/\/i0.wp.com\/comerciallin.com\/wp-content\/uploads\/2023\/12\/399915011201-5.jpeg?fit=800%2C800&ssl=1&resize=350%2C200","width":350,"height":200},"classes":[]},{"id":22511,"url":"https:\/\/comerciallin.com\/index.php\/producto\/teclado-p-lapto-comp-hp-15n-15e-15g-15r\/","url_meta":{"origin":25999,"position":1},"title":"TECLADO P. LAPTO COMP HP 15N 15E 15G 15R","date":"19 de abril de 2023","format":false,"excerpt":"El teclado HP 15-N es un teclado de repuesto compatible con los modelos de port\u00e1tiles HP 15-N, 15-G, 15-H, 15-R y 250 G2. Es de color negro y tiene un dise\u00f1o est\u00e1ndar con todas las teclas y funciones necesarias para escribir c\u00f3modamente.","rel":"","context":"Entrada similar","img":{"alt_text":"","src":"","width":0,"height":0},"classes":[]},{"id":24504,"url":"https:\/\/comerciallin.com\/index.php\/producto\/pedestal-p-luces-ku-31168-h-0133m\/","url_meta":{"origin":25999,"position":2},"title":"PEDESTAL P. LUCES KU-31168 H-013(3M)","date":"3 de julio de 2023","format":false,"excerpt":"","rel":"","context":"Entrada similar","img":{"alt_text":"","src":"","width":0,"height":0},"classes":[]},{"id":24506,"url":"https:\/\/comerciallin.com\/index.php\/producto\/pedestal-p-luces-ku-31168-h-0133m-2\/","url_meta":{"origin":25999,"position":3},"title":"PEDESTAL P. LUCES KU-31168 H-013(3M)","date":"3 de julio de 2023","format":false,"excerpt":"","rel":"","context":"Entrada similar","img":{"alt_text":"","src":"","width":0,"height":0},"classes":[]},{"id":18779,"url":"https:\/\/comerciallin.com\/index.php\/producto\/charger-doctor\/","url_meta":{"origin":25999,"position":4},"title":"CHARGER DOCTOR","date":"7 de noviembre de 2022","format":false,"excerpt":"Verifique la potencia de salida de su puerto USB al dispositivo final y lea la corriente y el voltaje directamente en tiempo real. Nuestro AZDelivery USB Charger Doctor admite 0,0 A - 3,0 A \/ 3,5 V - 7,0 V con una precisi\u00f3n de 0,01 A y 0,01 V. Adquieres\u2026","rel":"","context":"Entrada similar","img":{"alt_text":"","src":"","width":0,"height":0},"classes":[]},{"id":21011,"url":"https:\/\/comerciallin.com\/index.php\/producto\/pc-intel-core-i3-10100-3-6ghz\/","url_meta":{"origin":25999,"position":5},"title":"Pc Intel Core\u00ae I3-10100 3.6GHZ","date":"1 de diciembre de 2022","format":false,"excerpt":"Procesador: Intel Core\u00ae I3-10100 3.6GHZ\u00a0| D\u00e9cima Generaci\u00f3n Gr\u00e1ficos:\u00a0UHD\u00a0Intel\u00ae 630 Motherboard:\u00a0Gigabyte\u00a0H510M H RAM:8GB\u00a0DDR4 2400MHz Almacenamiento: SSD\u00a0240GB GIGABYTE Teclado \/ Mouse \/ Parlantes Garantia de 1 a\u00f1o en todos los componenetes","rel":"","context":"Entrada similar","img":{"alt_text":"Pc Intel Core\u00ae I3-10100 3.6GHZ","src":"https:\/\/i0.wp.com\/comerciallin.com\/wp-content\/uploads\/2022\/12\/corei3240gb8gb.jpg?fit=992%2C744&ssl=1&resize=350%2C200","width":350,"height":200},"classes":[]}],"jetpack_sharing_enabled":true,"jetpack_likes_enabled":true,"_links":{"self":[{"href":"https:\/\/comerciallin.com\/index.php\/wp-json\/wp\/v2\/product\/25999"}],"collection":[{"href":"https:\/\/comerciallin.com\/index.php\/wp-json\/wp\/v2\/product"}],"about":[{"href":"https:\/\/comerciallin.com\/index.php\/wp-json\/wp\/v2\/types\/product"}],"replies":[{"embeddable":true,"href":"https:\/\/comerciallin.com\/index.php\/wp-json\/wp\/v2\/comments?post=25999"}],"wp:featuredmedia":[{"embeddable":true,"href":"https:\/\/comerciallin.com\/index.php\/wp-json\/wp\/v2\/media\/26000"}],"wp:attachment":[{"href":"https:\/\/comerciallin.com\/index.php\/wp-json\/wp\/v2\/media?parent=25999"}],"wp:term":[{"taxonomy":"product_cat","embeddable":true,"href":"https:\/\/comerciallin.com\/index.php\/wp-json\/wp\/v2\/product_cat?post=25999"},{"taxonomy":"product_tag","embeddable":true,"href":"https:\/\/comerciallin.com\/index.php\/wp-json\/wp\/v2\/product_tag?post=25999"}],"curies":[{"name":"wp","href":"https:\/\/api.w.org\/{rel}","templated":true}]}}