{"id":25998,"date":"2023-12-11T15:42:20","date_gmt":"2023-12-11T20:42:20","guid":{"rendered":""},"modified":"2025-12-26T11:48:14","modified_gmt":"2025-12-26T16:48:14","slug":"maquina-biometrico-fa01h-dact-facial","status":"publish","type":"product","link":"https:\/\/comerciallin.com\/index.php\/producto\/maquina-biometrico-fa01h-dact-facial\/","title":{"rendered":"MAQUINA BIOMETRICO FA01H DACT-FACIAL"},"content":{"rendered":"<p data-sourcepos=\"5:1-5:144\">&iquest;Busca una soluci&oacute;n de asistencia biom&eacute;trica que sea precisa, segura y f&aacute;cil de usar? La m&aacute;quina de asistencia Face Time FA01 H es la respuesta.<\/p>\n<p data-sourcepos=\"7:1-7:349\">La m&aacute;quina Face Time FA01 H combina el reconocimiento de huellas dactilares y facial para una precisi&oacute;n inigualable. El sensor de huellas dactilares puede identificar a los empleados con un solo toque, mientras que el sensor de reconocimiento facial puede identificar a los empleados incluso con cambios de apariencia, como barba, gafas o sombreros.<\/p>\n<p data-sourcepos=\"9:1-9:159\">Adem&aacute;s de su precisi&oacute;n, la m&aacute;quina Face Time FA01 H tambi&eacute;n es muy segura. La m&aacute;quina utiliza cifrado AES de 256 bits para proteger los datos de los empleados.<\/p>\n<p data-sourcepos=\"11:1-11:231\">La m&aacute;quina Face Time FA01 H tambi&eacute;n es muy f&aacute;cil de usar. La m&aacute;quina viene con un software gratuito que permite a los administradores de la empresa crear y administrar perfiles de empleados, as&iacute; como generar informes de asistencia.<\/p>\n<p data-sourcepos=\"13:1-13:121\">Aqu&iacute; hay algunos de los beneficios que su empresa puede obtener al implementar la m&aacute;quina de asistencia Face Time FA01 H:<\/p>\n<ul data-sourcepos=\"15:1-18:0\">\n<li data-sourcepos=\"15:1-15:224\"><strong>Aumento de la precisi&oacute;n y la seguridad de la asistencia:<\/strong><span>&nbsp;<\/span>La m&aacute;quina Face Time FA01 H puede ayudar a su empresa a reducir el fraude de asistencia y garantizar que los empleados se registren y desregistren correctamente.<\/li>\n<li data-sourcepos=\"16:1-16:188\"><strong>Mejora de la productividad:<\/strong><span>&nbsp;<\/span>La m&aacute;quina Face Time FA01 H puede ayudar a su empresa a mejorar la productividad al reducir el tiempo que los empleados dedican a registrar su asistencia.<\/li>\n<li data-sourcepos=\"17:1-18:0\"><strong>Reducci&oacute;n de los costes:<\/strong><span>&nbsp;<\/span>La m&aacute;quina Face Time FA01 H puede ayudar a su empresa a reducir los costes asociados a la gesti&oacute;n de la asistencia, como los costes de papel y de mano de obra.<\/li>\n<\/ul>\n<p data-sourcepos=\"19:1-19:205\">Si est&aacute; buscando una soluci&oacute;n de asistencia biom&eacute;trica que ofrezca una precisi&oacute;n, seguridad y facilidad de uso inigualables, la m&aacute;quina de asistencia Face Time FA01 H es la opci&oacute;n perfecta para su empresa.<\/p>\n","protected":false},"excerpt":{"rendered":"<p>\u00bfBusca una soluci\u00f3n de asistencia biom\u00e9trica que sea precisa, segura y f\u00e1cil de usar? La m\u00e1quina de asistencia Face Time FA01 H es la respuesta.<\/p>\n","protected":false},"featured_media":26004,"comment_status":"open","ping_status":"closed","template":"","meta":{"spay_email":""},"product_cat":[917],"product_tag":[],"supplier_id":null,"supplier_sku":"","barcode":null,"atum_controlled":true,"out_stock_date":null,"out_stock_threshold":null,"inheritable":false,"inbound_stock":null,"stock_on_hold":0,"sold_today":0,"sales_last_days":0,"reserved_stock":null,"customer_returns":null,"warehouse_damage":null,"lost_in_post":null,"other_logs":null,"out_stock_days":0,"lost_sales":0,"has_location":null,"update_date":"2026-05-01T00:12:19","atum_locations":[],"atum_stock_status":"instock","restock_status":false,"low_stock_amount":"","sales_update_date":"2026-05-01T00:12:19","calc_backorders":null,"acf":[],"yoast_head":"<!-- This site is optimized with the Yoast SEO Premium plugin v17.4 (Yoast SEO v17.4) - https:\/\/yoast.com\/wordpress\/plugins\/seo\/ -->\n<title>MAQUINA BIOMETRICO FA01H DACT-FACIAL - tienda de electr\u00f3nica y computaci\u00f3n<\/title>\n<meta name=\"robots\" content=\"index, follow, max-snippet:-1, max-image-preview:large, max-video-preview:-1\" \/>\n<link rel=\"canonical\" href=\"https:\/\/comerciallin.com\/index.php\/producto\/maquina-biometrico-fa01h-dact-facial\/\" \/>\n<meta property=\"og:locale\" content=\"es_ES\" \/>\n<meta property=\"og:type\" content=\"article\" \/>\n<meta property=\"og:title\" content=\"MAQUINA BIOMETRICO FA01H DACT-FACIAL\" \/>\n<meta property=\"og:description\" content=\"\u00bfBusca una soluci\u00f3n de asistencia biom\u00e9trica que sea precisa, segura y f\u00e1cil de usar? La m\u00e1quina de asistencia Face Time FA01 H es la respuesta.\" \/>\n<meta property=\"og:url\" content=\"https:\/\/comerciallin.com\/index.php\/producto\/maquina-biometrico-fa01h-dact-facial\/\" \/>\n<meta property=\"og:site_name\" content=\"tienda de electr\u00f3nica y computaci\u00f3n\" \/>\n<meta property=\"article:modified_time\" content=\"2025-12-26T16:48:14+00:00\" \/>\n<meta property=\"og:image\" content=\"https:\/\/comerciallin.com\/wp-content\/uploads\/2023\/12\/399915011201-5.jpeg\" \/>\n\t<meta property=\"og:image:width\" content=\"800\" \/>\n\t<meta property=\"og:image:height\" content=\"800\" \/>\n<meta name=\"twitter:card\" content=\"summary_large_image\" \/>\n<meta name=\"twitter:label1\" content=\"Precio\" \/>\n\t<meta name=\"twitter:data1\" content=\"&#36;109,25\" \/>\n\t<meta name=\"twitter:label2\" content=\"Availability\" \/>\n\t<meta name=\"twitter:data2\" content=\"In stock\" \/>\n<script type=\"application\/ld+json\" class=\"yoast-schema-graph\">{\"@context\":\"https:\/\/schema.org\",\"@graph\":[{\"@type\":\"WebSite\",\"@id\":\"https:\/\/comerciallin.com\/#website\",\"url\":\"https:\/\/comerciallin.com\/\",\"name\":\"tienda de electr\\u00f3nica y computaci\\u00f3n\",\"description\":\"Importadora de Electr\\u00f3nica y Computaci\\u00f3n\",\"potentialAction\":[{\"@type\":\"SearchAction\",\"target\":{\"@type\":\"EntryPoint\",\"urlTemplate\":\"https:\/\/comerciallin.com\/?s={search_term_string}\"},\"query-input\":\"required name=search_term_string\"}],\"inLanguage\":\"es\"},{\"@type\":\"ImageObject\",\"@id\":\"https:\/\/comerciallin.com\/index.php\/producto\/maquina-biometrico-fa01h-dact-facial\/#primaryimage\",\"inLanguage\":\"es\",\"url\":\"https:\/\/i0.wp.com\/comerciallin.com\/wp-content\/uploads\/2023\/12\/399915011201-5.jpeg?fit=800%2C800&ssl=1\",\"contentUrl\":\"https:\/\/i0.wp.com\/comerciallin.com\/wp-content\/uploads\/2023\/12\/399915011201-5.jpeg?fit=800%2C800&ssl=1\",\"width\":800,\"height\":800,\"caption\":\"MAQUINA BIOMETRICO FA01H DACT-FACIAL\"},{\"@type\":\"WebPage\",\"@id\":\"https:\/\/comerciallin.com\/index.php\/producto\/maquina-biometrico-fa01h-dact-facial\/#webpage\",\"url\":\"https:\/\/comerciallin.com\/index.php\/producto\/maquina-biometrico-fa01h-dact-facial\/\",\"name\":\"MAQUINA BIOMETRICO FA01H DACT-FACIAL - tienda de electr\\u00f3nica y computaci\\u00f3n\",\"isPartOf\":{\"@id\":\"https:\/\/comerciallin.com\/#website\"},\"primaryImageOfPage\":{\"@id\":\"https:\/\/comerciallin.com\/index.php\/producto\/maquina-biometrico-fa01h-dact-facial\/#primaryimage\"},\"datePublished\":\"2023-12-11T20:42:20+00:00\",\"dateModified\":\"2025-12-26T16:48:14+00:00\",\"breadcrumb\":{\"@id\":\"https:\/\/comerciallin.com\/index.php\/producto\/maquina-biometrico-fa01h-dact-facial\/#breadcrumb\"},\"inLanguage\":\"es\",\"potentialAction\":[{\"@type\":\"ReadAction\",\"target\":[\"https:\/\/comerciallin.com\/index.php\/producto\/maquina-biometrico-fa01h-dact-facial\/\"]}]},{\"@type\":\"BreadcrumbList\",\"@id\":\"https:\/\/comerciallin.com\/index.php\/producto\/maquina-biometrico-fa01h-dact-facial\/#breadcrumb\",\"itemListElement\":[{\"@type\":\"ListItem\",\"position\":1,\"name\":\"Inicio\",\"item\":\"https:\/\/comerciallin.com\/\"},{\"@type\":\"ListItem\",\"position\":2,\"name\":\"Shop\",\"item\":\"https:\/\/comerciallin.com\/?page_id=3853\"},{\"@type\":\"ListItem\",\"position\":3,\"name\":\"MAQUINA BIOMETRICO FA01H DACT-FACIAL\"}]}]}<\/script>\n<meta property=\"product:price:amount\" content=\"109.25\" \/>\n<meta property=\"product:price:currency\" content=\"USD\" \/>\n<meta property=\"og:availability\" content=\"instock\" \/>\n<meta property=\"product:availability\" content=\"instock\" \/>\n<meta property=\"product:retailer_item_id\" content=\"399915011202\" \/>\n<meta property=\"product:condition\" content=\"new\" \/>\n<!-- \/ Yoast SEO Premium plugin. -->","yoast_head_json":{"title":"MAQUINA BIOMETRICO FA01H DACT-FACIAL - tienda de electr\u00f3nica y computaci\u00f3n","robots":{"index":"index","follow":"follow","max-snippet":"max-snippet:-1","max-image-preview":"max-image-preview:large","max-video-preview":"max-video-preview:-1"},"canonical":"https:\/\/comerciallin.com\/index.php\/producto\/maquina-biometrico-fa01h-dact-facial\/","og_locale":"es_ES","og_type":"article","og_title":"MAQUINA BIOMETRICO FA01H DACT-FACIAL","og_description":"\u00bfBusca una soluci\u00f3n de asistencia biom\u00e9trica que sea precisa, segura y f\u00e1cil de usar? La m\u00e1quina de asistencia Face Time FA01 H es la respuesta.","og_url":"https:\/\/comerciallin.com\/index.php\/producto\/maquina-biometrico-fa01h-dact-facial\/","og_site_name":"tienda de electr\u00f3nica y computaci\u00f3n","article_modified_time":"2025-12-26T16:48:14+00:00","og_image":[{"width":800,"height":800,"url":"https:\/\/comerciallin.com\/wp-content\/uploads\/2023\/12\/399915011201-5.jpeg","type":"image\/jpeg"}],"twitter_card":"summary_large_image","twitter_misc":{"Precio":"&#36;109,25","Availability":"In stock"},"schema":{"@context":"https:\/\/schema.org","@graph":[{"@type":"WebSite","@id":"https:\/\/comerciallin.com\/#website","url":"https:\/\/comerciallin.com\/","name":"tienda de electr\u00f3nica y computaci\u00f3n","description":"Importadora de Electr\u00f3nica y Computaci\u00f3n","potentialAction":[{"@type":"SearchAction","target":{"@type":"EntryPoint","urlTemplate":"https:\/\/comerciallin.com\/?s={search_term_string}"},"query-input":"required name=search_term_string"}],"inLanguage":"es"},{"@type":"ImageObject","@id":"https:\/\/comerciallin.com\/index.php\/producto\/maquina-biometrico-fa01h-dact-facial\/#primaryimage","inLanguage":"es","url":"https:\/\/i0.wp.com\/comerciallin.com\/wp-content\/uploads\/2023\/12\/399915011201-5.jpeg?fit=800%2C800&ssl=1","contentUrl":"https:\/\/i0.wp.com\/comerciallin.com\/wp-content\/uploads\/2023\/12\/399915011201-5.jpeg?fit=800%2C800&ssl=1","width":800,"height":800,"caption":"MAQUINA BIOMETRICO FA01H DACT-FACIAL"},{"@type":"WebPage","@id":"https:\/\/comerciallin.com\/index.php\/producto\/maquina-biometrico-fa01h-dact-facial\/#webpage","url":"https:\/\/comerciallin.com\/index.php\/producto\/maquina-biometrico-fa01h-dact-facial\/","name":"MAQUINA BIOMETRICO FA01H DACT-FACIAL - tienda de electr\u00f3nica y computaci\u00f3n","isPartOf":{"@id":"https:\/\/comerciallin.com\/#website"},"primaryImageOfPage":{"@id":"https:\/\/comerciallin.com\/index.php\/producto\/maquina-biometrico-fa01h-dact-facial\/#primaryimage"},"datePublished":"2023-12-11T20:42:20+00:00","dateModified":"2025-12-26T16:48:14+00:00","breadcrumb":{"@id":"https:\/\/comerciallin.com\/index.php\/producto\/maquina-biometrico-fa01h-dact-facial\/#breadcrumb"},"inLanguage":"es","potentialAction":[{"@type":"ReadAction","target":["https:\/\/comerciallin.com\/index.php\/producto\/maquina-biometrico-fa01h-dact-facial\/"]}]},{"@type":"BreadcrumbList","@id":"https:\/\/comerciallin.com\/index.php\/producto\/maquina-biometrico-fa01h-dact-facial\/#breadcrumb","itemListElement":[{"@type":"ListItem","position":1,"name":"Inicio","item":"https:\/\/comerciallin.com\/"},{"@type":"ListItem","position":2,"name":"Shop","item":"https:\/\/comerciallin.com\/?page_id=3853"},{"@type":"ListItem","position":3,"name":"MAQUINA BIOMETRICO FA01H DACT-FACIAL"}]}]},"product_price_amount":"109.25","product_price_currency":"USD","og_availability":"instock","product_availability":"instock","product_retailer_item_id":"399915011202","product_condition":"new"},"jetpack-related-posts":[{"id":25999,"url":"https:\/\/comerciallin.com\/index.php\/producto\/maquina-biometrico-f01h-dactilar\/","url_meta":{"origin":25998,"position":0},"title":"MAQUINA BIOMETRICO F01H DACTILAR","date":"11 de diciembre de 2023","format":false,"excerpt":"El registrador de tiempo de huellas dactilares F01 H es una soluci\u00f3n simple y asequible para realizar un seguimiento de la asistencia de los empleados.","rel":"","context":"Entrada similar","img":{"alt_text":"MAQUINA BIOMETRICO F01H DACTILAR","src":"https:\/\/i0.wp.com\/comerciallin.com\/wp-content\/uploads\/2023\/12\/001-1.jpg?fit=1001%2C1001&ssl=1&resize=350%2C200","width":350,"height":200},"classes":[]},{"id":26051,"url":"https:\/\/comerciallin.com\/index.php\/producto\/mouse-genius-nx7009-azul-wireless\/","url_meta":{"origin":25998,"position":1},"title":"MOUSE GENIUS NX7009 AZUL WIRELESS","date":"26 de enero de 2024","format":false,"excerpt":"El mouse Genius NX7009 Wireless es una excelente opci\u00f3n para quienes buscan un mouse inal\u00e1mbrico silencioso y preciso. Este mouse tiene un dise\u00f1o ergon\u00f3mico que se adapta perfectamente a la mano, y cuenta con un sensor \u00f3ptico de alta precisi\u00f3n que proporciona un seguimiento suave y preciso. Adem\u00e1s, es silencioso\u2026","rel":"","context":"Entrada similar","img":{"alt_text":"MOUSE GENIUS NX7009 AZUL WIRELESS","src":"https:\/\/i0.wp.com\/comerciallin.com\/wp-content\/uploads\/2024\/01\/405403010109-1.jpg?fit=1080%2C1080&ssl=1&resize=350%2C200","width":350,"height":200},"classes":[]},{"id":25834,"url":"https:\/\/comerciallin.com\/index.php\/producto\/teclado-mouse-genius-km-200-combo-negro\/","url_meta":{"origin":25998,"position":2},"title":"TECLADO + MOUSE GENIUS KM-200 COMBO NEGRO","date":"17 de noviembre de 2023","format":false,"excerpt":"\u00a1El combo perfecto para tu PC o laptop! El teclado Genius KM-200 tiene un dise\u00f1o sencillo y c\u00f3modo. Cuenta con teclas de tama\u00f1o completo y un teclado num\u00e9rico para que puedas escribir y trabajar de manera eficiente. El mouse Genius KM-200 tiene un dise\u00f1o ergon\u00f3mico que se adapta a la\u2026","rel":"","context":"Entrada similar","img":{"alt_text":"","src":"","width":0,"height":0},"classes":[]},{"id":26059,"url":"https:\/\/comerciallin.com\/index.php\/producto\/tp-link-camara-ip-tapo-c100-full-hd-vis-noct\/","url_meta":{"origin":25998,"position":3},"title":"TP-LINK CAMARA IP TAPO C100 FULL HD VIS-+NOCT","date":"26 de enero de 2024","format":false,"excerpt":"La c\u00e1mara de seguridad TP-Link Tapo C100 1080p es una excelente opci\u00f3n para quienes buscan una c\u00e1mara de seguridad asequible y f\u00e1cil de usar. Esta c\u00e1mara ofrece video de alta definici\u00f3n de 1080p, visi\u00f3n nocturna, detecci\u00f3n de movimiento y notificaciones push.","rel":"","context":"Entrada similar","img":{"alt_text":"TP-LINK CAMARA IP TAPO C100 FULL HD VIS-+NOCT","src":"https:\/\/i0.wp.com\/comerciallin.com\/wp-content\/uploads\/2024\/01\/405403010114-1.jpg?fit=1080%2C1080&ssl=1&resize=350%2C200","width":350,"height":200},"classes":[]},{"id":25573,"url":"https:\/\/comerciallin.com\/index.php\/producto\/extensor-de-rango-tp-link-tl-wa855re-n300e\/","url_meta":{"origin":25998,"position":4},"title":"EXTENSOR DE RANGO TP-LINK TL-WA855RE N300E","date":"6 de septiembre de 2023","format":false,"excerpt":"Extensor de rango WiFi de 300 Mbps Dos antenas externas para una mejor recepci\u00f3n F\u00e1cil de configurar y usar","rel":"","context":"Entrada similar","img":{"alt_text":"EXTENSOR DE RANGO TP-LINK TL-WA855RE N300E","src":"https:\/\/i0.wp.com\/comerciallin.com\/wp-content\/uploads\/2023\/11\/305403090801.jpg?fit=1200%2C1200&ssl=1&resize=350%2C200","width":350,"height":200},"classes":[]}],"jetpack_sharing_enabled":true,"jetpack_likes_enabled":true,"_links":{"self":[{"href":"https:\/\/comerciallin.com\/index.php\/wp-json\/wp\/v2\/product\/25998"}],"collection":[{"href":"https:\/\/comerciallin.com\/index.php\/wp-json\/wp\/v2\/product"}],"about":[{"href":"https:\/\/comerciallin.com\/index.php\/wp-json\/wp\/v2\/types\/product"}],"replies":[{"embeddable":true,"href":"https:\/\/comerciallin.com\/index.php\/wp-json\/wp\/v2\/comments?post=25998"}],"wp:featuredmedia":[{"embeddable":true,"href":"https:\/\/comerciallin.com\/index.php\/wp-json\/wp\/v2\/media\/26004"}],"wp:attachment":[{"href":"https:\/\/comerciallin.com\/index.php\/wp-json\/wp\/v2\/media?parent=25998"}],"wp:term":[{"taxonomy":"product_cat","embeddable":true,"href":"https:\/\/comerciallin.com\/index.php\/wp-json\/wp\/v2\/product_cat?post=25998"},{"taxonomy":"product_tag","embeddable":true,"href":"https:\/\/comerciallin.com\/index.php\/wp-json\/wp\/v2\/product_tag?post=25998"}],"curies":[{"name":"wp","href":"https:\/\/api.w.org\/{rel}","templated":true}]}}