{"id":25846,"date":"2023-11-17T18:05:06","date_gmt":"2023-11-17T23:05:06","guid":{"rendered":""},"modified":"2025-12-26T11:48:14","modified_gmt":"2025-12-26T16:48:14","slug":"spliter-hdmi-1-x-4","status":"publish","type":"product","link":"https:\/\/comerciallin.com\/index.php\/producto\/spliter-hdmi-1-x-4\/","title":{"rendered":"SPLITER HDMI &#8211; 1 X 4"},"content":{"rendered":"<p>\u00bfQuieres compartir 4 pantallas a la vez?<br \/>\n \u00a1Este splitter HDMI 1&#215;4 es la soluci\u00f3n perfecta!<br \/>\n Con este splitter, podr\u00e1s conectar hasta cuatro pantallas a una sola fuente HDMI.<br \/>\n Ideal para presentaciones, juegos y entretenimiento en casa.<br \/>\n El splitter est\u00e1 hecho de materiales de alta calidad y est\u00e1 dise\u00f1ado para durar.<br \/>\n \u00a1No esperes m\u00e1s y adquiere tu splitter HDMI 1&#215;4 hoy mismo!<br \/>\n \u00a1\u00danete a nuestra comunidad en redes sociales y comienza a ahorrar hoy mismo!<\/p>\n","protected":false},"excerpt":{"rendered":"<p>\u00bfQuieres compartir 4 pantallas a la vez?<br \/>\n \u00a1Este splitter HDMI 1&#215;4 es la soluci\u00f3n perfecta!<br \/>\n Con este splitter, podr\u00e1s conectar hasta cuatro pantallas a una sola fuente HDMI.<br \/>\n Ideal para presentaciones, juegos y entretenimiento en casa.<br \/>\n El splitter est\u00e1 hecho de materiales de alta calidad y est\u00e1 dise\u00f1ado para durar.<br \/>\n \u00a1No esperes m\u00e1s y adquiere tu splitter HDMI 1&#215;4 hoy mismo!<br \/>\n \u00a1\u00danete a nuestra comunidad en redes sociales y comienza a ahorrar hoy mismo!<\/p>\n","protected":false},"featured_media":25978,"comment_status":"open","ping_status":"closed","template":"","meta":{"spay_email":""},"product_cat":[916],"product_tag":[],"supplier_id":null,"supplier_sku":"","barcode":null,"atum_controlled":true,"out_stock_date":null,"out_stock_threshold":null,"inheritable":false,"inbound_stock":null,"stock_on_hold":0,"sold_today":0,"sales_last_days":0,"reserved_stock":null,"customer_returns":null,"warehouse_damage":null,"lost_in_post":null,"other_logs":null,"out_stock_days":0,"lost_sales":0,"has_location":null,"update_date":"2026-05-02T00:12:33","atum_locations":[],"atum_stock_status":"instock","restock_status":false,"low_stock_amount":"","sales_update_date":"2026-05-02T00:12:33","calc_backorders":null,"acf":[],"yoast_head":"<!-- This site is optimized with the Yoast SEO Premium plugin v17.4 (Yoast SEO v17.4) - https:\/\/yoast.com\/wordpress\/plugins\/seo\/ -->\n<title>SPLITER HDMI - 1 X 4 - tienda de electr\u00f3nica y computaci\u00f3n<\/title>\n<meta name=\"robots\" content=\"index, follow, max-snippet:-1, max-image-preview:large, max-video-preview:-1\" \/>\n<link rel=\"canonical\" href=\"https:\/\/comerciallin.com\/index.php\/producto\/spliter-hdmi-1-x-4\/\" \/>\n<meta property=\"og:locale\" content=\"es_ES\" \/>\n<meta property=\"og:type\" content=\"article\" \/>\n<meta property=\"og:title\" content=\"SPLITER HDMI - 1 X 4\" \/>\n<meta property=\"og:description\" content=\"\u00bfQuieres compartir 4 pantallas a la vez? \u00a1Este splitter HDMI 1x4 es la soluci\u00f3n perfecta! Con este splitter, podr\u00e1s conectar hasta cuatro pantallas a una sola fuente HDMI. Ideal para presentaciones, juegos y entretenimiento en casa. El splitter est\u00e1 hecho de materiales de alta calidad y est\u00e1 dise\u00f1ado para durar. \u00a1No esperes m\u00e1s y adquiere tu splitter HDMI 1x4 hoy mismo! \u00a1\u00danete a nuestra comunidad en redes sociales y comienza a ahorrar hoy mismo!\" \/>\n<meta property=\"og:url\" content=\"https:\/\/comerciallin.com\/index.php\/producto\/spliter-hdmi-1-x-4\/\" \/>\n<meta property=\"og:site_name\" content=\"tienda de electr\u00f3nica y computaci\u00f3n\" \/>\n<meta property=\"article:modified_time\" content=\"2025-12-26T16:48:14+00:00\" \/>\n<meta name=\"twitter:card\" content=\"summary_large_image\" \/>\n<meta name=\"twitter:image\" content=\"https:\/\/i0.wp.com\/comerciallin.com\/wp-content\/uploads\/2023\/11\/321403011005-2.jpg?fit=%2C&amp;ssl=1\" \/>\n<meta name=\"twitter:label1\" content=\"Precio\" \/>\n\t<meta name=\"twitter:data1\" content=\"&#36;14,26\" \/>\n\t<meta name=\"twitter:label2\" content=\"Availability\" \/>\n\t<meta name=\"twitter:data2\" content=\"In stock\" \/>\n<script type=\"application\/ld+json\" class=\"yoast-schema-graph\">{\"@context\":\"https:\/\/schema.org\",\"@graph\":[{\"@type\":\"WebSite\",\"@id\":\"https:\/\/comerciallin.com\/#website\",\"url\":\"https:\/\/comerciallin.com\/\",\"name\":\"tienda de electr\\u00f3nica y computaci\\u00f3n\",\"description\":\"Importadora de Electr\\u00f3nica y Computaci\\u00f3n\",\"potentialAction\":[{\"@type\":\"SearchAction\",\"target\":{\"@type\":\"EntryPoint\",\"urlTemplate\":\"https:\/\/comerciallin.com\/?s={search_term_string}\"},\"query-input\":\"required name=search_term_string\"}],\"inLanguage\":\"es\"},{\"@type\":\"ImageObject\",\"@id\":\"https:\/\/comerciallin.com\/index.php\/producto\/spliter-hdmi-1-x-4\/#primaryimage\",\"inLanguage\":\"es\",\"url\":\"https:\/\/i0.wp.com\/comerciallin.com\/wp-content\/uploads\/2023\/11\/321403011005-2.jpg?fit=%2C&ssl=1\",\"contentUrl\":\"https:\/\/i0.wp.com\/comerciallin.com\/wp-content\/uploads\/2023\/11\/321403011005-2.jpg?fit=%2C&ssl=1\",\"caption\":\"SPLITER HDMI - 1 X 4\"},{\"@type\":\"WebPage\",\"@id\":\"https:\/\/comerciallin.com\/index.php\/producto\/spliter-hdmi-1-x-4\/#webpage\",\"url\":\"https:\/\/comerciallin.com\/index.php\/producto\/spliter-hdmi-1-x-4\/\",\"name\":\"SPLITER HDMI - 1 X 4 - tienda de electr\\u00f3nica y computaci\\u00f3n\",\"isPartOf\":{\"@id\":\"https:\/\/comerciallin.com\/#website\"},\"primaryImageOfPage\":{\"@id\":\"https:\/\/comerciallin.com\/index.php\/producto\/spliter-hdmi-1-x-4\/#primaryimage\"},\"datePublished\":\"2023-11-17T23:05:06+00:00\",\"dateModified\":\"2025-12-26T16:48:14+00:00\",\"breadcrumb\":{\"@id\":\"https:\/\/comerciallin.com\/index.php\/producto\/spliter-hdmi-1-x-4\/#breadcrumb\"},\"inLanguage\":\"es\",\"potentialAction\":[{\"@type\":\"ReadAction\",\"target\":[\"https:\/\/comerciallin.com\/index.php\/producto\/spliter-hdmi-1-x-4\/\"]}]},{\"@type\":\"BreadcrumbList\",\"@id\":\"https:\/\/comerciallin.com\/index.php\/producto\/spliter-hdmi-1-x-4\/#breadcrumb\",\"itemListElement\":[{\"@type\":\"ListItem\",\"position\":1,\"name\":\"Inicio\",\"item\":\"https:\/\/comerciallin.com\/\"},{\"@type\":\"ListItem\",\"position\":2,\"name\":\"Shop\",\"item\":\"https:\/\/comerciallin.com\/?page_id=3853\"},{\"@type\":\"ListItem\",\"position\":3,\"name\":\"SPLITER HDMI &#8211; 1 X 4\"}]}]}<\/script>\n<meta property=\"product:price:amount\" content=\"14.26\" \/>\n<meta property=\"product:price:currency\" content=\"USD\" \/>\n<meta property=\"og:availability\" content=\"instock\" \/>\n<meta property=\"product:availability\" content=\"instock\" \/>\n<meta property=\"product:retailer_item_id\" content=\"321403011005\" \/>\n<meta property=\"product:condition\" content=\"new\" \/>\n<!-- \/ Yoast SEO Premium plugin. -->","yoast_head_json":{"title":"SPLITER HDMI - 1 X 4 - tienda de electr\u00f3nica y computaci\u00f3n","robots":{"index":"index","follow":"follow","max-snippet":"max-snippet:-1","max-image-preview":"max-image-preview:large","max-video-preview":"max-video-preview:-1"},"canonical":"https:\/\/comerciallin.com\/index.php\/producto\/spliter-hdmi-1-x-4\/","og_locale":"es_ES","og_type":"article","og_title":"SPLITER HDMI - 1 X 4","og_description":"\u00bfQuieres compartir 4 pantallas a la vez? \u00a1Este splitter HDMI 1x4 es la soluci\u00f3n perfecta! Con este splitter, podr\u00e1s conectar hasta cuatro pantallas a una sola fuente HDMI. Ideal para presentaciones, juegos y entretenimiento en casa. El splitter est\u00e1 hecho de materiales de alta calidad y est\u00e1 dise\u00f1ado para durar. \u00a1No esperes m\u00e1s y adquiere tu splitter HDMI 1x4 hoy mismo! \u00a1\u00danete a nuestra comunidad en redes sociales y comienza a ahorrar hoy mismo!","og_url":"https:\/\/comerciallin.com\/index.php\/producto\/spliter-hdmi-1-x-4\/","og_site_name":"tienda de electr\u00f3nica y computaci\u00f3n","article_modified_time":"2025-12-26T16:48:14+00:00","twitter_card":"summary_large_image","twitter_image":"https:\/\/i0.wp.com\/comerciallin.com\/wp-content\/uploads\/2023\/11\/321403011005-2.jpg?fit=%2C&ssl=1","twitter_misc":{"Precio":"&#36;14,26","Availability":"In stock"},"schema":{"@context":"https:\/\/schema.org","@graph":[{"@type":"WebSite","@id":"https:\/\/comerciallin.com\/#website","url":"https:\/\/comerciallin.com\/","name":"tienda de electr\u00f3nica y computaci\u00f3n","description":"Importadora de Electr\u00f3nica y Computaci\u00f3n","potentialAction":[{"@type":"SearchAction","target":{"@type":"EntryPoint","urlTemplate":"https:\/\/comerciallin.com\/?s={search_term_string}"},"query-input":"required name=search_term_string"}],"inLanguage":"es"},{"@type":"ImageObject","@id":"https:\/\/comerciallin.com\/index.php\/producto\/spliter-hdmi-1-x-4\/#primaryimage","inLanguage":"es","url":"https:\/\/i0.wp.com\/comerciallin.com\/wp-content\/uploads\/2023\/11\/321403011005-2.jpg?fit=%2C&ssl=1","contentUrl":"https:\/\/i0.wp.com\/comerciallin.com\/wp-content\/uploads\/2023\/11\/321403011005-2.jpg?fit=%2C&ssl=1","caption":"SPLITER HDMI - 1 X 4"},{"@type":"WebPage","@id":"https:\/\/comerciallin.com\/index.php\/producto\/spliter-hdmi-1-x-4\/#webpage","url":"https:\/\/comerciallin.com\/index.php\/producto\/spliter-hdmi-1-x-4\/","name":"SPLITER HDMI - 1 X 4 - tienda de electr\u00f3nica y computaci\u00f3n","isPartOf":{"@id":"https:\/\/comerciallin.com\/#website"},"primaryImageOfPage":{"@id":"https:\/\/comerciallin.com\/index.php\/producto\/spliter-hdmi-1-x-4\/#primaryimage"},"datePublished":"2023-11-17T23:05:06+00:00","dateModified":"2025-12-26T16:48:14+00:00","breadcrumb":{"@id":"https:\/\/comerciallin.com\/index.php\/producto\/spliter-hdmi-1-x-4\/#breadcrumb"},"inLanguage":"es","potentialAction":[{"@type":"ReadAction","target":["https:\/\/comerciallin.com\/index.php\/producto\/spliter-hdmi-1-x-4\/"]}]},{"@type":"BreadcrumbList","@id":"https:\/\/comerciallin.com\/index.php\/producto\/spliter-hdmi-1-x-4\/#breadcrumb","itemListElement":[{"@type":"ListItem","position":1,"name":"Inicio","item":"https:\/\/comerciallin.com\/"},{"@type":"ListItem","position":2,"name":"Shop","item":"https:\/\/comerciallin.com\/?page_id=3853"},{"@type":"ListItem","position":3,"name":"SPLITER HDMI &#8211; 1 X 4"}]}]},"product_price_amount":"14.26","product_price_currency":"USD","og_availability":"instock","product_availability":"instock","product_retailer_item_id":"321403011005","product_condition":"new"},"jetpack-related-posts":[{"id":25842,"url":"https:\/\/comerciallin.com\/index.php\/producto\/adaptador-hdmi-vga-con-audio-2\/","url_meta":{"origin":25846,"position":0},"title":"ADAPTADOR HDMI A VGA \/ CON AUDIO","date":"17 de noviembre de 2023","format":false,"excerpt":"\u00a1Conecta tu dispositivo HDMI a cualquier pantalla VGA! \u00bfTienes un dispositivo con salida HDMI pero tu pantalla solo tiene entrada VGA? \u00a1No te preocupes, tenemos la soluci\u00f3n! Nuestro convertidor HDMI a VGA es la opci\u00f3n perfecta para ti. Es f\u00e1cil de usar y te permite conectar tu dispositivo HDMI a\u2026","rel":"","context":"Entrada similar","img":{"alt_text":"","src":"","width":0,"height":0},"classes":[]},{"id":25848,"url":"https:\/\/comerciallin.com\/index.php\/producto\/cable-hdmi-20mt\/","url_meta":{"origin":25846,"position":1},"title":"CABLE HDMI &#8211; 20MT","date":"17 de noviembre de 2023","format":false,"excerpt":"Disfruta de una imagen n\u00edtida y clara con nuestros cables HDMI! Nuestros cables HDMI est\u00e1n dise\u00f1ados para ofrecer una imagen n\u00edtida y clara, incluso en resoluciones 4K y 8K. Est\u00e1n fabricados con materiales de alta calidad y est\u00e1n cubiertos con un revestimiento resistente al desgaste. \u00a1P\u00eddelos hoy mismo y disfruta\u2026","rel":"","context":"Entrada similar","img":{"alt_text":"","src":"","width":0,"height":0},"classes":[]},{"id":25847,"url":"https:\/\/comerciallin.com\/index.php\/producto\/cable-hdmi-15mt-2\/","url_meta":{"origin":25846,"position":2},"title":"CABLE HDMI &#8211; 15MT","date":"17 de noviembre de 2023","format":false,"excerpt":"Disfruta de una imagen n\u00edtida y clara con nuestros cables HDMI! Nuestros cables HDMI est\u00e1n dise\u00f1ados para ofrecer una imagen n\u00edtida y clara, incluso en resoluciones 4K y 8K. Est\u00e1n fabricados con materiales de alta calidad y est\u00e1n cubiertos con un revestimiento resistente al desgaste. \u00a1P\u00eddelos hoy mismo y disfruta\u2026","rel":"","context":"Entrada similar","img":{"alt_text":"","src":"","width":0,"height":0},"classes":[]},{"id":26057,"url":"https:\/\/comerciallin.com\/index.php\/producto\/monitor-19-5-lg-led-20mk400hb-768p-hdmi-vga-2\/","url_meta":{"origin":25846,"position":3},"title":"MONITOR 19.5&#8243; LG LED 20MK400HB 768P HDMI-VGA","date":"26 de enero de 2024","format":false,"excerpt":"El monitor LG 20MK400HB es una excelente opci\u00f3n para quienes buscan un monitor asequible y de alta calidad. Este monitor tiene una pantalla de 19,5 pulgadas con una resoluci\u00f3n de 1366 x 768 p\u00edxeles.","rel":"","context":"Entrada similar","img":{"alt_text":"MONITOR 19.5\" LG LED 20MK400HB 768P HDMI-VGA","src":"https:\/\/i0.wp.com\/comerciallin.com\/wp-content\/uploads\/2024\/01\/405403010113-3.jpg?fit=1080%2C1080&ssl=1&resize=350%2C200","width":350,"height":200},"classes":[]},{"id":22485,"url":"https:\/\/comerciallin.com\/index.php\/producto\/union-hdmi-hdmi-hembra\/","url_meta":{"origin":25846,"position":4},"title":"UNION HDMI &#8211; HDMI HEMBRA","date":"19 de abril de 2023","format":false,"excerpt":"El acoplador HDMI, conecta 2 cables de Alta Definici\u00f3n para un obtener un cable m\u00e1s largo. Transmite se\u00f1ales de video de alta definici\u00f3n 1080P.","rel":"","context":"Entrada similar","img":{"alt_text":"UNION HDMI - HDMI HEMBRA","src":"https:\/\/i0.wp.com\/comerciallin.com\/wp-content\/uploads\/2023\/11\/373030130201.jpg?fit=1200%2C1200&ssl=1&resize=350%2C200","width":350,"height":200},"classes":[]},{"id":19569,"url":"https:\/\/comerciallin.com\/index.php\/producto\/spliter-hdmi-1x8-puerto-3d-1080p\/","url_meta":{"origin":25846,"position":5},"title":"SPLITER HDMI 1X8 PUERTO 3D 1080P","date":"7 de noviembre de 2022","format":false,"excerpt":"SPLITTER AMPLIFICADOR MULTIPLICADOR HDMI DE 1 ENTRADA A 8 SALIDAS 3D FULL HD 1080P","rel":"","context":"Entrada similar","img":{"alt_text":"","src":"","width":0,"height":0},"classes":[]}],"jetpack_sharing_enabled":true,"jetpack_likes_enabled":true,"_links":{"self":[{"href":"https:\/\/comerciallin.com\/index.php\/wp-json\/wp\/v2\/product\/25846"}],"collection":[{"href":"https:\/\/comerciallin.com\/index.php\/wp-json\/wp\/v2\/product"}],"about":[{"href":"https:\/\/comerciallin.com\/index.php\/wp-json\/wp\/v2\/types\/product"}],"replies":[{"embeddable":true,"href":"https:\/\/comerciallin.com\/index.php\/wp-json\/wp\/v2\/comments?post=25846"}],"wp:featuredmedia":[{"embeddable":true,"href":"https:\/\/comerciallin.com\/index.php\/wp-json\/wp\/v2\/media\/25978"}],"wp:attachment":[{"href":"https:\/\/comerciallin.com\/index.php\/wp-json\/wp\/v2\/media?parent=25846"}],"wp:term":[{"taxonomy":"product_cat","embeddable":true,"href":"https:\/\/comerciallin.com\/index.php\/wp-json\/wp\/v2\/product_cat?post=25846"},{"taxonomy":"product_tag","embeddable":true,"href":"https:\/\/comerciallin.com\/index.php\/wp-json\/wp\/v2\/product_tag?post=25846"}],"curies":[{"name":"wp","href":"https:\/\/api.w.org\/{rel}","templated":true}]}}