{"id":25837,"date":"2023-11-17T18:04:39","date_gmt":"2023-11-17T23:04:39","guid":{"rendered":"https:\/\/comerciallin.com\/index.php\/producto\/tp-link-switch-8puertos-ls1008g-10-100-mbps-2\/"},"modified":"2025-12-26T11:52:48","modified_gmt":"2025-12-26T16:52:48","slug":"tp-link-switch-8puertos-ls1008g-10-100-mbps-2","status":"publish","type":"product","link":"https:\/\/comerciallin.com\/index.php\/producto\/tp-link-switch-8puertos-ls1008g-10-100-mbps-2\/","title":{"rendered":"TP-LINK SWITCH 8PUERTOS LS1008G 10\/100 MBPS"},"content":{"rendered":"<p>\u00a1El switch de red perfecto para tu hogar u oficina!<br \/>\n El switch TP-Link LS1008 tiene un dise\u00f1o sencillo y compacto. Cuenta con 8 puertos 10\/100Mbps, lo que te permite conectar hasta 8 dispositivos a tu red.<br \/>\n El switch es f\u00e1cil de instalar y configurar. Simplemente con\u00e9ctalo a tu router y ya estar\u00e1s listo para empezar a usar tu red.<br \/>\n \u00a1P\u00eddelo hoy mismo y disfruta de una conectividad m\u00e1s r\u00e1pida y eficiente!<\/p>\n","protected":false},"excerpt":{"rendered":"<p>\u00a1El switch de red perfecto para tu hogar u oficina!<br \/>\n El switch TP-Link LS1008 tiene un dise\u00f1o sencillo y compacto. Cuenta con 8 puertos 10\/100Mbps, lo que te permite conectar hasta 8 dispositivos a tu red.<br \/>\n El switch es f\u00e1cil de instalar y configurar. Simplemente con\u00e9ctalo a tu router y ya estar\u00e1s listo para empezar a usar tu red.<br \/>\n \u00a1P\u00eddelo hoy mismo y disfruta de una conectividad m\u00e1s r\u00e1pida y eficiente!<\/p>\n","protected":false},"featured_media":25969,"comment_status":"open","ping_status":"closed","template":"","meta":{"spay_email":""},"product_cat":[799],"product_tag":[],"supplier_id":null,"supplier_sku":"","barcode":null,"atum_controlled":true,"out_stock_date":null,"out_stock_threshold":null,"inheritable":false,"inbound_stock":null,"stock_on_hold":0,"sold_today":0,"sales_last_days":0,"reserved_stock":null,"customer_returns":null,"warehouse_damage":null,"lost_in_post":null,"other_logs":null,"out_stock_days":0,"lost_sales":0,"has_location":null,"update_date":"2026-05-01T00:12:24","atum_locations":[],"atum_stock_status":"instock","restock_status":false,"low_stock_amount":"","sales_update_date":"2026-05-01T00:12:24","calc_backorders":null,"acf":[],"yoast_head":"<!-- This site is optimized with the Yoast SEO Premium plugin v17.4 (Yoast SEO v17.4) - https:\/\/yoast.com\/wordpress\/plugins\/seo\/ -->\n<title>TP-LINK SWITCH 8PUERTOS LS1008G 10\/100 MBPS - tienda de electr\u00f3nica y computaci\u00f3n<\/title>\n<meta name=\"robots\" content=\"index, follow, max-snippet:-1, max-image-preview:large, max-video-preview:-1\" \/>\n<link rel=\"canonical\" href=\"https:\/\/comerciallin.com\/index.php\/producto\/tp-link-switch-8puertos-ls1008g-10-100-mbps-2\/\" \/>\n<meta property=\"og:locale\" content=\"es_ES\" \/>\n<meta property=\"og:type\" content=\"article\" \/>\n<meta property=\"og:title\" content=\"TP-LINK SWITCH 8PUERTOS LS1008G 10\/100 MBPS\" \/>\n<meta property=\"og:description\" content=\"\u00a1El switch de red perfecto para tu hogar u oficina! El switch TP-Link LS1008 tiene un dise\u00f1o sencillo y compacto. Cuenta con 8 puertos 10\/100Mbps, lo que te permite conectar hasta 8 dispositivos a tu red. El switch es f\u00e1cil de instalar y configurar. Simplemente con\u00e9ctalo a tu router y ya estar\u00e1s listo para empezar a usar tu red. \u00a1P\u00eddelo hoy mismo y disfruta de una conectividad m\u00e1s r\u00e1pida y eficiente!\" \/>\n<meta property=\"og:url\" content=\"https:\/\/comerciallin.com\/index.php\/producto\/tp-link-switch-8puertos-ls1008g-10-100-mbps-2\/\" \/>\n<meta property=\"og:site_name\" content=\"tienda de electr\u00f3nica y computaci\u00f3n\" \/>\n<meta property=\"article:modified_time\" content=\"2025-12-26T16:52:48+00:00\" \/>\n<meta name=\"twitter:card\" content=\"summary_large_image\" \/>\n<meta name=\"twitter:image\" content=\"https:\/\/i0.wp.com\/comerciallin.com\/wp-content\/uploads\/2023\/11\/305403011010-2.jpg?fit=%2C&amp;ssl=1\" \/>\n<meta name=\"twitter:label1\" content=\"Precio\" \/>\n\t<meta name=\"twitter:data1\" content=\"&#36;12,65\" \/>\n\t<meta name=\"twitter:label2\" content=\"Availability\" \/>\n\t<meta name=\"twitter:data2\" content=\"In stock\" \/>\n<script type=\"application\/ld+json\" class=\"yoast-schema-graph\">{\"@context\":\"https:\/\/schema.org\",\"@graph\":[{\"@type\":\"WebSite\",\"@id\":\"https:\/\/comerciallin.com\/#website\",\"url\":\"https:\/\/comerciallin.com\/\",\"name\":\"tienda de electr\\u00f3nica y computaci\\u00f3n\",\"description\":\"Importadora de Electr\\u00f3nica y Computaci\\u00f3n\",\"potentialAction\":[{\"@type\":\"SearchAction\",\"target\":{\"@type\":\"EntryPoint\",\"urlTemplate\":\"https:\/\/comerciallin.com\/?s={search_term_string}\"},\"query-input\":\"required name=search_term_string\"}],\"inLanguage\":\"es\"},{\"@type\":\"ImageObject\",\"@id\":\"https:\/\/comerciallin.com\/index.php\/producto\/tp-link-switch-8puertos-ls1008g-10-100-mbps-2\/#primaryimage\",\"inLanguage\":\"es\",\"url\":\"https:\/\/i0.wp.com\/comerciallin.com\/wp-content\/uploads\/2023\/11\/305403011010-2.jpg?fit=%2C&ssl=1\",\"contentUrl\":\"https:\/\/i0.wp.com\/comerciallin.com\/wp-content\/uploads\/2023\/11\/305403011010-2.jpg?fit=%2C&ssl=1\",\"caption\":\"TP-LINK SWITCH 8PUERTOS LS1008G 10\/100 MBPS\"},{\"@type\":\"WebPage\",\"@id\":\"https:\/\/comerciallin.com\/index.php\/producto\/tp-link-switch-8puertos-ls1008g-10-100-mbps-2\/#webpage\",\"url\":\"https:\/\/comerciallin.com\/index.php\/producto\/tp-link-switch-8puertos-ls1008g-10-100-mbps-2\/\",\"name\":\"TP-LINK SWITCH 8PUERTOS LS1008G 10\/100 MBPS - tienda de electr\\u00f3nica y computaci\\u00f3n\",\"isPartOf\":{\"@id\":\"https:\/\/comerciallin.com\/#website\"},\"primaryImageOfPage\":{\"@id\":\"https:\/\/comerciallin.com\/index.php\/producto\/tp-link-switch-8puertos-ls1008g-10-100-mbps-2\/#primaryimage\"},\"datePublished\":\"2023-11-17T23:04:39+00:00\",\"dateModified\":\"2025-12-26T16:52:48+00:00\",\"breadcrumb\":{\"@id\":\"https:\/\/comerciallin.com\/index.php\/producto\/tp-link-switch-8puertos-ls1008g-10-100-mbps-2\/#breadcrumb\"},\"inLanguage\":\"es\",\"potentialAction\":[{\"@type\":\"ReadAction\",\"target\":[\"https:\/\/comerciallin.com\/index.php\/producto\/tp-link-switch-8puertos-ls1008g-10-100-mbps-2\/\"]}]},{\"@type\":\"BreadcrumbList\",\"@id\":\"https:\/\/comerciallin.com\/index.php\/producto\/tp-link-switch-8puertos-ls1008g-10-100-mbps-2\/#breadcrumb\",\"itemListElement\":[{\"@type\":\"ListItem\",\"position\":1,\"name\":\"Inicio\",\"item\":\"https:\/\/comerciallin.com\/\"},{\"@type\":\"ListItem\",\"position\":2,\"name\":\"Shop\",\"item\":\"https:\/\/comerciallin.com\/?page_id=3853\"},{\"@type\":\"ListItem\",\"position\":3,\"name\":\"TP-LINK SWITCH 8PUERTOS LS1008G 10\/100 MBPS\"}]}]}<\/script>\n<meta property=\"product:price:amount\" content=\"12.65\" \/>\n<meta property=\"product:price:currency\" content=\"USD\" \/>\n<meta property=\"og:availability\" content=\"instock\" \/>\n<meta property=\"product:availability\" content=\"instock\" \/>\n<meta property=\"product:retailer_item_id\" content=\"305403011010\" \/>\n<meta property=\"product:condition\" content=\"new\" \/>\n<!-- \/ Yoast SEO Premium plugin. -->","yoast_head_json":{"title":"TP-LINK SWITCH 8PUERTOS LS1008G 10\/100 MBPS - tienda de electr\u00f3nica y computaci\u00f3n","robots":{"index":"index","follow":"follow","max-snippet":"max-snippet:-1","max-image-preview":"max-image-preview:large","max-video-preview":"max-video-preview:-1"},"canonical":"https:\/\/comerciallin.com\/index.php\/producto\/tp-link-switch-8puertos-ls1008g-10-100-mbps-2\/","og_locale":"es_ES","og_type":"article","og_title":"TP-LINK SWITCH 8PUERTOS LS1008G 10\/100 MBPS","og_description":"\u00a1El switch de red perfecto para tu hogar u oficina! El switch TP-Link LS1008 tiene un dise\u00f1o sencillo y compacto. Cuenta con 8 puertos 10\/100Mbps, lo que te permite conectar hasta 8 dispositivos a tu red. El switch es f\u00e1cil de instalar y configurar. Simplemente con\u00e9ctalo a tu router y ya estar\u00e1s listo para empezar a usar tu red. \u00a1P\u00eddelo hoy mismo y disfruta de una conectividad m\u00e1s r\u00e1pida y eficiente!","og_url":"https:\/\/comerciallin.com\/index.php\/producto\/tp-link-switch-8puertos-ls1008g-10-100-mbps-2\/","og_site_name":"tienda de electr\u00f3nica y computaci\u00f3n","article_modified_time":"2025-12-26T16:52:48+00:00","twitter_card":"summary_large_image","twitter_image":"https:\/\/i0.wp.com\/comerciallin.com\/wp-content\/uploads\/2023\/11\/305403011010-2.jpg?fit=%2C&ssl=1","twitter_misc":{"Precio":"&#36;12,65","Availability":"In stock"},"schema":{"@context":"https:\/\/schema.org","@graph":[{"@type":"WebSite","@id":"https:\/\/comerciallin.com\/#website","url":"https:\/\/comerciallin.com\/","name":"tienda de electr\u00f3nica y computaci\u00f3n","description":"Importadora de Electr\u00f3nica y Computaci\u00f3n","potentialAction":[{"@type":"SearchAction","target":{"@type":"EntryPoint","urlTemplate":"https:\/\/comerciallin.com\/?s={search_term_string}"},"query-input":"required name=search_term_string"}],"inLanguage":"es"},{"@type":"ImageObject","@id":"https:\/\/comerciallin.com\/index.php\/producto\/tp-link-switch-8puertos-ls1008g-10-100-mbps-2\/#primaryimage","inLanguage":"es","url":"https:\/\/i0.wp.com\/comerciallin.com\/wp-content\/uploads\/2023\/11\/305403011010-2.jpg?fit=%2C&ssl=1","contentUrl":"https:\/\/i0.wp.com\/comerciallin.com\/wp-content\/uploads\/2023\/11\/305403011010-2.jpg?fit=%2C&ssl=1","caption":"TP-LINK SWITCH 8PUERTOS LS1008G 10\/100 MBPS"},{"@type":"WebPage","@id":"https:\/\/comerciallin.com\/index.php\/producto\/tp-link-switch-8puertos-ls1008g-10-100-mbps-2\/#webpage","url":"https:\/\/comerciallin.com\/index.php\/producto\/tp-link-switch-8puertos-ls1008g-10-100-mbps-2\/","name":"TP-LINK SWITCH 8PUERTOS LS1008G 10\/100 MBPS - tienda de electr\u00f3nica y computaci\u00f3n","isPartOf":{"@id":"https:\/\/comerciallin.com\/#website"},"primaryImageOfPage":{"@id":"https:\/\/comerciallin.com\/index.php\/producto\/tp-link-switch-8puertos-ls1008g-10-100-mbps-2\/#primaryimage"},"datePublished":"2023-11-17T23:04:39+00:00","dateModified":"2025-12-26T16:52:48+00:00","breadcrumb":{"@id":"https:\/\/comerciallin.com\/index.php\/producto\/tp-link-switch-8puertos-ls1008g-10-100-mbps-2\/#breadcrumb"},"inLanguage":"es","potentialAction":[{"@type":"ReadAction","target":["https:\/\/comerciallin.com\/index.php\/producto\/tp-link-switch-8puertos-ls1008g-10-100-mbps-2\/"]}]},{"@type":"BreadcrumbList","@id":"https:\/\/comerciallin.com\/index.php\/producto\/tp-link-switch-8puertos-ls1008g-10-100-mbps-2\/#breadcrumb","itemListElement":[{"@type":"ListItem","position":1,"name":"Inicio","item":"https:\/\/comerciallin.com\/"},{"@type":"ListItem","position":2,"name":"Shop","item":"https:\/\/comerciallin.com\/?page_id=3853"},{"@type":"ListItem","position":3,"name":"TP-LINK SWITCH 8PUERTOS LS1008G 10\/100 MBPS"}]}]},"product_price_amount":"12.65","product_price_currency":"USD","og_availability":"instock","product_availability":"instock","product_retailer_item_id":"305403011010","product_condition":"new"},"jetpack-related-posts":[{"id":19008,"url":"https:\/\/comerciallin.com\/index.php\/producto\/d-link-switch-8p-dgs-1008a-l-8pto-gigabit\/","url_meta":{"origin":25837,"position":0},"title":"D-LINK SWITCH 8P DGS-1008A\/L 8PTO GIGABIT","date":"7 de noviembre de 2022","format":false,"excerpt":"8-Port Gigabit Desktop SwitchDGS-1008A 8 puertos Gigabit para conexiones de alta velocidad Tecnolog\u00eda de ahorro de energ\u00eda QoS prioriza servicios como voz y video IGMP Snooping*","rel":"","context":"Entrada similar","img":{"alt_text":"","src":"","width":0,"height":0},"classes":[]},{"id":25573,"url":"https:\/\/comerciallin.com\/index.php\/producto\/extensor-de-rango-tp-link-tl-wa855re-n300e\/","url_meta":{"origin":25837,"position":1},"title":"EXTENSOR DE RANGO TP-LINK TL-WA855RE N300E","date":"6 de septiembre de 2023","format":false,"excerpt":"Extensor de rango WiFi de 300 Mbps Dos antenas externas para una mejor recepci\u00f3n F\u00e1cil de configurar y usar","rel":"","context":"Entrada similar","img":{"alt_text":"EXTENSOR DE RANGO TP-LINK TL-WA855RE N300E","src":"https:\/\/i0.wp.com\/comerciallin.com\/wp-content\/uploads\/2023\/11\/305403090801.jpg?fit=1200%2C1200&ssl=1&resize=350%2C200","width":350,"height":200},"classes":[]},{"id":19038,"url":"https:\/\/comerciallin.com\/index.php\/producto\/tp-link-router-archer-c64-ac120wifi5-gigabit\/","url_meta":{"origin":25837,"position":2},"title":"TP-LINK ROUTER ARCHER C64 AC120WIFI5\/GIGABIT","date":"7 de noviembre de 2022","format":false,"excerpt":"Wi-Fi 802.11ac Wave2 Cobertura WiFi mejorada MU-MIMO Beamforming Modo AP Conexi\u00f3n inteligente F\u00e1cil configuraci\u00f3n","rel":"","context":"Entrada similar","img":{"alt_text":"","src":"","width":0,"height":0},"classes":[]},{"id":19211,"url":"https:\/\/comerciallin.com\/index.php\/producto\/tp-link-router-archer-c6u-ac1200-4ant-mu-mimo\/","url_meta":{"origin":25837,"position":3},"title":"TP-LINK ROUTER ARCHER C6U AC1200 4ANT MU-MIMO","date":"7 de noviembre de 2022","format":false,"excerpt":"Wi-Fi de doble banda AC1200 Wi-Fi mejorada Wi-Fi para toda la casa M\u00e1s conexiones simult\u00e1neas Punto de acceso","rel":"","context":"Entrada similar","img":{"alt_text":"","src":"","width":0,"height":0},"classes":[]},{"id":26059,"url":"https:\/\/comerciallin.com\/index.php\/producto\/tp-link-camara-ip-tapo-c100-full-hd-vis-noct\/","url_meta":{"origin":25837,"position":4},"title":"TP-LINK CAMARA IP TAPO C100 FULL HD VIS-+NOCT","date":"26 de enero de 2024","format":false,"excerpt":"La c\u00e1mara de seguridad TP-Link Tapo C100 1080p es una excelente opci\u00f3n para quienes buscan una c\u00e1mara de seguridad asequible y f\u00e1cil de usar. Esta c\u00e1mara ofrece video de alta definici\u00f3n de 1080p, visi\u00f3n nocturna, detecci\u00f3n de movimiento y notificaciones push.","rel":"","context":"Entrada similar","img":{"alt_text":"TP-LINK CAMARA IP TAPO C100 FULL HD VIS-+NOCT","src":"https:\/\/i0.wp.com\/comerciallin.com\/wp-content\/uploads\/2024\/01\/405403010114-1.jpg?fit=1080%2C1080&ssl=1&resize=350%2C200","width":350,"height":200},"classes":[]}],"jetpack_sharing_enabled":true,"jetpack_likes_enabled":true,"_links":{"self":[{"href":"https:\/\/comerciallin.com\/index.php\/wp-json\/wp\/v2\/product\/25837"}],"collection":[{"href":"https:\/\/comerciallin.com\/index.php\/wp-json\/wp\/v2\/product"}],"about":[{"href":"https:\/\/comerciallin.com\/index.php\/wp-json\/wp\/v2\/types\/product"}],"replies":[{"embeddable":true,"href":"https:\/\/comerciallin.com\/index.php\/wp-json\/wp\/v2\/comments?post=25837"}],"wp:featuredmedia":[{"embeddable":true,"href":"https:\/\/comerciallin.com\/index.php\/wp-json\/wp\/v2\/media\/25969"}],"wp:attachment":[{"href":"https:\/\/comerciallin.com\/index.php\/wp-json\/wp\/v2\/media?parent=25837"}],"wp:term":[{"taxonomy":"product_cat","embeddable":true,"href":"https:\/\/comerciallin.com\/index.php\/wp-json\/wp\/v2\/product_cat?post=25837"},{"taxonomy":"product_tag","embeddable":true,"href":"https:\/\/comerciallin.com\/index.php\/wp-json\/wp\/v2\/product_tag?post=25837"}],"curies":[{"name":"wp","href":"https:\/\/api.w.org\/{rel}","templated":true}]}}