{"id":25804,"date":"2023-11-17T16:09:50","date_gmt":"2023-11-17T21:09:50","guid":{"rendered":""},"modified":"2025-12-26T11:47:03","modified_gmt":"2025-12-26T16:47:03","slug":"caja-amp-10-ks-10500-luc-blu-bat","status":"publish","type":"product","link":"https:\/\/comerciallin.com\/index.php\/producto\/caja-amp-10-ks-10500-luc-blu-bat\/","title":{"rendered":"CAJA AMP 10&#8243; KS-10500 LUC\/BLU\/BAT"},"content":{"rendered":"","protected":false},"excerpt":{"rendered":"","protected":false},"featured_media":25958,"comment_status":"open","ping_status":"closed","template":"","meta":{"spay_email":""},"product_cat":[914],"product_tag":[],"supplier_id":null,"supplier_sku":"","barcode":null,"atum_controlled":true,"out_stock_date":null,"out_stock_threshold":null,"inheritable":false,"inbound_stock":null,"stock_on_hold":0,"sold_today":0,"sales_last_days":0,"reserved_stock":null,"customer_returns":null,"warehouse_damage":null,"lost_in_post":null,"other_logs":null,"out_stock_days":0,"lost_sales":0,"has_location":null,"update_date":"2026-04-28T00:11:13","atum_locations":[],"atum_stock_status":"instock","restock_status":false,"low_stock_amount":"","sales_update_date":"2026-04-28T00:11:13","calc_backorders":null,"acf":[],"yoast_head":"<!-- This site is optimized with the Yoast SEO Premium plugin v17.4 (Yoast SEO v17.4) - https:\/\/yoast.com\/wordpress\/plugins\/seo\/ -->\n<title>CAJA AMP 10&quot; KS-10500 LUC\/BLU\/BAT - tienda de electr\u00f3nica y computaci\u00f3n<\/title>\n<meta name=\"robots\" content=\"index, follow, max-snippet:-1, max-image-preview:large, max-video-preview:-1\" \/>\n<link rel=\"canonical\" href=\"https:\/\/comerciallin.com\/index.php\/producto\/caja-amp-10-ks-10500-luc-blu-bat\/\" \/>\n<meta property=\"og:locale\" content=\"es_ES\" \/>\n<meta property=\"og:type\" content=\"article\" \/>\n<meta property=\"og:title\" content=\"CAJA AMP 10&quot; KS-10500 LUC\/BLU\/BAT\" \/>\n<meta property=\"og:url\" content=\"https:\/\/comerciallin.com\/index.php\/producto\/caja-amp-10-ks-10500-luc-blu-bat\/\" \/>\n<meta property=\"og:site_name\" content=\"tienda de electr\u00f3nica y computaci\u00f3n\" \/>\n<meta property=\"article:modified_time\" content=\"2025-12-26T16:47:03+00:00\" \/>\n<meta name=\"twitter:card\" content=\"summary_large_image\" \/>\n<meta name=\"twitter:image\" content=\"https:\/\/i0.wp.com\/comerciallin.com\/wp-content\/uploads\/2023\/11\/3861506011-2.jpg?fit=%2C&amp;ssl=1\" \/>\n<meta name=\"twitter:label1\" content=\"Precio\" \/>\n\t<meta name=\"twitter:data1\" content=\"&#36;49,45\" \/>\n\t<meta name=\"twitter:label2\" content=\"Availability\" \/>\n\t<meta name=\"twitter:data2\" content=\"In stock\" \/>\n<script type=\"application\/ld+json\" class=\"yoast-schema-graph\">{\"@context\":\"https:\/\/schema.org\",\"@graph\":[{\"@type\":\"WebSite\",\"@id\":\"https:\/\/comerciallin.com\/#website\",\"url\":\"https:\/\/comerciallin.com\/\",\"name\":\"tienda de electr\\u00f3nica y computaci\\u00f3n\",\"description\":\"Importadora de Electr\\u00f3nica y Computaci\\u00f3n\",\"potentialAction\":[{\"@type\":\"SearchAction\",\"target\":{\"@type\":\"EntryPoint\",\"urlTemplate\":\"https:\/\/comerciallin.com\/?s={search_term_string}\"},\"query-input\":\"required name=search_term_string\"}],\"inLanguage\":\"es\"},{\"@type\":\"ImageObject\",\"@id\":\"https:\/\/comerciallin.com\/index.php\/producto\/caja-amp-10-ks-10500-luc-blu-bat\/#primaryimage\",\"inLanguage\":\"es\",\"url\":\"https:\/\/i0.wp.com\/comerciallin.com\/wp-content\/uploads\/2023\/11\/3861506011-2.jpg?fit=%2C&ssl=1\",\"contentUrl\":\"https:\/\/i0.wp.com\/comerciallin.com\/wp-content\/uploads\/2023\/11\/3861506011-2.jpg?fit=%2C&ssl=1\",\"caption\":\"CAJA AMP 10\\\" KS-10500 LUC\/BLU\/BAT\"},{\"@type\":\"WebPage\",\"@id\":\"https:\/\/comerciallin.com\/index.php\/producto\/caja-amp-10-ks-10500-luc-blu-bat\/#webpage\",\"url\":\"https:\/\/comerciallin.com\/index.php\/producto\/caja-amp-10-ks-10500-luc-blu-bat\/\",\"name\":\"CAJA AMP 10\\\" KS-10500 LUC\/BLU\/BAT - tienda de electr\\u00f3nica y computaci\\u00f3n\",\"isPartOf\":{\"@id\":\"https:\/\/comerciallin.com\/#website\"},\"primaryImageOfPage\":{\"@id\":\"https:\/\/comerciallin.com\/index.php\/producto\/caja-amp-10-ks-10500-luc-blu-bat\/#primaryimage\"},\"datePublished\":\"2023-11-17T21:09:50+00:00\",\"dateModified\":\"2025-12-26T16:47:03+00:00\",\"breadcrumb\":{\"@id\":\"https:\/\/comerciallin.com\/index.php\/producto\/caja-amp-10-ks-10500-luc-blu-bat\/#breadcrumb\"},\"inLanguage\":\"es\",\"potentialAction\":[{\"@type\":\"ReadAction\",\"target\":[\"https:\/\/comerciallin.com\/index.php\/producto\/caja-amp-10-ks-10500-luc-blu-bat\/\"]}]},{\"@type\":\"BreadcrumbList\",\"@id\":\"https:\/\/comerciallin.com\/index.php\/producto\/caja-amp-10-ks-10500-luc-blu-bat\/#breadcrumb\",\"itemListElement\":[{\"@type\":\"ListItem\",\"position\":1,\"name\":\"Inicio\",\"item\":\"https:\/\/comerciallin.com\/\"},{\"@type\":\"ListItem\",\"position\":2,\"name\":\"Shop\",\"item\":\"https:\/\/comerciallin.com\/?page_id=3853\"},{\"@type\":\"ListItem\",\"position\":3,\"name\":\"CAJA AMP 10&#8243; KS-10500 LUC\/BLU\/BAT\"}]}]}<\/script>\n<meta property=\"product:price:amount\" content=\"49.45\" \/>\n<meta property=\"product:price:currency\" content=\"USD\" \/>\n<meta property=\"og:availability\" content=\"instock\" \/>\n<meta property=\"product:availability\" content=\"instock\" \/>\n<meta property=\"product:retailer_item_id\" content=\"3861506011\" \/>\n<meta property=\"product:condition\" content=\"new\" \/>\n<!-- \/ Yoast SEO Premium plugin. -->","yoast_head_json":{"title":"CAJA AMP 10\" KS-10500 LUC\/BLU\/BAT - tienda de electr\u00f3nica y computaci\u00f3n","robots":{"index":"index","follow":"follow","max-snippet":"max-snippet:-1","max-image-preview":"max-image-preview:large","max-video-preview":"max-video-preview:-1"},"canonical":"https:\/\/comerciallin.com\/index.php\/producto\/caja-amp-10-ks-10500-luc-blu-bat\/","og_locale":"es_ES","og_type":"article","og_title":"CAJA AMP 10\" KS-10500 LUC\/BLU\/BAT","og_url":"https:\/\/comerciallin.com\/index.php\/producto\/caja-amp-10-ks-10500-luc-blu-bat\/","og_site_name":"tienda de electr\u00f3nica y computaci\u00f3n","article_modified_time":"2025-12-26T16:47:03+00:00","twitter_card":"summary_large_image","twitter_image":"https:\/\/i0.wp.com\/comerciallin.com\/wp-content\/uploads\/2023\/11\/3861506011-2.jpg?fit=%2C&ssl=1","twitter_misc":{"Precio":"&#36;49,45","Availability":"In stock"},"schema":{"@context":"https:\/\/schema.org","@graph":[{"@type":"WebSite","@id":"https:\/\/comerciallin.com\/#website","url":"https:\/\/comerciallin.com\/","name":"tienda de electr\u00f3nica y computaci\u00f3n","description":"Importadora de Electr\u00f3nica y Computaci\u00f3n","potentialAction":[{"@type":"SearchAction","target":{"@type":"EntryPoint","urlTemplate":"https:\/\/comerciallin.com\/?s={search_term_string}"},"query-input":"required name=search_term_string"}],"inLanguage":"es"},{"@type":"ImageObject","@id":"https:\/\/comerciallin.com\/index.php\/producto\/caja-amp-10-ks-10500-luc-blu-bat\/#primaryimage","inLanguage":"es","url":"https:\/\/i0.wp.com\/comerciallin.com\/wp-content\/uploads\/2023\/11\/3861506011-2.jpg?fit=%2C&ssl=1","contentUrl":"https:\/\/i0.wp.com\/comerciallin.com\/wp-content\/uploads\/2023\/11\/3861506011-2.jpg?fit=%2C&ssl=1","caption":"CAJA AMP 10\" KS-10500 LUC\/BLU\/BAT"},{"@type":"WebPage","@id":"https:\/\/comerciallin.com\/index.php\/producto\/caja-amp-10-ks-10500-luc-blu-bat\/#webpage","url":"https:\/\/comerciallin.com\/index.php\/producto\/caja-amp-10-ks-10500-luc-blu-bat\/","name":"CAJA AMP 10\" KS-10500 LUC\/BLU\/BAT - tienda de electr\u00f3nica y computaci\u00f3n","isPartOf":{"@id":"https:\/\/comerciallin.com\/#website"},"primaryImageOfPage":{"@id":"https:\/\/comerciallin.com\/index.php\/producto\/caja-amp-10-ks-10500-luc-blu-bat\/#primaryimage"},"datePublished":"2023-11-17T21:09:50+00:00","dateModified":"2025-12-26T16:47:03+00:00","breadcrumb":{"@id":"https:\/\/comerciallin.com\/index.php\/producto\/caja-amp-10-ks-10500-luc-blu-bat\/#breadcrumb"},"inLanguage":"es","potentialAction":[{"@type":"ReadAction","target":["https:\/\/comerciallin.com\/index.php\/producto\/caja-amp-10-ks-10500-luc-blu-bat\/"]}]},{"@type":"BreadcrumbList","@id":"https:\/\/comerciallin.com\/index.php\/producto\/caja-amp-10-ks-10500-luc-blu-bat\/#breadcrumb","itemListElement":[{"@type":"ListItem","position":1,"name":"Inicio","item":"https:\/\/comerciallin.com\/"},{"@type":"ListItem","position":2,"name":"Shop","item":"https:\/\/comerciallin.com\/?page_id=3853"},{"@type":"ListItem","position":3,"name":"CAJA AMP 10&#8243; KS-10500 LUC\/BLU\/BAT"}]}]},"product_price_amount":"49.45","product_price_currency":"USD","og_availability":"instock","product_availability":"instock","product_retailer_item_id":"3861506011","product_condition":"new"},"jetpack-related-posts":[{"id":25778,"url":"https:\/\/comerciallin.com\/index.php\/producto\/caja-amp-15-ku-15909-blu-luc-mic\/","url_meta":{"origin":25804,"position":0},"title":"CAJA AMP 15&#8243; KU-15909 BLU\/LUC\/MIC","date":"17 de noviembre de 2023","format":false,"excerpt":"","rel":"","context":"Entrada similar","img":{"alt_text":"","src":"","width":0,"height":0},"classes":[]},{"id":25783,"url":"https:\/\/comerciallin.com\/index.php\/producto\/caja-amplificada-12-ku-236-blu-bat\/","url_meta":{"origin":25804,"position":1},"title":"CAJA AMPLIFICADA 12&#8243; KU-236 BLU.\/BAT.","date":"17 de noviembre de 2023","format":false,"excerpt":"","rel":"","context":"Entrada similar","img":{"alt_text":"","src":"","width":0,"height":0},"classes":[]},{"id":18723,"url":"https:\/\/comerciallin.com\/index.php\/producto\/mouse-kingsong-usb-ks-21-gn82-blue\/","url_meta":{"origin":25804,"position":2},"title":"MOUSE KINGSONG USB KS-21 &#8211; GN82 BLUE","date":"7 de noviembre de 2022","format":false,"excerpt":"Mouse compatible con:Color AzulWindows 7, 8, 8.1, 10Mac OS 10.7.4 o superiorPuerto USB","rel":"","context":"Entrada similar","img":{"alt_text":"","src":"","width":0,"height":0},"classes":[]},{"id":25792,"url":"https:\/\/comerciallin.com\/index.php\/producto\/caja-amp-10-ku-m1010-bl-1m\/","url_meta":{"origin":25804,"position":3},"title":"CAJA AMP 10&#8243; KU-M1010 BL\/1M","date":"17 de noviembre de 2023","format":false,"excerpt":"","rel":"","context":"Entrada similar","img":{"alt_text":"CAJA AMP 10\" KU-M1010 BL\/1M","src":"https:\/\/i0.wp.com\/comerciallin.com\/wp-content\/uploads\/2023\/11\/3511509011-2.jpg?fit=1080%2C1080&ssl=1&resize=350%2C200","width":350,"height":200},"classes":[]},{"id":20705,"url":"https:\/\/comerciallin.com\/index.php\/producto\/silla-secretaria-ks-808-blue\/","url_meta":{"origin":25804,"position":4},"title":"SILLA SECRETARIA KS-808 BLUE","date":"9 de noviembre de 2022","format":false,"excerpt":"Silla secretaria oficina Agr\u00e9gale estilo a tu home office, es moderna y sofisticada ofreciendo una imagen profesional","rel":"","context":"Entrada similar","img":{"alt_text":"","src":"","width":0,"height":0},"classes":[]},{"id":25786,"url":"https:\/\/comerciallin.com\/index.php\/producto\/caja-pasiva-15-ks-158600-500w-4ohm\/","url_meta":{"origin":25804,"position":5},"title":"CAJA PASIVA 15&#8243; KS-158600 500W 4OHM","date":"17 de noviembre de 2023","format":false,"excerpt":"","rel":"","context":"Entrada similar","img":{"alt_text":"","src":"","width":0,"height":0},"classes":[]}],"jetpack_sharing_enabled":true,"jetpack_likes_enabled":true,"_links":{"self":[{"href":"https:\/\/comerciallin.com\/index.php\/wp-json\/wp\/v2\/product\/25804"}],"collection":[{"href":"https:\/\/comerciallin.com\/index.php\/wp-json\/wp\/v2\/product"}],"about":[{"href":"https:\/\/comerciallin.com\/index.php\/wp-json\/wp\/v2\/types\/product"}],"replies":[{"embeddable":true,"href":"https:\/\/comerciallin.com\/index.php\/wp-json\/wp\/v2\/comments?post=25804"}],"wp:featuredmedia":[{"embeddable":true,"href":"https:\/\/comerciallin.com\/index.php\/wp-json\/wp\/v2\/media\/25958"}],"wp:attachment":[{"href":"https:\/\/comerciallin.com\/index.php\/wp-json\/wp\/v2\/media?parent=25804"}],"wp:term":[{"taxonomy":"product_cat","embeddable":true,"href":"https:\/\/comerciallin.com\/index.php\/wp-json\/wp\/v2\/product_cat?post=25804"},{"taxonomy":"product_tag","embeddable":true,"href":"https:\/\/comerciallin.com\/index.php\/wp-json\/wp\/v2\/product_tag?post=25804"}],"curies":[{"name":"wp","href":"https:\/\/api.w.org\/{rel}","templated":true}]}}