{"id":25800,"date":"2023-11-17T16:09:49","date_gmt":"2023-11-17T21:09:49","guid":{"rendered":""},"modified":"2025-01-14T13:59:23","modified_gmt":"2025-01-14T18:59:23","slug":"caja-amp-8-ku-1209-pantalla-mp5","status":"publish","type":"product","link":"https:\/\/comerciallin.com\/index.php\/producto\/caja-amp-8-ku-1209-pantalla-mp5\/","title":{"rendered":"CAJA AMP 8&#8243; KU-1209 PANTALLA MP5&#8243;"},"content":{"rendered":"","protected":false},"excerpt":{"rendered":"","protected":false},"featured_media":25955,"comment_status":"open","ping_status":"closed","template":"","meta":{"spay_email":""},"product_cat":[914],"product_tag":[],"supplier_id":null,"supplier_sku":"","barcode":null,"atum_controlled":true,"out_stock_date":null,"out_stock_threshold":null,"inheritable":false,"inbound_stock":null,"stock_on_hold":0,"sold_today":0,"sales_last_days":0,"reserved_stock":null,"customer_returns":null,"warehouse_damage":null,"lost_in_post":null,"other_logs":null,"out_stock_days":0,"lost_sales":0,"has_location":null,"update_date":"2026-04-27T00:09:42","atum_locations":[],"atum_stock_status":"instock","restock_status":false,"low_stock_amount":"","sales_update_date":"2026-04-27T00:09:42","calc_backorders":null,"acf":[],"yoast_head":"<!-- This site is optimized with the Yoast SEO Premium plugin v17.4 (Yoast SEO v17.4) - https:\/\/yoast.com\/wordpress\/plugins\/seo\/ -->\n<title>CAJA AMP 8&quot; KU-1209 PANTALLA MP5&quot; - tienda de electr\u00f3nica y computaci\u00f3n<\/title>\n<meta name=\"robots\" content=\"index, follow, max-snippet:-1, max-image-preview:large, max-video-preview:-1\" \/>\n<link rel=\"canonical\" href=\"https:\/\/comerciallin.com\/index.php\/producto\/caja-amp-8-ku-1209-pantalla-mp5\/\" \/>\n<meta property=\"og:locale\" content=\"es_ES\" \/>\n<meta property=\"og:type\" content=\"article\" \/>\n<meta property=\"og:title\" content=\"CAJA AMP 8&quot; KU-1209 PANTALLA MP5&quot;\" \/>\n<meta property=\"og:url\" content=\"https:\/\/comerciallin.com\/index.php\/producto\/caja-amp-8-ku-1209-pantalla-mp5\/\" \/>\n<meta property=\"og:site_name\" content=\"tienda de electr\u00f3nica y computaci\u00f3n\" \/>\n<meta property=\"article:modified_time\" content=\"2025-01-14T18:59:23+00:00\" \/>\n<meta name=\"twitter:card\" content=\"summary_large_image\" \/>\n<meta name=\"twitter:image\" content=\"https:\/\/i0.wp.com\/comerciallin.com\/wp-content\/uploads\/2023\/11\/3781608012-4.jpg?fit=%2C&amp;ssl=1\" \/>\n<meta name=\"twitter:label1\" content=\"Precio\" \/>\n\t<meta name=\"twitter:data1\" content=\"&#36;85,10\" \/>\n\t<meta name=\"twitter:label2\" content=\"Availability\" \/>\n\t<meta name=\"twitter:data2\" content=\"In stock\" \/>\n<script type=\"application\/ld+json\" class=\"yoast-schema-graph\">{\"@context\":\"https:\/\/schema.org\",\"@graph\":[{\"@type\":\"WebSite\",\"@id\":\"https:\/\/comerciallin.com\/#website\",\"url\":\"https:\/\/comerciallin.com\/\",\"name\":\"tienda de electr\\u00f3nica y computaci\\u00f3n\",\"description\":\"Importadora de Electr\\u00f3nica y Computaci\\u00f3n\",\"potentialAction\":[{\"@type\":\"SearchAction\",\"target\":{\"@type\":\"EntryPoint\",\"urlTemplate\":\"https:\/\/comerciallin.com\/?s={search_term_string}\"},\"query-input\":\"required name=search_term_string\"}],\"inLanguage\":\"es\"},{\"@type\":\"ImageObject\",\"@id\":\"https:\/\/comerciallin.com\/index.php\/producto\/caja-amp-8-ku-1209-pantalla-mp5\/#primaryimage\",\"inLanguage\":\"es\",\"url\":\"https:\/\/i0.wp.com\/comerciallin.com\/wp-content\/uploads\/2023\/11\/3781608012-4.jpg?fit=%2C&ssl=1\",\"contentUrl\":\"https:\/\/i0.wp.com\/comerciallin.com\/wp-content\/uploads\/2023\/11\/3781608012-4.jpg?fit=%2C&ssl=1\",\"caption\":\"CAJA AMP 8\\\" KU-1209 PANTALLA MP5\\\"\"},{\"@type\":\"WebPage\",\"@id\":\"https:\/\/comerciallin.com\/index.php\/producto\/caja-amp-8-ku-1209-pantalla-mp5\/#webpage\",\"url\":\"https:\/\/comerciallin.com\/index.php\/producto\/caja-amp-8-ku-1209-pantalla-mp5\/\",\"name\":\"CAJA AMP 8\\\" KU-1209 PANTALLA MP5\\\" - tienda de electr\\u00f3nica y computaci\\u00f3n\",\"isPartOf\":{\"@id\":\"https:\/\/comerciallin.com\/#website\"},\"primaryImageOfPage\":{\"@id\":\"https:\/\/comerciallin.com\/index.php\/producto\/caja-amp-8-ku-1209-pantalla-mp5\/#primaryimage\"},\"datePublished\":\"2023-11-17T21:09:49+00:00\",\"dateModified\":\"2025-01-14T18:59:23+00:00\",\"breadcrumb\":{\"@id\":\"https:\/\/comerciallin.com\/index.php\/producto\/caja-amp-8-ku-1209-pantalla-mp5\/#breadcrumb\"},\"inLanguage\":\"es\",\"potentialAction\":[{\"@type\":\"ReadAction\",\"target\":[\"https:\/\/comerciallin.com\/index.php\/producto\/caja-amp-8-ku-1209-pantalla-mp5\/\"]}]},{\"@type\":\"BreadcrumbList\",\"@id\":\"https:\/\/comerciallin.com\/index.php\/producto\/caja-amp-8-ku-1209-pantalla-mp5\/#breadcrumb\",\"itemListElement\":[{\"@type\":\"ListItem\",\"position\":1,\"name\":\"Inicio\",\"item\":\"https:\/\/comerciallin.com\/\"},{\"@type\":\"ListItem\",\"position\":2,\"name\":\"Shop\",\"item\":\"https:\/\/comerciallin.com\/?page_id=3853\"},{\"@type\":\"ListItem\",\"position\":3,\"name\":\"CAJA AMP 8&#8243; KU-1209 PANTALLA MP5&#8243;\"}]}]}<\/script>\n<meta property=\"product:price:amount\" content=\"85.10\" \/>\n<meta property=\"product:price:currency\" content=\"USD\" \/>\n<meta property=\"og:availability\" content=\"instock\" \/>\n<meta property=\"product:availability\" content=\"instock\" \/>\n<meta property=\"product:retailer_item_id\" content=\"3781608012\" \/>\n<meta property=\"product:condition\" content=\"new\" \/>\n<!-- \/ Yoast SEO Premium plugin. -->","yoast_head_json":{"title":"CAJA AMP 8\" KU-1209 PANTALLA MP5\" - tienda de electr\u00f3nica y computaci\u00f3n","robots":{"index":"index","follow":"follow","max-snippet":"max-snippet:-1","max-image-preview":"max-image-preview:large","max-video-preview":"max-video-preview:-1"},"canonical":"https:\/\/comerciallin.com\/index.php\/producto\/caja-amp-8-ku-1209-pantalla-mp5\/","og_locale":"es_ES","og_type":"article","og_title":"CAJA AMP 8\" KU-1209 PANTALLA MP5\"","og_url":"https:\/\/comerciallin.com\/index.php\/producto\/caja-amp-8-ku-1209-pantalla-mp5\/","og_site_name":"tienda de electr\u00f3nica y computaci\u00f3n","article_modified_time":"2025-01-14T18:59:23+00:00","twitter_card":"summary_large_image","twitter_image":"https:\/\/i0.wp.com\/comerciallin.com\/wp-content\/uploads\/2023\/11\/3781608012-4.jpg?fit=%2C&ssl=1","twitter_misc":{"Precio":"&#36;85,10","Availability":"In stock"},"schema":{"@context":"https:\/\/schema.org","@graph":[{"@type":"WebSite","@id":"https:\/\/comerciallin.com\/#website","url":"https:\/\/comerciallin.com\/","name":"tienda de electr\u00f3nica y computaci\u00f3n","description":"Importadora de Electr\u00f3nica y Computaci\u00f3n","potentialAction":[{"@type":"SearchAction","target":{"@type":"EntryPoint","urlTemplate":"https:\/\/comerciallin.com\/?s={search_term_string}"},"query-input":"required name=search_term_string"}],"inLanguage":"es"},{"@type":"ImageObject","@id":"https:\/\/comerciallin.com\/index.php\/producto\/caja-amp-8-ku-1209-pantalla-mp5\/#primaryimage","inLanguage":"es","url":"https:\/\/i0.wp.com\/comerciallin.com\/wp-content\/uploads\/2023\/11\/3781608012-4.jpg?fit=%2C&ssl=1","contentUrl":"https:\/\/i0.wp.com\/comerciallin.com\/wp-content\/uploads\/2023\/11\/3781608012-4.jpg?fit=%2C&ssl=1","caption":"CAJA AMP 8\" KU-1209 PANTALLA MP5\""},{"@type":"WebPage","@id":"https:\/\/comerciallin.com\/index.php\/producto\/caja-amp-8-ku-1209-pantalla-mp5\/#webpage","url":"https:\/\/comerciallin.com\/index.php\/producto\/caja-amp-8-ku-1209-pantalla-mp5\/","name":"CAJA AMP 8\" KU-1209 PANTALLA MP5\" - tienda de electr\u00f3nica y computaci\u00f3n","isPartOf":{"@id":"https:\/\/comerciallin.com\/#website"},"primaryImageOfPage":{"@id":"https:\/\/comerciallin.com\/index.php\/producto\/caja-amp-8-ku-1209-pantalla-mp5\/#primaryimage"},"datePublished":"2023-11-17T21:09:49+00:00","dateModified":"2025-01-14T18:59:23+00:00","breadcrumb":{"@id":"https:\/\/comerciallin.com\/index.php\/producto\/caja-amp-8-ku-1209-pantalla-mp5\/#breadcrumb"},"inLanguage":"es","potentialAction":[{"@type":"ReadAction","target":["https:\/\/comerciallin.com\/index.php\/producto\/caja-amp-8-ku-1209-pantalla-mp5\/"]}]},{"@type":"BreadcrumbList","@id":"https:\/\/comerciallin.com\/index.php\/producto\/caja-amp-8-ku-1209-pantalla-mp5\/#breadcrumb","itemListElement":[{"@type":"ListItem","position":1,"name":"Inicio","item":"https:\/\/comerciallin.com\/"},{"@type":"ListItem","position":2,"name":"Shop","item":"https:\/\/comerciallin.com\/?page_id=3853"},{"@type":"ListItem","position":3,"name":"CAJA AMP 8&#8243; KU-1209 PANTALLA MP5&#8243;"}]}]},"product_price_amount":"85.10","product_price_currency":"USD","og_availability":"instock","product_availability":"instock","product_retailer_item_id":"3781608012","product_condition":"new"},"jetpack-related-posts":[{"id":25792,"url":"https:\/\/comerciallin.com\/index.php\/producto\/caja-amp-10-ku-m1010-bl-1m\/","url_meta":{"origin":25800,"position":0},"title":"CAJA AMP 10&#8243; KU-M1010 BL\/1M","date":"17 de noviembre de 2023","format":false,"excerpt":"","rel":"","context":"Entrada similar","img":{"alt_text":"CAJA AMP 10\" KU-M1010 BL\/1M","src":"https:\/\/i0.wp.com\/comerciallin.com\/wp-content\/uploads\/2023\/11\/3511509011-2.jpg?fit=1080%2C1080&ssl=1&resize=350%2C200","width":350,"height":200},"classes":[]},{"id":25797,"url":"https:\/\/comerciallin.com\/index.php\/producto\/caja-amp-15-ku-1590\/","url_meta":{"origin":25800,"position":1},"title":"CAJA AMP 15&#8243; KU-1590","date":"17 de noviembre de 2023","format":false,"excerpt":"","rel":"","context":"Entrada similar","img":{"alt_text":"","src":"","width":0,"height":0},"classes":[]},{"id":25778,"url":"https:\/\/comerciallin.com\/index.php\/producto\/caja-amp-15-ku-15909-blu-luc-mic\/","url_meta":{"origin":25800,"position":2},"title":"CAJA AMP 15&#8243; KU-15909 BLU\/LUC\/MIC","date":"17 de noviembre de 2023","format":false,"excerpt":"","rel":"","context":"Entrada similar","img":{"alt_text":"","src":"","width":0,"height":0},"classes":[]},{"id":25794,"url":"https:\/\/comerciallin.com\/index.php\/producto\/caja-pasiva-12-ku-12066\/","url_meta":{"origin":25800,"position":3},"title":"CAJA PASIVA. 12&#8243; KU-12066","date":"17 de noviembre de 2023","format":false,"excerpt":"","rel":"","context":"Entrada similar","img":{"alt_text":"","src":"","width":0,"height":0},"classes":[]},{"id":25783,"url":"https:\/\/comerciallin.com\/index.php\/producto\/caja-amplificada-12-ku-236-blu-bat\/","url_meta":{"origin":25800,"position":4},"title":"CAJA AMPLIFICADA 12&#8243; KU-236 BLU.\/BAT.","date":"17 de noviembre de 2023","format":false,"excerpt":"","rel":"","context":"Entrada similar","img":{"alt_text":"","src":"","width":0,"height":0},"classes":[]},{"id":25781,"url":"https:\/\/comerciallin.com\/index.php\/producto\/caja-amp-15-sb-9000-7\/","url_meta":{"origin":25800,"position":5},"title":"CAJA AMP 15&#8243; SB-9000-7","date":"17 de noviembre de 2023","format":false,"excerpt":"","rel":"","context":"Entrada similar","img":{"alt_text":"CAJA AMP 15\" SB-9000-7","src":"https:\/\/i0.wp.com\/comerciallin.com\/wp-content\/uploads\/2023\/11\/345490114-2.jpg?fit=1080%2C1080&ssl=1&resize=350%2C200","width":350,"height":200},"classes":[]}],"jetpack_sharing_enabled":true,"jetpack_likes_enabled":true,"_links":{"self":[{"href":"https:\/\/comerciallin.com\/index.php\/wp-json\/wp\/v2\/product\/25800"}],"collection":[{"href":"https:\/\/comerciallin.com\/index.php\/wp-json\/wp\/v2\/product"}],"about":[{"href":"https:\/\/comerciallin.com\/index.php\/wp-json\/wp\/v2\/types\/product"}],"replies":[{"embeddable":true,"href":"https:\/\/comerciallin.com\/index.php\/wp-json\/wp\/v2\/comments?post=25800"}],"wp:featuredmedia":[{"embeddable":true,"href":"https:\/\/comerciallin.com\/index.php\/wp-json\/wp\/v2\/media\/25955"}],"wp:attachment":[{"href":"https:\/\/comerciallin.com\/index.php\/wp-json\/wp\/v2\/media?parent=25800"}],"wp:term":[{"taxonomy":"product_cat","embeddable":true,"href":"https:\/\/comerciallin.com\/index.php\/wp-json\/wp\/v2\/product_cat?post=25800"},{"taxonomy":"product_tag","embeddable":true,"href":"https:\/\/comerciallin.com\/index.php\/wp-json\/wp\/v2\/product_tag?post=25800"}],"curies":[{"name":"wp","href":"https:\/\/api.w.org\/{rel}","templated":true}]}}