{"id":25395,"date":"2023-08-31T16:34:56","date_gmt":"2023-08-31T21:34:56","guid":{"rendered":"https:\/\/comerciallin.com\/index.php\/producto\/multimetro-digital-kt7005-new\/"},"modified":"2025-12-26T11:44:45","modified_gmt":"2025-12-26T16:44:45","slug":"multimetro-digital-kt7005-new","status":"publish","type":"product","link":"https:\/\/comerciallin.com\/index.php\/producto\/multimetro-digital-kt7005-new\/","title":{"rendered":"MULTIMETRO DIGITAL KT7005 NEW"},"content":{"rendered":"","protected":false},"excerpt":{"rendered":"","protected":false},"featured_media":25519,"comment_status":"open","ping_status":"closed","template":"","meta":{"spay_email":""},"product_cat":[883],"product_tag":[],"supplier_id":null,"supplier_sku":"","barcode":null,"atum_controlled":true,"out_stock_date":null,"out_stock_threshold":null,"inheritable":false,"inbound_stock":null,"stock_on_hold":0,"sold_today":0,"sales_last_days":0,"reserved_stock":null,"customer_returns":null,"warehouse_damage":null,"lost_in_post":null,"other_logs":null,"out_stock_days":0,"lost_sales":0,"has_location":null,"update_date":"2026-04-27T00:09:48","atum_locations":[],"atum_stock_status":"instock","restock_status":false,"low_stock_amount":"","sales_update_date":"2026-04-27T00:09:48","calc_backorders":null,"acf":[],"yoast_head":"<!-- This site is optimized with the Yoast SEO Premium plugin v17.4 (Yoast SEO v17.4) - https:\/\/yoast.com\/wordpress\/plugins\/seo\/ -->\n<title>MULTIMETRO DIGITAL KT7005 NEW - tienda de electr\u00f3nica y computaci\u00f3n<\/title>\n<meta name=\"robots\" content=\"index, follow, max-snippet:-1, max-image-preview:large, max-video-preview:-1\" \/>\n<link rel=\"canonical\" href=\"https:\/\/comerciallin.com\/index.php\/producto\/multimetro-digital-kt7005-new\/\" \/>\n<meta property=\"og:locale\" content=\"es_ES\" \/>\n<meta property=\"og:type\" content=\"article\" \/>\n<meta property=\"og:title\" content=\"MULTIMETRO DIGITAL KT7005 NEW\" \/>\n<meta property=\"og:url\" content=\"https:\/\/comerciallin.com\/index.php\/producto\/multimetro-digital-kt7005-new\/\" \/>\n<meta property=\"og:site_name\" content=\"tienda de electr\u00f3nica y computaci\u00f3n\" \/>\n<meta property=\"article:modified_time\" content=\"2025-12-26T16:44:45+00:00\" \/>\n<meta name=\"twitter:card\" content=\"summary_large_image\" \/>\n<meta name=\"twitter:image\" content=\"https:\/\/i0.wp.com\/comerciallin.com\/wp-content\/uploads\/2023\/09\/3160913201.jpg?fit=%2C&amp;ssl=1\" \/>\n<meta name=\"twitter:label1\" content=\"Precio\" \/>\n\t<meta name=\"twitter:data1\" content=\"&#36;14,95\" \/>\n\t<meta name=\"twitter:label2\" content=\"Availability\" \/>\n\t<meta name=\"twitter:data2\" content=\"In stock\" \/>\n<script type=\"application\/ld+json\" class=\"yoast-schema-graph\">{\"@context\":\"https:\/\/schema.org\",\"@graph\":[{\"@type\":\"WebSite\",\"@id\":\"https:\/\/comerciallin.com\/#website\",\"url\":\"https:\/\/comerciallin.com\/\",\"name\":\"tienda de electr\\u00f3nica y computaci\\u00f3n\",\"description\":\"Importadora de Electr\\u00f3nica y Computaci\\u00f3n\",\"potentialAction\":[{\"@type\":\"SearchAction\",\"target\":{\"@type\":\"EntryPoint\",\"urlTemplate\":\"https:\/\/comerciallin.com\/?s={search_term_string}\"},\"query-input\":\"required name=search_term_string\"}],\"inLanguage\":\"es\"},{\"@type\":\"ImageObject\",\"@id\":\"https:\/\/comerciallin.com\/index.php\/producto\/multimetro-digital-kt7005-new\/#primaryimage\",\"inLanguage\":\"es\",\"url\":\"https:\/\/i0.wp.com\/comerciallin.com\/wp-content\/uploads\/2023\/09\/3160913201.jpg?fit=%2C&ssl=1\",\"contentUrl\":\"https:\/\/i0.wp.com\/comerciallin.com\/wp-content\/uploads\/2023\/09\/3160913201.jpg?fit=%2C&ssl=1\",\"caption\":\"3160913201\"},{\"@type\":\"WebPage\",\"@id\":\"https:\/\/comerciallin.com\/index.php\/producto\/multimetro-digital-kt7005-new\/#webpage\",\"url\":\"https:\/\/comerciallin.com\/index.php\/producto\/multimetro-digital-kt7005-new\/\",\"name\":\"MULTIMETRO DIGITAL KT7005 NEW - tienda de electr\\u00f3nica y computaci\\u00f3n\",\"isPartOf\":{\"@id\":\"https:\/\/comerciallin.com\/#website\"},\"primaryImageOfPage\":{\"@id\":\"https:\/\/comerciallin.com\/index.php\/producto\/multimetro-digital-kt7005-new\/#primaryimage\"},\"datePublished\":\"2023-08-31T21:34:56+00:00\",\"dateModified\":\"2025-12-26T16:44:45+00:00\",\"breadcrumb\":{\"@id\":\"https:\/\/comerciallin.com\/index.php\/producto\/multimetro-digital-kt7005-new\/#breadcrumb\"},\"inLanguage\":\"es\",\"potentialAction\":[{\"@type\":\"ReadAction\",\"target\":[\"https:\/\/comerciallin.com\/index.php\/producto\/multimetro-digital-kt7005-new\/\"]}]},{\"@type\":\"BreadcrumbList\",\"@id\":\"https:\/\/comerciallin.com\/index.php\/producto\/multimetro-digital-kt7005-new\/#breadcrumb\",\"itemListElement\":[{\"@type\":\"ListItem\",\"position\":1,\"name\":\"Inicio\",\"item\":\"https:\/\/comerciallin.com\/\"},{\"@type\":\"ListItem\",\"position\":2,\"name\":\"Shop\",\"item\":\"https:\/\/comerciallin.com\/?page_id=3853\"},{\"@type\":\"ListItem\",\"position\":3,\"name\":\"MULTIMETRO DIGITAL KT7005 NEW\"}]}]}<\/script>\n<meta property=\"product:price:amount\" content=\"14.95\" \/>\n<meta property=\"product:price:currency\" content=\"USD\" \/>\n<meta property=\"og:availability\" content=\"instock\" \/>\n<meta property=\"product:availability\" content=\"instock\" \/>\n<meta property=\"product:retailer_item_id\" content=\"3160913201\" \/>\n<meta property=\"product:condition\" content=\"new\" \/>\n<!-- \/ Yoast SEO Premium plugin. -->","yoast_head_json":{"title":"MULTIMETRO DIGITAL KT7005 NEW - tienda de electr\u00f3nica y computaci\u00f3n","robots":{"index":"index","follow":"follow","max-snippet":"max-snippet:-1","max-image-preview":"max-image-preview:large","max-video-preview":"max-video-preview:-1"},"canonical":"https:\/\/comerciallin.com\/index.php\/producto\/multimetro-digital-kt7005-new\/","og_locale":"es_ES","og_type":"article","og_title":"MULTIMETRO DIGITAL KT7005 NEW","og_url":"https:\/\/comerciallin.com\/index.php\/producto\/multimetro-digital-kt7005-new\/","og_site_name":"tienda de electr\u00f3nica y computaci\u00f3n","article_modified_time":"2025-12-26T16:44:45+00:00","twitter_card":"summary_large_image","twitter_image":"https:\/\/i0.wp.com\/comerciallin.com\/wp-content\/uploads\/2023\/09\/3160913201.jpg?fit=%2C&ssl=1","twitter_misc":{"Precio":"&#36;14,95","Availability":"In stock"},"schema":{"@context":"https:\/\/schema.org","@graph":[{"@type":"WebSite","@id":"https:\/\/comerciallin.com\/#website","url":"https:\/\/comerciallin.com\/","name":"tienda de electr\u00f3nica y computaci\u00f3n","description":"Importadora de Electr\u00f3nica y Computaci\u00f3n","potentialAction":[{"@type":"SearchAction","target":{"@type":"EntryPoint","urlTemplate":"https:\/\/comerciallin.com\/?s={search_term_string}"},"query-input":"required name=search_term_string"}],"inLanguage":"es"},{"@type":"ImageObject","@id":"https:\/\/comerciallin.com\/index.php\/producto\/multimetro-digital-kt7005-new\/#primaryimage","inLanguage":"es","url":"https:\/\/i0.wp.com\/comerciallin.com\/wp-content\/uploads\/2023\/09\/3160913201.jpg?fit=%2C&ssl=1","contentUrl":"https:\/\/i0.wp.com\/comerciallin.com\/wp-content\/uploads\/2023\/09\/3160913201.jpg?fit=%2C&ssl=1","caption":"3160913201"},{"@type":"WebPage","@id":"https:\/\/comerciallin.com\/index.php\/producto\/multimetro-digital-kt7005-new\/#webpage","url":"https:\/\/comerciallin.com\/index.php\/producto\/multimetro-digital-kt7005-new\/","name":"MULTIMETRO DIGITAL KT7005 NEW - tienda de electr\u00f3nica y computaci\u00f3n","isPartOf":{"@id":"https:\/\/comerciallin.com\/#website"},"primaryImageOfPage":{"@id":"https:\/\/comerciallin.com\/index.php\/producto\/multimetro-digital-kt7005-new\/#primaryimage"},"datePublished":"2023-08-31T21:34:56+00:00","dateModified":"2025-12-26T16:44:45+00:00","breadcrumb":{"@id":"https:\/\/comerciallin.com\/index.php\/producto\/multimetro-digital-kt7005-new\/#breadcrumb"},"inLanguage":"es","potentialAction":[{"@type":"ReadAction","target":["https:\/\/comerciallin.com\/index.php\/producto\/multimetro-digital-kt7005-new\/"]}]},{"@type":"BreadcrumbList","@id":"https:\/\/comerciallin.com\/index.php\/producto\/multimetro-digital-kt7005-new\/#breadcrumb","itemListElement":[{"@type":"ListItem","position":1,"name":"Inicio","item":"https:\/\/comerciallin.com\/"},{"@type":"ListItem","position":2,"name":"Shop","item":"https:\/\/comerciallin.com\/?page_id=3853"},{"@type":"ListItem","position":3,"name":"MULTIMETRO DIGITAL KT7005 NEW"}]}]},"product_price_amount":"14.95","product_price_currency":"USD","og_availability":"instock","product_availability":"instock","product_retailer_item_id":"3160913201","product_condition":"new"},"jetpack-related-posts":[{"id":25405,"url":"https:\/\/comerciallin.com\/index.php\/producto\/multimetro-digital-bm822-new\/","url_meta":{"origin":25395,"position":0},"title":"MULTIMETRO DIGITAL BM822 NEW","date":"31 de agosto de 2023","format":false,"excerpt":"","rel":"","context":"Entrada similar","img":{"alt_text":"","src":"","width":0,"height":0},"classes":[]},{"id":25403,"url":"https:\/\/comerciallin.com\/index.php\/producto\/multimetro-analogico-yx-960-new\/","url_meta":{"origin":25395,"position":1},"title":"MULTIMETRO ANALOGICO YX-960 NEW","date":"31 de agosto de 2023","format":false,"excerpt":"","rel":"","context":"Entrada similar","img":{"alt_text":"","src":"","width":0,"height":0},"classes":[]},{"id":25409,"url":"https:\/\/comerciallin.com\/index.php\/producto\/amperimetro-digital-ut203\/","url_meta":{"origin":25395,"position":2},"title":"AMPERIMETRO DIGITAL UT203","date":"31 de agosto de 2023","format":false,"excerpt":"","rel":"","context":"Entrada similar","img":{"alt_text":"","src":"","width":0,"height":0},"classes":[]},{"id":25407,"url":"https:\/\/comerciallin.com\/index.php\/producto\/multimetro-analogo-mf-47\/","url_meta":{"origin":25395,"position":3},"title":"MULTIMETRO ANALOGO MF-47","date":"31 de agosto de 2023","format":false,"excerpt":"","rel":"","context":"Entrada similar","img":{"alt_text":"","src":"","width":0,"height":0},"classes":[]},{"id":18779,"url":"https:\/\/comerciallin.com\/index.php\/producto\/charger-doctor\/","url_meta":{"origin":25395,"position":4},"title":"CHARGER DOCTOR","date":"7 de noviembre de 2022","format":false,"excerpt":"Verifique la potencia de salida de su puerto USB al dispositivo final y lea la corriente y el voltaje directamente en tiempo real. Nuestro AZDelivery USB Charger Doctor admite 0,0 A - 3,0 A \/ 3,5 V - 7,0 V con una precisi\u00f3n de 0,01 A y 0,01 V. Adquieres\u2026","rel":"","context":"Entrada similar","img":{"alt_text":"","src":"","width":0,"height":0},"classes":[]},{"id":25705,"url":"https:\/\/comerciallin.com\/index.php\/producto\/pomo-de-ducha-ks-03-new\/","url_meta":{"origin":25395,"position":5},"title":"POMO DE DUCHA KS-03 NEW","date":"8 de septiembre de 2023","format":false,"excerpt":"","rel":"","context":"Entrada similar","img":{"alt_text":"POMO DE DUCHA KS-03 NEW","src":"https:\/\/i0.wp.com\/comerciallin.com\/wp-content\/uploads\/2023\/11\/2781012907.jpg?fit=1200%2C1200&ssl=1&resize=350%2C200","width":350,"height":200},"classes":[]}],"jetpack_sharing_enabled":true,"jetpack_likes_enabled":true,"_links":{"self":[{"href":"https:\/\/comerciallin.com\/index.php\/wp-json\/wp\/v2\/product\/25395"}],"collection":[{"href":"https:\/\/comerciallin.com\/index.php\/wp-json\/wp\/v2\/product"}],"about":[{"href":"https:\/\/comerciallin.com\/index.php\/wp-json\/wp\/v2\/types\/product"}],"replies":[{"embeddable":true,"href":"https:\/\/comerciallin.com\/index.php\/wp-json\/wp\/v2\/comments?post=25395"}],"wp:featuredmedia":[{"embeddable":true,"href":"https:\/\/comerciallin.com\/index.php\/wp-json\/wp\/v2\/media\/25519"}],"wp:attachment":[{"href":"https:\/\/comerciallin.com\/index.php\/wp-json\/wp\/v2\/media?parent=25395"}],"wp:term":[{"taxonomy":"product_cat","embeddable":true,"href":"https:\/\/comerciallin.com\/index.php\/wp-json\/wp\/v2\/product_cat?post=25395"},{"taxonomy":"product_tag","embeddable":true,"href":"https:\/\/comerciallin.com\/index.php\/wp-json\/wp\/v2\/product_tag?post=25395"}],"curies":[{"name":"wp","href":"https:\/\/api.w.org\/{rel}","templated":true}]}}