{"id":25370,"date":"2023-08-31T16:34:23","date_gmt":"2023-08-31T21:34:23","guid":{"rendered":"https:\/\/comerciallin.com\/index.php\/producto\/mesa-p-office-w480sdsb-b-g\/"},"modified":"2025-12-26T11:46:08","modified_gmt":"2025-12-26T16:46:08","slug":"mesa-p-office-w480sdsb-b-g","status":"publish","type":"product","link":"https:\/\/comerciallin.com\/index.php\/producto\/mesa-p-office-w480sdsb-b-g\/","title":{"rendered":"MESA P.OFFICE W480SDSB-B &#8220;G&#8221;"},"content":{"rendered":"","protected":false},"excerpt":{"rendered":"","protected":false},"featured_media":25505,"comment_status":"open","ping_status":"closed","template":"","meta":{"spay_email":""},"product_cat":[875],"product_tag":[],"supplier_id":null,"supplier_sku":"","barcode":null,"atum_controlled":true,"out_stock_date":null,"out_stock_threshold":null,"inheritable":false,"inbound_stock":null,"stock_on_hold":0,"sold_today":0,"sales_last_days":0,"reserved_stock":null,"customer_returns":null,"warehouse_damage":null,"lost_in_post":null,"other_logs":null,"out_stock_days":0,"lost_sales":0,"has_location":null,"update_date":"2026-05-01T00:12:25","atum_locations":[],"atum_stock_status":"instock","restock_status":false,"low_stock_amount":"","sales_update_date":"2026-05-01T00:12:25","calc_backorders":null,"acf":[],"yoast_head":"<!-- This site is optimized with the Yoast SEO Premium plugin v17.4 (Yoast SEO v17.4) - https:\/\/yoast.com\/wordpress\/plugins\/seo\/ -->\n<title>MESA P.OFFICE W480SDSB-B &quot;G&quot; - tienda de electr\u00f3nica y computaci\u00f3n<\/title>\n<meta name=\"robots\" content=\"index, follow, max-snippet:-1, max-image-preview:large, max-video-preview:-1\" \/>\n<link rel=\"canonical\" href=\"https:\/\/comerciallin.com\/index.php\/producto\/mesa-p-office-w480sdsb-b-g\/\" \/>\n<meta property=\"og:locale\" content=\"es_ES\" \/>\n<meta property=\"og:type\" content=\"article\" \/>\n<meta property=\"og:title\" content=\"MESA P.OFFICE W480SDSB-B &quot;G&quot;\" \/>\n<meta property=\"og:url\" content=\"https:\/\/comerciallin.com\/index.php\/producto\/mesa-p-office-w480sdsb-b-g\/\" \/>\n<meta property=\"og:site_name\" content=\"tienda de electr\u00f3nica y computaci\u00f3n\" \/>\n<meta property=\"article:modified_time\" content=\"2025-12-26T16:46:08+00:00\" \/>\n<meta name=\"twitter:card\" content=\"summary_large_image\" \/>\n<meta name=\"twitter:image\" content=\"https:\/\/i0.wp.com\/comerciallin.com\/wp-content\/uploads\/2023\/09\/030140130402.jpg?fit=%2C&amp;ssl=1\" \/>\n<meta name=\"twitter:label1\" content=\"Precio\" \/>\n\t<meta name=\"twitter:data1\" content=\"&#36;57,50\" \/>\n\t<meta name=\"twitter:label2\" content=\"Availability\" \/>\n\t<meta name=\"twitter:data2\" content=\"In stock\" \/>\n<script type=\"application\/ld+json\" class=\"yoast-schema-graph\">{\"@context\":\"https:\/\/schema.org\",\"@graph\":[{\"@type\":\"WebSite\",\"@id\":\"https:\/\/comerciallin.com\/#website\",\"url\":\"https:\/\/comerciallin.com\/\",\"name\":\"tienda de electr\\u00f3nica y computaci\\u00f3n\",\"description\":\"Importadora de Electr\\u00f3nica y Computaci\\u00f3n\",\"potentialAction\":[{\"@type\":\"SearchAction\",\"target\":{\"@type\":\"EntryPoint\",\"urlTemplate\":\"https:\/\/comerciallin.com\/?s={search_term_string}\"},\"query-input\":\"required name=search_term_string\"}],\"inLanguage\":\"es\"},{\"@type\":\"ImageObject\",\"@id\":\"https:\/\/comerciallin.com\/index.php\/producto\/mesa-p-office-w480sdsb-b-g\/#primaryimage\",\"inLanguage\":\"es\",\"url\":\"https:\/\/i0.wp.com\/comerciallin.com\/wp-content\/uploads\/2023\/09\/030140130402.jpg?fit=%2C&ssl=1\",\"contentUrl\":\"https:\/\/i0.wp.com\/comerciallin.com\/wp-content\/uploads\/2023\/09\/030140130402.jpg?fit=%2C&ssl=1\",\"caption\":\"30140130402\"},{\"@type\":\"WebPage\",\"@id\":\"https:\/\/comerciallin.com\/index.php\/producto\/mesa-p-office-w480sdsb-b-g\/#webpage\",\"url\":\"https:\/\/comerciallin.com\/index.php\/producto\/mesa-p-office-w480sdsb-b-g\/\",\"name\":\"MESA P.OFFICE W480SDSB-B \\\"G\\\" - tienda de electr\\u00f3nica y computaci\\u00f3n\",\"isPartOf\":{\"@id\":\"https:\/\/comerciallin.com\/#website\"},\"primaryImageOfPage\":{\"@id\":\"https:\/\/comerciallin.com\/index.php\/producto\/mesa-p-office-w480sdsb-b-g\/#primaryimage\"},\"datePublished\":\"2023-08-31T21:34:23+00:00\",\"dateModified\":\"2025-12-26T16:46:08+00:00\",\"breadcrumb\":{\"@id\":\"https:\/\/comerciallin.com\/index.php\/producto\/mesa-p-office-w480sdsb-b-g\/#breadcrumb\"},\"inLanguage\":\"es\",\"potentialAction\":[{\"@type\":\"ReadAction\",\"target\":[\"https:\/\/comerciallin.com\/index.php\/producto\/mesa-p-office-w480sdsb-b-g\/\"]}]},{\"@type\":\"BreadcrumbList\",\"@id\":\"https:\/\/comerciallin.com\/index.php\/producto\/mesa-p-office-w480sdsb-b-g\/#breadcrumb\",\"itemListElement\":[{\"@type\":\"ListItem\",\"position\":1,\"name\":\"Inicio\",\"item\":\"https:\/\/comerciallin.com\/\"},{\"@type\":\"ListItem\",\"position\":2,\"name\":\"Shop\",\"item\":\"https:\/\/comerciallin.com\/?page_id=3853\"},{\"@type\":\"ListItem\",\"position\":3,\"name\":\"MESA P.OFFICE W480SDSB-B &#8220;G&#8221;\"}]}]}<\/script>\n<meta property=\"product:price:amount\" content=\"57.50\" \/>\n<meta property=\"product:price:currency\" content=\"USD\" \/>\n<meta property=\"og:availability\" content=\"instock\" \/>\n<meta property=\"product:availability\" content=\"instock\" \/>\n<meta property=\"product:retailer_item_id\" content=\"30140130402\" \/>\n<meta property=\"product:condition\" content=\"new\" \/>\n<!-- \/ Yoast SEO Premium plugin. -->","yoast_head_json":{"title":"MESA P.OFFICE W480SDSB-B \"G\" - tienda de electr\u00f3nica y computaci\u00f3n","robots":{"index":"index","follow":"follow","max-snippet":"max-snippet:-1","max-image-preview":"max-image-preview:large","max-video-preview":"max-video-preview:-1"},"canonical":"https:\/\/comerciallin.com\/index.php\/producto\/mesa-p-office-w480sdsb-b-g\/","og_locale":"es_ES","og_type":"article","og_title":"MESA P.OFFICE W480SDSB-B \"G\"","og_url":"https:\/\/comerciallin.com\/index.php\/producto\/mesa-p-office-w480sdsb-b-g\/","og_site_name":"tienda de electr\u00f3nica y computaci\u00f3n","article_modified_time":"2025-12-26T16:46:08+00:00","twitter_card":"summary_large_image","twitter_image":"https:\/\/i0.wp.com\/comerciallin.com\/wp-content\/uploads\/2023\/09\/030140130402.jpg?fit=%2C&ssl=1","twitter_misc":{"Precio":"&#36;57,50","Availability":"In stock"},"schema":{"@context":"https:\/\/schema.org","@graph":[{"@type":"WebSite","@id":"https:\/\/comerciallin.com\/#website","url":"https:\/\/comerciallin.com\/","name":"tienda de electr\u00f3nica y computaci\u00f3n","description":"Importadora de Electr\u00f3nica y Computaci\u00f3n","potentialAction":[{"@type":"SearchAction","target":{"@type":"EntryPoint","urlTemplate":"https:\/\/comerciallin.com\/?s={search_term_string}"},"query-input":"required name=search_term_string"}],"inLanguage":"es"},{"@type":"ImageObject","@id":"https:\/\/comerciallin.com\/index.php\/producto\/mesa-p-office-w480sdsb-b-g\/#primaryimage","inLanguage":"es","url":"https:\/\/i0.wp.com\/comerciallin.com\/wp-content\/uploads\/2023\/09\/030140130402.jpg?fit=%2C&ssl=1","contentUrl":"https:\/\/i0.wp.com\/comerciallin.com\/wp-content\/uploads\/2023\/09\/030140130402.jpg?fit=%2C&ssl=1","caption":"30140130402"},{"@type":"WebPage","@id":"https:\/\/comerciallin.com\/index.php\/producto\/mesa-p-office-w480sdsb-b-g\/#webpage","url":"https:\/\/comerciallin.com\/index.php\/producto\/mesa-p-office-w480sdsb-b-g\/","name":"MESA P.OFFICE W480SDSB-B \"G\" - tienda de electr\u00f3nica y computaci\u00f3n","isPartOf":{"@id":"https:\/\/comerciallin.com\/#website"},"primaryImageOfPage":{"@id":"https:\/\/comerciallin.com\/index.php\/producto\/mesa-p-office-w480sdsb-b-g\/#primaryimage"},"datePublished":"2023-08-31T21:34:23+00:00","dateModified":"2025-12-26T16:46:08+00:00","breadcrumb":{"@id":"https:\/\/comerciallin.com\/index.php\/producto\/mesa-p-office-w480sdsb-b-g\/#breadcrumb"},"inLanguage":"es","potentialAction":[{"@type":"ReadAction","target":["https:\/\/comerciallin.com\/index.php\/producto\/mesa-p-office-w480sdsb-b-g\/"]}]},{"@type":"BreadcrumbList","@id":"https:\/\/comerciallin.com\/index.php\/producto\/mesa-p-office-w480sdsb-b-g\/#breadcrumb","itemListElement":[{"@type":"ListItem","position":1,"name":"Inicio","item":"https:\/\/comerciallin.com\/"},{"@type":"ListItem","position":2,"name":"Shop","item":"https:\/\/comerciallin.com\/?page_id=3853"},{"@type":"ListItem","position":3,"name":"MESA P.OFFICE W480SDSB-B &#8220;G&#8221;"}]}]},"product_price_amount":"57.50","product_price_currency":"USD","og_availability":"instock","product_availability":"instock","product_retailer_item_id":"30140130402","product_condition":"new"},"jetpack-related-posts":[{"id":19383,"url":"https:\/\/comerciallin.com\/index.php\/producto\/mesa-p-office-w480sdsb-b\/","url_meta":{"origin":25370,"position":0},"title":"MESA P.OFFICE W480SDSB-B","date":"7 de noviembre de 2022","format":false,"excerpt":"IDEAL para oficinas, estudiantes y profesionales Escritorios de Madera con Marco de Metal Modelo: W480DSST-107T-B Medidas: 92x107x50x20cm","rel":"","context":"Entrada similar","img":{"alt_text":"","src":"","width":0,"height":0},"classes":[]},{"id":19387,"url":"https:\/\/comerciallin.com\/index.php\/producto\/mesa-p-office-w480dsls-b\/","url_meta":{"origin":25370,"position":1},"title":"MESA P.OFFICE W480DSLS-B","date":"7 de noviembre de 2022","format":false,"excerpt":"IDEAL para oficinas, estudiantes y profesionales Escritorios de Madera con Marco de Metal Modelo: W480DSLS-B Medidas: 72x120x81cm","rel":"","context":"Entrada similar","img":{"alt_text":"","src":"","width":0,"height":0},"classes":[]},{"id":19397,"url":"https:\/\/comerciallin.com\/index.php\/producto\/mesa-p-office-ks-900-vidrio\/","url_meta":{"origin":25370,"position":2},"title":"MESA P.OFFICE KS-900 VIDRIO","date":"7 de noviembre de 2022","format":false,"excerpt":"Mesa para Oficina, ideal para estudiantes y profesionales\u00a0 Modelo:\u00a0KS-900 vidrio","rel":"","context":"Entrada similar","img":{"alt_text":"","src":"","width":0,"height":0},"classes":[]},{"id":19389,"url":"https:\/\/comerciallin.com\/index.php\/producto\/mesa-p-office-w48018204\/","url_meta":{"origin":25370,"position":3},"title":"MESA P.OFFICE W48018204","date":"7 de noviembre de 2022","format":false,"excerpt":"IDEAL para oficinas, estudiantes y profesionales Escritorios de Madera con Marco de Metal Modelo: W48018204 Medidas: 75x138x138cm","rel":"","context":"Entrada similar","img":{"alt_text":"","src":"","width":0,"height":0},"classes":[]},{"id":23892,"url":"https:\/\/comerciallin.com\/index.php\/producto\/teclado-p-lapto-comp-toshiba-l50-b\/","url_meta":{"origin":25370,"position":4},"title":"TECLADO P. LAPTO COMP TOSHIBA L50-B","date":"3 de mayo de 2023","format":false,"excerpt":"Teclado para laptop Toshiba L50-B, MP-13R86LA-920B, Toshiba Satellite L50-B, Toshiba Satellite L50D-B, Toshiba Satellite S50-B, Toshiba Satellite S50D-B","rel":"","context":"Entrada similar","img":{"alt_text":"","src":"","width":0,"height":0},"classes":[]},{"id":23878,"url":"https:\/\/comerciallin.com\/index.php\/producto\/teclado-p-lapto-comp-lenovo-g470\/","url_meta":{"origin":25370,"position":5},"title":"TECLADO P. LAPTO COMP LENOVO G470","date":"3 de mayo de 2023","format":false,"excerpt":"Teclado laptop Lenovo G-470, 25-012658, Lenovo G470, Lenovo G475, Lenovo G480, Lenovo G485, Lenovo G580, Lenovo G586","rel":"","context":"Entrada similar","img":{"alt_text":"","src":"","width":0,"height":0},"classes":[]}],"jetpack_sharing_enabled":true,"jetpack_likes_enabled":true,"_links":{"self":[{"href":"https:\/\/comerciallin.com\/index.php\/wp-json\/wp\/v2\/product\/25370"}],"collection":[{"href":"https:\/\/comerciallin.com\/index.php\/wp-json\/wp\/v2\/product"}],"about":[{"href":"https:\/\/comerciallin.com\/index.php\/wp-json\/wp\/v2\/types\/product"}],"replies":[{"embeddable":true,"href":"https:\/\/comerciallin.com\/index.php\/wp-json\/wp\/v2\/comments?post=25370"}],"wp:featuredmedia":[{"embeddable":true,"href":"https:\/\/comerciallin.com\/index.php\/wp-json\/wp\/v2\/media\/25505"}],"wp:attachment":[{"href":"https:\/\/comerciallin.com\/index.php\/wp-json\/wp\/v2\/media?parent=25370"}],"wp:term":[{"taxonomy":"product_cat","embeddable":true,"href":"https:\/\/comerciallin.com\/index.php\/wp-json\/wp\/v2\/product_cat?post=25370"},{"taxonomy":"product_tag","embeddable":true,"href":"https:\/\/comerciallin.com\/index.php\/wp-json\/wp\/v2\/product_tag?post=25370"}],"curies":[{"name":"wp","href":"https:\/\/api.w.org\/{rel}","templated":true}]}}