{"id":25368,"date":"2023-08-31T16:34:22","date_gmt":"2023-08-31T21:34:22","guid":{"rendered":"https:\/\/comerciallin.com\/index.php\/producto\/m-contador-de-monedas-electronico\/"},"modified":"2026-03-12T10:18:04","modified_gmt":"2026-03-12T15:18:04","slug":"m-contador-de-monedas-electronico","status":"publish","type":"product","link":"https:\/\/comerciallin.com\/index.php\/producto\/m-contador-de-monedas-electronico\/","title":{"rendered":"M-CONTADOR DE MONEDAS ELECTRONICO"},"content":{"rendered":"","protected":false},"excerpt":{"rendered":"","protected":false},"featured_media":25504,"comment_status":"open","ping_status":"closed","template":"","meta":{"spay_email":""},"product_cat":[874],"product_tag":[],"supplier_id":null,"supplier_sku":"","barcode":null,"atum_controlled":true,"out_stock_date":null,"out_stock_threshold":null,"inheritable":false,"inbound_stock":null,"stock_on_hold":0,"sold_today":0,"sales_last_days":0,"reserved_stock":null,"customer_returns":null,"warehouse_damage":null,"lost_in_post":null,"other_logs":null,"out_stock_days":0,"lost_sales":0,"has_location":null,"update_date":"2026-05-01T00:12:25","atum_locations":[],"atum_stock_status":"instock","restock_status":false,"low_stock_amount":"","sales_update_date":"2026-05-01T00:12:25","calc_backorders":null,"acf":[],"yoast_head":"<!-- This site is optimized with the Yoast SEO Premium plugin v17.4 (Yoast SEO v17.4) - https:\/\/yoast.com\/wordpress\/plugins\/seo\/ -->\n<title>M-CONTADOR DE MONEDAS ELECTRONICO - tienda de electr\u00f3nica y computaci\u00f3n<\/title>\n<meta name=\"robots\" content=\"index, follow, max-snippet:-1, max-image-preview:large, max-video-preview:-1\" \/>\n<link rel=\"canonical\" href=\"https:\/\/comerciallin.com\/index.php\/producto\/m-contador-de-monedas-electronico\/\" \/>\n<meta property=\"og:locale\" content=\"es_ES\" \/>\n<meta property=\"og:type\" content=\"article\" \/>\n<meta property=\"og:title\" content=\"M-CONTADOR DE MONEDAS ELECTRONICO\" \/>\n<meta property=\"og:url\" content=\"https:\/\/comerciallin.com\/index.php\/producto\/m-contador-de-monedas-electronico\/\" \/>\n<meta property=\"og:site_name\" content=\"tienda de electr\u00f3nica y computaci\u00f3n\" \/>\n<meta property=\"article:modified_time\" content=\"2026-03-12T15:18:04+00:00\" \/>\n<meta name=\"twitter:card\" content=\"summary_large_image\" \/>\n<meta name=\"twitter:image\" content=\"https:\/\/i0.wp.com\/comerciallin.com\/wp-content\/uploads\/2023\/09\/056120130601.jpg?fit=%2C&amp;ssl=1\" \/>\n<meta name=\"twitter:label1\" content=\"Precio\" \/>\n\t<meta name=\"twitter:data1\" content=\"&#36;4,60\" \/>\n\t<meta name=\"twitter:label2\" content=\"Availability\" \/>\n\t<meta name=\"twitter:data2\" content=\"In stock\" \/>\n<script type=\"application\/ld+json\" class=\"yoast-schema-graph\">{\"@context\":\"https:\/\/schema.org\",\"@graph\":[{\"@type\":\"WebSite\",\"@id\":\"https:\/\/comerciallin.com\/#website\",\"url\":\"https:\/\/comerciallin.com\/\",\"name\":\"tienda de electr\\u00f3nica y computaci\\u00f3n\",\"description\":\"Importadora de Electr\\u00f3nica y Computaci\\u00f3n\",\"potentialAction\":[{\"@type\":\"SearchAction\",\"target\":{\"@type\":\"EntryPoint\",\"urlTemplate\":\"https:\/\/comerciallin.com\/?s={search_term_string}\"},\"query-input\":\"required name=search_term_string\"}],\"inLanguage\":\"es\"},{\"@type\":\"ImageObject\",\"@id\":\"https:\/\/comerciallin.com\/index.php\/producto\/m-contador-de-monedas-electronico\/#primaryimage\",\"inLanguage\":\"es\",\"url\":\"https:\/\/i0.wp.com\/comerciallin.com\/wp-content\/uploads\/2023\/09\/056120130601.jpg?fit=%2C&ssl=1\",\"contentUrl\":\"https:\/\/i0.wp.com\/comerciallin.com\/wp-content\/uploads\/2023\/09\/056120130601.jpg?fit=%2C&ssl=1\",\"caption\":\"56120130601\"},{\"@type\":\"WebPage\",\"@id\":\"https:\/\/comerciallin.com\/index.php\/producto\/m-contador-de-monedas-electronico\/#webpage\",\"url\":\"https:\/\/comerciallin.com\/index.php\/producto\/m-contador-de-monedas-electronico\/\",\"name\":\"M-CONTADOR DE MONEDAS ELECTRONICO - tienda de electr\\u00f3nica y computaci\\u00f3n\",\"isPartOf\":{\"@id\":\"https:\/\/comerciallin.com\/#website\"},\"primaryImageOfPage\":{\"@id\":\"https:\/\/comerciallin.com\/index.php\/producto\/m-contador-de-monedas-electronico\/#primaryimage\"},\"datePublished\":\"2023-08-31T21:34:22+00:00\",\"dateModified\":\"2026-03-12T15:18:04+00:00\",\"breadcrumb\":{\"@id\":\"https:\/\/comerciallin.com\/index.php\/producto\/m-contador-de-monedas-electronico\/#breadcrumb\"},\"inLanguage\":\"es\",\"potentialAction\":[{\"@type\":\"ReadAction\",\"target\":[\"https:\/\/comerciallin.com\/index.php\/producto\/m-contador-de-monedas-electronico\/\"]}]},{\"@type\":\"BreadcrumbList\",\"@id\":\"https:\/\/comerciallin.com\/index.php\/producto\/m-contador-de-monedas-electronico\/#breadcrumb\",\"itemListElement\":[{\"@type\":\"ListItem\",\"position\":1,\"name\":\"Inicio\",\"item\":\"https:\/\/comerciallin.com\/\"},{\"@type\":\"ListItem\",\"position\":2,\"name\":\"Shop\",\"item\":\"https:\/\/comerciallin.com\/?page_id=3853\"},{\"@type\":\"ListItem\",\"position\":3,\"name\":\"M-CONTADOR DE MONEDAS ELECTRONICO\"}]}]}<\/script>\n<meta property=\"product:price:amount\" content=\"4.60\" \/>\n<meta property=\"product:price:currency\" content=\"USD\" \/>\n<meta property=\"og:availability\" content=\"instock\" \/>\n<meta property=\"product:availability\" content=\"instock\" \/>\n<meta property=\"product:retailer_item_id\" content=\"56120130601\" \/>\n<meta property=\"product:condition\" content=\"new\" \/>\n<!-- \/ Yoast SEO Premium plugin. -->","yoast_head_json":{"title":"M-CONTADOR DE MONEDAS ELECTRONICO - tienda de electr\u00f3nica y computaci\u00f3n","robots":{"index":"index","follow":"follow","max-snippet":"max-snippet:-1","max-image-preview":"max-image-preview:large","max-video-preview":"max-video-preview:-1"},"canonical":"https:\/\/comerciallin.com\/index.php\/producto\/m-contador-de-monedas-electronico\/","og_locale":"es_ES","og_type":"article","og_title":"M-CONTADOR DE MONEDAS ELECTRONICO","og_url":"https:\/\/comerciallin.com\/index.php\/producto\/m-contador-de-monedas-electronico\/","og_site_name":"tienda de electr\u00f3nica y computaci\u00f3n","article_modified_time":"2026-03-12T15:18:04+00:00","twitter_card":"summary_large_image","twitter_image":"https:\/\/i0.wp.com\/comerciallin.com\/wp-content\/uploads\/2023\/09\/056120130601.jpg?fit=%2C&ssl=1","twitter_misc":{"Precio":"&#36;4,60","Availability":"In stock"},"schema":{"@context":"https:\/\/schema.org","@graph":[{"@type":"WebSite","@id":"https:\/\/comerciallin.com\/#website","url":"https:\/\/comerciallin.com\/","name":"tienda de electr\u00f3nica y computaci\u00f3n","description":"Importadora de Electr\u00f3nica y Computaci\u00f3n","potentialAction":[{"@type":"SearchAction","target":{"@type":"EntryPoint","urlTemplate":"https:\/\/comerciallin.com\/?s={search_term_string}"},"query-input":"required name=search_term_string"}],"inLanguage":"es"},{"@type":"ImageObject","@id":"https:\/\/comerciallin.com\/index.php\/producto\/m-contador-de-monedas-electronico\/#primaryimage","inLanguage":"es","url":"https:\/\/i0.wp.com\/comerciallin.com\/wp-content\/uploads\/2023\/09\/056120130601.jpg?fit=%2C&ssl=1","contentUrl":"https:\/\/i0.wp.com\/comerciallin.com\/wp-content\/uploads\/2023\/09\/056120130601.jpg?fit=%2C&ssl=1","caption":"56120130601"},{"@type":"WebPage","@id":"https:\/\/comerciallin.com\/index.php\/producto\/m-contador-de-monedas-electronico\/#webpage","url":"https:\/\/comerciallin.com\/index.php\/producto\/m-contador-de-monedas-electronico\/","name":"M-CONTADOR DE MONEDAS ELECTRONICO - tienda de electr\u00f3nica y computaci\u00f3n","isPartOf":{"@id":"https:\/\/comerciallin.com\/#website"},"primaryImageOfPage":{"@id":"https:\/\/comerciallin.com\/index.php\/producto\/m-contador-de-monedas-electronico\/#primaryimage"},"datePublished":"2023-08-31T21:34:22+00:00","dateModified":"2026-03-12T15:18:04+00:00","breadcrumb":{"@id":"https:\/\/comerciallin.com\/index.php\/producto\/m-contador-de-monedas-electronico\/#breadcrumb"},"inLanguage":"es","potentialAction":[{"@type":"ReadAction","target":["https:\/\/comerciallin.com\/index.php\/producto\/m-contador-de-monedas-electronico\/"]}]},{"@type":"BreadcrumbList","@id":"https:\/\/comerciallin.com\/index.php\/producto\/m-contador-de-monedas-electronico\/#breadcrumb","itemListElement":[{"@type":"ListItem","position":1,"name":"Inicio","item":"https:\/\/comerciallin.com\/"},{"@type":"ListItem","position":2,"name":"Shop","item":"https:\/\/comerciallin.com\/?page_id=3853"},{"@type":"ListItem","position":3,"name":"M-CONTADOR DE MONEDAS ELECTRONICO"}]}]},"product_price_amount":"4.60","product_price_currency":"USD","og_availability":"instock","product_availability":"instock","product_retailer_item_id":"56120130601","product_condition":"new"},"jetpack-related-posts":[{"id":23761,"url":"https:\/\/comerciallin.com\/index.php\/producto\/maquina-contador-de-billete\/","url_meta":{"origin":25368,"position":0},"title":"MAQUINA CONTADOR DE BILLETE","date":"3 de mayo de 2023","format":false,"excerpt":"","rel":"","context":"Entrada similar","img":{"alt_text":"","src":"","width":0,"height":0},"classes":[]},{"id":19575,"url":"https:\/\/comerciallin.com\/index.php\/producto\/bateria-comp-acer-al12b32-756\/","url_meta":{"origin":25368,"position":1},"title":"BATERIA COMP ACER AL12B32\/756","date":"7 de noviembre de 2022","format":false,"excerpt":"Nueva bater\u00eda AL12B32 4-Cell para port\u00e1til ACER Aspire One 725 756 V5 \u2013 171 B113 B113 M AL12 X 32 AL12 A31 AL12B31 [14,8 V37wh\/2500 mAh]","rel":"","context":"Entrada similar","img":{"alt_text":"BATERIA COMP ACER AL12B32\/756","src":"https:\/\/i0.wp.com\/comerciallin.com\/wp-content\/uploads\/2023\/02\/537030110901.jpg?fit=992%2C744&ssl=1&resize=350%2C200","width":350,"height":200},"classes":[]},{"id":19663,"url":"https:\/\/comerciallin.com\/index.php\/producto\/parlante-mini-p-compu-t-11\/","url_meta":{"origin":25368,"position":2},"title":"PARLANTE MINI P. COMPU T-11","date":"7 de noviembre de 2022","format":false,"excerpt":"Dise\u00f1o Simple T11 USB 2.0 3.5mm Control de Volumen Mini Altavoz de Sonido Est\u00e9reo de Gran Subwoofer para PC, Laptops y otros dispositivos","rel":"","context":"Entrada similar","img":{"alt_text":"","src":"","width":0,"height":0},"classes":[]},{"id":23408,"url":"https:\/\/comerciallin.com\/index.php\/producto\/m-aldabas-metalicas\/","url_meta":{"origin":25368,"position":3},"title":"M-ALDABAS METALICAS","date":"27 de abril de 2023","format":false,"excerpt":"","rel":"","context":"Entrada similar","img":{"alt_text":"","src":"","width":0,"height":0},"classes":[]},{"id":23250,"url":"https:\/\/comerciallin.com\/index.php\/producto\/m-teclado-taiwan\/","url_meta":{"origin":25368,"position":4},"title":"M-TECLADO TAIWAN","date":"26 de abril de 2023","format":false,"excerpt":"","rel":"","context":"Entrada similar","img":{"alt_text":"","src":"","width":0,"height":0},"classes":[]},{"id":23254,"url":"https:\/\/comerciallin.com\/index.php\/producto\/m-motor-para-maquina\/","url_meta":{"origin":25368,"position":5},"title":"M-MOTOR PARA MAQUINA","date":"26 de abril de 2023","format":false,"excerpt":"","rel":"","context":"Entrada similar","img":{"alt_text":"","src":"","width":0,"height":0},"classes":[]}],"jetpack_sharing_enabled":true,"jetpack_likes_enabled":true,"_links":{"self":[{"href":"https:\/\/comerciallin.com\/index.php\/wp-json\/wp\/v2\/product\/25368"}],"collection":[{"href":"https:\/\/comerciallin.com\/index.php\/wp-json\/wp\/v2\/product"}],"about":[{"href":"https:\/\/comerciallin.com\/index.php\/wp-json\/wp\/v2\/types\/product"}],"replies":[{"embeddable":true,"href":"https:\/\/comerciallin.com\/index.php\/wp-json\/wp\/v2\/comments?post=25368"}],"wp:featuredmedia":[{"embeddable":true,"href":"https:\/\/comerciallin.com\/index.php\/wp-json\/wp\/v2\/media\/25504"}],"wp:attachment":[{"href":"https:\/\/comerciallin.com\/index.php\/wp-json\/wp\/v2\/media?parent=25368"}],"wp:term":[{"taxonomy":"product_cat","embeddable":true,"href":"https:\/\/comerciallin.com\/index.php\/wp-json\/wp\/v2\/product_cat?post=25368"},{"taxonomy":"product_tag","embeddable":true,"href":"https:\/\/comerciallin.com\/index.php\/wp-json\/wp\/v2\/product_tag?post=25368"}],"curies":[{"name":"wp","href":"https:\/\/api.w.org\/{rel}","templated":true}]}}