{"id":25357,"date":"2023-08-31T16:34:18","date_gmt":"2023-08-31T21:34:18","guid":{"rendered":"https:\/\/comerciallin.com\/index.php\/producto\/extension-vhs-1-5mt\/"},"modified":"2025-12-26T11:45:25","modified_gmt":"2025-12-26T16:45:25","slug":"extension-vhs-1-5mt","status":"publish","type":"product","link":"https:\/\/comerciallin.com\/index.php\/producto\/extension-vhs-1-5mt\/","title":{"rendered":"EXTENSION VHS 1.5MT"},"content":{"rendered":"","protected":false},"excerpt":{"rendered":"","protected":false},"featured_media":25498,"comment_status":"open","ping_status":"closed","template":"","meta":{"spay_email":""},"product_cat":[889],"product_tag":[],"supplier_id":null,"supplier_sku":"","barcode":null,"atum_controlled":true,"out_stock_date":null,"out_stock_threshold":null,"inheritable":false,"inbound_stock":null,"stock_on_hold":0,"sold_today":0,"sales_last_days":0,"reserved_stock":null,"customer_returns":null,"warehouse_damage":null,"lost_in_post":null,"other_logs":null,"out_stock_days":0,"lost_sales":0,"has_location":null,"update_date":"2026-05-01T00:12:25","atum_locations":[],"atum_stock_status":"instock","restock_status":false,"low_stock_amount":"","sales_update_date":"2026-05-01T00:12:25","calc_backorders":null,"acf":[],"yoast_head":"<!-- This site is optimized with the Yoast SEO Premium plugin v17.4 (Yoast SEO v17.4) - https:\/\/yoast.com\/wordpress\/plugins\/seo\/ -->\n<title>EXTENSION VHS 1.5MT - tienda de electr\u00f3nica y computaci\u00f3n<\/title>\n<meta name=\"robots\" content=\"index, follow, max-snippet:-1, max-image-preview:large, max-video-preview:-1\" \/>\n<link rel=\"canonical\" href=\"https:\/\/comerciallin.com\/index.php\/producto\/extension-vhs-1-5mt\/\" \/>\n<meta property=\"og:locale\" content=\"es_ES\" \/>\n<meta property=\"og:type\" content=\"article\" \/>\n<meta property=\"og:title\" content=\"EXTENSION VHS 1.5MT\" \/>\n<meta property=\"og:url\" content=\"https:\/\/comerciallin.com\/index.php\/producto\/extension-vhs-1-5mt\/\" \/>\n<meta property=\"og:site_name\" content=\"tienda de electr\u00f3nica y computaci\u00f3n\" \/>\n<meta property=\"article:modified_time\" content=\"2025-12-26T16:45:25+00:00\" \/>\n<meta name=\"twitter:card\" content=\"summary_large_image\" \/>\n<meta name=\"twitter:image\" content=\"https:\/\/i0.wp.com\/comerciallin.com\/wp-content\/uploads\/2023\/09\/02080501.jpg?fit=%2C&amp;ssl=1\" \/>\n<meta name=\"twitter:label1\" content=\"Precio\" \/>\n\t<meta name=\"twitter:data1\" content=\"&#36;0,76\" \/>\n\t<meta name=\"twitter:label2\" content=\"Availability\" \/>\n\t<meta name=\"twitter:data2\" content=\"In stock\" \/>\n<script type=\"application\/ld+json\" class=\"yoast-schema-graph\">{\"@context\":\"https:\/\/schema.org\",\"@graph\":[{\"@type\":\"WebSite\",\"@id\":\"https:\/\/comerciallin.com\/#website\",\"url\":\"https:\/\/comerciallin.com\/\",\"name\":\"tienda de electr\\u00f3nica y computaci\\u00f3n\",\"description\":\"Importadora de Electr\\u00f3nica y Computaci\\u00f3n\",\"potentialAction\":[{\"@type\":\"SearchAction\",\"target\":{\"@type\":\"EntryPoint\",\"urlTemplate\":\"https:\/\/comerciallin.com\/?s={search_term_string}\"},\"query-input\":\"required name=search_term_string\"}],\"inLanguage\":\"es\"},{\"@type\":\"ImageObject\",\"@id\":\"https:\/\/comerciallin.com\/index.php\/producto\/extension-vhs-1-5mt\/#primaryimage\",\"inLanguage\":\"es\",\"url\":\"https:\/\/i0.wp.com\/comerciallin.com\/wp-content\/uploads\/2023\/09\/02080501.jpg?fit=%2C&ssl=1\",\"contentUrl\":\"https:\/\/i0.wp.com\/comerciallin.com\/wp-content\/uploads\/2023\/09\/02080501.jpg?fit=%2C&ssl=1\",\"caption\":\"2080501\"},{\"@type\":\"WebPage\",\"@id\":\"https:\/\/comerciallin.com\/index.php\/producto\/extension-vhs-1-5mt\/#webpage\",\"url\":\"https:\/\/comerciallin.com\/index.php\/producto\/extension-vhs-1-5mt\/\",\"name\":\"EXTENSION VHS 1.5MT - tienda de electr\\u00f3nica y computaci\\u00f3n\",\"isPartOf\":{\"@id\":\"https:\/\/comerciallin.com\/#website\"},\"primaryImageOfPage\":{\"@id\":\"https:\/\/comerciallin.com\/index.php\/producto\/extension-vhs-1-5mt\/#primaryimage\"},\"datePublished\":\"2023-08-31T21:34:18+00:00\",\"dateModified\":\"2025-12-26T16:45:25+00:00\",\"breadcrumb\":{\"@id\":\"https:\/\/comerciallin.com\/index.php\/producto\/extension-vhs-1-5mt\/#breadcrumb\"},\"inLanguage\":\"es\",\"potentialAction\":[{\"@type\":\"ReadAction\",\"target\":[\"https:\/\/comerciallin.com\/index.php\/producto\/extension-vhs-1-5mt\/\"]}]},{\"@type\":\"BreadcrumbList\",\"@id\":\"https:\/\/comerciallin.com\/index.php\/producto\/extension-vhs-1-5mt\/#breadcrumb\",\"itemListElement\":[{\"@type\":\"ListItem\",\"position\":1,\"name\":\"Inicio\",\"item\":\"https:\/\/comerciallin.com\/\"},{\"@type\":\"ListItem\",\"position\":2,\"name\":\"Shop\",\"item\":\"https:\/\/comerciallin.com\/?page_id=3853\"},{\"@type\":\"ListItem\",\"position\":3,\"name\":\"EXTENSION VHS 1.5MT\"}]}]}<\/script>\n<meta property=\"product:price:amount\" content=\"0.76\" \/>\n<meta property=\"product:price:currency\" content=\"USD\" \/>\n<meta property=\"og:availability\" content=\"instock\" \/>\n<meta property=\"product:availability\" content=\"instock\" \/>\n<meta property=\"product:retailer_item_id\" content=\"2080501\" \/>\n<meta property=\"product:condition\" content=\"new\" \/>\n<!-- \/ Yoast SEO Premium plugin. -->","yoast_head_json":{"title":"EXTENSION VHS 1.5MT - tienda de electr\u00f3nica y computaci\u00f3n","robots":{"index":"index","follow":"follow","max-snippet":"max-snippet:-1","max-image-preview":"max-image-preview:large","max-video-preview":"max-video-preview:-1"},"canonical":"https:\/\/comerciallin.com\/index.php\/producto\/extension-vhs-1-5mt\/","og_locale":"es_ES","og_type":"article","og_title":"EXTENSION VHS 1.5MT","og_url":"https:\/\/comerciallin.com\/index.php\/producto\/extension-vhs-1-5mt\/","og_site_name":"tienda de electr\u00f3nica y computaci\u00f3n","article_modified_time":"2025-12-26T16:45:25+00:00","twitter_card":"summary_large_image","twitter_image":"https:\/\/i0.wp.com\/comerciallin.com\/wp-content\/uploads\/2023\/09\/02080501.jpg?fit=%2C&ssl=1","twitter_misc":{"Precio":"&#36;0,76","Availability":"In stock"},"schema":{"@context":"https:\/\/schema.org","@graph":[{"@type":"WebSite","@id":"https:\/\/comerciallin.com\/#website","url":"https:\/\/comerciallin.com\/","name":"tienda de electr\u00f3nica y computaci\u00f3n","description":"Importadora de Electr\u00f3nica y Computaci\u00f3n","potentialAction":[{"@type":"SearchAction","target":{"@type":"EntryPoint","urlTemplate":"https:\/\/comerciallin.com\/?s={search_term_string}"},"query-input":"required name=search_term_string"}],"inLanguage":"es"},{"@type":"ImageObject","@id":"https:\/\/comerciallin.com\/index.php\/producto\/extension-vhs-1-5mt\/#primaryimage","inLanguage":"es","url":"https:\/\/i0.wp.com\/comerciallin.com\/wp-content\/uploads\/2023\/09\/02080501.jpg?fit=%2C&ssl=1","contentUrl":"https:\/\/i0.wp.com\/comerciallin.com\/wp-content\/uploads\/2023\/09\/02080501.jpg?fit=%2C&ssl=1","caption":"2080501"},{"@type":"WebPage","@id":"https:\/\/comerciallin.com\/index.php\/producto\/extension-vhs-1-5mt\/#webpage","url":"https:\/\/comerciallin.com\/index.php\/producto\/extension-vhs-1-5mt\/","name":"EXTENSION VHS 1.5MT - tienda de electr\u00f3nica y computaci\u00f3n","isPartOf":{"@id":"https:\/\/comerciallin.com\/#website"},"primaryImageOfPage":{"@id":"https:\/\/comerciallin.com\/index.php\/producto\/extension-vhs-1-5mt\/#primaryimage"},"datePublished":"2023-08-31T21:34:18+00:00","dateModified":"2025-12-26T16:45:25+00:00","breadcrumb":{"@id":"https:\/\/comerciallin.com\/index.php\/producto\/extension-vhs-1-5mt\/#breadcrumb"},"inLanguage":"es","potentialAction":[{"@type":"ReadAction","target":["https:\/\/comerciallin.com\/index.php\/producto\/extension-vhs-1-5mt\/"]}]},{"@type":"BreadcrumbList","@id":"https:\/\/comerciallin.com\/index.php\/producto\/extension-vhs-1-5mt\/#breadcrumb","itemListElement":[{"@type":"ListItem","position":1,"name":"Inicio","item":"https:\/\/comerciallin.com\/"},{"@type":"ListItem","position":2,"name":"Shop","item":"https:\/\/comerciallin.com\/?page_id=3853"},{"@type":"ListItem","position":3,"name":"EXTENSION VHS 1.5MT"}]}]},"product_price_amount":"0.76","product_price_currency":"USD","og_availability":"instock","product_availability":"instock","product_retailer_item_id":"2080501","product_condition":"new"},"jetpack-related-posts":[{"id":18708,"url":"https:\/\/comerciallin.com\/index.php\/producto\/cable-poder-1-5mt\/","url_meta":{"origin":25357,"position":0},"title":"CABLE PODER 1.5MT","date":"7 de noviembre de 2022","format":false,"excerpt":"Cable Poder Para:\u00a0Pc, Monitores, Cargadores, Impresoras Y Otros que tengan el mismo conector. Cable De Poder:\u00a0Pesado, Grueso, de Buena Calidad, Durable.","rel":"","context":"Entrada similar","img":{"alt_text":"CABLE PODER 1.5MT","src":"https:\/\/i0.wp.com\/comerciallin.com\/wp-content\/uploads\/2023\/02\/cablepoder3.jpg?fit=500%2C500&ssl=1&resize=350%2C200","width":350,"height":200},"classes":[]},{"id":18978,"url":"https:\/\/comerciallin.com\/index.php\/producto\/extension-usb-20mt-c-filtro-2-0\/","url_meta":{"origin":25357,"position":1},"title":"EXTENSION USB 20MT C\/FILTRO 2.0","date":"7 de noviembre de 2022","format":false,"excerpt":"20 Metros USB 2,0 extensi\u00f3n activa\/Repetidor 480 Mbp Cable de extensi\u00f3n USB activo","rel":"","context":"Entrada similar","img":{"alt_text":"","src":"","width":0,"height":0},"classes":[]},{"id":18821,"url":"https:\/\/comerciallin.com\/index.php\/producto\/extension-usb-10mt-c-filtro-2-0\/","url_meta":{"origin":25357,"position":2},"title":"EXTENSION USB 10MT C\/FILTRO 2.0","date":"7 de noviembre de 2022","format":false,"excerpt":"10 Metros USB 2,0 extensi\u00f3n activa\/Repetidor 480 Mbp Cable de extensi\u00f3n USB activo","rel":"","context":"Entrada similar","img":{"alt_text":"","src":"","width":0,"height":0},"classes":[]},{"id":18928,"url":"https:\/\/comerciallin.com\/index.php\/producto\/extension-usb-15mt-c-filtro-2-0\/","url_meta":{"origin":25357,"position":3},"title":"EXTENSION USB 15MT C\/FILTRO 2.0","date":"7 de noviembre de 2022","format":false,"excerpt":"15 Metros USB 2,0 extensi\u00f3n activa\/Repetidor 480 Mbp Cable de extensi\u00f3n USB activo","rel":"","context":"Entrada similar","img":{"alt_text":"","src":"","width":0,"height":0},"classes":[]},{"id":24663,"url":"https:\/\/comerciallin.com\/index.php\/producto\/extension-corriente-ks-222318\/","url_meta":{"origin":25357,"position":4},"title":"EXTENSION CORRIENTE KS-222318","date":"8 de agosto de 2023","format":false,"excerpt":"","rel":"","context":"Entrada similar","img":{"alt_text":"6490101","src":"https:\/\/i0.wp.com\/comerciallin.com\/wp-content\/uploads\/2023\/09\/006490101.png?fit=1080%2C1080&ssl=1&resize=350%2C200","width":350,"height":200},"classes":[]},{"id":24667,"url":"https:\/\/comerciallin.com\/index.php\/producto\/extension-corriente-ks1s8p-2usb-3mt\/","url_meta":{"origin":25357,"position":5},"title":"EXTENSION CORRIENTE KS1S8P * 2USB 3MT","date":"8 de agosto de 2023","format":false,"excerpt":"","rel":"","context":"Entrada similar","img":{"alt_text":"63120201","src":"https:\/\/i0.wp.com\/comerciallin.com\/wp-content\/uploads\/2023\/09\/0063120201.png?fit=1080%2C1080&ssl=1&resize=350%2C200","width":350,"height":200},"classes":[]}],"jetpack_sharing_enabled":true,"jetpack_likes_enabled":true,"_links":{"self":[{"href":"https:\/\/comerciallin.com\/index.php\/wp-json\/wp\/v2\/product\/25357"}],"collection":[{"href":"https:\/\/comerciallin.com\/index.php\/wp-json\/wp\/v2\/product"}],"about":[{"href":"https:\/\/comerciallin.com\/index.php\/wp-json\/wp\/v2\/types\/product"}],"replies":[{"embeddable":true,"href":"https:\/\/comerciallin.com\/index.php\/wp-json\/wp\/v2\/comments?post=25357"}],"wp:featuredmedia":[{"embeddable":true,"href":"https:\/\/comerciallin.com\/index.php\/wp-json\/wp\/v2\/media\/25498"}],"wp:attachment":[{"href":"https:\/\/comerciallin.com\/index.php\/wp-json\/wp\/v2\/media?parent=25357"}],"wp:term":[{"taxonomy":"product_cat","embeddable":true,"href":"https:\/\/comerciallin.com\/index.php\/wp-json\/wp\/v2\/product_cat?post=25357"},{"taxonomy":"product_tag","embeddable":true,"href":"https:\/\/comerciallin.com\/index.php\/wp-json\/wp\/v2\/product_tag?post=25357"}],"curies":[{"name":"wp","href":"https:\/\/api.w.org\/{rel}","templated":true}]}}