{"id":24674,"date":"2023-08-08T14:16:25","date_gmt":"2023-08-08T19:16:25","guid":{"rendered":"https:\/\/comerciallin.com\/index.php\/producto\/extension-corriente-ks-522518-1-8mt\/"},"modified":"2025-01-14T13:56:16","modified_gmt":"2025-01-14T18:56:16","slug":"extension-corriente-ks-522518-1-8mt","status":"publish","type":"product","link":"https:\/\/comerciallin.com\/index.php\/producto\/extension-corriente-ks-522518-1-8mt\/","title":{"rendered":"EXTENSION CORRIENTE KS-522518 1.8MT"},"content":{"rendered":"","protected":false},"excerpt":{"rendered":"","protected":false},"featured_media":25436,"comment_status":"open","ping_status":"closed","template":"","meta":{"spay_email":""},"product_cat":[858],"product_tag":[],"supplier_id":null,"supplier_sku":"","barcode":null,"atum_controlled":true,"out_stock_date":null,"out_stock_threshold":null,"inheritable":false,"inbound_stock":null,"stock_on_hold":0,"sold_today":0,"sales_last_days":0,"reserved_stock":null,"customer_returns":null,"warehouse_damage":null,"lost_in_post":null,"other_logs":null,"out_stock_days":0,"lost_sales":0,"has_location":null,"update_date":"2026-04-25T00:09:06","atum_locations":[],"atum_stock_status":"instock","restock_status":false,"low_stock_amount":"","sales_update_date":"2026-04-25T00:09:06","calc_backorders":null,"acf":[],"yoast_head":"<!-- This site is optimized with the Yoast SEO Premium plugin v17.4 (Yoast SEO v17.4) - https:\/\/yoast.com\/wordpress\/plugins\/seo\/ -->\n<title>EXTENSION CORRIENTE KS-522518 1.8MT - tienda de electr\u00f3nica y computaci\u00f3n<\/title>\n<meta name=\"robots\" content=\"index, follow, max-snippet:-1, max-image-preview:large, max-video-preview:-1\" \/>\n<link rel=\"canonical\" href=\"https:\/\/comerciallin.com\/index.php\/producto\/extension-corriente-ks-522518-1-8mt\/\" \/>\n<meta property=\"og:locale\" content=\"es_ES\" \/>\n<meta property=\"og:type\" content=\"article\" \/>\n<meta property=\"og:title\" content=\"EXTENSION CORRIENTE KS-522518 1.8MT\" \/>\n<meta property=\"og:url\" content=\"https:\/\/comerciallin.com\/index.php\/producto\/extension-corriente-ks-522518-1-8mt\/\" \/>\n<meta property=\"og:site_name\" content=\"tienda de electr\u00f3nica y computaci\u00f3n\" \/>\n<meta property=\"article:modified_time\" content=\"2025-01-14T18:56:16+00:00\" \/>\n<meta property=\"og:image\" content=\"https:\/\/comerciallin.com\/wp-content\/uploads\/2023\/09\/006490803.png\" \/>\n\t<meta property=\"og:image:width\" content=\"1080\" \/>\n\t<meta property=\"og:image:height\" content=\"1080\" \/>\n<meta name=\"twitter:card\" content=\"summary_large_image\" \/>\n<meta name=\"twitter:label1\" content=\"Precio\" \/>\n\t<meta name=\"twitter:data1\" content=\"&#36;4,34\" \/>\n\t<meta name=\"twitter:label2\" content=\"Availability\" \/>\n\t<meta name=\"twitter:data2\" content=\"In stock\" \/>\n<script type=\"application\/ld+json\" class=\"yoast-schema-graph\">{\"@context\":\"https:\/\/schema.org\",\"@graph\":[{\"@type\":\"WebSite\",\"@id\":\"https:\/\/comerciallin.com\/#website\",\"url\":\"https:\/\/comerciallin.com\/\",\"name\":\"tienda de electr\\u00f3nica y computaci\\u00f3n\",\"description\":\"Importadora de Electr\\u00f3nica y Computaci\\u00f3n\",\"potentialAction\":[{\"@type\":\"SearchAction\",\"target\":{\"@type\":\"EntryPoint\",\"urlTemplate\":\"https:\/\/comerciallin.com\/?s={search_term_string}\"},\"query-input\":\"required name=search_term_string\"}],\"inLanguage\":\"es\"},{\"@type\":\"ImageObject\",\"@id\":\"https:\/\/comerciallin.com\/index.php\/producto\/extension-corriente-ks-522518-1-8mt\/#primaryimage\",\"inLanguage\":\"es\",\"url\":\"https:\/\/i0.wp.com\/comerciallin.com\/wp-content\/uploads\/2023\/09\/006490803.png?fit=1080%2C1080&ssl=1\",\"contentUrl\":\"https:\/\/i0.wp.com\/comerciallin.com\/wp-content\/uploads\/2023\/09\/006490803.png?fit=1080%2C1080&ssl=1\",\"width\":1080,\"height\":1080,\"caption\":\"6490803\"},{\"@type\":\"WebPage\",\"@id\":\"https:\/\/comerciallin.com\/index.php\/producto\/extension-corriente-ks-522518-1-8mt\/#webpage\",\"url\":\"https:\/\/comerciallin.com\/index.php\/producto\/extension-corriente-ks-522518-1-8mt\/\",\"name\":\"EXTENSION CORRIENTE KS-522518 1.8MT - tienda de electr\\u00f3nica y computaci\\u00f3n\",\"isPartOf\":{\"@id\":\"https:\/\/comerciallin.com\/#website\"},\"primaryImageOfPage\":{\"@id\":\"https:\/\/comerciallin.com\/index.php\/producto\/extension-corriente-ks-522518-1-8mt\/#primaryimage\"},\"datePublished\":\"2023-08-08T19:16:25+00:00\",\"dateModified\":\"2025-01-14T18:56:16+00:00\",\"breadcrumb\":{\"@id\":\"https:\/\/comerciallin.com\/index.php\/producto\/extension-corriente-ks-522518-1-8mt\/#breadcrumb\"},\"inLanguage\":\"es\",\"potentialAction\":[{\"@type\":\"ReadAction\",\"target\":[\"https:\/\/comerciallin.com\/index.php\/producto\/extension-corriente-ks-522518-1-8mt\/\"]}]},{\"@type\":\"BreadcrumbList\",\"@id\":\"https:\/\/comerciallin.com\/index.php\/producto\/extension-corriente-ks-522518-1-8mt\/#breadcrumb\",\"itemListElement\":[{\"@type\":\"ListItem\",\"position\":1,\"name\":\"Inicio\",\"item\":\"https:\/\/comerciallin.com\/\"},{\"@type\":\"ListItem\",\"position\":2,\"name\":\"Shop\",\"item\":\"https:\/\/comerciallin.com\/?page_id=3853\"},{\"@type\":\"ListItem\",\"position\":3,\"name\":\"EXTENSION CORRIENTE KS-522518 1.8MT\"}]}]}<\/script>\n<meta property=\"product:price:amount\" content=\"4.34\" \/>\n<meta property=\"product:price:currency\" content=\"USD\" \/>\n<meta property=\"og:availability\" content=\"instock\" \/>\n<meta property=\"product:availability\" content=\"instock\" \/>\n<meta property=\"product:retailer_item_id\" content=\"6490803\" \/>\n<meta property=\"product:condition\" content=\"new\" \/>\n<!-- \/ Yoast SEO Premium plugin. -->","yoast_head_json":{"title":"EXTENSION CORRIENTE KS-522518 1.8MT - tienda de electr\u00f3nica y computaci\u00f3n","robots":{"index":"index","follow":"follow","max-snippet":"max-snippet:-1","max-image-preview":"max-image-preview:large","max-video-preview":"max-video-preview:-1"},"canonical":"https:\/\/comerciallin.com\/index.php\/producto\/extension-corriente-ks-522518-1-8mt\/","og_locale":"es_ES","og_type":"article","og_title":"EXTENSION CORRIENTE KS-522518 1.8MT","og_url":"https:\/\/comerciallin.com\/index.php\/producto\/extension-corriente-ks-522518-1-8mt\/","og_site_name":"tienda de electr\u00f3nica y computaci\u00f3n","article_modified_time":"2025-01-14T18:56:16+00:00","og_image":[{"width":1080,"height":1080,"url":"https:\/\/comerciallin.com\/wp-content\/uploads\/2023\/09\/006490803.png","type":"image\/png"}],"twitter_card":"summary_large_image","twitter_misc":{"Precio":"&#36;4,34","Availability":"In stock"},"schema":{"@context":"https:\/\/schema.org","@graph":[{"@type":"WebSite","@id":"https:\/\/comerciallin.com\/#website","url":"https:\/\/comerciallin.com\/","name":"tienda de electr\u00f3nica y computaci\u00f3n","description":"Importadora de Electr\u00f3nica y Computaci\u00f3n","potentialAction":[{"@type":"SearchAction","target":{"@type":"EntryPoint","urlTemplate":"https:\/\/comerciallin.com\/?s={search_term_string}"},"query-input":"required name=search_term_string"}],"inLanguage":"es"},{"@type":"ImageObject","@id":"https:\/\/comerciallin.com\/index.php\/producto\/extension-corriente-ks-522518-1-8mt\/#primaryimage","inLanguage":"es","url":"https:\/\/i0.wp.com\/comerciallin.com\/wp-content\/uploads\/2023\/09\/006490803.png?fit=1080%2C1080&ssl=1","contentUrl":"https:\/\/i0.wp.com\/comerciallin.com\/wp-content\/uploads\/2023\/09\/006490803.png?fit=1080%2C1080&ssl=1","width":1080,"height":1080,"caption":"6490803"},{"@type":"WebPage","@id":"https:\/\/comerciallin.com\/index.php\/producto\/extension-corriente-ks-522518-1-8mt\/#webpage","url":"https:\/\/comerciallin.com\/index.php\/producto\/extension-corriente-ks-522518-1-8mt\/","name":"EXTENSION CORRIENTE KS-522518 1.8MT - tienda de electr\u00f3nica y computaci\u00f3n","isPartOf":{"@id":"https:\/\/comerciallin.com\/#website"},"primaryImageOfPage":{"@id":"https:\/\/comerciallin.com\/index.php\/producto\/extension-corriente-ks-522518-1-8mt\/#primaryimage"},"datePublished":"2023-08-08T19:16:25+00:00","dateModified":"2025-01-14T18:56:16+00:00","breadcrumb":{"@id":"https:\/\/comerciallin.com\/index.php\/producto\/extension-corriente-ks-522518-1-8mt\/#breadcrumb"},"inLanguage":"es","potentialAction":[{"@type":"ReadAction","target":["https:\/\/comerciallin.com\/index.php\/producto\/extension-corriente-ks-522518-1-8mt\/"]}]},{"@type":"BreadcrumbList","@id":"https:\/\/comerciallin.com\/index.php\/producto\/extension-corriente-ks-522518-1-8mt\/#breadcrumb","itemListElement":[{"@type":"ListItem","position":1,"name":"Inicio","item":"https:\/\/comerciallin.com\/"},{"@type":"ListItem","position":2,"name":"Shop","item":"https:\/\/comerciallin.com\/?page_id=3853"},{"@type":"ListItem","position":3,"name":"EXTENSION CORRIENTE KS-522518 1.8MT"}]}]},"product_price_amount":"4.34","product_price_currency":"USD","og_availability":"instock","product_availability":"instock","product_retailer_item_id":"6490803","product_condition":"new"},"jetpack-related-posts":[{"id":24661,"url":"https:\/\/comerciallin.com\/index.php\/producto\/extension-corriente-ks-322318-1-8mt\/","url_meta":{"origin":24674,"position":0},"title":"EXTENSION CORRIENTE KS-322318 1.8MT","date":"8 de agosto de 2023","format":false,"excerpt":"","rel":"","context":"Entrada similar","img":{"alt_text":"6490802","src":"https:\/\/i0.wp.com\/comerciallin.com\/wp-content\/uploads\/2023\/09\/006490802.png?fit=1080%2C1080&ssl=1&resize=350%2C200","width":350,"height":200},"classes":[]},{"id":24663,"url":"https:\/\/comerciallin.com\/index.php\/producto\/extension-corriente-ks-222318\/","url_meta":{"origin":24674,"position":1},"title":"EXTENSION CORRIENTE KS-222318","date":"8 de agosto de 2023","format":false,"excerpt":"","rel":"","context":"Entrada similar","img":{"alt_text":"6490101","src":"https:\/\/i0.wp.com\/comerciallin.com\/wp-content\/uploads\/2023\/09\/006490101.png?fit=1080%2C1080&ssl=1&resize=350%2C200","width":350,"height":200},"classes":[]},{"id":24665,"url":"https:\/\/comerciallin.com\/index.php\/producto\/extension-corriente-ks-222330-3-0mt\/","url_meta":{"origin":24674,"position":2},"title":"EXTENSION CORRIENTE KS-222330 3.0MT","date":"8 de agosto de 2023","format":false,"excerpt":"","rel":"","context":"Entrada similar","img":{"alt_text":"6490804","src":"https:\/\/i0.wp.com\/comerciallin.com\/wp-content\/uploads\/2023\/09\/006490804.png?fit=1080%2C1080&ssl=1&resize=350%2C200","width":350,"height":200},"classes":[]},{"id":24670,"url":"https:\/\/comerciallin.com\/index.php\/producto\/extension-corriente-ks-222350-5-0mt\/","url_meta":{"origin":24674,"position":3},"title":"EXTENSION CORRIENTE KS-222350 5.0MT","date":"8 de agosto de 2023","format":false,"excerpt":"","rel":"","context":"Entrada similar","img":{"alt_text":"6490806","src":"https:\/\/i0.wp.com\/comerciallin.com\/wp-content\/uploads\/2023\/09\/006490806.png?fit=1080%2C1080&ssl=1&resize=350%2C200","width":350,"height":200},"classes":[]},{"id":24672,"url":"https:\/\/comerciallin.com\/index.php\/producto\/extension-corriente-ks-322330-3-0mt\/","url_meta":{"origin":24674,"position":4},"title":"EXTENSION CORRIENTE KS-322330 3.0MT","date":"8 de agosto de 2023","format":false,"excerpt":"","rel":"","context":"Entrada similar","img":{"alt_text":"6490805","src":"https:\/\/i0.wp.com\/comerciallin.com\/wp-content\/uploads\/2023\/09\/006490805.png?fit=1080%2C1080&ssl=1&resize=350%2C200","width":350,"height":200},"classes":[]},{"id":24676,"url":"https:\/\/comerciallin.com\/index.php\/producto\/extension-corriente-ks-322350-5-0mt\/","url_meta":{"origin":24674,"position":5},"title":"EXTENSION CORRIENTE KS-322350 5.0MT","date":"8 de agosto de 2023","format":false,"excerpt":"","rel":"","context":"Entrada similar","img":{"alt_text":"6490807","src":"https:\/\/i0.wp.com\/comerciallin.com\/wp-content\/uploads\/2023\/09\/006490807.png?fit=1080%2C1080&ssl=1&resize=350%2C200","width":350,"height":200},"classes":[]}],"jetpack_sharing_enabled":true,"jetpack_likes_enabled":true,"_links":{"self":[{"href":"https:\/\/comerciallin.com\/index.php\/wp-json\/wp\/v2\/product\/24674"}],"collection":[{"href":"https:\/\/comerciallin.com\/index.php\/wp-json\/wp\/v2\/product"}],"about":[{"href":"https:\/\/comerciallin.com\/index.php\/wp-json\/wp\/v2\/types\/product"}],"replies":[{"embeddable":true,"href":"https:\/\/comerciallin.com\/index.php\/wp-json\/wp\/v2\/comments?post=24674"}],"wp:featuredmedia":[{"embeddable":true,"href":"https:\/\/comerciallin.com\/index.php\/wp-json\/wp\/v2\/media\/25436"}],"wp:attachment":[{"href":"https:\/\/comerciallin.com\/index.php\/wp-json\/wp\/v2\/media?parent=24674"}],"wp:term":[{"taxonomy":"product_cat","embeddable":true,"href":"https:\/\/comerciallin.com\/index.php\/wp-json\/wp\/v2\/product_cat?post=24674"},{"taxonomy":"product_tag","embeddable":true,"href":"https:\/\/comerciallin.com\/index.php\/wp-json\/wp\/v2\/product_tag?post=24674"}],"curies":[{"name":"wp","href":"https:\/\/api.w.org\/{rel}","templated":true}]}}