{"id":24473,"date":"2023-07-03T13:51:48","date_gmt":"2023-07-03T18:51:48","guid":{"rendered":"https:\/\/comerciallin.com\/index.php\/producto\/pen-drive-kingston-dtx-64gb-datatraveler\/"},"modified":"2025-01-14T13:57:15","modified_gmt":"2025-01-14T18:57:15","slug":"pen-drive-kingston-dtx-64gb-datatraveler","status":"publish","type":"product","link":"https:\/\/comerciallin.com\/index.php\/producto\/pen-drive-kingston-dtx-64gb-datatraveler\/","title":{"rendered":"PEN DRIVE KINGSTON DTX\/64GB DATATRAVELER"},"content":{"rendered":"<p>Pen Drive Kingston DTX 64GB Datatraveler: Simplifica el almacenamiento y transporte de tus datos con el pen drive Kingston DTX 64GB Datatraveler. Este dispositivo compacto y confiable te brinda una soluci&oacute;n pr&aacute;ctica para llevar contigo todos tus archivos importantes.<\/p>\n<p>Con una capacidad de almacenamiento de 64GB, el pen drive Kingston DTX Datatraveler ofrece un amplio espacio para tus documentos, fotos, videos y otros archivos. Puedes almacenar y acceder f&aacute;cilmente a tus datos en cualquier momento y lugar.<\/p>\n<p>El Kingston DTX Datatraveler cuenta con una interfaz USB 3.0, lo que permite una transferencia de datos r&aacute;pida y eficiente. Puedes transferir archivos de gran tama&ntilde;o en cuesti&oacute;n de segundos y ahorrar tiempo en tus tareas diarias.<\/p>\n<p>Adem&aacute;s, este pen drive est&aacute; dise&ntilde;ado con materiales duraderos y resistente al impacto, lo que lo hace ideal para uso diario y resistente a golpes accidentales. Puedes confiar en que tus datos estar&aacute;n protegidos y seguros en todo momento.<\/p>\n<p>Con su dise&ntilde;o compacto y port&aacute;til, el pen drive Kingston DTX 64GB Datatraveler es perfecto para llevar contigo a todas partes. Ya sea en la oficina, en la escuela o durante tus viajes, tendr&aacute;s acceso instant&aacute;neo a tus archivos importantes.<\/p>\n<p>Simplifica tu vida digital con el pen drive Kingston DTX 64GB Datatraveler. Almacena, transporta y accede a tus datos de manera conveniente y segura.<\/p>\n<p><strong>Caracter&iacute;sticas del producto:<\/strong><\/p>\n<ul>\n<li>Pen Drive Kingston DTX 64GB Datatraveler<\/li>\n<li>Capacidad de almacenamiento de 64GB para tus archivos importantes<\/li>\n<li>Interfaz USB 3.0 para una transferencia de datos r&aacute;pida y eficiente<\/li>\n<li>Dise&ntilde;o duradero y resistente al impacto para proteger tus datos<\/li>\n<li>Compacto y port&aacute;til para llevar contigo a todas partes<\/li>\n<li>Compatible con una amplia variedad de dispositivos y sistemas operativos<\/li>\n<li>Soluci&oacute;n pr&aacute;ctica para el almacenamiento y transporte de datos<\/li>\n<\/ul>\n","protected":false},"excerpt":{"rendered":"<p>Pen Drive Kingston DTX 64GB Datatraveler: Almacena y transporta tus datos de manera segura con este pen drive de alta capacidad. Con 64GB de almacenamiento, el Kingston DTX Datatraveler te permite llevar contigo todos tus archivos importantes en un dispositivo compacto y confiable.<\/p>\n","protected":false},"featured_media":25103,"comment_status":"open","ping_status":"closed","template":"","meta":{"spay_email":""},"product_cat":[789],"product_tag":[],"supplier_id":null,"supplier_sku":"","barcode":null,"atum_controlled":true,"out_stock_date":null,"out_stock_threshold":null,"inheritable":false,"inbound_stock":null,"stock_on_hold":0,"sold_today":0,"sales_last_days":0,"reserved_stock":null,"customer_returns":null,"warehouse_damage":null,"lost_in_post":null,"other_logs":null,"out_stock_days":0,"lost_sales":0,"has_location":null,"update_date":"2026-04-13T23:53:28","atum_locations":[],"atum_stock_status":"instock","restock_status":false,"low_stock_amount":"","sales_update_date":"2026-04-13T23:53:28","calc_backorders":null,"acf":[],"yoast_head":"<!-- This site is optimized with the Yoast SEO Premium plugin v17.4 (Yoast SEO v17.4) - https:\/\/yoast.com\/wordpress\/plugins\/seo\/ -->\n<title>PEN DRIVE KINGSTON DTX\/64GB DATATRAVELER - tienda de electr\u00f3nica y computaci\u00f3n<\/title>\n<meta name=\"robots\" content=\"index, follow, max-snippet:-1, max-image-preview:large, max-video-preview:-1\" \/>\n<link rel=\"canonical\" href=\"https:\/\/comerciallin.com\/index.php\/producto\/pen-drive-kingston-dtx-64gb-datatraveler\/\" \/>\n<meta property=\"og:locale\" content=\"es_ES\" \/>\n<meta property=\"og:type\" content=\"article\" \/>\n<meta property=\"og:title\" content=\"PEN DRIVE KINGSTON DTX\/64GB DATATRAVELER\" \/>\n<meta property=\"og:description\" content=\"Pen Drive Kingston DTX 64GB Datatraveler: Almacena y transporta tus datos de manera segura con este pen drive de alta capacidad. Con 64GB de almacenamiento, el Kingston DTX Datatraveler te permite llevar contigo todos tus archivos importantes en un dispositivo compacto y confiable.\" \/>\n<meta property=\"og:url\" content=\"https:\/\/comerciallin.com\/index.php\/producto\/pen-drive-kingston-dtx-64gb-datatraveler\/\" \/>\n<meta property=\"og:site_name\" content=\"tienda de electr\u00f3nica y computaci\u00f3n\" \/>\n<meta property=\"article:modified_time\" content=\"2025-01-14T18:57:15+00:00\" \/>\n<meta name=\"twitter:card\" content=\"summary_large_image\" \/>\n<meta name=\"twitter:image\" content=\"https:\/\/i0.wp.com\/comerciallin.com\/wp-content\/uploads\/2023\/08\/054030130605.jpg?fit=%2C&amp;ssl=1\" \/>\n<meta name=\"twitter:label1\" content=\"Precio\" \/>\n\t<meta name=\"twitter:data1\" content=\"&#36;6,33\" \/>\n\t<meta name=\"twitter:label2\" content=\"Availability\" \/>\n\t<meta name=\"twitter:data2\" content=\"In stock\" \/>\n<script type=\"application\/ld+json\" class=\"yoast-schema-graph\">{\"@context\":\"https:\/\/schema.org\",\"@graph\":[{\"@type\":\"WebSite\",\"@id\":\"https:\/\/comerciallin.com\/#website\",\"url\":\"https:\/\/comerciallin.com\/\",\"name\":\"tienda de electr\\u00f3nica y computaci\\u00f3n\",\"description\":\"Importadora de Electr\\u00f3nica y Computaci\\u00f3n\",\"potentialAction\":[{\"@type\":\"SearchAction\",\"target\":{\"@type\":\"EntryPoint\",\"urlTemplate\":\"https:\/\/comerciallin.com\/?s={search_term_string}\"},\"query-input\":\"required name=search_term_string\"}],\"inLanguage\":\"es\"},{\"@type\":\"ImageObject\",\"@id\":\"https:\/\/comerciallin.com\/index.php\/producto\/pen-drive-kingston-dtx-64gb-datatraveler\/#primaryimage\",\"inLanguage\":\"es\",\"url\":\"https:\/\/i0.wp.com\/comerciallin.com\/wp-content\/uploads\/2023\/08\/054030130605.jpg?fit=%2C&ssl=1\",\"contentUrl\":\"https:\/\/i0.wp.com\/comerciallin.com\/wp-content\/uploads\/2023\/08\/054030130605.jpg?fit=%2C&ssl=1\",\"caption\":\"PEN DRIVE KINGSTON DTX\/64GB DATATRAVELER\"},{\"@type\":\"WebPage\",\"@id\":\"https:\/\/comerciallin.com\/index.php\/producto\/pen-drive-kingston-dtx-64gb-datatraveler\/#webpage\",\"url\":\"https:\/\/comerciallin.com\/index.php\/producto\/pen-drive-kingston-dtx-64gb-datatraveler\/\",\"name\":\"PEN DRIVE KINGSTON DTX\/64GB DATATRAVELER - tienda de electr\\u00f3nica y computaci\\u00f3n\",\"isPartOf\":{\"@id\":\"https:\/\/comerciallin.com\/#website\"},\"primaryImageOfPage\":{\"@id\":\"https:\/\/comerciallin.com\/index.php\/producto\/pen-drive-kingston-dtx-64gb-datatraveler\/#primaryimage\"},\"datePublished\":\"2023-07-03T18:51:48+00:00\",\"dateModified\":\"2025-01-14T18:57:15+00:00\",\"breadcrumb\":{\"@id\":\"https:\/\/comerciallin.com\/index.php\/producto\/pen-drive-kingston-dtx-64gb-datatraveler\/#breadcrumb\"},\"inLanguage\":\"es\",\"potentialAction\":[{\"@type\":\"ReadAction\",\"target\":[\"https:\/\/comerciallin.com\/index.php\/producto\/pen-drive-kingston-dtx-64gb-datatraveler\/\"]}]},{\"@type\":\"BreadcrumbList\",\"@id\":\"https:\/\/comerciallin.com\/index.php\/producto\/pen-drive-kingston-dtx-64gb-datatraveler\/#breadcrumb\",\"itemListElement\":[{\"@type\":\"ListItem\",\"position\":1,\"name\":\"Inicio\",\"item\":\"https:\/\/comerciallin.com\/\"},{\"@type\":\"ListItem\",\"position\":2,\"name\":\"Shop\",\"item\":\"https:\/\/comerciallin.com\/?page_id=3853\"},{\"@type\":\"ListItem\",\"position\":3,\"name\":\"PEN DRIVE KINGSTON DTX\/64GB DATATRAVELER\"}]}]}<\/script>\n<meta property=\"product:price:amount\" content=\"6.33\" \/>\n<meta property=\"product:price:currency\" content=\"USD\" \/>\n<meta property=\"og:availability\" content=\"instock\" \/>\n<meta property=\"product:availability\" content=\"instock\" \/>\n<meta property=\"product:retailer_item_id\" content=\"54030130605\" \/>\n<meta property=\"product:condition\" content=\"new\" \/>\n<!-- \/ Yoast SEO Premium plugin. -->","yoast_head_json":{"title":"PEN DRIVE KINGSTON DTX\/64GB DATATRAVELER - tienda de electr\u00f3nica y computaci\u00f3n","robots":{"index":"index","follow":"follow","max-snippet":"max-snippet:-1","max-image-preview":"max-image-preview:large","max-video-preview":"max-video-preview:-1"},"canonical":"https:\/\/comerciallin.com\/index.php\/producto\/pen-drive-kingston-dtx-64gb-datatraveler\/","og_locale":"es_ES","og_type":"article","og_title":"PEN DRIVE KINGSTON DTX\/64GB DATATRAVELER","og_description":"Pen Drive Kingston DTX 64GB Datatraveler: Almacena y transporta tus datos de manera segura con este pen drive de alta capacidad. Con 64GB de almacenamiento, el Kingston DTX Datatraveler te permite llevar contigo todos tus archivos importantes en un dispositivo compacto y confiable.","og_url":"https:\/\/comerciallin.com\/index.php\/producto\/pen-drive-kingston-dtx-64gb-datatraveler\/","og_site_name":"tienda de electr\u00f3nica y computaci\u00f3n","article_modified_time":"2025-01-14T18:57:15+00:00","twitter_card":"summary_large_image","twitter_image":"https:\/\/i0.wp.com\/comerciallin.com\/wp-content\/uploads\/2023\/08\/054030130605.jpg?fit=%2C&ssl=1","twitter_misc":{"Precio":"&#36;6,33","Availability":"In stock"},"schema":{"@context":"https:\/\/schema.org","@graph":[{"@type":"WebSite","@id":"https:\/\/comerciallin.com\/#website","url":"https:\/\/comerciallin.com\/","name":"tienda de electr\u00f3nica y computaci\u00f3n","description":"Importadora de Electr\u00f3nica y Computaci\u00f3n","potentialAction":[{"@type":"SearchAction","target":{"@type":"EntryPoint","urlTemplate":"https:\/\/comerciallin.com\/?s={search_term_string}"},"query-input":"required name=search_term_string"}],"inLanguage":"es"},{"@type":"ImageObject","@id":"https:\/\/comerciallin.com\/index.php\/producto\/pen-drive-kingston-dtx-64gb-datatraveler\/#primaryimage","inLanguage":"es","url":"https:\/\/i0.wp.com\/comerciallin.com\/wp-content\/uploads\/2023\/08\/054030130605.jpg?fit=%2C&ssl=1","contentUrl":"https:\/\/i0.wp.com\/comerciallin.com\/wp-content\/uploads\/2023\/08\/054030130605.jpg?fit=%2C&ssl=1","caption":"PEN DRIVE KINGSTON DTX\/64GB DATATRAVELER"},{"@type":"WebPage","@id":"https:\/\/comerciallin.com\/index.php\/producto\/pen-drive-kingston-dtx-64gb-datatraveler\/#webpage","url":"https:\/\/comerciallin.com\/index.php\/producto\/pen-drive-kingston-dtx-64gb-datatraveler\/","name":"PEN DRIVE KINGSTON DTX\/64GB DATATRAVELER - tienda de electr\u00f3nica y computaci\u00f3n","isPartOf":{"@id":"https:\/\/comerciallin.com\/#website"},"primaryImageOfPage":{"@id":"https:\/\/comerciallin.com\/index.php\/producto\/pen-drive-kingston-dtx-64gb-datatraveler\/#primaryimage"},"datePublished":"2023-07-03T18:51:48+00:00","dateModified":"2025-01-14T18:57:15+00:00","breadcrumb":{"@id":"https:\/\/comerciallin.com\/index.php\/producto\/pen-drive-kingston-dtx-64gb-datatraveler\/#breadcrumb"},"inLanguage":"es","potentialAction":[{"@type":"ReadAction","target":["https:\/\/comerciallin.com\/index.php\/producto\/pen-drive-kingston-dtx-64gb-datatraveler\/"]}]},{"@type":"BreadcrumbList","@id":"https:\/\/comerciallin.com\/index.php\/producto\/pen-drive-kingston-dtx-64gb-datatraveler\/#breadcrumb","itemListElement":[{"@type":"ListItem","position":1,"name":"Inicio","item":"https:\/\/comerciallin.com\/"},{"@type":"ListItem","position":2,"name":"Shop","item":"https:\/\/comerciallin.com\/?page_id=3853"},{"@type":"ListItem","position":3,"name":"PEN DRIVE KINGSTON DTX\/64GB DATATRAVELER"}]}]},"product_price_amount":"6.33","product_price_currency":"USD","og_availability":"instock","product_availability":"instock","product_retailer_item_id":"54030130605","product_condition":"new"},"jetpack-related-posts":[{"id":23934,"url":"https:\/\/comerciallin.com\/index.php\/producto\/pen-drive-4gb-metalico-plateado\/","url_meta":{"origin":24473,"position":0},"title":"PEN DRIVE 4GB METALICO PLATEADO","date":"11 de mayo de 2023","format":false,"excerpt":"","rel":"","context":"Entrada similar","img":{"alt_text":"","src":"","width":0,"height":0},"classes":[]},{"id":23732,"url":"https:\/\/comerciallin.com\/index.php\/producto\/driver-para-campana-600w-ks-600w\/","url_meta":{"origin":24473,"position":1},"title":"DRIVER PARA CAMPANA 600W KS-600W","date":"3 de mayo de 2023","format":false,"excerpt":"","rel":"","context":"Entrada similar","img":{"alt_text":"","src":"","width":0,"height":0},"classes":[]},{"id":22788,"url":"https:\/\/comerciallin.com\/index.php\/producto\/bobina-para-driver-sb-51077-150w\/","url_meta":{"origin":24473,"position":2},"title":"BOBINA PARA DRIVER SB-51077 150W","date":"24 de abril de 2023","format":false,"excerpt":"","rel":"","context":"Entrada similar","img":{"alt_text":"","src":"","width":0,"height":0},"classes":[]},{"id":22791,"url":"https:\/\/comerciallin.com\/index.php\/producto\/bobina-para-driver-sb-44051-80w\/","url_meta":{"origin":24473,"position":3},"title":"BOBINA PARA DRIVER SB-44051 80W","date":"24 de abril de 2023","format":false,"excerpt":"","rel":"","context":"Entrada similar","img":{"alt_text":"","src":"","width":0,"height":0},"classes":[]},{"id":22785,"url":"https:\/\/comerciallin.com\/index.php\/producto\/bobina-para-driver-12160-sb-72160-200w\/","url_meta":{"origin":24473,"position":4},"title":"BOBINA PARA DRIVER 12160 SB-72160 200W","date":"24 de abril de 2023","format":false,"excerpt":"","rel":"","context":"Entrada similar","img":{"alt_text":"","src":"","width":0,"height":0},"classes":[]},{"id":22797,"url":"https:\/\/comerciallin.com\/index.php\/producto\/membrana-para-driver-150w-unitex-ut-150200\/","url_meta":{"origin":24473,"position":5},"title":"MEMBRANA PARA DRIVER 150W UNITEX UT-150200","date":"24 de abril de 2023","format":false,"excerpt":"","rel":"","context":"Entrada similar","img":{"alt_text":"","src":"","width":0,"height":0},"classes":[]}],"jetpack_sharing_enabled":true,"jetpack_likes_enabled":true,"_links":{"self":[{"href":"https:\/\/comerciallin.com\/index.php\/wp-json\/wp\/v2\/product\/24473"}],"collection":[{"href":"https:\/\/comerciallin.com\/index.php\/wp-json\/wp\/v2\/product"}],"about":[{"href":"https:\/\/comerciallin.com\/index.php\/wp-json\/wp\/v2\/types\/product"}],"replies":[{"embeddable":true,"href":"https:\/\/comerciallin.com\/index.php\/wp-json\/wp\/v2\/comments?post=24473"}],"wp:featuredmedia":[{"embeddable":true,"href":"https:\/\/comerciallin.com\/index.php\/wp-json\/wp\/v2\/media\/25103"}],"wp:attachment":[{"href":"https:\/\/comerciallin.com\/index.php\/wp-json\/wp\/v2\/media?parent=24473"}],"wp:term":[{"taxonomy":"product_cat","embeddable":true,"href":"https:\/\/comerciallin.com\/index.php\/wp-json\/wp\/v2\/product_cat?post=24473"},{"taxonomy":"product_tag","embeddable":true,"href":"https:\/\/comerciallin.com\/index.php\/wp-json\/wp\/v2\/product_tag?post=24473"}],"curies":[{"name":"wp","href":"https:\/\/api.w.org\/{rel}","templated":true}]}}