{"id":23956,"date":"2023-05-11T13:41:57","date_gmt":"2023-05-11T18:41:57","guid":{"rendered":"https:\/\/comerciallin.com\/index.php\/producto\/resistencia-para-selladora-300mm\/"},"modified":"2025-01-14T13:57:34","modified_gmt":"2025-01-14T18:57:34","slug":"resistencia-para-selladora-300mm","status":"publish","type":"product","link":"https:\/\/comerciallin.com\/index.php\/producto\/resistencia-para-selladora-300mm\/","title":{"rendered":"RESISTENCIA PARA SELLADORA 300MM"},"content":{"rendered":"","protected":false},"excerpt":{"rendered":"","protected":false},"featured_media":25147,"comment_status":"open","ping_status":"closed","template":"","meta":{"spay_email":""},"product_cat":[775],"product_tag":[],"supplier_id":null,"supplier_sku":"","barcode":null,"atum_controlled":true,"out_stock_date":null,"out_stock_threshold":null,"inheritable":false,"inbound_stock":null,"stock_on_hold":0,"sold_today":0,"sales_last_days":0,"reserved_stock":null,"customer_returns":null,"warehouse_damage":null,"lost_in_post":null,"other_logs":null,"out_stock_days":0,"lost_sales":0,"has_location":null,"update_date":"2026-04-24T00:06:26","atum_locations":[],"atum_stock_status":"instock","restock_status":false,"low_stock_amount":"","sales_update_date":"2026-04-24T00:06:26","calc_backorders":null,"acf":[],"yoast_head":"<!-- This site is optimized with the Yoast SEO Premium plugin v17.4 (Yoast SEO v17.4) - https:\/\/yoast.com\/wordpress\/plugins\/seo\/ -->\n<title>RESISTENCIA PARA SELLADORA 300MM - tienda de electr\u00f3nica y computaci\u00f3n<\/title>\n<meta name=\"robots\" content=\"index, follow, max-snippet:-1, max-image-preview:large, max-video-preview:-1\" \/>\n<link rel=\"canonical\" href=\"https:\/\/comerciallin.com\/index.php\/producto\/resistencia-para-selladora-300mm\/\" \/>\n<meta property=\"og:locale\" content=\"es_ES\" \/>\n<meta property=\"og:type\" content=\"article\" \/>\n<meta property=\"og:title\" content=\"RESISTENCIA PARA SELLADORA 300MM\" \/>\n<meta property=\"og:url\" content=\"https:\/\/comerciallin.com\/index.php\/producto\/resistencia-para-selladora-300mm\/\" \/>\n<meta property=\"og:site_name\" content=\"tienda de electr\u00f3nica y computaci\u00f3n\" \/>\n<meta property=\"article:modified_time\" content=\"2025-01-14T18:57:34+00:00\" \/>\n<meta name=\"twitter:card\" content=\"summary_large_image\" \/>\n<meta name=\"twitter:image\" content=\"https:\/\/i0.wp.com\/comerciallin.com\/wp-content\/uploads\/2023\/08\/099020100101.jpg?fit=%2C&amp;ssl=1\" \/>\n<meta name=\"twitter:label1\" content=\"Precio\" \/>\n\t<meta name=\"twitter:data1\" content=\"&#36;2,30\" \/>\n\t<meta name=\"twitter:label2\" content=\"Availability\" \/>\n\t<meta name=\"twitter:data2\" content=\"In stock\" \/>\n<script type=\"application\/ld+json\" class=\"yoast-schema-graph\">{\"@context\":\"https:\/\/schema.org\",\"@graph\":[{\"@type\":\"WebSite\",\"@id\":\"https:\/\/comerciallin.com\/#website\",\"url\":\"https:\/\/comerciallin.com\/\",\"name\":\"tienda de electr\\u00f3nica y computaci\\u00f3n\",\"description\":\"Importadora de Electr\\u00f3nica y Computaci\\u00f3n\",\"potentialAction\":[{\"@type\":\"SearchAction\",\"target\":{\"@type\":\"EntryPoint\",\"urlTemplate\":\"https:\/\/comerciallin.com\/?s={search_term_string}\"},\"query-input\":\"required name=search_term_string\"}],\"inLanguage\":\"es\"},{\"@type\":\"ImageObject\",\"@id\":\"https:\/\/comerciallin.com\/index.php\/producto\/resistencia-para-selladora-300mm\/#primaryimage\",\"inLanguage\":\"es\",\"url\":\"https:\/\/i0.wp.com\/comerciallin.com\/wp-content\/uploads\/2023\/08\/099020100101.jpg?fit=%2C&ssl=1\",\"contentUrl\":\"https:\/\/i0.wp.com\/comerciallin.com\/wp-content\/uploads\/2023\/08\/099020100101.jpg?fit=%2C&ssl=1\",\"caption\":\"RESISTENCIA PARA SELLADORA 300MM\"},{\"@type\":\"WebPage\",\"@id\":\"https:\/\/comerciallin.com\/index.php\/producto\/resistencia-para-selladora-300mm\/#webpage\",\"url\":\"https:\/\/comerciallin.com\/index.php\/producto\/resistencia-para-selladora-300mm\/\",\"name\":\"RESISTENCIA PARA SELLADORA 300MM - tienda de electr\\u00f3nica y computaci\\u00f3n\",\"isPartOf\":{\"@id\":\"https:\/\/comerciallin.com\/#website\"},\"primaryImageOfPage\":{\"@id\":\"https:\/\/comerciallin.com\/index.php\/producto\/resistencia-para-selladora-300mm\/#primaryimage\"},\"datePublished\":\"2023-05-11T18:41:57+00:00\",\"dateModified\":\"2025-01-14T18:57:34+00:00\",\"breadcrumb\":{\"@id\":\"https:\/\/comerciallin.com\/index.php\/producto\/resistencia-para-selladora-300mm\/#breadcrumb\"},\"inLanguage\":\"es\",\"potentialAction\":[{\"@type\":\"ReadAction\",\"target\":[\"https:\/\/comerciallin.com\/index.php\/producto\/resistencia-para-selladora-300mm\/\"]}]},{\"@type\":\"BreadcrumbList\",\"@id\":\"https:\/\/comerciallin.com\/index.php\/producto\/resistencia-para-selladora-300mm\/#breadcrumb\",\"itemListElement\":[{\"@type\":\"ListItem\",\"position\":1,\"name\":\"Inicio\",\"item\":\"https:\/\/comerciallin.com\/\"},{\"@type\":\"ListItem\",\"position\":2,\"name\":\"Shop\",\"item\":\"https:\/\/comerciallin.com\/?page_id=3853\"},{\"@type\":\"ListItem\",\"position\":3,\"name\":\"RESISTENCIA PARA SELLADORA 300MM\"}]}]}<\/script>\n<meta property=\"product:price:amount\" content=\"2.30\" \/>\n<meta property=\"product:price:currency\" content=\"USD\" \/>\n<meta property=\"og:availability\" content=\"instock\" \/>\n<meta property=\"product:availability\" content=\"instock\" \/>\n<meta property=\"product:retailer_item_id\" content=\"99020100101\" \/>\n<meta property=\"product:condition\" content=\"new\" \/>\n<!-- \/ Yoast SEO Premium plugin. -->","yoast_head_json":{"title":"RESISTENCIA PARA SELLADORA 300MM - tienda de electr\u00f3nica y computaci\u00f3n","robots":{"index":"index","follow":"follow","max-snippet":"max-snippet:-1","max-image-preview":"max-image-preview:large","max-video-preview":"max-video-preview:-1"},"canonical":"https:\/\/comerciallin.com\/index.php\/producto\/resistencia-para-selladora-300mm\/","og_locale":"es_ES","og_type":"article","og_title":"RESISTENCIA PARA SELLADORA 300MM","og_url":"https:\/\/comerciallin.com\/index.php\/producto\/resistencia-para-selladora-300mm\/","og_site_name":"tienda de electr\u00f3nica y computaci\u00f3n","article_modified_time":"2025-01-14T18:57:34+00:00","twitter_card":"summary_large_image","twitter_image":"https:\/\/i0.wp.com\/comerciallin.com\/wp-content\/uploads\/2023\/08\/099020100101.jpg?fit=%2C&ssl=1","twitter_misc":{"Precio":"&#36;2,30","Availability":"In stock"},"schema":{"@context":"https:\/\/schema.org","@graph":[{"@type":"WebSite","@id":"https:\/\/comerciallin.com\/#website","url":"https:\/\/comerciallin.com\/","name":"tienda de electr\u00f3nica y computaci\u00f3n","description":"Importadora de Electr\u00f3nica y Computaci\u00f3n","potentialAction":[{"@type":"SearchAction","target":{"@type":"EntryPoint","urlTemplate":"https:\/\/comerciallin.com\/?s={search_term_string}"},"query-input":"required name=search_term_string"}],"inLanguage":"es"},{"@type":"ImageObject","@id":"https:\/\/comerciallin.com\/index.php\/producto\/resistencia-para-selladora-300mm\/#primaryimage","inLanguage":"es","url":"https:\/\/i0.wp.com\/comerciallin.com\/wp-content\/uploads\/2023\/08\/099020100101.jpg?fit=%2C&ssl=1","contentUrl":"https:\/\/i0.wp.com\/comerciallin.com\/wp-content\/uploads\/2023\/08\/099020100101.jpg?fit=%2C&ssl=1","caption":"RESISTENCIA PARA SELLADORA 300MM"},{"@type":"WebPage","@id":"https:\/\/comerciallin.com\/index.php\/producto\/resistencia-para-selladora-300mm\/#webpage","url":"https:\/\/comerciallin.com\/index.php\/producto\/resistencia-para-selladora-300mm\/","name":"RESISTENCIA PARA SELLADORA 300MM - tienda de electr\u00f3nica y computaci\u00f3n","isPartOf":{"@id":"https:\/\/comerciallin.com\/#website"},"primaryImageOfPage":{"@id":"https:\/\/comerciallin.com\/index.php\/producto\/resistencia-para-selladora-300mm\/#primaryimage"},"datePublished":"2023-05-11T18:41:57+00:00","dateModified":"2025-01-14T18:57:34+00:00","breadcrumb":{"@id":"https:\/\/comerciallin.com\/index.php\/producto\/resistencia-para-selladora-300mm\/#breadcrumb"},"inLanguage":"es","potentialAction":[{"@type":"ReadAction","target":["https:\/\/comerciallin.com\/index.php\/producto\/resistencia-para-selladora-300mm\/"]}]},{"@type":"BreadcrumbList","@id":"https:\/\/comerciallin.com\/index.php\/producto\/resistencia-para-selladora-300mm\/#breadcrumb","itemListElement":[{"@type":"ListItem","position":1,"name":"Inicio","item":"https:\/\/comerciallin.com\/"},{"@type":"ListItem","position":2,"name":"Shop","item":"https:\/\/comerciallin.com\/?page_id=3853"},{"@type":"ListItem","position":3,"name":"RESISTENCIA PARA SELLADORA 300MM"}]}]},"product_price_amount":"2.30","product_price_currency":"USD","og_availability":"instock","product_availability":"instock","product_retailer_item_id":"99020100101","product_condition":"new"},"jetpack-related-posts":[{"id":25417,"url":"https:\/\/comerciallin.com\/index.php\/producto\/resistencia-para-selladora-300mm-2\/","url_meta":{"origin":23956,"position":0},"title":"RESISTENCIA PARA SELLADORA 300MM","date":"31 de agosto de 2023","format":false,"excerpt":"","rel":"","context":"Entrada similar","img":{"alt_text":"","src":"","width":0,"height":0},"classes":[]},{"id":19034,"url":"https:\/\/comerciallin.com\/index.php\/producto\/case-combo-ks-208-t-m-p\/","url_meta":{"origin":23956,"position":1},"title":"CASE COMBO KINGSONG KS-208 T\/M\/P","date":"7 de noviembre de 2022","format":false,"excerpt":"Cases marca Kingsong Modelo: Ks-208 Incluye: Fuente de poder de 600W Cable de Poder Teclado Mouse Parlantes multimedia Material, metal reforzado y resistente","rel":"","context":"Entrada similar","img":{"alt_text":"","src":"","width":0,"height":0},"classes":[]},{"id":19032,"url":"https:\/\/comerciallin.com\/index.php\/producto\/case-combo-ks-202-t-m-p\/","url_meta":{"origin":23956,"position":2},"title":"CASE COMBO KINGSONG KS-202 T\/M\/P","date":"7 de noviembre de 2022","format":false,"excerpt":"Cases marca Kingsong Modelo: Ks-202 Incluye: Fuente de poder de 600W Cable de Poder Teclado Mouse Parlantes multimedia Material, metal reforzado y resistente","rel":"","context":"Entrada similar","img":{"alt_text":"","src":"","width":0,"height":0},"classes":[]},{"id":18795,"url":"https:\/\/comerciallin.com\/index.php\/producto\/tinta-epson-504-bottles-l4150-4160-yellow\/","url_meta":{"origin":23956,"position":3},"title":"TINTA EPSON 504 BOTTLES L4150\/4160 YELLOW","date":"7 de noviembre de 2022","format":false,"excerpt":"La tinta Epson 504 Yellow es una tinta de alta calidad dise\u00f1ada para la impresora Epson L4150 y L4160. Produce texto y gr\u00e1ficos vibrantes y resistentes a la decoloraci\u00f3n.","rel":"","context":"Entrada similar","img":{"alt_text":"","src":"","width":0,"height":0},"classes":[]}],"jetpack_sharing_enabled":true,"jetpack_likes_enabled":true,"_links":{"self":[{"href":"https:\/\/comerciallin.com\/index.php\/wp-json\/wp\/v2\/product\/23956"}],"collection":[{"href":"https:\/\/comerciallin.com\/index.php\/wp-json\/wp\/v2\/product"}],"about":[{"href":"https:\/\/comerciallin.com\/index.php\/wp-json\/wp\/v2\/types\/product"}],"replies":[{"embeddable":true,"href":"https:\/\/comerciallin.com\/index.php\/wp-json\/wp\/v2\/comments?post=23956"}],"wp:featuredmedia":[{"embeddable":true,"href":"https:\/\/comerciallin.com\/index.php\/wp-json\/wp\/v2\/media\/25147"}],"wp:attachment":[{"href":"https:\/\/comerciallin.com\/index.php\/wp-json\/wp\/v2\/media?parent=23956"}],"wp:term":[{"taxonomy":"product_cat","embeddable":true,"href":"https:\/\/comerciallin.com\/index.php\/wp-json\/wp\/v2\/product_cat?post=23956"},{"taxonomy":"product_tag","embeddable":true,"href":"https:\/\/comerciallin.com\/index.php\/wp-json\/wp\/v2\/product_tag?post=23956"}],"curies":[{"name":"wp","href":"https:\/\/api.w.org\/{rel}","templated":true}]}}