{"id":23950,"date":"2023-05-11T13:41:56","date_gmt":"2023-05-11T18:41:56","guid":{"rendered":"https:\/\/comerciallin.com\/index.php\/producto\/punta-para-cautin-40w\/"},"modified":"2025-01-14T13:57:33","modified_gmt":"2025-01-14T18:57:33","slug":"punta-para-cautin-40w","status":"publish","type":"product","link":"https:\/\/comerciallin.com\/index.php\/producto\/punta-para-cautin-40w\/","title":{"rendered":"PUNTA PARA CAUTIN 40W"},"content":{"rendered":"","protected":false},"excerpt":{"rendered":"","protected":false},"featured_media":25142,"comment_status":"open","ping_status":"closed","template":"","meta":{"spay_email":""},"product_cat":[851],"product_tag":[],"supplier_id":null,"supplier_sku":"","barcode":null,"atum_controlled":true,"out_stock_date":null,"out_stock_threshold":null,"inheritable":false,"inbound_stock":null,"stock_on_hold":0,"sold_today":0,"sales_last_days":0,"reserved_stock":null,"customer_returns":null,"warehouse_damage":null,"lost_in_post":null,"other_logs":null,"out_stock_days":0,"lost_sales":0,"has_location":null,"update_date":"2026-04-27T00:09:43","atum_locations":[],"atum_stock_status":"instock","restock_status":false,"low_stock_amount":"","sales_update_date":"2026-04-27T00:09:43","calc_backorders":null,"acf":[],"yoast_head":"<!-- This site is optimized with the Yoast SEO Premium plugin v17.4 (Yoast SEO v17.4) - https:\/\/yoast.com\/wordpress\/plugins\/seo\/ -->\n<title>PUNTA PARA CAUTIN 40W - tienda de electr\u00f3nica y computaci\u00f3n<\/title>\n<meta name=\"robots\" content=\"index, follow, max-snippet:-1, max-image-preview:large, max-video-preview:-1\" \/>\n<link rel=\"canonical\" href=\"https:\/\/comerciallin.com\/index.php\/producto\/punta-para-cautin-40w\/\" \/>\n<meta property=\"og:locale\" content=\"es_ES\" \/>\n<meta property=\"og:type\" content=\"article\" \/>\n<meta property=\"og:title\" content=\"PUNTA PARA CAUTIN 40W\" \/>\n<meta property=\"og:url\" content=\"https:\/\/comerciallin.com\/index.php\/producto\/punta-para-cautin-40w\/\" \/>\n<meta property=\"og:site_name\" content=\"tienda de electr\u00f3nica y computaci\u00f3n\" \/>\n<meta property=\"article:modified_time\" content=\"2025-01-14T18:57:33+00:00\" \/>\n<meta name=\"twitter:card\" content=\"summary_large_image\" \/>\n<meta name=\"twitter:image\" content=\"https:\/\/i0.wp.com\/comerciallin.com\/wp-content\/uploads\/2023\/08\/083010100601.jpg?fit=%2C&amp;ssl=1\" \/>\n<meta name=\"twitter:label1\" content=\"Precio\" \/>\n\t<meta name=\"twitter:data1\" content=\"&#36;1,54\" \/>\n\t<meta name=\"twitter:label2\" content=\"Availability\" \/>\n\t<meta name=\"twitter:data2\" content=\"In stock\" \/>\n<script type=\"application\/ld+json\" class=\"yoast-schema-graph\">{\"@context\":\"https:\/\/schema.org\",\"@graph\":[{\"@type\":\"WebSite\",\"@id\":\"https:\/\/comerciallin.com\/#website\",\"url\":\"https:\/\/comerciallin.com\/\",\"name\":\"tienda de electr\\u00f3nica y computaci\\u00f3n\",\"description\":\"Importadora de Electr\\u00f3nica y Computaci\\u00f3n\",\"potentialAction\":[{\"@type\":\"SearchAction\",\"target\":{\"@type\":\"EntryPoint\",\"urlTemplate\":\"https:\/\/comerciallin.com\/?s={search_term_string}\"},\"query-input\":\"required name=search_term_string\"}],\"inLanguage\":\"es\"},{\"@type\":\"ImageObject\",\"@id\":\"https:\/\/comerciallin.com\/index.php\/producto\/punta-para-cautin-40w\/#primaryimage\",\"inLanguage\":\"es\",\"url\":\"https:\/\/i0.wp.com\/comerciallin.com\/wp-content\/uploads\/2023\/08\/083010100601.jpg?fit=%2C&ssl=1\",\"contentUrl\":\"https:\/\/i0.wp.com\/comerciallin.com\/wp-content\/uploads\/2023\/08\/083010100601.jpg?fit=%2C&ssl=1\",\"caption\":\"PUNTA PARA CAUTIN 40W\"},{\"@type\":\"WebPage\",\"@id\":\"https:\/\/comerciallin.com\/index.php\/producto\/punta-para-cautin-40w\/#webpage\",\"url\":\"https:\/\/comerciallin.com\/index.php\/producto\/punta-para-cautin-40w\/\",\"name\":\"PUNTA PARA CAUTIN 40W - tienda de electr\\u00f3nica y computaci\\u00f3n\",\"isPartOf\":{\"@id\":\"https:\/\/comerciallin.com\/#website\"},\"primaryImageOfPage\":{\"@id\":\"https:\/\/comerciallin.com\/index.php\/producto\/punta-para-cautin-40w\/#primaryimage\"},\"datePublished\":\"2023-05-11T18:41:56+00:00\",\"dateModified\":\"2025-01-14T18:57:33+00:00\",\"breadcrumb\":{\"@id\":\"https:\/\/comerciallin.com\/index.php\/producto\/punta-para-cautin-40w\/#breadcrumb\"},\"inLanguage\":\"es\",\"potentialAction\":[{\"@type\":\"ReadAction\",\"target\":[\"https:\/\/comerciallin.com\/index.php\/producto\/punta-para-cautin-40w\/\"]}]},{\"@type\":\"BreadcrumbList\",\"@id\":\"https:\/\/comerciallin.com\/index.php\/producto\/punta-para-cautin-40w\/#breadcrumb\",\"itemListElement\":[{\"@type\":\"ListItem\",\"position\":1,\"name\":\"Inicio\",\"item\":\"https:\/\/comerciallin.com\/\"},{\"@type\":\"ListItem\",\"position\":2,\"name\":\"Shop\",\"item\":\"https:\/\/comerciallin.com\/?page_id=3853\"},{\"@type\":\"ListItem\",\"position\":3,\"name\":\"PUNTA PARA CAUTIN 40W\"}]}]}<\/script>\n<meta property=\"product:price:amount\" content=\"1.54\" \/>\n<meta property=\"product:price:currency\" content=\"USD\" \/>\n<meta property=\"og:availability\" content=\"instock\" \/>\n<meta property=\"product:availability\" content=\"instock\" \/>\n<meta property=\"product:retailer_item_id\" content=\"83010100601\" \/>\n<meta property=\"product:condition\" content=\"new\" \/>\n<!-- \/ Yoast SEO Premium plugin. -->","yoast_head_json":{"title":"PUNTA PARA CAUTIN 40W - tienda de electr\u00f3nica y computaci\u00f3n","robots":{"index":"index","follow":"follow","max-snippet":"max-snippet:-1","max-image-preview":"max-image-preview:large","max-video-preview":"max-video-preview:-1"},"canonical":"https:\/\/comerciallin.com\/index.php\/producto\/punta-para-cautin-40w\/","og_locale":"es_ES","og_type":"article","og_title":"PUNTA PARA CAUTIN 40W","og_url":"https:\/\/comerciallin.com\/index.php\/producto\/punta-para-cautin-40w\/","og_site_name":"tienda de electr\u00f3nica y computaci\u00f3n","article_modified_time":"2025-01-14T18:57:33+00:00","twitter_card":"summary_large_image","twitter_image":"https:\/\/i0.wp.com\/comerciallin.com\/wp-content\/uploads\/2023\/08\/083010100601.jpg?fit=%2C&ssl=1","twitter_misc":{"Precio":"&#36;1,54","Availability":"In stock"},"schema":{"@context":"https:\/\/schema.org","@graph":[{"@type":"WebSite","@id":"https:\/\/comerciallin.com\/#website","url":"https:\/\/comerciallin.com\/","name":"tienda de electr\u00f3nica y computaci\u00f3n","description":"Importadora de Electr\u00f3nica y Computaci\u00f3n","potentialAction":[{"@type":"SearchAction","target":{"@type":"EntryPoint","urlTemplate":"https:\/\/comerciallin.com\/?s={search_term_string}"},"query-input":"required name=search_term_string"}],"inLanguage":"es"},{"@type":"ImageObject","@id":"https:\/\/comerciallin.com\/index.php\/producto\/punta-para-cautin-40w\/#primaryimage","inLanguage":"es","url":"https:\/\/i0.wp.com\/comerciallin.com\/wp-content\/uploads\/2023\/08\/083010100601.jpg?fit=%2C&ssl=1","contentUrl":"https:\/\/i0.wp.com\/comerciallin.com\/wp-content\/uploads\/2023\/08\/083010100601.jpg?fit=%2C&ssl=1","caption":"PUNTA PARA CAUTIN 40W"},{"@type":"WebPage","@id":"https:\/\/comerciallin.com\/index.php\/producto\/punta-para-cautin-40w\/#webpage","url":"https:\/\/comerciallin.com\/index.php\/producto\/punta-para-cautin-40w\/","name":"PUNTA PARA CAUTIN 40W - tienda de electr\u00f3nica y computaci\u00f3n","isPartOf":{"@id":"https:\/\/comerciallin.com\/#website"},"primaryImageOfPage":{"@id":"https:\/\/comerciallin.com\/index.php\/producto\/punta-para-cautin-40w\/#primaryimage"},"datePublished":"2023-05-11T18:41:56+00:00","dateModified":"2025-01-14T18:57:33+00:00","breadcrumb":{"@id":"https:\/\/comerciallin.com\/index.php\/producto\/punta-para-cautin-40w\/#breadcrumb"},"inLanguage":"es","potentialAction":[{"@type":"ReadAction","target":["https:\/\/comerciallin.com\/index.php\/producto\/punta-para-cautin-40w\/"]}]},{"@type":"BreadcrumbList","@id":"https:\/\/comerciallin.com\/index.php\/producto\/punta-para-cautin-40w\/#breadcrumb","itemListElement":[{"@type":"ListItem","position":1,"name":"Inicio","item":"https:\/\/comerciallin.com\/"},{"@type":"ListItem","position":2,"name":"Shop","item":"https:\/\/comerciallin.com\/?page_id=3853"},{"@type":"ListItem","position":3,"name":"PUNTA PARA CAUTIN 40W"}]}]},"product_price_amount":"1.54","product_price_currency":"USD","og_availability":"instock","product_availability":"instock","product_retailer_item_id":"83010100601","product_condition":"new"},"jetpack-related-posts":[{"id":25421,"url":"https:\/\/comerciallin.com\/index.php\/producto\/cautin-plastico-40w-plano\/","url_meta":{"origin":23950,"position":0},"title":"CAUTIN PLASTICO 40W PLANO","date":"31 de agosto de 2023","format":false,"excerpt":"","rel":"","context":"Entrada similar","img":{"alt_text":"","src":"","width":0,"height":0},"classes":[]},{"id":23952,"url":"https:\/\/comerciallin.com\/index.php\/producto\/punta-para-cautin-de-60w\/","url_meta":{"origin":23950,"position":1},"title":"PUNTA PARA CAUTIN DE 60W","date":"11 de mayo de 2023","format":false,"excerpt":"","rel":"","context":"Entrada similar","img":{"alt_text":"","src":"","width":0,"height":0},"classes":[]},{"id":25419,"url":"https:\/\/comerciallin.com\/index.php\/producto\/cautin-plastico-30w-plano\/","url_meta":{"origin":23950,"position":2},"title":"CAUTIN PLASTICO 30W PLANO","date":"31 de agosto de 2023","format":false,"excerpt":"","rel":"","context":"Entrada similar","img":{"alt_text":"","src":"","width":0,"height":0},"classes":[]},{"id":23683,"url":"https:\/\/comerciallin.com\/index.php\/producto\/cargador-telefono-40w-5v3-6a-i17-v8-androide\/","url_meta":{"origin":23950,"position":3},"title":"CARGADOR TELEFONO 40W 5V3.6A I17 V8 ANDROIDE","date":"3 de mayo de 2023","format":false,"excerpt":"","rel":"","context":"Entrada similar","img":{"alt_text":"","src":"","width":0,"height":0},"classes":[]},{"id":18744,"url":"https:\/\/comerciallin.com\/index.php\/producto\/cargador-telefono-40w-5v3-6a-i17-iphone\/","url_meta":{"origin":23950,"position":4},"title":"CARGADOR TELEFONO 40W 5V3.6A I17 IPHONE","date":"7 de noviembre de 2022","format":false,"excerpt":"Modelo exclusivo de alta gama Chip de identificaci\u00f3n inteligente integrado con funci\u00f3n de apagado autom\u00e1tico cuando est\u00e1 completamente cargado Protecci\u00f3n contra cortocircuitos Soporte m\u00e1ximo de carga de energ\u00eda de 40 W; identificaci\u00f3n autom\u00c3\u00a1tica IC Incluye cable de datos totalmente compatible, la longitud del cable es de 1 metro","rel":"","context":"Entrada similar","img":{"alt_text":"","src":"","width":0,"height":0},"classes":[]},{"id":19691,"url":"https:\/\/comerciallin.com\/index.php\/producto\/cargador-comp-len-yoga-3ori-20v-2a-or-5v-2a\/","url_meta":{"origin":23950,"position":5},"title":"CARGADOR COMP LEN YOGA 3ORI 20V-2A OR 5V-2A","date":"7 de noviembre de 2022","format":false,"excerpt":"Cargador adaptador para Lenovo Yoga 3 Pro-1370 Yoga 3-1170 Yoga 3-1470 36200563, ADL-40WCC, ADL40WDB con cable USB","rel":"","context":"Entrada similar","img":{"alt_text":"","src":"","width":0,"height":0},"classes":[]}],"jetpack_sharing_enabled":true,"jetpack_likes_enabled":true,"_links":{"self":[{"href":"https:\/\/comerciallin.com\/index.php\/wp-json\/wp\/v2\/product\/23950"}],"collection":[{"href":"https:\/\/comerciallin.com\/index.php\/wp-json\/wp\/v2\/product"}],"about":[{"href":"https:\/\/comerciallin.com\/index.php\/wp-json\/wp\/v2\/types\/product"}],"replies":[{"embeddable":true,"href":"https:\/\/comerciallin.com\/index.php\/wp-json\/wp\/v2\/comments?post=23950"}],"wp:featuredmedia":[{"embeddable":true,"href":"https:\/\/comerciallin.com\/index.php\/wp-json\/wp\/v2\/media\/25142"}],"wp:attachment":[{"href":"https:\/\/comerciallin.com\/index.php\/wp-json\/wp\/v2\/media?parent=23950"}],"wp:term":[{"taxonomy":"product_cat","embeddable":true,"href":"https:\/\/comerciallin.com\/index.php\/wp-json\/wp\/v2\/product_cat?post=23950"},{"taxonomy":"product_tag","embeddable":true,"href":"https:\/\/comerciallin.com\/index.php\/wp-json\/wp\/v2\/product_tag?post=23950"}],"curies":[{"name":"wp","href":"https:\/\/api.w.org\/{rel}","templated":true}]}}