{"id":23934,"date":"2023-05-11T13:41:54","date_gmt":"2023-05-11T18:41:54","guid":{"rendered":"https:\/\/comerciallin.com\/index.php\/producto\/pen-drive-4gb-metalico-plateado\/"},"modified":"2025-01-14T13:57:14","modified_gmt":"2025-01-14T18:57:14","slug":"pen-drive-4gb-metalico-plateado","status":"publish","type":"product","link":"https:\/\/comerciallin.com\/index.php\/producto\/pen-drive-4gb-metalico-plateado\/","title":{"rendered":"PEN DRIVE 4GB METALICO PLATEADO"},"content":{"rendered":"","protected":false},"excerpt":{"rendered":"","protected":false},"featured_media":25102,"comment_status":"open","ping_status":"closed","template":"","meta":{"spay_email":""},"product_cat":[789],"product_tag":[],"supplier_id":null,"supplier_sku":"","barcode":null,"atum_controlled":true,"out_stock_date":null,"out_stock_threshold":null,"inheritable":false,"inbound_stock":null,"stock_on_hold":0,"sold_today":0,"sales_last_days":0,"reserved_stock":null,"customer_returns":null,"warehouse_damage":null,"lost_in_post":null,"other_logs":null,"out_stock_days":0,"lost_sales":0,"has_location":null,"update_date":"2026-04-03T23:40:27","atum_locations":[],"atum_stock_status":"instock","restock_status":false,"low_stock_amount":"","sales_update_date":"2026-04-03T23:40:27","calc_backorders":null,"acf":[],"yoast_head":"<!-- This site is optimized with the Yoast SEO Premium plugin v17.4 (Yoast SEO v17.4) - https:\/\/yoast.com\/wordpress\/plugins\/seo\/ -->\n<title>PEN DRIVE 4GB METALICO PLATEADO - tienda de electr\u00f3nica y computaci\u00f3n<\/title>\n<meta name=\"robots\" content=\"index, follow, max-snippet:-1, max-image-preview:large, max-video-preview:-1\" \/>\n<link rel=\"canonical\" href=\"https:\/\/comerciallin.com\/index.php\/producto\/pen-drive-4gb-metalico-plateado\/\" \/>\n<meta property=\"og:locale\" content=\"es_ES\" \/>\n<meta property=\"og:type\" content=\"article\" \/>\n<meta property=\"og:title\" content=\"PEN DRIVE 4GB METALICO PLATEADO\" \/>\n<meta property=\"og:url\" content=\"https:\/\/comerciallin.com\/index.php\/producto\/pen-drive-4gb-metalico-plateado\/\" \/>\n<meta property=\"og:site_name\" content=\"tienda de electr\u00f3nica y computaci\u00f3n\" \/>\n<meta property=\"article:modified_time\" content=\"2025-01-14T18:57:14+00:00\" \/>\n<meta name=\"twitter:card\" content=\"summary_large_image\" \/>\n<meta name=\"twitter:image\" content=\"https:\/\/i0.wp.com\/comerciallin.com\/wp-content\/uploads\/2023\/08\/060470302.jpg?fit=%2C&amp;ssl=1\" \/>\n<meta name=\"twitter:label1\" content=\"Precio\" \/>\n\t<meta name=\"twitter:data1\" content=\"&#36;8,05\" \/>\n\t<meta name=\"twitter:label2\" content=\"Availability\" \/>\n\t<meta name=\"twitter:data2\" content=\"In stock\" \/>\n<script type=\"application\/ld+json\" class=\"yoast-schema-graph\">{\"@context\":\"https:\/\/schema.org\",\"@graph\":[{\"@type\":\"WebSite\",\"@id\":\"https:\/\/comerciallin.com\/#website\",\"url\":\"https:\/\/comerciallin.com\/\",\"name\":\"tienda de electr\\u00f3nica y computaci\\u00f3n\",\"description\":\"Importadora de Electr\\u00f3nica y Computaci\\u00f3n\",\"potentialAction\":[{\"@type\":\"SearchAction\",\"target\":{\"@type\":\"EntryPoint\",\"urlTemplate\":\"https:\/\/comerciallin.com\/?s={search_term_string}\"},\"query-input\":\"required name=search_term_string\"}],\"inLanguage\":\"es\"},{\"@type\":\"ImageObject\",\"@id\":\"https:\/\/comerciallin.com\/index.php\/producto\/pen-drive-4gb-metalico-plateado\/#primaryimage\",\"inLanguage\":\"es\",\"url\":\"https:\/\/i0.wp.com\/comerciallin.com\/wp-content\/uploads\/2023\/08\/060470302.jpg?fit=%2C&ssl=1\",\"contentUrl\":\"https:\/\/i0.wp.com\/comerciallin.com\/wp-content\/uploads\/2023\/08\/060470302.jpg?fit=%2C&ssl=1\",\"caption\":\"PEN DRIVE 4GB METALICO PLATEADO\"},{\"@type\":\"WebPage\",\"@id\":\"https:\/\/comerciallin.com\/index.php\/producto\/pen-drive-4gb-metalico-plateado\/#webpage\",\"url\":\"https:\/\/comerciallin.com\/index.php\/producto\/pen-drive-4gb-metalico-plateado\/\",\"name\":\"PEN DRIVE 4GB METALICO PLATEADO - tienda de electr\\u00f3nica y computaci\\u00f3n\",\"isPartOf\":{\"@id\":\"https:\/\/comerciallin.com\/#website\"},\"primaryImageOfPage\":{\"@id\":\"https:\/\/comerciallin.com\/index.php\/producto\/pen-drive-4gb-metalico-plateado\/#primaryimage\"},\"datePublished\":\"2023-05-11T18:41:54+00:00\",\"dateModified\":\"2025-01-14T18:57:14+00:00\",\"breadcrumb\":{\"@id\":\"https:\/\/comerciallin.com\/index.php\/producto\/pen-drive-4gb-metalico-plateado\/#breadcrumb\"},\"inLanguage\":\"es\",\"potentialAction\":[{\"@type\":\"ReadAction\",\"target\":[\"https:\/\/comerciallin.com\/index.php\/producto\/pen-drive-4gb-metalico-plateado\/\"]}]},{\"@type\":\"BreadcrumbList\",\"@id\":\"https:\/\/comerciallin.com\/index.php\/producto\/pen-drive-4gb-metalico-plateado\/#breadcrumb\",\"itemListElement\":[{\"@type\":\"ListItem\",\"position\":1,\"name\":\"Inicio\",\"item\":\"https:\/\/comerciallin.com\/\"},{\"@type\":\"ListItem\",\"position\":2,\"name\":\"Shop\",\"item\":\"https:\/\/comerciallin.com\/?page_id=3853\"},{\"@type\":\"ListItem\",\"position\":3,\"name\":\"PEN DRIVE 4GB METALICO PLATEADO\"}]}]}<\/script>\n<meta property=\"product:price:amount\" content=\"8.05\" \/>\n<meta property=\"product:price:currency\" content=\"USD\" \/>\n<meta property=\"og:availability\" content=\"instock\" \/>\n<meta property=\"product:availability\" content=\"instock\" \/>\n<meta property=\"product:retailer_item_id\" content=\"60470302\" \/>\n<meta property=\"product:condition\" content=\"new\" \/>\n<!-- \/ Yoast SEO Premium plugin. -->","yoast_head_json":{"title":"PEN DRIVE 4GB METALICO PLATEADO - tienda de electr\u00f3nica y computaci\u00f3n","robots":{"index":"index","follow":"follow","max-snippet":"max-snippet:-1","max-image-preview":"max-image-preview:large","max-video-preview":"max-video-preview:-1"},"canonical":"https:\/\/comerciallin.com\/index.php\/producto\/pen-drive-4gb-metalico-plateado\/","og_locale":"es_ES","og_type":"article","og_title":"PEN DRIVE 4GB METALICO PLATEADO","og_url":"https:\/\/comerciallin.com\/index.php\/producto\/pen-drive-4gb-metalico-plateado\/","og_site_name":"tienda de electr\u00f3nica y computaci\u00f3n","article_modified_time":"2025-01-14T18:57:14+00:00","twitter_card":"summary_large_image","twitter_image":"https:\/\/i0.wp.com\/comerciallin.com\/wp-content\/uploads\/2023\/08\/060470302.jpg?fit=%2C&ssl=1","twitter_misc":{"Precio":"&#36;8,05","Availability":"In stock"},"schema":{"@context":"https:\/\/schema.org","@graph":[{"@type":"WebSite","@id":"https:\/\/comerciallin.com\/#website","url":"https:\/\/comerciallin.com\/","name":"tienda de electr\u00f3nica y computaci\u00f3n","description":"Importadora de Electr\u00f3nica y Computaci\u00f3n","potentialAction":[{"@type":"SearchAction","target":{"@type":"EntryPoint","urlTemplate":"https:\/\/comerciallin.com\/?s={search_term_string}"},"query-input":"required name=search_term_string"}],"inLanguage":"es"},{"@type":"ImageObject","@id":"https:\/\/comerciallin.com\/index.php\/producto\/pen-drive-4gb-metalico-plateado\/#primaryimage","inLanguage":"es","url":"https:\/\/i0.wp.com\/comerciallin.com\/wp-content\/uploads\/2023\/08\/060470302.jpg?fit=%2C&ssl=1","contentUrl":"https:\/\/i0.wp.com\/comerciallin.com\/wp-content\/uploads\/2023\/08\/060470302.jpg?fit=%2C&ssl=1","caption":"PEN DRIVE 4GB METALICO PLATEADO"},{"@type":"WebPage","@id":"https:\/\/comerciallin.com\/index.php\/producto\/pen-drive-4gb-metalico-plateado\/#webpage","url":"https:\/\/comerciallin.com\/index.php\/producto\/pen-drive-4gb-metalico-plateado\/","name":"PEN DRIVE 4GB METALICO PLATEADO - tienda de electr\u00f3nica y computaci\u00f3n","isPartOf":{"@id":"https:\/\/comerciallin.com\/#website"},"primaryImageOfPage":{"@id":"https:\/\/comerciallin.com\/index.php\/producto\/pen-drive-4gb-metalico-plateado\/#primaryimage"},"datePublished":"2023-05-11T18:41:54+00:00","dateModified":"2025-01-14T18:57:14+00:00","breadcrumb":{"@id":"https:\/\/comerciallin.com\/index.php\/producto\/pen-drive-4gb-metalico-plateado\/#breadcrumb"},"inLanguage":"es","potentialAction":[{"@type":"ReadAction","target":["https:\/\/comerciallin.com\/index.php\/producto\/pen-drive-4gb-metalico-plateado\/"]}]},{"@type":"BreadcrumbList","@id":"https:\/\/comerciallin.com\/index.php\/producto\/pen-drive-4gb-metalico-plateado\/#breadcrumb","itemListElement":[{"@type":"ListItem","position":1,"name":"Inicio","item":"https:\/\/comerciallin.com\/"},{"@type":"ListItem","position":2,"name":"Shop","item":"https:\/\/comerciallin.com\/?page_id=3853"},{"@type":"ListItem","position":3,"name":"PEN DRIVE 4GB METALICO PLATEADO"}]}]},"product_price_amount":"8.05","product_price_currency":"USD","og_availability":"instock","product_availability":"instock","product_retailer_item_id":"60470302","product_condition":"new"},"jetpack-related-posts":[{"id":24473,"url":"https:\/\/comerciallin.com\/index.php\/producto\/pen-drive-kingston-dtx-64gb-datatraveler\/","url_meta":{"origin":23934,"position":0},"title":"PEN DRIVE KINGSTON DTX\/64GB DATATRAVELER","date":"3 de julio de 2023","format":false,"excerpt":"Pen Drive Kingston DTX 64GB Datatraveler: Almacena y transporta tus datos de manera segura con este pen drive de alta capacidad. Con 64GB de almacenamiento, el Kingston DTX Datatraveler te permite llevar contigo todos tus archivos importantes en un dispositivo compacto y confiable.","rel":"","context":"Entrada similar","img":{"alt_text":"","src":"","width":0,"height":0},"classes":[]},{"id":19613,"url":"https:\/\/comerciallin.com\/index.php\/producto\/mem-ddr3-laptop-4gb-1333\/","url_meta":{"origin":23934,"position":1},"title":"MEM. DDR3 LAPTOP 4GB 1333","date":"7 de noviembre de 2022","format":false,"excerpt":"Capacidad: 4GB Tecnolog\u00eda: DDR3 SDRAM Tipo o Forma: DIMM de 204 pines Velocidad: 1333 MHz (PC3-10600) Tiempo de Latencia: CL9 Voltaje de alimentaci\u00f3n: 1.5 V Comprobaci\u00f3n de errores: No ECC","rel":"","context":"Entrada similar","img":{"alt_text":"MEM. DDR3 LAPTOP 4GB 1333","src":"https:\/\/i0.wp.com\/comerciallin.com\/wp-content\/uploads\/2023\/02\/099030110708.jpg?fit=992%2C744&ssl=1&resize=350%2C200","width":350,"height":200},"classes":[]},{"id":19371,"url":"https:\/\/comerciallin.com\/index.php\/producto\/portatil-hp-ci3-1125g4-4gb-m-2-250gb-14-dq2\/","url_meta":{"origin":23934,"position":2},"title":"PORTATIL HP CI3 1125G4 4GB | M.2 250GB 14-DQ2","date":"7 de noviembre de 2022","format":false,"excerpt":"Marca:\u00a0HPModelo: 14-DY0003LAProcesador: Intel\u00ae Core\u2122 i3-1125G4 | 11.\u00aa generaci\u00f3nMemoria RAM:\u00a04GB DDR4Almacenamiento: SSD 250 GB M.2Pantalla: 14.0\u2033 FHDGarant\u00eda: 1 A\u00f1oAceptamos todas las tarjetas de cr\u00e9ditoRealizamos env\u00edos a todo el pa\u00eds","rel":"","context":"Entrada similar","img":{"alt_text":"","src":"","width":0,"height":0},"classes":[]},{"id":19359,"url":"https:\/\/comerciallin.com\/index.php\/producto\/portatil-hp-240-cel-n4020-g8-4gb-1tb-ddr4-240\/","url_meta":{"origin":23934,"position":3},"title":"PORTATIL HP 240 CEL N4020 G8 4GB 1TB DDR4 240","date":"7 de noviembre de 2022","format":false,"excerpt":"HP NOTEBOOK CELERON 240 G8 Marca: HP Memoria: 4GB Almacenamiento: 240Gb Pantalla: 14\"","rel":"","context":"Entrada similar","img":{"alt_text":"","src":"","width":0,"height":0},"classes":[]},{"id":23732,"url":"https:\/\/comerciallin.com\/index.php\/producto\/driver-para-campana-600w-ks-600w\/","url_meta":{"origin":23934,"position":4},"title":"DRIVER PARA CAMPANA 600W KS-600W","date":"3 de mayo de 2023","format":false,"excerpt":"","rel":"","context":"Entrada similar","img":{"alt_text":"","src":"","width":0,"height":0},"classes":[]},{"id":22788,"url":"https:\/\/comerciallin.com\/index.php\/producto\/bobina-para-driver-sb-51077-150w\/","url_meta":{"origin":23934,"position":5},"title":"BOBINA PARA DRIVER SB-51077 150W","date":"24 de abril de 2023","format":false,"excerpt":"","rel":"","context":"Entrada similar","img":{"alt_text":"","src":"","width":0,"height":0},"classes":[]}],"jetpack_sharing_enabled":true,"jetpack_likes_enabled":true,"_links":{"self":[{"href":"https:\/\/comerciallin.com\/index.php\/wp-json\/wp\/v2\/product\/23934"}],"collection":[{"href":"https:\/\/comerciallin.com\/index.php\/wp-json\/wp\/v2\/product"}],"about":[{"href":"https:\/\/comerciallin.com\/index.php\/wp-json\/wp\/v2\/types\/product"}],"replies":[{"embeddable":true,"href":"https:\/\/comerciallin.com\/index.php\/wp-json\/wp\/v2\/comments?post=23934"}],"wp:featuredmedia":[{"embeddable":true,"href":"https:\/\/comerciallin.com\/index.php\/wp-json\/wp\/v2\/media\/25102"}],"wp:attachment":[{"href":"https:\/\/comerciallin.com\/index.php\/wp-json\/wp\/v2\/media?parent=23934"}],"wp:term":[{"taxonomy":"product_cat","embeddable":true,"href":"https:\/\/comerciallin.com\/index.php\/wp-json\/wp\/v2\/product_cat?post=23934"},{"taxonomy":"product_tag","embeddable":true,"href":"https:\/\/comerciallin.com\/index.php\/wp-json\/wp\/v2\/product_tag?post=23934"}],"curies":[{"name":"wp","href":"https:\/\/api.w.org\/{rel}","templated":true}]}}