{"id":23896,"date":"2023-05-03T17:32:42","date_gmt":"2023-05-03T22:32:42","guid":{"rendered":"https:\/\/comerciallin.com\/index.php\/producto\/teclado-p-lapto-hp-cq700-c700\/"},"modified":"2025-01-14T13:58:09","modified_gmt":"2025-01-14T18:58:09","slug":"teclado-p-lapto-hp-cq700-c700","status":"publish","type":"product","link":"https:\/\/comerciallin.com\/index.php\/producto\/teclado-p-lapto-hp-cq700-c700\/","title":{"rendered":"TECLADO P. LAPTO HP CQ700\/C700"},"content":{"rendered":"<p>El n&uacute;mero de parte del teclado para laptop HP Compaq Presario C700 Series es 454954-001. A continuaci&oacute;n se presenta una lista de modelos de laptops compatibles:<\/p>\n<ul>\n<li>HP Compaq Presario C700<\/li>\n<li>HP Compaq Presario C710TU<\/li>\n<li>HP Compaq Presario C714NR<\/li>\n<li>HP Compaq Presario C714TU<\/li>\n<li>HP Compaq Presario C715TU<\/li>\n<li>HP Compaq Presario C716NR<\/li>\n<li>HP Compaq Presario C717NR<\/li>\n<li>HP Compaq Presario C720BR<\/li>\n<li>HP Compaq Presario C720ED<\/li>\n<li>HP Compaq Presario C720EL<\/li>\n<li>HP Compaq Presario C720ES<\/li>\n<li>HP Compaq Presario C720TU<\/li>\n<li>HP Compaq Presario C727US<\/li>\n<li>HP Compaq Presario C730BR<\/li>\n<li>HP Compaq Presario C730ED<\/li>\n<li>HP Compaq Presario C730EL<\/li>\n<li>HP Compaq Presario C730ES<\/li>\n<li>HP Compaq Presario C730TU<\/li>\n<li>HP Compaq Presario C733TU<\/li>\n<li>HP Compaq Presario C734TU<\/li>\n<li>HP Compaq Presario C735ED<\/li>\n<li>HP Compaq Presario C735EM<\/li>\n<li>HP Compaq Presario C735ET<\/li>\n<li>HP Compaq Presario C735TU<\/li>\n<li>HP Compaq Presario C736TU<\/li>\n<li>HP Compaq Presario C737BR<\/li>\n<li>HP Compaq Presario C737TU<\/li>\n<li>HP Compaq Presario C738TU<\/li>\n<li>HP Compaq Presario C739TU<\/li>\n<li>HP Compaq Presario C740BR<\/li>\n<li>HP Compaq Presario C740ED<\/li>\n<li>HP Compaq Presario C740EL<\/li>\n<li>HP Compaq Presario C740EM<\/li>\n<li>HP Compaq Presario C740ES<\/li>\n<li>HP Compaq Presario C740ET<\/li>\n<li>HP Compaq Presario C740TU<\/li>\n<li>HP Compaq Presario C744TU<\/li>\n<li>HP Compaq Presario C745TU<\/li>\n<li>HP Compaq Presario C746TU<\/li>\n<li>HP Compaq Presario C747TU<\/li>\n<li>HP Compaq Presario C748TU<\/li>\n<li>HP Compaq Presario C749TU<\/li>\n<li>HP Compaq Presario C750ED<\/li>\n<li>HP Compaq Presario C750EF<\/li>\n<li>HP Compaq Presario C750EL<\/li>\n<li>HP Compaq Presario C750EM<\/li>\n<li>HP Compaq Presario C750EN<\/li>\n<li>HP Compaq Presario C750ES<\/li>\n<li>HP Compaq Presario C750LA<\/li>\n<li>HP Compaq Presario C750TU<\/li>\n<li>HP Compaq Presario C751NR<\/li>\n<li>HP Compaq Presario C751TU<\/li>\n<li>HP Compaq Presario C752TU<\/li>\n<li>HP Compaq Presario C753TU<\/li>\n<li>HP Compaq Presario C754TU<\/li>\n<li>HP Compaq Presario C755TU<\/li>\n<li>HP Compaq Presario C756NR<\/li>\n<li>HP Compaq Presario C756TU<\/li>\n<li>HP Compaq Presario C757LA<\/li>\n<li>HP Compaq Presario C758CA<\/li>\n<li>HP Compaq Presario C758LA<\/li>\n<li>HP Compaq Presario C759LA<\/li>\n<li>HP Compaq Presario C759TU<\/li>\n<li>HP Compaq Presario C760ED<\/li>\n<li>HP Compaq Presario C760EL<\/li>\n<li>HP Compaq Presario C760EM<\/li>\n<\/ul>\n<p>El teclado es un reemplazo gen&eacute;rico con garant&iacute;a de 3 meses. Es una pieza de alta calidad que se adapta perfectamente a los modelos compatibles. Es f&aacute;cil de instalar y est&aacute; dise&ntilde;ado para durar.<\/p>\n<p>Este teclado es una excelente opci&oacute;n para aquellos que necesitan reemplazar un teclado da&ntilde;ado o defectuoso en su laptop HP Compaq Presario C700 Series. Con su garant&iacute;a de 3 meses, puede estar seguro de que obtendr&aacute; un producto de calidad y fiabilidad.<\/p>\n","protected":false},"excerpt":{"rendered":"<p>Teclado para laptop HP Compaq Presario C700 Series, 454954-001<\/p>\n","protected":false},"featured_media":25201,"comment_status":"open","ping_status":"closed","template":"","meta":{"spay_email":""},"product_cat":[832],"product_tag":[],"supplier_id":null,"supplier_sku":"","barcode":null,"atum_controlled":true,"out_stock_date":null,"out_stock_threshold":null,"inheritable":false,"inbound_stock":null,"stock_on_hold":0,"sold_today":0,"sales_last_days":0,"reserved_stock":null,"customer_returns":null,"warehouse_damage":null,"lost_in_post":null,"other_logs":null,"out_stock_days":0,"lost_sales":0,"has_location":null,"update_date":"2026-04-05T23:41:40","atum_locations":[],"atum_stock_status":"instock","restock_status":false,"low_stock_amount":"","sales_update_date":"2026-04-05T23:41:40","calc_backorders":null,"acf":[],"yoast_head":"<!-- This site is optimized with the Yoast SEO Premium plugin v17.4 (Yoast SEO v17.4) - https:\/\/yoast.com\/wordpress\/plugins\/seo\/ -->\n<title>TECLADO P. LAPTO HP CQ700\/C700 - tienda de electr\u00f3nica y computaci\u00f3n<\/title>\n<meta name=\"robots\" content=\"index, follow, max-snippet:-1, max-image-preview:large, max-video-preview:-1\" \/>\n<link rel=\"canonical\" href=\"https:\/\/comerciallin.com\/index.php\/producto\/teclado-p-lapto-hp-cq700-c700\/\" \/>\n<meta property=\"og:locale\" content=\"es_ES\" \/>\n<meta property=\"og:type\" content=\"article\" \/>\n<meta property=\"og:title\" content=\"TECLADO P. LAPTO HP CQ700\/C700\" \/>\n<meta property=\"og:description\" content=\"Teclado para laptop HP Compaq Presario C700 Series, 454954-001\" \/>\n<meta property=\"og:url\" content=\"https:\/\/comerciallin.com\/index.php\/producto\/teclado-p-lapto-hp-cq700-c700\/\" \/>\n<meta property=\"og:site_name\" content=\"tienda de electr\u00f3nica y computaci\u00f3n\" \/>\n<meta property=\"article:modified_time\" content=\"2025-01-14T18:58:09+00:00\" \/>\n<meta name=\"twitter:card\" content=\"summary_large_image\" \/>\n<meta name=\"twitter:image\" content=\"https:\/\/i0.wp.com\/comerciallin.com\/wp-content\/uploads\/2023\/08\/341030180504.jpg?fit=%2C&amp;ssl=1\" \/>\n<meta name=\"twitter:label1\" content=\"Precio\" \/>\n\t<meta name=\"twitter:data1\" content=\"&#36;34,50\" \/>\n\t<meta name=\"twitter:label2\" content=\"Availability\" \/>\n\t<meta name=\"twitter:data2\" content=\"In stock\" \/>\n<script type=\"application\/ld+json\" class=\"yoast-schema-graph\">{\"@context\":\"https:\/\/schema.org\",\"@graph\":[{\"@type\":\"WebSite\",\"@id\":\"https:\/\/comerciallin.com\/#website\",\"url\":\"https:\/\/comerciallin.com\/\",\"name\":\"tienda de electr\\u00f3nica y computaci\\u00f3n\",\"description\":\"Importadora de Electr\\u00f3nica y Computaci\\u00f3n\",\"potentialAction\":[{\"@type\":\"SearchAction\",\"target\":{\"@type\":\"EntryPoint\",\"urlTemplate\":\"https:\/\/comerciallin.com\/?s={search_term_string}\"},\"query-input\":\"required name=search_term_string\"}],\"inLanguage\":\"es\"},{\"@type\":\"ImageObject\",\"@id\":\"https:\/\/comerciallin.com\/index.php\/producto\/teclado-p-lapto-hp-cq700-c700\/#primaryimage\",\"inLanguage\":\"es\",\"url\":\"https:\/\/i0.wp.com\/comerciallin.com\/wp-content\/uploads\/2023\/08\/341030180504.jpg?fit=%2C&ssl=1\",\"contentUrl\":\"https:\/\/i0.wp.com\/comerciallin.com\/wp-content\/uploads\/2023\/08\/341030180504.jpg?fit=%2C&ssl=1\",\"caption\":\"TECLADO P. LAPTO HP CQ700\/C700\"},{\"@type\":\"WebPage\",\"@id\":\"https:\/\/comerciallin.com\/index.php\/producto\/teclado-p-lapto-hp-cq700-c700\/#webpage\",\"url\":\"https:\/\/comerciallin.com\/index.php\/producto\/teclado-p-lapto-hp-cq700-c700\/\",\"name\":\"TECLADO P. LAPTO HP CQ700\/C700 - tienda de electr\\u00f3nica y computaci\\u00f3n\",\"isPartOf\":{\"@id\":\"https:\/\/comerciallin.com\/#website\"},\"primaryImageOfPage\":{\"@id\":\"https:\/\/comerciallin.com\/index.php\/producto\/teclado-p-lapto-hp-cq700-c700\/#primaryimage\"},\"datePublished\":\"2023-05-03T22:32:42+00:00\",\"dateModified\":\"2025-01-14T18:58:09+00:00\",\"breadcrumb\":{\"@id\":\"https:\/\/comerciallin.com\/index.php\/producto\/teclado-p-lapto-hp-cq700-c700\/#breadcrumb\"},\"inLanguage\":\"es\",\"potentialAction\":[{\"@type\":\"ReadAction\",\"target\":[\"https:\/\/comerciallin.com\/index.php\/producto\/teclado-p-lapto-hp-cq700-c700\/\"]}]},{\"@type\":\"BreadcrumbList\",\"@id\":\"https:\/\/comerciallin.com\/index.php\/producto\/teclado-p-lapto-hp-cq700-c700\/#breadcrumb\",\"itemListElement\":[{\"@type\":\"ListItem\",\"position\":1,\"name\":\"Inicio\",\"item\":\"https:\/\/comerciallin.com\/\"},{\"@type\":\"ListItem\",\"position\":2,\"name\":\"Shop\",\"item\":\"https:\/\/comerciallin.com\/?page_id=3853\"},{\"@type\":\"ListItem\",\"position\":3,\"name\":\"TECLADO P. LAPTO HP CQ700\/C700\"}]}]}<\/script>\n<meta property=\"product:price:amount\" content=\"34.50\" \/>\n<meta property=\"product:price:currency\" content=\"USD\" \/>\n<meta property=\"og:availability\" content=\"instock\" \/>\n<meta property=\"product:availability\" content=\"instock\" \/>\n<meta property=\"product:retailer_item_id\" content=\"341030180504\" \/>\n<meta property=\"product:condition\" content=\"new\" \/>\n<!-- \/ Yoast SEO Premium plugin. -->","yoast_head_json":{"title":"TECLADO P. LAPTO HP CQ700\/C700 - tienda de electr\u00f3nica y computaci\u00f3n","robots":{"index":"index","follow":"follow","max-snippet":"max-snippet:-1","max-image-preview":"max-image-preview:large","max-video-preview":"max-video-preview:-1"},"canonical":"https:\/\/comerciallin.com\/index.php\/producto\/teclado-p-lapto-hp-cq700-c700\/","og_locale":"es_ES","og_type":"article","og_title":"TECLADO P. LAPTO HP CQ700\/C700","og_description":"Teclado para laptop HP Compaq Presario C700 Series, 454954-001","og_url":"https:\/\/comerciallin.com\/index.php\/producto\/teclado-p-lapto-hp-cq700-c700\/","og_site_name":"tienda de electr\u00f3nica y computaci\u00f3n","article_modified_time":"2025-01-14T18:58:09+00:00","twitter_card":"summary_large_image","twitter_image":"https:\/\/i0.wp.com\/comerciallin.com\/wp-content\/uploads\/2023\/08\/341030180504.jpg?fit=%2C&ssl=1","twitter_misc":{"Precio":"&#36;34,50","Availability":"In stock"},"schema":{"@context":"https:\/\/schema.org","@graph":[{"@type":"WebSite","@id":"https:\/\/comerciallin.com\/#website","url":"https:\/\/comerciallin.com\/","name":"tienda de electr\u00f3nica y computaci\u00f3n","description":"Importadora de Electr\u00f3nica y Computaci\u00f3n","potentialAction":[{"@type":"SearchAction","target":{"@type":"EntryPoint","urlTemplate":"https:\/\/comerciallin.com\/?s={search_term_string}"},"query-input":"required name=search_term_string"}],"inLanguage":"es"},{"@type":"ImageObject","@id":"https:\/\/comerciallin.com\/index.php\/producto\/teclado-p-lapto-hp-cq700-c700\/#primaryimage","inLanguage":"es","url":"https:\/\/i0.wp.com\/comerciallin.com\/wp-content\/uploads\/2023\/08\/341030180504.jpg?fit=%2C&ssl=1","contentUrl":"https:\/\/i0.wp.com\/comerciallin.com\/wp-content\/uploads\/2023\/08\/341030180504.jpg?fit=%2C&ssl=1","caption":"TECLADO P. LAPTO HP CQ700\/C700"},{"@type":"WebPage","@id":"https:\/\/comerciallin.com\/index.php\/producto\/teclado-p-lapto-hp-cq700-c700\/#webpage","url":"https:\/\/comerciallin.com\/index.php\/producto\/teclado-p-lapto-hp-cq700-c700\/","name":"TECLADO P. LAPTO HP CQ700\/C700 - tienda de electr\u00f3nica y computaci\u00f3n","isPartOf":{"@id":"https:\/\/comerciallin.com\/#website"},"primaryImageOfPage":{"@id":"https:\/\/comerciallin.com\/index.php\/producto\/teclado-p-lapto-hp-cq700-c700\/#primaryimage"},"datePublished":"2023-05-03T22:32:42+00:00","dateModified":"2025-01-14T18:58:09+00:00","breadcrumb":{"@id":"https:\/\/comerciallin.com\/index.php\/producto\/teclado-p-lapto-hp-cq700-c700\/#breadcrumb"},"inLanguage":"es","potentialAction":[{"@type":"ReadAction","target":["https:\/\/comerciallin.com\/index.php\/producto\/teclado-p-lapto-hp-cq700-c700\/"]}]},{"@type":"BreadcrumbList","@id":"https:\/\/comerciallin.com\/index.php\/producto\/teclado-p-lapto-hp-cq700-c700\/#breadcrumb","itemListElement":[{"@type":"ListItem","position":1,"name":"Inicio","item":"https:\/\/comerciallin.com\/"},{"@type":"ListItem","position":2,"name":"Shop","item":"https:\/\/comerciallin.com\/?page_id=3853"},{"@type":"ListItem","position":3,"name":"TECLADO P. LAPTO HP CQ700\/C700"}]}]},"product_price_amount":"34.50","product_price_currency":"USD","og_availability":"instock","product_availability":"instock","product_retailer_item_id":"341030180504","product_condition":"new"},"jetpack-related-posts":[{"id":19249,"url":"https:\/\/comerciallin.com\/index.php\/producto\/bateria-comp-hp-dv1000-dv1100-d1200-dv130\/","url_meta":{"origin":23896,"position":0},"title":"BATERIA COMP HP DV1000\/ DV1100\/ D1200\/ DV130","date":"7 de noviembre de 2022","format":false,"excerpt":"Color: Negro Capacidad: 5200mAh Voltage : 10.80V\/11.10V","rel":"","context":"Entrada similar","img":{"alt_text":"","src":"","width":0,"height":0},"classes":[]},{"id":19737,"url":"https:\/\/comerciallin.com\/index.php\/producto\/pantalla-lapto-14-0-led\/","url_meta":{"origin":23896,"position":1},"title":"PANTALLA LAPTO 14.0&#8243; LED","date":"8 de noviembre de 2022","format":false,"excerpt":"Pantalla Display 14.0 Led 40p Hp 1000-1424la","rel":"","context":"Entrada similar","img":{"alt_text":"PANTALLA LAPTO 14.0\" LED","src":"https:\/\/i0.wp.com\/comerciallin.com\/wp-content\/uploads\/2023\/02\/122030100801.jpg?fit=992%2C744&ssl=1&resize=350%2C200","width":350,"height":200},"classes":[]},{"id":19044,"url":"https:\/\/comerciallin.com\/index.php\/producto\/bateria-comp-hp-oa03-oa04-hstnn-lb5y-hstnn-l5\/","url_meta":{"origin":23896,"position":2},"title":"BATERIA COMP HP OA03\/OA04\/HSTNN-LB5Y\/HSTNN-L5","date":"7 de noviembre de 2022","format":false,"excerpt":"Tipo de bater\u00eda: Li-ion Capacidad: 2200\u00a0mAh Celdas: 4\u00a0celdas Voltaje: 14.8\u00a0V.","rel":"","context":"Entrada similar","img":{"alt_text":"","src":"","width":0,"height":0},"classes":[]},{"id":23862,"url":"https:\/\/comerciallin.com\/index.php\/producto\/teclado-p-lapto-comp-hp-cq42\/","url_meta":{"origin":23896,"position":3},"title":"TECLADO P. LAPTO COMP HP CQ42","date":"3 de mayo de 2023","format":false,"excerpt":"Teclado laptop HP CQ42 es 595199-001, HP Compaq CQ42, HP Compaq CQ43, HP Compaq CQ56, HP Compaq CQ62, HP Compaq CQ72","rel":"","context":"Entrada similar","img":{"alt_text":"","src":"","width":0,"height":0},"classes":[]},{"id":23864,"url":"https:\/\/comerciallin.com\/index.php\/producto\/teclado-p-lapto-comp-hp-cq42-2\/","url_meta":{"origin":23896,"position":4},"title":"TECLADO P. LAPTO COMP HP CQ42","date":"3 de mayo de 2023","format":false,"excerpt":"Teclado laptop HP CQ42 es 595199-001, HP Compaq CQ42, HP Compaq CQ43, HP Compaq CQ56, HP Compaq CQ62, HP Compaq CQ73","rel":"","context":"Entrada similar","img":{"alt_text":"","src":"","width":0,"height":0},"classes":[]},{"id":23860,"url":"https:\/\/comerciallin.com\/index.php\/producto\/teclado-p-lapto-comp-hp-cq40\/","url_meta":{"origin":23896,"position":5},"title":"TECLADO P. LAPTO COMP HP CQ40","date":"3 de mayo de 2023","format":false,"excerpt":"Teclado laptop HP CQ40 es 496771-001, HP Compaq CQ40, HP Compaq CQ45, HP Compaq CQ41","rel":"","context":"Entrada similar","img":{"alt_text":"","src":"","width":0,"height":0},"classes":[]}],"jetpack_sharing_enabled":true,"jetpack_likes_enabled":true,"_links":{"self":[{"href":"https:\/\/comerciallin.com\/index.php\/wp-json\/wp\/v2\/product\/23896"}],"collection":[{"href":"https:\/\/comerciallin.com\/index.php\/wp-json\/wp\/v2\/product"}],"about":[{"href":"https:\/\/comerciallin.com\/index.php\/wp-json\/wp\/v2\/types\/product"}],"replies":[{"embeddable":true,"href":"https:\/\/comerciallin.com\/index.php\/wp-json\/wp\/v2\/comments?post=23896"}],"wp:featuredmedia":[{"embeddable":true,"href":"https:\/\/comerciallin.com\/index.php\/wp-json\/wp\/v2\/media\/25201"}],"wp:attachment":[{"href":"https:\/\/comerciallin.com\/index.php\/wp-json\/wp\/v2\/media?parent=23896"}],"wp:term":[{"taxonomy":"product_cat","embeddable":true,"href":"https:\/\/comerciallin.com\/index.php\/wp-json\/wp\/v2\/product_cat?post=23896"},{"taxonomy":"product_tag","embeddable":true,"href":"https:\/\/comerciallin.com\/index.php\/wp-json\/wp\/v2\/product_tag?post=23896"}],"curies":[{"name":"wp","href":"https:\/\/api.w.org\/{rel}","templated":true}]}}