{"id":23884,"date":"2023-05-03T17:32:09","date_gmt":"2023-05-03T22:32:09","guid":{"rendered":"https:\/\/comerciallin.com\/index.php\/producto\/teclado-p-lapto-comp-tosh-l600-c640-l645-2\/"},"modified":"2025-01-14T13:58:06","modified_gmt":"2025-01-14T18:58:06","slug":"teclado-p-lapto-comp-tosh-l600-c640-l645-2","status":"publish","type":"product","link":"https:\/\/comerciallin.com\/index.php\/producto\/teclado-p-lapto-comp-tosh-l600-c640-l645-2\/","title":{"rendered":"TECLADO P. LAPTO COMP TOSH L600\/C640\/L645"},"content":{"rendered":"<p>El n&uacute;mero de parte del teclado para laptop Toshiba c640 es &#8220;9Z.N4WSC.001&#8221; y es compatible con los siguientes modelos de laptops Toshiba: Satellite C600, C640, C640D, C645, C645D, C600D, L600, L630, L635, L640, L640D, L645, L645D, L645D-S4025, L645D-S4030, L645D-S4050, L645D-S4058, L645D-S4059, L645D-S4100, L645-S4102, L645D-S4106, L645-S4108, L645-S4109, L645D-S9411D.<\/p>\n<p>Este teclado es un reemplazo gen&eacute;rico de alta calidad para el teclado original de la laptop Toshiba c640 y cuenta con una garant&iacute;a de 3 meses. Es f&aacute;cil de instalar y ofrece una experiencia de escritura c&oacute;moda y precisa, con teclas bien espaciadas y retroiluminaci&oacute;n LED en la mayor&iacute;a de los modelos. Adem&aacute;s, el teclado est&aacute; dise&ntilde;ado para resistir derrames accidentales de l&iacute;quidos y otras situaciones que puedan da&ntilde;ar el teclado.<\/p>\n","protected":false},"excerpt":{"rendered":"<p>Teclado para laptop Toshiba c640, 9Z.N4WSC.001, Satellite C600, C640, C640D, C645, C645D, C600D, L600, L630, L635, L640, L640D, L645, L645D, L645D-S4025, L645D-S4030, L645D-S4050, L645D-S4058, L645D-S4059, L645D-S4100, L645-S4102, L645D-S4106, L645-S4108, L645-S4109, L645D-S9411D.<\/p>\n","protected":false},"featured_media":25195,"comment_status":"open","ping_status":"closed","template":"","meta":{"spay_email":""},"product_cat":[836],"product_tag":[],"supplier_id":null,"supplier_sku":"","barcode":null,"atum_controlled":true,"out_stock_date":null,"out_stock_threshold":null,"inheritable":false,"inbound_stock":null,"stock_on_hold":0,"sold_today":0,"sales_last_days":0,"reserved_stock":null,"customer_returns":null,"warehouse_damage":null,"lost_in_post":null,"other_logs":null,"out_stock_days":0,"lost_sales":0,"has_location":null,"update_date":"2026-04-28T00:11:17","atum_locations":[],"atum_stock_status":"instock","restock_status":false,"low_stock_amount":"","sales_update_date":"2026-04-28T00:11:17","calc_backorders":null,"acf":[],"yoast_head":"<!-- This site is optimized with the Yoast SEO Premium plugin v17.4 (Yoast SEO v17.4) - https:\/\/yoast.com\/wordpress\/plugins\/seo\/ -->\n<title>TECLADO P. LAPTO COMP TOSH L600\/C640\/L645 - tienda de electr\u00f3nica y computaci\u00f3n<\/title>\n<meta name=\"robots\" content=\"index, follow, max-snippet:-1, max-image-preview:large, max-video-preview:-1\" \/>\n<link rel=\"canonical\" href=\"https:\/\/comerciallin.com\/index.php\/producto\/teclado-p-lapto-comp-tosh-l600-c640-l645-2\/\" \/>\n<meta property=\"og:locale\" content=\"es_ES\" \/>\n<meta property=\"og:type\" content=\"article\" \/>\n<meta property=\"og:title\" content=\"TECLADO P. LAPTO COMP TOSH L600\/C640\/L645\" \/>\n<meta property=\"og:description\" content=\"Teclado para laptop Toshiba c640, 9Z.N4WSC.001, Satellite C600, C640, C640D, C645, C645D, C600D, L600, L630, L635, L640, L640D, L645, L645D, L645D-S4025, L645D-S4030, L645D-S4050, L645D-S4058, L645D-S4059, L645D-S4100, L645-S4102, L645D-S4106, L645-S4108, L645-S4109, L645D-S9411D.\" \/>\n<meta property=\"og:url\" content=\"https:\/\/comerciallin.com\/index.php\/producto\/teclado-p-lapto-comp-tosh-l600-c640-l645-2\/\" \/>\n<meta property=\"og:site_name\" content=\"tienda de electr\u00f3nica y computaci\u00f3n\" \/>\n<meta property=\"article:modified_time\" content=\"2025-01-14T18:58:06+00:00\" \/>\n<meta name=\"twitter:card\" content=\"summary_large_image\" \/>\n<meta name=\"twitter:image\" content=\"https:\/\/i0.wp.com\/comerciallin.com\/wp-content\/uploads\/2023\/08\/341030170706.jpg?fit=%2C&amp;ssl=1\" \/>\n<meta name=\"twitter:label1\" content=\"Precio\" \/>\n\t<meta name=\"twitter:data1\" content=\"&#36;34,50\" \/>\n\t<meta name=\"twitter:label2\" content=\"Availability\" \/>\n\t<meta name=\"twitter:data2\" content=\"In stock\" \/>\n<script type=\"application\/ld+json\" class=\"yoast-schema-graph\">{\"@context\":\"https:\/\/schema.org\",\"@graph\":[{\"@type\":\"WebSite\",\"@id\":\"https:\/\/comerciallin.com\/#website\",\"url\":\"https:\/\/comerciallin.com\/\",\"name\":\"tienda de electr\\u00f3nica y computaci\\u00f3n\",\"description\":\"Importadora de Electr\\u00f3nica y Computaci\\u00f3n\",\"potentialAction\":[{\"@type\":\"SearchAction\",\"target\":{\"@type\":\"EntryPoint\",\"urlTemplate\":\"https:\/\/comerciallin.com\/?s={search_term_string}\"},\"query-input\":\"required name=search_term_string\"}],\"inLanguage\":\"es\"},{\"@type\":\"ImageObject\",\"@id\":\"https:\/\/comerciallin.com\/index.php\/producto\/teclado-p-lapto-comp-tosh-l600-c640-l645-2\/#primaryimage\",\"inLanguage\":\"es\",\"url\":\"https:\/\/i0.wp.com\/comerciallin.com\/wp-content\/uploads\/2023\/08\/341030170706.jpg?fit=%2C&ssl=1\",\"contentUrl\":\"https:\/\/i0.wp.com\/comerciallin.com\/wp-content\/uploads\/2023\/08\/341030170706.jpg?fit=%2C&ssl=1\",\"caption\":\"TECLADO P. LAPTO COMP TOSH L600\/C640\/L645\"},{\"@type\":\"WebPage\",\"@id\":\"https:\/\/comerciallin.com\/index.php\/producto\/teclado-p-lapto-comp-tosh-l600-c640-l645-2\/#webpage\",\"url\":\"https:\/\/comerciallin.com\/index.php\/producto\/teclado-p-lapto-comp-tosh-l600-c640-l645-2\/\",\"name\":\"TECLADO P. LAPTO COMP TOSH L600\/C640\/L645 - tienda de electr\\u00f3nica y computaci\\u00f3n\",\"isPartOf\":{\"@id\":\"https:\/\/comerciallin.com\/#website\"},\"primaryImageOfPage\":{\"@id\":\"https:\/\/comerciallin.com\/index.php\/producto\/teclado-p-lapto-comp-tosh-l600-c640-l645-2\/#primaryimage\"},\"datePublished\":\"2023-05-03T22:32:09+00:00\",\"dateModified\":\"2025-01-14T18:58:06+00:00\",\"breadcrumb\":{\"@id\":\"https:\/\/comerciallin.com\/index.php\/producto\/teclado-p-lapto-comp-tosh-l600-c640-l645-2\/#breadcrumb\"},\"inLanguage\":\"es\",\"potentialAction\":[{\"@type\":\"ReadAction\",\"target\":[\"https:\/\/comerciallin.com\/index.php\/producto\/teclado-p-lapto-comp-tosh-l600-c640-l645-2\/\"]}]},{\"@type\":\"BreadcrumbList\",\"@id\":\"https:\/\/comerciallin.com\/index.php\/producto\/teclado-p-lapto-comp-tosh-l600-c640-l645-2\/#breadcrumb\",\"itemListElement\":[{\"@type\":\"ListItem\",\"position\":1,\"name\":\"Inicio\",\"item\":\"https:\/\/comerciallin.com\/\"},{\"@type\":\"ListItem\",\"position\":2,\"name\":\"Shop\",\"item\":\"https:\/\/comerciallin.com\/?page_id=3853\"},{\"@type\":\"ListItem\",\"position\":3,\"name\":\"TECLADO P. LAPTO COMP TOSH L600\/C640\/L645\"}]}]}<\/script>\n<meta property=\"product:price:amount\" content=\"34.50\" \/>\n<meta property=\"product:price:currency\" content=\"USD\" \/>\n<meta property=\"og:availability\" content=\"instock\" \/>\n<meta property=\"product:availability\" content=\"instock\" \/>\n<meta property=\"product:retailer_item_id\" content=\"341030170706\" \/>\n<meta property=\"product:condition\" content=\"new\" \/>\n<!-- \/ Yoast SEO Premium plugin. -->","yoast_head_json":{"title":"TECLADO P. LAPTO COMP TOSH L600\/C640\/L645 - tienda de electr\u00f3nica y computaci\u00f3n","robots":{"index":"index","follow":"follow","max-snippet":"max-snippet:-1","max-image-preview":"max-image-preview:large","max-video-preview":"max-video-preview:-1"},"canonical":"https:\/\/comerciallin.com\/index.php\/producto\/teclado-p-lapto-comp-tosh-l600-c640-l645-2\/","og_locale":"es_ES","og_type":"article","og_title":"TECLADO P. LAPTO COMP TOSH L600\/C640\/L645","og_description":"Teclado para laptop Toshiba c640, 9Z.N4WSC.001, Satellite C600, C640, C640D, C645, C645D, C600D, L600, L630, L635, L640, L640D, L645, L645D, L645D-S4025, L645D-S4030, L645D-S4050, L645D-S4058, L645D-S4059, L645D-S4100, L645-S4102, L645D-S4106, L645-S4108, L645-S4109, L645D-S9411D.","og_url":"https:\/\/comerciallin.com\/index.php\/producto\/teclado-p-lapto-comp-tosh-l600-c640-l645-2\/","og_site_name":"tienda de electr\u00f3nica y computaci\u00f3n","article_modified_time":"2025-01-14T18:58:06+00:00","twitter_card":"summary_large_image","twitter_image":"https:\/\/i0.wp.com\/comerciallin.com\/wp-content\/uploads\/2023\/08\/341030170706.jpg?fit=%2C&ssl=1","twitter_misc":{"Precio":"&#36;34,50","Availability":"In stock"},"schema":{"@context":"https:\/\/schema.org","@graph":[{"@type":"WebSite","@id":"https:\/\/comerciallin.com\/#website","url":"https:\/\/comerciallin.com\/","name":"tienda de electr\u00f3nica y computaci\u00f3n","description":"Importadora de Electr\u00f3nica y Computaci\u00f3n","potentialAction":[{"@type":"SearchAction","target":{"@type":"EntryPoint","urlTemplate":"https:\/\/comerciallin.com\/?s={search_term_string}"},"query-input":"required name=search_term_string"}],"inLanguage":"es"},{"@type":"ImageObject","@id":"https:\/\/comerciallin.com\/index.php\/producto\/teclado-p-lapto-comp-tosh-l600-c640-l645-2\/#primaryimage","inLanguage":"es","url":"https:\/\/i0.wp.com\/comerciallin.com\/wp-content\/uploads\/2023\/08\/341030170706.jpg?fit=%2C&ssl=1","contentUrl":"https:\/\/i0.wp.com\/comerciallin.com\/wp-content\/uploads\/2023\/08\/341030170706.jpg?fit=%2C&ssl=1","caption":"TECLADO P. LAPTO COMP TOSH L600\/C640\/L645"},{"@type":"WebPage","@id":"https:\/\/comerciallin.com\/index.php\/producto\/teclado-p-lapto-comp-tosh-l600-c640-l645-2\/#webpage","url":"https:\/\/comerciallin.com\/index.php\/producto\/teclado-p-lapto-comp-tosh-l600-c640-l645-2\/","name":"TECLADO P. LAPTO COMP TOSH L600\/C640\/L645 - tienda de electr\u00f3nica y computaci\u00f3n","isPartOf":{"@id":"https:\/\/comerciallin.com\/#website"},"primaryImageOfPage":{"@id":"https:\/\/comerciallin.com\/index.php\/producto\/teclado-p-lapto-comp-tosh-l600-c640-l645-2\/#primaryimage"},"datePublished":"2023-05-03T22:32:09+00:00","dateModified":"2025-01-14T18:58:06+00:00","breadcrumb":{"@id":"https:\/\/comerciallin.com\/index.php\/producto\/teclado-p-lapto-comp-tosh-l600-c640-l645-2\/#breadcrumb"},"inLanguage":"es","potentialAction":[{"@type":"ReadAction","target":["https:\/\/comerciallin.com\/index.php\/producto\/teclado-p-lapto-comp-tosh-l600-c640-l645-2\/"]}]},{"@type":"BreadcrumbList","@id":"https:\/\/comerciallin.com\/index.php\/producto\/teclado-p-lapto-comp-tosh-l600-c640-l645-2\/#breadcrumb","itemListElement":[{"@type":"ListItem","position":1,"name":"Inicio","item":"https:\/\/comerciallin.com\/"},{"@type":"ListItem","position":2,"name":"Shop","item":"https:\/\/comerciallin.com\/?page_id=3853"},{"@type":"ListItem","position":3,"name":"TECLADO P. LAPTO COMP TOSH L600\/C640\/L645"}]}]},"product_price_amount":"34.50","product_price_currency":"USD","og_availability":"instock","product_availability":"instock","product_retailer_item_id":"341030170706","product_condition":"new"},"jetpack-related-posts":[{"id":23892,"url":"https:\/\/comerciallin.com\/index.php\/producto\/teclado-p-lapto-comp-toshiba-l50-b\/","url_meta":{"origin":23884,"position":0},"title":"TECLADO P. LAPTO COMP TOSHIBA L50-B","date":"3 de mayo de 2023","format":false,"excerpt":"Teclado para laptop Toshiba L50-B, MP-13R86LA-920B, Toshiba Satellite L50-B, Toshiba Satellite L50D-B, Toshiba Satellite S50-B, Toshiba Satellite S50D-B","rel":"","context":"Entrada similar","img":{"alt_text":"","src":"","width":0,"height":0},"classes":[]},{"id":23894,"url":"https:\/\/comerciallin.com\/index.php\/producto\/teclado-p-lapto-comp-toshiba-l655\/","url_meta":{"origin":23884,"position":1},"title":"TECLADO P. LAPTO COMP TOSHIBA L655","date":"3 de mayo de 2023","format":false,"excerpt":"Teclado laptop Toshiba L655, V000210270, Toshiba Satellite L655, Toshiba Satellite L655D","rel":"","context":"Entrada similar","img":{"alt_text":"","src":"","width":0,"height":0},"classes":[]},{"id":23890,"url":"https:\/\/comerciallin.com\/index.php\/producto\/teclado-p-lapto-comp-toshiba-c50-b\/","url_meta":{"origin":23884,"position":2},"title":"TECLADO P. LAPTO COMP TOSHIBA C50-B","date":"3 de mayo de 2023","format":false,"excerpt":"Teclado compatible con la laptop Toshiba Satellite Series C50-B, PK1315G2A00, Toshiba Satellite C50-AST2NX1, Toshiba Satellite C50-AST2NX2, Toshiba Satellite C50-AST2NX3, Toshiba Satellite C50-AST2NX4","rel":"","context":"Entrada similar","img":{"alt_text":"","src":"","width":0,"height":0},"classes":[]},{"id":23886,"url":"https:\/\/comerciallin.com\/index.php\/producto\/teclado-p-lapto-comp-toshiba-a-200\/","url_meta":{"origin":23884,"position":3},"title":"TECLADO P. LAPTO COMP TOSHIBA A-200","date":"3 de mayo de 2023","format":false,"excerpt":"Teclado laptop Toshiba A200 es K000044100, Toshiba Satellite A200, A205, A210, A215, A300, A305, A355, A355D, L300, L305, L355, L355D, Pro A200 y Pro A210","rel":"","context":"Entrada similar","img":{"alt_text":"","src":"","width":0,"height":0},"classes":[]},{"id":23888,"url":"https:\/\/comerciallin.com\/index.php\/producto\/teclado-p-lapto-comp-toshiba-c45-l45-a\/","url_meta":{"origin":23884,"position":4},"title":"TECLADO P. LAPTO COMP TOSHIBA C45\/L45-A","date":"3 de mayo de 2023","format":false,"excerpt":"Teclado laptop Toshiba Satellite Series C40D-A, NSK-TV0SQ, C40D-A, C40T-A, C40-A, C45-A, C45D-A, C45T-A","rel":"","context":"Entrada similar","img":{"alt_text":"","src":"","width":0,"height":0},"classes":[]},{"id":19583,"url":"https:\/\/comerciallin.com\/index.php\/producto\/teclado-p-lapto-comp-tosh-l850-c850\/","url_meta":{"origin":23884,"position":5},"title":"TECLADO P. LAPTO COMP TOSH L850\/C850","date":"7 de noviembre de 2022","format":false,"excerpt":"Teclado para Laptop Toshiba Satellite C845\/C850\/C850D\/C855\/C870\/C870D\/C875\/L850 (Black)","rel":"","context":"Entrada similar","img":{"alt_text":"","src":"","width":0,"height":0},"classes":[]}],"jetpack_sharing_enabled":true,"jetpack_likes_enabled":true,"_links":{"self":[{"href":"https:\/\/comerciallin.com\/index.php\/wp-json\/wp\/v2\/product\/23884"}],"collection":[{"href":"https:\/\/comerciallin.com\/index.php\/wp-json\/wp\/v2\/product"}],"about":[{"href":"https:\/\/comerciallin.com\/index.php\/wp-json\/wp\/v2\/types\/product"}],"replies":[{"embeddable":true,"href":"https:\/\/comerciallin.com\/index.php\/wp-json\/wp\/v2\/comments?post=23884"}],"wp:featuredmedia":[{"embeddable":true,"href":"https:\/\/comerciallin.com\/index.php\/wp-json\/wp\/v2\/media\/25195"}],"wp:attachment":[{"href":"https:\/\/comerciallin.com\/index.php\/wp-json\/wp\/v2\/media?parent=23884"}],"wp:term":[{"taxonomy":"product_cat","embeddable":true,"href":"https:\/\/comerciallin.com\/index.php\/wp-json\/wp\/v2\/product_cat?post=23884"},{"taxonomy":"product_tag","embeddable":true,"href":"https:\/\/comerciallin.com\/index.php\/wp-json\/wp\/v2\/product_tag?post=23884"}],"curies":[{"name":"wp","href":"https:\/\/api.w.org\/{rel}","templated":true}]}}