{"id":23876,"date":"2023-05-03T17:32:08","date_gmt":"2023-05-03T22:32:08","guid":{"rendered":"https:\/\/comerciallin.com\/index.php\/producto\/teclado-p-lapto-comp-lenovo-g40\/"},"modified":"2025-01-14T13:58:05","modified_gmt":"2025-01-14T18:58:05","slug":"teclado-p-lapto-comp-lenovo-g40","status":"publish","type":"product","link":"https:\/\/comerciallin.com\/index.php\/producto\/teclado-p-lapto-comp-lenovo-g40\/","title":{"rendered":"TECLADO P. LAPTO COMP LENOVO G40"},"content":{"rendered":"<p>El n&uacute;mero de parte del teclado para laptop Lenovo G40 es 25214785. Algunos modelos de laptops compatibles con este teclado son:<\/p>\n<ul>\n<li>Lenovo G40<\/li>\n<li>Lenovo G40-30<\/li>\n<li>Lenovo G40-45<\/li>\n<li>Lenovo G40-70<\/li>\n<li>Lenovo G40-80<\/li>\n<\/ul>\n<p>Este teclado es un reemplazo gen&eacute;rico de alta calidad para el teclado original de la laptop Lenovo G40. Est&aacute; fabricado con materiales duraderos y cuenta con una garant&iacute;a de 3 meses contra defectos de fabricaci&oacute;n. El teclado tiene un dise&ntilde;o c&oacute;modo y ergon&oacute;mico, y se ajusta perfectamente a la estructura de la laptop. Es f&aacute;cil de instalar y cuenta con todas las teclas necesarias para un uso diario eficiente.<\/p>\n","protected":false},"excerpt":{"rendered":"<p>Teclado para laptop Lenovo G40 es 25214785, Lenovo G40, Lenovo G40-30, Lenovo G40-45, Lenovo G40-70, Lenovo G40-81<\/p>\n","protected":false},"featured_media":25191,"comment_status":"open","ping_status":"closed","template":"","meta":{"spay_email":""},"product_cat":[833],"product_tag":[],"supplier_id":null,"supplier_sku":"","barcode":null,"atum_controlled":true,"out_stock_date":null,"out_stock_threshold":null,"inheritable":false,"inbound_stock":null,"stock_on_hold":0,"sold_today":0,"sales_last_days":0,"reserved_stock":null,"customer_returns":null,"warehouse_damage":null,"lost_in_post":null,"other_logs":null,"out_stock_days":0,"lost_sales":0,"has_location":null,"update_date":"2026-04-03T23:40:30","atum_locations":[],"atum_stock_status":"instock","restock_status":false,"low_stock_amount":"","sales_update_date":"2026-04-03T23:40:30","calc_backorders":null,"acf":[],"yoast_head":"<!-- This site is optimized with the Yoast SEO Premium plugin v17.4 (Yoast SEO v17.4) - https:\/\/yoast.com\/wordpress\/plugins\/seo\/ -->\n<title>TECLADO P. LAPTO COMP LENOVO G40 - tienda de electr\u00f3nica y computaci\u00f3n<\/title>\n<meta name=\"robots\" content=\"index, follow, max-snippet:-1, max-image-preview:large, max-video-preview:-1\" \/>\n<link rel=\"canonical\" href=\"https:\/\/comerciallin.com\/index.php\/producto\/teclado-p-lapto-comp-lenovo-g40\/\" \/>\n<meta property=\"og:locale\" content=\"es_ES\" \/>\n<meta property=\"og:type\" content=\"article\" \/>\n<meta property=\"og:title\" content=\"TECLADO P. LAPTO COMP LENOVO G40\" \/>\n<meta property=\"og:description\" content=\"Teclado para laptop Lenovo G40 es 25214785, Lenovo G40, Lenovo G40-30, Lenovo G40-45, Lenovo G40-70, Lenovo G40-81\" \/>\n<meta property=\"og:url\" content=\"https:\/\/comerciallin.com\/index.php\/producto\/teclado-p-lapto-comp-lenovo-g40\/\" \/>\n<meta property=\"og:site_name\" content=\"tienda de electr\u00f3nica y computaci\u00f3n\" \/>\n<meta property=\"article:modified_time\" content=\"2025-01-14T18:58:05+00:00\" \/>\n<meta name=\"twitter:card\" content=\"summary_large_image\" \/>\n<meta name=\"twitter:image\" content=\"https:\/\/i0.wp.com\/comerciallin.com\/wp-content\/uploads\/2023\/08\/341030180604.jpg?fit=%2C&amp;ssl=1\" \/>\n<meta name=\"twitter:label1\" content=\"Precio\" \/>\n\t<meta name=\"twitter:data1\" content=\"&#36;40,25\" \/>\n\t<meta name=\"twitter:label2\" content=\"Availability\" \/>\n\t<meta name=\"twitter:data2\" content=\"In stock\" \/>\n<script type=\"application\/ld+json\" class=\"yoast-schema-graph\">{\"@context\":\"https:\/\/schema.org\",\"@graph\":[{\"@type\":\"WebSite\",\"@id\":\"https:\/\/comerciallin.com\/#website\",\"url\":\"https:\/\/comerciallin.com\/\",\"name\":\"tienda de electr\\u00f3nica y computaci\\u00f3n\",\"description\":\"Importadora de Electr\\u00f3nica y Computaci\\u00f3n\",\"potentialAction\":[{\"@type\":\"SearchAction\",\"target\":{\"@type\":\"EntryPoint\",\"urlTemplate\":\"https:\/\/comerciallin.com\/?s={search_term_string}\"},\"query-input\":\"required name=search_term_string\"}],\"inLanguage\":\"es\"},{\"@type\":\"ImageObject\",\"@id\":\"https:\/\/comerciallin.com\/index.php\/producto\/teclado-p-lapto-comp-lenovo-g40\/#primaryimage\",\"inLanguage\":\"es\",\"url\":\"https:\/\/i0.wp.com\/comerciallin.com\/wp-content\/uploads\/2023\/08\/341030180604.jpg?fit=%2C&ssl=1\",\"contentUrl\":\"https:\/\/i0.wp.com\/comerciallin.com\/wp-content\/uploads\/2023\/08\/341030180604.jpg?fit=%2C&ssl=1\",\"caption\":\"TECLADO P. LAPTO COMP LENOVO G40\"},{\"@type\":\"WebPage\",\"@id\":\"https:\/\/comerciallin.com\/index.php\/producto\/teclado-p-lapto-comp-lenovo-g40\/#webpage\",\"url\":\"https:\/\/comerciallin.com\/index.php\/producto\/teclado-p-lapto-comp-lenovo-g40\/\",\"name\":\"TECLADO P. LAPTO COMP LENOVO G40 - tienda de electr\\u00f3nica y computaci\\u00f3n\",\"isPartOf\":{\"@id\":\"https:\/\/comerciallin.com\/#website\"},\"primaryImageOfPage\":{\"@id\":\"https:\/\/comerciallin.com\/index.php\/producto\/teclado-p-lapto-comp-lenovo-g40\/#primaryimage\"},\"datePublished\":\"2023-05-03T22:32:08+00:00\",\"dateModified\":\"2025-01-14T18:58:05+00:00\",\"breadcrumb\":{\"@id\":\"https:\/\/comerciallin.com\/index.php\/producto\/teclado-p-lapto-comp-lenovo-g40\/#breadcrumb\"},\"inLanguage\":\"es\",\"potentialAction\":[{\"@type\":\"ReadAction\",\"target\":[\"https:\/\/comerciallin.com\/index.php\/producto\/teclado-p-lapto-comp-lenovo-g40\/\"]}]},{\"@type\":\"BreadcrumbList\",\"@id\":\"https:\/\/comerciallin.com\/index.php\/producto\/teclado-p-lapto-comp-lenovo-g40\/#breadcrumb\",\"itemListElement\":[{\"@type\":\"ListItem\",\"position\":1,\"name\":\"Inicio\",\"item\":\"https:\/\/comerciallin.com\/\"},{\"@type\":\"ListItem\",\"position\":2,\"name\":\"Shop\",\"item\":\"https:\/\/comerciallin.com\/?page_id=3853\"},{\"@type\":\"ListItem\",\"position\":3,\"name\":\"TECLADO P. LAPTO COMP LENOVO G40\"}]}]}<\/script>\n<meta property=\"product:price:amount\" content=\"40.25\" \/>\n<meta property=\"product:price:currency\" content=\"USD\" \/>\n<meta property=\"og:availability\" content=\"instock\" \/>\n<meta property=\"product:availability\" content=\"instock\" \/>\n<meta property=\"product:retailer_item_id\" content=\"341030180604\" \/>\n<meta property=\"product:condition\" content=\"new\" \/>\n<!-- \/ Yoast SEO Premium plugin. -->","yoast_head_json":{"title":"TECLADO P. LAPTO COMP LENOVO G40 - tienda de electr\u00f3nica y computaci\u00f3n","robots":{"index":"index","follow":"follow","max-snippet":"max-snippet:-1","max-image-preview":"max-image-preview:large","max-video-preview":"max-video-preview:-1"},"canonical":"https:\/\/comerciallin.com\/index.php\/producto\/teclado-p-lapto-comp-lenovo-g40\/","og_locale":"es_ES","og_type":"article","og_title":"TECLADO P. LAPTO COMP LENOVO G40","og_description":"Teclado para laptop Lenovo G40 es 25214785, Lenovo G40, Lenovo G40-30, Lenovo G40-45, Lenovo G40-70, Lenovo G40-81","og_url":"https:\/\/comerciallin.com\/index.php\/producto\/teclado-p-lapto-comp-lenovo-g40\/","og_site_name":"tienda de electr\u00f3nica y computaci\u00f3n","article_modified_time":"2025-01-14T18:58:05+00:00","twitter_card":"summary_large_image","twitter_image":"https:\/\/i0.wp.com\/comerciallin.com\/wp-content\/uploads\/2023\/08\/341030180604.jpg?fit=%2C&ssl=1","twitter_misc":{"Precio":"&#36;40,25","Availability":"In stock"},"schema":{"@context":"https:\/\/schema.org","@graph":[{"@type":"WebSite","@id":"https:\/\/comerciallin.com\/#website","url":"https:\/\/comerciallin.com\/","name":"tienda de electr\u00f3nica y computaci\u00f3n","description":"Importadora de Electr\u00f3nica y Computaci\u00f3n","potentialAction":[{"@type":"SearchAction","target":{"@type":"EntryPoint","urlTemplate":"https:\/\/comerciallin.com\/?s={search_term_string}"},"query-input":"required name=search_term_string"}],"inLanguage":"es"},{"@type":"ImageObject","@id":"https:\/\/comerciallin.com\/index.php\/producto\/teclado-p-lapto-comp-lenovo-g40\/#primaryimage","inLanguage":"es","url":"https:\/\/i0.wp.com\/comerciallin.com\/wp-content\/uploads\/2023\/08\/341030180604.jpg?fit=%2C&ssl=1","contentUrl":"https:\/\/i0.wp.com\/comerciallin.com\/wp-content\/uploads\/2023\/08\/341030180604.jpg?fit=%2C&ssl=1","caption":"TECLADO P. LAPTO COMP LENOVO G40"},{"@type":"WebPage","@id":"https:\/\/comerciallin.com\/index.php\/producto\/teclado-p-lapto-comp-lenovo-g40\/#webpage","url":"https:\/\/comerciallin.com\/index.php\/producto\/teclado-p-lapto-comp-lenovo-g40\/","name":"TECLADO P. LAPTO COMP LENOVO G40 - tienda de electr\u00f3nica y computaci\u00f3n","isPartOf":{"@id":"https:\/\/comerciallin.com\/#website"},"primaryImageOfPage":{"@id":"https:\/\/comerciallin.com\/index.php\/producto\/teclado-p-lapto-comp-lenovo-g40\/#primaryimage"},"datePublished":"2023-05-03T22:32:08+00:00","dateModified":"2025-01-14T18:58:05+00:00","breadcrumb":{"@id":"https:\/\/comerciallin.com\/index.php\/producto\/teclado-p-lapto-comp-lenovo-g40\/#breadcrumb"},"inLanguage":"es","potentialAction":[{"@type":"ReadAction","target":["https:\/\/comerciallin.com\/index.php\/producto\/teclado-p-lapto-comp-lenovo-g40\/"]}]},{"@type":"BreadcrumbList","@id":"https:\/\/comerciallin.com\/index.php\/producto\/teclado-p-lapto-comp-lenovo-g40\/#breadcrumb","itemListElement":[{"@type":"ListItem","position":1,"name":"Inicio","item":"https:\/\/comerciallin.com\/"},{"@type":"ListItem","position":2,"name":"Shop","item":"https:\/\/comerciallin.com\/?page_id=3853"},{"@type":"ListItem","position":3,"name":"TECLADO P. LAPTO COMP LENOVO G40"}]}]},"product_price_amount":"40.25","product_price_currency":"USD","og_availability":"instock","product_availability":"instock","product_retailer_item_id":"341030180604","product_condition":"new"},"jetpack-related-posts":[{"id":23878,"url":"https:\/\/comerciallin.com\/index.php\/producto\/teclado-p-lapto-comp-lenovo-g470\/","url_meta":{"origin":23876,"position":0},"title":"TECLADO P. LAPTO COMP LENOVO G470","date":"3 de mayo de 2023","format":false,"excerpt":"Teclado laptop Lenovo G-470, 25-012658, Lenovo G470, Lenovo G475, Lenovo G480, Lenovo G485, Lenovo G580, Lenovo G586","rel":"","context":"Entrada similar","img":{"alt_text":"","src":"","width":0,"height":0},"classes":[]},{"id":19209,"url":"https:\/\/comerciallin.com\/index.php\/producto\/bateria-comp-lenovo-b50-70-b40-70-b50-30-b501\/","url_meta":{"origin":23876,"position":1},"title":"BATERIA COMP LENOVO B50-70\/B40-70\/B50-30\/B501","date":"7 de noviembre de 2022","format":false,"excerpt":"Voltage 14.4 Volts Compatible Devices Laptop Capacity 2200 Milliamp Hours","rel":"","context":"Entrada similar","img":{"alt_text":"","src":"","width":0,"height":0},"classes":[]},{"id":19002,"url":"https:\/\/comerciallin.com\/index.php\/producto\/teclado-p-lapto-comp-lenovo-14-isk\/","url_meta":{"origin":23876,"position":2},"title":"TECLADO P. LAPTO COMP LENOVO 14-ISK","date":"7 de noviembre de 2022","format":false,"excerpt":"TECLADO US LENOVO IDEAPAD 320-14ISK CON POWERCOMPATIBLE: 320-14IKB 120S-14IAP 320S-14IKB 320-14AST","rel":"","context":"Entrada similar","img":{"alt_text":"","src":"","width":0,"height":0},"classes":[]},{"id":18686,"url":"https:\/\/comerciallin.com\/index.php\/producto\/bateria-comp-lenovo-x220-x220i-0a36281-0a31\/","url_meta":{"origin":23876,"position":3},"title":"BATERIA COMP LENOVO X220 X220I\/ 0A36281\/ 0A31","date":"7 de noviembre de 2022","format":false,"excerpt":"Compatible Devices Laptop Battery Capacity 4000 Milliamp Hours Battery Cell Composition Lithium Ion Manufacturer Techie","rel":"","context":"Entrada similar","img":{"alt_text":"","src":"","width":0,"height":0},"classes":[]},{"id":19145,"url":"https:\/\/comerciallin.com\/index.php\/producto\/bateria-comp-lenovo-g460-g560-l09c6y02-l02\/","url_meta":{"origin":23876,"position":4},"title":"BATERIA COMP LENOVO G460 \/G560 \/L09C6Y02 \/L02","date":"7 de noviembre de 2022","format":false,"excerpt":"Voltaje 10.8 Voltios Peso de la Bater\u00eda 380 Gramos Compatible Devices Laptop, Notebook","rel":"","context":"Entrada similar","img":{"alt_text":"","src":"","width":0,"height":0},"classes":[]}],"jetpack_sharing_enabled":true,"jetpack_likes_enabled":true,"_links":{"self":[{"href":"https:\/\/comerciallin.com\/index.php\/wp-json\/wp\/v2\/product\/23876"}],"collection":[{"href":"https:\/\/comerciallin.com\/index.php\/wp-json\/wp\/v2\/product"}],"about":[{"href":"https:\/\/comerciallin.com\/index.php\/wp-json\/wp\/v2\/types\/product"}],"replies":[{"embeddable":true,"href":"https:\/\/comerciallin.com\/index.php\/wp-json\/wp\/v2\/comments?post=23876"}],"wp:featuredmedia":[{"embeddable":true,"href":"https:\/\/comerciallin.com\/index.php\/wp-json\/wp\/v2\/media\/25191"}],"wp:attachment":[{"href":"https:\/\/comerciallin.com\/index.php\/wp-json\/wp\/v2\/media?parent=23876"}],"wp:term":[{"taxonomy":"product_cat","embeddable":true,"href":"https:\/\/comerciallin.com\/index.php\/wp-json\/wp\/v2\/product_cat?post=23876"},{"taxonomy":"product_tag","embeddable":true,"href":"https:\/\/comerciallin.com\/index.php\/wp-json\/wp\/v2\/product_tag?post=23876"}],"curies":[{"name":"wp","href":"https:\/\/api.w.org\/{rel}","templated":true}]}}