{"id":23872,"date":"2023-05-03T17:32:07","date_gmt":"2023-05-03T22:32:07","guid":{"rendered":"https:\/\/comerciallin.com\/index.php\/producto\/teclado-p-lapto-comp-hp-g62\/"},"modified":"2025-01-14T13:58:04","modified_gmt":"2025-01-14T18:58:04","slug":"teclado-p-lapto-comp-hp-g62","status":"publish","type":"product","link":"https:\/\/comerciallin.com\/index.php\/producto\/teclado-p-lapto-comp-hp-g62\/","title":{"rendered":"TECLADO P. LAPTO COMP HP G62"},"content":{"rendered":"<p>El n&uacute;mero de parte del teclado para laptop HP G62 es 595199-161. Algunos modelos de laptops compatibles con este teclado son:<\/p>\n<ul>\n<li>HP G62<\/li>\n<li>HP G62-100<\/li>\n<li>HP G62-200<\/li>\n<li>HP G62-300<\/li>\n<li>HP G62-400<\/li>\n<\/ul>\n<p>Este teclado es un reemplazo gen&eacute;rico de alta calidad para el teclado original de la laptop HP G62. Est&aacute; fabricado con materiales duraderos y cuenta con una garant&iacute;a de 3 meses contra defectos de fabricaci&oacute;n. El teclado tiene un dise&ntilde;o c&oacute;modo y ergon&oacute;mico, y se ajusta perfectamente a la estructura de la laptop. Es f&aacute;cil de instalar y cuenta con todas las teclas necesarias para un uso diario eficiente.<\/p>\n","protected":false},"excerpt":{"rendered":"<p>Teclado para laptop HP G62 es 595199-161, HP G62, HP G62-100, HP G62-200, HP G62-300 ,HP G62-400<\/p>\n","protected":false},"featured_media":25189,"comment_status":"open","ping_status":"closed","template":"","meta":{"spay_email":""},"product_cat":[832],"product_tag":[],"supplier_id":null,"supplier_sku":"","barcode":null,"atum_controlled":true,"out_stock_date":null,"out_stock_threshold":null,"inheritable":false,"inbound_stock":null,"stock_on_hold":0,"sold_today":0,"sales_last_days":0,"reserved_stock":null,"customer_returns":null,"warehouse_damage":null,"lost_in_post":null,"other_logs":null,"out_stock_days":0,"lost_sales":0,"has_location":null,"update_date":"2026-04-03T23:40:29","atum_locations":[],"atum_stock_status":"instock","restock_status":false,"low_stock_amount":"","sales_update_date":"2026-04-03T23:40:29","calc_backorders":null,"acf":[],"yoast_head":"<!-- This site is optimized with the Yoast SEO Premium plugin v17.4 (Yoast SEO v17.4) - https:\/\/yoast.com\/wordpress\/plugins\/seo\/ -->\n<title>TECLADO P. LAPTO COMP HP G62 - tienda de electr\u00f3nica y computaci\u00f3n<\/title>\n<meta name=\"robots\" content=\"index, follow, max-snippet:-1, max-image-preview:large, max-video-preview:-1\" \/>\n<link rel=\"canonical\" href=\"https:\/\/comerciallin.com\/index.php\/producto\/teclado-p-lapto-comp-hp-g62\/\" \/>\n<meta property=\"og:locale\" content=\"es_ES\" \/>\n<meta property=\"og:type\" content=\"article\" \/>\n<meta property=\"og:title\" content=\"TECLADO P. LAPTO COMP HP G62\" \/>\n<meta property=\"og:description\" content=\"Teclado para laptop HP G62 es 595199-161, HP G62, HP G62-100, HP G62-200, HP G62-300 ,HP G62-400\" \/>\n<meta property=\"og:url\" content=\"https:\/\/comerciallin.com\/index.php\/producto\/teclado-p-lapto-comp-hp-g62\/\" \/>\n<meta property=\"og:site_name\" content=\"tienda de electr\u00f3nica y computaci\u00f3n\" \/>\n<meta property=\"article:modified_time\" content=\"2025-01-14T18:58:04+00:00\" \/>\n<meta name=\"twitter:card\" content=\"summary_large_image\" \/>\n<meta name=\"twitter:image\" content=\"https:\/\/i0.wp.com\/comerciallin.com\/wp-content\/uploads\/2023\/08\/341030180514.jpg?fit=%2C&amp;ssl=1\" \/>\n<meta name=\"twitter:label1\" content=\"Precio\" \/>\n\t<meta name=\"twitter:data1\" content=\"&#36;40,25\" \/>\n\t<meta name=\"twitter:label2\" content=\"Availability\" \/>\n\t<meta name=\"twitter:data2\" content=\"In stock\" \/>\n<script type=\"application\/ld+json\" class=\"yoast-schema-graph\">{\"@context\":\"https:\/\/schema.org\",\"@graph\":[{\"@type\":\"WebSite\",\"@id\":\"https:\/\/comerciallin.com\/#website\",\"url\":\"https:\/\/comerciallin.com\/\",\"name\":\"tienda de electr\\u00f3nica y computaci\\u00f3n\",\"description\":\"Importadora de Electr\\u00f3nica y Computaci\\u00f3n\",\"potentialAction\":[{\"@type\":\"SearchAction\",\"target\":{\"@type\":\"EntryPoint\",\"urlTemplate\":\"https:\/\/comerciallin.com\/?s={search_term_string}\"},\"query-input\":\"required name=search_term_string\"}],\"inLanguage\":\"es\"},{\"@type\":\"ImageObject\",\"@id\":\"https:\/\/comerciallin.com\/index.php\/producto\/teclado-p-lapto-comp-hp-g62\/#primaryimage\",\"inLanguage\":\"es\",\"url\":\"https:\/\/i0.wp.com\/comerciallin.com\/wp-content\/uploads\/2023\/08\/341030180514.jpg?fit=%2C&ssl=1\",\"contentUrl\":\"https:\/\/i0.wp.com\/comerciallin.com\/wp-content\/uploads\/2023\/08\/341030180514.jpg?fit=%2C&ssl=1\",\"caption\":\"TECLADO P. LAPTO COMP HP G62\"},{\"@type\":\"WebPage\",\"@id\":\"https:\/\/comerciallin.com\/index.php\/producto\/teclado-p-lapto-comp-hp-g62\/#webpage\",\"url\":\"https:\/\/comerciallin.com\/index.php\/producto\/teclado-p-lapto-comp-hp-g62\/\",\"name\":\"TECLADO P. LAPTO COMP HP G62 - tienda de electr\\u00f3nica y computaci\\u00f3n\",\"isPartOf\":{\"@id\":\"https:\/\/comerciallin.com\/#website\"},\"primaryImageOfPage\":{\"@id\":\"https:\/\/comerciallin.com\/index.php\/producto\/teclado-p-lapto-comp-hp-g62\/#primaryimage\"},\"datePublished\":\"2023-05-03T22:32:07+00:00\",\"dateModified\":\"2025-01-14T18:58:04+00:00\",\"breadcrumb\":{\"@id\":\"https:\/\/comerciallin.com\/index.php\/producto\/teclado-p-lapto-comp-hp-g62\/#breadcrumb\"},\"inLanguage\":\"es\",\"potentialAction\":[{\"@type\":\"ReadAction\",\"target\":[\"https:\/\/comerciallin.com\/index.php\/producto\/teclado-p-lapto-comp-hp-g62\/\"]}]},{\"@type\":\"BreadcrumbList\",\"@id\":\"https:\/\/comerciallin.com\/index.php\/producto\/teclado-p-lapto-comp-hp-g62\/#breadcrumb\",\"itemListElement\":[{\"@type\":\"ListItem\",\"position\":1,\"name\":\"Inicio\",\"item\":\"https:\/\/comerciallin.com\/\"},{\"@type\":\"ListItem\",\"position\":2,\"name\":\"Shop\",\"item\":\"https:\/\/comerciallin.com\/?page_id=3853\"},{\"@type\":\"ListItem\",\"position\":3,\"name\":\"TECLADO P. LAPTO COMP HP G62\"}]}]}<\/script>\n<meta property=\"product:price:amount\" content=\"40.25\" \/>\n<meta property=\"product:price:currency\" content=\"USD\" \/>\n<meta property=\"og:availability\" content=\"instock\" \/>\n<meta property=\"product:availability\" content=\"instock\" \/>\n<meta property=\"product:retailer_item_id\" content=\"341030180514\" \/>\n<meta property=\"product:condition\" content=\"new\" \/>\n<!-- \/ Yoast SEO Premium plugin. -->","yoast_head_json":{"title":"TECLADO P. LAPTO COMP HP G62 - tienda de electr\u00f3nica y computaci\u00f3n","robots":{"index":"index","follow":"follow","max-snippet":"max-snippet:-1","max-image-preview":"max-image-preview:large","max-video-preview":"max-video-preview:-1"},"canonical":"https:\/\/comerciallin.com\/index.php\/producto\/teclado-p-lapto-comp-hp-g62\/","og_locale":"es_ES","og_type":"article","og_title":"TECLADO P. LAPTO COMP HP G62","og_description":"Teclado para laptop HP G62 es 595199-161, HP G62, HP G62-100, HP G62-200, HP G62-300 ,HP G62-400","og_url":"https:\/\/comerciallin.com\/index.php\/producto\/teclado-p-lapto-comp-hp-g62\/","og_site_name":"tienda de electr\u00f3nica y computaci\u00f3n","article_modified_time":"2025-01-14T18:58:04+00:00","twitter_card":"summary_large_image","twitter_image":"https:\/\/i0.wp.com\/comerciallin.com\/wp-content\/uploads\/2023\/08\/341030180514.jpg?fit=%2C&ssl=1","twitter_misc":{"Precio":"&#36;40,25","Availability":"In stock"},"schema":{"@context":"https:\/\/schema.org","@graph":[{"@type":"WebSite","@id":"https:\/\/comerciallin.com\/#website","url":"https:\/\/comerciallin.com\/","name":"tienda de electr\u00f3nica y computaci\u00f3n","description":"Importadora de Electr\u00f3nica y Computaci\u00f3n","potentialAction":[{"@type":"SearchAction","target":{"@type":"EntryPoint","urlTemplate":"https:\/\/comerciallin.com\/?s={search_term_string}"},"query-input":"required name=search_term_string"}],"inLanguage":"es"},{"@type":"ImageObject","@id":"https:\/\/comerciallin.com\/index.php\/producto\/teclado-p-lapto-comp-hp-g62\/#primaryimage","inLanguage":"es","url":"https:\/\/i0.wp.com\/comerciallin.com\/wp-content\/uploads\/2023\/08\/341030180514.jpg?fit=%2C&ssl=1","contentUrl":"https:\/\/i0.wp.com\/comerciallin.com\/wp-content\/uploads\/2023\/08\/341030180514.jpg?fit=%2C&ssl=1","caption":"TECLADO P. LAPTO COMP HP G62"},{"@type":"WebPage","@id":"https:\/\/comerciallin.com\/index.php\/producto\/teclado-p-lapto-comp-hp-g62\/#webpage","url":"https:\/\/comerciallin.com\/index.php\/producto\/teclado-p-lapto-comp-hp-g62\/","name":"TECLADO P. LAPTO COMP HP G62 - tienda de electr\u00f3nica y computaci\u00f3n","isPartOf":{"@id":"https:\/\/comerciallin.com\/#website"},"primaryImageOfPage":{"@id":"https:\/\/comerciallin.com\/index.php\/producto\/teclado-p-lapto-comp-hp-g62\/#primaryimage"},"datePublished":"2023-05-03T22:32:07+00:00","dateModified":"2025-01-14T18:58:04+00:00","breadcrumb":{"@id":"https:\/\/comerciallin.com\/index.php\/producto\/teclado-p-lapto-comp-hp-g62\/#breadcrumb"},"inLanguage":"es","potentialAction":[{"@type":"ReadAction","target":["https:\/\/comerciallin.com\/index.php\/producto\/teclado-p-lapto-comp-hp-g62\/"]}]},{"@type":"BreadcrumbList","@id":"https:\/\/comerciallin.com\/index.php\/producto\/teclado-p-lapto-comp-hp-g62\/#breadcrumb","itemListElement":[{"@type":"ListItem","position":1,"name":"Inicio","item":"https:\/\/comerciallin.com\/"},{"@type":"ListItem","position":2,"name":"Shop","item":"https:\/\/comerciallin.com\/?page_id=3853"},{"@type":"ListItem","position":3,"name":"TECLADO P. LAPTO COMP HP G62"}]}]},"product_price_amount":"40.25","product_price_currency":"USD","og_availability":"instock","product_availability":"instock","product_retailer_item_id":"341030180514","product_condition":"new"},"jetpack-related-posts":[{"id":23862,"url":"https:\/\/comerciallin.com\/index.php\/producto\/teclado-p-lapto-comp-hp-cq42\/","url_meta":{"origin":23872,"position":0},"title":"TECLADO P. LAPTO COMP HP CQ42","date":"3 de mayo de 2023","format":false,"excerpt":"Teclado laptop HP CQ42 es 595199-001, HP Compaq CQ42, HP Compaq CQ43, HP Compaq CQ56, HP Compaq CQ62, HP Compaq CQ72","rel":"","context":"Entrada similar","img":{"alt_text":"","src":"","width":0,"height":0},"classes":[]},{"id":23874,"url":"https:\/\/comerciallin.com\/index.php\/producto\/teclado-p-lapto-comp-hp-g6-2000\/","url_meta":{"origin":23872,"position":1},"title":"TECLADO P. LAPTO COMP HP G6&#8211;2000","date":"3 de mayo de 2023","format":false,"excerpt":"Teclado laptop HP G6-2000, 697452-161, serie HP G6-2000, G6-2010NR, G6-2031NR, G6-2040NR, G6-2048CA, G6-2052XX, G6-2067CA","rel":"","context":"Entrada similar","img":{"alt_text":"","src":"","width":0,"height":0},"classes":[]},{"id":23866,"url":"https:\/\/comerciallin.com\/index.php\/producto\/teclado-p-lapto-comp-hp-dv4\/","url_meta":{"origin":23872,"position":2},"title":"TECLADO P. LAPTO COMP HP DV4","date":"3 de mayo de 2023","format":false,"excerpt":"Teclado laptop HP DV4 es 486901-001, HP Pavilion DV4-1000, HP Pavilion DV4-1100, HP Pavilion DV4-1200, HP Pavilion DV4-1301","rel":"","context":"Entrada similar","img":{"alt_text":"","src":"","width":0,"height":0},"classes":[]},{"id":23864,"url":"https:\/\/comerciallin.com\/index.php\/producto\/teclado-p-lapto-comp-hp-cq42-2\/","url_meta":{"origin":23872,"position":3},"title":"TECLADO P. LAPTO COMP HP CQ42","date":"3 de mayo de 2023","format":false,"excerpt":"Teclado laptop HP CQ42 es 595199-001, HP Compaq CQ42, HP Compaq CQ43, HP Compaq CQ56, HP Compaq CQ62, HP Compaq CQ73","rel":"","context":"Entrada similar","img":{"alt_text":"","src":"","width":0,"height":0},"classes":[]},{"id":23860,"url":"https:\/\/comerciallin.com\/index.php\/producto\/teclado-p-lapto-comp-hp-cq40\/","url_meta":{"origin":23872,"position":4},"title":"TECLADO P. LAPTO COMP HP CQ40","date":"3 de mayo de 2023","format":false,"excerpt":"Teclado laptop HP CQ40 es 496771-001, HP Compaq CQ40, HP Compaq CQ45, HP Compaq CQ41","rel":"","context":"Entrada similar","img":{"alt_text":"","src":"","width":0,"height":0},"classes":[]},{"id":23858,"url":"https:\/\/comerciallin.com\/index.php\/producto\/teclado-p-lapto-comp-hp-8440p\/","url_meta":{"origin":23872,"position":5},"title":"TECLADO P. LAPTO COMP HP 8440P","date":"3 de mayo de 2023","format":false,"excerpt":"Teclado laptop HP 8440p es 594052-001, HP EliteBook 8440p, HP EliteBook 8440w","rel":"","context":"Entrada similar","img":{"alt_text":"","src":"","width":0,"height":0},"classes":[]}],"jetpack_sharing_enabled":true,"jetpack_likes_enabled":true,"_links":{"self":[{"href":"https:\/\/comerciallin.com\/index.php\/wp-json\/wp\/v2\/product\/23872"}],"collection":[{"href":"https:\/\/comerciallin.com\/index.php\/wp-json\/wp\/v2\/product"}],"about":[{"href":"https:\/\/comerciallin.com\/index.php\/wp-json\/wp\/v2\/types\/product"}],"replies":[{"embeddable":true,"href":"https:\/\/comerciallin.com\/index.php\/wp-json\/wp\/v2\/comments?post=23872"}],"wp:featuredmedia":[{"embeddable":true,"href":"https:\/\/comerciallin.com\/index.php\/wp-json\/wp\/v2\/media\/25189"}],"wp:attachment":[{"href":"https:\/\/comerciallin.com\/index.php\/wp-json\/wp\/v2\/media?parent=23872"}],"wp:term":[{"taxonomy":"product_cat","embeddable":true,"href":"https:\/\/comerciallin.com\/index.php\/wp-json\/wp\/v2\/product_cat?post=23872"},{"taxonomy":"product_tag","embeddable":true,"href":"https:\/\/comerciallin.com\/index.php\/wp-json\/wp\/v2\/product_tag?post=23872"}],"curies":[{"name":"wp","href":"https:\/\/api.w.org\/{rel}","templated":true}]}}