{"id":23858,"date":"2023-05-03T17:32:05","date_gmt":"2023-05-03T22:32:05","guid":{"rendered":"https:\/\/comerciallin.com\/index.php\/producto\/teclado-p-lapto-comp-hp-8440p\/"},"modified":"2025-01-14T13:58:01","modified_gmt":"2025-01-14T18:58:01","slug":"teclado-p-lapto-comp-hp-8440p","status":"publish","type":"product","link":"https:\/\/comerciallin.com\/index.php\/producto\/teclado-p-lapto-comp-hp-8440p\/","title":{"rendered":"TECLADO P. LAPTO COMP HP 8440P"},"content":{"rendered":"<p>El n&uacute;mero de parte del Teclado laptop HP 8440p es 594052-001. Este teclado es compatible con los siguientes modelos de laptops HP:<\/p>\n<ul>\n<li>HP EliteBook 8440p<\/li>\n<li>HP EliteBook 8440w<\/li>\n<\/ul>\n<p>El Teclado laptop HP 8440p es un teclado de repuesto gen&eacute;rico, dise&ntilde;ado para ofrecer una soluci&oacute;n econ&oacute;mica y de calidad para reemplazar el teclado original de la laptop HP EliteBook 8440p o 8440w. Cuenta con todas las teclas necesarias para el uso diario de una laptop y est&aacute; dise&ntilde;ado ergon&oacute;micamente para una escritura c&oacute;moda.<\/p>\n<p>La garant&iacute;a del Teclado laptop HP 8440p es de 3 meses a partir de la fecha de compra, lo que brinda tranquilidad en caso de que surjan problemas con el teclado durante ese per&iacute;odo.<\/p>\n<p>El Teclado laptop HP 8440p es un teclado de repuesto gen&eacute;rico, compatible con los modelos de laptops HP EliteBook 8440p y 8440w, dise&ntilde;ado ergon&oacute;micamente para una escritura c&oacute;moda y con una garant&iacute;a de 3 meses para una mayor tranquilidad del usuario. Es una soluci&oacute;n asequible y de calidad para reemplazar el teclado original de la laptop.<\/p>\n","protected":false},"excerpt":{"rendered":"<p>Teclado laptop HP 8440p es 594052-001, HP EliteBook 8440p, HP EliteBook 8440w<\/p>\n","protected":false},"featured_media":25181,"comment_status":"open","ping_status":"closed","template":"","meta":{"spay_email":""},"product_cat":[832],"product_tag":[],"supplier_id":null,"supplier_sku":"","barcode":null,"atum_controlled":true,"out_stock_date":null,"out_stock_threshold":null,"inheritable":false,"inbound_stock":null,"stock_on_hold":0,"sold_today":0,"sales_last_days":0,"reserved_stock":null,"customer_returns":null,"warehouse_damage":null,"lost_in_post":null,"other_logs":null,"out_stock_days":0,"lost_sales":0,"has_location":null,"update_date":"2026-04-28T00:11:18","atum_locations":[],"atum_stock_status":"instock","restock_status":false,"low_stock_amount":"","sales_update_date":"2026-04-28T00:11:18","calc_backorders":null,"acf":[],"yoast_head":"<!-- This site is optimized with the Yoast SEO Premium plugin v17.4 (Yoast SEO v17.4) - https:\/\/yoast.com\/wordpress\/plugins\/seo\/ -->\n<title>TECLADO P. LAPTO COMP HP 8440P - tienda de electr\u00f3nica y computaci\u00f3n<\/title>\n<meta name=\"robots\" content=\"index, follow, max-snippet:-1, max-image-preview:large, max-video-preview:-1\" \/>\n<link rel=\"canonical\" href=\"https:\/\/comerciallin.com\/index.php\/producto\/teclado-p-lapto-comp-hp-8440p\/\" \/>\n<meta property=\"og:locale\" content=\"es_ES\" \/>\n<meta property=\"og:type\" content=\"article\" \/>\n<meta property=\"og:title\" content=\"TECLADO P. LAPTO COMP HP 8440P\" \/>\n<meta property=\"og:description\" content=\"Teclado laptop HP 8440p es 594052-001, HP EliteBook 8440p, HP EliteBook 8440w\" \/>\n<meta property=\"og:url\" content=\"https:\/\/comerciallin.com\/index.php\/producto\/teclado-p-lapto-comp-hp-8440p\/\" \/>\n<meta property=\"og:site_name\" content=\"tienda de electr\u00f3nica y computaci\u00f3n\" \/>\n<meta property=\"article:modified_time\" content=\"2025-01-14T18:58:01+00:00\" \/>\n<meta name=\"twitter:card\" content=\"summary_large_image\" \/>\n<meta name=\"twitter:image\" content=\"https:\/\/i0.wp.com\/comerciallin.com\/wp-content\/uploads\/2023\/08\/341030190502.jpg?fit=%2C&amp;ssl=1\" \/>\n<meta name=\"twitter:label1\" content=\"Precio\" \/>\n\t<meta name=\"twitter:data1\" content=\"&#36;40,25\" \/>\n\t<meta name=\"twitter:label2\" content=\"Availability\" \/>\n\t<meta name=\"twitter:data2\" content=\"In stock\" \/>\n<script type=\"application\/ld+json\" class=\"yoast-schema-graph\">{\"@context\":\"https:\/\/schema.org\",\"@graph\":[{\"@type\":\"WebSite\",\"@id\":\"https:\/\/comerciallin.com\/#website\",\"url\":\"https:\/\/comerciallin.com\/\",\"name\":\"tienda de electr\\u00f3nica y computaci\\u00f3n\",\"description\":\"Importadora de Electr\\u00f3nica y Computaci\\u00f3n\",\"potentialAction\":[{\"@type\":\"SearchAction\",\"target\":{\"@type\":\"EntryPoint\",\"urlTemplate\":\"https:\/\/comerciallin.com\/?s={search_term_string}\"},\"query-input\":\"required name=search_term_string\"}],\"inLanguage\":\"es\"},{\"@type\":\"ImageObject\",\"@id\":\"https:\/\/comerciallin.com\/index.php\/producto\/teclado-p-lapto-comp-hp-8440p\/#primaryimage\",\"inLanguage\":\"es\",\"url\":\"https:\/\/i0.wp.com\/comerciallin.com\/wp-content\/uploads\/2023\/08\/341030190502.jpg?fit=%2C&ssl=1\",\"contentUrl\":\"https:\/\/i0.wp.com\/comerciallin.com\/wp-content\/uploads\/2023\/08\/341030190502.jpg?fit=%2C&ssl=1\",\"caption\":\"TECLADO P. LAPTO COMP HP 8440P\"},{\"@type\":\"WebPage\",\"@id\":\"https:\/\/comerciallin.com\/index.php\/producto\/teclado-p-lapto-comp-hp-8440p\/#webpage\",\"url\":\"https:\/\/comerciallin.com\/index.php\/producto\/teclado-p-lapto-comp-hp-8440p\/\",\"name\":\"TECLADO P. LAPTO COMP HP 8440P - tienda de electr\\u00f3nica y computaci\\u00f3n\",\"isPartOf\":{\"@id\":\"https:\/\/comerciallin.com\/#website\"},\"primaryImageOfPage\":{\"@id\":\"https:\/\/comerciallin.com\/index.php\/producto\/teclado-p-lapto-comp-hp-8440p\/#primaryimage\"},\"datePublished\":\"2023-05-03T22:32:05+00:00\",\"dateModified\":\"2025-01-14T18:58:01+00:00\",\"breadcrumb\":{\"@id\":\"https:\/\/comerciallin.com\/index.php\/producto\/teclado-p-lapto-comp-hp-8440p\/#breadcrumb\"},\"inLanguage\":\"es\",\"potentialAction\":[{\"@type\":\"ReadAction\",\"target\":[\"https:\/\/comerciallin.com\/index.php\/producto\/teclado-p-lapto-comp-hp-8440p\/\"]}]},{\"@type\":\"BreadcrumbList\",\"@id\":\"https:\/\/comerciallin.com\/index.php\/producto\/teclado-p-lapto-comp-hp-8440p\/#breadcrumb\",\"itemListElement\":[{\"@type\":\"ListItem\",\"position\":1,\"name\":\"Inicio\",\"item\":\"https:\/\/comerciallin.com\/\"},{\"@type\":\"ListItem\",\"position\":2,\"name\":\"Shop\",\"item\":\"https:\/\/comerciallin.com\/?page_id=3853\"},{\"@type\":\"ListItem\",\"position\":3,\"name\":\"TECLADO P. LAPTO COMP HP 8440P\"}]}]}<\/script>\n<meta property=\"product:price:amount\" content=\"40.25\" \/>\n<meta property=\"product:price:currency\" content=\"USD\" \/>\n<meta property=\"og:availability\" content=\"instock\" \/>\n<meta property=\"product:availability\" content=\"instock\" \/>\n<meta property=\"product:retailer_item_id\" content=\"341030190502\" \/>\n<meta property=\"product:condition\" content=\"new\" \/>\n<!-- \/ Yoast SEO Premium plugin. -->","yoast_head_json":{"title":"TECLADO P. LAPTO COMP HP 8440P - tienda de electr\u00f3nica y computaci\u00f3n","robots":{"index":"index","follow":"follow","max-snippet":"max-snippet:-1","max-image-preview":"max-image-preview:large","max-video-preview":"max-video-preview:-1"},"canonical":"https:\/\/comerciallin.com\/index.php\/producto\/teclado-p-lapto-comp-hp-8440p\/","og_locale":"es_ES","og_type":"article","og_title":"TECLADO P. LAPTO COMP HP 8440P","og_description":"Teclado laptop HP 8440p es 594052-001, HP EliteBook 8440p, HP EliteBook 8440w","og_url":"https:\/\/comerciallin.com\/index.php\/producto\/teclado-p-lapto-comp-hp-8440p\/","og_site_name":"tienda de electr\u00f3nica y computaci\u00f3n","article_modified_time":"2025-01-14T18:58:01+00:00","twitter_card":"summary_large_image","twitter_image":"https:\/\/i0.wp.com\/comerciallin.com\/wp-content\/uploads\/2023\/08\/341030190502.jpg?fit=%2C&ssl=1","twitter_misc":{"Precio":"&#36;40,25","Availability":"In stock"},"schema":{"@context":"https:\/\/schema.org","@graph":[{"@type":"WebSite","@id":"https:\/\/comerciallin.com\/#website","url":"https:\/\/comerciallin.com\/","name":"tienda de electr\u00f3nica y computaci\u00f3n","description":"Importadora de Electr\u00f3nica y Computaci\u00f3n","potentialAction":[{"@type":"SearchAction","target":{"@type":"EntryPoint","urlTemplate":"https:\/\/comerciallin.com\/?s={search_term_string}"},"query-input":"required name=search_term_string"}],"inLanguage":"es"},{"@type":"ImageObject","@id":"https:\/\/comerciallin.com\/index.php\/producto\/teclado-p-lapto-comp-hp-8440p\/#primaryimage","inLanguage":"es","url":"https:\/\/i0.wp.com\/comerciallin.com\/wp-content\/uploads\/2023\/08\/341030190502.jpg?fit=%2C&ssl=1","contentUrl":"https:\/\/i0.wp.com\/comerciallin.com\/wp-content\/uploads\/2023\/08\/341030190502.jpg?fit=%2C&ssl=1","caption":"TECLADO P. LAPTO COMP HP 8440P"},{"@type":"WebPage","@id":"https:\/\/comerciallin.com\/index.php\/producto\/teclado-p-lapto-comp-hp-8440p\/#webpage","url":"https:\/\/comerciallin.com\/index.php\/producto\/teclado-p-lapto-comp-hp-8440p\/","name":"TECLADO P. LAPTO COMP HP 8440P - tienda de electr\u00f3nica y computaci\u00f3n","isPartOf":{"@id":"https:\/\/comerciallin.com\/#website"},"primaryImageOfPage":{"@id":"https:\/\/comerciallin.com\/index.php\/producto\/teclado-p-lapto-comp-hp-8440p\/#primaryimage"},"datePublished":"2023-05-03T22:32:05+00:00","dateModified":"2025-01-14T18:58:01+00:00","breadcrumb":{"@id":"https:\/\/comerciallin.com\/index.php\/producto\/teclado-p-lapto-comp-hp-8440p\/#breadcrumb"},"inLanguage":"es","potentialAction":[{"@type":"ReadAction","target":["https:\/\/comerciallin.com\/index.php\/producto\/teclado-p-lapto-comp-hp-8440p\/"]}]},{"@type":"BreadcrumbList","@id":"https:\/\/comerciallin.com\/index.php\/producto\/teclado-p-lapto-comp-hp-8440p\/#breadcrumb","itemListElement":[{"@type":"ListItem","position":1,"name":"Inicio","item":"https:\/\/comerciallin.com\/"},{"@type":"ListItem","position":2,"name":"Shop","item":"https:\/\/comerciallin.com\/?page_id=3853"},{"@type":"ListItem","position":3,"name":"TECLADO P. LAPTO COMP HP 8440P"}]}]},"product_price_amount":"40.25","product_price_currency":"USD","og_availability":"instock","product_availability":"instock","product_retailer_item_id":"341030190502","product_condition":"new"},"jetpack-related-posts":[{"id":23862,"url":"https:\/\/comerciallin.com\/index.php\/producto\/teclado-p-lapto-comp-hp-cq42\/","url_meta":{"origin":23858,"position":0},"title":"TECLADO P. LAPTO COMP HP CQ42","date":"3 de mayo de 2023","format":false,"excerpt":"Teclado laptop HP CQ42 es 595199-001, HP Compaq CQ42, HP Compaq CQ43, HP Compaq CQ56, HP Compaq CQ62, HP Compaq CQ72","rel":"","context":"Entrada similar","img":{"alt_text":"","src":"","width":0,"height":0},"classes":[]},{"id":23860,"url":"https:\/\/comerciallin.com\/index.php\/producto\/teclado-p-lapto-comp-hp-cq40\/","url_meta":{"origin":23858,"position":1},"title":"TECLADO P. LAPTO COMP HP CQ40","date":"3 de mayo de 2023","format":false,"excerpt":"Teclado laptop HP CQ40 es 496771-001, HP Compaq CQ40, HP Compaq CQ45, HP Compaq CQ41","rel":"","context":"Entrada similar","img":{"alt_text":"","src":"","width":0,"height":0},"classes":[]},{"id":23864,"url":"https:\/\/comerciallin.com\/index.php\/producto\/teclado-p-lapto-comp-hp-cq42-2\/","url_meta":{"origin":23858,"position":2},"title":"TECLADO P. LAPTO COMP HP CQ42","date":"3 de mayo de 2023","format":false,"excerpt":"Teclado laptop HP CQ42 es 595199-001, HP Compaq CQ42, HP Compaq CQ43, HP Compaq CQ56, HP Compaq CQ62, HP Compaq CQ73","rel":"","context":"Entrada similar","img":{"alt_text":"","src":"","width":0,"height":0},"classes":[]},{"id":23866,"url":"https:\/\/comerciallin.com\/index.php\/producto\/teclado-p-lapto-comp-hp-dv4\/","url_meta":{"origin":23858,"position":3},"title":"TECLADO P. LAPTO COMP HP DV4","date":"3 de mayo de 2023","format":false,"excerpt":"Teclado laptop HP DV4 es 486901-001, HP Pavilion DV4-1000, HP Pavilion DV4-1100, HP Pavilion DV4-1200, HP Pavilion DV4-1301","rel":"","context":"Entrada similar","img":{"alt_text":"","src":"","width":0,"height":0},"classes":[]},{"id":23868,"url":"https:\/\/comerciallin.com\/index.php\/producto\/teclado-p-lapto-comp-hp-dv4-1000\/","url_meta":{"origin":23858,"position":4},"title":"TECLADO P. LAPTO COMP HP DV4-1000","date":"3 de mayo de 2023","format":false,"excerpt":"Teclado laptop HP DV4-1000 es 486901-001","rel":"","context":"Entrada similar","img":{"alt_text":"","src":"","width":0,"height":0},"classes":[]},{"id":23856,"url":"https:\/\/comerciallin.com\/index.php\/producto\/teclado-p-lapto-comp-hp-14-n-r\/","url_meta":{"origin":23858,"position":5},"title":"TECLADO P. LAPTO COMP HP 14-N\/R","date":"3 de mayo de 2023","format":false,"excerpt":"Teclado laptop HP 14-N\/R es 740102-001, HP Pavilion 14-n, HP Pavilion 14-r, HP Pavilion 14-e, HP Pavilion 14-g","rel":"","context":"Entrada similar","img":{"alt_text":"","src":"","width":0,"height":0},"classes":[]}],"jetpack_sharing_enabled":true,"jetpack_likes_enabled":true,"_links":{"self":[{"href":"https:\/\/comerciallin.com\/index.php\/wp-json\/wp\/v2\/product\/23858"}],"collection":[{"href":"https:\/\/comerciallin.com\/index.php\/wp-json\/wp\/v2\/product"}],"about":[{"href":"https:\/\/comerciallin.com\/index.php\/wp-json\/wp\/v2\/types\/product"}],"replies":[{"embeddable":true,"href":"https:\/\/comerciallin.com\/index.php\/wp-json\/wp\/v2\/comments?post=23858"}],"wp:featuredmedia":[{"embeddable":true,"href":"https:\/\/comerciallin.com\/index.php\/wp-json\/wp\/v2\/media\/25181"}],"wp:attachment":[{"href":"https:\/\/comerciallin.com\/index.php\/wp-json\/wp\/v2\/media?parent=23858"}],"wp:term":[{"taxonomy":"product_cat","embeddable":true,"href":"https:\/\/comerciallin.com\/index.php\/wp-json\/wp\/v2\/product_cat?post=23858"},{"taxonomy":"product_tag","embeddable":true,"href":"https:\/\/comerciallin.com\/index.php\/wp-json\/wp\/v2\/product_tag?post=23858"}],"curies":[{"name":"wp","href":"https:\/\/api.w.org\/{rel}","templated":true}]}}