{"id":23848,"date":"2023-05-03T17:32:03","date_gmt":"2023-05-03T22:32:03","guid":{"rendered":"https:\/\/comerciallin.com\/index.php\/producto\/teclado-p-lapto-aso9d70-3810t\/"},"modified":"2025-01-14T13:57:56","modified_gmt":"2025-01-14T18:57:56","slug":"teclado-p-lapto-aso9d70-3810t","status":"publish","type":"product","link":"https:\/\/comerciallin.com\/index.php\/producto\/teclado-p-lapto-aso9d70-3810t\/","title":{"rendered":"TECLADO P. LAPTO ASO9D70\/3810T"},"content":{"rendered":"<p>El n&uacute;mero de parte del teclado para laptop Acer 3810T es KB.I1700.440. Este teclado es compatible con varios modelos de laptops Acer, incluyendo Acer Aspire 3810T, 3810TG, 3810TZ, 3810TZG, 3820, 3820G, 3820T, 3820TG, 3820TZ y 3820TZG.<\/p>\n<p>El teclado tiene una garant&iacute;a de 3 meses y es un reemplazo gen&eacute;rico de alta calidad para el teclado original de la laptop. Est&aacute; dise&ntilde;ado para encajar perfectamente en el marco del teclado de la laptop y tiene las mismas caracter&iacute;sticas y funciones que el teclado original. El teclado est&aacute; hecho con materiales de alta calidad y es duradero y resistente al desgaste.<\/p>\n","protected":false},"excerpt":{"rendered":"<p>Teclado para laptop Acer 3810T, KB.I1700.440, Acer Aspire 3810T, 3810TG, 3810TZ, 3810TZG, 3820, 3820G, 3820T, 3820TG, 3820TZ y 3820TZG<\/p>\n","protected":false},"featured_media":25169,"comment_status":"open","ping_status":"closed","template":"","meta":{"spay_email":""},"product_cat":[830],"product_tag":[],"supplier_id":null,"supplier_sku":"","barcode":null,"atum_controlled":true,"out_stock_date":null,"out_stock_threshold":null,"inheritable":false,"inbound_stock":null,"stock_on_hold":0,"sold_today":0,"sales_last_days":0,"reserved_stock":null,"customer_returns":null,"warehouse_damage":null,"lost_in_post":null,"other_logs":null,"out_stock_days":0,"lost_sales":0,"has_location":null,"update_date":"2026-04-28T00:11:20","atum_locations":[],"atum_stock_status":"instock","restock_status":false,"low_stock_amount":"","sales_update_date":"2026-04-28T00:11:20","calc_backorders":null,"acf":[],"yoast_head":"<!-- This site is optimized with the Yoast SEO Premium plugin v17.4 (Yoast SEO v17.4) - https:\/\/yoast.com\/wordpress\/plugins\/seo\/ -->\n<title>TECLADO P. LAPTO ASO9D70\/3810T - tienda de electr\u00f3nica y computaci\u00f3n<\/title>\n<meta name=\"robots\" content=\"index, follow, max-snippet:-1, max-image-preview:large, max-video-preview:-1\" \/>\n<link rel=\"canonical\" href=\"https:\/\/comerciallin.com\/index.php\/producto\/teclado-p-lapto-aso9d70-3810t\/\" \/>\n<meta property=\"og:locale\" content=\"es_ES\" \/>\n<meta property=\"og:type\" content=\"article\" \/>\n<meta property=\"og:title\" content=\"TECLADO P. LAPTO ASO9D70\/3810T\" \/>\n<meta property=\"og:description\" content=\"Teclado para laptop Acer 3810T, KB.I1700.440, Acer Aspire 3810T, 3810TG, 3810TZ, 3810TZG, 3820, 3820G, 3820T, 3820TG, 3820TZ y 3820TZG\" \/>\n<meta property=\"og:url\" content=\"https:\/\/comerciallin.com\/index.php\/producto\/teclado-p-lapto-aso9d70-3810t\/\" \/>\n<meta property=\"og:site_name\" content=\"tienda de electr\u00f3nica y computaci\u00f3n\" \/>\n<meta property=\"article:modified_time\" content=\"2025-01-14T18:57:56+00:00\" \/>\n<meta name=\"twitter:card\" content=\"summary_large_image\" \/>\n<meta name=\"twitter:image\" content=\"https:\/\/i0.wp.com\/comerciallin.com\/wp-content\/uploads\/2023\/08\/405030191002.jpg?fit=%2C&amp;ssl=1\" \/>\n<meta name=\"twitter:label1\" content=\"Precio\" \/>\n\t<meta name=\"twitter:data1\" content=\"&#36;34,50\" \/>\n\t<meta name=\"twitter:label2\" content=\"Availability\" \/>\n\t<meta name=\"twitter:data2\" content=\"In stock\" \/>\n<script type=\"application\/ld+json\" class=\"yoast-schema-graph\">{\"@context\":\"https:\/\/schema.org\",\"@graph\":[{\"@type\":\"WebSite\",\"@id\":\"https:\/\/comerciallin.com\/#website\",\"url\":\"https:\/\/comerciallin.com\/\",\"name\":\"tienda de electr\\u00f3nica y computaci\\u00f3n\",\"description\":\"Importadora de Electr\\u00f3nica y Computaci\\u00f3n\",\"potentialAction\":[{\"@type\":\"SearchAction\",\"target\":{\"@type\":\"EntryPoint\",\"urlTemplate\":\"https:\/\/comerciallin.com\/?s={search_term_string}\"},\"query-input\":\"required name=search_term_string\"}],\"inLanguage\":\"es\"},{\"@type\":\"ImageObject\",\"@id\":\"https:\/\/comerciallin.com\/index.php\/producto\/teclado-p-lapto-aso9d70-3810t\/#primaryimage\",\"inLanguage\":\"es\",\"url\":\"https:\/\/i0.wp.com\/comerciallin.com\/wp-content\/uploads\/2023\/08\/405030191002.jpg?fit=%2C&ssl=1\",\"contentUrl\":\"https:\/\/i0.wp.com\/comerciallin.com\/wp-content\/uploads\/2023\/08\/405030191002.jpg?fit=%2C&ssl=1\",\"caption\":\"TECLADO P. LAPTO ASO9D70\/3810T\"},{\"@type\":\"WebPage\",\"@id\":\"https:\/\/comerciallin.com\/index.php\/producto\/teclado-p-lapto-aso9d70-3810t\/#webpage\",\"url\":\"https:\/\/comerciallin.com\/index.php\/producto\/teclado-p-lapto-aso9d70-3810t\/\",\"name\":\"TECLADO P. LAPTO ASO9D70\/3810T - tienda de electr\\u00f3nica y computaci\\u00f3n\",\"isPartOf\":{\"@id\":\"https:\/\/comerciallin.com\/#website\"},\"primaryImageOfPage\":{\"@id\":\"https:\/\/comerciallin.com\/index.php\/producto\/teclado-p-lapto-aso9d70-3810t\/#primaryimage\"},\"datePublished\":\"2023-05-03T22:32:03+00:00\",\"dateModified\":\"2025-01-14T18:57:56+00:00\",\"breadcrumb\":{\"@id\":\"https:\/\/comerciallin.com\/index.php\/producto\/teclado-p-lapto-aso9d70-3810t\/#breadcrumb\"},\"inLanguage\":\"es\",\"potentialAction\":[{\"@type\":\"ReadAction\",\"target\":[\"https:\/\/comerciallin.com\/index.php\/producto\/teclado-p-lapto-aso9d70-3810t\/\"]}]},{\"@type\":\"BreadcrumbList\",\"@id\":\"https:\/\/comerciallin.com\/index.php\/producto\/teclado-p-lapto-aso9d70-3810t\/#breadcrumb\",\"itemListElement\":[{\"@type\":\"ListItem\",\"position\":1,\"name\":\"Inicio\",\"item\":\"https:\/\/comerciallin.com\/\"},{\"@type\":\"ListItem\",\"position\":2,\"name\":\"Shop\",\"item\":\"https:\/\/comerciallin.com\/?page_id=3853\"},{\"@type\":\"ListItem\",\"position\":3,\"name\":\"TECLADO P. LAPTO ASO9D70\/3810T\"}]}]}<\/script>\n<meta property=\"product:price:amount\" content=\"34.50\" \/>\n<meta property=\"product:price:currency\" content=\"USD\" \/>\n<meta property=\"og:availability\" content=\"instock\" \/>\n<meta property=\"product:availability\" content=\"instock\" \/>\n<meta property=\"product:retailer_item_id\" content=\"405030191002\" \/>\n<meta property=\"product:condition\" content=\"new\" \/>\n<!-- \/ Yoast SEO Premium plugin. -->","yoast_head_json":{"title":"TECLADO P. LAPTO ASO9D70\/3810T - tienda de electr\u00f3nica y computaci\u00f3n","robots":{"index":"index","follow":"follow","max-snippet":"max-snippet:-1","max-image-preview":"max-image-preview:large","max-video-preview":"max-video-preview:-1"},"canonical":"https:\/\/comerciallin.com\/index.php\/producto\/teclado-p-lapto-aso9d70-3810t\/","og_locale":"es_ES","og_type":"article","og_title":"TECLADO P. LAPTO ASO9D70\/3810T","og_description":"Teclado para laptop Acer 3810T, KB.I1700.440, Acer Aspire 3810T, 3810TG, 3810TZ, 3810TZG, 3820, 3820G, 3820T, 3820TG, 3820TZ y 3820TZG","og_url":"https:\/\/comerciallin.com\/index.php\/producto\/teclado-p-lapto-aso9d70-3810t\/","og_site_name":"tienda de electr\u00f3nica y computaci\u00f3n","article_modified_time":"2025-01-14T18:57:56+00:00","twitter_card":"summary_large_image","twitter_image":"https:\/\/i0.wp.com\/comerciallin.com\/wp-content\/uploads\/2023\/08\/405030191002.jpg?fit=%2C&ssl=1","twitter_misc":{"Precio":"&#36;34,50","Availability":"In stock"},"schema":{"@context":"https:\/\/schema.org","@graph":[{"@type":"WebSite","@id":"https:\/\/comerciallin.com\/#website","url":"https:\/\/comerciallin.com\/","name":"tienda de electr\u00f3nica y computaci\u00f3n","description":"Importadora de Electr\u00f3nica y Computaci\u00f3n","potentialAction":[{"@type":"SearchAction","target":{"@type":"EntryPoint","urlTemplate":"https:\/\/comerciallin.com\/?s={search_term_string}"},"query-input":"required name=search_term_string"}],"inLanguage":"es"},{"@type":"ImageObject","@id":"https:\/\/comerciallin.com\/index.php\/producto\/teclado-p-lapto-aso9d70-3810t\/#primaryimage","inLanguage":"es","url":"https:\/\/i0.wp.com\/comerciallin.com\/wp-content\/uploads\/2023\/08\/405030191002.jpg?fit=%2C&ssl=1","contentUrl":"https:\/\/i0.wp.com\/comerciallin.com\/wp-content\/uploads\/2023\/08\/405030191002.jpg?fit=%2C&ssl=1","caption":"TECLADO P. LAPTO ASO9D70\/3810T"},{"@type":"WebPage","@id":"https:\/\/comerciallin.com\/index.php\/producto\/teclado-p-lapto-aso9d70-3810t\/#webpage","url":"https:\/\/comerciallin.com\/index.php\/producto\/teclado-p-lapto-aso9d70-3810t\/","name":"TECLADO P. LAPTO ASO9D70\/3810T - tienda de electr\u00f3nica y computaci\u00f3n","isPartOf":{"@id":"https:\/\/comerciallin.com\/#website"},"primaryImageOfPage":{"@id":"https:\/\/comerciallin.com\/index.php\/producto\/teclado-p-lapto-aso9d70-3810t\/#primaryimage"},"datePublished":"2023-05-03T22:32:03+00:00","dateModified":"2025-01-14T18:57:56+00:00","breadcrumb":{"@id":"https:\/\/comerciallin.com\/index.php\/producto\/teclado-p-lapto-aso9d70-3810t\/#breadcrumb"},"inLanguage":"es","potentialAction":[{"@type":"ReadAction","target":["https:\/\/comerciallin.com\/index.php\/producto\/teclado-p-lapto-aso9d70-3810t\/"]}]},{"@type":"BreadcrumbList","@id":"https:\/\/comerciallin.com\/index.php\/producto\/teclado-p-lapto-aso9d70-3810t\/#breadcrumb","itemListElement":[{"@type":"ListItem","position":1,"name":"Inicio","item":"https:\/\/comerciallin.com\/"},{"@type":"ListItem","position":2,"name":"Shop","item":"https:\/\/comerciallin.com\/?page_id=3853"},{"@type":"ListItem","position":3,"name":"TECLADO P. LAPTO ASO9D70\/3810T"}]}]},"product_price_amount":"34.50","product_price_currency":"USD","og_availability":"instock","product_availability":"instock","product_retailer_item_id":"405030191002","product_condition":"new"},"jetpack-related-posts":[{"id":23852,"url":"https:\/\/comerciallin.com\/index.php\/producto\/teclado-p-lapto-comp-acer-5830\/","url_meta":{"origin":23848,"position":0},"title":"TECLADO P. LAPTO COMP ACER 5830","date":"3 de mayo de 2023","format":false,"excerpt":"Teclado laptop Acer Aspire 5830 es KB.I170A.172. Acer Aspire 5830,Acer Aspire 5830G, Acer Aspire 5830T, Acer Aspire 5830TG.","rel":"","context":"Entrada similar","img":{"alt_text":"","src":"","width":0,"height":0},"classes":[]},{"id":23850,"url":"https:\/\/comerciallin.com\/index.php\/producto\/teclado-p-lapto-comp-acer-5810\/","url_meta":{"origin":23848,"position":1},"title":"TECLADO P. LAPTO COMP ACER 5810","date":"3 de mayo de 2023","format":false,"excerpt":"Teclado Acer Aspire 5536, Acer Aspire 5536G, Acer Aspire 5541, Acer Aspire 5541G, Acer Aspire 5738, Acer Aspire 5738DG","rel":"","context":"Entrada similar","img":{"alt_text":"","src":"","width":0,"height":0},"classes":[]},{"id":23868,"url":"https:\/\/comerciallin.com\/index.php\/producto\/teclado-p-lapto-comp-hp-dv4-1000\/","url_meta":{"origin":23848,"position":2},"title":"TECLADO P. LAPTO COMP HP DV4-1000","date":"3 de mayo de 2023","format":false,"excerpt":"Teclado laptop HP DV4-1000 es 486901-001","rel":"","context":"Entrada similar","img":{"alt_text":"","src":"","width":0,"height":0},"classes":[]},{"id":23858,"url":"https:\/\/comerciallin.com\/index.php\/producto\/teclado-p-lapto-comp-hp-8440p\/","url_meta":{"origin":23848,"position":3},"title":"TECLADO P. LAPTO COMP HP 8440P","date":"3 de mayo de 2023","format":false,"excerpt":"Teclado laptop HP 8440p es 594052-001, HP EliteBook 8440p, HP EliteBook 8440w","rel":"","context":"Entrada similar","img":{"alt_text":"","src":"","width":0,"height":0},"classes":[]},{"id":23870,"url":"https:\/\/comerciallin.com\/index.php\/producto\/teclado-p-lapto-comp-hp-dv6-6000\/","url_meta":{"origin":23848,"position":4},"title":"TECLADO P. LAPTO COMP HP DV6-6000","date":"3 de mayo de 2023","format":false,"excerpt":"Teclado laptop HP DV6-6000, 640436-001, DV6-6090, DV6-6100, DV6-6190","rel":"","context":"Entrada similar","img":{"alt_text":"","src":"","width":0,"height":0},"classes":[]},{"id":23860,"url":"https:\/\/comerciallin.com\/index.php\/producto\/teclado-p-lapto-comp-hp-cq40\/","url_meta":{"origin":23848,"position":5},"title":"TECLADO P. LAPTO COMP HP CQ40","date":"3 de mayo de 2023","format":false,"excerpt":"Teclado laptop HP CQ40 es 496771-001, HP Compaq CQ40, HP Compaq CQ45, HP Compaq CQ41","rel":"","context":"Entrada similar","img":{"alt_text":"","src":"","width":0,"height":0},"classes":[]}],"jetpack_sharing_enabled":true,"jetpack_likes_enabled":true,"_links":{"self":[{"href":"https:\/\/comerciallin.com\/index.php\/wp-json\/wp\/v2\/product\/23848"}],"collection":[{"href":"https:\/\/comerciallin.com\/index.php\/wp-json\/wp\/v2\/product"}],"about":[{"href":"https:\/\/comerciallin.com\/index.php\/wp-json\/wp\/v2\/types\/product"}],"replies":[{"embeddable":true,"href":"https:\/\/comerciallin.com\/index.php\/wp-json\/wp\/v2\/comments?post=23848"}],"wp:featuredmedia":[{"embeddable":true,"href":"https:\/\/comerciallin.com\/index.php\/wp-json\/wp\/v2\/media\/25169"}],"wp:attachment":[{"href":"https:\/\/comerciallin.com\/index.php\/wp-json\/wp\/v2\/media?parent=23848"}],"wp:term":[{"taxonomy":"product_cat","embeddable":true,"href":"https:\/\/comerciallin.com\/index.php\/wp-json\/wp\/v2\/product_cat?post=23848"},{"taxonomy":"product_tag","embeddable":true,"href":"https:\/\/comerciallin.com\/index.php\/wp-json\/wp\/v2\/product_tag?post=23848"}],"curies":[{"name":"wp","href":"https:\/\/api.w.org\/{rel}","templated":true}]}}