{"id":23778,"date":"2023-05-03T13:44:10","date_gmt":"2023-05-03T18:44:10","guid":{"rendered":"https:\/\/comerciallin.com\/index.php\/producto\/microfono-corbata-fina-plug-3-5-mono\/"},"modified":"2025-01-14T13:56:55","modified_gmt":"2025-01-14T18:56:55","slug":"microfono-corbata-fina-plug-3-5-mono","status":"publish","type":"product","link":"https:\/\/comerciallin.com\/index.php\/producto\/microfono-corbata-fina-plug-3-5-mono\/","title":{"rendered":"MICROFONO CORBATA FINA PLUG 3.5 MONO"},"content":{"rendered":"","protected":false},"excerpt":{"rendered":"","protected":false},"featured_media":25037,"comment_status":"open","ping_status":"closed","template":"","meta":{"spay_email":""},"product_cat":[848],"product_tag":[],"supplier_id":null,"supplier_sku":"","barcode":null,"atum_controlled":true,"out_stock_date":null,"out_stock_threshold":null,"inheritable":false,"inbound_stock":null,"stock_on_hold":0,"sold_today":0,"sales_last_days":0,"reserved_stock":null,"customer_returns":null,"warehouse_damage":null,"lost_in_post":null,"other_logs":null,"out_stock_days":0,"lost_sales":0,"has_location":null,"update_date":"2026-04-28T00:11:12","atum_locations":[],"atum_stock_status":"instock","restock_status":false,"low_stock_amount":"","sales_update_date":"2026-04-28T00:11:12","calc_backorders":null,"acf":[],"yoast_head":"<!-- This site is optimized with the Yoast SEO Premium plugin v17.4 (Yoast SEO v17.4) - https:\/\/yoast.com\/wordpress\/plugins\/seo\/ -->\n<title>MICROFONO CORBATA FINA PLUG 3.5 MONO - tienda de electr\u00f3nica y computaci\u00f3n<\/title>\n<meta name=\"robots\" content=\"index, follow, max-snippet:-1, max-image-preview:large, max-video-preview:-1\" \/>\n<link rel=\"canonical\" href=\"https:\/\/comerciallin.com\/index.php\/producto\/microfono-corbata-fina-plug-3-5-mono\/\" \/>\n<meta property=\"og:locale\" content=\"es_ES\" \/>\n<meta property=\"og:type\" content=\"article\" \/>\n<meta property=\"og:title\" content=\"MICROFONO CORBATA FINA PLUG 3.5 MONO\" \/>\n<meta property=\"og:url\" content=\"https:\/\/comerciallin.com\/index.php\/producto\/microfono-corbata-fina-plug-3-5-mono\/\" \/>\n<meta property=\"og:site_name\" content=\"tienda de electr\u00f3nica y computaci\u00f3n\" \/>\n<meta property=\"article:modified_time\" content=\"2025-01-14T18:56:55+00:00\" \/>\n<meta name=\"twitter:card\" content=\"summary_large_image\" \/>\n<meta name=\"twitter:image\" content=\"https:\/\/i0.wp.com\/comerciallin.com\/wp-content\/uploads\/2023\/08\/146060190301.jpg?fit=%2C&amp;ssl=1\" \/>\n<meta name=\"twitter:label1\" content=\"Precio\" \/>\n\t<meta name=\"twitter:data1\" content=\"&#36;3,45\" \/>\n\t<meta name=\"twitter:label2\" content=\"Availability\" \/>\n\t<meta name=\"twitter:data2\" content=\"In stock\" \/>\n<script type=\"application\/ld+json\" class=\"yoast-schema-graph\">{\"@context\":\"https:\/\/schema.org\",\"@graph\":[{\"@type\":\"WebSite\",\"@id\":\"https:\/\/comerciallin.com\/#website\",\"url\":\"https:\/\/comerciallin.com\/\",\"name\":\"tienda de electr\\u00f3nica y computaci\\u00f3n\",\"description\":\"Importadora de Electr\\u00f3nica y Computaci\\u00f3n\",\"potentialAction\":[{\"@type\":\"SearchAction\",\"target\":{\"@type\":\"EntryPoint\",\"urlTemplate\":\"https:\/\/comerciallin.com\/?s={search_term_string}\"},\"query-input\":\"required name=search_term_string\"}],\"inLanguage\":\"es\"},{\"@type\":\"ImageObject\",\"@id\":\"https:\/\/comerciallin.com\/index.php\/producto\/microfono-corbata-fina-plug-3-5-mono\/#primaryimage\",\"inLanguage\":\"es\",\"url\":\"https:\/\/i0.wp.com\/comerciallin.com\/wp-content\/uploads\/2023\/08\/146060190301.jpg?fit=%2C&ssl=1\",\"contentUrl\":\"https:\/\/i0.wp.com\/comerciallin.com\/wp-content\/uploads\/2023\/08\/146060190301.jpg?fit=%2C&ssl=1\",\"caption\":\"MICROFONO CORBATA FINA PLUG 3.5 MONO\"},{\"@type\":\"WebPage\",\"@id\":\"https:\/\/comerciallin.com\/index.php\/producto\/microfono-corbata-fina-plug-3-5-mono\/#webpage\",\"url\":\"https:\/\/comerciallin.com\/index.php\/producto\/microfono-corbata-fina-plug-3-5-mono\/\",\"name\":\"MICROFONO CORBATA FINA PLUG 3.5 MONO - tienda de electr\\u00f3nica y computaci\\u00f3n\",\"isPartOf\":{\"@id\":\"https:\/\/comerciallin.com\/#website\"},\"primaryImageOfPage\":{\"@id\":\"https:\/\/comerciallin.com\/index.php\/producto\/microfono-corbata-fina-plug-3-5-mono\/#primaryimage\"},\"datePublished\":\"2023-05-03T18:44:10+00:00\",\"dateModified\":\"2025-01-14T18:56:55+00:00\",\"breadcrumb\":{\"@id\":\"https:\/\/comerciallin.com\/index.php\/producto\/microfono-corbata-fina-plug-3-5-mono\/#breadcrumb\"},\"inLanguage\":\"es\",\"potentialAction\":[{\"@type\":\"ReadAction\",\"target\":[\"https:\/\/comerciallin.com\/index.php\/producto\/microfono-corbata-fina-plug-3-5-mono\/\"]}]},{\"@type\":\"BreadcrumbList\",\"@id\":\"https:\/\/comerciallin.com\/index.php\/producto\/microfono-corbata-fina-plug-3-5-mono\/#breadcrumb\",\"itemListElement\":[{\"@type\":\"ListItem\",\"position\":1,\"name\":\"Inicio\",\"item\":\"https:\/\/comerciallin.com\/\"},{\"@type\":\"ListItem\",\"position\":2,\"name\":\"Shop\",\"item\":\"https:\/\/comerciallin.com\/?page_id=3853\"},{\"@type\":\"ListItem\",\"position\":3,\"name\":\"MICROFONO CORBATA FINA PLUG 3.5 MONO\"}]}]}<\/script>\n<meta property=\"product:price:amount\" content=\"3.45\" \/>\n<meta property=\"product:price:currency\" content=\"USD\" \/>\n<meta property=\"og:availability\" content=\"instock\" \/>\n<meta property=\"product:availability\" content=\"instock\" \/>\n<meta property=\"product:retailer_item_id\" content=\"146060190301\" \/>\n<meta property=\"product:condition\" content=\"new\" \/>\n<!-- \/ Yoast SEO Premium plugin. -->","yoast_head_json":{"title":"MICROFONO CORBATA FINA PLUG 3.5 MONO - tienda de electr\u00f3nica y computaci\u00f3n","robots":{"index":"index","follow":"follow","max-snippet":"max-snippet:-1","max-image-preview":"max-image-preview:large","max-video-preview":"max-video-preview:-1"},"canonical":"https:\/\/comerciallin.com\/index.php\/producto\/microfono-corbata-fina-plug-3-5-mono\/","og_locale":"es_ES","og_type":"article","og_title":"MICROFONO CORBATA FINA PLUG 3.5 MONO","og_url":"https:\/\/comerciallin.com\/index.php\/producto\/microfono-corbata-fina-plug-3-5-mono\/","og_site_name":"tienda de electr\u00f3nica y computaci\u00f3n","article_modified_time":"2025-01-14T18:56:55+00:00","twitter_card":"summary_large_image","twitter_image":"https:\/\/i0.wp.com\/comerciallin.com\/wp-content\/uploads\/2023\/08\/146060190301.jpg?fit=%2C&ssl=1","twitter_misc":{"Precio":"&#36;3,45","Availability":"In stock"},"schema":{"@context":"https:\/\/schema.org","@graph":[{"@type":"WebSite","@id":"https:\/\/comerciallin.com\/#website","url":"https:\/\/comerciallin.com\/","name":"tienda de electr\u00f3nica y computaci\u00f3n","description":"Importadora de Electr\u00f3nica y Computaci\u00f3n","potentialAction":[{"@type":"SearchAction","target":{"@type":"EntryPoint","urlTemplate":"https:\/\/comerciallin.com\/?s={search_term_string}"},"query-input":"required name=search_term_string"}],"inLanguage":"es"},{"@type":"ImageObject","@id":"https:\/\/comerciallin.com\/index.php\/producto\/microfono-corbata-fina-plug-3-5-mono\/#primaryimage","inLanguage":"es","url":"https:\/\/i0.wp.com\/comerciallin.com\/wp-content\/uploads\/2023\/08\/146060190301.jpg?fit=%2C&ssl=1","contentUrl":"https:\/\/i0.wp.com\/comerciallin.com\/wp-content\/uploads\/2023\/08\/146060190301.jpg?fit=%2C&ssl=1","caption":"MICROFONO CORBATA FINA PLUG 3.5 MONO"},{"@type":"WebPage","@id":"https:\/\/comerciallin.com\/index.php\/producto\/microfono-corbata-fina-plug-3-5-mono\/#webpage","url":"https:\/\/comerciallin.com\/index.php\/producto\/microfono-corbata-fina-plug-3-5-mono\/","name":"MICROFONO CORBATA FINA PLUG 3.5 MONO - tienda de electr\u00f3nica y computaci\u00f3n","isPartOf":{"@id":"https:\/\/comerciallin.com\/#website"},"primaryImageOfPage":{"@id":"https:\/\/comerciallin.com\/index.php\/producto\/microfono-corbata-fina-plug-3-5-mono\/#primaryimage"},"datePublished":"2023-05-03T18:44:10+00:00","dateModified":"2025-01-14T18:56:55+00:00","breadcrumb":{"@id":"https:\/\/comerciallin.com\/index.php\/producto\/microfono-corbata-fina-plug-3-5-mono\/#breadcrumb"},"inLanguage":"es","potentialAction":[{"@type":"ReadAction","target":["https:\/\/comerciallin.com\/index.php\/producto\/microfono-corbata-fina-plug-3-5-mono\/"]}]},{"@type":"BreadcrumbList","@id":"https:\/\/comerciallin.com\/index.php\/producto\/microfono-corbata-fina-plug-3-5-mono\/#breadcrumb","itemListElement":[{"@type":"ListItem","position":1,"name":"Inicio","item":"https:\/\/comerciallin.com\/"},{"@type":"ListItem","position":2,"name":"Shop","item":"https:\/\/comerciallin.com\/?page_id=3853"},{"@type":"ListItem","position":3,"name":"MICROFONO CORBATA FINA PLUG 3.5 MONO"}]}]},"product_price_amount":"3.45","product_price_currency":"USD","og_availability":"instock","product_availability":"instock","product_retailer_item_id":"146060190301","product_condition":"new"},"jetpack-related-posts":[{"id":23780,"url":"https:\/\/comerciallin.com\/index.php\/producto\/microfono-corbata-fina-plug-trrs-cell-2\/","url_meta":{"origin":23778,"position":0},"title":"MICROFONO CORBATA FINA PLUG TRRS CELL","date":"3 de mayo de 2023","format":false,"excerpt":"","rel":"","context":"Entrada similar","img":{"alt_text":"","src":"","width":0,"height":0},"classes":[]},{"id":19718,"url":"https:\/\/comerciallin.com\/index.php\/producto\/microfono-corbata-fina-plug-trrs-cell\/","url_meta":{"origin":23778,"position":1},"title":"MICROFONO CORBATA FINA PLUG TRRS CELL","date":"8 de noviembre de 2022","format":false,"excerpt":"Micr\u00f3fono con cable USB Lavailer JH-044","rel":"","context":"Entrada similar","img":{"alt_text":"","src":"","width":0,"height":0},"classes":[]},{"id":19711,"url":"https:\/\/comerciallin.com\/index.php\/producto\/microfono-corbata-usb-jh-044\/","url_meta":{"origin":23778,"position":2},"title":"MICROFONO CORBATA USB JH-044","date":"8 de noviembre de 2022","format":false,"excerpt":"Micr\u00f3fono con cable USB Lavailer JH-044","rel":"","context":"Entrada similar","img":{"alt_text":"","src":"","width":0,"height":0},"classes":[]},{"id":19705,"url":"https:\/\/comerciallin.com\/index.php\/producto\/microfono-usb-c-base-usb-4\/","url_meta":{"origin":23778,"position":3},"title":"MICROFONO USB C\/BASE USB-4","date":"8 de noviembre de 2022","format":false,"excerpt":"Micr\u00f3fono de escritorio USB Plug & Play PC Micr\u00f3fono de computadora para juegos de computadora Grabaci\u00f3n Charla Canto Reuni\u00f3n","rel":"","context":"Entrada similar","img":{"alt_text":"","src":"","width":0,"height":0},"classes":[]},{"id":22617,"url":"https:\/\/comerciallin.com\/index.php\/producto\/plug-adp-jack-rca-x-plug-6-3-mn-metal-mono\/","url_meta":{"origin":23778,"position":4},"title":"PLUG ADP. JACK RCA X PLUG 6.3 MN METAL MONO","date":"24 de abril de 2023","format":false,"excerpt":"","rel":"","context":"Entrada similar","img":{"alt_text":"","src":"","width":0,"height":0},"classes":[]},{"id":22412,"url":"https:\/\/comerciallin.com\/index.php\/producto\/plug-adap-3-5-st-1jck-6-35-sl3251-new\/","url_meta":{"origin":23778,"position":5},"title":"PLUG ADAP 3.5 ST \/ 1JCK 6.35 SL3251 NEW","date":"19 de abril de 2023","format":false,"excerpt":"","rel":"","context":"Entrada similar","img":{"alt_text":"","src":"","width":0,"height":0},"classes":[]}],"jetpack_sharing_enabled":true,"jetpack_likes_enabled":true,"_links":{"self":[{"href":"https:\/\/comerciallin.com\/index.php\/wp-json\/wp\/v2\/product\/23778"}],"collection":[{"href":"https:\/\/comerciallin.com\/index.php\/wp-json\/wp\/v2\/product"}],"about":[{"href":"https:\/\/comerciallin.com\/index.php\/wp-json\/wp\/v2\/types\/product"}],"replies":[{"embeddable":true,"href":"https:\/\/comerciallin.com\/index.php\/wp-json\/wp\/v2\/comments?post=23778"}],"wp:featuredmedia":[{"embeddable":true,"href":"https:\/\/comerciallin.com\/index.php\/wp-json\/wp\/v2\/media\/25037"}],"wp:attachment":[{"href":"https:\/\/comerciallin.com\/index.php\/wp-json\/wp\/v2\/media?parent=23778"}],"wp:term":[{"taxonomy":"product_cat","embeddable":true,"href":"https:\/\/comerciallin.com\/index.php\/wp-json\/wp\/v2\/product_cat?post=23778"},{"taxonomy":"product_tag","embeddable":true,"href":"https:\/\/comerciallin.com\/index.php\/wp-json\/wp\/v2\/product_tag?post=23778"}],"curies":[{"name":"wp","href":"https:\/\/api.w.org\/{rel}","templated":true}]}}