{"id":23757,"date":"2023-05-03T13:44:06","date_gmt":"2023-05-03T18:44:06","guid":{"rendered":"https:\/\/comerciallin.com\/index.php\/producto\/lupa-de-clip-auxiliar-led-ac-dc-intercambie\/"},"modified":"2025-01-14T13:56:32","modified_gmt":"2025-01-14T18:56:32","slug":"lupa-de-clip-auxiliar-led-ac-dc-intercambie","status":"publish","type":"product","link":"https:\/\/comerciallin.com\/index.php\/producto\/lupa-de-clip-auxiliar-led-ac-dc-intercambie\/","title":{"rendered":"LUPA DE CLIP AUXILIAR LED AC \/ DC INTERCAMBIE"},"content":{"rendered":"","protected":false},"excerpt":{"rendered":"","protected":false},"featured_media":24994,"comment_status":"open","ping_status":"closed","template":"","meta":{"spay_email":""},"product_cat":[775],"product_tag":[],"supplier_id":null,"supplier_sku":"","barcode":null,"atum_controlled":true,"out_stock_date":null,"out_stock_threshold":null,"inheritable":false,"inbound_stock":null,"stock_on_hold":0,"sold_today":0,"sales_last_days":0,"reserved_stock":null,"customer_returns":null,"warehouse_damage":null,"lost_in_post":null,"other_logs":null,"out_stock_days":0,"lost_sales":0,"has_location":null,"update_date":"2026-04-27T00:09:45","atum_locations":[],"atum_stock_status":"instock","restock_status":false,"low_stock_amount":"","sales_update_date":"2026-04-27T00:09:45","calc_backorders":null,"acf":[],"yoast_head":"<!-- This site is optimized with the Yoast SEO Premium plugin v17.4 (Yoast SEO v17.4) - https:\/\/yoast.com\/wordpress\/plugins\/seo\/ -->\n<title>LUPA DE CLIP AUXILIAR LED AC \/ DC INTERCAMBIE - tienda de electr\u00f3nica y computaci\u00f3n<\/title>\n<meta name=\"robots\" content=\"index, follow, max-snippet:-1, max-image-preview:large, max-video-preview:-1\" \/>\n<link rel=\"canonical\" href=\"https:\/\/comerciallin.com\/index.php\/producto\/lupa-de-clip-auxiliar-led-ac-dc-intercambie\/\" \/>\n<meta property=\"og:locale\" content=\"es_ES\" \/>\n<meta property=\"og:type\" content=\"article\" \/>\n<meta property=\"og:title\" content=\"LUPA DE CLIP AUXILIAR LED AC \/ DC INTERCAMBIE\" \/>\n<meta property=\"og:url\" content=\"https:\/\/comerciallin.com\/index.php\/producto\/lupa-de-clip-auxiliar-led-ac-dc-intercambie\/\" \/>\n<meta property=\"og:site_name\" content=\"tienda de electr\u00f3nica y computaci\u00f3n\" \/>\n<meta property=\"article:modified_time\" content=\"2025-01-14T18:56:32+00:00\" \/>\n<meta name=\"twitter:card\" content=\"summary_large_image\" \/>\n<meta name=\"twitter:image\" content=\"https:\/\/i0.wp.com\/comerciallin.com\/wp-content\/uploads\/2023\/08\/722140110701.jpg?fit=%2C&amp;ssl=1\" \/>\n<meta name=\"twitter:label1\" content=\"Precio\" \/>\n\t<meta name=\"twitter:data1\" content=\"&#36;20,70\" \/>\n\t<meta name=\"twitter:label2\" content=\"Availability\" \/>\n\t<meta name=\"twitter:data2\" content=\"In stock\" \/>\n<script type=\"application\/ld+json\" class=\"yoast-schema-graph\">{\"@context\":\"https:\/\/schema.org\",\"@graph\":[{\"@type\":\"WebSite\",\"@id\":\"https:\/\/comerciallin.com\/#website\",\"url\":\"https:\/\/comerciallin.com\/\",\"name\":\"tienda de electr\\u00f3nica y computaci\\u00f3n\",\"description\":\"Importadora de Electr\\u00f3nica y Computaci\\u00f3n\",\"potentialAction\":[{\"@type\":\"SearchAction\",\"target\":{\"@type\":\"EntryPoint\",\"urlTemplate\":\"https:\/\/comerciallin.com\/?s={search_term_string}\"},\"query-input\":\"required name=search_term_string\"}],\"inLanguage\":\"es\"},{\"@type\":\"ImageObject\",\"@id\":\"https:\/\/comerciallin.com\/index.php\/producto\/lupa-de-clip-auxiliar-led-ac-dc-intercambie\/#primaryimage\",\"inLanguage\":\"es\",\"url\":\"https:\/\/i0.wp.com\/comerciallin.com\/wp-content\/uploads\/2023\/08\/722140110701.jpg?fit=%2C&ssl=1\",\"contentUrl\":\"https:\/\/i0.wp.com\/comerciallin.com\/wp-content\/uploads\/2023\/08\/722140110701.jpg?fit=%2C&ssl=1\",\"caption\":\"LUPA DE CLIP AUXILIAR LED AC \/ DC INTERCAMBIE\"},{\"@type\":\"WebPage\",\"@id\":\"https:\/\/comerciallin.com\/index.php\/producto\/lupa-de-clip-auxiliar-led-ac-dc-intercambie\/#webpage\",\"url\":\"https:\/\/comerciallin.com\/index.php\/producto\/lupa-de-clip-auxiliar-led-ac-dc-intercambie\/\",\"name\":\"LUPA DE CLIP AUXILIAR LED AC \/ DC INTERCAMBIE - tienda de electr\\u00f3nica y computaci\\u00f3n\",\"isPartOf\":{\"@id\":\"https:\/\/comerciallin.com\/#website\"},\"primaryImageOfPage\":{\"@id\":\"https:\/\/comerciallin.com\/index.php\/producto\/lupa-de-clip-auxiliar-led-ac-dc-intercambie\/#primaryimage\"},\"datePublished\":\"2023-05-03T18:44:06+00:00\",\"dateModified\":\"2025-01-14T18:56:32+00:00\",\"breadcrumb\":{\"@id\":\"https:\/\/comerciallin.com\/index.php\/producto\/lupa-de-clip-auxiliar-led-ac-dc-intercambie\/#breadcrumb\"},\"inLanguage\":\"es\",\"potentialAction\":[{\"@type\":\"ReadAction\",\"target\":[\"https:\/\/comerciallin.com\/index.php\/producto\/lupa-de-clip-auxiliar-led-ac-dc-intercambie\/\"]}]},{\"@type\":\"BreadcrumbList\",\"@id\":\"https:\/\/comerciallin.com\/index.php\/producto\/lupa-de-clip-auxiliar-led-ac-dc-intercambie\/#breadcrumb\",\"itemListElement\":[{\"@type\":\"ListItem\",\"position\":1,\"name\":\"Inicio\",\"item\":\"https:\/\/comerciallin.com\/\"},{\"@type\":\"ListItem\",\"position\":2,\"name\":\"Shop\",\"item\":\"https:\/\/comerciallin.com\/?page_id=3853\"},{\"@type\":\"ListItem\",\"position\":3,\"name\":\"LUPA DE CLIP AUXILIAR LED AC \/ DC INTERCAMBIE\"}]}]}<\/script>\n<meta property=\"product:price:amount\" content=\"20.70\" \/>\n<meta property=\"product:price:currency\" content=\"USD\" \/>\n<meta property=\"og:availability\" content=\"instock\" \/>\n<meta property=\"product:availability\" content=\"instock\" \/>\n<meta property=\"product:retailer_item_id\" content=\"722140110701\" \/>\n<meta property=\"product:condition\" content=\"new\" \/>\n<!-- \/ Yoast SEO Premium plugin. -->","yoast_head_json":{"title":"LUPA DE CLIP AUXILIAR LED AC \/ DC INTERCAMBIE - tienda de electr\u00f3nica y computaci\u00f3n","robots":{"index":"index","follow":"follow","max-snippet":"max-snippet:-1","max-image-preview":"max-image-preview:large","max-video-preview":"max-video-preview:-1"},"canonical":"https:\/\/comerciallin.com\/index.php\/producto\/lupa-de-clip-auxiliar-led-ac-dc-intercambie\/","og_locale":"es_ES","og_type":"article","og_title":"LUPA DE CLIP AUXILIAR LED AC \/ DC INTERCAMBIE","og_url":"https:\/\/comerciallin.com\/index.php\/producto\/lupa-de-clip-auxiliar-led-ac-dc-intercambie\/","og_site_name":"tienda de electr\u00f3nica y computaci\u00f3n","article_modified_time":"2025-01-14T18:56:32+00:00","twitter_card":"summary_large_image","twitter_image":"https:\/\/i0.wp.com\/comerciallin.com\/wp-content\/uploads\/2023\/08\/722140110701.jpg?fit=%2C&ssl=1","twitter_misc":{"Precio":"&#36;20,70","Availability":"In stock"},"schema":{"@context":"https:\/\/schema.org","@graph":[{"@type":"WebSite","@id":"https:\/\/comerciallin.com\/#website","url":"https:\/\/comerciallin.com\/","name":"tienda de electr\u00f3nica y computaci\u00f3n","description":"Importadora de Electr\u00f3nica y Computaci\u00f3n","potentialAction":[{"@type":"SearchAction","target":{"@type":"EntryPoint","urlTemplate":"https:\/\/comerciallin.com\/?s={search_term_string}"},"query-input":"required name=search_term_string"}],"inLanguage":"es"},{"@type":"ImageObject","@id":"https:\/\/comerciallin.com\/index.php\/producto\/lupa-de-clip-auxiliar-led-ac-dc-intercambie\/#primaryimage","inLanguage":"es","url":"https:\/\/i0.wp.com\/comerciallin.com\/wp-content\/uploads\/2023\/08\/722140110701.jpg?fit=%2C&ssl=1","contentUrl":"https:\/\/i0.wp.com\/comerciallin.com\/wp-content\/uploads\/2023\/08\/722140110701.jpg?fit=%2C&ssl=1","caption":"LUPA DE CLIP AUXILIAR LED AC \/ DC INTERCAMBIE"},{"@type":"WebPage","@id":"https:\/\/comerciallin.com\/index.php\/producto\/lupa-de-clip-auxiliar-led-ac-dc-intercambie\/#webpage","url":"https:\/\/comerciallin.com\/index.php\/producto\/lupa-de-clip-auxiliar-led-ac-dc-intercambie\/","name":"LUPA DE CLIP AUXILIAR LED AC \/ DC INTERCAMBIE - tienda de electr\u00f3nica y computaci\u00f3n","isPartOf":{"@id":"https:\/\/comerciallin.com\/#website"},"primaryImageOfPage":{"@id":"https:\/\/comerciallin.com\/index.php\/producto\/lupa-de-clip-auxiliar-led-ac-dc-intercambie\/#primaryimage"},"datePublished":"2023-05-03T18:44:06+00:00","dateModified":"2025-01-14T18:56:32+00:00","breadcrumb":{"@id":"https:\/\/comerciallin.com\/index.php\/producto\/lupa-de-clip-auxiliar-led-ac-dc-intercambie\/#breadcrumb"},"inLanguage":"es","potentialAction":[{"@type":"ReadAction","target":["https:\/\/comerciallin.com\/index.php\/producto\/lupa-de-clip-auxiliar-led-ac-dc-intercambie\/"]}]},{"@type":"BreadcrumbList","@id":"https:\/\/comerciallin.com\/index.php\/producto\/lupa-de-clip-auxiliar-led-ac-dc-intercambie\/#breadcrumb","itemListElement":[{"@type":"ListItem","position":1,"name":"Inicio","item":"https:\/\/comerciallin.com\/"},{"@type":"ListItem","position":2,"name":"Shop","item":"https:\/\/comerciallin.com\/?page_id=3853"},{"@type":"ListItem","position":3,"name":"LUPA DE CLIP AUXILIAR LED AC \/ DC INTERCAMBIE"}]}]},"product_price_amount":"20.70","product_price_currency":"USD","og_availability":"instock","product_availability":"instock","product_retailer_item_id":"722140110701","product_condition":"new"},"jetpack-related-posts":[{"id":23133,"url":"https:\/\/comerciallin.com\/index.php\/producto\/m-fuente-p-juego-ac-110v-dc-5v-cl-9assr-01\/","url_meta":{"origin":23757,"position":0},"title":"M-FUENTE P.JUEGO AC 110V-DC 5V CHILONG","date":"25 de abril de 2023","format":false,"excerpt":"","rel":"","context":"Entrada similar","img":{"alt_text":"","src":"","width":0,"height":0},"classes":[]},{"id":23229,"url":"https:\/\/comerciallin.com\/index.php\/producto\/m-fuente-p-juego-ac-110v-dc-5v-c-blanco\/","url_meta":{"origin":23757,"position":1},"title":"M-FUENTE P.JUEGO AC 110V-DC 5V C\/BLANCO","date":"26 de abril de 2023","format":false,"excerpt":"","rel":"","context":"Entrada similar","img":{"alt_text":"","src":"","width":0,"height":0},"classes":[]},{"id":19736,"url":"https:\/\/comerciallin.com\/index.php\/producto\/cargador-monitor-12v-7a\/","url_meta":{"origin":23757,"position":2},"title":"CARGADOR MONITOR 12V 7A","date":"8 de noviembre de 2022","format":false,"excerpt":"12V 7A AC DC Adaptador Cargador 5.5 * 2.1 O 2.5mm 12V7A 84W LCD monitor LED Tiras De Luz Interruptor De Fuente De Alimentaci\u00f3n","rel":"","context":"Entrada similar","img":{"alt_text":"","src":"https:\/\/i0.wp.com\/comerciallin.com\/wp-content\/uploads\/imgcomerciallin\/servicio_tecnico.png?resize=350%2C200","width":350,"height":200},"classes":[]},{"id":19689,"url":"https:\/\/comerciallin.com\/index.php\/producto\/pantalla-lapto-15-6-led-slim-40pin\/","url_meta":{"origin":23757,"position":3},"title":"PANTALLA LAPTO 15.6&#8243; LED SLIM 40PIN","date":"7 de noviembre de 2022","format":false,"excerpt":"Tama\u00f1o de la pantalla LCD para port\u00e1til: 15,6 pulgadas, delgada Resoluci\u00f3n de la pantalla LCD para port\u00e1til: HD (1366 x 768) Tipo de pantalla LCD para port\u00e1til: LED LCD Conector de pantalla LCD para port\u00e1til: 40 pines (parte inferior derecha) Producto nuevo. Compatibilidad garantizada.","rel":"","context":"Entrada similar","img":{"alt_text":"PANTALLA LAPTO 15.6\" LED SLIM 40PIN","src":"https:\/\/i0.wp.com\/comerciallin.com\/wp-content\/uploads\/2023\/02\/122030190501.jpg?fit=992%2C744&ssl=1&resize=350%2C200","width":350,"height":200},"classes":[]},{"id":22513,"url":"https:\/\/comerciallin.com\/index.php\/producto\/teclado-p-lapto-comp-hp-15-ac-15-db\/","url_meta":{"origin":23757,"position":4},"title":"TECLADO P. LAPTO COMP HP 15-AC 15-DB","date":"19 de abril de 2023","format":false,"excerpt":"El teclado HP 15-AC 15-AY 15-AF 250 G4 es un teclado de repuesto compatible con los modelos de port\u00e1tiles HP 15-AC, 15-AY, 15-AF y 250 G4. Es de color negro y tiene un dise\u00f1o est\u00e1ndar con todas las teclas y funciones necesarias para escribir c\u00f3modamente.","rel":"","context":"Entrada similar","img":{"alt_text":"TECLADO P. LAPTO COMP HP 15-AC 15-DB","src":"https:\/\/i0.wp.com\/comerciallin.com\/wp-content\/uploads\/2023\/11\/577030130203.jpg?fit=1200%2C1200&ssl=1&resize=350%2C200","width":350,"height":200},"classes":[]},{"id":23701,"url":"https:\/\/comerciallin.com\/index.php\/producto\/clip-p-celular-ajustable-grande\/","url_meta":{"origin":23757,"position":5},"title":"CLIP P. CELULAR AJUSTABLE GRANDE","date":"3 de mayo de 2023","format":false,"excerpt":"","rel":"","context":"Entrada similar","img":{"alt_text":"","src":"","width":0,"height":0},"classes":[]}],"jetpack_sharing_enabled":true,"jetpack_likes_enabled":true,"_links":{"self":[{"href":"https:\/\/comerciallin.com\/index.php\/wp-json\/wp\/v2\/product\/23757"}],"collection":[{"href":"https:\/\/comerciallin.com\/index.php\/wp-json\/wp\/v2\/product"}],"about":[{"href":"https:\/\/comerciallin.com\/index.php\/wp-json\/wp\/v2\/types\/product"}],"replies":[{"embeddable":true,"href":"https:\/\/comerciallin.com\/index.php\/wp-json\/wp\/v2\/comments?post=23757"}],"wp:featuredmedia":[{"embeddable":true,"href":"https:\/\/comerciallin.com\/index.php\/wp-json\/wp\/v2\/media\/24994"}],"wp:attachment":[{"href":"https:\/\/comerciallin.com\/index.php\/wp-json\/wp\/v2\/media?parent=23757"}],"wp:term":[{"taxonomy":"product_cat","embeddable":true,"href":"https:\/\/comerciallin.com\/index.php\/wp-json\/wp\/v2\/product_cat?post=23757"},{"taxonomy":"product_tag","embeddable":true,"href":"https:\/\/comerciallin.com\/index.php\/wp-json\/wp\/v2\/product_tag?post=23757"}],"curies":[{"name":"wp","href":"https:\/\/api.w.org\/{rel}","templated":true}]}}