{"id":23753,"date":"2023-05-03T13:44:01","date_gmt":"2023-05-03T18:44:01","guid":{"rendered":"https:\/\/comerciallin.com\/index.php\/producto\/lector-de-memoria-micro-sd-cintura\/"},"modified":"2025-01-14T13:56:28","modified_gmt":"2025-01-14T18:56:28","slug":"lector-de-memoria-micro-sd-cintura","status":"publish","type":"product","link":"https:\/\/comerciallin.com\/index.php\/producto\/lector-de-memoria-micro-sd-cintura\/","title":{"rendered":"LECTOR DE MEMORIA MICRO SD (CINTURA)"},"content":{"rendered":"","protected":false},"excerpt":{"rendered":"","protected":false},"featured_media":24969,"comment_status":"open","ping_status":"closed","template":"","meta":{"spay_email":""},"product_cat":[789],"product_tag":[],"supplier_id":null,"supplier_sku":"","barcode":null,"atum_controlled":true,"out_stock_date":null,"out_stock_threshold":null,"inheritable":false,"inbound_stock":null,"stock_on_hold":0,"sold_today":0,"sales_last_days":0,"reserved_stock":null,"customer_returns":null,"warehouse_damage":null,"lost_in_post":null,"other_logs":null,"out_stock_days":0,"lost_sales":0,"has_location":null,"update_date":"2026-04-16T23:56:24","atum_locations":[],"atum_stock_status":"instock","restock_status":false,"low_stock_amount":"","sales_update_date":"2026-04-16T23:56:24","calc_backorders":null,"acf":[],"yoast_head":"<!-- This site is optimized with the Yoast SEO Premium plugin v17.4 (Yoast SEO v17.4) - https:\/\/yoast.com\/wordpress\/plugins\/seo\/ -->\n<title>LECTOR DE MEMORIA MICRO SD (CINTURA) - tienda de electr\u00f3nica y computaci\u00f3n<\/title>\n<meta name=\"robots\" content=\"index, follow, max-snippet:-1, max-image-preview:large, max-video-preview:-1\" \/>\n<link rel=\"canonical\" href=\"https:\/\/comerciallin.com\/index.php\/producto\/lector-de-memoria-micro-sd-cintura\/\" \/>\n<meta property=\"og:locale\" content=\"es_ES\" \/>\n<meta property=\"og:type\" content=\"article\" \/>\n<meta property=\"og:title\" content=\"LECTOR DE MEMORIA MICRO SD (CINTURA)\" \/>\n<meta property=\"og:url\" content=\"https:\/\/comerciallin.com\/index.php\/producto\/lector-de-memoria-micro-sd-cintura\/\" \/>\n<meta property=\"og:site_name\" content=\"tienda de electr\u00f3nica y computaci\u00f3n\" \/>\n<meta property=\"article:modified_time\" content=\"2025-01-14T18:56:28+00:00\" \/>\n<meta name=\"twitter:card\" content=\"summary_large_image\" \/>\n<meta name=\"twitter:image\" content=\"https:\/\/i0.wp.com\/comerciallin.com\/wp-content\/uploads\/2023\/08\/144030190701.jpg?fit=%2C&amp;ssl=1\" \/>\n<meta name=\"twitter:label1\" content=\"Precio\" \/>\n\t<meta name=\"twitter:data1\" content=\"&#36;2,30\" \/>\n\t<meta name=\"twitter:label2\" content=\"Availability\" \/>\n\t<meta name=\"twitter:data2\" content=\"In stock\" \/>\n<script type=\"application\/ld+json\" class=\"yoast-schema-graph\">{\"@context\":\"https:\/\/schema.org\",\"@graph\":[{\"@type\":\"WebSite\",\"@id\":\"https:\/\/comerciallin.com\/#website\",\"url\":\"https:\/\/comerciallin.com\/\",\"name\":\"tienda de electr\\u00f3nica y computaci\\u00f3n\",\"description\":\"Importadora de Electr\\u00f3nica y Computaci\\u00f3n\",\"potentialAction\":[{\"@type\":\"SearchAction\",\"target\":{\"@type\":\"EntryPoint\",\"urlTemplate\":\"https:\/\/comerciallin.com\/?s={search_term_string}\"},\"query-input\":\"required name=search_term_string\"}],\"inLanguage\":\"es\"},{\"@type\":\"ImageObject\",\"@id\":\"https:\/\/comerciallin.com\/index.php\/producto\/lector-de-memoria-micro-sd-cintura\/#primaryimage\",\"inLanguage\":\"es\",\"url\":\"https:\/\/i0.wp.com\/comerciallin.com\/wp-content\/uploads\/2023\/08\/144030190701.jpg?fit=%2C&ssl=1\",\"contentUrl\":\"https:\/\/i0.wp.com\/comerciallin.com\/wp-content\/uploads\/2023\/08\/144030190701.jpg?fit=%2C&ssl=1\",\"caption\":\"LECTOR DE MEMORIA MICRO SD (CINTURA)\"},{\"@type\":\"WebPage\",\"@id\":\"https:\/\/comerciallin.com\/index.php\/producto\/lector-de-memoria-micro-sd-cintura\/#webpage\",\"url\":\"https:\/\/comerciallin.com\/index.php\/producto\/lector-de-memoria-micro-sd-cintura\/\",\"name\":\"LECTOR DE MEMORIA MICRO SD (CINTURA) - tienda de electr\\u00f3nica y computaci\\u00f3n\",\"isPartOf\":{\"@id\":\"https:\/\/comerciallin.com\/#website\"},\"primaryImageOfPage\":{\"@id\":\"https:\/\/comerciallin.com\/index.php\/producto\/lector-de-memoria-micro-sd-cintura\/#primaryimage\"},\"datePublished\":\"2023-05-03T18:44:01+00:00\",\"dateModified\":\"2025-01-14T18:56:28+00:00\",\"breadcrumb\":{\"@id\":\"https:\/\/comerciallin.com\/index.php\/producto\/lector-de-memoria-micro-sd-cintura\/#breadcrumb\"},\"inLanguage\":\"es\",\"potentialAction\":[{\"@type\":\"ReadAction\",\"target\":[\"https:\/\/comerciallin.com\/index.php\/producto\/lector-de-memoria-micro-sd-cintura\/\"]}]},{\"@type\":\"BreadcrumbList\",\"@id\":\"https:\/\/comerciallin.com\/index.php\/producto\/lector-de-memoria-micro-sd-cintura\/#breadcrumb\",\"itemListElement\":[{\"@type\":\"ListItem\",\"position\":1,\"name\":\"Inicio\",\"item\":\"https:\/\/comerciallin.com\/\"},{\"@type\":\"ListItem\",\"position\":2,\"name\":\"Shop\",\"item\":\"https:\/\/comerciallin.com\/?page_id=3853\"},{\"@type\":\"ListItem\",\"position\":3,\"name\":\"LECTOR DE MEMORIA MICRO SD (CINTURA)\"}]}]}<\/script>\n<meta property=\"product:price:amount\" content=\"2.30\" \/>\n<meta property=\"product:price:currency\" content=\"USD\" \/>\n<meta property=\"og:availability\" content=\"instock\" \/>\n<meta property=\"product:availability\" content=\"instock\" \/>\n<meta property=\"product:retailer_item_id\" content=\"144030190701\" \/>\n<meta property=\"product:condition\" content=\"new\" \/>\n<!-- \/ Yoast SEO Premium plugin. -->","yoast_head_json":{"title":"LECTOR DE MEMORIA MICRO SD (CINTURA) - tienda de electr\u00f3nica y computaci\u00f3n","robots":{"index":"index","follow":"follow","max-snippet":"max-snippet:-1","max-image-preview":"max-image-preview:large","max-video-preview":"max-video-preview:-1"},"canonical":"https:\/\/comerciallin.com\/index.php\/producto\/lector-de-memoria-micro-sd-cintura\/","og_locale":"es_ES","og_type":"article","og_title":"LECTOR DE MEMORIA MICRO SD (CINTURA)","og_url":"https:\/\/comerciallin.com\/index.php\/producto\/lector-de-memoria-micro-sd-cintura\/","og_site_name":"tienda de electr\u00f3nica y computaci\u00f3n","article_modified_time":"2025-01-14T18:56:28+00:00","twitter_card":"summary_large_image","twitter_image":"https:\/\/i0.wp.com\/comerciallin.com\/wp-content\/uploads\/2023\/08\/144030190701.jpg?fit=%2C&ssl=1","twitter_misc":{"Precio":"&#36;2,30","Availability":"In stock"},"schema":{"@context":"https:\/\/schema.org","@graph":[{"@type":"WebSite","@id":"https:\/\/comerciallin.com\/#website","url":"https:\/\/comerciallin.com\/","name":"tienda de electr\u00f3nica y computaci\u00f3n","description":"Importadora de Electr\u00f3nica y Computaci\u00f3n","potentialAction":[{"@type":"SearchAction","target":{"@type":"EntryPoint","urlTemplate":"https:\/\/comerciallin.com\/?s={search_term_string}"},"query-input":"required name=search_term_string"}],"inLanguage":"es"},{"@type":"ImageObject","@id":"https:\/\/comerciallin.com\/index.php\/producto\/lector-de-memoria-micro-sd-cintura\/#primaryimage","inLanguage":"es","url":"https:\/\/i0.wp.com\/comerciallin.com\/wp-content\/uploads\/2023\/08\/144030190701.jpg?fit=%2C&ssl=1","contentUrl":"https:\/\/i0.wp.com\/comerciallin.com\/wp-content\/uploads\/2023\/08\/144030190701.jpg?fit=%2C&ssl=1","caption":"LECTOR DE MEMORIA MICRO SD (CINTURA)"},{"@type":"WebPage","@id":"https:\/\/comerciallin.com\/index.php\/producto\/lector-de-memoria-micro-sd-cintura\/#webpage","url":"https:\/\/comerciallin.com\/index.php\/producto\/lector-de-memoria-micro-sd-cintura\/","name":"LECTOR DE MEMORIA MICRO SD (CINTURA) - tienda de electr\u00f3nica y computaci\u00f3n","isPartOf":{"@id":"https:\/\/comerciallin.com\/#website"},"primaryImageOfPage":{"@id":"https:\/\/comerciallin.com\/index.php\/producto\/lector-de-memoria-micro-sd-cintura\/#primaryimage"},"datePublished":"2023-05-03T18:44:01+00:00","dateModified":"2025-01-14T18:56:28+00:00","breadcrumb":{"@id":"https:\/\/comerciallin.com\/index.php\/producto\/lector-de-memoria-micro-sd-cintura\/#breadcrumb"},"inLanguage":"es","potentialAction":[{"@type":"ReadAction","target":["https:\/\/comerciallin.com\/index.php\/producto\/lector-de-memoria-micro-sd-cintura\/"]}]},{"@type":"BreadcrumbList","@id":"https:\/\/comerciallin.com\/index.php\/producto\/lector-de-memoria-micro-sd-cintura\/#breadcrumb","itemListElement":[{"@type":"ListItem","position":1,"name":"Inicio","item":"https:\/\/comerciallin.com\/"},{"@type":"ListItem","position":2,"name":"Shop","item":"https:\/\/comerciallin.com\/?page_id=3853"},{"@type":"ListItem","position":3,"name":"LECTOR DE MEMORIA MICRO SD (CINTURA)"}]}]},"product_price_amount":"2.30","product_price_currency":"USD","og_availability":"instock","product_availability":"instock","product_retailer_item_id":"144030190701","product_condition":"new"},"jetpack-related-posts":[{"id":22678,"url":"https:\/\/comerciallin.com\/index.php\/producto\/amplificador-ks-9899-plus-1000w-usb-sd-fm\/","url_meta":{"origin":23753,"position":0},"title":"AMPLIFICADOR KS-9899 PLUS 1000W USB\/SD\/FM","date":"24 de abril de 2023","format":false,"excerpt":"","rel":"","context":"Entrada similar","img":{"alt_text":"AMPLIFICADOR KS-9899 PLUS 1000W USB\/SD\/FM","src":"https:\/\/i0.wp.com\/comerciallin.com\/wp-content\/uploads\/2023\/08\/031010121201.jpg?fit=1080%2C1080&ssl=1&resize=350%2C200","width":350,"height":200},"classes":[]},{"id":19558,"url":"https:\/\/comerciallin.com\/index.php\/producto\/case-msi-micro-star-pag-shield-m301\/","url_meta":{"origin":23753,"position":1},"title":"CASE MSI MICRO-STAR PAG SHIELD M301","date":"7 de noviembre de 2022","format":false,"excerpt":"Case MSI Micro-Star PAG SHIELD M301 Modelo: MSI M301 Fuente de poder: Sin Fuente de poder Marca: MSI Material, metal reforzado y resistente","rel":"","context":"Entrada similar","img":{"alt_text":"","src":"","width":0,"height":0},"classes":[]},{"id":23420,"url":"https:\/\/comerciallin.com\/index.php\/producto\/m-micro-switch-s-platina-23-pin\/","url_meta":{"origin":23753,"position":2},"title":"M-MICRO SWITCH S\/PLATINA 2*3 PIN","date":"27 de abril de 2023","format":false,"excerpt":"","rel":"","context":"Entrada similar","img":{"alt_text":"","src":"","width":0,"height":0},"classes":[]},{"id":22461,"url":"https:\/\/comerciallin.com\/index.php\/producto\/m-micro-switch-c-platina-23-pin\/","url_meta":{"origin":23753,"position":3},"title":"M-MICRO SWITCH CHILONG C\/PLATINA 2*3 PIN","date":"19 de abril de 2023","format":false,"excerpt":"","rel":"","context":"Entrada similar","img":{"alt_text":"","src":"","width":0,"height":0},"classes":[]},{"id":25366,"url":"https:\/\/comerciallin.com\/index.php\/producto\/m-boton-colores-c-luces-micro-switch-chilong\/","url_meta":{"origin":23753,"position":4},"title":"M-BOTON COLORES C-LUCES+ MICRO SWITCH CHILONG","date":"31 de agosto de 2023","format":false,"excerpt":"","rel":"","context":"Entrada similar","img":{"alt_text":"","src":"","width":0,"height":0},"classes":[]}],"jetpack_sharing_enabled":true,"jetpack_likes_enabled":true,"_links":{"self":[{"href":"https:\/\/comerciallin.com\/index.php\/wp-json\/wp\/v2\/product\/23753"}],"collection":[{"href":"https:\/\/comerciallin.com\/index.php\/wp-json\/wp\/v2\/product"}],"about":[{"href":"https:\/\/comerciallin.com\/index.php\/wp-json\/wp\/v2\/types\/product"}],"replies":[{"embeddable":true,"href":"https:\/\/comerciallin.com\/index.php\/wp-json\/wp\/v2\/comments?post=23753"}],"wp:featuredmedia":[{"embeddable":true,"href":"https:\/\/comerciallin.com\/index.php\/wp-json\/wp\/v2\/media\/24969"}],"wp:attachment":[{"href":"https:\/\/comerciallin.com\/index.php\/wp-json\/wp\/v2\/media?parent=23753"}],"wp:term":[{"taxonomy":"product_cat","embeddable":true,"href":"https:\/\/comerciallin.com\/index.php\/wp-json\/wp\/v2\/product_cat?post=23753"},{"taxonomy":"product_tag","embeddable":true,"href":"https:\/\/comerciallin.com\/index.php\/wp-json\/wp\/v2\/product_tag?post=23753"}],"curies":[{"name":"wp","href":"https:\/\/api.w.org\/{rel}","templated":true}]}}