{"id":23732,"date":"2023-05-03T13:43:58","date_gmt":"2023-05-03T18:43:58","guid":{"rendered":"https:\/\/comerciallin.com\/index.php\/producto\/driver-para-campana-600w-ks-600w\/"},"modified":"2025-01-14T13:55:56","modified_gmt":"2025-01-14T18:55:56","slug":"driver-para-campana-600w-ks-600w","status":"publish","type":"product","link":"https:\/\/comerciallin.com\/index.php\/producto\/driver-para-campana-600w-ks-600w\/","title":{"rendered":"DRIVER PARA CAMPANA 600W KS-600W"},"content":{"rendered":"","protected":false},"excerpt":{"rendered":"","protected":false},"featured_media":24906,"comment_status":"open","ping_status":"closed","template":"","meta":{"spay_email":""},"product_cat":[753],"product_tag":[],"supplier_id":null,"supplier_sku":"","barcode":null,"atum_controlled":true,"out_stock_date":null,"out_stock_threshold":null,"inheritable":false,"inbound_stock":null,"stock_on_hold":0,"sold_today":0,"sales_last_days":0,"reserved_stock":null,"customer_returns":null,"warehouse_damage":null,"lost_in_post":null,"other_logs":null,"out_stock_days":0,"lost_sales":0,"has_location":null,"update_date":"2026-05-01T00:12:19","atum_locations":[],"atum_stock_status":"instock","restock_status":false,"low_stock_amount":"","sales_update_date":"2026-05-01T00:12:19","calc_backorders":null,"acf":[],"yoast_head":"<!-- This site is optimized with the Yoast SEO Premium plugin v17.4 (Yoast SEO v17.4) - https:\/\/yoast.com\/wordpress\/plugins\/seo\/ -->\n<title>DRIVER PARA CAMPANA 600W KS-600W - tienda de electr\u00f3nica y computaci\u00f3n<\/title>\n<meta name=\"robots\" content=\"index, follow, max-snippet:-1, max-image-preview:large, max-video-preview:-1\" \/>\n<link rel=\"canonical\" href=\"https:\/\/comerciallin.com\/index.php\/producto\/driver-para-campana-600w-ks-600w\/\" \/>\n<meta property=\"og:locale\" content=\"es_ES\" \/>\n<meta property=\"og:type\" content=\"article\" \/>\n<meta property=\"og:title\" content=\"DRIVER PARA CAMPANA 600W KS-600W\" \/>\n<meta property=\"og:url\" content=\"https:\/\/comerciallin.com\/index.php\/producto\/driver-para-campana-600w-ks-600w\/\" \/>\n<meta property=\"og:site_name\" content=\"tienda de electr\u00f3nica y computaci\u00f3n\" \/>\n<meta property=\"article:modified_time\" content=\"2025-01-14T18:55:56+00:00\" \/>\n<meta name=\"twitter:card\" content=\"summary_large_image\" \/>\n<meta name=\"twitter:image\" content=\"https:\/\/i0.wp.com\/comerciallin.com\/wp-content\/uploads\/2023\/08\/277010100802.jpg?fit=%2C&amp;ssl=1\" \/>\n<meta name=\"twitter:label1\" content=\"Precio\" \/>\n\t<meta name=\"twitter:data1\" content=\"&#36;25,30\" \/>\n\t<meta name=\"twitter:label2\" content=\"Availability\" \/>\n\t<meta name=\"twitter:data2\" content=\"In stock\" \/>\n<script type=\"application\/ld+json\" class=\"yoast-schema-graph\">{\"@context\":\"https:\/\/schema.org\",\"@graph\":[{\"@type\":\"WebSite\",\"@id\":\"https:\/\/comerciallin.com\/#website\",\"url\":\"https:\/\/comerciallin.com\/\",\"name\":\"tienda de electr\\u00f3nica y computaci\\u00f3n\",\"description\":\"Importadora de Electr\\u00f3nica y Computaci\\u00f3n\",\"potentialAction\":[{\"@type\":\"SearchAction\",\"target\":{\"@type\":\"EntryPoint\",\"urlTemplate\":\"https:\/\/comerciallin.com\/?s={search_term_string}\"},\"query-input\":\"required name=search_term_string\"}],\"inLanguage\":\"es\"},{\"@type\":\"ImageObject\",\"@id\":\"https:\/\/comerciallin.com\/index.php\/producto\/driver-para-campana-600w-ks-600w\/#primaryimage\",\"inLanguage\":\"es\",\"url\":\"https:\/\/i0.wp.com\/comerciallin.com\/wp-content\/uploads\/2023\/08\/277010100802.jpg?fit=%2C&ssl=1\",\"contentUrl\":\"https:\/\/i0.wp.com\/comerciallin.com\/wp-content\/uploads\/2023\/08\/277010100802.jpg?fit=%2C&ssl=1\",\"caption\":\"DRIVER PARA CAMPANA 600W KS-600W\"},{\"@type\":\"WebPage\",\"@id\":\"https:\/\/comerciallin.com\/index.php\/producto\/driver-para-campana-600w-ks-600w\/#webpage\",\"url\":\"https:\/\/comerciallin.com\/index.php\/producto\/driver-para-campana-600w-ks-600w\/\",\"name\":\"DRIVER PARA CAMPANA 600W KS-600W - tienda de electr\\u00f3nica y computaci\\u00f3n\",\"isPartOf\":{\"@id\":\"https:\/\/comerciallin.com\/#website\"},\"primaryImageOfPage\":{\"@id\":\"https:\/\/comerciallin.com\/index.php\/producto\/driver-para-campana-600w-ks-600w\/#primaryimage\"},\"datePublished\":\"2023-05-03T18:43:58+00:00\",\"dateModified\":\"2025-01-14T18:55:56+00:00\",\"breadcrumb\":{\"@id\":\"https:\/\/comerciallin.com\/index.php\/producto\/driver-para-campana-600w-ks-600w\/#breadcrumb\"},\"inLanguage\":\"es\",\"potentialAction\":[{\"@type\":\"ReadAction\",\"target\":[\"https:\/\/comerciallin.com\/index.php\/producto\/driver-para-campana-600w-ks-600w\/\"]}]},{\"@type\":\"BreadcrumbList\",\"@id\":\"https:\/\/comerciallin.com\/index.php\/producto\/driver-para-campana-600w-ks-600w\/#breadcrumb\",\"itemListElement\":[{\"@type\":\"ListItem\",\"position\":1,\"name\":\"Inicio\",\"item\":\"https:\/\/comerciallin.com\/\"},{\"@type\":\"ListItem\",\"position\":2,\"name\":\"Shop\",\"item\":\"https:\/\/comerciallin.com\/?page_id=3853\"},{\"@type\":\"ListItem\",\"position\":3,\"name\":\"DRIVER PARA CAMPANA 600W KS-600W\"}]}]}<\/script>\n<meta property=\"product:price:amount\" content=\"25.30\" \/>\n<meta property=\"product:price:currency\" content=\"USD\" \/>\n<meta property=\"og:availability\" content=\"instock\" \/>\n<meta property=\"product:availability\" content=\"instock\" \/>\n<meta property=\"product:retailer_item_id\" content=\"277010100802\" \/>\n<meta property=\"product:condition\" content=\"new\" \/>\n<!-- \/ Yoast SEO Premium plugin. -->","yoast_head_json":{"title":"DRIVER PARA CAMPANA 600W KS-600W - tienda de electr\u00f3nica y computaci\u00f3n","robots":{"index":"index","follow":"follow","max-snippet":"max-snippet:-1","max-image-preview":"max-image-preview:large","max-video-preview":"max-video-preview:-1"},"canonical":"https:\/\/comerciallin.com\/index.php\/producto\/driver-para-campana-600w-ks-600w\/","og_locale":"es_ES","og_type":"article","og_title":"DRIVER PARA CAMPANA 600W KS-600W","og_url":"https:\/\/comerciallin.com\/index.php\/producto\/driver-para-campana-600w-ks-600w\/","og_site_name":"tienda de electr\u00f3nica y computaci\u00f3n","article_modified_time":"2025-01-14T18:55:56+00:00","twitter_card":"summary_large_image","twitter_image":"https:\/\/i0.wp.com\/comerciallin.com\/wp-content\/uploads\/2023\/08\/277010100802.jpg?fit=%2C&ssl=1","twitter_misc":{"Precio":"&#36;25,30","Availability":"In stock"},"schema":{"@context":"https:\/\/schema.org","@graph":[{"@type":"WebSite","@id":"https:\/\/comerciallin.com\/#website","url":"https:\/\/comerciallin.com\/","name":"tienda de electr\u00f3nica y computaci\u00f3n","description":"Importadora de Electr\u00f3nica y Computaci\u00f3n","potentialAction":[{"@type":"SearchAction","target":{"@type":"EntryPoint","urlTemplate":"https:\/\/comerciallin.com\/?s={search_term_string}"},"query-input":"required name=search_term_string"}],"inLanguage":"es"},{"@type":"ImageObject","@id":"https:\/\/comerciallin.com\/index.php\/producto\/driver-para-campana-600w-ks-600w\/#primaryimage","inLanguage":"es","url":"https:\/\/i0.wp.com\/comerciallin.com\/wp-content\/uploads\/2023\/08\/277010100802.jpg?fit=%2C&ssl=1","contentUrl":"https:\/\/i0.wp.com\/comerciallin.com\/wp-content\/uploads\/2023\/08\/277010100802.jpg?fit=%2C&ssl=1","caption":"DRIVER PARA CAMPANA 600W KS-600W"},{"@type":"WebPage","@id":"https:\/\/comerciallin.com\/index.php\/producto\/driver-para-campana-600w-ks-600w\/#webpage","url":"https:\/\/comerciallin.com\/index.php\/producto\/driver-para-campana-600w-ks-600w\/","name":"DRIVER PARA CAMPANA 600W KS-600W - tienda de electr\u00f3nica y computaci\u00f3n","isPartOf":{"@id":"https:\/\/comerciallin.com\/#website"},"primaryImageOfPage":{"@id":"https:\/\/comerciallin.com\/index.php\/producto\/driver-para-campana-600w-ks-600w\/#primaryimage"},"datePublished":"2023-05-03T18:43:58+00:00","dateModified":"2025-01-14T18:55:56+00:00","breadcrumb":{"@id":"https:\/\/comerciallin.com\/index.php\/producto\/driver-para-campana-600w-ks-600w\/#breadcrumb"},"inLanguage":"es","potentialAction":[{"@type":"ReadAction","target":["https:\/\/comerciallin.com\/index.php\/producto\/driver-para-campana-600w-ks-600w\/"]}]},{"@type":"BreadcrumbList","@id":"https:\/\/comerciallin.com\/index.php\/producto\/driver-para-campana-600w-ks-600w\/#breadcrumb","itemListElement":[{"@type":"ListItem","position":1,"name":"Inicio","item":"https:\/\/comerciallin.com\/"},{"@type":"ListItem","position":2,"name":"Shop","item":"https:\/\/comerciallin.com\/?page_id=3853"},{"@type":"ListItem","position":3,"name":"DRIVER PARA CAMPANA 600W KS-600W"}]}]},"product_price_amount":"25.30","product_price_currency":"USD","og_availability":"instock","product_availability":"instock","product_retailer_item_id":"277010100802","product_condition":"new"},"jetpack-related-posts":[{"id":19034,"url":"https:\/\/comerciallin.com\/index.php\/producto\/case-combo-ks-208-t-m-p\/","url_meta":{"origin":23732,"position":0},"title":"CASE COMBO KINGSONG KS-208 T\/M\/P","date":"7 de noviembre de 2022","format":false,"excerpt":"Cases marca Kingsong Modelo: Ks-208 Incluye: Fuente de poder de 600W Cable de Poder Teclado Mouse Parlantes multimedia Material, metal reforzado y resistente","rel":"","context":"Entrada similar","img":{"alt_text":"","src":"","width":0,"height":0},"classes":[]},{"id":19032,"url":"https:\/\/comerciallin.com\/index.php\/producto\/case-combo-ks-202-t-m-p\/","url_meta":{"origin":23732,"position":1},"title":"CASE COMBO KINGSONG KS-202 T\/M\/P","date":"7 de noviembre de 2022","format":false,"excerpt":"Cases marca Kingsong Modelo: Ks-202 Incluye: Fuente de poder de 600W Cable de Poder Teclado Mouse Parlantes multimedia Material, metal reforzado y resistente","rel":"","context":"Entrada similar","img":{"alt_text":"","src":"","width":0,"height":0},"classes":[]},{"id":18759,"url":"https:\/\/comerciallin.com\/index.php\/producto\/teclado-mouse-ks-910\/","url_meta":{"origin":23732,"position":2},"title":"TECLADO + MOUSE KS-910","date":"7 de noviembre de 2022","format":false,"excerpt":"Teclado Mouse Modelo: KS-910 Lenguaje: Espa\u00c3\u00b1ol","rel":"","context":"Entrada similar","img":{"alt_text":"","src":"","width":0,"height":0},"classes":[]},{"id":23335,"url":"https:\/\/comerciallin.com\/index.php\/producto\/amplificador-ks-39200\/","url_meta":{"origin":23732,"position":3},"title":"AMPLIFICADOR KS-39200","date":"27 de abril de 2023","format":false,"excerpt":"","rel":"","context":"Entrada similar","img":{"alt_text":"AMPLIFICADOR KS-39200","src":"https:\/\/i0.wp.com\/comerciallin.com\/wp-content\/uploads\/2023\/08\/322010170701.jpg?fit=1080%2C1080&ssl=1&resize=350%2C200","width":350,"height":200},"classes":[]},{"id":23534,"url":"https:\/\/comerciallin.com\/index.php\/producto\/amplificador-ks-1858\/","url_meta":{"origin":23732,"position":4},"title":"AMPLIFICADOR KS-1858","date":"27 de abril de 2023","format":false,"excerpt":"","rel":"","context":"Entrada similar","img":{"alt_text":"AMPLIFICADOR KS-1858","src":"https:\/\/i0.wp.com\/comerciallin.com\/wp-content\/uploads\/2023\/08\/322010101001.jpg?fit=1080%2C1080&ssl=1&resize=350%2C200","width":350,"height":200},"classes":[]},{"id":19393,"url":"https:\/\/comerciallin.com\/index.php\/producto\/mesa-p-compu-ks-758\/","url_meta":{"origin":23732,"position":5},"title":"MESA P.COMPU KS-758","date":"7 de noviembre de 2022","format":false,"excerpt":"Mesa para computadora, ideal para estudiantes\u00a0 Modelo:\u00a0KS-758 doble vidrio","rel":"","context":"Entrada similar","img":{"alt_text":"","src":"","width":0,"height":0},"classes":[]}],"jetpack_sharing_enabled":true,"jetpack_likes_enabled":true,"_links":{"self":[{"href":"https:\/\/comerciallin.com\/index.php\/wp-json\/wp\/v2\/product\/23732"}],"collection":[{"href":"https:\/\/comerciallin.com\/index.php\/wp-json\/wp\/v2\/product"}],"about":[{"href":"https:\/\/comerciallin.com\/index.php\/wp-json\/wp\/v2\/types\/product"}],"replies":[{"embeddable":true,"href":"https:\/\/comerciallin.com\/index.php\/wp-json\/wp\/v2\/comments?post=23732"}],"wp:featuredmedia":[{"embeddable":true,"href":"https:\/\/comerciallin.com\/index.php\/wp-json\/wp\/v2\/media\/24906"}],"wp:attachment":[{"href":"https:\/\/comerciallin.com\/index.php\/wp-json\/wp\/v2\/media?parent=23732"}],"wp:term":[{"taxonomy":"product_cat","embeddable":true,"href":"https:\/\/comerciallin.com\/index.php\/wp-json\/wp\/v2\/product_cat?post=23732"},{"taxonomy":"product_tag","embeddable":true,"href":"https:\/\/comerciallin.com\/index.php\/wp-json\/wp\/v2\/product_tag?post=23732"}],"curies":[{"name":"wp","href":"https:\/\/api.w.org\/{rel}","templated":true}]}}