{"id":23717,"date":"2023-05-03T13:43:55","date_gmt":"2023-05-03T18:43:55","guid":{"rendered":"https:\/\/comerciallin.com\/index.php\/producto\/conector-antena-coaxial-rg-6-bronce\/"},"modified":"2025-01-14T13:55:48","modified_gmt":"2025-01-14T18:55:48","slug":"conector-antena-coaxial-rg-6-bronce","status":"publish","type":"product","link":"https:\/\/comerciallin.com\/index.php\/producto\/conector-antena-coaxial-rg-6-bronce\/","title":{"rendered":"CONECTOR ANTENA COAXIAL RG-6 (BRONCE)"},"content":{"rendered":"","protected":false},"excerpt":{"rendered":"","protected":false},"featured_media":24868,"comment_status":"open","ping_status":"closed","template":"","meta":{"spay_email":""},"product_cat":[775],"product_tag":[],"supplier_id":null,"supplier_sku":"","barcode":null,"atum_controlled":true,"out_stock_date":null,"out_stock_threshold":null,"inheritable":false,"inbound_stock":null,"stock_on_hold":0,"sold_today":0,"sales_last_days":0,"reserved_stock":null,"customer_returns":null,"warehouse_damage":null,"lost_in_post":null,"other_logs":null,"out_stock_days":0,"lost_sales":0,"has_location":null,"update_date":"2026-04-27T00:09:47","atum_locations":[],"atum_stock_status":"instock","restock_status":false,"low_stock_amount":"","sales_update_date":"2026-04-27T00:09:47","calc_backorders":null,"acf":[],"yoast_head":"<!-- This site is optimized with the Yoast SEO Premium plugin v17.4 (Yoast SEO v17.4) - https:\/\/yoast.com\/wordpress\/plugins\/seo\/ -->\n<title>CONECTOR ANTENA COAXIAL RG-6 (BRONCE) - tienda de electr\u00f3nica y computaci\u00f3n<\/title>\n<meta name=\"robots\" content=\"index, follow, max-snippet:-1, max-image-preview:large, max-video-preview:-1\" \/>\n<link rel=\"canonical\" href=\"https:\/\/comerciallin.com\/index.php\/producto\/conector-antena-coaxial-rg-6-bronce\/\" \/>\n<meta property=\"og:locale\" content=\"es_ES\" \/>\n<meta property=\"og:type\" content=\"article\" \/>\n<meta property=\"og:title\" content=\"CONECTOR ANTENA COAXIAL RG-6 (BRONCE)\" \/>\n<meta property=\"og:url\" content=\"https:\/\/comerciallin.com\/index.php\/producto\/conector-antena-coaxial-rg-6-bronce\/\" \/>\n<meta property=\"og:site_name\" content=\"tienda de electr\u00f3nica y computaci\u00f3n\" \/>\n<meta property=\"article:modified_time\" content=\"2025-01-14T18:55:48+00:00\" \/>\n<meta name=\"twitter:card\" content=\"summary_large_image\" \/>\n<meta name=\"twitter:image\" content=\"https:\/\/i0.wp.com\/comerciallin.com\/wp-content\/uploads\/2023\/08\/575010110501.jpg?fit=%2C&amp;ssl=1\" \/>\n<meta name=\"twitter:label1\" content=\"Precio\" \/>\n\t<meta name=\"twitter:data1\" content=\"&#36;0,46\" \/>\n\t<meta name=\"twitter:label2\" content=\"Availability\" \/>\n\t<meta name=\"twitter:data2\" content=\"In stock\" \/>\n<script type=\"application\/ld+json\" class=\"yoast-schema-graph\">{\"@context\":\"https:\/\/schema.org\",\"@graph\":[{\"@type\":\"WebSite\",\"@id\":\"https:\/\/comerciallin.com\/#website\",\"url\":\"https:\/\/comerciallin.com\/\",\"name\":\"tienda de electr\\u00f3nica y computaci\\u00f3n\",\"description\":\"Importadora de Electr\\u00f3nica y Computaci\\u00f3n\",\"potentialAction\":[{\"@type\":\"SearchAction\",\"target\":{\"@type\":\"EntryPoint\",\"urlTemplate\":\"https:\/\/comerciallin.com\/?s={search_term_string}\"},\"query-input\":\"required name=search_term_string\"}],\"inLanguage\":\"es\"},{\"@type\":\"ImageObject\",\"@id\":\"https:\/\/comerciallin.com\/index.php\/producto\/conector-antena-coaxial-rg-6-bronce\/#primaryimage\",\"inLanguage\":\"es\",\"url\":\"https:\/\/i0.wp.com\/comerciallin.com\/wp-content\/uploads\/2023\/08\/575010110501.jpg?fit=%2C&ssl=1\",\"contentUrl\":\"https:\/\/i0.wp.com\/comerciallin.com\/wp-content\/uploads\/2023\/08\/575010110501.jpg?fit=%2C&ssl=1\",\"caption\":\"CONECTOR ANTENA COAXIAL RG-6 (BRONCE)\"},{\"@type\":\"WebPage\",\"@id\":\"https:\/\/comerciallin.com\/index.php\/producto\/conector-antena-coaxial-rg-6-bronce\/#webpage\",\"url\":\"https:\/\/comerciallin.com\/index.php\/producto\/conector-antena-coaxial-rg-6-bronce\/\",\"name\":\"CONECTOR ANTENA COAXIAL RG-6 (BRONCE) - tienda de electr\\u00f3nica y computaci\\u00f3n\",\"isPartOf\":{\"@id\":\"https:\/\/comerciallin.com\/#website\"},\"primaryImageOfPage\":{\"@id\":\"https:\/\/comerciallin.com\/index.php\/producto\/conector-antena-coaxial-rg-6-bronce\/#primaryimage\"},\"datePublished\":\"2023-05-03T18:43:55+00:00\",\"dateModified\":\"2025-01-14T18:55:48+00:00\",\"breadcrumb\":{\"@id\":\"https:\/\/comerciallin.com\/index.php\/producto\/conector-antena-coaxial-rg-6-bronce\/#breadcrumb\"},\"inLanguage\":\"es\",\"potentialAction\":[{\"@type\":\"ReadAction\",\"target\":[\"https:\/\/comerciallin.com\/index.php\/producto\/conector-antena-coaxial-rg-6-bronce\/\"]}]},{\"@type\":\"BreadcrumbList\",\"@id\":\"https:\/\/comerciallin.com\/index.php\/producto\/conector-antena-coaxial-rg-6-bronce\/#breadcrumb\",\"itemListElement\":[{\"@type\":\"ListItem\",\"position\":1,\"name\":\"Inicio\",\"item\":\"https:\/\/comerciallin.com\/\"},{\"@type\":\"ListItem\",\"position\":2,\"name\":\"Shop\",\"item\":\"https:\/\/comerciallin.com\/?page_id=3853\"},{\"@type\":\"ListItem\",\"position\":3,\"name\":\"CONECTOR ANTENA COAXIAL RG-6 (BRONCE)\"}]}]}<\/script>\n<meta property=\"product:price:amount\" content=\"0.46\" \/>\n<meta property=\"product:price:currency\" content=\"USD\" \/>\n<meta property=\"og:availability\" content=\"instock\" \/>\n<meta property=\"product:availability\" content=\"instock\" \/>\n<meta property=\"product:retailer_item_id\" content=\"575010110501\" \/>\n<meta property=\"product:condition\" content=\"new\" \/>\n<!-- \/ Yoast SEO Premium plugin. -->","yoast_head_json":{"title":"CONECTOR ANTENA COAXIAL RG-6 (BRONCE) - tienda de electr\u00f3nica y computaci\u00f3n","robots":{"index":"index","follow":"follow","max-snippet":"max-snippet:-1","max-image-preview":"max-image-preview:large","max-video-preview":"max-video-preview:-1"},"canonical":"https:\/\/comerciallin.com\/index.php\/producto\/conector-antena-coaxial-rg-6-bronce\/","og_locale":"es_ES","og_type":"article","og_title":"CONECTOR ANTENA COAXIAL RG-6 (BRONCE)","og_url":"https:\/\/comerciallin.com\/index.php\/producto\/conector-antena-coaxial-rg-6-bronce\/","og_site_name":"tienda de electr\u00f3nica y computaci\u00f3n","article_modified_time":"2025-01-14T18:55:48+00:00","twitter_card":"summary_large_image","twitter_image":"https:\/\/i0.wp.com\/comerciallin.com\/wp-content\/uploads\/2023\/08\/575010110501.jpg?fit=%2C&ssl=1","twitter_misc":{"Precio":"&#36;0,46","Availability":"In stock"},"schema":{"@context":"https:\/\/schema.org","@graph":[{"@type":"WebSite","@id":"https:\/\/comerciallin.com\/#website","url":"https:\/\/comerciallin.com\/","name":"tienda de electr\u00f3nica y computaci\u00f3n","description":"Importadora de Electr\u00f3nica y Computaci\u00f3n","potentialAction":[{"@type":"SearchAction","target":{"@type":"EntryPoint","urlTemplate":"https:\/\/comerciallin.com\/?s={search_term_string}"},"query-input":"required name=search_term_string"}],"inLanguage":"es"},{"@type":"ImageObject","@id":"https:\/\/comerciallin.com\/index.php\/producto\/conector-antena-coaxial-rg-6-bronce\/#primaryimage","inLanguage":"es","url":"https:\/\/i0.wp.com\/comerciallin.com\/wp-content\/uploads\/2023\/08\/575010110501.jpg?fit=%2C&ssl=1","contentUrl":"https:\/\/i0.wp.com\/comerciallin.com\/wp-content\/uploads\/2023\/08\/575010110501.jpg?fit=%2C&ssl=1","caption":"CONECTOR ANTENA COAXIAL RG-6 (BRONCE)"},{"@type":"WebPage","@id":"https:\/\/comerciallin.com\/index.php\/producto\/conector-antena-coaxial-rg-6-bronce\/#webpage","url":"https:\/\/comerciallin.com\/index.php\/producto\/conector-antena-coaxial-rg-6-bronce\/","name":"CONECTOR ANTENA COAXIAL RG-6 (BRONCE) - tienda de electr\u00f3nica y computaci\u00f3n","isPartOf":{"@id":"https:\/\/comerciallin.com\/#website"},"primaryImageOfPage":{"@id":"https:\/\/comerciallin.com\/index.php\/producto\/conector-antena-coaxial-rg-6-bronce\/#primaryimage"},"datePublished":"2023-05-03T18:43:55+00:00","dateModified":"2025-01-14T18:55:48+00:00","breadcrumb":{"@id":"https:\/\/comerciallin.com\/index.php\/producto\/conector-antena-coaxial-rg-6-bronce\/#breadcrumb"},"inLanguage":"es","potentialAction":[{"@type":"ReadAction","target":["https:\/\/comerciallin.com\/index.php\/producto\/conector-antena-coaxial-rg-6-bronce\/"]}]},{"@type":"BreadcrumbList","@id":"https:\/\/comerciallin.com\/index.php\/producto\/conector-antena-coaxial-rg-6-bronce\/#breadcrumb","itemListElement":[{"@type":"ListItem","position":1,"name":"Inicio","item":"https:\/\/comerciallin.com\/"},{"@type":"ListItem","position":2,"name":"Shop","item":"https:\/\/comerciallin.com\/?page_id=3853"},{"@type":"ListItem","position":3,"name":"CONECTOR ANTENA COAXIAL RG-6 (BRONCE)"}]}]},"product_price_amount":"0.46","product_price_currency":"USD","og_availability":"instock","product_availability":"instock","product_retailer_item_id":"575010110501","product_condition":"new"},"jetpack-related-posts":[{"id":23576,"url":"https:\/\/comerciallin.com\/index.php\/producto\/cable-coaxial-rg-59-chin\/","url_meta":{"origin":23717,"position":0},"title":"CABLE COAXIAL RG-59 CHIN","date":"27 de abril de 2023","format":false,"excerpt":"","rel":"","context":"Entrada similar","img":{"alt_text":"","src":"","width":0,"height":0},"classes":[]},{"id":22592,"url":"https:\/\/comerciallin.com\/index.php\/producto\/cable-x-mt-coaxial-ks-1625\/","url_meta":{"origin":23717,"position":1},"title":"CABLE X MT COAXIAL KS-1625","date":"24 de abril de 2023","format":false,"excerpt":"","rel":"","context":"Entrada similar","img":{"alt_text":"","src":"","width":0,"height":0},"classes":[]},{"id":18763,"url":"https:\/\/comerciallin.com\/index.php\/producto\/ponchadora-yb318-8p8c-6p6c-4p4c\/","url_meta":{"origin":23717,"position":2},"title":"PONCHADORA YB318 8P8C.6P6C.4P4C","date":"7 de noviembre de 2022","format":false,"excerpt":"Permite la conexi\u00f3n de plug rj45 de 8 hilos rj11 de 6 hilos y 4 hilos. Mango pl\u00e1stico;stico antideslizante Parte superior met\u00e1lica de alta calidad con ranura para conector rj45, rj11 de 6 hilos y de 4 hilos Parte media con cuchillas para cortar cableColor: verde","rel":"","context":"Entrada similar","img":{"alt_text":"","src":"","width":0,"height":0},"classes":[]},{"id":19311,"url":"https:\/\/comerciallin.com\/index.php\/producto\/pantalla-lapto-15-6-slim-30pin-hd\/","url_meta":{"origin":23717,"position":3},"title":"PANTALLA LAPTO 15.6&#8243; SLIM 30PIN HD","date":"7 de noviembre de 2022","format":false,"excerpt":"Compatibilidad:\u00a0NT156WHM-N32Tipo De Parte: LCD Screen\u00a0Tama\u00f1o: 15.6\" WideScreen\u00a0Resoluci\u00f3n: HD (1366x768)\u00a0Tipo De Superficie: Glossy infoConector De V\u00eddeo: 30 pin video connectorMontajes: Top and Bottom Brackets\u00a0Condici\u00f3n: New Grade A+\u00a0Garant\u00eda: 3 Meses","rel":"","context":"Entrada similar","img":{"alt_text":"","src":"","width":0,"height":0},"classes":[]},{"id":19327,"url":"https:\/\/comerciallin.com\/index.php\/producto\/pantalla-lapto-15-6-30pin-hd-sin-borde\/","url_meta":{"origin":23717,"position":4},"title":"PANTALLA LAPTO 15.6&#8243; 30PIN HD SIN BORDE","date":"7 de noviembre de 2022","format":false,"excerpt":"Compatibilidad: B156HAN02.1 HW3BTipo De Parte: LCD Screen Tama\u00f1o: 15.6\" WideScreen Resoluci\u00f3n: FHD (1920x1080) Tipo De Superficie: Matte Conector De V\u00eddeo: 30 pin video connector Montajes: Top and Bottom Brackets Optical Technology: IPS Condici\u00f3n: New Grade A+ Garant\u00eda: 3 Meses","rel":"","context":"Entrada similar","img":{"alt_text":"PANTALLA LAPTO 15.6\" 30PIN HD SIN BORDE","src":"https:\/\/i0.wp.com\/comerciallin.com\/wp-content\/uploads\/2023\/02\/122030120603.jpg?fit=992%2C744&ssl=1&resize=350%2C200","width":350,"height":200},"classes":[]},{"id":19685,"url":"https:\/\/comerciallin.com\/index.php\/producto\/pantalla-lapto-11-6-30p-hd\/","url_meta":{"origin":23717,"position":5},"title":"PANTALLA LAPTO 11.6 30P HD","date":"7 de noviembre de 2022","format":false,"excerpt":"Tama\u00f1o de la pantalla LCD para port\u00e1til: 11,6 pulgadas, delgada Resoluci\u00f3n de la pantalla LCD para port\u00e1til: HD (1366 x 768) Tipo de pantalla LCD para port\u00e1til: LED LCD Conector de pantalla LCD para port\u00e1til: 30 pines (parte inferior derecha) Producto nuevo. Compatibilidad garantizada.","rel":"","context":"Entrada similar","img":{"alt_text":"","src":"","width":0,"height":0},"classes":[]}],"jetpack_sharing_enabled":true,"jetpack_likes_enabled":true,"_links":{"self":[{"href":"https:\/\/comerciallin.com\/index.php\/wp-json\/wp\/v2\/product\/23717"}],"collection":[{"href":"https:\/\/comerciallin.com\/index.php\/wp-json\/wp\/v2\/product"}],"about":[{"href":"https:\/\/comerciallin.com\/index.php\/wp-json\/wp\/v2\/types\/product"}],"replies":[{"embeddable":true,"href":"https:\/\/comerciallin.com\/index.php\/wp-json\/wp\/v2\/comments?post=23717"}],"wp:featuredmedia":[{"embeddable":true,"href":"https:\/\/comerciallin.com\/index.php\/wp-json\/wp\/v2\/media\/24868"}],"wp:attachment":[{"href":"https:\/\/comerciallin.com\/index.php\/wp-json\/wp\/v2\/media?parent=23717"}],"wp:term":[{"taxonomy":"product_cat","embeddable":true,"href":"https:\/\/comerciallin.com\/index.php\/wp-json\/wp\/v2\/product_cat?post=23717"},{"taxonomy":"product_tag","embeddable":true,"href":"https:\/\/comerciallin.com\/index.php\/wp-json\/wp\/v2\/product_tag?post=23717"}],"curies":[{"name":"wp","href":"https:\/\/api.w.org\/{rel}","templated":true}]}}