{"id":23712,"date":"2023-05-03T13:43:46","date_gmt":"2023-05-03T18:43:46","guid":{"rendered":"https:\/\/comerciallin.com\/index.php\/producto\/condensador-microfono-3-5mm-sf-666\/"},"modified":"2025-01-14T13:55:48","modified_gmt":"2025-01-14T18:55:48","slug":"condensador-microfono-3-5mm-sf-666","status":"publish","type":"product","link":"https:\/\/comerciallin.com\/index.php\/producto\/condensador-microfono-3-5mm-sf-666\/","title":{"rendered":"CONDENSADOR MICROFONO 3.5MM SF-666"},"content":{"rendered":"","protected":false},"excerpt":{"rendered":"","protected":false},"featured_media":24865,"comment_status":"open","ping_status":"closed","template":"","meta":{"spay_email":""},"product_cat":[775],"product_tag":[],"supplier_id":null,"supplier_sku":"","barcode":null,"atum_controlled":true,"out_stock_date":null,"out_stock_threshold":null,"inheritable":false,"inbound_stock":null,"stock_on_hold":0,"sold_today":0,"sales_last_days":0,"reserved_stock":null,"customer_returns":null,"warehouse_damage":null,"lost_in_post":null,"other_logs":null,"out_stock_days":0,"lost_sales":0,"has_location":null,"update_date":"2026-04-27T00:09:47","atum_locations":[],"atum_stock_status":"instock","restock_status":false,"low_stock_amount":"","sales_update_date":"2026-04-27T00:09:47","calc_backorders":null,"acf":[],"yoast_head":"<!-- This site is optimized with the Yoast SEO Premium plugin v17.4 (Yoast SEO v17.4) - https:\/\/yoast.com\/wordpress\/plugins\/seo\/ -->\n<title>CONDENSADOR MICROFONO 3.5MM SF-666 - tienda de electr\u00f3nica y computaci\u00f3n<\/title>\n<meta name=\"robots\" content=\"index, follow, max-snippet:-1, max-image-preview:large, max-video-preview:-1\" \/>\n<link rel=\"canonical\" href=\"https:\/\/comerciallin.com\/index.php\/producto\/condensador-microfono-3-5mm-sf-666\/\" \/>\n<meta property=\"og:locale\" content=\"es_ES\" \/>\n<meta property=\"og:type\" content=\"article\" \/>\n<meta property=\"og:title\" content=\"CONDENSADOR MICROFONO 3.5MM SF-666\" \/>\n<meta property=\"og:url\" content=\"https:\/\/comerciallin.com\/index.php\/producto\/condensador-microfono-3-5mm-sf-666\/\" \/>\n<meta property=\"og:site_name\" content=\"tienda de electr\u00f3nica y computaci\u00f3n\" \/>\n<meta property=\"article:modified_time\" content=\"2025-01-14T18:55:48+00:00\" \/>\n<meta name=\"twitter:card\" content=\"summary_large_image\" \/>\n<meta name=\"twitter:image\" content=\"https:\/\/i0.wp.com\/comerciallin.com\/wp-content\/uploads\/2023\/08\/711060100901.jpg?fit=%2C&amp;ssl=1\" \/>\n<meta name=\"twitter:label1\" content=\"Precio\" \/>\n\t<meta name=\"twitter:data1\" content=\"&#36;13,86\" \/>\n\t<meta name=\"twitter:label2\" content=\"Availability\" \/>\n\t<meta name=\"twitter:data2\" content=\"In stock\" \/>\n<script type=\"application\/ld+json\" class=\"yoast-schema-graph\">{\"@context\":\"https:\/\/schema.org\",\"@graph\":[{\"@type\":\"WebSite\",\"@id\":\"https:\/\/comerciallin.com\/#website\",\"url\":\"https:\/\/comerciallin.com\/\",\"name\":\"tienda de electr\\u00f3nica y computaci\\u00f3n\",\"description\":\"Importadora de Electr\\u00f3nica y Computaci\\u00f3n\",\"potentialAction\":[{\"@type\":\"SearchAction\",\"target\":{\"@type\":\"EntryPoint\",\"urlTemplate\":\"https:\/\/comerciallin.com\/?s={search_term_string}\"},\"query-input\":\"required name=search_term_string\"}],\"inLanguage\":\"es\"},{\"@type\":\"ImageObject\",\"@id\":\"https:\/\/comerciallin.com\/index.php\/producto\/condensador-microfono-3-5mm-sf-666\/#primaryimage\",\"inLanguage\":\"es\",\"url\":\"https:\/\/i0.wp.com\/comerciallin.com\/wp-content\/uploads\/2023\/08\/711060100901.jpg?fit=%2C&ssl=1\",\"contentUrl\":\"https:\/\/i0.wp.com\/comerciallin.com\/wp-content\/uploads\/2023\/08\/711060100901.jpg?fit=%2C&ssl=1\",\"caption\":\"CONDENSADOR MICROFONO 3.5MM SF-666\"},{\"@type\":\"WebPage\",\"@id\":\"https:\/\/comerciallin.com\/index.php\/producto\/condensador-microfono-3-5mm-sf-666\/#webpage\",\"url\":\"https:\/\/comerciallin.com\/index.php\/producto\/condensador-microfono-3-5mm-sf-666\/\",\"name\":\"CONDENSADOR MICROFONO 3.5MM SF-666 - tienda de electr\\u00f3nica y computaci\\u00f3n\",\"isPartOf\":{\"@id\":\"https:\/\/comerciallin.com\/#website\"},\"primaryImageOfPage\":{\"@id\":\"https:\/\/comerciallin.com\/index.php\/producto\/condensador-microfono-3-5mm-sf-666\/#primaryimage\"},\"datePublished\":\"2023-05-03T18:43:46+00:00\",\"dateModified\":\"2025-01-14T18:55:48+00:00\",\"breadcrumb\":{\"@id\":\"https:\/\/comerciallin.com\/index.php\/producto\/condensador-microfono-3-5mm-sf-666\/#breadcrumb\"},\"inLanguage\":\"es\",\"potentialAction\":[{\"@type\":\"ReadAction\",\"target\":[\"https:\/\/comerciallin.com\/index.php\/producto\/condensador-microfono-3-5mm-sf-666\/\"]}]},{\"@type\":\"BreadcrumbList\",\"@id\":\"https:\/\/comerciallin.com\/index.php\/producto\/condensador-microfono-3-5mm-sf-666\/#breadcrumb\",\"itemListElement\":[{\"@type\":\"ListItem\",\"position\":1,\"name\":\"Inicio\",\"item\":\"https:\/\/comerciallin.com\/\"},{\"@type\":\"ListItem\",\"position\":2,\"name\":\"Shop\",\"item\":\"https:\/\/comerciallin.com\/?page_id=3853\"},{\"@type\":\"ListItem\",\"position\":3,\"name\":\"CONDENSADOR MICROFONO 3.5MM SF-666\"}]}]}<\/script>\n<meta property=\"product:price:amount\" content=\"13.86\" \/>\n<meta property=\"product:price:currency\" content=\"USD\" \/>\n<meta property=\"og:availability\" content=\"instock\" \/>\n<meta property=\"product:availability\" content=\"instock\" \/>\n<meta property=\"product:retailer_item_id\" content=\"711060100901\" \/>\n<meta property=\"product:condition\" content=\"new\" \/>\n<!-- \/ Yoast SEO Premium plugin. -->","yoast_head_json":{"title":"CONDENSADOR MICROFONO 3.5MM SF-666 - tienda de electr\u00f3nica y computaci\u00f3n","robots":{"index":"index","follow":"follow","max-snippet":"max-snippet:-1","max-image-preview":"max-image-preview:large","max-video-preview":"max-video-preview:-1"},"canonical":"https:\/\/comerciallin.com\/index.php\/producto\/condensador-microfono-3-5mm-sf-666\/","og_locale":"es_ES","og_type":"article","og_title":"CONDENSADOR MICROFONO 3.5MM SF-666","og_url":"https:\/\/comerciallin.com\/index.php\/producto\/condensador-microfono-3-5mm-sf-666\/","og_site_name":"tienda de electr\u00f3nica y computaci\u00f3n","article_modified_time":"2025-01-14T18:55:48+00:00","twitter_card":"summary_large_image","twitter_image":"https:\/\/i0.wp.com\/comerciallin.com\/wp-content\/uploads\/2023\/08\/711060100901.jpg?fit=%2C&ssl=1","twitter_misc":{"Precio":"&#36;13,86","Availability":"In stock"},"schema":{"@context":"https:\/\/schema.org","@graph":[{"@type":"WebSite","@id":"https:\/\/comerciallin.com\/#website","url":"https:\/\/comerciallin.com\/","name":"tienda de electr\u00f3nica y computaci\u00f3n","description":"Importadora de Electr\u00f3nica y Computaci\u00f3n","potentialAction":[{"@type":"SearchAction","target":{"@type":"EntryPoint","urlTemplate":"https:\/\/comerciallin.com\/?s={search_term_string}"},"query-input":"required name=search_term_string"}],"inLanguage":"es"},{"@type":"ImageObject","@id":"https:\/\/comerciallin.com\/index.php\/producto\/condensador-microfono-3-5mm-sf-666\/#primaryimage","inLanguage":"es","url":"https:\/\/i0.wp.com\/comerciallin.com\/wp-content\/uploads\/2023\/08\/711060100901.jpg?fit=%2C&ssl=1","contentUrl":"https:\/\/i0.wp.com\/comerciallin.com\/wp-content\/uploads\/2023\/08\/711060100901.jpg?fit=%2C&ssl=1","caption":"CONDENSADOR MICROFONO 3.5MM SF-666"},{"@type":"WebPage","@id":"https:\/\/comerciallin.com\/index.php\/producto\/condensador-microfono-3-5mm-sf-666\/#webpage","url":"https:\/\/comerciallin.com\/index.php\/producto\/condensador-microfono-3-5mm-sf-666\/","name":"CONDENSADOR MICROFONO 3.5MM SF-666 - tienda de electr\u00f3nica y computaci\u00f3n","isPartOf":{"@id":"https:\/\/comerciallin.com\/#website"},"primaryImageOfPage":{"@id":"https:\/\/comerciallin.com\/index.php\/producto\/condensador-microfono-3-5mm-sf-666\/#primaryimage"},"datePublished":"2023-05-03T18:43:46+00:00","dateModified":"2025-01-14T18:55:48+00:00","breadcrumb":{"@id":"https:\/\/comerciallin.com\/index.php\/producto\/condensador-microfono-3-5mm-sf-666\/#breadcrumb"},"inLanguage":"es","potentialAction":[{"@type":"ReadAction","target":["https:\/\/comerciallin.com\/index.php\/producto\/condensador-microfono-3-5mm-sf-666\/"]}]},{"@type":"BreadcrumbList","@id":"https:\/\/comerciallin.com\/index.php\/producto\/condensador-microfono-3-5mm-sf-666\/#breadcrumb","itemListElement":[{"@type":"ListItem","position":1,"name":"Inicio","item":"https:\/\/comerciallin.com\/"},{"@type":"ListItem","position":2,"name":"Shop","item":"https:\/\/comerciallin.com\/?page_id=3853"},{"@type":"ListItem","position":3,"name":"CONDENSADOR MICROFONO 3.5MM SF-666"}]}]},"product_price_amount":"13.86","product_price_currency":"USD","og_availability":"instock","product_availability":"instock","product_retailer_item_id":"711060100901","product_condition":"new"},"jetpack-related-posts":[{"id":26192,"url":"https:\/\/comerciallin.com\/index.php\/producto\/microfono-condensador-c-sonido-bm800v8\/","url_meta":{"origin":23712,"position":0},"title":"MICROFONO CONDENSADOR C\/SONIDO BM800+V8","date":"17 de abril de 2024","format":false,"excerpt":"","rel":"","context":"Entrada similar","img":{"alt_text":"MICROFONO CONDENSADOR C\/SONIDO BM800+V8","src":"https:\/\/i0.wp.com\/comerciallin.com\/wp-content\/uploads\/2024\/04\/580010110502-2.jpg?fit=1080%2C1080&ssl=1&resize=350%2C200","width":350,"height":200},"classes":[]},{"id":26203,"url":"https:\/\/comerciallin.com\/index.php\/producto\/condensador-microfono-bm-800\/","url_meta":{"origin":23712,"position":1},"title":"CONDENSADOR MICROFONO BM-800","date":"30 de mayo de 2024","format":false,"excerpt":"","rel":"","context":"Entrada similar","img":{"alt_text":"","src":"","width":0,"height":0},"classes":[]},{"id":19711,"url":"https:\/\/comerciallin.com\/index.php\/producto\/microfono-corbata-usb-jh-044\/","url_meta":{"origin":23712,"position":2},"title":"MICROFONO CORBATA USB JH-044","date":"8 de noviembre de 2022","format":false,"excerpt":"Micr\u00f3fono con cable USB Lavailer JH-044","rel":"","context":"Entrada similar","img":{"alt_text":"","src":"","width":0,"height":0},"classes":[]},{"id":19718,"url":"https:\/\/comerciallin.com\/index.php\/producto\/microfono-corbata-fina-plug-trrs-cell\/","url_meta":{"origin":23712,"position":3},"title":"MICROFONO CORBATA FINA PLUG TRRS CELL","date":"8 de noviembre de 2022","format":false,"excerpt":"Micr\u00f3fono con cable USB Lavailer JH-044","rel":"","context":"Entrada similar","img":{"alt_text":"","src":"","width":0,"height":0},"classes":[]},{"id":23816,"url":"https:\/\/comerciallin.com\/index.php\/producto\/parlante-carro-ks-666\/","url_meta":{"origin":23712,"position":4},"title":"PARLANTE CARRO KS-666","date":"3 de mayo de 2023","format":false,"excerpt":"","rel":"","context":"Entrada similar","img":{"alt_text":"","src":"","width":0,"height":0},"classes":[]},{"id":19663,"url":"https:\/\/comerciallin.com\/index.php\/producto\/parlante-mini-p-compu-t-11\/","url_meta":{"origin":23712,"position":5},"title":"PARLANTE MINI P. COMPU T-11","date":"7 de noviembre de 2022","format":false,"excerpt":"Dise\u00f1o Simple T11 USB 2.0 3.5mm Control de Volumen Mini Altavoz de Sonido Est\u00e9reo de Gran Subwoofer para PC, Laptops y otros dispositivos","rel":"","context":"Entrada similar","img":{"alt_text":"","src":"","width":0,"height":0},"classes":[]}],"jetpack_sharing_enabled":true,"jetpack_likes_enabled":true,"_links":{"self":[{"href":"https:\/\/comerciallin.com\/index.php\/wp-json\/wp\/v2\/product\/23712"}],"collection":[{"href":"https:\/\/comerciallin.com\/index.php\/wp-json\/wp\/v2\/product"}],"about":[{"href":"https:\/\/comerciallin.com\/index.php\/wp-json\/wp\/v2\/types\/product"}],"replies":[{"embeddable":true,"href":"https:\/\/comerciallin.com\/index.php\/wp-json\/wp\/v2\/comments?post=23712"}],"wp:featuredmedia":[{"embeddable":true,"href":"https:\/\/comerciallin.com\/index.php\/wp-json\/wp\/v2\/media\/24865"}],"wp:attachment":[{"href":"https:\/\/comerciallin.com\/index.php\/wp-json\/wp\/v2\/media?parent=23712"}],"wp:term":[{"taxonomy":"product_cat","embeddable":true,"href":"https:\/\/comerciallin.com\/index.php\/wp-json\/wp\/v2\/product_cat?post=23712"},{"taxonomy":"product_tag","embeddable":true,"href":"https:\/\/comerciallin.com\/index.php\/wp-json\/wp\/v2\/product_tag?post=23712"}],"curies":[{"name":"wp","href":"https:\/\/api.w.org\/{rel}","templated":true}]}}