{"id":23710,"date":"2023-05-03T13:43:46","date_gmt":"2023-05-03T18:43:46","guid":{"rendered":"https:\/\/comerciallin.com\/index.php\/producto\/clip-p-celular-tipo-u-plast\/"},"modified":"2025-01-14T13:55:48","modified_gmt":"2025-01-14T18:55:48","slug":"clip-p-celular-tipo-u-plast","status":"publish","type":"product","link":"https:\/\/comerciallin.com\/index.php\/producto\/clip-p-celular-tipo-u-plast\/","title":{"rendered":"CLIP P.CELULAR TIPO U PLAST"},"content":{"rendered":"","protected":false},"excerpt":{"rendered":"","protected":false},"featured_media":24863,"comment_status":"open","ping_status":"closed","template":"","meta":{"spay_email":""},"product_cat":[845],"product_tag":[],"supplier_id":null,"supplier_sku":"","barcode":null,"atum_controlled":true,"out_stock_date":null,"out_stock_threshold":null,"inheritable":false,"inbound_stock":null,"stock_on_hold":0,"sold_today":0,"sales_last_days":0,"reserved_stock":null,"customer_returns":null,"warehouse_damage":null,"lost_in_post":null,"other_logs":null,"out_stock_days":0,"lost_sales":0,"has_location":null,"update_date":"2026-04-28T00:11:16","atum_locations":[],"atum_stock_status":"instock","restock_status":false,"low_stock_amount":"","sales_update_date":"2026-04-28T00:11:16","calc_backorders":null,"acf":[],"yoast_head":"<!-- This site is optimized with the Yoast SEO Premium plugin v17.4 (Yoast SEO v17.4) - https:\/\/yoast.com\/wordpress\/plugins\/seo\/ -->\n<title>CLIP P.CELULAR TIPO U PLAST - tienda de electr\u00f3nica y computaci\u00f3n<\/title>\n<meta name=\"robots\" content=\"index, follow, max-snippet:-1, max-image-preview:large, max-video-preview:-1\" \/>\n<link rel=\"canonical\" href=\"https:\/\/comerciallin.com\/index.php\/producto\/clip-p-celular-tipo-u-plast\/\" \/>\n<meta property=\"og:locale\" content=\"es_ES\" \/>\n<meta property=\"og:type\" content=\"article\" \/>\n<meta property=\"og:title\" content=\"CLIP P.CELULAR TIPO U PLAST\" \/>\n<meta property=\"og:url\" content=\"https:\/\/comerciallin.com\/index.php\/producto\/clip-p-celular-tipo-u-plast\/\" \/>\n<meta property=\"og:site_name\" content=\"tienda de electr\u00f3nica y computaci\u00f3n\" \/>\n<meta property=\"article:modified_time\" content=\"2025-01-14T18:55:48+00:00\" \/>\n<meta name=\"twitter:card\" content=\"summary_large_image\" \/>\n<meta name=\"twitter:image\" content=\"https:\/\/i0.wp.com\/comerciallin.com\/wp-content\/uploads\/2023\/08\/676030100801.jpg?fit=%2C&amp;ssl=1\" \/>\n<meta name=\"twitter:label1\" content=\"Precio\" \/>\n\t<meta name=\"twitter:data1\" content=\"&#36;3,45\" \/>\n\t<meta name=\"twitter:label2\" content=\"Availability\" \/>\n\t<meta name=\"twitter:data2\" content=\"In stock\" \/>\n<script type=\"application\/ld+json\" class=\"yoast-schema-graph\">{\"@context\":\"https:\/\/schema.org\",\"@graph\":[{\"@type\":\"WebSite\",\"@id\":\"https:\/\/comerciallin.com\/#website\",\"url\":\"https:\/\/comerciallin.com\/\",\"name\":\"tienda de electr\\u00f3nica y computaci\\u00f3n\",\"description\":\"Importadora de Electr\\u00f3nica y Computaci\\u00f3n\",\"potentialAction\":[{\"@type\":\"SearchAction\",\"target\":{\"@type\":\"EntryPoint\",\"urlTemplate\":\"https:\/\/comerciallin.com\/?s={search_term_string}\"},\"query-input\":\"required name=search_term_string\"}],\"inLanguage\":\"es\"},{\"@type\":\"ImageObject\",\"@id\":\"https:\/\/comerciallin.com\/index.php\/producto\/clip-p-celular-tipo-u-plast\/#primaryimage\",\"inLanguage\":\"es\",\"url\":\"https:\/\/i0.wp.com\/comerciallin.com\/wp-content\/uploads\/2023\/08\/676030100801.jpg?fit=%2C&ssl=1\",\"contentUrl\":\"https:\/\/i0.wp.com\/comerciallin.com\/wp-content\/uploads\/2023\/08\/676030100801.jpg?fit=%2C&ssl=1\",\"caption\":\"CLIP P.CELULAR TIPO U PLAST\"},{\"@type\":\"WebPage\",\"@id\":\"https:\/\/comerciallin.com\/index.php\/producto\/clip-p-celular-tipo-u-plast\/#webpage\",\"url\":\"https:\/\/comerciallin.com\/index.php\/producto\/clip-p-celular-tipo-u-plast\/\",\"name\":\"CLIP P.CELULAR TIPO U PLAST - tienda de electr\\u00f3nica y computaci\\u00f3n\",\"isPartOf\":{\"@id\":\"https:\/\/comerciallin.com\/#website\"},\"primaryImageOfPage\":{\"@id\":\"https:\/\/comerciallin.com\/index.php\/producto\/clip-p-celular-tipo-u-plast\/#primaryimage\"},\"datePublished\":\"2023-05-03T18:43:46+00:00\",\"dateModified\":\"2025-01-14T18:55:48+00:00\",\"breadcrumb\":{\"@id\":\"https:\/\/comerciallin.com\/index.php\/producto\/clip-p-celular-tipo-u-plast\/#breadcrumb\"},\"inLanguage\":\"es\",\"potentialAction\":[{\"@type\":\"ReadAction\",\"target\":[\"https:\/\/comerciallin.com\/index.php\/producto\/clip-p-celular-tipo-u-plast\/\"]}]},{\"@type\":\"BreadcrumbList\",\"@id\":\"https:\/\/comerciallin.com\/index.php\/producto\/clip-p-celular-tipo-u-plast\/#breadcrumb\",\"itemListElement\":[{\"@type\":\"ListItem\",\"position\":1,\"name\":\"Inicio\",\"item\":\"https:\/\/comerciallin.com\/\"},{\"@type\":\"ListItem\",\"position\":2,\"name\":\"Shop\",\"item\":\"https:\/\/comerciallin.com\/?page_id=3853\"},{\"@type\":\"ListItem\",\"position\":3,\"name\":\"CLIP P.CELULAR TIPO U PLAST\"}]}]}<\/script>\n<meta property=\"product:price:amount\" content=\"3.45\" \/>\n<meta property=\"product:price:currency\" content=\"USD\" \/>\n<meta property=\"og:availability\" content=\"instock\" \/>\n<meta property=\"product:availability\" content=\"instock\" \/>\n<meta property=\"product:retailer_item_id\" content=\"676030100801\" \/>\n<meta property=\"product:condition\" content=\"new\" \/>\n<!-- \/ Yoast SEO Premium plugin. -->","yoast_head_json":{"title":"CLIP P.CELULAR TIPO U PLAST - tienda de electr\u00f3nica y computaci\u00f3n","robots":{"index":"index","follow":"follow","max-snippet":"max-snippet:-1","max-image-preview":"max-image-preview:large","max-video-preview":"max-video-preview:-1"},"canonical":"https:\/\/comerciallin.com\/index.php\/producto\/clip-p-celular-tipo-u-plast\/","og_locale":"es_ES","og_type":"article","og_title":"CLIP P.CELULAR TIPO U PLAST","og_url":"https:\/\/comerciallin.com\/index.php\/producto\/clip-p-celular-tipo-u-plast\/","og_site_name":"tienda de electr\u00f3nica y computaci\u00f3n","article_modified_time":"2025-01-14T18:55:48+00:00","twitter_card":"summary_large_image","twitter_image":"https:\/\/i0.wp.com\/comerciallin.com\/wp-content\/uploads\/2023\/08\/676030100801.jpg?fit=%2C&ssl=1","twitter_misc":{"Precio":"&#36;3,45","Availability":"In stock"},"schema":{"@context":"https:\/\/schema.org","@graph":[{"@type":"WebSite","@id":"https:\/\/comerciallin.com\/#website","url":"https:\/\/comerciallin.com\/","name":"tienda de electr\u00f3nica y computaci\u00f3n","description":"Importadora de Electr\u00f3nica y Computaci\u00f3n","potentialAction":[{"@type":"SearchAction","target":{"@type":"EntryPoint","urlTemplate":"https:\/\/comerciallin.com\/?s={search_term_string}"},"query-input":"required name=search_term_string"}],"inLanguage":"es"},{"@type":"ImageObject","@id":"https:\/\/comerciallin.com\/index.php\/producto\/clip-p-celular-tipo-u-plast\/#primaryimage","inLanguage":"es","url":"https:\/\/i0.wp.com\/comerciallin.com\/wp-content\/uploads\/2023\/08\/676030100801.jpg?fit=%2C&ssl=1","contentUrl":"https:\/\/i0.wp.com\/comerciallin.com\/wp-content\/uploads\/2023\/08\/676030100801.jpg?fit=%2C&ssl=1","caption":"CLIP P.CELULAR TIPO U PLAST"},{"@type":"WebPage","@id":"https:\/\/comerciallin.com\/index.php\/producto\/clip-p-celular-tipo-u-plast\/#webpage","url":"https:\/\/comerciallin.com\/index.php\/producto\/clip-p-celular-tipo-u-plast\/","name":"CLIP P.CELULAR TIPO U PLAST - tienda de electr\u00f3nica y computaci\u00f3n","isPartOf":{"@id":"https:\/\/comerciallin.com\/#website"},"primaryImageOfPage":{"@id":"https:\/\/comerciallin.com\/index.php\/producto\/clip-p-celular-tipo-u-plast\/#primaryimage"},"datePublished":"2023-05-03T18:43:46+00:00","dateModified":"2025-01-14T18:55:48+00:00","breadcrumb":{"@id":"https:\/\/comerciallin.com\/index.php\/producto\/clip-p-celular-tipo-u-plast\/#breadcrumb"},"inLanguage":"es","potentialAction":[{"@type":"ReadAction","target":["https:\/\/comerciallin.com\/index.php\/producto\/clip-p-celular-tipo-u-plast\/"]}]},{"@type":"BreadcrumbList","@id":"https:\/\/comerciallin.com\/index.php\/producto\/clip-p-celular-tipo-u-plast\/#breadcrumb","itemListElement":[{"@type":"ListItem","position":1,"name":"Inicio","item":"https:\/\/comerciallin.com\/"},{"@type":"ListItem","position":2,"name":"Shop","item":"https:\/\/comerciallin.com\/?page_id=3853"},{"@type":"ListItem","position":3,"name":"CLIP P.CELULAR TIPO U PLAST"}]}]},"product_price_amount":"3.45","product_price_currency":"USD","og_availability":"instock","product_availability":"instock","product_retailer_item_id":"676030100801","product_condition":"new"},"jetpack-related-posts":[{"id":23958,"url":"https:\/\/comerciallin.com\/index.php\/producto\/silla-ofi-base-plast-hi-5004-blue\/","url_meta":{"origin":23710,"position":0},"title":"SILLA OFI. BASE PLAST HI-5004 BLUE","date":"11 de mayo de 2023","format":false,"excerpt":"","rel":"","context":"Entrada similar","img":{"alt_text":"","src":"","width":0,"height":0},"classes":[]},{"id":23960,"url":"https:\/\/comerciallin.com\/index.php\/producto\/silla-ofi-base-plast-hi-5004-pink\/","url_meta":{"origin":23710,"position":1},"title":"SILLA OFI. BASE PLAST HI-5004 PINK","date":"11 de mayo de 2023","format":false,"excerpt":"","rel":"","context":"Entrada similar","img":{"alt_text":"","src":"","width":0,"height":0},"classes":[]},{"id":23962,"url":"https:\/\/comerciallin.com\/index.php\/producto\/silla-ofi-base-plast-hi-5004-red\/","url_meta":{"origin":23710,"position":2},"title":"SILLA OFI. BASE PLAST HI-5004 RED","date":"11 de mayo de 2023","format":false,"excerpt":"","rel":"","context":"Entrada similar","img":{"alt_text":"","src":"","width":0,"height":0},"classes":[]},{"id":23701,"url":"https:\/\/comerciallin.com\/index.php\/producto\/clip-p-celular-ajustable-grande\/","url_meta":{"origin":23710,"position":3},"title":"CLIP P. CELULAR AJUSTABLE GRANDE","date":"3 de mayo de 2023","format":false,"excerpt":"","rel":"","context":"Entrada similar","img":{"alt_text":"","src":"","width":0,"height":0},"classes":[]},{"id":23703,"url":"https:\/\/comerciallin.com\/index.php\/producto\/clip-p-celular-ajustable-mc-1\/","url_meta":{"origin":23710,"position":4},"title":"CLIP P. CELULAR AJUSTABLE MC-1","date":"3 de mayo de 2023","format":false,"excerpt":"","rel":"","context":"Entrada similar","img":{"alt_text":"","src":"","width":0,"height":0},"classes":[]},{"id":23706,"url":"https:\/\/comerciallin.com\/index.php\/producto\/clip-p-celular-ajustable-xc-1\/","url_meta":{"origin":23710,"position":5},"title":"CLIP P. CELULAR AJUSTABLE XC-1","date":"3 de mayo de 2023","format":false,"excerpt":"","rel":"","context":"Entrada similar","img":{"alt_text":"","src":"","width":0,"height":0},"classes":[]}],"jetpack_sharing_enabled":true,"jetpack_likes_enabled":true,"_links":{"self":[{"href":"https:\/\/comerciallin.com\/index.php\/wp-json\/wp\/v2\/product\/23710"}],"collection":[{"href":"https:\/\/comerciallin.com\/index.php\/wp-json\/wp\/v2\/product"}],"about":[{"href":"https:\/\/comerciallin.com\/index.php\/wp-json\/wp\/v2\/types\/product"}],"replies":[{"embeddable":true,"href":"https:\/\/comerciallin.com\/index.php\/wp-json\/wp\/v2\/comments?post=23710"}],"wp:featuredmedia":[{"embeddable":true,"href":"https:\/\/comerciallin.com\/index.php\/wp-json\/wp\/v2\/media\/24863"}],"wp:attachment":[{"href":"https:\/\/comerciallin.com\/index.php\/wp-json\/wp\/v2\/media?parent=23710"}],"wp:term":[{"taxonomy":"product_cat","embeddable":true,"href":"https:\/\/comerciallin.com\/index.php\/wp-json\/wp\/v2\/product_cat?post=23710"},{"taxonomy":"product_tag","embeddable":true,"href":"https:\/\/comerciallin.com\/index.php\/wp-json\/wp\/v2\/product_tag?post=23710"}],"curies":[{"name":"wp","href":"https:\/\/api.w.org\/{rel}","templated":true}]}}