{"id":23683,"date":"2023-05-03T13:43:39","date_gmt":"2023-05-03T18:43:39","guid":{"rendered":"https:\/\/comerciallin.com\/index.php\/producto\/cargador-telefono-40w-5v3-6a-i17-v8-androide\/"},"modified":"2025-01-14T13:55:29","modified_gmt":"2025-01-14T18:55:29","slug":"cargador-telefono-40w-5v3-6a-i17-v8-androide","status":"publish","type":"product","link":"https:\/\/comerciallin.com\/index.php\/producto\/cargador-telefono-40w-5v3-6a-i17-v8-androide\/","title":{"rendered":"CARGADOR TELEFONO 40W 5V3.6A I17 V8 ANDROIDE"},"content":{"rendered":"","protected":false},"excerpt":{"rendered":"","protected":false},"featured_media":24836,"comment_status":"open","ping_status":"closed","template":"","meta":{"spay_email":""},"product_cat":[845],"product_tag":[],"supplier_id":null,"supplier_sku":"","barcode":null,"atum_controlled":true,"out_stock_date":null,"out_stock_threshold":null,"inheritable":false,"inbound_stock":null,"stock_on_hold":0,"sold_today":0,"sales_last_days":0,"reserved_stock":null,"customer_returns":null,"warehouse_damage":null,"lost_in_post":null,"other_logs":null,"out_stock_days":0,"lost_sales":0,"has_location":null,"update_date":"2026-04-28T00:11:16","atum_locations":[],"atum_stock_status":"instock","restock_status":false,"low_stock_amount":"","sales_update_date":"2026-04-28T00:11:16","calc_backorders":null,"acf":[],"yoast_head":"<!-- This site is optimized with the Yoast SEO Premium plugin v17.4 (Yoast SEO v17.4) - https:\/\/yoast.com\/wordpress\/plugins\/seo\/ -->\n<title>CARGADOR TELEFONO 40W 5V3.6A I17 V8 ANDROIDE - tienda de electr\u00f3nica y computaci\u00f3n<\/title>\n<meta name=\"robots\" content=\"index, follow, max-snippet:-1, max-image-preview:large, max-video-preview:-1\" \/>\n<link rel=\"canonical\" href=\"https:\/\/comerciallin.com\/index.php\/producto\/cargador-telefono-40w-5v3-6a-i17-v8-androide\/\" \/>\n<meta property=\"og:locale\" content=\"es_ES\" \/>\n<meta property=\"og:type\" content=\"article\" \/>\n<meta property=\"og:title\" content=\"CARGADOR TELEFONO 40W 5V3.6A I17 V8 ANDROIDE\" \/>\n<meta property=\"og:url\" content=\"https:\/\/comerciallin.com\/index.php\/producto\/cargador-telefono-40w-5v3-6a-i17-v8-androide\/\" \/>\n<meta property=\"og:site_name\" content=\"tienda de electr\u00f3nica y computaci\u00f3n\" \/>\n<meta property=\"article:modified_time\" content=\"2025-01-14T18:55:29+00:00\" \/>\n<meta name=\"twitter:card\" content=\"summary_large_image\" \/>\n<meta name=\"twitter:image\" content=\"https:\/\/i0.wp.com\/comerciallin.com\/wp-content\/uploads\/2023\/08\/579060110503.jpg?fit=%2C&amp;ssl=1\" \/>\n<meta name=\"twitter:label1\" content=\"Precio\" \/>\n\t<meta name=\"twitter:data1\" content=\"&#36;5,75\" \/>\n\t<meta name=\"twitter:label2\" content=\"Availability\" \/>\n\t<meta name=\"twitter:data2\" content=\"In stock\" \/>\n<script type=\"application\/ld+json\" class=\"yoast-schema-graph\">{\"@context\":\"https:\/\/schema.org\",\"@graph\":[{\"@type\":\"WebSite\",\"@id\":\"https:\/\/comerciallin.com\/#website\",\"url\":\"https:\/\/comerciallin.com\/\",\"name\":\"tienda de electr\\u00f3nica y computaci\\u00f3n\",\"description\":\"Importadora de Electr\\u00f3nica y Computaci\\u00f3n\",\"potentialAction\":[{\"@type\":\"SearchAction\",\"target\":{\"@type\":\"EntryPoint\",\"urlTemplate\":\"https:\/\/comerciallin.com\/?s={search_term_string}\"},\"query-input\":\"required name=search_term_string\"}],\"inLanguage\":\"es\"},{\"@type\":\"ImageObject\",\"@id\":\"https:\/\/comerciallin.com\/index.php\/producto\/cargador-telefono-40w-5v3-6a-i17-v8-androide\/#primaryimage\",\"inLanguage\":\"es\",\"url\":\"https:\/\/i0.wp.com\/comerciallin.com\/wp-content\/uploads\/2023\/08\/579060110503.jpg?fit=%2C&ssl=1\",\"contentUrl\":\"https:\/\/i0.wp.com\/comerciallin.com\/wp-content\/uploads\/2023\/08\/579060110503.jpg?fit=%2C&ssl=1\",\"caption\":\"CARGADOR TELEFONO 40W 5V3.6A I17 V8 ANDROIDE\"},{\"@type\":\"WebPage\",\"@id\":\"https:\/\/comerciallin.com\/index.php\/producto\/cargador-telefono-40w-5v3-6a-i17-v8-androide\/#webpage\",\"url\":\"https:\/\/comerciallin.com\/index.php\/producto\/cargador-telefono-40w-5v3-6a-i17-v8-androide\/\",\"name\":\"CARGADOR TELEFONO 40W 5V3.6A I17 V8 ANDROIDE - tienda de electr\\u00f3nica y computaci\\u00f3n\",\"isPartOf\":{\"@id\":\"https:\/\/comerciallin.com\/#website\"},\"primaryImageOfPage\":{\"@id\":\"https:\/\/comerciallin.com\/index.php\/producto\/cargador-telefono-40w-5v3-6a-i17-v8-androide\/#primaryimage\"},\"datePublished\":\"2023-05-03T18:43:39+00:00\",\"dateModified\":\"2025-01-14T18:55:29+00:00\",\"breadcrumb\":{\"@id\":\"https:\/\/comerciallin.com\/index.php\/producto\/cargador-telefono-40w-5v3-6a-i17-v8-androide\/#breadcrumb\"},\"inLanguage\":\"es\",\"potentialAction\":[{\"@type\":\"ReadAction\",\"target\":[\"https:\/\/comerciallin.com\/index.php\/producto\/cargador-telefono-40w-5v3-6a-i17-v8-androide\/\"]}]},{\"@type\":\"BreadcrumbList\",\"@id\":\"https:\/\/comerciallin.com\/index.php\/producto\/cargador-telefono-40w-5v3-6a-i17-v8-androide\/#breadcrumb\",\"itemListElement\":[{\"@type\":\"ListItem\",\"position\":1,\"name\":\"Inicio\",\"item\":\"https:\/\/comerciallin.com\/\"},{\"@type\":\"ListItem\",\"position\":2,\"name\":\"Shop\",\"item\":\"https:\/\/comerciallin.com\/?page_id=3853\"},{\"@type\":\"ListItem\",\"position\":3,\"name\":\"CARGADOR TELEFONO 40W 5V3.6A I17 V8 ANDROIDE\"}]}]}<\/script>\n<meta property=\"product:price:amount\" content=\"5.75\" \/>\n<meta property=\"product:price:currency\" content=\"USD\" \/>\n<meta property=\"og:availability\" content=\"instock\" \/>\n<meta property=\"product:availability\" content=\"instock\" \/>\n<meta property=\"product:retailer_item_id\" content=\"579060110503\" \/>\n<meta property=\"product:condition\" content=\"new\" \/>\n<!-- \/ Yoast SEO Premium plugin. -->","yoast_head_json":{"title":"CARGADOR TELEFONO 40W 5V3.6A I17 V8 ANDROIDE - tienda de electr\u00f3nica y computaci\u00f3n","robots":{"index":"index","follow":"follow","max-snippet":"max-snippet:-1","max-image-preview":"max-image-preview:large","max-video-preview":"max-video-preview:-1"},"canonical":"https:\/\/comerciallin.com\/index.php\/producto\/cargador-telefono-40w-5v3-6a-i17-v8-androide\/","og_locale":"es_ES","og_type":"article","og_title":"CARGADOR TELEFONO 40W 5V3.6A I17 V8 ANDROIDE","og_url":"https:\/\/comerciallin.com\/index.php\/producto\/cargador-telefono-40w-5v3-6a-i17-v8-androide\/","og_site_name":"tienda de electr\u00f3nica y computaci\u00f3n","article_modified_time":"2025-01-14T18:55:29+00:00","twitter_card":"summary_large_image","twitter_image":"https:\/\/i0.wp.com\/comerciallin.com\/wp-content\/uploads\/2023\/08\/579060110503.jpg?fit=%2C&ssl=1","twitter_misc":{"Precio":"&#36;5,75","Availability":"In stock"},"schema":{"@context":"https:\/\/schema.org","@graph":[{"@type":"WebSite","@id":"https:\/\/comerciallin.com\/#website","url":"https:\/\/comerciallin.com\/","name":"tienda de electr\u00f3nica y computaci\u00f3n","description":"Importadora de Electr\u00f3nica y Computaci\u00f3n","potentialAction":[{"@type":"SearchAction","target":{"@type":"EntryPoint","urlTemplate":"https:\/\/comerciallin.com\/?s={search_term_string}"},"query-input":"required name=search_term_string"}],"inLanguage":"es"},{"@type":"ImageObject","@id":"https:\/\/comerciallin.com\/index.php\/producto\/cargador-telefono-40w-5v3-6a-i17-v8-androide\/#primaryimage","inLanguage":"es","url":"https:\/\/i0.wp.com\/comerciallin.com\/wp-content\/uploads\/2023\/08\/579060110503.jpg?fit=%2C&ssl=1","contentUrl":"https:\/\/i0.wp.com\/comerciallin.com\/wp-content\/uploads\/2023\/08\/579060110503.jpg?fit=%2C&ssl=1","caption":"CARGADOR TELEFONO 40W 5V3.6A I17 V8 ANDROIDE"},{"@type":"WebPage","@id":"https:\/\/comerciallin.com\/index.php\/producto\/cargador-telefono-40w-5v3-6a-i17-v8-androide\/#webpage","url":"https:\/\/comerciallin.com\/index.php\/producto\/cargador-telefono-40w-5v3-6a-i17-v8-androide\/","name":"CARGADOR TELEFONO 40W 5V3.6A I17 V8 ANDROIDE - tienda de electr\u00f3nica y computaci\u00f3n","isPartOf":{"@id":"https:\/\/comerciallin.com\/#website"},"primaryImageOfPage":{"@id":"https:\/\/comerciallin.com\/index.php\/producto\/cargador-telefono-40w-5v3-6a-i17-v8-androide\/#primaryimage"},"datePublished":"2023-05-03T18:43:39+00:00","dateModified":"2025-01-14T18:55:29+00:00","breadcrumb":{"@id":"https:\/\/comerciallin.com\/index.php\/producto\/cargador-telefono-40w-5v3-6a-i17-v8-androide\/#breadcrumb"},"inLanguage":"es","potentialAction":[{"@type":"ReadAction","target":["https:\/\/comerciallin.com\/index.php\/producto\/cargador-telefono-40w-5v3-6a-i17-v8-androide\/"]}]},{"@type":"BreadcrumbList","@id":"https:\/\/comerciallin.com\/index.php\/producto\/cargador-telefono-40w-5v3-6a-i17-v8-androide\/#breadcrumb","itemListElement":[{"@type":"ListItem","position":1,"name":"Inicio","item":"https:\/\/comerciallin.com\/"},{"@type":"ListItem","position":2,"name":"Shop","item":"https:\/\/comerciallin.com\/?page_id=3853"},{"@type":"ListItem","position":3,"name":"CARGADOR TELEFONO 40W 5V3.6A I17 V8 ANDROIDE"}]}]},"product_price_amount":"5.75","product_price_currency":"USD","og_availability":"instock","product_availability":"instock","product_retailer_item_id":"579060110503","product_condition":"new"},"jetpack-related-posts":[{"id":18744,"url":"https:\/\/comerciallin.com\/index.php\/producto\/cargador-telefono-40w-5v3-6a-i17-iphone\/","url_meta":{"origin":23683,"position":0},"title":"CARGADOR TELEFONO 40W 5V3.6A I17 IPHONE","date":"7 de noviembre de 2022","format":false,"excerpt":"Modelo exclusivo de alta gama Chip de identificaci\u00f3n inteligente integrado con funci\u00f3n de apagado autom\u00e1tico cuando est\u00e1 completamente cargado Protecci\u00f3n contra cortocircuitos Soporte m\u00e1ximo de carga de energ\u00eda de 40 W; identificaci\u00f3n autom\u00c3\u00a1tica IC Incluye cable de datos totalmente compatible, la longitud del cable es de 1 metro","rel":"","context":"Entrada similar","img":{"alt_text":"","src":"","width":0,"height":0},"classes":[]},{"id":23689,"url":"https:\/\/comerciallin.com\/index.php\/producto\/cargador-telefono-5v2-4a-usb-i3-v8-androide\/","url_meta":{"origin":23683,"position":1},"title":"CARGADOR TELEFONO 5V2.4A USB I3 V8 ANDROIDE","date":"3 de mayo de 2023","format":false,"excerpt":"","rel":"","context":"Entrada similar","img":{"alt_text":"","src":"","width":0,"height":0},"classes":[]},{"id":18738,"url":"https:\/\/comerciallin.com\/index.php\/producto\/cargador-telefono-5v2-4a-usb-i25-v8-androide\/","url_meta":{"origin":23683,"position":2},"title":"CARGADOR TELEFONO 5V2.4A USB I25 V8 ANDROIDE","date":"7 de noviembre de 2022","format":false,"excerpt":"Dise\u00c3\u00b1o de doble USB, compatible con la carga de dos dispositivos al mismo tiempo Cargador dual USB modelo i25 Modelo exclusivo de alta gama Protecci\u00c3\u00b3n contra cortocircuitos Compatible con todos los tel\u00c3\u00a9fonos m\u00c3\u00b3viles y dispositivos m\u00c3\u00b3viles del mercado Incluye cable de datos totalmente compatible, la longitud del cable es de\u2026","rel":"","context":"Entrada similar","img":{"alt_text":"","src":"","width":0,"height":0},"classes":[]},{"id":19691,"url":"https:\/\/comerciallin.com\/index.php\/producto\/cargador-comp-len-yoga-3ori-20v-2a-or-5v-2a\/","url_meta":{"origin":23683,"position":3},"title":"CARGADOR COMP LEN YOGA 3ORI 20V-2A OR 5V-2A","date":"7 de noviembre de 2022","format":false,"excerpt":"Cargador adaptador para Lenovo Yoga 3 Pro-1370 Yoga 3-1170 Yoga 3-1470 36200563, ADL-40WCC, ADL40WDB con cable USB","rel":"","context":"Entrada similar","img":{"alt_text":"","src":"","width":0,"height":0},"classes":[]},{"id":23685,"url":"https:\/\/comerciallin.com\/index.php\/producto\/cargador-telefono-5v2-4a-usb-i25-iphone\/","url_meta":{"origin":23683,"position":4},"title":"CARGADOR TELEFONO 5V2.4A USB I25 IPHONE","date":"3 de mayo de 2023","format":false,"excerpt":"","rel":"","context":"Entrada similar","img":{"alt_text":"","src":"","width":0,"height":0},"classes":[]},{"id":23687,"url":"https:\/\/comerciallin.com\/index.php\/producto\/cargador-telefono-5v2-4a-usb-i3-iphone\/","url_meta":{"origin":23683,"position":5},"title":"CARGADOR TELEFONO 5V2.4A USB I3 IPHONE","date":"3 de mayo de 2023","format":false,"excerpt":"","rel":"","context":"Entrada similar","img":{"alt_text":"","src":"","width":0,"height":0},"classes":[]}],"jetpack_sharing_enabled":true,"jetpack_likes_enabled":true,"_links":{"self":[{"href":"https:\/\/comerciallin.com\/index.php\/wp-json\/wp\/v2\/product\/23683"}],"collection":[{"href":"https:\/\/comerciallin.com\/index.php\/wp-json\/wp\/v2\/product"}],"about":[{"href":"https:\/\/comerciallin.com\/index.php\/wp-json\/wp\/v2\/types\/product"}],"replies":[{"embeddable":true,"href":"https:\/\/comerciallin.com\/index.php\/wp-json\/wp\/v2\/comments?post=23683"}],"wp:featuredmedia":[{"embeddable":true,"href":"https:\/\/comerciallin.com\/index.php\/wp-json\/wp\/v2\/media\/24836"}],"wp:attachment":[{"href":"https:\/\/comerciallin.com\/index.php\/wp-json\/wp\/v2\/media?parent=23683"}],"wp:term":[{"taxonomy":"product_cat","embeddable":true,"href":"https:\/\/comerciallin.com\/index.php\/wp-json\/wp\/v2\/product_cat?post=23683"},{"taxonomy":"product_tag","embeddable":true,"href":"https:\/\/comerciallin.com\/index.php\/wp-json\/wp\/v2\/product_tag?post=23683"}],"curies":[{"name":"wp","href":"https:\/\/api.w.org\/{rel}","templated":true}]}}