{"id":23584,"date":"2023-04-27T17:05:14","date_gmt":"2023-04-27T22:05:14","guid":{"rendered":"https:\/\/comerciallin.com\/index.php\/producto\/cable-poder-3m-adapt\/"},"modified":"2025-01-14T13:54:53","modified_gmt":"2025-01-14T18:54:53","slug":"cable-poder-3m-adapt","status":"publish","type":"product","link":"https:\/\/comerciallin.com\/index.php\/producto\/cable-poder-3m-adapt\/","title":{"rendered":"CABLE PODER 3M ADAPT"},"content":{"rendered":"","protected":false},"excerpt":{"rendered":"","protected":false},"featured_media":24819,"comment_status":"open","ping_status":"closed","template":"","meta":{"spay_email":""},"product_cat":[819],"product_tag":[],"supplier_id":null,"supplier_sku":"","barcode":null,"atum_controlled":true,"out_stock_date":null,"out_stock_threshold":null,"inheritable":false,"inbound_stock":null,"stock_on_hold":0,"sold_today":0,"sales_last_days":0,"reserved_stock":null,"customer_returns":null,"warehouse_damage":null,"lost_in_post":null,"other_logs":null,"out_stock_days":0,"lost_sales":0,"has_location":null,"update_date":"2026-04-16T23:56:20","atum_locations":[],"atum_stock_status":"instock","restock_status":false,"low_stock_amount":"","sales_update_date":"2026-04-16T23:56:20","calc_backorders":null,"acf":[],"yoast_head":"<!-- This site is optimized with the Yoast SEO Premium plugin v17.4 (Yoast SEO v17.4) - https:\/\/yoast.com\/wordpress\/plugins\/seo\/ -->\n<title>CABLE PODER 3M ADAPT - tienda de electr\u00f3nica y computaci\u00f3n<\/title>\n<meta name=\"robots\" content=\"index, follow, max-snippet:-1, max-image-preview:large, max-video-preview:-1\" \/>\n<link rel=\"canonical\" href=\"https:\/\/comerciallin.com\/index.php\/producto\/cable-poder-3m-adapt\/\" \/>\n<meta property=\"og:locale\" content=\"es_ES\" \/>\n<meta property=\"og:type\" content=\"article\" \/>\n<meta property=\"og:title\" content=\"CABLE PODER 3M ADAPT\" \/>\n<meta property=\"og:url\" content=\"https:\/\/comerciallin.com\/index.php\/producto\/cable-poder-3m-adapt\/\" \/>\n<meta property=\"og:site_name\" content=\"tienda de electr\u00f3nica y computaci\u00f3n\" \/>\n<meta property=\"article:modified_time\" content=\"2025-01-14T18:54:53+00:00\" \/>\n<meta name=\"twitter:card\" content=\"summary_large_image\" \/>\n<meta name=\"twitter:image\" content=\"https:\/\/i0.wp.com\/comerciallin.com\/wp-content\/uploads\/2023\/08\/214030100801.jpg?fit=%2C&amp;ssl=1\" \/>\n<meta name=\"twitter:label1\" content=\"Precio\" \/>\n\t<meta name=\"twitter:data1\" content=\"&#36;5,75\" \/>\n\t<meta name=\"twitter:label2\" content=\"Availability\" \/>\n\t<meta name=\"twitter:data2\" content=\"In stock\" \/>\n<script type=\"application\/ld+json\" class=\"yoast-schema-graph\">{\"@context\":\"https:\/\/schema.org\",\"@graph\":[{\"@type\":\"WebSite\",\"@id\":\"https:\/\/comerciallin.com\/#website\",\"url\":\"https:\/\/comerciallin.com\/\",\"name\":\"tienda de electr\\u00f3nica y computaci\\u00f3n\",\"description\":\"Importadora de Electr\\u00f3nica y Computaci\\u00f3n\",\"potentialAction\":[{\"@type\":\"SearchAction\",\"target\":{\"@type\":\"EntryPoint\",\"urlTemplate\":\"https:\/\/comerciallin.com\/?s={search_term_string}\"},\"query-input\":\"required name=search_term_string\"}],\"inLanguage\":\"es\"},{\"@type\":\"ImageObject\",\"@id\":\"https:\/\/comerciallin.com\/index.php\/producto\/cable-poder-3m-adapt\/#primaryimage\",\"inLanguage\":\"es\",\"url\":\"https:\/\/i0.wp.com\/comerciallin.com\/wp-content\/uploads\/2023\/08\/214030100801.jpg?fit=%2C&ssl=1\",\"contentUrl\":\"https:\/\/i0.wp.com\/comerciallin.com\/wp-content\/uploads\/2023\/08\/214030100801.jpg?fit=%2C&ssl=1\",\"caption\":\"CABLE PODER 3M ADAPT\"},{\"@type\":\"WebPage\",\"@id\":\"https:\/\/comerciallin.com\/index.php\/producto\/cable-poder-3m-adapt\/#webpage\",\"url\":\"https:\/\/comerciallin.com\/index.php\/producto\/cable-poder-3m-adapt\/\",\"name\":\"CABLE PODER 3M ADAPT - tienda de electr\\u00f3nica y computaci\\u00f3n\",\"isPartOf\":{\"@id\":\"https:\/\/comerciallin.com\/#website\"},\"primaryImageOfPage\":{\"@id\":\"https:\/\/comerciallin.com\/index.php\/producto\/cable-poder-3m-adapt\/#primaryimage\"},\"datePublished\":\"2023-04-27T22:05:14+00:00\",\"dateModified\":\"2025-01-14T18:54:53+00:00\",\"breadcrumb\":{\"@id\":\"https:\/\/comerciallin.com\/index.php\/producto\/cable-poder-3m-adapt\/#breadcrumb\"},\"inLanguage\":\"es\",\"potentialAction\":[{\"@type\":\"ReadAction\",\"target\":[\"https:\/\/comerciallin.com\/index.php\/producto\/cable-poder-3m-adapt\/\"]}]},{\"@type\":\"BreadcrumbList\",\"@id\":\"https:\/\/comerciallin.com\/index.php\/producto\/cable-poder-3m-adapt\/#breadcrumb\",\"itemListElement\":[{\"@type\":\"ListItem\",\"position\":1,\"name\":\"Inicio\",\"item\":\"https:\/\/comerciallin.com\/\"},{\"@type\":\"ListItem\",\"position\":2,\"name\":\"Shop\",\"item\":\"https:\/\/comerciallin.com\/?page_id=3853\"},{\"@type\":\"ListItem\",\"position\":3,\"name\":\"CABLE PODER 3M ADAPT\"}]}]}<\/script>\n<meta property=\"product:price:amount\" content=\"5.75\" \/>\n<meta property=\"product:price:currency\" content=\"USD\" \/>\n<meta property=\"og:availability\" content=\"instock\" \/>\n<meta property=\"product:availability\" content=\"instock\" \/>\n<meta property=\"product:retailer_item_id\" content=\"214030100801\" \/>\n<meta property=\"product:condition\" content=\"new\" \/>\n<!-- \/ Yoast SEO Premium plugin. -->","yoast_head_json":{"title":"CABLE PODER 3M ADAPT - tienda de electr\u00f3nica y computaci\u00f3n","robots":{"index":"index","follow":"follow","max-snippet":"max-snippet:-1","max-image-preview":"max-image-preview:large","max-video-preview":"max-video-preview:-1"},"canonical":"https:\/\/comerciallin.com\/index.php\/producto\/cable-poder-3m-adapt\/","og_locale":"es_ES","og_type":"article","og_title":"CABLE PODER 3M ADAPT","og_url":"https:\/\/comerciallin.com\/index.php\/producto\/cable-poder-3m-adapt\/","og_site_name":"tienda de electr\u00f3nica y computaci\u00f3n","article_modified_time":"2025-01-14T18:54:53+00:00","twitter_card":"summary_large_image","twitter_image":"https:\/\/i0.wp.com\/comerciallin.com\/wp-content\/uploads\/2023\/08\/214030100801.jpg?fit=%2C&ssl=1","twitter_misc":{"Precio":"&#36;5,75","Availability":"In stock"},"schema":{"@context":"https:\/\/schema.org","@graph":[{"@type":"WebSite","@id":"https:\/\/comerciallin.com\/#website","url":"https:\/\/comerciallin.com\/","name":"tienda de electr\u00f3nica y computaci\u00f3n","description":"Importadora de Electr\u00f3nica y Computaci\u00f3n","potentialAction":[{"@type":"SearchAction","target":{"@type":"EntryPoint","urlTemplate":"https:\/\/comerciallin.com\/?s={search_term_string}"},"query-input":"required name=search_term_string"}],"inLanguage":"es"},{"@type":"ImageObject","@id":"https:\/\/comerciallin.com\/index.php\/producto\/cable-poder-3m-adapt\/#primaryimage","inLanguage":"es","url":"https:\/\/i0.wp.com\/comerciallin.com\/wp-content\/uploads\/2023\/08\/214030100801.jpg?fit=%2C&ssl=1","contentUrl":"https:\/\/i0.wp.com\/comerciallin.com\/wp-content\/uploads\/2023\/08\/214030100801.jpg?fit=%2C&ssl=1","caption":"CABLE PODER 3M ADAPT"},{"@type":"WebPage","@id":"https:\/\/comerciallin.com\/index.php\/producto\/cable-poder-3m-adapt\/#webpage","url":"https:\/\/comerciallin.com\/index.php\/producto\/cable-poder-3m-adapt\/","name":"CABLE PODER 3M ADAPT - tienda de electr\u00f3nica y computaci\u00f3n","isPartOf":{"@id":"https:\/\/comerciallin.com\/#website"},"primaryImageOfPage":{"@id":"https:\/\/comerciallin.com\/index.php\/producto\/cable-poder-3m-adapt\/#primaryimage"},"datePublished":"2023-04-27T22:05:14+00:00","dateModified":"2025-01-14T18:54:53+00:00","breadcrumb":{"@id":"https:\/\/comerciallin.com\/index.php\/producto\/cable-poder-3m-adapt\/#breadcrumb"},"inLanguage":"es","potentialAction":[{"@type":"ReadAction","target":["https:\/\/comerciallin.com\/index.php\/producto\/cable-poder-3m-adapt\/"]}]},{"@type":"BreadcrumbList","@id":"https:\/\/comerciallin.com\/index.php\/producto\/cable-poder-3m-adapt\/#breadcrumb","itemListElement":[{"@type":"ListItem","position":1,"name":"Inicio","item":"https:\/\/comerciallin.com\/"},{"@type":"ListItem","position":2,"name":"Shop","item":"https:\/\/comerciallin.com\/?page_id=3853"},{"@type":"ListItem","position":3,"name":"CABLE PODER 3M ADAPT"}]}]},"product_price_amount":"5.75","product_price_currency":"USD","og_availability":"instock","product_availability":"instock","product_retailer_item_id":"214030100801","product_condition":"new"},"jetpack-related-posts":[{"id":22767,"url":"https:\/\/comerciallin.com\/index.php\/producto\/cable-audio-6-3-6-3-mono-3m\/","url_meta":{"origin":23584,"position":0},"title":"CABLE AUDIO 6.3-6.3 MONO 3M","date":"24 de abril de 2023","format":false,"excerpt":"","rel":"","context":"Entrada similar","img":{"alt_text":"","src":"","width":0,"height":0},"classes":[]},{"id":25843,"url":"https:\/\/comerciallin.com\/index.php\/producto\/adaptador-poder-1-ide-a-2-sata\/","url_meta":{"origin":23584,"position":1},"title":"ADAPTADOR PODER 1 IDE A 2 SATA","date":"17 de noviembre de 2023","format":false,"excerpt":"\u00bfNecesitas alimentar tus dispositivos SATA? Este cable de alimentaci\u00f3n SATA de 15 pines es la soluci\u00f3n perfecta. Con dos conectores SATA hembra, puedes alimentar dos dispositivos SATA a la vez. El cable est\u00e1 hecho de materiales de alta calidad y est\u00e1 dise\u00f1ado para durar.","rel":"","context":"Entrada similar","img":{"alt_text":"","src":"","width":0,"height":0},"classes":[]},{"id":24659,"url":"https:\/\/comerciallin.com\/index.php\/producto\/extension-corriente-ks-8136-3m-new\/","url_meta":{"origin":23584,"position":2},"title":"EXTENSION CORRIENTE KS-8136 3M NEW","date":"8 de agosto de 2023","format":false,"excerpt":"","rel":"","context":"Entrada similar","img":{"alt_text":"60312101","src":"https:\/\/i0.wp.com\/comerciallin.com\/wp-content\/uploads\/2023\/09\/0060312101.png?fit=1080%2C1080&ssl=1&resize=350%2C200","width":350,"height":200},"classes":[]},{"id":18708,"url":"https:\/\/comerciallin.com\/index.php\/producto\/cable-poder-1-5mt\/","url_meta":{"origin":23584,"position":3},"title":"CABLE PODER 1.5MT","date":"7 de noviembre de 2022","format":false,"excerpt":"Cable Poder Para:\u00a0Pc, Monitores, Cargadores, Impresoras Y Otros que tengan el mismo conector. Cable De Poder:\u00a0Pesado, Grueso, de Buena Calidad, Durable.","rel":"","context":"Entrada similar","img":{"alt_text":"CABLE PODER 1.5MT","src":"https:\/\/i0.wp.com\/comerciallin.com\/wp-content\/uploads\/2023\/02\/cablepoder3.jpg?fit=500%2C500&ssl=1&resize=350%2C200","width":350,"height":200},"classes":[]},{"id":19697,"url":"https:\/\/comerciallin.com\/index.php\/producto\/expansor-pci-pata-tarjeta-de-video\/","url_meta":{"origin":23584,"position":4},"title":"EXPANSOR PCI PATA TARJETA DE VIDEO","date":"7 de noviembre de 2022","format":false,"excerpt":"Tarjeta adaptadora con alimentaci\u00f3n vertical PCIe 1X a 16X, elevadores de GPU PCI-E 8 condensadores para miner\u00eda de monedas Bitcoin Litecoin ETH con extensi\u00f3n de gr\u00e1ficos LED+cable 60cmUSB 3.0 y cable de alimentaci\u00f3n SATA de 6 pines","rel":"","context":"Entrada similar","img":{"alt_text":"","src":"","width":0,"height":0},"classes":[]},{"id":19647,"url":"https:\/\/comerciallin.com\/index.php\/producto\/cable-extension-de-fuente-pooder-4pin\/","url_meta":{"origin":23584,"position":5},"title":"CABLE EXTENSION DE FUENTE POODER 4PIN","date":"7 de noviembre de 2022","format":false,"excerpt":"ATX de 4 pines macho a hembra adaptador 20cm 4 Pin de extensi\u00f3n de energ\u00eda de la CPU de 4 pines Hembra PC Cable conector de alimentaci\u00f3n","rel":"","context":"Entrada similar","img":{"alt_text":"","src":"","width":0,"height":0},"classes":[]}],"jetpack_sharing_enabled":true,"jetpack_likes_enabled":true,"_links":{"self":[{"href":"https:\/\/comerciallin.com\/index.php\/wp-json\/wp\/v2\/product\/23584"}],"collection":[{"href":"https:\/\/comerciallin.com\/index.php\/wp-json\/wp\/v2\/product"}],"about":[{"href":"https:\/\/comerciallin.com\/index.php\/wp-json\/wp\/v2\/types\/product"}],"replies":[{"embeddable":true,"href":"https:\/\/comerciallin.com\/index.php\/wp-json\/wp\/v2\/comments?post=23584"}],"wp:featuredmedia":[{"embeddable":true,"href":"https:\/\/comerciallin.com\/index.php\/wp-json\/wp\/v2\/media\/24819"}],"wp:attachment":[{"href":"https:\/\/comerciallin.com\/index.php\/wp-json\/wp\/v2\/media?parent=23584"}],"wp:term":[{"taxonomy":"product_cat","embeddable":true,"href":"https:\/\/comerciallin.com\/index.php\/wp-json\/wp\/v2\/product_cat?post=23584"},{"taxonomy":"product_tag","embeddable":true,"href":"https:\/\/comerciallin.com\/index.php\/wp-json\/wp\/v2\/product_tag?post=23584"}],"curies":[{"name":"wp","href":"https:\/\/api.w.org\/{rel}","templated":true}]}}