{"id":23574,"date":"2023-04-27T17:05:13","date_gmt":"2023-04-27T22:05:13","guid":{"rendered":"https:\/\/comerciallin.com\/index.php\/producto\/bateria-p-megafono-pequeno\/"},"modified":"2025-01-14T13:54:46","modified_gmt":"2025-01-14T18:54:46","slug":"bateria-p-megafono-pequeno","status":"publish","type":"product","link":"https:\/\/comerciallin.com\/index.php\/producto\/bateria-p-megafono-pequeno\/","title":{"rendered":"BATERIA P. MEGAFONO PEQUE\u00d1O"},"content":{"rendered":"","protected":false},"excerpt":{"rendered":"","protected":false},"featured_media":24781,"comment_status":"open","ping_status":"closed","template":"","meta":{"spay_email":""},"product_cat":[774],"product_tag":[],"supplier_id":null,"supplier_sku":"","barcode":null,"atum_controlled":true,"out_stock_date":null,"out_stock_threshold":null,"inheritable":false,"inbound_stock":null,"stock_on_hold":0,"sold_today":0,"sales_last_days":0,"reserved_stock":null,"customer_returns":null,"warehouse_damage":null,"lost_in_post":null,"other_logs":null,"out_stock_days":0,"lost_sales":0,"has_location":null,"update_date":"2026-04-04T23:41:15","atum_locations":[],"atum_stock_status":"instock","restock_status":false,"low_stock_amount":"","sales_update_date":"2026-04-04T23:41:15","calc_backorders":null,"acf":[],"yoast_head":"<!-- This site is optimized with the Yoast SEO Premium plugin v17.4 (Yoast SEO v17.4) - https:\/\/yoast.com\/wordpress\/plugins\/seo\/ -->\n<title>BATERIA P. MEGAFONO PEQUE\u00d1O - tienda de electr\u00f3nica y computaci\u00f3n<\/title>\n<meta name=\"robots\" content=\"index, follow, max-snippet:-1, max-image-preview:large, max-video-preview:-1\" \/>\n<link rel=\"canonical\" href=\"https:\/\/comerciallin.com\/index.php\/producto\/bateria-p-megafono-pequeno\/\" \/>\n<meta property=\"og:locale\" content=\"es_ES\" \/>\n<meta property=\"og:type\" content=\"article\" \/>\n<meta property=\"og:title\" content=\"BATERIA P. MEGAFONO PEQUE\u00d1O\" \/>\n<meta property=\"og:url\" content=\"https:\/\/comerciallin.com\/index.php\/producto\/bateria-p-megafono-pequeno\/\" \/>\n<meta property=\"og:site_name\" content=\"tienda de electr\u00f3nica y computaci\u00f3n\" \/>\n<meta property=\"article:modified_time\" content=\"2025-01-14T18:54:46+00:00\" \/>\n<meta name=\"twitter:card\" content=\"summary_large_image\" \/>\n<meta name=\"twitter:image\" content=\"https:\/\/i0.wp.com\/comerciallin.com\/wp-content\/uploads\/2023\/08\/466010180301.jpg?fit=%2C&amp;ssl=1\" \/>\n<meta name=\"twitter:label1\" content=\"Precio\" \/>\n\t<meta name=\"twitter:data1\" content=\"&#36;11,62\" \/>\n\t<meta name=\"twitter:label2\" content=\"Availability\" \/>\n\t<meta name=\"twitter:data2\" content=\"In stock\" \/>\n<script type=\"application\/ld+json\" class=\"yoast-schema-graph\">{\"@context\":\"https:\/\/schema.org\",\"@graph\":[{\"@type\":\"WebSite\",\"@id\":\"https:\/\/comerciallin.com\/#website\",\"url\":\"https:\/\/comerciallin.com\/\",\"name\":\"tienda de electr\\u00f3nica y computaci\\u00f3n\",\"description\":\"Importadora de Electr\\u00f3nica y Computaci\\u00f3n\",\"potentialAction\":[{\"@type\":\"SearchAction\",\"target\":{\"@type\":\"EntryPoint\",\"urlTemplate\":\"https:\/\/comerciallin.com\/?s={search_term_string}\"},\"query-input\":\"required name=search_term_string\"}],\"inLanguage\":\"es\"},{\"@type\":\"ImageObject\",\"@id\":\"https:\/\/comerciallin.com\/index.php\/producto\/bateria-p-megafono-pequeno\/#primaryimage\",\"inLanguage\":\"es\",\"url\":\"https:\/\/i0.wp.com\/comerciallin.com\/wp-content\/uploads\/2023\/08\/466010180301.jpg?fit=%2C&ssl=1\",\"contentUrl\":\"https:\/\/i0.wp.com\/comerciallin.com\/wp-content\/uploads\/2023\/08\/466010180301.jpg?fit=%2C&ssl=1\",\"caption\":\"BATERIA P. MEGAFONO PEQUE\\u00d1O\"},{\"@type\":\"WebPage\",\"@id\":\"https:\/\/comerciallin.com\/index.php\/producto\/bateria-p-megafono-pequeno\/#webpage\",\"url\":\"https:\/\/comerciallin.com\/index.php\/producto\/bateria-p-megafono-pequeno\/\",\"name\":\"BATERIA P. MEGAFONO PEQUE\\u00d1O - tienda de electr\\u00f3nica y computaci\\u00f3n\",\"isPartOf\":{\"@id\":\"https:\/\/comerciallin.com\/#website\"},\"primaryImageOfPage\":{\"@id\":\"https:\/\/comerciallin.com\/index.php\/producto\/bateria-p-megafono-pequeno\/#primaryimage\"},\"datePublished\":\"2023-04-27T22:05:13+00:00\",\"dateModified\":\"2025-01-14T18:54:46+00:00\",\"breadcrumb\":{\"@id\":\"https:\/\/comerciallin.com\/index.php\/producto\/bateria-p-megafono-pequeno\/#breadcrumb\"},\"inLanguage\":\"es\",\"potentialAction\":[{\"@type\":\"ReadAction\",\"target\":[\"https:\/\/comerciallin.com\/index.php\/producto\/bateria-p-megafono-pequeno\/\"]}]},{\"@type\":\"BreadcrumbList\",\"@id\":\"https:\/\/comerciallin.com\/index.php\/producto\/bateria-p-megafono-pequeno\/#breadcrumb\",\"itemListElement\":[{\"@type\":\"ListItem\",\"position\":1,\"name\":\"Inicio\",\"item\":\"https:\/\/comerciallin.com\/\"},{\"@type\":\"ListItem\",\"position\":2,\"name\":\"Shop\",\"item\":\"https:\/\/comerciallin.com\/?page_id=3853\"},{\"@type\":\"ListItem\",\"position\":3,\"name\":\"BATERIA P. MEGAFONO PEQUE\\u00d1O\"}]}]}<\/script>\n<meta property=\"product:price:amount\" content=\"11.62\" \/>\n<meta property=\"product:price:currency\" content=\"USD\" \/>\n<meta property=\"og:availability\" content=\"instock\" \/>\n<meta property=\"product:availability\" content=\"instock\" \/>\n<meta property=\"product:retailer_item_id\" content=\"466010180301\" \/>\n<meta property=\"product:condition\" content=\"new\" \/>\n<!-- \/ Yoast SEO Premium plugin. -->","yoast_head_json":{"title":"BATERIA P. MEGAFONO PEQUE\u00d1O - tienda de electr\u00f3nica y computaci\u00f3n","robots":{"index":"index","follow":"follow","max-snippet":"max-snippet:-1","max-image-preview":"max-image-preview:large","max-video-preview":"max-video-preview:-1"},"canonical":"https:\/\/comerciallin.com\/index.php\/producto\/bateria-p-megafono-pequeno\/","og_locale":"es_ES","og_type":"article","og_title":"BATERIA P. MEGAFONO PEQUE\u00d1O","og_url":"https:\/\/comerciallin.com\/index.php\/producto\/bateria-p-megafono-pequeno\/","og_site_name":"tienda de electr\u00f3nica y computaci\u00f3n","article_modified_time":"2025-01-14T18:54:46+00:00","twitter_card":"summary_large_image","twitter_image":"https:\/\/i0.wp.com\/comerciallin.com\/wp-content\/uploads\/2023\/08\/466010180301.jpg?fit=%2C&ssl=1","twitter_misc":{"Precio":"&#36;11,62","Availability":"In stock"},"schema":{"@context":"https:\/\/schema.org","@graph":[{"@type":"WebSite","@id":"https:\/\/comerciallin.com\/#website","url":"https:\/\/comerciallin.com\/","name":"tienda de electr\u00f3nica y computaci\u00f3n","description":"Importadora de Electr\u00f3nica y Computaci\u00f3n","potentialAction":[{"@type":"SearchAction","target":{"@type":"EntryPoint","urlTemplate":"https:\/\/comerciallin.com\/?s={search_term_string}"},"query-input":"required name=search_term_string"}],"inLanguage":"es"},{"@type":"ImageObject","@id":"https:\/\/comerciallin.com\/index.php\/producto\/bateria-p-megafono-pequeno\/#primaryimage","inLanguage":"es","url":"https:\/\/i0.wp.com\/comerciallin.com\/wp-content\/uploads\/2023\/08\/466010180301.jpg?fit=%2C&ssl=1","contentUrl":"https:\/\/i0.wp.com\/comerciallin.com\/wp-content\/uploads\/2023\/08\/466010180301.jpg?fit=%2C&ssl=1","caption":"BATERIA P. MEGAFONO PEQUE\u00d1O"},{"@type":"WebPage","@id":"https:\/\/comerciallin.com\/index.php\/producto\/bateria-p-megafono-pequeno\/#webpage","url":"https:\/\/comerciallin.com\/index.php\/producto\/bateria-p-megafono-pequeno\/","name":"BATERIA P. MEGAFONO PEQUE\u00d1O - tienda de electr\u00f3nica y computaci\u00f3n","isPartOf":{"@id":"https:\/\/comerciallin.com\/#website"},"primaryImageOfPage":{"@id":"https:\/\/comerciallin.com\/index.php\/producto\/bateria-p-megafono-pequeno\/#primaryimage"},"datePublished":"2023-04-27T22:05:13+00:00","dateModified":"2025-01-14T18:54:46+00:00","breadcrumb":{"@id":"https:\/\/comerciallin.com\/index.php\/producto\/bateria-p-megafono-pequeno\/#breadcrumb"},"inLanguage":"es","potentialAction":[{"@type":"ReadAction","target":["https:\/\/comerciallin.com\/index.php\/producto\/bateria-p-megafono-pequeno\/"]}]},{"@type":"BreadcrumbList","@id":"https:\/\/comerciallin.com\/index.php\/producto\/bateria-p-megafono-pequeno\/#breadcrumb","itemListElement":[{"@type":"ListItem","position":1,"name":"Inicio","item":"https:\/\/comerciallin.com\/"},{"@type":"ListItem","position":2,"name":"Shop","item":"https:\/\/comerciallin.com\/?page_id=3853"},{"@type":"ListItem","position":3,"name":"BATERIA P. MEGAFONO PEQUE\u00d1O"}]}]},"product_price_amount":"11.62","product_price_currency":"USD","og_availability":"instock","product_availability":"instock","product_retailer_item_id":"466010180301","product_condition":"new"},"jetpack-related-posts":[{"id":22824,"url":"https:\/\/comerciallin.com\/index.php\/producto\/megafono-ks-900usb\/","url_meta":{"origin":23574,"position":0},"title":"MEGAFONO KS-900USB","date":"24 de abril de 2023","format":false,"excerpt":"","rel":"","context":"Entrada similar","img":{"alt_text":"","src":"","width":0,"height":0},"classes":[]},{"id":22827,"url":"https:\/\/comerciallin.com\/index.php\/producto\/megafono-ks-1200usb-bt\/","url_meta":{"origin":23574,"position":1},"title":"MEGAFONO KS-1200USB + BT","date":"24 de abril de 2023","format":false,"excerpt":"","rel":"","context":"Entrada similar","img":{"alt_text":"","src":"","width":0,"height":0},"classes":[]},{"id":23771,"url":"https:\/\/comerciallin.com\/index.php\/producto\/megafono-ks-107-619usb-bt\/","url_meta":{"origin":23574,"position":2},"title":"MEGAFONO KS-107\/619USB + BT","date":"3 de mayo de 2023","format":false,"excerpt":"","rel":"","context":"Entrada similar","img":{"alt_text":"","src":"","width":0,"height":0},"classes":[]},{"id":19064,"url":"https:\/\/comerciallin.com\/index.php\/producto\/bateria-p-lapto-hp-cc06-cc06x-cc06xl-6360\/","url_meta":{"origin":23574,"position":3},"title":"BATERIA P. LAPTO HP CC06\/ CC06X\/ CC06XL\/ 6360","date":"7 de noviembre de 2022","format":false,"excerpt":"bater\u00eda para HP ProBook 6360b 6460b 6465b 6470b 6475B 6560b 6565b 6570b","rel":"","context":"Entrada similar","img":{"alt_text":"","src":"","width":0,"height":0},"classes":[]},{"id":19641,"url":"https:\/\/comerciallin.com\/index.php\/producto\/bateria-p-lapto-hp-dv2000\/","url_meta":{"origin":23574,"position":4},"title":"BATERIA P. LAPTO HP DV2000","date":"7 de noviembre de 2022","format":false,"excerpt":"Bater\u00eda de repuesto compatible con HP DV2000","rel":"","context":"Entrada similar","img":{"alt_text":"","src":"","width":0,"height":0},"classes":[]},{"id":19197,"url":"https:\/\/comerciallin.com\/index.php\/producto\/bateria-p-lapto-comp-hp-hs04\/","url_meta":{"origin":23574,"position":5},"title":"BATERIA P. LAPTO COMP HP HS04","date":"7 de noviembre de 2022","format":false,"excerpt":"Modelo M2Q95AA#AC3 Nombre del modelo HS04 Notebook Battery Model Year 2015 Dimensiones del producto 27.31 x 3.48 x 2.08 cm; 420 gramos Pilas 1 Litio Ion (Tipo de pila necesaria)","rel":"","context":"Entrada similar","img":{"alt_text":"","src":"","width":0,"height":0},"classes":[]}],"jetpack_sharing_enabled":true,"jetpack_likes_enabled":true,"_links":{"self":[{"href":"https:\/\/comerciallin.com\/index.php\/wp-json\/wp\/v2\/product\/23574"}],"collection":[{"href":"https:\/\/comerciallin.com\/index.php\/wp-json\/wp\/v2\/product"}],"about":[{"href":"https:\/\/comerciallin.com\/index.php\/wp-json\/wp\/v2\/types\/product"}],"replies":[{"embeddable":true,"href":"https:\/\/comerciallin.com\/index.php\/wp-json\/wp\/v2\/comments?post=23574"}],"wp:featuredmedia":[{"embeddable":true,"href":"https:\/\/comerciallin.com\/index.php\/wp-json\/wp\/v2\/media\/24781"}],"wp:attachment":[{"href":"https:\/\/comerciallin.com\/index.php\/wp-json\/wp\/v2\/media?parent=23574"}],"wp:term":[{"taxonomy":"product_cat","embeddable":true,"href":"https:\/\/comerciallin.com\/index.php\/wp-json\/wp\/v2\/product_cat?post=23574"},{"taxonomy":"product_tag","embeddable":true,"href":"https:\/\/comerciallin.com\/index.php\/wp-json\/wp\/v2\/product_tag?post=23574"}],"curies":[{"name":"wp","href":"https:\/\/api.w.org\/{rel}","templated":true}]}}