{"id":23568,"date":"2023-04-27T17:05:12","date_gmt":"2023-04-27T22:05:12","guid":{"rendered":"https:\/\/comerciallin.com\/index.php\/producto\/bateria-camara-video-np-fc10-fc11\/"},"modified":"2025-01-14T13:54:06","modified_gmt":"2025-01-14T18:54:06","slug":"bateria-camara-video-np-fc10-fc11","status":"publish","type":"product","link":"https:\/\/comerciallin.com\/index.php\/producto\/bateria-camara-video-np-fc10-fc11\/","title":{"rendered":"BATERIA CAMARA VIDEO NP-FC10\/FC11"},"content":{"rendered":"","protected":false},"excerpt":{"rendered":"","protected":false},"featured_media":24773,"comment_status":"open","ping_status":"closed","template":"","meta":{"spay_email":""},"product_cat":[774],"product_tag":[],"supplier_id":null,"supplier_sku":"","barcode":null,"atum_controlled":true,"out_stock_date":null,"out_stock_threshold":null,"inheritable":false,"inbound_stock":null,"stock_on_hold":0,"sold_today":0,"sales_last_days":0,"reserved_stock":null,"customer_returns":null,"warehouse_damage":null,"lost_in_post":null,"other_logs":null,"out_stock_days":0,"lost_sales":0,"has_location":null,"update_date":"2026-04-04T23:41:15","atum_locations":[],"atum_stock_status":"instock","restock_status":false,"low_stock_amount":"","sales_update_date":"2026-04-04T23:41:15","calc_backorders":null,"acf":[],"yoast_head":"<!-- This site is optimized with the Yoast SEO Premium plugin v17.4 (Yoast SEO v17.4) - https:\/\/yoast.com\/wordpress\/plugins\/seo\/ -->\n<title>BATERIA CAMARA VIDEO NP-FC10\/FC11 - tienda de electr\u00f3nica y computaci\u00f3n<\/title>\n<meta name=\"robots\" content=\"index, follow, max-snippet:-1, max-image-preview:large, max-video-preview:-1\" \/>\n<link rel=\"canonical\" href=\"https:\/\/comerciallin.com\/index.php\/producto\/bateria-camara-video-np-fc10-fc11\/\" \/>\n<meta property=\"og:locale\" content=\"es_ES\" \/>\n<meta property=\"og:type\" content=\"article\" \/>\n<meta property=\"og:title\" content=\"BATERIA CAMARA VIDEO NP-FC10\/FC11\" \/>\n<meta property=\"og:url\" content=\"https:\/\/comerciallin.com\/index.php\/producto\/bateria-camara-video-np-fc10-fc11\/\" \/>\n<meta property=\"og:site_name\" content=\"tienda de electr\u00f3nica y computaci\u00f3n\" \/>\n<meta property=\"article:modified_time\" content=\"2025-01-14T18:54:06+00:00\" \/>\n<meta name=\"twitter:card\" content=\"summary_large_image\" \/>\n<meta name=\"twitter:image\" content=\"https:\/\/i0.wp.com\/comerciallin.com\/wp-content\/uploads\/2023\/08\/212060100601.jpg?fit=%2C&amp;ssl=1\" \/>\n<meta name=\"twitter:label1\" content=\"Precio\" \/>\n\t<meta name=\"twitter:data1\" content=\"&#36;32,20\" \/>\n\t<meta name=\"twitter:label2\" content=\"Availability\" \/>\n\t<meta name=\"twitter:data2\" content=\"In stock\" \/>\n<script type=\"application\/ld+json\" class=\"yoast-schema-graph\">{\"@context\":\"https:\/\/schema.org\",\"@graph\":[{\"@type\":\"WebSite\",\"@id\":\"https:\/\/comerciallin.com\/#website\",\"url\":\"https:\/\/comerciallin.com\/\",\"name\":\"tienda de electr\\u00f3nica y computaci\\u00f3n\",\"description\":\"Importadora de Electr\\u00f3nica y Computaci\\u00f3n\",\"potentialAction\":[{\"@type\":\"SearchAction\",\"target\":{\"@type\":\"EntryPoint\",\"urlTemplate\":\"https:\/\/comerciallin.com\/?s={search_term_string}\"},\"query-input\":\"required name=search_term_string\"}],\"inLanguage\":\"es\"},{\"@type\":\"ImageObject\",\"@id\":\"https:\/\/comerciallin.com\/index.php\/producto\/bateria-camara-video-np-fc10-fc11\/#primaryimage\",\"inLanguage\":\"es\",\"url\":\"https:\/\/i0.wp.com\/comerciallin.com\/wp-content\/uploads\/2023\/08\/212060100601.jpg?fit=%2C&ssl=1\",\"contentUrl\":\"https:\/\/i0.wp.com\/comerciallin.com\/wp-content\/uploads\/2023\/08\/212060100601.jpg?fit=%2C&ssl=1\",\"caption\":\"BATERIA CAMARA VIDEO NP-FC10\/FC11\"},{\"@type\":\"WebPage\",\"@id\":\"https:\/\/comerciallin.com\/index.php\/producto\/bateria-camara-video-np-fc10-fc11\/#webpage\",\"url\":\"https:\/\/comerciallin.com\/index.php\/producto\/bateria-camara-video-np-fc10-fc11\/\",\"name\":\"BATERIA CAMARA VIDEO NP-FC10\/FC11 - tienda de electr\\u00f3nica y computaci\\u00f3n\",\"isPartOf\":{\"@id\":\"https:\/\/comerciallin.com\/#website\"},\"primaryImageOfPage\":{\"@id\":\"https:\/\/comerciallin.com\/index.php\/producto\/bateria-camara-video-np-fc10-fc11\/#primaryimage\"},\"datePublished\":\"2023-04-27T22:05:12+00:00\",\"dateModified\":\"2025-01-14T18:54:06+00:00\",\"breadcrumb\":{\"@id\":\"https:\/\/comerciallin.com\/index.php\/producto\/bateria-camara-video-np-fc10-fc11\/#breadcrumb\"},\"inLanguage\":\"es\",\"potentialAction\":[{\"@type\":\"ReadAction\",\"target\":[\"https:\/\/comerciallin.com\/index.php\/producto\/bateria-camara-video-np-fc10-fc11\/\"]}]},{\"@type\":\"BreadcrumbList\",\"@id\":\"https:\/\/comerciallin.com\/index.php\/producto\/bateria-camara-video-np-fc10-fc11\/#breadcrumb\",\"itemListElement\":[{\"@type\":\"ListItem\",\"position\":1,\"name\":\"Inicio\",\"item\":\"https:\/\/comerciallin.com\/\"},{\"@type\":\"ListItem\",\"position\":2,\"name\":\"Shop\",\"item\":\"https:\/\/comerciallin.com\/?page_id=3853\"},{\"@type\":\"ListItem\",\"position\":3,\"name\":\"BATERIA CAMARA VIDEO NP-FC10\/FC11\"}]}]}<\/script>\n<meta property=\"product:price:amount\" content=\"32.20\" \/>\n<meta property=\"product:price:currency\" content=\"USD\" \/>\n<meta property=\"og:availability\" content=\"instock\" \/>\n<meta property=\"product:availability\" content=\"instock\" \/>\n<meta property=\"product:retailer_item_id\" content=\"212060100601\" \/>\n<meta property=\"product:condition\" content=\"new\" \/>\n<!-- \/ Yoast SEO Premium plugin. -->","yoast_head_json":{"title":"BATERIA CAMARA VIDEO NP-FC10\/FC11 - tienda de electr\u00f3nica y computaci\u00f3n","robots":{"index":"index","follow":"follow","max-snippet":"max-snippet:-1","max-image-preview":"max-image-preview:large","max-video-preview":"max-video-preview:-1"},"canonical":"https:\/\/comerciallin.com\/index.php\/producto\/bateria-camara-video-np-fc10-fc11\/","og_locale":"es_ES","og_type":"article","og_title":"BATERIA CAMARA VIDEO NP-FC10\/FC11","og_url":"https:\/\/comerciallin.com\/index.php\/producto\/bateria-camara-video-np-fc10-fc11\/","og_site_name":"tienda de electr\u00f3nica y computaci\u00f3n","article_modified_time":"2025-01-14T18:54:06+00:00","twitter_card":"summary_large_image","twitter_image":"https:\/\/i0.wp.com\/comerciallin.com\/wp-content\/uploads\/2023\/08\/212060100601.jpg?fit=%2C&ssl=1","twitter_misc":{"Precio":"&#36;32,20","Availability":"In stock"},"schema":{"@context":"https:\/\/schema.org","@graph":[{"@type":"WebSite","@id":"https:\/\/comerciallin.com\/#website","url":"https:\/\/comerciallin.com\/","name":"tienda de electr\u00f3nica y computaci\u00f3n","description":"Importadora de Electr\u00f3nica y Computaci\u00f3n","potentialAction":[{"@type":"SearchAction","target":{"@type":"EntryPoint","urlTemplate":"https:\/\/comerciallin.com\/?s={search_term_string}"},"query-input":"required name=search_term_string"}],"inLanguage":"es"},{"@type":"ImageObject","@id":"https:\/\/comerciallin.com\/index.php\/producto\/bateria-camara-video-np-fc10-fc11\/#primaryimage","inLanguage":"es","url":"https:\/\/i0.wp.com\/comerciallin.com\/wp-content\/uploads\/2023\/08\/212060100601.jpg?fit=%2C&ssl=1","contentUrl":"https:\/\/i0.wp.com\/comerciallin.com\/wp-content\/uploads\/2023\/08\/212060100601.jpg?fit=%2C&ssl=1","caption":"BATERIA CAMARA VIDEO NP-FC10\/FC11"},{"@type":"WebPage","@id":"https:\/\/comerciallin.com\/index.php\/producto\/bateria-camara-video-np-fc10-fc11\/#webpage","url":"https:\/\/comerciallin.com\/index.php\/producto\/bateria-camara-video-np-fc10-fc11\/","name":"BATERIA CAMARA VIDEO NP-FC10\/FC11 - tienda de electr\u00f3nica y computaci\u00f3n","isPartOf":{"@id":"https:\/\/comerciallin.com\/#website"},"primaryImageOfPage":{"@id":"https:\/\/comerciallin.com\/index.php\/producto\/bateria-camara-video-np-fc10-fc11\/#primaryimage"},"datePublished":"2023-04-27T22:05:12+00:00","dateModified":"2025-01-14T18:54:06+00:00","breadcrumb":{"@id":"https:\/\/comerciallin.com\/index.php\/producto\/bateria-camara-video-np-fc10-fc11\/#breadcrumb"},"inLanguage":"es","potentialAction":[{"@type":"ReadAction","target":["https:\/\/comerciallin.com\/index.php\/producto\/bateria-camara-video-np-fc10-fc11\/"]}]},{"@type":"BreadcrumbList","@id":"https:\/\/comerciallin.com\/index.php\/producto\/bateria-camara-video-np-fc10-fc11\/#breadcrumb","itemListElement":[{"@type":"ListItem","position":1,"name":"Inicio","item":"https:\/\/comerciallin.com\/"},{"@type":"ListItem","position":2,"name":"Shop","item":"https:\/\/comerciallin.com\/?page_id=3853"},{"@type":"ListItem","position":3,"name":"BATERIA CAMARA VIDEO NP-FC10\/FC11"}]}]},"product_price_amount":"32.20","product_price_currency":"USD","og_availability":"instock","product_availability":"instock","product_retailer_item_id":"212060100601","product_condition":"new"},"jetpack-related-posts":[{"id":26098,"url":"https:\/\/comerciallin.com\/index.php\/producto\/bateria-camara-np-fh70\/","url_meta":{"origin":23568,"position":0},"title":"BATERIA CAMARA NP-FH70","date":"29 de enero de 2024","format":false,"excerpt":"La bater\u00eda de c\u00e1mara NP-FH70 es una bater\u00eda de iones de litio de alta capacidad que proporciona un tiempo de grabaci\u00f3n prolongado para una variedad de c\u00e1maras y videoc\u00e1maras Sony. Tiene una capacidad de 2900 mAh y un voltaje de 7,4 V.","rel":"","context":"Entrada similar","img":{"alt_text":"BATERIA CAMARA NP-FH70","src":"https:\/\/i0.wp.com\/comerciallin.com\/wp-content\/uploads\/2024\/01\/421206010104-1.jpg?fit=1200%2C1200&ssl=1&resize=350%2C200","width":350,"height":200},"classes":[]},{"id":23197,"url":"https:\/\/comerciallin.com\/index.php\/producto\/bateria-camara-np-fh50\/","url_meta":{"origin":23568,"position":1},"title":"BATERIA CAMARA NP-FH50","date":"25 de abril de 2023","format":false,"excerpt":"","rel":"","context":"Entrada similar","img":{"alt_text":"","src":"","width":0,"height":0},"classes":[]},{"id":23181,"url":"https:\/\/comerciallin.com\/index.php\/producto\/bateria-camara-np-fh70-new\/","url_meta":{"origin":23568,"position":2},"title":"BATERIA CAMARA NP-FH70 NEW","date":"25 de abril de 2023","format":false,"excerpt":"","rel":"","context":"Entrada similar","img":{"alt_text":"","src":"","width":0,"height":0},"classes":[]},{"id":23560,"url":"https:\/\/comerciallin.com\/index.php\/producto\/bateria-camara-np-f330-f550-f570\/","url_meta":{"origin":23568,"position":3},"title":"BATERIA CAMARA NP-F330\/F550\/F570","date":"27 de abril de 2023","format":false,"excerpt":"","rel":"","context":"Entrada similar","img":{"alt_text":"","src":"","width":0,"height":0},"classes":[]},{"id":19728,"url":"https:\/\/comerciallin.com\/index.php\/producto\/bateria-p-lapto-comp-samsung-r580\/","url_meta":{"origin":23568,"position":4},"title":"BATERIA P. LAPTO COMP SAMSUNG R580","date":"8 de noviembre de 2022","format":false,"excerpt":"Baters para Samsung R480 R480-JT03 r480-jt05 NP-R580-JSB1US np-r580-jt01il NP-300 V NP-305 V 305 V5 a-t02 NP-RC530 NP-R530E NP-RC730 AA-PB9NC6B","rel":"","context":"Entrada similar","img":{"alt_text":"","src":"","width":0,"height":0},"classes":[]},{"id":19177,"url":"https:\/\/comerciallin.com\/index.php\/producto\/bateria-comp-samsung-n150-n148-np-n148-aa-pb\/","url_meta":{"origin":23568,"position":5},"title":"BATERIA COMP SAMSUNG N150\/N148\/NP-N148\/AA-PB","date":"7 de noviembre de 2022","format":false,"excerpt":"Model Samsung R420 R430 Product Dimensions 24 x 14 x 4 cm; 249 Grams Item model number Samsung R420 R430 Compatible Devices Laptop","rel":"","context":"Entrada similar","img":{"alt_text":"","src":"","width":0,"height":0},"classes":[]}],"jetpack_sharing_enabled":true,"jetpack_likes_enabled":true,"_links":{"self":[{"href":"https:\/\/comerciallin.com\/index.php\/wp-json\/wp\/v2\/product\/23568"}],"collection":[{"href":"https:\/\/comerciallin.com\/index.php\/wp-json\/wp\/v2\/product"}],"about":[{"href":"https:\/\/comerciallin.com\/index.php\/wp-json\/wp\/v2\/types\/product"}],"replies":[{"embeddable":true,"href":"https:\/\/comerciallin.com\/index.php\/wp-json\/wp\/v2\/comments?post=23568"}],"wp:featuredmedia":[{"embeddable":true,"href":"https:\/\/comerciallin.com\/index.php\/wp-json\/wp\/v2\/media\/24773"}],"wp:attachment":[{"href":"https:\/\/comerciallin.com\/index.php\/wp-json\/wp\/v2\/media?parent=23568"}],"wp:term":[{"taxonomy":"product_cat","embeddable":true,"href":"https:\/\/comerciallin.com\/index.php\/wp-json\/wp\/v2\/product_cat?post=23568"},{"taxonomy":"product_tag","embeddable":true,"href":"https:\/\/comerciallin.com\/index.php\/wp-json\/wp\/v2\/product_tag?post=23568"}],"curies":[{"name":"wp","href":"https:\/\/api.w.org\/{rel}","templated":true}]}}