{"id":23538,"date":"2023-04-27T17:04:35","date_gmt":"2023-04-27T22:04:35","guid":{"rendered":"https:\/\/comerciallin.com\/index.php\/producto\/ball-head-m-14\/"},"modified":"2025-01-14T13:53:58","modified_gmt":"2025-01-14T18:53:58","slug":"ball-head-m-14","status":"publish","type":"product","link":"https:\/\/comerciallin.com\/index.php\/producto\/ball-head-m-14\/","title":{"rendered":"BALL HEAD M-14"},"content":{"rendered":"","protected":false},"excerpt":{"rendered":"","protected":false},"featured_media":24739,"comment_status":"open","ping_status":"closed","template":"","meta":{"spay_email":""},"product_cat":[775],"product_tag":[],"supplier_id":null,"supplier_sku":"","barcode":null,"atum_controlled":true,"out_stock_date":null,"out_stock_threshold":null,"inheritable":false,"inbound_stock":null,"stock_on_hold":0,"sold_today":0,"sales_last_days":0,"reserved_stock":null,"customer_returns":null,"warehouse_damage":null,"lost_in_post":null,"other_logs":null,"out_stock_days":0,"lost_sales":0,"has_location":null,"update_date":"2026-04-30T00:11:47","atum_locations":[],"atum_stock_status":"instock","restock_status":false,"low_stock_amount":"","sales_update_date":"2026-04-30T00:11:47","calc_backorders":null,"acf":[],"yoast_head":"<!-- This site is optimized with the Yoast SEO Premium plugin v17.4 (Yoast SEO v17.4) - https:\/\/yoast.com\/wordpress\/plugins\/seo\/ -->\n<title>BALL HEAD M-14 - tienda de electr\u00f3nica y computaci\u00f3n<\/title>\n<meta name=\"robots\" content=\"index, follow, max-snippet:-1, max-image-preview:large, max-video-preview:-1\" \/>\n<link rel=\"canonical\" href=\"https:\/\/comerciallin.com\/index.php\/producto\/ball-head-m-14\/\" \/>\n<meta property=\"og:locale\" content=\"es_ES\" \/>\n<meta property=\"og:type\" content=\"article\" \/>\n<meta property=\"og:title\" content=\"BALL HEAD M-14\" \/>\n<meta property=\"og:url\" content=\"https:\/\/comerciallin.com\/index.php\/producto\/ball-head-m-14\/\" \/>\n<meta property=\"og:site_name\" content=\"tienda de electr\u00f3nica y computaci\u00f3n\" \/>\n<meta property=\"article:modified_time\" content=\"2025-01-14T18:53:58+00:00\" \/>\n<meta name=\"twitter:card\" content=\"summary_large_image\" \/>\n<meta name=\"twitter:image\" content=\"https:\/\/i0.wp.com\/comerciallin.com\/wp-content\/uploads\/2023\/08\/031030100804.jpg?fit=%2C&amp;ssl=1\" \/>\n<meta name=\"twitter:label1\" content=\"Precio\" \/>\n\t<meta name=\"twitter:data1\" content=\"&#36;11,50\" \/>\n\t<meta name=\"twitter:label2\" content=\"Availability\" \/>\n\t<meta name=\"twitter:data2\" content=\"In stock\" \/>\n<script type=\"application\/ld+json\" class=\"yoast-schema-graph\">{\"@context\":\"https:\/\/schema.org\",\"@graph\":[{\"@type\":\"WebSite\",\"@id\":\"https:\/\/comerciallin.com\/#website\",\"url\":\"https:\/\/comerciallin.com\/\",\"name\":\"tienda de electr\\u00f3nica y computaci\\u00f3n\",\"description\":\"Importadora de Electr\\u00f3nica y Computaci\\u00f3n\",\"potentialAction\":[{\"@type\":\"SearchAction\",\"target\":{\"@type\":\"EntryPoint\",\"urlTemplate\":\"https:\/\/comerciallin.com\/?s={search_term_string}\"},\"query-input\":\"required name=search_term_string\"}],\"inLanguage\":\"es\"},{\"@type\":\"ImageObject\",\"@id\":\"https:\/\/comerciallin.com\/index.php\/producto\/ball-head-m-14\/#primaryimage\",\"inLanguage\":\"es\",\"url\":\"https:\/\/i0.wp.com\/comerciallin.com\/wp-content\/uploads\/2023\/08\/031030100804.jpg?fit=%2C&ssl=1\",\"contentUrl\":\"https:\/\/i0.wp.com\/comerciallin.com\/wp-content\/uploads\/2023\/08\/031030100804.jpg?fit=%2C&ssl=1\",\"caption\":\"BALL HEAD M-14\"},{\"@type\":\"WebPage\",\"@id\":\"https:\/\/comerciallin.com\/index.php\/producto\/ball-head-m-14\/#webpage\",\"url\":\"https:\/\/comerciallin.com\/index.php\/producto\/ball-head-m-14\/\",\"name\":\"BALL HEAD M-14 - tienda de electr\\u00f3nica y computaci\\u00f3n\",\"isPartOf\":{\"@id\":\"https:\/\/comerciallin.com\/#website\"},\"primaryImageOfPage\":{\"@id\":\"https:\/\/comerciallin.com\/index.php\/producto\/ball-head-m-14\/#primaryimage\"},\"datePublished\":\"2023-04-27T22:04:35+00:00\",\"dateModified\":\"2025-01-14T18:53:58+00:00\",\"breadcrumb\":{\"@id\":\"https:\/\/comerciallin.com\/index.php\/producto\/ball-head-m-14\/#breadcrumb\"},\"inLanguage\":\"es\",\"potentialAction\":[{\"@type\":\"ReadAction\",\"target\":[\"https:\/\/comerciallin.com\/index.php\/producto\/ball-head-m-14\/\"]}]},{\"@type\":\"BreadcrumbList\",\"@id\":\"https:\/\/comerciallin.com\/index.php\/producto\/ball-head-m-14\/#breadcrumb\",\"itemListElement\":[{\"@type\":\"ListItem\",\"position\":1,\"name\":\"Inicio\",\"item\":\"https:\/\/comerciallin.com\/\"},{\"@type\":\"ListItem\",\"position\":2,\"name\":\"Shop\",\"item\":\"https:\/\/comerciallin.com\/?page_id=3853\"},{\"@type\":\"ListItem\",\"position\":3,\"name\":\"BALL HEAD M-14\"}]}]}<\/script>\n<meta property=\"product:price:amount\" content=\"11.50\" \/>\n<meta property=\"product:price:currency\" content=\"USD\" \/>\n<meta property=\"og:availability\" content=\"instock\" \/>\n<meta property=\"product:availability\" content=\"instock\" \/>\n<meta property=\"product:retailer_item_id\" content=\"31030100804\" \/>\n<meta property=\"product:condition\" content=\"new\" \/>\n<!-- \/ Yoast SEO Premium plugin. -->","yoast_head_json":{"title":"BALL HEAD M-14 - tienda de electr\u00f3nica y computaci\u00f3n","robots":{"index":"index","follow":"follow","max-snippet":"max-snippet:-1","max-image-preview":"max-image-preview:large","max-video-preview":"max-video-preview:-1"},"canonical":"https:\/\/comerciallin.com\/index.php\/producto\/ball-head-m-14\/","og_locale":"es_ES","og_type":"article","og_title":"BALL HEAD M-14","og_url":"https:\/\/comerciallin.com\/index.php\/producto\/ball-head-m-14\/","og_site_name":"tienda de electr\u00f3nica y computaci\u00f3n","article_modified_time":"2025-01-14T18:53:58+00:00","twitter_card":"summary_large_image","twitter_image":"https:\/\/i0.wp.com\/comerciallin.com\/wp-content\/uploads\/2023\/08\/031030100804.jpg?fit=%2C&ssl=1","twitter_misc":{"Precio":"&#36;11,50","Availability":"In stock"},"schema":{"@context":"https:\/\/schema.org","@graph":[{"@type":"WebSite","@id":"https:\/\/comerciallin.com\/#website","url":"https:\/\/comerciallin.com\/","name":"tienda de electr\u00f3nica y computaci\u00f3n","description":"Importadora de Electr\u00f3nica y Computaci\u00f3n","potentialAction":[{"@type":"SearchAction","target":{"@type":"EntryPoint","urlTemplate":"https:\/\/comerciallin.com\/?s={search_term_string}"},"query-input":"required name=search_term_string"}],"inLanguage":"es"},{"@type":"ImageObject","@id":"https:\/\/comerciallin.com\/index.php\/producto\/ball-head-m-14\/#primaryimage","inLanguage":"es","url":"https:\/\/i0.wp.com\/comerciallin.com\/wp-content\/uploads\/2023\/08\/031030100804.jpg?fit=%2C&ssl=1","contentUrl":"https:\/\/i0.wp.com\/comerciallin.com\/wp-content\/uploads\/2023\/08\/031030100804.jpg?fit=%2C&ssl=1","caption":"BALL HEAD M-14"},{"@type":"WebPage","@id":"https:\/\/comerciallin.com\/index.php\/producto\/ball-head-m-14\/#webpage","url":"https:\/\/comerciallin.com\/index.php\/producto\/ball-head-m-14\/","name":"BALL HEAD M-14 - tienda de electr\u00f3nica y computaci\u00f3n","isPartOf":{"@id":"https:\/\/comerciallin.com\/#website"},"primaryImageOfPage":{"@id":"https:\/\/comerciallin.com\/index.php\/producto\/ball-head-m-14\/#primaryimage"},"datePublished":"2023-04-27T22:04:35+00:00","dateModified":"2025-01-14T18:53:58+00:00","breadcrumb":{"@id":"https:\/\/comerciallin.com\/index.php\/producto\/ball-head-m-14\/#breadcrumb"},"inLanguage":"es","potentialAction":[{"@type":"ReadAction","target":["https:\/\/comerciallin.com\/index.php\/producto\/ball-head-m-14\/"]}]},{"@type":"BreadcrumbList","@id":"https:\/\/comerciallin.com\/index.php\/producto\/ball-head-m-14\/#breadcrumb","itemListElement":[{"@type":"ListItem","position":1,"name":"Inicio","item":"https:\/\/comerciallin.com\/"},{"@type":"ListItem","position":2,"name":"Shop","item":"https:\/\/comerciallin.com\/?page_id=3853"},{"@type":"ListItem","position":3,"name":"BALL HEAD M-14"}]}]},"product_price_amount":"11.50","product_price_currency":"USD","og_availability":"instock","product_availability":"instock","product_retailer_item_id":"31030100804","product_condition":"new"},"jetpack-related-posts":[{"id":23725,"url":"https:\/\/comerciallin.com\/index.php\/producto\/cuerda-guitar-string-ernie-ball-2003\/","url_meta":{"origin":23538,"position":0},"title":"CUERDA GUIT ACUSTIC STRING ERNIE BALL 2003","date":"3 de mayo de 2023","format":false,"excerpt":"","rel":"","context":"Entrada similar","img":{"alt_text":"","src":"","width":0,"height":0},"classes":[]},{"id":23727,"url":"https:\/\/comerciallin.com\/index.php\/producto\/cuerda-guitar-string-ernie-ball-2004\/","url_meta":{"origin":23538,"position":1},"title":"CUERDA GUIT ACUSTIC STRING ERNIE BALL 2004","date":"3 de mayo de 2023","format":false,"excerpt":"","rel":"","context":"Entrada similar","img":{"alt_text":"","src":"","width":0,"height":0},"classes":[]},{"id":19371,"url":"https:\/\/comerciallin.com\/index.php\/producto\/portatil-hp-ci3-1125g4-4gb-m-2-250gb-14-dq2\/","url_meta":{"origin":23538,"position":2},"title":"PORTATIL HP CI3 1125G4 4GB | M.2 250GB 14-DQ2","date":"7 de noviembre de 2022","format":false,"excerpt":"Marca:\u00a0HPModelo: 14-DY0003LAProcesador: Intel\u00ae Core\u2122 i3-1125G4 | 11.\u00aa generaci\u00f3nMemoria RAM:\u00a04GB DDR4Almacenamiento: SSD 250 GB M.2Pantalla: 14.0\u2033 FHDGarant\u00eda: 1 A\u00f1oAceptamos todas las tarjetas de cr\u00e9ditoRealizamos env\u00edos a todo el pa\u00eds","rel":"","context":"Entrada similar","img":{"alt_text":"","src":"","width":0,"height":0},"classes":[]},{"id":25351,"url":"https:\/\/comerciallin.com\/index.php\/producto\/cuerda-guit-bajo-eb-2836-5-cuerda-ernie-ball\/","url_meta":{"origin":23538,"position":3},"title":"CUERDA BAJO 5 CUERDAS EB-2836","date":"31 de agosto de 2023","format":false,"excerpt":"","rel":"","context":"Entrada similar","img":{"alt_text":"","src":"","width":0,"height":0},"classes":[]},{"id":19275,"url":"https:\/\/comerciallin.com\/index.php\/producto\/t-madre-biostar-h310mhp-ddr4-sock1151\/","url_meta":{"origin":23538,"position":4},"title":"T. MADRE BIOSTAR H310MHP DDR4 SOCK1151","date":"7 de noviembre de 2022","format":false,"excerpt":"Compatible con procesadores Intel\u00ae Core\u2122 de 9.\u00aa y 8.\u00aa generaci\u00f3n Arquitectura de un solo chip Intel H310 Compatible con doble canal DDR4 2666\/2400\/2133\/1866 MHz Admite resoluci\u00f3n HDMI 4K Admite LAN GbE Soporte USB 3.2 Gen1","rel":"","context":"Entrada similar","img":{"alt_text":"","src":"","width":0,"height":0},"classes":[]},{"id":19189,"url":"https:\/\/comerciallin.com\/index.php\/producto\/bateria-comp-dell-demr90y-3521\/","url_meta":{"origin":23538,"position":5},"title":"BATERIA COMP DELL DEMR90Y\/3521","date":"7 de noviembre de 2022","format":false,"excerpt":"Voltaje 11.1 Voltios Peso de la Bater\u00eda 340 Gramos Compatible Devices Laptop","rel":"","context":"Entrada similar","img":{"alt_text":"BATERIA COMP DELL DEMR90Y\/3521","src":"https:\/\/i0.wp.com\/comerciallin.com\/wp-content\/uploads\/2023\/02\/537030100813.jpg?fit=992%2C744&ssl=1&resize=350%2C200","width":350,"height":200},"classes":[]}],"jetpack_sharing_enabled":true,"jetpack_likes_enabled":true,"_links":{"self":[{"href":"https:\/\/comerciallin.com\/index.php\/wp-json\/wp\/v2\/product\/23538"}],"collection":[{"href":"https:\/\/comerciallin.com\/index.php\/wp-json\/wp\/v2\/product"}],"about":[{"href":"https:\/\/comerciallin.com\/index.php\/wp-json\/wp\/v2\/types\/product"}],"replies":[{"embeddable":true,"href":"https:\/\/comerciallin.com\/index.php\/wp-json\/wp\/v2\/comments?post=23538"}],"wp:featuredmedia":[{"embeddable":true,"href":"https:\/\/comerciallin.com\/index.php\/wp-json\/wp\/v2\/media\/24739"}],"wp:attachment":[{"href":"https:\/\/comerciallin.com\/index.php\/wp-json\/wp\/v2\/media?parent=23538"}],"wp:term":[{"taxonomy":"product_cat","embeddable":true,"href":"https:\/\/comerciallin.com\/index.php\/wp-json\/wp\/v2\/product_cat?post=23538"},{"taxonomy":"product_tag","embeddable":true,"href":"https:\/\/comerciallin.com\/index.php\/wp-json\/wp\/v2\/product_tag?post=23538"}],"curies":[{"name":"wp","href":"https:\/\/api.w.org\/{rel}","templated":true}]}}