{"id":23536,"date":"2023-04-27T17:04:35","date_gmt":"2023-04-27T22:04:35","guid":{"rendered":"https:\/\/comerciallin.com\/index.php\/producto\/aro-de-luz-f-260-regulabletripode\/"},"modified":"2025-01-14T13:53:58","modified_gmt":"2025-01-14T18:53:58","slug":"aro-de-luz-f-260-regulabletripode","status":"publish","type":"product","link":"https:\/\/comerciallin.com\/index.php\/producto\/aro-de-luz-f-260-regulabletripode\/","title":{"rendered":"ARO DE LUZ F-260 REGULABLE+TRIPODE"},"content":{"rendered":"","protected":false},"excerpt":{"rendered":"","protected":false},"featured_media":24738,"comment_status":"open","ping_status":"closed","template":"","meta":{"spay_email":""},"product_cat":[775],"product_tag":[],"supplier_id":null,"supplier_sku":"","barcode":null,"atum_controlled":true,"out_stock_date":null,"out_stock_threshold":null,"inheritable":false,"inbound_stock":null,"stock_on_hold":0,"sold_today":0,"sales_last_days":0,"reserved_stock":null,"customer_returns":null,"warehouse_damage":null,"lost_in_post":null,"other_logs":null,"out_stock_days":0,"lost_sales":0,"has_location":null,"update_date":"2026-04-30T00:11:47","atum_locations":[],"atum_stock_status":"instock","restock_status":false,"low_stock_amount":"","sales_update_date":"2026-04-30T00:11:47","calc_backorders":null,"acf":[],"yoast_head":"<!-- This site is optimized with the Yoast SEO Premium plugin v17.4 (Yoast SEO v17.4) - https:\/\/yoast.com\/wordpress\/plugins\/seo\/ -->\n<title>ARO DE LUZ F-260 REGULABLE+TRIPODE - tienda de electr\u00f3nica y computaci\u00f3n<\/title>\n<meta name=\"robots\" content=\"index, follow, max-snippet:-1, max-image-preview:large, max-video-preview:-1\" \/>\n<link rel=\"canonical\" href=\"https:\/\/comerciallin.com\/index.php\/producto\/aro-de-luz-f-260-regulabletripode\/\" \/>\n<meta property=\"og:locale\" content=\"es_ES\" \/>\n<meta property=\"og:type\" content=\"article\" \/>\n<meta property=\"og:title\" content=\"ARO DE LUZ F-260 REGULABLE+TRIPODE\" \/>\n<meta property=\"og:url\" content=\"https:\/\/comerciallin.com\/index.php\/producto\/aro-de-luz-f-260-regulabletripode\/\" \/>\n<meta property=\"og:site_name\" content=\"tienda de electr\u00f3nica y computaci\u00f3n\" \/>\n<meta property=\"article:modified_time\" content=\"2025-01-14T18:53:58+00:00\" \/>\n<meta property=\"og:image\" content=\"https:\/\/comerciallin.com\/wp-content\/uploads\/2023\/08\/673130100801.jpg\" \/>\n\t<meta property=\"og:image:width\" content=\"1080\" \/>\n\t<meta property=\"og:image:height\" content=\"1080\" \/>\n<meta name=\"twitter:card\" content=\"summary_large_image\" \/>\n<meta name=\"twitter:label1\" content=\"Precio\" \/>\n\t<meta name=\"twitter:data1\" content=\"&#36;29,90\" \/>\n\t<meta name=\"twitter:label2\" content=\"Availability\" \/>\n\t<meta name=\"twitter:data2\" content=\"In stock\" \/>\n<script type=\"application\/ld+json\" class=\"yoast-schema-graph\">{\"@context\":\"https:\/\/schema.org\",\"@graph\":[{\"@type\":\"WebSite\",\"@id\":\"https:\/\/comerciallin.com\/#website\",\"url\":\"https:\/\/comerciallin.com\/\",\"name\":\"tienda de electr\\u00f3nica y computaci\\u00f3n\",\"description\":\"Importadora de Electr\\u00f3nica y Computaci\\u00f3n\",\"potentialAction\":[{\"@type\":\"SearchAction\",\"target\":{\"@type\":\"EntryPoint\",\"urlTemplate\":\"https:\/\/comerciallin.com\/?s={search_term_string}\"},\"query-input\":\"required name=search_term_string\"}],\"inLanguage\":\"es\"},{\"@type\":\"ImageObject\",\"@id\":\"https:\/\/comerciallin.com\/index.php\/producto\/aro-de-luz-f-260-regulabletripode\/#primaryimage\",\"inLanguage\":\"es\",\"url\":\"https:\/\/i0.wp.com\/comerciallin.com\/wp-content\/uploads\/2023\/08\/673130100801.jpg?fit=1080%2C1080&ssl=1\",\"contentUrl\":\"https:\/\/i0.wp.com\/comerciallin.com\/wp-content\/uploads\/2023\/08\/673130100801.jpg?fit=1080%2C1080&ssl=1\",\"width\":1080,\"height\":1080,\"caption\":\"ARO DE LUZ F-260 REGULABLE+TRIPODE\"},{\"@type\":\"WebPage\",\"@id\":\"https:\/\/comerciallin.com\/index.php\/producto\/aro-de-luz-f-260-regulabletripode\/#webpage\",\"url\":\"https:\/\/comerciallin.com\/index.php\/producto\/aro-de-luz-f-260-regulabletripode\/\",\"name\":\"ARO DE LUZ F-260 REGULABLE+TRIPODE - tienda de electr\\u00f3nica y computaci\\u00f3n\",\"isPartOf\":{\"@id\":\"https:\/\/comerciallin.com\/#website\"},\"primaryImageOfPage\":{\"@id\":\"https:\/\/comerciallin.com\/index.php\/producto\/aro-de-luz-f-260-regulabletripode\/#primaryimage\"},\"datePublished\":\"2023-04-27T22:04:35+00:00\",\"dateModified\":\"2025-01-14T18:53:58+00:00\",\"breadcrumb\":{\"@id\":\"https:\/\/comerciallin.com\/index.php\/producto\/aro-de-luz-f-260-regulabletripode\/#breadcrumb\"},\"inLanguage\":\"es\",\"potentialAction\":[{\"@type\":\"ReadAction\",\"target\":[\"https:\/\/comerciallin.com\/index.php\/producto\/aro-de-luz-f-260-regulabletripode\/\"]}]},{\"@type\":\"BreadcrumbList\",\"@id\":\"https:\/\/comerciallin.com\/index.php\/producto\/aro-de-luz-f-260-regulabletripode\/#breadcrumb\",\"itemListElement\":[{\"@type\":\"ListItem\",\"position\":1,\"name\":\"Inicio\",\"item\":\"https:\/\/comerciallin.com\/\"},{\"@type\":\"ListItem\",\"position\":2,\"name\":\"Shop\",\"item\":\"https:\/\/comerciallin.com\/?page_id=3853\"},{\"@type\":\"ListItem\",\"position\":3,\"name\":\"ARO DE LUZ F-260 REGULABLE+TRIPODE\"}]}]}<\/script>\n<meta property=\"product:price:amount\" content=\"29.90\" \/>\n<meta property=\"product:price:currency\" content=\"USD\" \/>\n<meta property=\"og:availability\" content=\"instock\" \/>\n<meta property=\"product:availability\" content=\"instock\" \/>\n<meta property=\"product:retailer_item_id\" content=\"673130100801\" \/>\n<meta property=\"product:condition\" content=\"new\" \/>\n<!-- \/ Yoast SEO Premium plugin. -->","yoast_head_json":{"title":"ARO DE LUZ F-260 REGULABLE+TRIPODE - tienda de electr\u00f3nica y computaci\u00f3n","robots":{"index":"index","follow":"follow","max-snippet":"max-snippet:-1","max-image-preview":"max-image-preview:large","max-video-preview":"max-video-preview:-1"},"canonical":"https:\/\/comerciallin.com\/index.php\/producto\/aro-de-luz-f-260-regulabletripode\/","og_locale":"es_ES","og_type":"article","og_title":"ARO DE LUZ F-260 REGULABLE+TRIPODE","og_url":"https:\/\/comerciallin.com\/index.php\/producto\/aro-de-luz-f-260-regulabletripode\/","og_site_name":"tienda de electr\u00f3nica y computaci\u00f3n","article_modified_time":"2025-01-14T18:53:58+00:00","og_image":[{"width":1080,"height":1080,"url":"https:\/\/comerciallin.com\/wp-content\/uploads\/2023\/08\/673130100801.jpg","type":"image\/jpeg"}],"twitter_card":"summary_large_image","twitter_misc":{"Precio":"&#36;29,90","Availability":"In stock"},"schema":{"@context":"https:\/\/schema.org","@graph":[{"@type":"WebSite","@id":"https:\/\/comerciallin.com\/#website","url":"https:\/\/comerciallin.com\/","name":"tienda de electr\u00f3nica y computaci\u00f3n","description":"Importadora de Electr\u00f3nica y Computaci\u00f3n","potentialAction":[{"@type":"SearchAction","target":{"@type":"EntryPoint","urlTemplate":"https:\/\/comerciallin.com\/?s={search_term_string}"},"query-input":"required name=search_term_string"}],"inLanguage":"es"},{"@type":"ImageObject","@id":"https:\/\/comerciallin.com\/index.php\/producto\/aro-de-luz-f-260-regulabletripode\/#primaryimage","inLanguage":"es","url":"https:\/\/i0.wp.com\/comerciallin.com\/wp-content\/uploads\/2023\/08\/673130100801.jpg?fit=1080%2C1080&ssl=1","contentUrl":"https:\/\/i0.wp.com\/comerciallin.com\/wp-content\/uploads\/2023\/08\/673130100801.jpg?fit=1080%2C1080&ssl=1","width":1080,"height":1080,"caption":"ARO DE LUZ F-260 REGULABLE+TRIPODE"},{"@type":"WebPage","@id":"https:\/\/comerciallin.com\/index.php\/producto\/aro-de-luz-f-260-regulabletripode\/#webpage","url":"https:\/\/comerciallin.com\/index.php\/producto\/aro-de-luz-f-260-regulabletripode\/","name":"ARO DE LUZ F-260 REGULABLE+TRIPODE - tienda de electr\u00f3nica y computaci\u00f3n","isPartOf":{"@id":"https:\/\/comerciallin.com\/#website"},"primaryImageOfPage":{"@id":"https:\/\/comerciallin.com\/index.php\/producto\/aro-de-luz-f-260-regulabletripode\/#primaryimage"},"datePublished":"2023-04-27T22:04:35+00:00","dateModified":"2025-01-14T18:53:58+00:00","breadcrumb":{"@id":"https:\/\/comerciallin.com\/index.php\/producto\/aro-de-luz-f-260-regulabletripode\/#breadcrumb"},"inLanguage":"es","potentialAction":[{"@type":"ReadAction","target":["https:\/\/comerciallin.com\/index.php\/producto\/aro-de-luz-f-260-regulabletripode\/"]}]},{"@type":"BreadcrumbList","@id":"https:\/\/comerciallin.com\/index.php\/producto\/aro-de-luz-f-260-regulabletripode\/#breadcrumb","itemListElement":[{"@type":"ListItem","position":1,"name":"Inicio","item":"https:\/\/comerciallin.com\/"},{"@type":"ListItem","position":2,"name":"Shop","item":"https:\/\/comerciallin.com\/?page_id=3853"},{"@type":"ListItem","position":3,"name":"ARO DE LUZ F-260 REGULABLE+TRIPODE"}]}]},"product_price_amount":"29.90","product_price_currency":"USD","og_availability":"instock","product_availability":"instock","product_retailer_item_id":"673130100801","product_condition":"new"},"jetpack-related-posts":[{"id":22860,"url":"https:\/\/comerciallin.com\/index.php\/producto\/tripode-p-camara-5208\/","url_meta":{"origin":23536,"position":0},"title":"TRIPODE P. CAMARA 5208","date":"24 de abril de 2023","format":false,"excerpt":"","rel":"","context":"Entrada similar","img":{"alt_text":"","src":"","width":0,"height":0},"classes":[]},{"id":22862,"url":"https:\/\/comerciallin.com\/index.php\/producto\/tripode-p-camara-618\/","url_meta":{"origin":23536,"position":1},"title":"TRIPODE P. CAMARA 618","date":"24 de abril de 2023","format":false,"excerpt":"","rel":"","context":"Entrada similar","img":{"alt_text":"","src":"","width":0,"height":0},"classes":[]},{"id":22864,"url":"https:\/\/comerciallin.com\/index.php\/producto\/tripode-p-camara-681\/","url_meta":{"origin":23536,"position":2},"title":"TRIPODE P. CAMARA 681","date":"24 de abril de 2023","format":false,"excerpt":"","rel":"","context":"Entrada similar","img":{"alt_text":"","src":"","width":0,"height":0},"classes":[]},{"id":22866,"url":"https:\/\/comerciallin.com\/index.php\/producto\/tripode-p-camara-680\/","url_meta":{"origin":23536,"position":3},"title":"TRIPODE P. CAMARA 680","date":"24 de abril de 2023","format":false,"excerpt":"","rel":"","context":"Entrada similar","img":{"alt_text":"","src":"","width":0,"height":0},"classes":[]},{"id":22868,"url":"https:\/\/comerciallin.com\/index.php\/producto\/tripode-p-camara-q111\/","url_meta":{"origin":23536,"position":4},"title":"TRIPODE P. CAMARA Q111","date":"24 de abril de 2023","format":false,"excerpt":"","rel":"","context":"Entrada similar","img":{"alt_text":"","src":"","width":0,"height":0},"classes":[]},{"id":26167,"url":"https:\/\/comerciallin.com\/index.php\/producto\/aro-para-tambor-14-1-5\/","url_meta":{"origin":23536,"position":5},"title":"ARO PARA TAMBOR 14&#8243; 1.5 SUPERIOR","date":"29 de enero de 2024","format":false,"excerpt":"","rel":"","context":"Entrada similar","img":{"alt_text":"ARO PARA TAMBOR 14\" 1.5","src":"https:\/\/i0.wp.com\/comerciallin.com\/wp-content\/uploads\/2024\/01\/448001010109-1.jpg?fit=1080%2C1080&ssl=1&resize=350%2C200","width":350,"height":200},"classes":[]}],"jetpack_sharing_enabled":true,"jetpack_likes_enabled":true,"_links":{"self":[{"href":"https:\/\/comerciallin.com\/index.php\/wp-json\/wp\/v2\/product\/23536"}],"collection":[{"href":"https:\/\/comerciallin.com\/index.php\/wp-json\/wp\/v2\/product"}],"about":[{"href":"https:\/\/comerciallin.com\/index.php\/wp-json\/wp\/v2\/types\/product"}],"replies":[{"embeddable":true,"href":"https:\/\/comerciallin.com\/index.php\/wp-json\/wp\/v2\/comments?post=23536"}],"wp:featuredmedia":[{"embeddable":true,"href":"https:\/\/comerciallin.com\/index.php\/wp-json\/wp\/v2\/media\/24738"}],"wp:attachment":[{"href":"https:\/\/comerciallin.com\/index.php\/wp-json\/wp\/v2\/media?parent=23536"}],"wp:term":[{"taxonomy":"product_cat","embeddable":true,"href":"https:\/\/comerciallin.com\/index.php\/wp-json\/wp\/v2\/product_cat?post=23536"},{"taxonomy":"product_tag","embeddable":true,"href":"https:\/\/comerciallin.com\/index.php\/wp-json\/wp\/v2\/product_tag?post=23536"}],"curies":[{"name":"wp","href":"https:\/\/api.w.org\/{rel}","templated":true}]}}