{"id":23534,"date":"2023-04-27T17:04:34","date_gmt":"2023-04-27T22:04:34","guid":{"rendered":"https:\/\/comerciallin.com\/index.php\/producto\/amplificador-ks-1858\/"},"modified":"2026-02-11T06:57:44","modified_gmt":"2026-02-11T11:57:44","slug":"amplificador-ks-1858","status":"publish","type":"product","link":"https:\/\/comerciallin.com\/index.php\/producto\/amplificador-ks-1858\/","title":{"rendered":"AMPLIFICADOR KS-1858"},"content":{"rendered":"","protected":false},"excerpt":{"rendered":"","protected":false},"featured_media":24725,"comment_status":"open","ping_status":"closed","template":"","meta":{"spay_email":""},"product_cat":[766],"product_tag":[],"supplier_id":null,"supplier_sku":"","barcode":null,"atum_controlled":true,"out_stock_date":null,"out_stock_threshold":null,"inheritable":false,"inbound_stock":null,"stock_on_hold":0,"sold_today":0,"sales_last_days":0,"reserved_stock":null,"customer_returns":null,"warehouse_damage":null,"lost_in_post":null,"other_logs":null,"out_stock_days":0,"lost_sales":0,"has_location":null,"update_date":"2026-04-13T23:53:24","atum_locations":[],"atum_stock_status":"instock","restock_status":false,"low_stock_amount":"","sales_update_date":"2026-04-13T23:53:24","calc_backorders":null,"acf":[],"yoast_head":"<!-- This site is optimized with the Yoast SEO Premium plugin v17.4 (Yoast SEO v17.4) - https:\/\/yoast.com\/wordpress\/plugins\/seo\/ -->\n<title>AMPLIFICADOR KS-1858 - tienda de electr\u00f3nica y computaci\u00f3n<\/title>\n<meta name=\"robots\" content=\"index, follow, max-snippet:-1, max-image-preview:large, max-video-preview:-1\" \/>\n<link rel=\"canonical\" href=\"https:\/\/comerciallin.com\/index.php\/producto\/amplificador-ks-1858\/\" \/>\n<meta property=\"og:locale\" content=\"es_ES\" \/>\n<meta property=\"og:type\" content=\"article\" \/>\n<meta property=\"og:title\" content=\"AMPLIFICADOR KS-1858\" \/>\n<meta property=\"og:url\" content=\"https:\/\/comerciallin.com\/index.php\/producto\/amplificador-ks-1858\/\" \/>\n<meta property=\"og:site_name\" content=\"tienda de electr\u00f3nica y computaci\u00f3n\" \/>\n<meta property=\"article:modified_time\" content=\"2026-02-11T11:57:44+00:00\" \/>\n<meta property=\"og:image\" content=\"https:\/\/comerciallin.com\/wp-content\/uploads\/2023\/08\/322010101001.jpg\" \/>\n\t<meta property=\"og:image:width\" content=\"1080\" \/>\n\t<meta property=\"og:image:height\" content=\"1080\" \/>\n<meta name=\"twitter:card\" content=\"summary_large_image\" \/>\n<meta name=\"twitter:label1\" content=\"Precio\" \/>\n\t<meta name=\"twitter:data1\" content=\"&#36;82,80\" \/>\n\t<meta name=\"twitter:label2\" content=\"Availability\" \/>\n\t<meta name=\"twitter:data2\" content=\"In stock\" \/>\n<script type=\"application\/ld+json\" class=\"yoast-schema-graph\">{\"@context\":\"https:\/\/schema.org\",\"@graph\":[{\"@type\":\"WebSite\",\"@id\":\"https:\/\/comerciallin.com\/#website\",\"url\":\"https:\/\/comerciallin.com\/\",\"name\":\"tienda de electr\\u00f3nica y computaci\\u00f3n\",\"description\":\"Importadora de Electr\\u00f3nica y Computaci\\u00f3n\",\"potentialAction\":[{\"@type\":\"SearchAction\",\"target\":{\"@type\":\"EntryPoint\",\"urlTemplate\":\"https:\/\/comerciallin.com\/?s={search_term_string}\"},\"query-input\":\"required name=search_term_string\"}],\"inLanguage\":\"es\"},{\"@type\":\"ImageObject\",\"@id\":\"https:\/\/comerciallin.com\/index.php\/producto\/amplificador-ks-1858\/#primaryimage\",\"inLanguage\":\"es\",\"url\":\"https:\/\/i0.wp.com\/comerciallin.com\/wp-content\/uploads\/2023\/08\/322010101001.jpg?fit=1080%2C1080&ssl=1\",\"contentUrl\":\"https:\/\/i0.wp.com\/comerciallin.com\/wp-content\/uploads\/2023\/08\/322010101001.jpg?fit=1080%2C1080&ssl=1\",\"width\":1080,\"height\":1080,\"caption\":\"AMPLIFICADOR KS-1858\"},{\"@type\":\"WebPage\",\"@id\":\"https:\/\/comerciallin.com\/index.php\/producto\/amplificador-ks-1858\/#webpage\",\"url\":\"https:\/\/comerciallin.com\/index.php\/producto\/amplificador-ks-1858\/\",\"name\":\"AMPLIFICADOR KS-1858 - tienda de electr\\u00f3nica y computaci\\u00f3n\",\"isPartOf\":{\"@id\":\"https:\/\/comerciallin.com\/#website\"},\"primaryImageOfPage\":{\"@id\":\"https:\/\/comerciallin.com\/index.php\/producto\/amplificador-ks-1858\/#primaryimage\"},\"datePublished\":\"2023-04-27T22:04:34+00:00\",\"dateModified\":\"2026-02-11T11:57:44+00:00\",\"breadcrumb\":{\"@id\":\"https:\/\/comerciallin.com\/index.php\/producto\/amplificador-ks-1858\/#breadcrumb\"},\"inLanguage\":\"es\",\"potentialAction\":[{\"@type\":\"ReadAction\",\"target\":[\"https:\/\/comerciallin.com\/index.php\/producto\/amplificador-ks-1858\/\"]}]},{\"@type\":\"BreadcrumbList\",\"@id\":\"https:\/\/comerciallin.com\/index.php\/producto\/amplificador-ks-1858\/#breadcrumb\",\"itemListElement\":[{\"@type\":\"ListItem\",\"position\":1,\"name\":\"Inicio\",\"item\":\"https:\/\/comerciallin.com\/\"},{\"@type\":\"ListItem\",\"position\":2,\"name\":\"Shop\",\"item\":\"https:\/\/comerciallin.com\/?page_id=3853\"},{\"@type\":\"ListItem\",\"position\":3,\"name\":\"AMPLIFICADOR KS-1858\"}]}]}<\/script>\n<meta property=\"product:price:amount\" content=\"82.80\" \/>\n<meta property=\"product:price:currency\" content=\"USD\" \/>\n<meta property=\"og:availability\" content=\"instock\" \/>\n<meta property=\"product:availability\" content=\"instock\" \/>\n<meta property=\"product:retailer_item_id\" content=\"322010101001\" \/>\n<meta property=\"product:condition\" content=\"new\" \/>\n<!-- \/ Yoast SEO Premium plugin. -->","yoast_head_json":{"title":"AMPLIFICADOR KS-1858 - tienda de electr\u00f3nica y computaci\u00f3n","robots":{"index":"index","follow":"follow","max-snippet":"max-snippet:-1","max-image-preview":"max-image-preview:large","max-video-preview":"max-video-preview:-1"},"canonical":"https:\/\/comerciallin.com\/index.php\/producto\/amplificador-ks-1858\/","og_locale":"es_ES","og_type":"article","og_title":"AMPLIFICADOR KS-1858","og_url":"https:\/\/comerciallin.com\/index.php\/producto\/amplificador-ks-1858\/","og_site_name":"tienda de electr\u00f3nica y computaci\u00f3n","article_modified_time":"2026-02-11T11:57:44+00:00","og_image":[{"width":1080,"height":1080,"url":"https:\/\/comerciallin.com\/wp-content\/uploads\/2023\/08\/322010101001.jpg","type":"image\/jpeg"}],"twitter_card":"summary_large_image","twitter_misc":{"Precio":"&#36;82,80","Availability":"In stock"},"schema":{"@context":"https:\/\/schema.org","@graph":[{"@type":"WebSite","@id":"https:\/\/comerciallin.com\/#website","url":"https:\/\/comerciallin.com\/","name":"tienda de electr\u00f3nica y computaci\u00f3n","description":"Importadora de Electr\u00f3nica y Computaci\u00f3n","potentialAction":[{"@type":"SearchAction","target":{"@type":"EntryPoint","urlTemplate":"https:\/\/comerciallin.com\/?s={search_term_string}"},"query-input":"required name=search_term_string"}],"inLanguage":"es"},{"@type":"ImageObject","@id":"https:\/\/comerciallin.com\/index.php\/producto\/amplificador-ks-1858\/#primaryimage","inLanguage":"es","url":"https:\/\/i0.wp.com\/comerciallin.com\/wp-content\/uploads\/2023\/08\/322010101001.jpg?fit=1080%2C1080&ssl=1","contentUrl":"https:\/\/i0.wp.com\/comerciallin.com\/wp-content\/uploads\/2023\/08\/322010101001.jpg?fit=1080%2C1080&ssl=1","width":1080,"height":1080,"caption":"AMPLIFICADOR KS-1858"},{"@type":"WebPage","@id":"https:\/\/comerciallin.com\/index.php\/producto\/amplificador-ks-1858\/#webpage","url":"https:\/\/comerciallin.com\/index.php\/producto\/amplificador-ks-1858\/","name":"AMPLIFICADOR KS-1858 - tienda de electr\u00f3nica y computaci\u00f3n","isPartOf":{"@id":"https:\/\/comerciallin.com\/#website"},"primaryImageOfPage":{"@id":"https:\/\/comerciallin.com\/index.php\/producto\/amplificador-ks-1858\/#primaryimage"},"datePublished":"2023-04-27T22:04:34+00:00","dateModified":"2026-02-11T11:57:44+00:00","breadcrumb":{"@id":"https:\/\/comerciallin.com\/index.php\/producto\/amplificador-ks-1858\/#breadcrumb"},"inLanguage":"es","potentialAction":[{"@type":"ReadAction","target":["https:\/\/comerciallin.com\/index.php\/producto\/amplificador-ks-1858\/"]}]},{"@type":"BreadcrumbList","@id":"https:\/\/comerciallin.com\/index.php\/producto\/amplificador-ks-1858\/#breadcrumb","itemListElement":[{"@type":"ListItem","position":1,"name":"Inicio","item":"https:\/\/comerciallin.com\/"},{"@type":"ListItem","position":2,"name":"Shop","item":"https:\/\/comerciallin.com\/?page_id=3853"},{"@type":"ListItem","position":3,"name":"AMPLIFICADOR KS-1858"}]}]},"product_price_amount":"82.80","product_price_currency":"USD","og_availability":"instock","product_availability":"instock","product_retailer_item_id":"322010101001","product_condition":"new"},"jetpack-related-posts":[{"id":23335,"url":"https:\/\/comerciallin.com\/index.php\/producto\/amplificador-ks-39200\/","url_meta":{"origin":23534,"position":0},"title":"AMPLIFICADOR KS-39200","date":"27 de abril de 2023","format":false,"excerpt":"","rel":"","context":"Entrada similar","img":{"alt_text":"AMPLIFICADOR KS-39200","src":"https:\/\/i0.wp.com\/comerciallin.com\/wp-content\/uploads\/2023\/08\/322010170701.jpg?fit=1080%2C1080&ssl=1&resize=350%2C200","width":350,"height":200},"classes":[]},{"id":22678,"url":"https:\/\/comerciallin.com\/index.php\/producto\/amplificador-ks-9899-plus-1000w-usb-sd-fm\/","url_meta":{"origin":23534,"position":1},"title":"AMPLIFICADOR KS-9899 PLUS 1000W USB\/SD\/FM","date":"24 de abril de 2023","format":false,"excerpt":"","rel":"","context":"Entrada similar","img":{"alt_text":"AMPLIFICADOR KS-9899 PLUS 1000W USB\/SD\/FM","src":"https:\/\/i0.wp.com\/comerciallin.com\/wp-content\/uploads\/2023\/08\/031010121201.jpg?fit=1080%2C1080&ssl=1&resize=350%2C200","width":350,"height":200},"classes":[]},{"id":18759,"url":"https:\/\/comerciallin.com\/index.php\/producto\/teclado-mouse-ks-910\/","url_meta":{"origin":23534,"position":2},"title":"TECLADO + MOUSE KS-910","date":"7 de noviembre de 2022","format":false,"excerpt":"Teclado Mouse Modelo: KS-910 Lenguaje: Espa\u00c3\u00b1ol","rel":"","context":"Entrada similar","img":{"alt_text":"","src":"","width":0,"height":0},"classes":[]},{"id":19393,"url":"https:\/\/comerciallin.com\/index.php\/producto\/mesa-p-compu-ks-758\/","url_meta":{"origin":23534,"position":3},"title":"MESA P.COMPU KS-758","date":"7 de noviembre de 2022","format":false,"excerpt":"Mesa para computadora, ideal para estudiantes\u00a0 Modelo:\u00a0KS-758 doble vidrio","rel":"","context":"Entrada similar","img":{"alt_text":"","src":"","width":0,"height":0},"classes":[]},{"id":19397,"url":"https:\/\/comerciallin.com\/index.php\/producto\/mesa-p-office-ks-900-vidrio\/","url_meta":{"origin":23534,"position":4},"title":"MESA P.OFFICE KS-900 VIDRIO","date":"7 de noviembre de 2022","format":false,"excerpt":"Mesa para Oficina, ideal para estudiantes y profesionales\u00a0 Modelo:\u00a0KS-900 vidrio","rel":"","context":"Entrada similar","img":{"alt_text":"","src":"","width":0,"height":0},"classes":[]},{"id":19395,"url":"https:\/\/comerciallin.com\/index.php\/producto\/mesa-p-compu-2-piso-vidrio-ks-707\/","url_meta":{"origin":23534,"position":5},"title":"MESA P.COMPU 2 PISO VIDRIO KS-707","date":"7 de noviembre de 2022","format":false,"excerpt":"Mesa para computadora, ideal para estudiantes\u00a0 Modelo:\u00a0KS-707 vidrio","rel":"","context":"Entrada similar","img":{"alt_text":"","src":"","width":0,"height":0},"classes":[]}],"jetpack_sharing_enabled":true,"jetpack_likes_enabled":true,"_links":{"self":[{"href":"https:\/\/comerciallin.com\/index.php\/wp-json\/wp\/v2\/product\/23534"}],"collection":[{"href":"https:\/\/comerciallin.com\/index.php\/wp-json\/wp\/v2\/product"}],"about":[{"href":"https:\/\/comerciallin.com\/index.php\/wp-json\/wp\/v2\/types\/product"}],"replies":[{"embeddable":true,"href":"https:\/\/comerciallin.com\/index.php\/wp-json\/wp\/v2\/comments?post=23534"}],"wp:featuredmedia":[{"embeddable":true,"href":"https:\/\/comerciallin.com\/index.php\/wp-json\/wp\/v2\/media\/24725"}],"wp:attachment":[{"href":"https:\/\/comerciallin.com\/index.php\/wp-json\/wp\/v2\/media?parent=23534"}],"wp:term":[{"taxonomy":"product_cat","embeddable":true,"href":"https:\/\/comerciallin.com\/index.php\/wp-json\/wp\/v2\/product_cat?post=23534"},{"taxonomy":"product_tag","embeddable":true,"href":"https:\/\/comerciallin.com\/index.php\/wp-json\/wp\/v2\/product_tag?post=23534"}],"curies":[{"name":"wp","href":"https:\/\/api.w.org\/{rel}","templated":true}]}}