{"id":23531,"date":"2023-04-27T17:04:34","date_gmt":"2023-04-27T22:04:34","guid":{"rendered":"https:\/\/comerciallin.com\/index.php\/producto\/adaptador-usb-to-hdmi\/"},"modified":"2025-01-14T13:53:55","modified_gmt":"2025-01-14T18:53:55","slug":"adaptador-usb-to-hdmi","status":"publish","type":"product","link":"https:\/\/comerciallin.com\/index.php\/producto\/adaptador-usb-to-hdmi\/","title":{"rendered":"ADAPTADOR USB TO HDMI"},"content":{"rendered":"","protected":false},"excerpt":{"rendered":"","protected":false},"featured_media":24719,"comment_status":"open","ping_status":"closed","template":"","meta":{"spay_email":""},"product_cat":[789],"product_tag":[],"supplier_id":null,"supplier_sku":"","barcode":null,"atum_controlled":true,"out_stock_date":null,"out_stock_threshold":null,"inheritable":false,"inbound_stock":null,"stock_on_hold":0,"sold_today":0,"sales_last_days":0,"reserved_stock":null,"customer_returns":null,"warehouse_damage":null,"lost_in_post":null,"other_logs":null,"out_stock_days":0,"lost_sales":0,"has_location":null,"update_date":"2026-04-30T00:11:47","atum_locations":[],"atum_stock_status":"instock","restock_status":false,"low_stock_amount":"","sales_update_date":"2026-04-30T00:11:47","calc_backorders":null,"acf":[],"yoast_head":"<!-- This site is optimized with the Yoast SEO Premium plugin v17.4 (Yoast SEO v17.4) - https:\/\/yoast.com\/wordpress\/plugins\/seo\/ -->\n<title>ADAPTADOR USB TO HDMI - tienda de electr\u00f3nica y computaci\u00f3n<\/title>\n<meta name=\"robots\" content=\"index, follow, max-snippet:-1, max-image-preview:large, max-video-preview:-1\" \/>\n<link rel=\"canonical\" href=\"https:\/\/comerciallin.com\/index.php\/producto\/adaptador-usb-to-hdmi\/\" \/>\n<meta property=\"og:locale\" content=\"es_ES\" \/>\n<meta property=\"og:type\" content=\"article\" \/>\n<meta property=\"og:title\" content=\"ADAPTADOR USB TO HDMI\" \/>\n<meta property=\"og:url\" content=\"https:\/\/comerciallin.com\/index.php\/producto\/adaptador-usb-to-hdmi\/\" \/>\n<meta property=\"og:site_name\" content=\"tienda de electr\u00f3nica y computaci\u00f3n\" \/>\n<meta property=\"article:modified_time\" content=\"2025-01-14T18:53:55+00:00\" \/>\n<meta property=\"og:image\" content=\"https:\/\/comerciallin.com\/wp-content\/uploads\/2023\/08\/099060100601.jpg\" \/>\n\t<meta property=\"og:image:width\" content=\"1080\" \/>\n\t<meta property=\"og:image:height\" content=\"1080\" \/>\n<meta name=\"twitter:card\" content=\"summary_large_image\" \/>\n<meta name=\"twitter:label1\" content=\"Precio\" \/>\n\t<meta name=\"twitter:data1\" content=\"&#36;14,95\" \/>\n\t<meta name=\"twitter:label2\" content=\"Availability\" \/>\n\t<meta name=\"twitter:data2\" content=\"In stock\" \/>\n<script type=\"application\/ld+json\" class=\"yoast-schema-graph\">{\"@context\":\"https:\/\/schema.org\",\"@graph\":[{\"@type\":\"WebSite\",\"@id\":\"https:\/\/comerciallin.com\/#website\",\"url\":\"https:\/\/comerciallin.com\/\",\"name\":\"tienda de electr\\u00f3nica y computaci\\u00f3n\",\"description\":\"Importadora de Electr\\u00f3nica y Computaci\\u00f3n\",\"potentialAction\":[{\"@type\":\"SearchAction\",\"target\":{\"@type\":\"EntryPoint\",\"urlTemplate\":\"https:\/\/comerciallin.com\/?s={search_term_string}\"},\"query-input\":\"required name=search_term_string\"}],\"inLanguage\":\"es\"},{\"@type\":\"ImageObject\",\"@id\":\"https:\/\/comerciallin.com\/index.php\/producto\/adaptador-usb-to-hdmi\/#primaryimage\",\"inLanguage\":\"es\",\"url\":\"https:\/\/i0.wp.com\/comerciallin.com\/wp-content\/uploads\/2023\/08\/099060100601.jpg?fit=1080%2C1080&ssl=1\",\"contentUrl\":\"https:\/\/i0.wp.com\/comerciallin.com\/wp-content\/uploads\/2023\/08\/099060100601.jpg?fit=1080%2C1080&ssl=1\",\"width\":1080,\"height\":1080,\"caption\":\"ADAPTADOR USB TO HDMI\"},{\"@type\":\"WebPage\",\"@id\":\"https:\/\/comerciallin.com\/index.php\/producto\/adaptador-usb-to-hdmi\/#webpage\",\"url\":\"https:\/\/comerciallin.com\/index.php\/producto\/adaptador-usb-to-hdmi\/\",\"name\":\"ADAPTADOR USB TO HDMI - tienda de electr\\u00f3nica y computaci\\u00f3n\",\"isPartOf\":{\"@id\":\"https:\/\/comerciallin.com\/#website\"},\"primaryImageOfPage\":{\"@id\":\"https:\/\/comerciallin.com\/index.php\/producto\/adaptador-usb-to-hdmi\/#primaryimage\"},\"datePublished\":\"2023-04-27T22:04:34+00:00\",\"dateModified\":\"2025-01-14T18:53:55+00:00\",\"breadcrumb\":{\"@id\":\"https:\/\/comerciallin.com\/index.php\/producto\/adaptador-usb-to-hdmi\/#breadcrumb\"},\"inLanguage\":\"es\",\"potentialAction\":[{\"@type\":\"ReadAction\",\"target\":[\"https:\/\/comerciallin.com\/index.php\/producto\/adaptador-usb-to-hdmi\/\"]}]},{\"@type\":\"BreadcrumbList\",\"@id\":\"https:\/\/comerciallin.com\/index.php\/producto\/adaptador-usb-to-hdmi\/#breadcrumb\",\"itemListElement\":[{\"@type\":\"ListItem\",\"position\":1,\"name\":\"Inicio\",\"item\":\"https:\/\/comerciallin.com\/\"},{\"@type\":\"ListItem\",\"position\":2,\"name\":\"Shop\",\"item\":\"https:\/\/comerciallin.com\/?page_id=3853\"},{\"@type\":\"ListItem\",\"position\":3,\"name\":\"ADAPTADOR USB TO HDMI\"}]}]}<\/script>\n<meta property=\"product:price:amount\" content=\"14.95\" \/>\n<meta property=\"product:price:currency\" content=\"USD\" \/>\n<meta property=\"og:availability\" content=\"instock\" \/>\n<meta property=\"product:availability\" content=\"instock\" \/>\n<meta property=\"product:retailer_item_id\" content=\"99060100601\" \/>\n<meta property=\"product:condition\" content=\"new\" \/>\n<!-- \/ Yoast SEO Premium plugin. -->","yoast_head_json":{"title":"ADAPTADOR USB TO HDMI - tienda de electr\u00f3nica y computaci\u00f3n","robots":{"index":"index","follow":"follow","max-snippet":"max-snippet:-1","max-image-preview":"max-image-preview:large","max-video-preview":"max-video-preview:-1"},"canonical":"https:\/\/comerciallin.com\/index.php\/producto\/adaptador-usb-to-hdmi\/","og_locale":"es_ES","og_type":"article","og_title":"ADAPTADOR USB TO HDMI","og_url":"https:\/\/comerciallin.com\/index.php\/producto\/adaptador-usb-to-hdmi\/","og_site_name":"tienda de electr\u00f3nica y computaci\u00f3n","article_modified_time":"2025-01-14T18:53:55+00:00","og_image":[{"width":1080,"height":1080,"url":"https:\/\/comerciallin.com\/wp-content\/uploads\/2023\/08\/099060100601.jpg","type":"image\/jpeg"}],"twitter_card":"summary_large_image","twitter_misc":{"Precio":"&#36;14,95","Availability":"In stock"},"schema":{"@context":"https:\/\/schema.org","@graph":[{"@type":"WebSite","@id":"https:\/\/comerciallin.com\/#website","url":"https:\/\/comerciallin.com\/","name":"tienda de electr\u00f3nica y computaci\u00f3n","description":"Importadora de Electr\u00f3nica y Computaci\u00f3n","potentialAction":[{"@type":"SearchAction","target":{"@type":"EntryPoint","urlTemplate":"https:\/\/comerciallin.com\/?s={search_term_string}"},"query-input":"required name=search_term_string"}],"inLanguage":"es"},{"@type":"ImageObject","@id":"https:\/\/comerciallin.com\/index.php\/producto\/adaptador-usb-to-hdmi\/#primaryimage","inLanguage":"es","url":"https:\/\/i0.wp.com\/comerciallin.com\/wp-content\/uploads\/2023\/08\/099060100601.jpg?fit=1080%2C1080&ssl=1","contentUrl":"https:\/\/i0.wp.com\/comerciallin.com\/wp-content\/uploads\/2023\/08\/099060100601.jpg?fit=1080%2C1080&ssl=1","width":1080,"height":1080,"caption":"ADAPTADOR USB TO HDMI"},{"@type":"WebPage","@id":"https:\/\/comerciallin.com\/index.php\/producto\/adaptador-usb-to-hdmi\/#webpage","url":"https:\/\/comerciallin.com\/index.php\/producto\/adaptador-usb-to-hdmi\/","name":"ADAPTADOR USB TO HDMI - tienda de electr\u00f3nica y computaci\u00f3n","isPartOf":{"@id":"https:\/\/comerciallin.com\/#website"},"primaryImageOfPage":{"@id":"https:\/\/comerciallin.com\/index.php\/producto\/adaptador-usb-to-hdmi\/#primaryimage"},"datePublished":"2023-04-27T22:04:34+00:00","dateModified":"2025-01-14T18:53:55+00:00","breadcrumb":{"@id":"https:\/\/comerciallin.com\/index.php\/producto\/adaptador-usb-to-hdmi\/#breadcrumb"},"inLanguage":"es","potentialAction":[{"@type":"ReadAction","target":["https:\/\/comerciallin.com\/index.php\/producto\/adaptador-usb-to-hdmi\/"]}]},{"@type":"BreadcrumbList","@id":"https:\/\/comerciallin.com\/index.php\/producto\/adaptador-usb-to-hdmi\/#breadcrumb","itemListElement":[{"@type":"ListItem","position":1,"name":"Inicio","item":"https:\/\/comerciallin.com\/"},{"@type":"ListItem","position":2,"name":"Shop","item":"https:\/\/comerciallin.com\/?page_id=3853"},{"@type":"ListItem","position":3,"name":"ADAPTADOR USB TO HDMI"}]}]},"product_price_amount":"14.95","product_price_currency":"USD","og_availability":"instock","product_availability":"instock","product_retailer_item_id":"99060100601","product_condition":"new"},"jetpack-related-posts":[{"id":19722,"url":"https:\/\/comerciallin.com\/index.php\/producto\/adapter-tipo-c-to-usb-hdmi\/","url_meta":{"origin":23531,"position":0},"title":"ADAPTER TIPO C TO USB -HDMI","date":"8 de noviembre de 2022","format":false,"excerpt":"Adaptador USB C HDMI, USB tipo C Hub a puerto Hdmi 4 K USB 3,0 con entrega de energ\u00eda USB C","rel":"","context":"Entrada similar","img":{"alt_text":"ADAPTER TIPO C TO USB -HDMI","src":"https:\/\/i0.wp.com\/comerciallin.com\/wp-content\/uploads\/2023\/02\/099030100109.jpg?fit=992%2C744&ssl=1&resize=350%2C200","width":350,"height":200},"classes":[]},{"id":19275,"url":"https:\/\/comerciallin.com\/index.php\/producto\/t-madre-biostar-h310mhp-ddr4-sock1151\/","url_meta":{"origin":23531,"position":1},"title":"T. MADRE BIOSTAR H310MHP DDR4 SOCK1151","date":"7 de noviembre de 2022","format":false,"excerpt":"Compatible con procesadores Intel\u00ae Core\u2122 de 9.\u00aa y 8.\u00aa generaci\u00f3n Arquitectura de un solo chip Intel H310 Compatible con doble canal DDR4 2666\/2400\/2133\/1866 MHz Admite resoluci\u00f3n HDMI 4K Admite LAN GbE Soporte USB 3.2 Gen1","rel":"","context":"Entrada similar","img":{"alt_text":"","src":"","width":0,"height":0},"classes":[]},{"id":25842,"url":"https:\/\/comerciallin.com\/index.php\/producto\/adaptador-hdmi-vga-con-audio-2\/","url_meta":{"origin":23531,"position":2},"title":"ADAPTADOR HDMI A VGA \/ CON AUDIO","date":"17 de noviembre de 2023","format":false,"excerpt":"\u00a1Conecta tu dispositivo HDMI a cualquier pantalla VGA! \u00bfTienes un dispositivo con salida HDMI pero tu pantalla solo tiene entrada VGA? \u00a1No te preocupes, tenemos la soluci\u00f3n! Nuestro convertidor HDMI a VGA es la opci\u00f3n perfecta para ti. Es f\u00e1cil de usar y te permite conectar tu dispositivo HDMI a\u2026","rel":"","context":"Entrada similar","img":{"alt_text":"","src":"","width":0,"height":0},"classes":[]},{"id":18961,"url":"https:\/\/comerciallin.com\/index.php\/producto\/capturadora-de-video\/","url_meta":{"origin":23531,"position":3},"title":"CAPTURADORA DE VIDEO","date":"7 de noviembre de 2022","format":false,"excerpt":"Tarjeta de captura de video, HDMI a USB 2.0 de alta definici\u00c3\u00b3n 1080p 30 fps, grabe directamente en la computadora para juegos, transmisi\u00c3\u00b3n, ense\u00c3\u00b1anza, videoconferencia o transmisi\u00c3\u00b3n en vivo - Negro","rel":"","context":"Entrada similar","img":{"alt_text":"","src":"","width":0,"height":0},"classes":[]},{"id":18781,"url":"https:\/\/comerciallin.com\/index.php\/producto\/adaptador-usb-3-0-a-sata\/","url_meta":{"origin":23531,"position":4},"title":"ADAPTADOR USB 3.0 A SATA","date":"7 de noviembre de 2022","format":false,"excerpt":"Material pl\u00e1stico Color Negro Disco duro SATA de 2.5\u00a0 Interfaz interna SATA Interfaz externa USB 3.0 y USB 2.0 Conecta y reproduce Capacidad de 2TB Compatible con: Windows Me \/ XP \/ Vista \/ 7 \/ 8 \/ 10 \/Mac9.1 anterior \/ 10.2 anterior; Linux","rel":"","context":"Entrada similar","img":{"alt_text":"ADAPTADOR USB 3.0 A SATA","src":"https:\/\/i0.wp.com\/comerciallin.com\/wp-content\/uploads\/2023\/02\/214030120605.jpg?fit=992%2C744&ssl=1&resize=350%2C200","width":350,"height":200},"classes":[]},{"id":23788,"url":"https:\/\/comerciallin.com\/index.php\/producto\/m-interfax-usb-to-jamma\/","url_meta":{"origin":23531,"position":5},"title":"M-INTERFAX USB TO JAMMA","date":"3 de mayo de 2023","format":false,"excerpt":"","rel":"","context":"Entrada similar","img":{"alt_text":"","src":"","width":0,"height":0},"classes":[]}],"jetpack_sharing_enabled":true,"jetpack_likes_enabled":true,"_links":{"self":[{"href":"https:\/\/comerciallin.com\/index.php\/wp-json\/wp\/v2\/product\/23531"}],"collection":[{"href":"https:\/\/comerciallin.com\/index.php\/wp-json\/wp\/v2\/product"}],"about":[{"href":"https:\/\/comerciallin.com\/index.php\/wp-json\/wp\/v2\/types\/product"}],"replies":[{"embeddable":true,"href":"https:\/\/comerciallin.com\/index.php\/wp-json\/wp\/v2\/comments?post=23531"}],"wp:featuredmedia":[{"embeddable":true,"href":"https:\/\/comerciallin.com\/index.php\/wp-json\/wp\/v2\/media\/24719"}],"wp:attachment":[{"href":"https:\/\/comerciallin.com\/index.php\/wp-json\/wp\/v2\/media?parent=23531"}],"wp:term":[{"taxonomy":"product_cat","embeddable":true,"href":"https:\/\/comerciallin.com\/index.php\/wp-json\/wp\/v2\/product_cat?post=23531"},{"taxonomy":"product_tag","embeddable":true,"href":"https:\/\/comerciallin.com\/index.php\/wp-json\/wp\/v2\/product_tag?post=23531"}],"curies":[{"name":"wp","href":"https:\/\/api.w.org\/{rel}","templated":true}]}}