{"id":23229,"date":"2023-04-26T13:00:38","date_gmt":"2023-04-26T18:00:38","guid":{"rendered":"https:\/\/comerciallin.com\/index.php\/producto\/m-fuente-p-juego-ac-110v-dc-5v-c-blanco\/"},"modified":"2025-01-14T13:56:54","modified_gmt":"2025-01-14T18:56:54","slug":"m-fuente-p-juego-ac-110v-dc-5v-c-blanco","status":"publish","type":"product","link":"https:\/\/comerciallin.com\/index.php\/producto\/m-fuente-p-juego-ac-110v-dc-5v-c-blanco\/","title":{"rendered":"M-FUENTE P.JUEGO AC 110V-DC 5V C\/BLANCO"},"content":{"rendered":"","protected":false},"excerpt":{"rendered":"","protected":false},"featured_media":25029,"comment_status":"open","ping_status":"closed","template":"","meta":{"spay_email":""},"product_cat":[757],"product_tag":[],"supplier_id":null,"supplier_sku":"","barcode":null,"atum_controlled":true,"out_stock_date":null,"out_stock_threshold":null,"inheritable":false,"inbound_stock":null,"stock_on_hold":0,"sold_today":0,"sales_last_days":0,"reserved_stock":null,"customer_returns":null,"warehouse_damage":null,"lost_in_post":null,"other_logs":null,"out_stock_days":0,"lost_sales":0,"has_location":null,"update_date":"2026-04-28T00:11:19","atum_locations":[],"atum_stock_status":"instock","restock_status":false,"low_stock_amount":"","sales_update_date":"2026-04-28T00:11:19","calc_backorders":null,"acf":[],"yoast_head":"<!-- This site is optimized with the Yoast SEO Premium plugin v17.4 (Yoast SEO v17.4) - https:\/\/yoast.com\/wordpress\/plugins\/seo\/ -->\n<title>M-FUENTE P.JUEGO AC 110V-DC 5V C\/BLANCO - tienda de electr\u00f3nica y computaci\u00f3n<\/title>\n<meta name=\"robots\" content=\"index, follow, max-snippet:-1, max-image-preview:large, max-video-preview:-1\" \/>\n<link rel=\"canonical\" href=\"https:\/\/comerciallin.com\/index.php\/producto\/m-fuente-p-juego-ac-110v-dc-5v-c-blanco\/\" \/>\n<meta property=\"og:locale\" content=\"es_ES\" \/>\n<meta property=\"og:type\" content=\"article\" \/>\n<meta property=\"og:title\" content=\"M-FUENTE P.JUEGO AC 110V-DC 5V C\/BLANCO\" \/>\n<meta property=\"og:url\" content=\"https:\/\/comerciallin.com\/index.php\/producto\/m-fuente-p-juego-ac-110v-dc-5v-c-blanco\/\" \/>\n<meta property=\"og:site_name\" content=\"tienda de electr\u00f3nica y computaci\u00f3n\" \/>\n<meta property=\"article:modified_time\" content=\"2025-01-14T18:56:54+00:00\" \/>\n<meta name=\"twitter:card\" content=\"summary_large_image\" \/>\n<meta name=\"twitter:image\" content=\"https:\/\/i0.wp.com\/comerciallin.com\/wp-content\/uploads\/2023\/08\/304120110801.jpg?fit=%2C&amp;ssl=1\" \/>\n<meta name=\"twitter:label1\" content=\"Precio\" \/>\n\t<meta name=\"twitter:data1\" content=\"&#36;29,90\" \/>\n\t<meta name=\"twitter:label2\" content=\"Availability\" \/>\n\t<meta name=\"twitter:data2\" content=\"In stock\" \/>\n<script type=\"application\/ld+json\" class=\"yoast-schema-graph\">{\"@context\":\"https:\/\/schema.org\",\"@graph\":[{\"@type\":\"WebSite\",\"@id\":\"https:\/\/comerciallin.com\/#website\",\"url\":\"https:\/\/comerciallin.com\/\",\"name\":\"tienda de electr\\u00f3nica y computaci\\u00f3n\",\"description\":\"Importadora de Electr\\u00f3nica y Computaci\\u00f3n\",\"potentialAction\":[{\"@type\":\"SearchAction\",\"target\":{\"@type\":\"EntryPoint\",\"urlTemplate\":\"https:\/\/comerciallin.com\/?s={search_term_string}\"},\"query-input\":\"required name=search_term_string\"}],\"inLanguage\":\"es\"},{\"@type\":\"ImageObject\",\"@id\":\"https:\/\/comerciallin.com\/index.php\/producto\/m-fuente-p-juego-ac-110v-dc-5v-c-blanco\/#primaryimage\",\"inLanguage\":\"es\",\"url\":\"https:\/\/i0.wp.com\/comerciallin.com\/wp-content\/uploads\/2023\/08\/304120110801.jpg?fit=%2C&ssl=1\",\"contentUrl\":\"https:\/\/i0.wp.com\/comerciallin.com\/wp-content\/uploads\/2023\/08\/304120110801.jpg?fit=%2C&ssl=1\",\"caption\":\"M-FUENTE P.JUEGO AC 110V-DC 5V C\/BLANCO\"},{\"@type\":\"WebPage\",\"@id\":\"https:\/\/comerciallin.com\/index.php\/producto\/m-fuente-p-juego-ac-110v-dc-5v-c-blanco\/#webpage\",\"url\":\"https:\/\/comerciallin.com\/index.php\/producto\/m-fuente-p-juego-ac-110v-dc-5v-c-blanco\/\",\"name\":\"M-FUENTE P.JUEGO AC 110V-DC 5V C\/BLANCO - tienda de electr\\u00f3nica y computaci\\u00f3n\",\"isPartOf\":{\"@id\":\"https:\/\/comerciallin.com\/#website\"},\"primaryImageOfPage\":{\"@id\":\"https:\/\/comerciallin.com\/index.php\/producto\/m-fuente-p-juego-ac-110v-dc-5v-c-blanco\/#primaryimage\"},\"datePublished\":\"2023-04-26T18:00:38+00:00\",\"dateModified\":\"2025-01-14T18:56:54+00:00\",\"breadcrumb\":{\"@id\":\"https:\/\/comerciallin.com\/index.php\/producto\/m-fuente-p-juego-ac-110v-dc-5v-c-blanco\/#breadcrumb\"},\"inLanguage\":\"es\",\"potentialAction\":[{\"@type\":\"ReadAction\",\"target\":[\"https:\/\/comerciallin.com\/index.php\/producto\/m-fuente-p-juego-ac-110v-dc-5v-c-blanco\/\"]}]},{\"@type\":\"BreadcrumbList\",\"@id\":\"https:\/\/comerciallin.com\/index.php\/producto\/m-fuente-p-juego-ac-110v-dc-5v-c-blanco\/#breadcrumb\",\"itemListElement\":[{\"@type\":\"ListItem\",\"position\":1,\"name\":\"Inicio\",\"item\":\"https:\/\/comerciallin.com\/\"},{\"@type\":\"ListItem\",\"position\":2,\"name\":\"Shop\",\"item\":\"https:\/\/comerciallin.com\/?page_id=3853\"},{\"@type\":\"ListItem\",\"position\":3,\"name\":\"M-FUENTE P.JUEGO AC 110V-DC 5V C\/BLANCO\"}]}]}<\/script>\n<meta property=\"product:price:amount\" content=\"29.90\" \/>\n<meta property=\"product:price:currency\" content=\"USD\" \/>\n<meta property=\"og:availability\" content=\"instock\" \/>\n<meta property=\"product:availability\" content=\"instock\" \/>\n<meta property=\"product:retailer_item_id\" content=\"304120110801\" \/>\n<meta property=\"product:condition\" content=\"new\" \/>\n<!-- \/ Yoast SEO Premium plugin. -->","yoast_head_json":{"title":"M-FUENTE P.JUEGO AC 110V-DC 5V C\/BLANCO - tienda de electr\u00f3nica y computaci\u00f3n","robots":{"index":"index","follow":"follow","max-snippet":"max-snippet:-1","max-image-preview":"max-image-preview:large","max-video-preview":"max-video-preview:-1"},"canonical":"https:\/\/comerciallin.com\/index.php\/producto\/m-fuente-p-juego-ac-110v-dc-5v-c-blanco\/","og_locale":"es_ES","og_type":"article","og_title":"M-FUENTE P.JUEGO AC 110V-DC 5V C\/BLANCO","og_url":"https:\/\/comerciallin.com\/index.php\/producto\/m-fuente-p-juego-ac-110v-dc-5v-c-blanco\/","og_site_name":"tienda de electr\u00f3nica y computaci\u00f3n","article_modified_time":"2025-01-14T18:56:54+00:00","twitter_card":"summary_large_image","twitter_image":"https:\/\/i0.wp.com\/comerciallin.com\/wp-content\/uploads\/2023\/08\/304120110801.jpg?fit=%2C&ssl=1","twitter_misc":{"Precio":"&#36;29,90","Availability":"In stock"},"schema":{"@context":"https:\/\/schema.org","@graph":[{"@type":"WebSite","@id":"https:\/\/comerciallin.com\/#website","url":"https:\/\/comerciallin.com\/","name":"tienda de electr\u00f3nica y computaci\u00f3n","description":"Importadora de Electr\u00f3nica y Computaci\u00f3n","potentialAction":[{"@type":"SearchAction","target":{"@type":"EntryPoint","urlTemplate":"https:\/\/comerciallin.com\/?s={search_term_string}"},"query-input":"required name=search_term_string"}],"inLanguage":"es"},{"@type":"ImageObject","@id":"https:\/\/comerciallin.com\/index.php\/producto\/m-fuente-p-juego-ac-110v-dc-5v-c-blanco\/#primaryimage","inLanguage":"es","url":"https:\/\/i0.wp.com\/comerciallin.com\/wp-content\/uploads\/2023\/08\/304120110801.jpg?fit=%2C&ssl=1","contentUrl":"https:\/\/i0.wp.com\/comerciallin.com\/wp-content\/uploads\/2023\/08\/304120110801.jpg?fit=%2C&ssl=1","caption":"M-FUENTE P.JUEGO AC 110V-DC 5V C\/BLANCO"},{"@type":"WebPage","@id":"https:\/\/comerciallin.com\/index.php\/producto\/m-fuente-p-juego-ac-110v-dc-5v-c-blanco\/#webpage","url":"https:\/\/comerciallin.com\/index.php\/producto\/m-fuente-p-juego-ac-110v-dc-5v-c-blanco\/","name":"M-FUENTE P.JUEGO AC 110V-DC 5V C\/BLANCO - tienda de electr\u00f3nica y computaci\u00f3n","isPartOf":{"@id":"https:\/\/comerciallin.com\/#website"},"primaryImageOfPage":{"@id":"https:\/\/comerciallin.com\/index.php\/producto\/m-fuente-p-juego-ac-110v-dc-5v-c-blanco\/#primaryimage"},"datePublished":"2023-04-26T18:00:38+00:00","dateModified":"2025-01-14T18:56:54+00:00","breadcrumb":{"@id":"https:\/\/comerciallin.com\/index.php\/producto\/m-fuente-p-juego-ac-110v-dc-5v-c-blanco\/#breadcrumb"},"inLanguage":"es","potentialAction":[{"@type":"ReadAction","target":["https:\/\/comerciallin.com\/index.php\/producto\/m-fuente-p-juego-ac-110v-dc-5v-c-blanco\/"]}]},{"@type":"BreadcrumbList","@id":"https:\/\/comerciallin.com\/index.php\/producto\/m-fuente-p-juego-ac-110v-dc-5v-c-blanco\/#breadcrumb","itemListElement":[{"@type":"ListItem","position":1,"name":"Inicio","item":"https:\/\/comerciallin.com\/"},{"@type":"ListItem","position":2,"name":"Shop","item":"https:\/\/comerciallin.com\/?page_id=3853"},{"@type":"ListItem","position":3,"name":"M-FUENTE P.JUEGO AC 110V-DC 5V C\/BLANCO"}]}]},"product_price_amount":"29.90","product_price_currency":"USD","og_availability":"instock","product_availability":"instock","product_retailer_item_id":"304120110801","product_condition":"new"},"jetpack-related-posts":[{"id":23133,"url":"https:\/\/comerciallin.com\/index.php\/producto\/m-fuente-p-juego-ac-110v-dc-5v-cl-9assr-01\/","url_meta":{"origin":23229,"position":0},"title":"M-FUENTE P.JUEGO AC 110V-DC 5V CHILONG","date":"25 de abril de 2023","format":false,"excerpt":"","rel":"","context":"Entrada similar","img":{"alt_text":"","src":"","width":0,"height":0},"classes":[]},{"id":23757,"url":"https:\/\/comerciallin.com\/index.php\/producto\/lupa-de-clip-auxiliar-led-ac-dc-intercambie\/","url_meta":{"origin":23229,"position":1},"title":"LUPA DE CLIP AUXILIAR LED AC \/ DC INTERCAMBIE","date":"3 de mayo de 2023","format":false,"excerpt":"","rel":"","context":"Entrada similar","img":{"alt_text":"","src":"","width":0,"height":0},"classes":[]},{"id":19022,"url":"https:\/\/comerciallin.com\/index.php\/producto\/cargador-comp-lenovo-type-c-20v-3-25-cuadrado\/","url_meta":{"origin":23229,"position":2},"title":"CARGADOR COMP LENOVO TYPE C 20V 3.25 CUADRADO","date":"7 de noviembre de 2022","format":false,"excerpt":"Especificaciones: Entrada: 100-240V \/ 50-60Hz Salida:\u00a065W,\u00a020V-3.25A, 15V-3A, 12V-3A, 9V-2A, 5V-2A Conector: TIPO C Modelo: Cuadrado Color: Negro Condici\u00f3n: Nueva estrenar Paquete incluye: 1 x Adaptador de corriente AC 1 x Cable de Alimentaci\u00f3n El\u00e9ctrica Garant\u00eda: 6 meses de garant\u00eda IVA Incluido","rel":"","context":"Entrada similar","img":{"alt_text":"","src":"","width":0,"height":0},"classes":[]},{"id":19024,"url":"https:\/\/comerciallin.com\/index.php\/producto\/cargador-comp-lenovo-type-c-20v-3-25-rectang\/","url_meta":{"origin":23229,"position":3},"title":"CARGADOR ORIGINAL LENOVO TYPE C 20V 3.25 RECT","date":"7 de noviembre de 2022","format":false,"excerpt":"Especificaciones: Entrada: 100-240V \/ 50-60Hz Salida:\u00a065W,\u00a020V-3.25A, 15V-3A, 12V-3A, 9V-2A, 5V-2A Conector: TIPO C Modelo: Rectangular Color: Negro Condici\u00f3n: Nueva estrenar Paquete incluye: 1 x Adaptador de corriente AC 1 x Cable de Alimentaci\u00f3n El\u00e9ctrica Garant\u00eda: 6 meses de garant\u00eda IVA Incluido","rel":"","context":"Entrada similar","img":{"alt_text":"","src":"","width":0,"height":0},"classes":[]},{"id":23107,"url":"https:\/\/comerciallin.com\/index.php\/producto\/m-teclado-c-luces\/","url_meta":{"origin":23229,"position":4},"title":"M-TECLADO C\/LUCES","date":"25 de abril de 2023","format":false,"excerpt":"","rel":"","context":"Entrada similar","img":{"alt_text":"","src":"","width":0,"height":0},"classes":[]},{"id":23422,"url":"https:\/\/comerciallin.com\/index.php\/producto\/m-palanca-p-juego-maquina-c-luces\/","url_meta":{"origin":23229,"position":5},"title":"M-PALANCA P JUEGO MAQUINA C\/LUCES","date":"27 de abril de 2023","format":false,"excerpt":"","rel":"","context":"Entrada similar","img":{"alt_text":"","src":"","width":0,"height":0},"classes":[]}],"jetpack_sharing_enabled":true,"jetpack_likes_enabled":true,"_links":{"self":[{"href":"https:\/\/comerciallin.com\/index.php\/wp-json\/wp\/v2\/product\/23229"}],"collection":[{"href":"https:\/\/comerciallin.com\/index.php\/wp-json\/wp\/v2\/product"}],"about":[{"href":"https:\/\/comerciallin.com\/index.php\/wp-json\/wp\/v2\/types\/product"}],"replies":[{"embeddable":true,"href":"https:\/\/comerciallin.com\/index.php\/wp-json\/wp\/v2\/comments?post=23229"}],"wp:featuredmedia":[{"embeddable":true,"href":"https:\/\/comerciallin.com\/index.php\/wp-json\/wp\/v2\/media\/25029"}],"wp:attachment":[{"href":"https:\/\/comerciallin.com\/index.php\/wp-json\/wp\/v2\/media?parent=23229"}],"wp:term":[{"taxonomy":"product_cat","embeddable":true,"href":"https:\/\/comerciallin.com\/index.php\/wp-json\/wp\/v2\/product_cat?post=23229"},{"taxonomy":"product_tag","embeddable":true,"href":"https:\/\/comerciallin.com\/index.php\/wp-json\/wp\/v2\/product_tag?post=23229"}],"curies":[{"name":"wp","href":"https:\/\/api.w.org\/{rel}","templated":true}]}}