{"id":23163,"date":"2023-04-25T15:49:03","date_gmt":"2023-04-25T20:49:03","guid":{"rendered":"https:\/\/comerciallin.com\/index.php\/producto\/palillo-madera-p-tambor-5a-yamaha\/"},"modified":"2025-01-14T13:57:06","modified_gmt":"2025-01-14T18:57:06","slug":"palillo-madera-p-tambor-5a-yamaha","status":"publish","type":"product","link":"https:\/\/comerciallin.com\/index.php\/producto\/palillo-madera-p-tambor-5a-yamaha\/","title":{"rendered":"PALILLO MADERA P. TAMBOR 5A YAMAHA"},"content":{"rendered":"","protected":false},"excerpt":{"rendered":"","protected":false},"featured_media":25081,"comment_status":"open","ping_status":"closed","template":"","meta":{"spay_email":""},"product_cat":[760],"product_tag":[],"supplier_id":null,"supplier_sku":"","barcode":null,"atum_controlled":true,"out_stock_date":null,"out_stock_threshold":null,"inheritable":false,"inbound_stock":null,"stock_on_hold":0,"sold_today":0,"sales_last_days":0,"reserved_stock":null,"customer_returns":null,"warehouse_damage":null,"lost_in_post":null,"other_logs":null,"out_stock_days":0,"lost_sales":0,"has_location":null,"update_date":"2026-05-01T00:12:20","atum_locations":[],"atum_stock_status":"instock","restock_status":false,"low_stock_amount":"","sales_update_date":"2026-05-01T00:12:20","calc_backorders":null,"acf":[],"yoast_head":"<!-- This site is optimized with the Yoast SEO Premium plugin v17.4 (Yoast SEO v17.4) - https:\/\/yoast.com\/wordpress\/plugins\/seo\/ -->\n<title>PALILLO MADERA P. TAMBOR 5A YAMAHA - tienda de electr\u00f3nica y computaci\u00f3n<\/title>\n<meta name=\"robots\" content=\"index, follow, max-snippet:-1, max-image-preview:large, max-video-preview:-1\" \/>\n<link rel=\"canonical\" href=\"https:\/\/comerciallin.com\/index.php\/producto\/palillo-madera-p-tambor-5a-yamaha\/\" \/>\n<meta property=\"og:locale\" content=\"es_ES\" \/>\n<meta property=\"og:type\" content=\"article\" \/>\n<meta property=\"og:title\" content=\"PALILLO MADERA P. TAMBOR 5A YAMAHA\" \/>\n<meta property=\"og:url\" content=\"https:\/\/comerciallin.com\/index.php\/producto\/palillo-madera-p-tambor-5a-yamaha\/\" \/>\n<meta property=\"og:site_name\" content=\"tienda de electr\u00f3nica y computaci\u00f3n\" \/>\n<meta property=\"article:modified_time\" content=\"2025-01-14T18:57:06+00:00\" \/>\n<meta name=\"twitter:card\" content=\"summary_large_image\" \/>\n<meta name=\"twitter:image\" content=\"https:\/\/i0.wp.com\/comerciallin.com\/wp-content\/uploads\/2023\/08\/705010121001.jpg?fit=%2C&amp;ssl=1\" \/>\n<meta name=\"twitter:label1\" content=\"Precio\" \/>\n\t<meta name=\"twitter:data1\" content=\"&#36;4,03\" \/>\n\t<meta name=\"twitter:label2\" content=\"Availability\" \/>\n\t<meta name=\"twitter:data2\" content=\"In stock\" \/>\n<script type=\"application\/ld+json\" class=\"yoast-schema-graph\">{\"@context\":\"https:\/\/schema.org\",\"@graph\":[{\"@type\":\"WebSite\",\"@id\":\"https:\/\/comerciallin.com\/#website\",\"url\":\"https:\/\/comerciallin.com\/\",\"name\":\"tienda de electr\\u00f3nica y computaci\\u00f3n\",\"description\":\"Importadora de Electr\\u00f3nica y Computaci\\u00f3n\",\"potentialAction\":[{\"@type\":\"SearchAction\",\"target\":{\"@type\":\"EntryPoint\",\"urlTemplate\":\"https:\/\/comerciallin.com\/?s={search_term_string}\"},\"query-input\":\"required name=search_term_string\"}],\"inLanguage\":\"es\"},{\"@type\":\"ImageObject\",\"@id\":\"https:\/\/comerciallin.com\/index.php\/producto\/palillo-madera-p-tambor-5a-yamaha\/#primaryimage\",\"inLanguage\":\"es\",\"url\":\"https:\/\/i0.wp.com\/comerciallin.com\/wp-content\/uploads\/2023\/08\/705010121001.jpg?fit=%2C&ssl=1\",\"contentUrl\":\"https:\/\/i0.wp.com\/comerciallin.com\/wp-content\/uploads\/2023\/08\/705010121001.jpg?fit=%2C&ssl=1\",\"caption\":\"PALILLO MADERA P. TAMBOR 5A YAMAHA\"},{\"@type\":\"WebPage\",\"@id\":\"https:\/\/comerciallin.com\/index.php\/producto\/palillo-madera-p-tambor-5a-yamaha\/#webpage\",\"url\":\"https:\/\/comerciallin.com\/index.php\/producto\/palillo-madera-p-tambor-5a-yamaha\/\",\"name\":\"PALILLO MADERA P. TAMBOR 5A YAMAHA - tienda de electr\\u00f3nica y computaci\\u00f3n\",\"isPartOf\":{\"@id\":\"https:\/\/comerciallin.com\/#website\"},\"primaryImageOfPage\":{\"@id\":\"https:\/\/comerciallin.com\/index.php\/producto\/palillo-madera-p-tambor-5a-yamaha\/#primaryimage\"},\"datePublished\":\"2023-04-25T20:49:03+00:00\",\"dateModified\":\"2025-01-14T18:57:06+00:00\",\"breadcrumb\":{\"@id\":\"https:\/\/comerciallin.com\/index.php\/producto\/palillo-madera-p-tambor-5a-yamaha\/#breadcrumb\"},\"inLanguage\":\"es\",\"potentialAction\":[{\"@type\":\"ReadAction\",\"target\":[\"https:\/\/comerciallin.com\/index.php\/producto\/palillo-madera-p-tambor-5a-yamaha\/\"]}]},{\"@type\":\"BreadcrumbList\",\"@id\":\"https:\/\/comerciallin.com\/index.php\/producto\/palillo-madera-p-tambor-5a-yamaha\/#breadcrumb\",\"itemListElement\":[{\"@type\":\"ListItem\",\"position\":1,\"name\":\"Inicio\",\"item\":\"https:\/\/comerciallin.com\/\"},{\"@type\":\"ListItem\",\"position\":2,\"name\":\"Shop\",\"item\":\"https:\/\/comerciallin.com\/?page_id=3853\"},{\"@type\":\"ListItem\",\"position\":3,\"name\":\"PALILLO MADERA P. TAMBOR 5A YAMAHA\"}]}]}<\/script>\n<meta property=\"product:price:amount\" content=\"4.03\" \/>\n<meta property=\"product:price:currency\" content=\"USD\" \/>\n<meta property=\"og:availability\" content=\"instock\" \/>\n<meta property=\"product:availability\" content=\"instock\" \/>\n<meta property=\"product:retailer_item_id\" content=\"705010121001\" \/>\n<meta property=\"product:condition\" content=\"new\" \/>\n<!-- \/ Yoast SEO Premium plugin. -->","yoast_head_json":{"title":"PALILLO MADERA P. TAMBOR 5A YAMAHA - tienda de electr\u00f3nica y computaci\u00f3n","robots":{"index":"index","follow":"follow","max-snippet":"max-snippet:-1","max-image-preview":"max-image-preview:large","max-video-preview":"max-video-preview:-1"},"canonical":"https:\/\/comerciallin.com\/index.php\/producto\/palillo-madera-p-tambor-5a-yamaha\/","og_locale":"es_ES","og_type":"article","og_title":"PALILLO MADERA P. TAMBOR 5A YAMAHA","og_url":"https:\/\/comerciallin.com\/index.php\/producto\/palillo-madera-p-tambor-5a-yamaha\/","og_site_name":"tienda de electr\u00f3nica y computaci\u00f3n","article_modified_time":"2025-01-14T18:57:06+00:00","twitter_card":"summary_large_image","twitter_image":"https:\/\/i0.wp.com\/comerciallin.com\/wp-content\/uploads\/2023\/08\/705010121001.jpg?fit=%2C&ssl=1","twitter_misc":{"Precio":"&#36;4,03","Availability":"In stock"},"schema":{"@context":"https:\/\/schema.org","@graph":[{"@type":"WebSite","@id":"https:\/\/comerciallin.com\/#website","url":"https:\/\/comerciallin.com\/","name":"tienda de electr\u00f3nica y computaci\u00f3n","description":"Importadora de Electr\u00f3nica y Computaci\u00f3n","potentialAction":[{"@type":"SearchAction","target":{"@type":"EntryPoint","urlTemplate":"https:\/\/comerciallin.com\/?s={search_term_string}"},"query-input":"required name=search_term_string"}],"inLanguage":"es"},{"@type":"ImageObject","@id":"https:\/\/comerciallin.com\/index.php\/producto\/palillo-madera-p-tambor-5a-yamaha\/#primaryimage","inLanguage":"es","url":"https:\/\/i0.wp.com\/comerciallin.com\/wp-content\/uploads\/2023\/08\/705010121001.jpg?fit=%2C&ssl=1","contentUrl":"https:\/\/i0.wp.com\/comerciallin.com\/wp-content\/uploads\/2023\/08\/705010121001.jpg?fit=%2C&ssl=1","caption":"PALILLO MADERA P. TAMBOR 5A YAMAHA"},{"@type":"WebPage","@id":"https:\/\/comerciallin.com\/index.php\/producto\/palillo-madera-p-tambor-5a-yamaha\/#webpage","url":"https:\/\/comerciallin.com\/index.php\/producto\/palillo-madera-p-tambor-5a-yamaha\/","name":"PALILLO MADERA P. TAMBOR 5A YAMAHA - tienda de electr\u00f3nica y computaci\u00f3n","isPartOf":{"@id":"https:\/\/comerciallin.com\/#website"},"primaryImageOfPage":{"@id":"https:\/\/comerciallin.com\/index.php\/producto\/palillo-madera-p-tambor-5a-yamaha\/#primaryimage"},"datePublished":"2023-04-25T20:49:03+00:00","dateModified":"2025-01-14T18:57:06+00:00","breadcrumb":{"@id":"https:\/\/comerciallin.com\/index.php\/producto\/palillo-madera-p-tambor-5a-yamaha\/#breadcrumb"},"inLanguage":"es","potentialAction":[{"@type":"ReadAction","target":["https:\/\/comerciallin.com\/index.php\/producto\/palillo-madera-p-tambor-5a-yamaha\/"]}]},{"@type":"BreadcrumbList","@id":"https:\/\/comerciallin.com\/index.php\/producto\/palillo-madera-p-tambor-5a-yamaha\/#breadcrumb","itemListElement":[{"@type":"ListItem","position":1,"name":"Inicio","item":"https:\/\/comerciallin.com\/"},{"@type":"ListItem","position":2,"name":"Shop","item":"https:\/\/comerciallin.com\/?page_id=3853"},{"@type":"ListItem","position":3,"name":"PALILLO MADERA P. TAMBOR 5A YAMAHA"}]}]},"product_price_amount":"4.03","product_price_currency":"USD","og_availability":"instock","product_availability":"instock","product_retailer_item_id":"705010121001","product_condition":"new"},"jetpack-related-posts":[{"id":22855,"url":"https:\/\/comerciallin.com\/index.php\/producto\/palillo-para-lira\/","url_meta":{"origin":23163,"position":0},"title":"PALILLO PARA LIRA PLASTICO","date":"24 de abril de 2023","format":false,"excerpt":"","rel":"","context":"Entrada similar","img":{"alt_text":"","src":"","width":0,"height":0},"classes":[]},{"id":26165,"url":"https:\/\/comerciallin.com\/index.php\/producto\/parche-p-tambor-26\/","url_meta":{"origin":23163,"position":1},"title":"PARCHE P. TAMBOR 26&#8243;","date":"29 de enero de 2024","format":false,"excerpt":"","rel":"","context":"Entrada similar","img":{"alt_text":"PARCHE P. TAMBOR 26\"","src":"https:\/\/i0.wp.com\/comerciallin.com\/wp-content\/uploads\/2024\/01\/448001010108-1.jpg?fit=1080%2C1080&ssl=1&resize=350%2C200","width":350,"height":200},"classes":[]},{"id":26163,"url":"https:\/\/comerciallin.com\/index.php\/producto\/parche-p-tambor-14-transp\/","url_meta":{"origin":23163,"position":2},"title":"PARCHE P. TAMBOR 14&#8243; TRANSP","date":"29 de enero de 2024","format":false,"excerpt":"","rel":"","context":"Entrada similar","img":{"alt_text":"PARCHE P. TAMBOR 14\" TRANSP","src":"https:\/\/i0.wp.com\/comerciallin.com\/wp-content\/uploads\/2024\/01\/448001010107-1.jpg?fit=1080%2C1080&ssl=1&resize=350%2C200","width":350,"height":200},"classes":[]},{"id":26131,"url":"https:\/\/comerciallin.com\/index.php\/producto\/templador-p-tambor-2t-aleacion\/","url_meta":{"origin":23163,"position":3},"title":"TEMPLADOR P. TAMBOR 2T ALEACION","date":"29 de enero de 2024","format":false,"excerpt":"","rel":"","context":"Entrada similar","img":{"alt_text":"TEMPLADOR P. TAMBOR 2T ALEACION","src":"https:\/\/i0.wp.com\/comerciallin.com\/wp-content\/uploads\/2024\/01\/448001010102-2.jpg?fit=1080%2C1080&ssl=1&resize=350%2C200","width":350,"height":200},"classes":[]},{"id":22843,"url":"https:\/\/comerciallin.com\/index.php\/producto\/parches-p-tambor-13\/","url_meta":{"origin":23163,"position":4},"title":"PARCHE P. TAMBOR 13&#8243; BLANCO S\/MARCA","date":"24 de abril de 2023","format":false,"excerpt":"","rel":"","context":"Entrada similar","img":{"alt_text":"","src":"","width":0,"height":0},"classes":[]}],"jetpack_sharing_enabled":true,"jetpack_likes_enabled":true,"_links":{"self":[{"href":"https:\/\/comerciallin.com\/index.php\/wp-json\/wp\/v2\/product\/23163"}],"collection":[{"href":"https:\/\/comerciallin.com\/index.php\/wp-json\/wp\/v2\/product"}],"about":[{"href":"https:\/\/comerciallin.com\/index.php\/wp-json\/wp\/v2\/types\/product"}],"replies":[{"embeddable":true,"href":"https:\/\/comerciallin.com\/index.php\/wp-json\/wp\/v2\/comments?post=23163"}],"wp:featuredmedia":[{"embeddable":true,"href":"https:\/\/comerciallin.com\/index.php\/wp-json\/wp\/v2\/media\/25081"}],"wp:attachment":[{"href":"https:\/\/comerciallin.com\/index.php\/wp-json\/wp\/v2\/media?parent=23163"}],"wp:term":[{"taxonomy":"product_cat","embeddable":true,"href":"https:\/\/comerciallin.com\/index.php\/wp-json\/wp\/v2\/product_cat?post=23163"},{"taxonomy":"product_tag","embeddable":true,"href":"https:\/\/comerciallin.com\/index.php\/wp-json\/wp\/v2\/product_tag?post=23163"}],"curies":[{"name":"wp","href":"https:\/\/api.w.org\/{rel}","templated":true}]}}