{"id":23130,"date":"2023-04-25T15:48:54","date_gmt":"2023-04-25T20:48:54","guid":{"rendered":"https:\/\/comerciallin.com\/index.php\/producto\/m-fichero-doble-uso-inteligente\/"},"modified":"2025-01-14T13:56:51","modified_gmt":"2025-01-14T18:56:51","slug":"m-fichero-doble-uso-inteligente","status":"publish","type":"product","link":"https:\/\/comerciallin.com\/index.php\/producto\/m-fichero-doble-uso-inteligente\/","title":{"rendered":"M-FICHERO DOBLE USO INTELIGENTE"},"content":{"rendered":"","protected":false},"excerpt":{"rendered":"","protected":false},"featured_media":25027,"comment_status":"open","ping_status":"closed","template":"","meta":{"spay_email":""},"product_cat":[757],"product_tag":[],"supplier_id":null,"supplier_sku":"","barcode":null,"atum_controlled":true,"out_stock_date":null,"out_stock_threshold":null,"inheritable":false,"inbound_stock":null,"stock_on_hold":0,"sold_today":0,"sales_last_days":0,"reserved_stock":null,"customer_returns":null,"warehouse_damage":null,"lost_in_post":null,"other_logs":null,"out_stock_days":0,"lost_sales":0,"has_location":null,"update_date":"2026-05-03T00:12:41","atum_locations":[],"atum_stock_status":"instock","restock_status":false,"low_stock_amount":"","sales_update_date":"2026-05-03T00:12:41","calc_backorders":null,"acf":[],"yoast_head":"<!-- This site is optimized with the Yoast SEO Premium plugin v17.4 (Yoast SEO v17.4) - https:\/\/yoast.com\/wordpress\/plugins\/seo\/ -->\n<title>M-FICHERO DOBLE USO INTELIGENTE - tienda de electr\u00f3nica y computaci\u00f3n<\/title>\n<meta name=\"robots\" content=\"index, follow, max-snippet:-1, max-image-preview:large, max-video-preview:-1\" \/>\n<link rel=\"canonical\" href=\"https:\/\/comerciallin.com\/index.php\/producto\/m-fichero-doble-uso-inteligente\/\" \/>\n<meta property=\"og:locale\" content=\"es_ES\" \/>\n<meta property=\"og:type\" content=\"article\" \/>\n<meta property=\"og:title\" content=\"M-FICHERO DOBLE USO INTELIGENTE\" \/>\n<meta property=\"og:url\" content=\"https:\/\/comerciallin.com\/index.php\/producto\/m-fichero-doble-uso-inteligente\/\" \/>\n<meta property=\"og:site_name\" content=\"tienda de electr\u00f3nica y computaci\u00f3n\" \/>\n<meta property=\"article:modified_time\" content=\"2025-01-14T18:56:51+00:00\" \/>\n<meta name=\"twitter:card\" content=\"summary_large_image\" \/>\n<meta name=\"twitter:image\" content=\"https:\/\/i0.wp.com\/comerciallin.com\/wp-content\/uploads\/2023\/08\/056120120201.jpg?fit=%2C&amp;ssl=1\" \/>\n<meta name=\"twitter:label1\" content=\"Precio\" \/>\n\t<meta name=\"twitter:data1\" content=\"&#36;37,95\" \/>\n\t<meta name=\"twitter:label2\" content=\"Availability\" \/>\n\t<meta name=\"twitter:data2\" content=\"In stock\" \/>\n<script type=\"application\/ld+json\" class=\"yoast-schema-graph\">{\"@context\":\"https:\/\/schema.org\",\"@graph\":[{\"@type\":\"WebSite\",\"@id\":\"https:\/\/comerciallin.com\/#website\",\"url\":\"https:\/\/comerciallin.com\/\",\"name\":\"tienda de electr\\u00f3nica y computaci\\u00f3n\",\"description\":\"Importadora de Electr\\u00f3nica y Computaci\\u00f3n\",\"potentialAction\":[{\"@type\":\"SearchAction\",\"target\":{\"@type\":\"EntryPoint\",\"urlTemplate\":\"https:\/\/comerciallin.com\/?s={search_term_string}\"},\"query-input\":\"required name=search_term_string\"}],\"inLanguage\":\"es\"},{\"@type\":\"ImageObject\",\"@id\":\"https:\/\/comerciallin.com\/index.php\/producto\/m-fichero-doble-uso-inteligente\/#primaryimage\",\"inLanguage\":\"es\",\"url\":\"https:\/\/i0.wp.com\/comerciallin.com\/wp-content\/uploads\/2023\/08\/056120120201.jpg?fit=%2C&ssl=1\",\"contentUrl\":\"https:\/\/i0.wp.com\/comerciallin.com\/wp-content\/uploads\/2023\/08\/056120120201.jpg?fit=%2C&ssl=1\",\"caption\":\"M-FICHERO DOBLE USO INTELIGENTE\"},{\"@type\":\"WebPage\",\"@id\":\"https:\/\/comerciallin.com\/index.php\/producto\/m-fichero-doble-uso-inteligente\/#webpage\",\"url\":\"https:\/\/comerciallin.com\/index.php\/producto\/m-fichero-doble-uso-inteligente\/\",\"name\":\"M-FICHERO DOBLE USO INTELIGENTE - tienda de electr\\u00f3nica y computaci\\u00f3n\",\"isPartOf\":{\"@id\":\"https:\/\/comerciallin.com\/#website\"},\"primaryImageOfPage\":{\"@id\":\"https:\/\/comerciallin.com\/index.php\/producto\/m-fichero-doble-uso-inteligente\/#primaryimage\"},\"datePublished\":\"2023-04-25T20:48:54+00:00\",\"dateModified\":\"2025-01-14T18:56:51+00:00\",\"breadcrumb\":{\"@id\":\"https:\/\/comerciallin.com\/index.php\/producto\/m-fichero-doble-uso-inteligente\/#breadcrumb\"},\"inLanguage\":\"es\",\"potentialAction\":[{\"@type\":\"ReadAction\",\"target\":[\"https:\/\/comerciallin.com\/index.php\/producto\/m-fichero-doble-uso-inteligente\/\"]}]},{\"@type\":\"BreadcrumbList\",\"@id\":\"https:\/\/comerciallin.com\/index.php\/producto\/m-fichero-doble-uso-inteligente\/#breadcrumb\",\"itemListElement\":[{\"@type\":\"ListItem\",\"position\":1,\"name\":\"Inicio\",\"item\":\"https:\/\/comerciallin.com\/\"},{\"@type\":\"ListItem\",\"position\":2,\"name\":\"Shop\",\"item\":\"https:\/\/comerciallin.com\/?page_id=3853\"},{\"@type\":\"ListItem\",\"position\":3,\"name\":\"M-FICHERO DOBLE USO INTELIGENTE\"}]}]}<\/script>\n<meta property=\"product:price:amount\" content=\"37.95\" \/>\n<meta property=\"product:price:currency\" content=\"USD\" \/>\n<meta property=\"og:availability\" content=\"instock\" \/>\n<meta property=\"product:availability\" content=\"instock\" \/>\n<meta property=\"product:retailer_item_id\" content=\"56120120201\" \/>\n<meta property=\"product:condition\" content=\"new\" \/>\n<!-- \/ Yoast SEO Premium plugin. -->","yoast_head_json":{"title":"M-FICHERO DOBLE USO INTELIGENTE - tienda de electr\u00f3nica y computaci\u00f3n","robots":{"index":"index","follow":"follow","max-snippet":"max-snippet:-1","max-image-preview":"max-image-preview:large","max-video-preview":"max-video-preview:-1"},"canonical":"https:\/\/comerciallin.com\/index.php\/producto\/m-fichero-doble-uso-inteligente\/","og_locale":"es_ES","og_type":"article","og_title":"M-FICHERO DOBLE USO INTELIGENTE","og_url":"https:\/\/comerciallin.com\/index.php\/producto\/m-fichero-doble-uso-inteligente\/","og_site_name":"tienda de electr\u00f3nica y computaci\u00f3n","article_modified_time":"2025-01-14T18:56:51+00:00","twitter_card":"summary_large_image","twitter_image":"https:\/\/i0.wp.com\/comerciallin.com\/wp-content\/uploads\/2023\/08\/056120120201.jpg?fit=%2C&ssl=1","twitter_misc":{"Precio":"&#36;37,95","Availability":"In stock"},"schema":{"@context":"https:\/\/schema.org","@graph":[{"@type":"WebSite","@id":"https:\/\/comerciallin.com\/#website","url":"https:\/\/comerciallin.com\/","name":"tienda de electr\u00f3nica y computaci\u00f3n","description":"Importadora de Electr\u00f3nica y Computaci\u00f3n","potentialAction":[{"@type":"SearchAction","target":{"@type":"EntryPoint","urlTemplate":"https:\/\/comerciallin.com\/?s={search_term_string}"},"query-input":"required name=search_term_string"}],"inLanguage":"es"},{"@type":"ImageObject","@id":"https:\/\/comerciallin.com\/index.php\/producto\/m-fichero-doble-uso-inteligente\/#primaryimage","inLanguage":"es","url":"https:\/\/i0.wp.com\/comerciallin.com\/wp-content\/uploads\/2023\/08\/056120120201.jpg?fit=%2C&ssl=1","contentUrl":"https:\/\/i0.wp.com\/comerciallin.com\/wp-content\/uploads\/2023\/08\/056120120201.jpg?fit=%2C&ssl=1","caption":"M-FICHERO DOBLE USO INTELIGENTE"},{"@type":"WebPage","@id":"https:\/\/comerciallin.com\/index.php\/producto\/m-fichero-doble-uso-inteligente\/#webpage","url":"https:\/\/comerciallin.com\/index.php\/producto\/m-fichero-doble-uso-inteligente\/","name":"M-FICHERO DOBLE USO INTELIGENTE - tienda de electr\u00f3nica y computaci\u00f3n","isPartOf":{"@id":"https:\/\/comerciallin.com\/#website"},"primaryImageOfPage":{"@id":"https:\/\/comerciallin.com\/index.php\/producto\/m-fichero-doble-uso-inteligente\/#primaryimage"},"datePublished":"2023-04-25T20:48:54+00:00","dateModified":"2025-01-14T18:56:51+00:00","breadcrumb":{"@id":"https:\/\/comerciallin.com\/index.php\/producto\/m-fichero-doble-uso-inteligente\/#breadcrumb"},"inLanguage":"es","potentialAction":[{"@type":"ReadAction","target":["https:\/\/comerciallin.com\/index.php\/producto\/m-fichero-doble-uso-inteligente\/"]}]},{"@type":"BreadcrumbList","@id":"https:\/\/comerciallin.com\/index.php\/producto\/m-fichero-doble-uso-inteligente\/#breadcrumb","itemListElement":[{"@type":"ListItem","position":1,"name":"Inicio","item":"https:\/\/comerciallin.com\/"},{"@type":"ListItem","position":2,"name":"Shop","item":"https:\/\/comerciallin.com\/?page_id=3853"},{"@type":"ListItem","position":3,"name":"M-FICHERO DOBLE USO INTELIGENTE"}]}]},"product_price_amount":"37.95","product_price_currency":"USD","og_availability":"instock","product_availability":"instock","product_retailer_item_id":"56120120201","product_condition":"new"},"jetpack-related-posts":[{"id":23773,"url":"https:\/\/comerciallin.com\/index.php\/producto\/m-fichero-cl-1004-caja-amarillo\/","url_meta":{"origin":23130,"position":0},"title":"M-FICHERO CL-1004 CAJA AMARILLO","date":"3 de mayo de 2023","format":false,"excerpt":"","rel":"","context":"Entrada similar","img":{"alt_text":"","src":"","width":0,"height":0},"classes":[]},{"id":19371,"url":"https:\/\/comerciallin.com\/index.php\/producto\/portatil-hp-ci3-1125g4-4gb-m-2-250gb-14-dq2\/","url_meta":{"origin":23130,"position":1},"title":"PORTATIL HP CI3 1125G4 4GB | M.2 250GB 14-DQ2","date":"7 de noviembre de 2022","format":false,"excerpt":"Marca:\u00a0HPModelo: 14-DY0003LAProcesador: Intel\u00ae Core\u2122 i3-1125G4 | 11.\u00aa generaci\u00f3nMemoria RAM:\u00a04GB DDR4Almacenamiento: SSD 250 GB M.2Pantalla: 14.0\u2033 FHDGarant\u00eda: 1 A\u00f1oAceptamos todas las tarjetas de cr\u00e9ditoRealizamos env\u00edos a todo el pa\u00eds","rel":"","context":"Entrada similar","img":{"alt_text":"","src":"","width":0,"height":0},"classes":[]},{"id":19717,"url":"https:\/\/comerciallin.com\/index.php\/producto\/microfono-gamer-m3\/","url_meta":{"origin":23130,"position":2},"title":"MICROFONO GAMER M3","date":"8 de noviembre de 2022","format":false,"excerpt":"Microfono Gaming Trust","rel":"","context":"Entrada similar","img":{"alt_text":"","src":"","width":0,"height":0},"classes":[]},{"id":18744,"url":"https:\/\/comerciallin.com\/index.php\/producto\/cargador-telefono-40w-5v3-6a-i17-iphone\/","url_meta":{"origin":23130,"position":3},"title":"CARGADOR TELEFONO 40W 5V3.6A I17 IPHONE","date":"7 de noviembre de 2022","format":false,"excerpt":"Modelo exclusivo de alta gama Chip de identificaci\u00f3n inteligente integrado con funci\u00f3n de apagado autom\u00e1tico cuando est\u00e1 completamente cargado Protecci\u00f3n contra cortocircuitos Soporte m\u00e1ximo de carga de energ\u00eda de 40 W; identificaci\u00f3n autom\u00c3\u00a1tica IC Incluye cable de datos totalmente compatible, la longitud del cable es de 1 metro","rel":"","context":"Entrada similar","img":{"alt_text":"","src":"","width":0,"height":0},"classes":[]},{"id":19215,"url":"https:\/\/comerciallin.com\/index.php\/producto\/disco-duro-250gb-ssd-ex900-m-2-mve-pciex\/","url_meta":{"origin":23130,"position":4},"title":"DISCO DURO 250GB SSD EX900 M.2 MVE PCIEX","date":"7 de noviembre de 2022","format":false,"excerpt":"MANTENGA LA REINVENTACI\u00d3N, EL CAMINO HP: HP SSD EX900 M.2: la elecci\u00f3n para alta eficiencia, sin esfuerzo y velocidad extraordinaria LECTURA DE VELOCIDAD DE ESCRITURA: Velocidades secuenciales de lectura \/ escritura de hasta 2100 MB \/ s \/ 1300 MB \/ s, una confiabilidad l\u00edder en la industria (MTBF) de\u2026","rel":"","context":"Entrada similar","img":{"alt_text":"","src":"","width":0,"height":0},"classes":[]},{"id":19038,"url":"https:\/\/comerciallin.com\/index.php\/producto\/tp-link-router-archer-c64-ac120wifi5-gigabit\/","url_meta":{"origin":23130,"position":5},"title":"TP-LINK ROUTER ARCHER C64 AC120WIFI5\/GIGABIT","date":"7 de noviembre de 2022","format":false,"excerpt":"Wi-Fi 802.11ac Wave2 Cobertura WiFi mejorada MU-MIMO Beamforming Modo AP Conexi\u00f3n inteligente F\u00e1cil configuraci\u00f3n","rel":"","context":"Entrada similar","img":{"alt_text":"","src":"","width":0,"height":0},"classes":[]}],"jetpack_sharing_enabled":true,"jetpack_likes_enabled":true,"_links":{"self":[{"href":"https:\/\/comerciallin.com\/index.php\/wp-json\/wp\/v2\/product\/23130"}],"collection":[{"href":"https:\/\/comerciallin.com\/index.php\/wp-json\/wp\/v2\/product"}],"about":[{"href":"https:\/\/comerciallin.com\/index.php\/wp-json\/wp\/v2\/types\/product"}],"replies":[{"embeddable":true,"href":"https:\/\/comerciallin.com\/index.php\/wp-json\/wp\/v2\/comments?post=23130"}],"wp:featuredmedia":[{"embeddable":true,"href":"https:\/\/comerciallin.com\/index.php\/wp-json\/wp\/v2\/media\/25027"}],"wp:attachment":[{"href":"https:\/\/comerciallin.com\/index.php\/wp-json\/wp\/v2\/media?parent=23130"}],"wp:term":[{"taxonomy":"product_cat","embeddable":true,"href":"https:\/\/comerciallin.com\/index.php\/wp-json\/wp\/v2\/product_cat?post=23130"},{"taxonomy":"product_tag","embeddable":true,"href":"https:\/\/comerciallin.com\/index.php\/wp-json\/wp\/v2\/product_tag?post=23130"}],"curies":[{"name":"wp","href":"https:\/\/api.w.org\/{rel}","templated":true}]}}