{"id":23107,"date":"2023-04-25T15:48:50","date_gmt":"2023-04-25T20:48:50","guid":{"rendered":"https:\/\/comerciallin.com\/index.php\/producto\/m-teclado-c-luces\/"},"modified":"2025-01-14T13:57:02","modified_gmt":"2025-01-14T18:57:02","slug":"m-teclado-c-luces","status":"publish","type":"product","link":"https:\/\/comerciallin.com\/index.php\/producto\/m-teclado-c-luces\/","title":{"rendered":"M-TECLADO C\/LUCES"},"content":{"rendered":"","protected":false},"excerpt":{"rendered":"","protected":false},"featured_media":25065,"comment_status":"open","ping_status":"closed","template":"","meta":{"spay_email":""},"product_cat":[768],"product_tag":[],"supplier_id":null,"supplier_sku":"","barcode":null,"atum_controlled":true,"out_stock_date":null,"out_stock_threshold":null,"inheritable":false,"inbound_stock":null,"stock_on_hold":0,"sold_today":0,"sales_last_days":0,"reserved_stock":null,"customer_returns":null,"warehouse_damage":null,"lost_in_post":null,"other_logs":null,"out_stock_days":0,"lost_sales":0,"has_location":null,"update_date":"2026-04-28T00:11:17","atum_locations":[],"atum_stock_status":"instock","restock_status":false,"low_stock_amount":"","sales_update_date":"2026-04-28T00:11:17","calc_backorders":null,"acf":[],"yoast_head":"<!-- This site is optimized with the Yoast SEO Premium plugin v17.4 (Yoast SEO v17.4) - https:\/\/yoast.com\/wordpress\/plugins\/seo\/ -->\n<title>M-TECLADO C\/LUCES - tienda de electr\u00f3nica y computaci\u00f3n<\/title>\n<meta name=\"robots\" content=\"index, follow, max-snippet:-1, max-image-preview:large, max-video-preview:-1\" \/>\n<link rel=\"canonical\" href=\"https:\/\/comerciallin.com\/index.php\/producto\/m-teclado-c-luces\/\" \/>\n<meta property=\"og:locale\" content=\"es_ES\" \/>\n<meta property=\"og:type\" content=\"article\" \/>\n<meta property=\"og:title\" content=\"M-TECLADO C\/LUCES\" \/>\n<meta property=\"og:url\" content=\"https:\/\/comerciallin.com\/index.php\/producto\/m-teclado-c-luces\/\" \/>\n<meta property=\"og:site_name\" content=\"tienda de electr\u00f3nica y computaci\u00f3n\" \/>\n<meta property=\"article:modified_time\" content=\"2025-01-14T18:57:02+00:00\" \/>\n<meta name=\"twitter:card\" content=\"summary_large_image\" \/>\n<meta name=\"twitter:image\" content=\"https:\/\/i0.wp.com\/comerciallin.com\/wp-content\/uploads\/2023\/08\/056120120202.jpg?fit=%2C&amp;ssl=1\" \/>\n<meta name=\"twitter:label1\" content=\"Precio\" \/>\n\t<meta name=\"twitter:data1\" content=\"&#36;13,80\" \/>\n\t<meta name=\"twitter:label2\" content=\"Availability\" \/>\n\t<meta name=\"twitter:data2\" content=\"In stock\" \/>\n<script type=\"application\/ld+json\" class=\"yoast-schema-graph\">{\"@context\":\"https:\/\/schema.org\",\"@graph\":[{\"@type\":\"WebSite\",\"@id\":\"https:\/\/comerciallin.com\/#website\",\"url\":\"https:\/\/comerciallin.com\/\",\"name\":\"tienda de electr\\u00f3nica y computaci\\u00f3n\",\"description\":\"Importadora de Electr\\u00f3nica y Computaci\\u00f3n\",\"potentialAction\":[{\"@type\":\"SearchAction\",\"target\":{\"@type\":\"EntryPoint\",\"urlTemplate\":\"https:\/\/comerciallin.com\/?s={search_term_string}\"},\"query-input\":\"required name=search_term_string\"}],\"inLanguage\":\"es\"},{\"@type\":\"ImageObject\",\"@id\":\"https:\/\/comerciallin.com\/index.php\/producto\/m-teclado-c-luces\/#primaryimage\",\"inLanguage\":\"es\",\"url\":\"https:\/\/i0.wp.com\/comerciallin.com\/wp-content\/uploads\/2023\/08\/056120120202.jpg?fit=%2C&ssl=1\",\"contentUrl\":\"https:\/\/i0.wp.com\/comerciallin.com\/wp-content\/uploads\/2023\/08\/056120120202.jpg?fit=%2C&ssl=1\",\"caption\":\"M-TECLADO C\/LUCES\"},{\"@type\":\"WebPage\",\"@id\":\"https:\/\/comerciallin.com\/index.php\/producto\/m-teclado-c-luces\/#webpage\",\"url\":\"https:\/\/comerciallin.com\/index.php\/producto\/m-teclado-c-luces\/\",\"name\":\"M-TECLADO C\/LUCES - tienda de electr\\u00f3nica y computaci\\u00f3n\",\"isPartOf\":{\"@id\":\"https:\/\/comerciallin.com\/#website\"},\"primaryImageOfPage\":{\"@id\":\"https:\/\/comerciallin.com\/index.php\/producto\/m-teclado-c-luces\/#primaryimage\"},\"datePublished\":\"2023-04-25T20:48:50+00:00\",\"dateModified\":\"2025-01-14T18:57:02+00:00\",\"breadcrumb\":{\"@id\":\"https:\/\/comerciallin.com\/index.php\/producto\/m-teclado-c-luces\/#breadcrumb\"},\"inLanguage\":\"es\",\"potentialAction\":[{\"@type\":\"ReadAction\",\"target\":[\"https:\/\/comerciallin.com\/index.php\/producto\/m-teclado-c-luces\/\"]}]},{\"@type\":\"BreadcrumbList\",\"@id\":\"https:\/\/comerciallin.com\/index.php\/producto\/m-teclado-c-luces\/#breadcrumb\",\"itemListElement\":[{\"@type\":\"ListItem\",\"position\":1,\"name\":\"Inicio\",\"item\":\"https:\/\/comerciallin.com\/\"},{\"@type\":\"ListItem\",\"position\":2,\"name\":\"Shop\",\"item\":\"https:\/\/comerciallin.com\/?page_id=3853\"},{\"@type\":\"ListItem\",\"position\":3,\"name\":\"M-TECLADO C\/LUCES\"}]}]}<\/script>\n<meta property=\"product:price:amount\" content=\"13.80\" \/>\n<meta property=\"product:price:currency\" content=\"USD\" \/>\n<meta property=\"og:availability\" content=\"instock\" \/>\n<meta property=\"product:availability\" content=\"instock\" \/>\n<meta property=\"product:retailer_item_id\" content=\"56120120202\" \/>\n<meta property=\"product:condition\" content=\"new\" \/>\n<!-- \/ Yoast SEO Premium plugin. -->","yoast_head_json":{"title":"M-TECLADO C\/LUCES - tienda de electr\u00f3nica y computaci\u00f3n","robots":{"index":"index","follow":"follow","max-snippet":"max-snippet:-1","max-image-preview":"max-image-preview:large","max-video-preview":"max-video-preview:-1"},"canonical":"https:\/\/comerciallin.com\/index.php\/producto\/m-teclado-c-luces\/","og_locale":"es_ES","og_type":"article","og_title":"M-TECLADO C\/LUCES","og_url":"https:\/\/comerciallin.com\/index.php\/producto\/m-teclado-c-luces\/","og_site_name":"tienda de electr\u00f3nica y computaci\u00f3n","article_modified_time":"2025-01-14T18:57:02+00:00","twitter_card":"summary_large_image","twitter_image":"https:\/\/i0.wp.com\/comerciallin.com\/wp-content\/uploads\/2023\/08\/056120120202.jpg?fit=%2C&ssl=1","twitter_misc":{"Precio":"&#36;13,80","Availability":"In stock"},"schema":{"@context":"https:\/\/schema.org","@graph":[{"@type":"WebSite","@id":"https:\/\/comerciallin.com\/#website","url":"https:\/\/comerciallin.com\/","name":"tienda de electr\u00f3nica y computaci\u00f3n","description":"Importadora de Electr\u00f3nica y Computaci\u00f3n","potentialAction":[{"@type":"SearchAction","target":{"@type":"EntryPoint","urlTemplate":"https:\/\/comerciallin.com\/?s={search_term_string}"},"query-input":"required name=search_term_string"}],"inLanguage":"es"},{"@type":"ImageObject","@id":"https:\/\/comerciallin.com\/index.php\/producto\/m-teclado-c-luces\/#primaryimage","inLanguage":"es","url":"https:\/\/i0.wp.com\/comerciallin.com\/wp-content\/uploads\/2023\/08\/056120120202.jpg?fit=%2C&ssl=1","contentUrl":"https:\/\/i0.wp.com\/comerciallin.com\/wp-content\/uploads\/2023\/08\/056120120202.jpg?fit=%2C&ssl=1","caption":"M-TECLADO C\/LUCES"},{"@type":"WebPage","@id":"https:\/\/comerciallin.com\/index.php\/producto\/m-teclado-c-luces\/#webpage","url":"https:\/\/comerciallin.com\/index.php\/producto\/m-teclado-c-luces\/","name":"M-TECLADO C\/LUCES - tienda de electr\u00f3nica y computaci\u00f3n","isPartOf":{"@id":"https:\/\/comerciallin.com\/#website"},"primaryImageOfPage":{"@id":"https:\/\/comerciallin.com\/index.php\/producto\/m-teclado-c-luces\/#primaryimage"},"datePublished":"2023-04-25T20:48:50+00:00","dateModified":"2025-01-14T18:57:02+00:00","breadcrumb":{"@id":"https:\/\/comerciallin.com\/index.php\/producto\/m-teclado-c-luces\/#breadcrumb"},"inLanguage":"es","potentialAction":[{"@type":"ReadAction","target":["https:\/\/comerciallin.com\/index.php\/producto\/m-teclado-c-luces\/"]}]},{"@type":"BreadcrumbList","@id":"https:\/\/comerciallin.com\/index.php\/producto\/m-teclado-c-luces\/#breadcrumb","itemListElement":[{"@type":"ListItem","position":1,"name":"Inicio","item":"https:\/\/comerciallin.com\/"},{"@type":"ListItem","position":2,"name":"Shop","item":"https:\/\/comerciallin.com\/?page_id=3853"},{"@type":"ListItem","position":3,"name":"M-TECLADO C\/LUCES"}]}]},"product_price_amount":"13.80","product_price_currency":"USD","og_availability":"instock","product_availability":"instock","product_retailer_item_id":"56120120202","product_condition":"new"},"jetpack-related-posts":[{"id":23422,"url":"https:\/\/comerciallin.com\/index.php\/producto\/m-palanca-p-juego-maquina-c-luces\/","url_meta":{"origin":23107,"position":0},"title":"M-PALANCA P JUEGO MAQUINA C\/LUCES","date":"27 de abril de 2023","format":false,"excerpt":"","rel":"","context":"Entrada similar","img":{"alt_text":"","src":"","width":0,"height":0},"classes":[]},{"id":25366,"url":"https:\/\/comerciallin.com\/index.php\/producto\/m-boton-colores-c-luces-micro-switch-chilong\/","url_meta":{"origin":23107,"position":1},"title":"M-BOTON COLORES C-LUCES+ MICRO SWITCH CHILONG","date":"31 de agosto de 2023","format":false,"excerpt":"","rel":"","context":"Entrada similar","img":{"alt_text":"","src":"","width":0,"height":0},"classes":[]},{"id":22461,"url":"https:\/\/comerciallin.com\/index.php\/producto\/m-micro-switch-c-platina-23-pin\/","url_meta":{"origin":23107,"position":2},"title":"M-MICRO SWITCH CHILONG C\/PLATINA 2*3 PIN","date":"19 de abril de 2023","format":false,"excerpt":"","rel":"","context":"Entrada similar","img":{"alt_text":"","src":"","width":0,"height":0},"classes":[]},{"id":23250,"url":"https:\/\/comerciallin.com\/index.php\/producto\/m-teclado-taiwan\/","url_meta":{"origin":23107,"position":3},"title":"M-TECLADO TAIWAN","date":"26 de abril de 2023","format":false,"excerpt":"","rel":"","context":"Entrada similar","img":{"alt_text":"","src":"","width":0,"height":0},"classes":[]},{"id":23229,"url":"https:\/\/comerciallin.com\/index.php\/producto\/m-fuente-p-juego-ac-110v-dc-5v-c-blanco\/","url_meta":{"origin":23107,"position":4},"title":"M-FUENTE P.JUEGO AC 110V-DC 5V C\/BLANCO","date":"26 de abril de 2023","format":false,"excerpt":"","rel":"","context":"Entrada similar","img":{"alt_text":"","src":"","width":0,"height":0},"classes":[]},{"id":25844,"url":"https:\/\/comerciallin.com\/index.php\/producto\/adaptador-5-en-1-hdtvesb3-0pd\/","url_meta":{"origin":23107,"position":5},"title":"ADAPTADOR 5 EN 1 HDTV+ESB3.0+PD","date":"17 de noviembre de 2023","format":false,"excerpt":"\u00a1Conecta todo lo que necesitas a tu dispositivo USB-C! \u00bfTu dispositivo USB-C no tiene suficientes puertos? \u00a1No te preocupes, tenemos la soluci\u00f3n! Nuestro concentrador USB-C es la opci\u00f3n perfecta para ti. Te permite conectar hasta cuatro dispositivos a tu dispositivo USB-C, incluyendo un monitor, un disco duro externo, un teclado\u2026","rel":"","context":"Entrada similar","img":{"alt_text":"","src":"","width":0,"height":0},"classes":[]}],"jetpack_sharing_enabled":true,"jetpack_likes_enabled":true,"_links":{"self":[{"href":"https:\/\/comerciallin.com\/index.php\/wp-json\/wp\/v2\/product\/23107"}],"collection":[{"href":"https:\/\/comerciallin.com\/index.php\/wp-json\/wp\/v2\/product"}],"about":[{"href":"https:\/\/comerciallin.com\/index.php\/wp-json\/wp\/v2\/types\/product"}],"replies":[{"embeddable":true,"href":"https:\/\/comerciallin.com\/index.php\/wp-json\/wp\/v2\/comments?post=23107"}],"wp:featuredmedia":[{"embeddable":true,"href":"https:\/\/comerciallin.com\/index.php\/wp-json\/wp\/v2\/media\/25065"}],"wp:attachment":[{"href":"https:\/\/comerciallin.com\/index.php\/wp-json\/wp\/v2\/media?parent=23107"}],"wp:term":[{"taxonomy":"product_cat","embeddable":true,"href":"https:\/\/comerciallin.com\/index.php\/wp-json\/wp\/v2\/product_cat?post=23107"},{"taxonomy":"product_tag","embeddable":true,"href":"https:\/\/comerciallin.com\/index.php\/wp-json\/wp\/v2\/product_tag?post=23107"}],"curies":[{"name":"wp","href":"https:\/\/api.w.org\/{rel}","templated":true}]}}