{"id":22864,"date":"2023-04-24T17:55:19","date_gmt":"2023-04-24T22:55:19","guid":{"rendered":"https:\/\/comerciallin.com\/index.php\/producto\/tripode-p-camara-681\/"},"modified":"2025-01-14T13:58:13","modified_gmt":"2025-01-14T18:58:13","slug":"tripode-p-camara-681","status":"publish","type":"product","link":"https:\/\/comerciallin.com\/index.php\/producto\/tripode-p-camara-681\/","title":{"rendered":"TRIPODE P. CAMARA 681"},"content":{"rendered":"","protected":false},"excerpt":{"rendered":"","protected":false},"featured_media":25208,"comment_status":"open","ping_status":"closed","template":"","meta":{"spay_email":""},"product_cat":[769],"product_tag":[],"supplier_id":null,"supplier_sku":"","barcode":null,"atum_controlled":true,"out_stock_date":null,"out_stock_threshold":null,"inheritable":false,"inbound_stock":null,"stock_on_hold":0,"sold_today":0,"sales_last_days":0,"reserved_stock":null,"customer_returns":null,"warehouse_damage":null,"lost_in_post":null,"other_logs":null,"out_stock_days":0,"lost_sales":0,"has_location":null,"update_date":"2026-04-28T00:11:17","atum_locations":[],"atum_stock_status":"instock","restock_status":false,"low_stock_amount":"","sales_update_date":"2026-04-28T00:11:17","calc_backorders":null,"acf":[],"yoast_head":"<!-- This site is optimized with the Yoast SEO Premium plugin v17.4 (Yoast SEO v17.4) - https:\/\/yoast.com\/wordpress\/plugins\/seo\/ -->\n<title>TRIPODE P. CAMARA 681 - tienda de electr\u00f3nica y computaci\u00f3n<\/title>\n<meta name=\"robots\" content=\"index, follow, max-snippet:-1, max-image-preview:large, max-video-preview:-1\" \/>\n<link rel=\"canonical\" href=\"https:\/\/comerciallin.com\/index.php\/producto\/tripode-p-camara-681\/\" \/>\n<meta property=\"og:locale\" content=\"es_ES\" \/>\n<meta property=\"og:type\" content=\"article\" \/>\n<meta property=\"og:title\" content=\"TRIPODE P. CAMARA 681\" \/>\n<meta property=\"og:url\" content=\"https:\/\/comerciallin.com\/index.php\/producto\/tripode-p-camara-681\/\" \/>\n<meta property=\"og:site_name\" content=\"tienda de electr\u00f3nica y computaci\u00f3n\" \/>\n<meta property=\"article:modified_time\" content=\"2025-01-14T18:58:13+00:00\" \/>\n<meta name=\"twitter:card\" content=\"summary_large_image\" \/>\n<meta name=\"twitter:image\" content=\"https:\/\/i0.wp.com\/comerciallin.com\/wp-content\/uploads\/2023\/08\/673140100807.jpg?fit=%2C&amp;ssl=1\" \/>\n<meta name=\"twitter:label1\" content=\"Precio\" \/>\n\t<meta name=\"twitter:data1\" content=\"&#36;27,60\" \/>\n\t<meta name=\"twitter:label2\" content=\"Availability\" \/>\n\t<meta name=\"twitter:data2\" content=\"In stock\" \/>\n<script type=\"application\/ld+json\" class=\"yoast-schema-graph\">{\"@context\":\"https:\/\/schema.org\",\"@graph\":[{\"@type\":\"WebSite\",\"@id\":\"https:\/\/comerciallin.com\/#website\",\"url\":\"https:\/\/comerciallin.com\/\",\"name\":\"tienda de electr\\u00f3nica y computaci\\u00f3n\",\"description\":\"Importadora de Electr\\u00f3nica y Computaci\\u00f3n\",\"potentialAction\":[{\"@type\":\"SearchAction\",\"target\":{\"@type\":\"EntryPoint\",\"urlTemplate\":\"https:\/\/comerciallin.com\/?s={search_term_string}\"},\"query-input\":\"required name=search_term_string\"}],\"inLanguage\":\"es\"},{\"@type\":\"ImageObject\",\"@id\":\"https:\/\/comerciallin.com\/index.php\/producto\/tripode-p-camara-681\/#primaryimage\",\"inLanguage\":\"es\",\"url\":\"https:\/\/i0.wp.com\/comerciallin.com\/wp-content\/uploads\/2023\/08\/673140100807.jpg?fit=%2C&ssl=1\",\"contentUrl\":\"https:\/\/i0.wp.com\/comerciallin.com\/wp-content\/uploads\/2023\/08\/673140100807.jpg?fit=%2C&ssl=1\",\"caption\":\"TRIPODE P. CAMARA 681\"},{\"@type\":\"WebPage\",\"@id\":\"https:\/\/comerciallin.com\/index.php\/producto\/tripode-p-camara-681\/#webpage\",\"url\":\"https:\/\/comerciallin.com\/index.php\/producto\/tripode-p-camara-681\/\",\"name\":\"TRIPODE P. CAMARA 681 - tienda de electr\\u00f3nica y computaci\\u00f3n\",\"isPartOf\":{\"@id\":\"https:\/\/comerciallin.com\/#website\"},\"primaryImageOfPage\":{\"@id\":\"https:\/\/comerciallin.com\/index.php\/producto\/tripode-p-camara-681\/#primaryimage\"},\"datePublished\":\"2023-04-24T22:55:19+00:00\",\"dateModified\":\"2025-01-14T18:58:13+00:00\",\"breadcrumb\":{\"@id\":\"https:\/\/comerciallin.com\/index.php\/producto\/tripode-p-camara-681\/#breadcrumb\"},\"inLanguage\":\"es\",\"potentialAction\":[{\"@type\":\"ReadAction\",\"target\":[\"https:\/\/comerciallin.com\/index.php\/producto\/tripode-p-camara-681\/\"]}]},{\"@type\":\"BreadcrumbList\",\"@id\":\"https:\/\/comerciallin.com\/index.php\/producto\/tripode-p-camara-681\/#breadcrumb\",\"itemListElement\":[{\"@type\":\"ListItem\",\"position\":1,\"name\":\"Inicio\",\"item\":\"https:\/\/comerciallin.com\/\"},{\"@type\":\"ListItem\",\"position\":2,\"name\":\"Shop\",\"item\":\"https:\/\/comerciallin.com\/?page_id=3853\"},{\"@type\":\"ListItem\",\"position\":3,\"name\":\"TRIPODE P. CAMARA 681\"}]}]}<\/script>\n<meta property=\"product:price:amount\" content=\"27.60\" \/>\n<meta property=\"product:price:currency\" content=\"USD\" \/>\n<meta property=\"og:availability\" content=\"instock\" \/>\n<meta property=\"product:availability\" content=\"instock\" \/>\n<meta property=\"product:retailer_item_id\" content=\"673140100807\" \/>\n<meta property=\"product:condition\" content=\"new\" \/>\n<!-- \/ Yoast SEO Premium plugin. -->","yoast_head_json":{"title":"TRIPODE P. CAMARA 681 - tienda de electr\u00f3nica y computaci\u00f3n","robots":{"index":"index","follow":"follow","max-snippet":"max-snippet:-1","max-image-preview":"max-image-preview:large","max-video-preview":"max-video-preview:-1"},"canonical":"https:\/\/comerciallin.com\/index.php\/producto\/tripode-p-camara-681\/","og_locale":"es_ES","og_type":"article","og_title":"TRIPODE P. CAMARA 681","og_url":"https:\/\/comerciallin.com\/index.php\/producto\/tripode-p-camara-681\/","og_site_name":"tienda de electr\u00f3nica y computaci\u00f3n","article_modified_time":"2025-01-14T18:58:13+00:00","twitter_card":"summary_large_image","twitter_image":"https:\/\/i0.wp.com\/comerciallin.com\/wp-content\/uploads\/2023\/08\/673140100807.jpg?fit=%2C&ssl=1","twitter_misc":{"Precio":"&#36;27,60","Availability":"In stock"},"schema":{"@context":"https:\/\/schema.org","@graph":[{"@type":"WebSite","@id":"https:\/\/comerciallin.com\/#website","url":"https:\/\/comerciallin.com\/","name":"tienda de electr\u00f3nica y computaci\u00f3n","description":"Importadora de Electr\u00f3nica y Computaci\u00f3n","potentialAction":[{"@type":"SearchAction","target":{"@type":"EntryPoint","urlTemplate":"https:\/\/comerciallin.com\/?s={search_term_string}"},"query-input":"required name=search_term_string"}],"inLanguage":"es"},{"@type":"ImageObject","@id":"https:\/\/comerciallin.com\/index.php\/producto\/tripode-p-camara-681\/#primaryimage","inLanguage":"es","url":"https:\/\/i0.wp.com\/comerciallin.com\/wp-content\/uploads\/2023\/08\/673140100807.jpg?fit=%2C&ssl=1","contentUrl":"https:\/\/i0.wp.com\/comerciallin.com\/wp-content\/uploads\/2023\/08\/673140100807.jpg?fit=%2C&ssl=1","caption":"TRIPODE P. CAMARA 681"},{"@type":"WebPage","@id":"https:\/\/comerciallin.com\/index.php\/producto\/tripode-p-camara-681\/#webpage","url":"https:\/\/comerciallin.com\/index.php\/producto\/tripode-p-camara-681\/","name":"TRIPODE P. CAMARA 681 - tienda de electr\u00f3nica y computaci\u00f3n","isPartOf":{"@id":"https:\/\/comerciallin.com\/#website"},"primaryImageOfPage":{"@id":"https:\/\/comerciallin.com\/index.php\/producto\/tripode-p-camara-681\/#primaryimage"},"datePublished":"2023-04-24T22:55:19+00:00","dateModified":"2025-01-14T18:58:13+00:00","breadcrumb":{"@id":"https:\/\/comerciallin.com\/index.php\/producto\/tripode-p-camara-681\/#breadcrumb"},"inLanguage":"es","potentialAction":[{"@type":"ReadAction","target":["https:\/\/comerciallin.com\/index.php\/producto\/tripode-p-camara-681\/"]}]},{"@type":"BreadcrumbList","@id":"https:\/\/comerciallin.com\/index.php\/producto\/tripode-p-camara-681\/#breadcrumb","itemListElement":[{"@type":"ListItem","position":1,"name":"Inicio","item":"https:\/\/comerciallin.com\/"},{"@type":"ListItem","position":2,"name":"Shop","item":"https:\/\/comerciallin.com\/?page_id=3853"},{"@type":"ListItem","position":3,"name":"TRIPODE P. CAMARA 681"}]}]},"product_price_amount":"27.60","product_price_currency":"USD","og_availability":"instock","product_availability":"instock","product_retailer_item_id":"673140100807","product_condition":"new"},"jetpack-related-posts":[{"id":22860,"url":"https:\/\/comerciallin.com\/index.php\/producto\/tripode-p-camara-5208\/","url_meta":{"origin":22864,"position":0},"title":"TRIPODE P. CAMARA 5208","date":"24 de abril de 2023","format":false,"excerpt":"","rel":"","context":"Entrada similar","img":{"alt_text":"","src":"","width":0,"height":0},"classes":[]},{"id":22862,"url":"https:\/\/comerciallin.com\/index.php\/producto\/tripode-p-camara-618\/","url_meta":{"origin":22864,"position":1},"title":"TRIPODE P. CAMARA 618","date":"24 de abril de 2023","format":false,"excerpt":"","rel":"","context":"Entrada similar","img":{"alt_text":"","src":"","width":0,"height":0},"classes":[]},{"id":22866,"url":"https:\/\/comerciallin.com\/index.php\/producto\/tripode-p-camara-680\/","url_meta":{"origin":22864,"position":2},"title":"TRIPODE P. CAMARA 680","date":"24 de abril de 2023","format":false,"excerpt":"","rel":"","context":"Entrada similar","img":{"alt_text":"","src":"","width":0,"height":0},"classes":[]},{"id":22868,"url":"https:\/\/comerciallin.com\/index.php\/producto\/tripode-p-camara-q111\/","url_meta":{"origin":22864,"position":3},"title":"TRIPODE P. CAMARA Q111","date":"24 de abril de 2023","format":false,"excerpt":"","rel":"","context":"Entrada similar","img":{"alt_text":"","src":"","width":0,"height":0},"classes":[]},{"id":23536,"url":"https:\/\/comerciallin.com\/index.php\/producto\/aro-de-luz-f-260-regulabletripode\/","url_meta":{"origin":22864,"position":4},"title":"ARO DE LUZ F-260 REGULABLE+TRIPODE","date":"27 de abril de 2023","format":false,"excerpt":"","rel":"","context":"Entrada similar","img":{"alt_text":"ARO DE LUZ F-260 REGULABLE+TRIPODE","src":"https:\/\/i0.wp.com\/comerciallin.com\/wp-content\/uploads\/2023\/08\/673130100801.jpg?fit=1080%2C1080&ssl=1&resize=350%2C200","width":350,"height":200},"classes":[]},{"id":22487,"url":"https:\/\/comerciallin.com\/index.php\/producto\/balum-de-video-p-camara\/","url_meta":{"origin":22864,"position":5},"title":"BALUM DE VIDEO P CAMARA","date":"19 de abril de 2023","format":false,"excerpt":"","rel":"","context":"Entrada similar","img":{"alt_text":"BALUM DE VIDEO P CAMARA","src":"https:\/\/i0.wp.com\/comerciallin.com\/wp-content\/uploads\/2023\/08\/373030130202.png?fit=600%2C450&ssl=1&resize=350%2C200","width":350,"height":200},"classes":[]}],"jetpack_sharing_enabled":true,"jetpack_likes_enabled":true,"_links":{"self":[{"href":"https:\/\/comerciallin.com\/index.php\/wp-json\/wp\/v2\/product\/22864"}],"collection":[{"href":"https:\/\/comerciallin.com\/index.php\/wp-json\/wp\/v2\/product"}],"about":[{"href":"https:\/\/comerciallin.com\/index.php\/wp-json\/wp\/v2\/types\/product"}],"replies":[{"embeddable":true,"href":"https:\/\/comerciallin.com\/index.php\/wp-json\/wp\/v2\/comments?post=22864"}],"wp:featuredmedia":[{"embeddable":true,"href":"https:\/\/comerciallin.com\/index.php\/wp-json\/wp\/v2\/media\/25208"}],"wp:attachment":[{"href":"https:\/\/comerciallin.com\/index.php\/wp-json\/wp\/v2\/media?parent=22864"}],"wp:term":[{"taxonomy":"product_cat","embeddable":true,"href":"https:\/\/comerciallin.com\/index.php\/wp-json\/wp\/v2\/product_cat?post=22864"},{"taxonomy":"product_tag","embeddable":true,"href":"https:\/\/comerciallin.com\/index.php\/wp-json\/wp\/v2\/product_tag?post=22864"}],"curies":[{"name":"wp","href":"https:\/\/api.w.org\/{rel}","templated":true}]}}