{"id":22779,"date":"2023-04-24T17:54:41","date_gmt":"2023-04-24T22:54:41","guid":{"rendered":"https:\/\/comerciallin.com\/index.php\/producto\/ponchador-mt-315-networking-tool\/"},"modified":"2025-01-14T13:57:19","modified_gmt":"2025-01-14T18:57:19","slug":"ponchador-mt-315-networking-tool","status":"publish","type":"product","link":"https:\/\/comerciallin.com\/index.php\/producto\/ponchador-mt-315-networking-tool\/","title":{"rendered":"PONCHADOR WT-315 NETWORKING TOOL"},"content":{"rendered":"","protected":false},"excerpt":{"rendered":"","protected":false},"featured_media":25127,"comment_status":"open","ping_status":"closed","template":"","meta":{"spay_email":""},"product_cat":[799],"product_tag":[],"supplier_id":null,"supplier_sku":"","barcode":null,"atum_controlled":true,"out_stock_date":null,"out_stock_threshold":null,"inheritable":false,"inbound_stock":null,"stock_on_hold":0,"sold_today":0,"sales_last_days":0,"reserved_stock":null,"customer_returns":null,"warehouse_damage":null,"lost_in_post":null,"other_logs":null,"out_stock_days":0,"lost_sales":0,"has_location":null,"update_date":"2026-05-03T00:12:33","atum_locations":[],"atum_stock_status":"instock","restock_status":false,"low_stock_amount":"","sales_update_date":"2026-05-03T00:12:33","calc_backorders":null,"acf":[],"yoast_head":"<!-- This site is optimized with the Yoast SEO Premium plugin v17.4 (Yoast SEO v17.4) - https:\/\/yoast.com\/wordpress\/plugins\/seo\/ -->\n<title>PONCHADOR WT-315 NETWORKING TOOL - tienda de electr\u00f3nica y computaci\u00f3n<\/title>\n<meta name=\"robots\" content=\"index, follow, max-snippet:-1, max-image-preview:large, max-video-preview:-1\" \/>\n<link rel=\"canonical\" href=\"https:\/\/comerciallin.com\/index.php\/producto\/ponchador-mt-315-networking-tool\/\" \/>\n<meta property=\"og:locale\" content=\"es_ES\" \/>\n<meta property=\"og:type\" content=\"article\" \/>\n<meta property=\"og:title\" content=\"PONCHADOR WT-315 NETWORKING TOOL\" \/>\n<meta property=\"og:url\" content=\"https:\/\/comerciallin.com\/index.php\/producto\/ponchador-mt-315-networking-tool\/\" \/>\n<meta property=\"og:site_name\" content=\"tienda de electr\u00f3nica y computaci\u00f3n\" \/>\n<meta property=\"article:modified_time\" content=\"2025-01-14T18:57:19+00:00\" \/>\n<meta name=\"twitter:card\" content=\"summary_large_image\" \/>\n<meta name=\"twitter:image\" content=\"https:\/\/i0.wp.com\/comerciallin.com\/wp-content\/uploads\/2023\/08\/226010181101.jpg?fit=%2C&amp;ssl=1\" \/>\n<meta name=\"twitter:label1\" content=\"Precio\" \/>\n\t<meta name=\"twitter:data1\" content=\"&#36;6,90\" \/>\n\t<meta name=\"twitter:label2\" content=\"Availability\" \/>\n\t<meta name=\"twitter:data2\" content=\"In stock\" \/>\n<script type=\"application\/ld+json\" class=\"yoast-schema-graph\">{\"@context\":\"https:\/\/schema.org\",\"@graph\":[{\"@type\":\"WebSite\",\"@id\":\"https:\/\/comerciallin.com\/#website\",\"url\":\"https:\/\/comerciallin.com\/\",\"name\":\"tienda de electr\\u00f3nica y computaci\\u00f3n\",\"description\":\"Importadora de Electr\\u00f3nica y Computaci\\u00f3n\",\"potentialAction\":[{\"@type\":\"SearchAction\",\"target\":{\"@type\":\"EntryPoint\",\"urlTemplate\":\"https:\/\/comerciallin.com\/?s={search_term_string}\"},\"query-input\":\"required name=search_term_string\"}],\"inLanguage\":\"es\"},{\"@type\":\"ImageObject\",\"@id\":\"https:\/\/comerciallin.com\/index.php\/producto\/ponchador-mt-315-networking-tool\/#primaryimage\",\"inLanguage\":\"es\",\"url\":\"https:\/\/i0.wp.com\/comerciallin.com\/wp-content\/uploads\/2023\/08\/226010181101.jpg?fit=%2C&ssl=1\",\"contentUrl\":\"https:\/\/i0.wp.com\/comerciallin.com\/wp-content\/uploads\/2023\/08\/226010181101.jpg?fit=%2C&ssl=1\",\"caption\":\"PONCHADOR WT-315 NETWORKING TOOL\"},{\"@type\":\"WebPage\",\"@id\":\"https:\/\/comerciallin.com\/index.php\/producto\/ponchador-mt-315-networking-tool\/#webpage\",\"url\":\"https:\/\/comerciallin.com\/index.php\/producto\/ponchador-mt-315-networking-tool\/\",\"name\":\"PONCHADOR WT-315 NETWORKING TOOL - tienda de electr\\u00f3nica y computaci\\u00f3n\",\"isPartOf\":{\"@id\":\"https:\/\/comerciallin.com\/#website\"},\"primaryImageOfPage\":{\"@id\":\"https:\/\/comerciallin.com\/index.php\/producto\/ponchador-mt-315-networking-tool\/#primaryimage\"},\"datePublished\":\"2023-04-24T22:54:41+00:00\",\"dateModified\":\"2025-01-14T18:57:19+00:00\",\"breadcrumb\":{\"@id\":\"https:\/\/comerciallin.com\/index.php\/producto\/ponchador-mt-315-networking-tool\/#breadcrumb\"},\"inLanguage\":\"es\",\"potentialAction\":[{\"@type\":\"ReadAction\",\"target\":[\"https:\/\/comerciallin.com\/index.php\/producto\/ponchador-mt-315-networking-tool\/\"]}]},{\"@type\":\"BreadcrumbList\",\"@id\":\"https:\/\/comerciallin.com\/index.php\/producto\/ponchador-mt-315-networking-tool\/#breadcrumb\",\"itemListElement\":[{\"@type\":\"ListItem\",\"position\":1,\"name\":\"Inicio\",\"item\":\"https:\/\/comerciallin.com\/\"},{\"@type\":\"ListItem\",\"position\":2,\"name\":\"Shop\",\"item\":\"https:\/\/comerciallin.com\/?page_id=3853\"},{\"@type\":\"ListItem\",\"position\":3,\"name\":\"PONCHADOR WT-315 NETWORKING TOOL\"}]}]}<\/script>\n<meta property=\"product:price:amount\" content=\"6.90\" \/>\n<meta property=\"product:price:currency\" content=\"USD\" \/>\n<meta property=\"og:availability\" content=\"instock\" \/>\n<meta property=\"product:availability\" content=\"instock\" \/>\n<meta property=\"product:retailer_item_id\" content=\"226010181101\" \/>\n<meta property=\"product:condition\" content=\"new\" \/>\n<!-- \/ Yoast SEO Premium plugin. -->","yoast_head_json":{"title":"PONCHADOR WT-315 NETWORKING TOOL - tienda de electr\u00f3nica y computaci\u00f3n","robots":{"index":"index","follow":"follow","max-snippet":"max-snippet:-1","max-image-preview":"max-image-preview:large","max-video-preview":"max-video-preview:-1"},"canonical":"https:\/\/comerciallin.com\/index.php\/producto\/ponchador-mt-315-networking-tool\/","og_locale":"es_ES","og_type":"article","og_title":"PONCHADOR WT-315 NETWORKING TOOL","og_url":"https:\/\/comerciallin.com\/index.php\/producto\/ponchador-mt-315-networking-tool\/","og_site_name":"tienda de electr\u00f3nica y computaci\u00f3n","article_modified_time":"2025-01-14T18:57:19+00:00","twitter_card":"summary_large_image","twitter_image":"https:\/\/i0.wp.com\/comerciallin.com\/wp-content\/uploads\/2023\/08\/226010181101.jpg?fit=%2C&ssl=1","twitter_misc":{"Precio":"&#36;6,90","Availability":"In stock"},"schema":{"@context":"https:\/\/schema.org","@graph":[{"@type":"WebSite","@id":"https:\/\/comerciallin.com\/#website","url":"https:\/\/comerciallin.com\/","name":"tienda de electr\u00f3nica y computaci\u00f3n","description":"Importadora de Electr\u00f3nica y Computaci\u00f3n","potentialAction":[{"@type":"SearchAction","target":{"@type":"EntryPoint","urlTemplate":"https:\/\/comerciallin.com\/?s={search_term_string}"},"query-input":"required name=search_term_string"}],"inLanguage":"es"},{"@type":"ImageObject","@id":"https:\/\/comerciallin.com\/index.php\/producto\/ponchador-mt-315-networking-tool\/#primaryimage","inLanguage":"es","url":"https:\/\/i0.wp.com\/comerciallin.com\/wp-content\/uploads\/2023\/08\/226010181101.jpg?fit=%2C&ssl=1","contentUrl":"https:\/\/i0.wp.com\/comerciallin.com\/wp-content\/uploads\/2023\/08\/226010181101.jpg?fit=%2C&ssl=1","caption":"PONCHADOR WT-315 NETWORKING TOOL"},{"@type":"WebPage","@id":"https:\/\/comerciallin.com\/index.php\/producto\/ponchador-mt-315-networking-tool\/#webpage","url":"https:\/\/comerciallin.com\/index.php\/producto\/ponchador-mt-315-networking-tool\/","name":"PONCHADOR WT-315 NETWORKING TOOL - tienda de electr\u00f3nica y computaci\u00f3n","isPartOf":{"@id":"https:\/\/comerciallin.com\/#website"},"primaryImageOfPage":{"@id":"https:\/\/comerciallin.com\/index.php\/producto\/ponchador-mt-315-networking-tool\/#primaryimage"},"datePublished":"2023-04-24T22:54:41+00:00","dateModified":"2025-01-14T18:57:19+00:00","breadcrumb":{"@id":"https:\/\/comerciallin.com\/index.php\/producto\/ponchador-mt-315-networking-tool\/#breadcrumb"},"inLanguage":"es","potentialAction":[{"@type":"ReadAction","target":["https:\/\/comerciallin.com\/index.php\/producto\/ponchador-mt-315-networking-tool\/"]}]},{"@type":"BreadcrumbList","@id":"https:\/\/comerciallin.com\/index.php\/producto\/ponchador-mt-315-networking-tool\/#breadcrumb","itemListElement":[{"@type":"ListItem","position":1,"name":"Inicio","item":"https:\/\/comerciallin.com\/"},{"@type":"ListItem","position":2,"name":"Shop","item":"https:\/\/comerciallin.com\/?page_id=3853"},{"@type":"ListItem","position":3,"name":"PONCHADOR WT-315 NETWORKING TOOL"}]}]},"product_price_amount":"6.90","product_price_currency":"USD","og_availability":"instock","product_availability":"instock","product_retailer_item_id":"226010181101","product_condition":"new"},"jetpack-related-posts":[{"id":22782,"url":"https:\/\/comerciallin.com\/index.php\/producto\/ponchador-impacto-914b\/","url_meta":{"origin":22779,"position":0},"title":"PONCHADOR IMPACTO 914B","date":"24 de abril de 2023","format":false,"excerpt":"","rel":"","context":"Entrada similar","img":{"alt_text":"","src":"","width":0,"height":0},"classes":[]},{"id":18763,"url":"https:\/\/comerciallin.com\/index.php\/producto\/ponchadora-yb318-8p8c-6p6c-4p4c\/","url_meta":{"origin":22779,"position":1},"title":"PONCHADORA YB318 8P8C.6P6C.4P4C","date":"7 de noviembre de 2022","format":false,"excerpt":"Permite la conexi\u00f3n de plug rj45 de 8 hilos rj11 de 6 hilos y 4 hilos. Mango pl\u00e1stico;stico antideslizante Parte superior met\u00e1lica de alta calidad con ranura para conector rj45, rj11 de 6 hilos y de 4 hilos Parte media con cuchillas para cortar cableColor: verde","rel":"","context":"Entrada similar","img":{"alt_text":"","src":"","width":0,"height":0},"classes":[]},{"id":19213,"url":"https:\/\/comerciallin.com\/index.php\/producto\/disco-duro-480gb-solido-gigabyte-2-5-sata\/","url_meta":{"origin":22779,"position":2},"title":"DISCO DURO 480GB SOLIDO GIGABYTE 2.5&#8243; SATA","date":"7 de noviembre de 2022","format":false,"excerpt":"Factor de forma: SSD interno de 2,5 pulgadas Interfaz: SATA 6.0Gb\/s Capacidad total: 480 GB* Garant\u00eda: Limitada de 1 a\u00f1os Velocidad de lectura secuencial: hasta 550 MB\/s** Velocidad de escritura secuencial: hasta 480 MB\/s** Compatibilidad con TRIM y S.M.A.R.T.","rel":"","context":"Entrada similar","img":{"alt_text":"","src":"","width":0,"height":0},"classes":[]},{"id":19289,"url":"https:\/\/comerciallin.com\/index.php\/producto\/disco-duro-ssd-2-5-a400-480gb-kingstong\/","url_meta":{"origin":22779,"position":3},"title":"DISCO DURO SSD 2.5 A400 480GB KINGSTONG","date":"7 de noviembre de 2022","format":false,"excerpt":"Marca: Kingstong Factor de forma: SSD interno de 2,5 pulgadas Interfaz: SATA 6.0Gb\/s Capacidad total:\u00a0480 GB* Garant\u00eda: Limitada de 1 a\u00f1os Velocidad de lectura secuencial: hasta 500 MB\/s** Velocidad de escritura secuencial: hasta 450 MB\/s** \"","rel":"","context":"Entrada similar","img":{"alt_text":"","src":"","width":0,"height":0},"classes":[]}],"jetpack_sharing_enabled":true,"jetpack_likes_enabled":true,"_links":{"self":[{"href":"https:\/\/comerciallin.com\/index.php\/wp-json\/wp\/v2\/product\/22779"}],"collection":[{"href":"https:\/\/comerciallin.com\/index.php\/wp-json\/wp\/v2\/product"}],"about":[{"href":"https:\/\/comerciallin.com\/index.php\/wp-json\/wp\/v2\/types\/product"}],"replies":[{"embeddable":true,"href":"https:\/\/comerciallin.com\/index.php\/wp-json\/wp\/v2\/comments?post=22779"}],"wp:featuredmedia":[{"embeddable":true,"href":"https:\/\/comerciallin.com\/index.php\/wp-json\/wp\/v2\/media\/25127"}],"wp:attachment":[{"href":"https:\/\/comerciallin.com\/index.php\/wp-json\/wp\/v2\/media?parent=22779"}],"wp:term":[{"taxonomy":"product_cat","embeddable":true,"href":"https:\/\/comerciallin.com\/index.php\/wp-json\/wp\/v2\/product_cat?post=22779"},{"taxonomy":"product_tag","embeddable":true,"href":"https:\/\/comerciallin.com\/index.php\/wp-json\/wp\/v2\/product_tag?post=22779"}],"curies":[{"name":"wp","href":"https:\/\/api.w.org\/{rel}","templated":true}]}}