{"id":22777,"date":"2023-04-24T17:54:40","date_gmt":"2023-04-24T22:54:40","guid":{"rendered":"https:\/\/comerciallin.com\/index.php\/producto\/comprobador-probador-redes-bosheng\/"},"modified":"2025-01-14T13:55:48","modified_gmt":"2025-01-14T18:55:48","slug":"comprobador-probador-redes-bosheng","status":"publish","type":"product","link":"https:\/\/comerciallin.com\/index.php\/producto\/comprobador-probador-redes-bosheng\/","title":{"rendered":"COMPROBADOR PROBADOR REDES BOSHENG"},"content":{"rendered":"","protected":false},"excerpt":{"rendered":"","protected":false},"featured_media":24864,"comment_status":"open","ping_status":"closed","template":"","meta":{"spay_email":""},"product_cat":[799],"product_tag":[],"supplier_id":null,"supplier_sku":"","barcode":null,"atum_controlled":true,"out_stock_date":null,"out_stock_threshold":null,"inheritable":false,"inbound_stock":null,"stock_on_hold":0,"sold_today":0,"sales_last_days":0,"reserved_stock":null,"customer_returns":null,"warehouse_damage":null,"lost_in_post":null,"other_logs":null,"out_stock_days":0,"lost_sales":0,"has_location":null,"update_date":"2026-05-01T00:12:11","atum_locations":[],"atum_stock_status":"instock","restock_status":false,"low_stock_amount":"","sales_update_date":"2026-05-01T00:12:11","calc_backorders":null,"acf":[],"yoast_head":"<!-- This site is optimized with the Yoast SEO Premium plugin v17.4 (Yoast SEO v17.4) - https:\/\/yoast.com\/wordpress\/plugins\/seo\/ -->\n<title>COMPROBADOR PROBADOR REDES BOSHENG - tienda de electr\u00f3nica y computaci\u00f3n<\/title>\n<meta name=\"robots\" content=\"index, follow, max-snippet:-1, max-image-preview:large, max-video-preview:-1\" \/>\n<link rel=\"canonical\" href=\"https:\/\/comerciallin.com\/index.php\/producto\/comprobador-probador-redes-bosheng\/\" \/>\n<meta property=\"og:locale\" content=\"es_ES\" \/>\n<meta property=\"og:type\" content=\"article\" \/>\n<meta property=\"og:title\" content=\"COMPROBADOR PROBADOR REDES BOSHENG\" \/>\n<meta property=\"og:url\" content=\"https:\/\/comerciallin.com\/index.php\/producto\/comprobador-probador-redes-bosheng\/\" \/>\n<meta property=\"og:site_name\" content=\"tienda de electr\u00f3nica y computaci\u00f3n\" \/>\n<meta property=\"article:modified_time\" content=\"2025-01-14T18:55:48+00:00\" \/>\n<meta name=\"twitter:card\" content=\"summary_large_image\" \/>\n<meta name=\"twitter:image\" content=\"https:\/\/i0.wp.com\/comerciallin.com\/wp-content\/uploads\/2023\/08\/226010121201.jpg?fit=%2C&amp;ssl=1\" \/>\n<meta name=\"twitter:label1\" content=\"Precio\" \/>\n\t<meta name=\"twitter:data1\" content=\"&#36;4,60\" \/>\n\t<meta name=\"twitter:label2\" content=\"Availability\" \/>\n\t<meta name=\"twitter:data2\" content=\"In stock\" \/>\n<script type=\"application\/ld+json\" class=\"yoast-schema-graph\">{\"@context\":\"https:\/\/schema.org\",\"@graph\":[{\"@type\":\"WebSite\",\"@id\":\"https:\/\/comerciallin.com\/#website\",\"url\":\"https:\/\/comerciallin.com\/\",\"name\":\"tienda de electr\\u00f3nica y computaci\\u00f3n\",\"description\":\"Importadora de Electr\\u00f3nica y Computaci\\u00f3n\",\"potentialAction\":[{\"@type\":\"SearchAction\",\"target\":{\"@type\":\"EntryPoint\",\"urlTemplate\":\"https:\/\/comerciallin.com\/?s={search_term_string}\"},\"query-input\":\"required name=search_term_string\"}],\"inLanguage\":\"es\"},{\"@type\":\"ImageObject\",\"@id\":\"https:\/\/comerciallin.com\/index.php\/producto\/comprobador-probador-redes-bosheng\/#primaryimage\",\"inLanguage\":\"es\",\"url\":\"https:\/\/i0.wp.com\/comerciallin.com\/wp-content\/uploads\/2023\/08\/226010121201.jpg?fit=%2C&ssl=1\",\"contentUrl\":\"https:\/\/i0.wp.com\/comerciallin.com\/wp-content\/uploads\/2023\/08\/226010121201.jpg?fit=%2C&ssl=1\",\"caption\":\"COMPROBADOR PROBADOR REDES BOSHENG\"},{\"@type\":\"WebPage\",\"@id\":\"https:\/\/comerciallin.com\/index.php\/producto\/comprobador-probador-redes-bosheng\/#webpage\",\"url\":\"https:\/\/comerciallin.com\/index.php\/producto\/comprobador-probador-redes-bosheng\/\",\"name\":\"COMPROBADOR PROBADOR REDES BOSHENG - tienda de electr\\u00f3nica y computaci\\u00f3n\",\"isPartOf\":{\"@id\":\"https:\/\/comerciallin.com\/#website\"},\"primaryImageOfPage\":{\"@id\":\"https:\/\/comerciallin.com\/index.php\/producto\/comprobador-probador-redes-bosheng\/#primaryimage\"},\"datePublished\":\"2023-04-24T22:54:40+00:00\",\"dateModified\":\"2025-01-14T18:55:48+00:00\",\"breadcrumb\":{\"@id\":\"https:\/\/comerciallin.com\/index.php\/producto\/comprobador-probador-redes-bosheng\/#breadcrumb\"},\"inLanguage\":\"es\",\"potentialAction\":[{\"@type\":\"ReadAction\",\"target\":[\"https:\/\/comerciallin.com\/index.php\/producto\/comprobador-probador-redes-bosheng\/\"]}]},{\"@type\":\"BreadcrumbList\",\"@id\":\"https:\/\/comerciallin.com\/index.php\/producto\/comprobador-probador-redes-bosheng\/#breadcrumb\",\"itemListElement\":[{\"@type\":\"ListItem\",\"position\":1,\"name\":\"Inicio\",\"item\":\"https:\/\/comerciallin.com\/\"},{\"@type\":\"ListItem\",\"position\":2,\"name\":\"Shop\",\"item\":\"https:\/\/comerciallin.com\/?page_id=3853\"},{\"@type\":\"ListItem\",\"position\":3,\"name\":\"COMPROBADOR PROBADOR REDES BOSHENG\"}]}]}<\/script>\n<meta property=\"product:price:amount\" content=\"4.60\" \/>\n<meta property=\"product:price:currency\" content=\"USD\" \/>\n<meta property=\"og:availability\" content=\"instock\" \/>\n<meta property=\"product:availability\" content=\"instock\" \/>\n<meta property=\"product:retailer_item_id\" content=\"226010121201\" \/>\n<meta property=\"product:condition\" content=\"new\" \/>\n<!-- \/ Yoast SEO Premium plugin. -->","yoast_head_json":{"title":"COMPROBADOR PROBADOR REDES BOSHENG - tienda de electr\u00f3nica y computaci\u00f3n","robots":{"index":"index","follow":"follow","max-snippet":"max-snippet:-1","max-image-preview":"max-image-preview:large","max-video-preview":"max-video-preview:-1"},"canonical":"https:\/\/comerciallin.com\/index.php\/producto\/comprobador-probador-redes-bosheng\/","og_locale":"es_ES","og_type":"article","og_title":"COMPROBADOR PROBADOR REDES BOSHENG","og_url":"https:\/\/comerciallin.com\/index.php\/producto\/comprobador-probador-redes-bosheng\/","og_site_name":"tienda de electr\u00f3nica y computaci\u00f3n","article_modified_time":"2025-01-14T18:55:48+00:00","twitter_card":"summary_large_image","twitter_image":"https:\/\/i0.wp.com\/comerciallin.com\/wp-content\/uploads\/2023\/08\/226010121201.jpg?fit=%2C&ssl=1","twitter_misc":{"Precio":"&#36;4,60","Availability":"In stock"},"schema":{"@context":"https:\/\/schema.org","@graph":[{"@type":"WebSite","@id":"https:\/\/comerciallin.com\/#website","url":"https:\/\/comerciallin.com\/","name":"tienda de electr\u00f3nica y computaci\u00f3n","description":"Importadora de Electr\u00f3nica y Computaci\u00f3n","potentialAction":[{"@type":"SearchAction","target":{"@type":"EntryPoint","urlTemplate":"https:\/\/comerciallin.com\/?s={search_term_string}"},"query-input":"required name=search_term_string"}],"inLanguage":"es"},{"@type":"ImageObject","@id":"https:\/\/comerciallin.com\/index.php\/producto\/comprobador-probador-redes-bosheng\/#primaryimage","inLanguage":"es","url":"https:\/\/i0.wp.com\/comerciallin.com\/wp-content\/uploads\/2023\/08\/226010121201.jpg?fit=%2C&ssl=1","contentUrl":"https:\/\/i0.wp.com\/comerciallin.com\/wp-content\/uploads\/2023\/08\/226010121201.jpg?fit=%2C&ssl=1","caption":"COMPROBADOR PROBADOR REDES BOSHENG"},{"@type":"WebPage","@id":"https:\/\/comerciallin.com\/index.php\/producto\/comprobador-probador-redes-bosheng\/#webpage","url":"https:\/\/comerciallin.com\/index.php\/producto\/comprobador-probador-redes-bosheng\/","name":"COMPROBADOR PROBADOR REDES BOSHENG - tienda de electr\u00f3nica y computaci\u00f3n","isPartOf":{"@id":"https:\/\/comerciallin.com\/#website"},"primaryImageOfPage":{"@id":"https:\/\/comerciallin.com\/index.php\/producto\/comprobador-probador-redes-bosheng\/#primaryimage"},"datePublished":"2023-04-24T22:54:40+00:00","dateModified":"2025-01-14T18:55:48+00:00","breadcrumb":{"@id":"https:\/\/comerciallin.com\/index.php\/producto\/comprobador-probador-redes-bosheng\/#breadcrumb"},"inLanguage":"es","potentialAction":[{"@type":"ReadAction","target":["https:\/\/comerciallin.com\/index.php\/producto\/comprobador-probador-redes-bosheng\/"]}]},{"@type":"BreadcrumbList","@id":"https:\/\/comerciallin.com\/index.php\/producto\/comprobador-probador-redes-bosheng\/#breadcrumb","itemListElement":[{"@type":"ListItem","position":1,"name":"Inicio","item":"https:\/\/comerciallin.com\/"},{"@type":"ListItem","position":2,"name":"Shop","item":"https:\/\/comerciallin.com\/?page_id=3853"},{"@type":"ListItem","position":3,"name":"COMPROBADOR PROBADOR REDES BOSHENG"}]}]},"product_price_amount":"4.60","product_price_currency":"USD","og_availability":"instock","product_availability":"instock","product_retailer_item_id":"226010121201","product_condition":"new"},"jetpack-related-posts":[{"id":18684,"url":"https:\/\/comerciallin.com\/index.php\/producto\/bateria-comp-dell-wu946-wu960-wu965-mt276-mt5\/","url_meta":{"origin":22777,"position":0},"title":"BATERIA COMP DELL WU946\/WU960\/WU965\/MT276\/MT5","date":"7 de noviembre de 2022","format":false,"excerpt":"oltaje 11.1 Voltios Compatible Devices Laptop Tipo de celda de bater\u00eda Litio Ion Capacidad 4400 Miliamperios Hora","rel":"","context":"Entrada similar","img":{"alt_text":"","src":"","width":0,"height":0},"classes":[]},{"id":19347,"url":"https:\/\/comerciallin.com\/index.php\/producto\/t-madre-asus-tuf-gaming-b550m-plus-wifi\/","url_meta":{"origin":22777,"position":1},"title":"T.MADRE ASUS TUF GAMING B550M PLUS WIFI","date":"7 de noviembre de 2022","format":false,"excerpt":"ASUS TUF Gaming B550M-PLUS (WiFi 6) AMD AM4 (3rd Gen Ryzen\u2122) microATX Gaming Motherboard (PCIe 4.0, 2.5Gb LAN, BIOS Flashback, HDMI 2.1, USB 3.2 Gen 2, Addressable Gen 2 RGB Header and Aura Sync)","rel":"","context":"Entrada similar","img":{"alt_text":"","src":"","width":0,"height":0},"classes":[]},{"id":23586,"url":"https:\/\/comerciallin.com\/index.php\/producto\/cable-red-utp-tl-808p-cat6\/","url_meta":{"origin":22777,"position":2},"title":"CABLE RED UTP TL-808P CAT6","date":"27 de abril de 2023","format":false,"excerpt":"","rel":"","context":"Entrada similar","img":{"alt_text":"","src":"","width":0,"height":0},"classes":[]},{"id":23962,"url":"https:\/\/comerciallin.com\/index.php\/producto\/silla-ofi-base-plast-hi-5004-red\/","url_meta":{"origin":22777,"position":3},"title":"SILLA OFI. BASE PLAST HI-5004 RED","date":"11 de mayo de 2023","format":false,"excerpt":"","rel":"","context":"Entrada similar","img":{"alt_text":"","src":"","width":0,"height":0},"classes":[]},{"id":22429,"url":"https:\/\/comerciallin.com\/index.php\/producto\/cable-red-x-mt-tl-606-cat6\/","url_meta":{"origin":22777,"position":4},"title":"CABLE RED X MT TL-606 CAT6","date":"19 de abril de 2023","format":false,"excerpt":"","rel":"","context":"Entrada similar","img":{"alt_text":"","src":"","width":0,"height":0},"classes":[]}],"jetpack_sharing_enabled":true,"jetpack_likes_enabled":true,"_links":{"self":[{"href":"https:\/\/comerciallin.com\/index.php\/wp-json\/wp\/v2\/product\/22777"}],"collection":[{"href":"https:\/\/comerciallin.com\/index.php\/wp-json\/wp\/v2\/product"}],"about":[{"href":"https:\/\/comerciallin.com\/index.php\/wp-json\/wp\/v2\/types\/product"}],"replies":[{"embeddable":true,"href":"https:\/\/comerciallin.com\/index.php\/wp-json\/wp\/v2\/comments?post=22777"}],"wp:featuredmedia":[{"embeddable":true,"href":"https:\/\/comerciallin.com\/index.php\/wp-json\/wp\/v2\/media\/24864"}],"wp:attachment":[{"href":"https:\/\/comerciallin.com\/index.php\/wp-json\/wp\/v2\/media?parent=22777"}],"wp:term":[{"taxonomy":"product_cat","embeddable":true,"href":"https:\/\/comerciallin.com\/index.php\/wp-json\/wp\/v2\/product_cat?post=22777"},{"taxonomy":"product_tag","embeddable":true,"href":"https:\/\/comerciallin.com\/index.php\/wp-json\/wp\/v2\/product_tag?post=22777"}],"curies":[{"name":"wp","href":"https:\/\/api.w.org\/{rel}","templated":true}]}}