{"id":22765,"date":"2023-04-24T17:54:38","date_gmt":"2023-04-24T22:54:38","guid":{"rendered":"https:\/\/comerciallin.com\/index.php\/producto\/cable-canon-macho-canon-hembra-10m\/"},"modified":"2025-01-14T13:54:47","modified_gmt":"2025-01-14T18:54:47","slug":"cable-canon-macho-canon-hembra-10m","status":"publish","type":"product","link":"https:\/\/comerciallin.com\/index.php\/producto\/cable-canon-macho-canon-hembra-10m\/","title":{"rendered":"CABLE CANON MACHO-CANON HEMBRA 10M"},"content":{"rendered":"","protected":false},"excerpt":{"rendered":"","protected":false},"featured_media":24794,"comment_status":"open","ping_status":"closed","template":"","meta":{"spay_email":""},"product_cat":[753],"product_tag":[],"supplier_id":null,"supplier_sku":"","barcode":null,"atum_controlled":true,"out_stock_date":null,"out_stock_threshold":null,"inheritable":false,"inbound_stock":null,"stock_on_hold":0,"sold_today":0,"sales_last_days":0,"reserved_stock":null,"customer_returns":null,"warehouse_damage":null,"lost_in_post":null,"other_logs":null,"out_stock_days":0,"lost_sales":0,"has_location":null,"update_date":"2026-04-16T23:56:16","atum_locations":[],"atum_stock_status":"instock","restock_status":false,"low_stock_amount":"","sales_update_date":"2026-04-16T23:56:16","calc_backorders":null,"acf":[],"yoast_head":"<!-- This site is optimized with the Yoast SEO Premium plugin v17.4 (Yoast SEO v17.4) - https:\/\/yoast.com\/wordpress\/plugins\/seo\/ -->\n<title>CABLE CANON MACHO-CANON HEMBRA 10M - tienda de electr\u00f3nica y computaci\u00f3n<\/title>\n<meta name=\"robots\" content=\"index, follow, max-snippet:-1, max-image-preview:large, max-video-preview:-1\" \/>\n<link rel=\"canonical\" href=\"https:\/\/comerciallin.com\/index.php\/producto\/cable-canon-macho-canon-hembra-10m\/\" \/>\n<meta property=\"og:locale\" content=\"es_ES\" \/>\n<meta property=\"og:type\" content=\"article\" \/>\n<meta property=\"og:title\" content=\"CABLE CANON MACHO-CANON HEMBRA 10M\" \/>\n<meta property=\"og:url\" content=\"https:\/\/comerciallin.com\/index.php\/producto\/cable-canon-macho-canon-hembra-10m\/\" \/>\n<meta property=\"og:site_name\" content=\"tienda de electr\u00f3nica y computaci\u00f3n\" \/>\n<meta property=\"article:modified_time\" content=\"2025-01-14T18:54:47+00:00\" \/>\n<meta name=\"twitter:card\" content=\"summary_large_image\" \/>\n<meta name=\"twitter:image\" content=\"https:\/\/i0.wp.com\/comerciallin.com\/wp-content\/uploads\/2023\/08\/214010121202.jpg?fit=%2C&amp;ssl=1\" \/>\n<meta name=\"twitter:label1\" content=\"Precio\" \/>\n\t<meta name=\"twitter:data1\" content=\"&#36;10,35\" \/>\n\t<meta name=\"twitter:label2\" content=\"Availability\" \/>\n\t<meta name=\"twitter:data2\" content=\"In stock\" \/>\n<script type=\"application\/ld+json\" class=\"yoast-schema-graph\">{\"@context\":\"https:\/\/schema.org\",\"@graph\":[{\"@type\":\"WebSite\",\"@id\":\"https:\/\/comerciallin.com\/#website\",\"url\":\"https:\/\/comerciallin.com\/\",\"name\":\"tienda de electr\\u00f3nica y computaci\\u00f3n\",\"description\":\"Importadora de Electr\\u00f3nica y Computaci\\u00f3n\",\"potentialAction\":[{\"@type\":\"SearchAction\",\"target\":{\"@type\":\"EntryPoint\",\"urlTemplate\":\"https:\/\/comerciallin.com\/?s={search_term_string}\"},\"query-input\":\"required name=search_term_string\"}],\"inLanguage\":\"es\"},{\"@type\":\"ImageObject\",\"@id\":\"https:\/\/comerciallin.com\/index.php\/producto\/cable-canon-macho-canon-hembra-10m\/#primaryimage\",\"inLanguage\":\"es\",\"url\":\"https:\/\/i0.wp.com\/comerciallin.com\/wp-content\/uploads\/2023\/08\/214010121202.jpg?fit=%2C&ssl=1\",\"contentUrl\":\"https:\/\/i0.wp.com\/comerciallin.com\/wp-content\/uploads\/2023\/08\/214010121202.jpg?fit=%2C&ssl=1\",\"caption\":\"CABLE CANON MACHO-CANON HEMBRA 10M\"},{\"@type\":\"WebPage\",\"@id\":\"https:\/\/comerciallin.com\/index.php\/producto\/cable-canon-macho-canon-hembra-10m\/#webpage\",\"url\":\"https:\/\/comerciallin.com\/index.php\/producto\/cable-canon-macho-canon-hembra-10m\/\",\"name\":\"CABLE CANON MACHO-CANON HEMBRA 10M - tienda de electr\\u00f3nica y computaci\\u00f3n\",\"isPartOf\":{\"@id\":\"https:\/\/comerciallin.com\/#website\"},\"primaryImageOfPage\":{\"@id\":\"https:\/\/comerciallin.com\/index.php\/producto\/cable-canon-macho-canon-hembra-10m\/#primaryimage\"},\"datePublished\":\"2023-04-24T22:54:38+00:00\",\"dateModified\":\"2025-01-14T18:54:47+00:00\",\"breadcrumb\":{\"@id\":\"https:\/\/comerciallin.com\/index.php\/producto\/cable-canon-macho-canon-hembra-10m\/#breadcrumb\"},\"inLanguage\":\"es\",\"potentialAction\":[{\"@type\":\"ReadAction\",\"target\":[\"https:\/\/comerciallin.com\/index.php\/producto\/cable-canon-macho-canon-hembra-10m\/\"]}]},{\"@type\":\"BreadcrumbList\",\"@id\":\"https:\/\/comerciallin.com\/index.php\/producto\/cable-canon-macho-canon-hembra-10m\/#breadcrumb\",\"itemListElement\":[{\"@type\":\"ListItem\",\"position\":1,\"name\":\"Inicio\",\"item\":\"https:\/\/comerciallin.com\/\"},{\"@type\":\"ListItem\",\"position\":2,\"name\":\"Shop\",\"item\":\"https:\/\/comerciallin.com\/?page_id=3853\"},{\"@type\":\"ListItem\",\"position\":3,\"name\":\"CABLE CANON MACHO-CANON HEMBRA 10M\"}]}]}<\/script>\n<meta property=\"product:price:amount\" content=\"10.35\" \/>\n<meta property=\"product:price:currency\" content=\"USD\" \/>\n<meta property=\"og:availability\" content=\"instock\" \/>\n<meta property=\"product:availability\" content=\"instock\" \/>\n<meta property=\"product:retailer_item_id\" content=\"214010121202\" \/>\n<meta property=\"product:condition\" content=\"new\" \/>\n<!-- \/ Yoast SEO Premium plugin. -->","yoast_head_json":{"title":"CABLE CANON MACHO-CANON HEMBRA 10M - tienda de electr\u00f3nica y computaci\u00f3n","robots":{"index":"index","follow":"follow","max-snippet":"max-snippet:-1","max-image-preview":"max-image-preview:large","max-video-preview":"max-video-preview:-1"},"canonical":"https:\/\/comerciallin.com\/index.php\/producto\/cable-canon-macho-canon-hembra-10m\/","og_locale":"es_ES","og_type":"article","og_title":"CABLE CANON MACHO-CANON HEMBRA 10M","og_url":"https:\/\/comerciallin.com\/index.php\/producto\/cable-canon-macho-canon-hembra-10m\/","og_site_name":"tienda de electr\u00f3nica y computaci\u00f3n","article_modified_time":"2025-01-14T18:54:47+00:00","twitter_card":"summary_large_image","twitter_image":"https:\/\/i0.wp.com\/comerciallin.com\/wp-content\/uploads\/2023\/08\/214010121202.jpg?fit=%2C&ssl=1","twitter_misc":{"Precio":"&#36;10,35","Availability":"In stock"},"schema":{"@context":"https:\/\/schema.org","@graph":[{"@type":"WebSite","@id":"https:\/\/comerciallin.com\/#website","url":"https:\/\/comerciallin.com\/","name":"tienda de electr\u00f3nica y computaci\u00f3n","description":"Importadora de Electr\u00f3nica y Computaci\u00f3n","potentialAction":[{"@type":"SearchAction","target":{"@type":"EntryPoint","urlTemplate":"https:\/\/comerciallin.com\/?s={search_term_string}"},"query-input":"required name=search_term_string"}],"inLanguage":"es"},{"@type":"ImageObject","@id":"https:\/\/comerciallin.com\/index.php\/producto\/cable-canon-macho-canon-hembra-10m\/#primaryimage","inLanguage":"es","url":"https:\/\/i0.wp.com\/comerciallin.com\/wp-content\/uploads\/2023\/08\/214010121202.jpg?fit=%2C&ssl=1","contentUrl":"https:\/\/i0.wp.com\/comerciallin.com\/wp-content\/uploads\/2023\/08\/214010121202.jpg?fit=%2C&ssl=1","caption":"CABLE CANON MACHO-CANON HEMBRA 10M"},{"@type":"WebPage","@id":"https:\/\/comerciallin.com\/index.php\/producto\/cable-canon-macho-canon-hembra-10m\/#webpage","url":"https:\/\/comerciallin.com\/index.php\/producto\/cable-canon-macho-canon-hembra-10m\/","name":"CABLE CANON MACHO-CANON HEMBRA 10M - tienda de electr\u00f3nica y computaci\u00f3n","isPartOf":{"@id":"https:\/\/comerciallin.com\/#website"},"primaryImageOfPage":{"@id":"https:\/\/comerciallin.com\/index.php\/producto\/cable-canon-macho-canon-hembra-10m\/#primaryimage"},"datePublished":"2023-04-24T22:54:38+00:00","dateModified":"2025-01-14T18:54:47+00:00","breadcrumb":{"@id":"https:\/\/comerciallin.com\/index.php\/producto\/cable-canon-macho-canon-hembra-10m\/#breadcrumb"},"inLanguage":"es","potentialAction":[{"@type":"ReadAction","target":["https:\/\/comerciallin.com\/index.php\/producto\/cable-canon-macho-canon-hembra-10m\/"]}]},{"@type":"BreadcrumbList","@id":"https:\/\/comerciallin.com\/index.php\/producto\/cable-canon-macho-canon-hembra-10m\/#breadcrumb","itemListElement":[{"@type":"ListItem","position":1,"name":"Inicio","item":"https:\/\/comerciallin.com\/"},{"@type":"ListItem","position":2,"name":"Shop","item":"https:\/\/comerciallin.com\/?page_id=3853"},{"@type":"ListItem","position":3,"name":"CABLE CANON MACHO-CANON HEMBRA 10M"}]}]},"product_price_amount":"10.35","product_price_currency":"USD","og_availability":"instock","product_availability":"instock","product_retailer_item_id":"214010121202","product_condition":"new"},"jetpack-related-posts":[{"id":22763,"url":"https:\/\/comerciallin.com\/index.php\/producto\/cable-canon-macho-canon-hembra-5m\/","url_meta":{"origin":22765,"position":0},"title":"CABLE CANON MACHO-CANON HEMBRA 5M","date":"24 de abril de 2023","format":false,"excerpt":"","rel":"","context":"Entrada similar","img":{"alt_text":"","src":"","width":0,"height":0},"classes":[]},{"id":19647,"url":"https:\/\/comerciallin.com\/index.php\/producto\/cable-extension-de-fuente-pooder-4pin\/","url_meta":{"origin":22765,"position":1},"title":"CABLE EXTENSION DE FUENTE POODER 4PIN","date":"7 de noviembre de 2022","format":false,"excerpt":"ATX de 4 pines macho a hembra adaptador 20cm 4 Pin de extensi\u00f3n de energ\u00eda de la CPU de 4 pines Hembra PC Cable conector de alimentaci\u00f3n","rel":"","context":"Entrada similar","img":{"alt_text":"","src":"","width":0,"height":0},"classes":[]},{"id":23175,"url":"https:\/\/comerciallin.com\/index.php\/producto\/bateria-camara-canon-lp-e8\/","url_meta":{"origin":22765,"position":2},"title":"BATERIA CAMARA CANON LP-E8","date":"25 de abril de 2023","format":false,"excerpt":"","rel":"","context":"Entrada similar","img":{"alt_text":"","src":"","width":0,"height":0},"classes":[]},{"id":26106,"url":"https:\/\/comerciallin.com\/index.php\/producto\/bateria-camara-lp-e5\/","url_meta":{"origin":22765,"position":3},"title":"BATERIA CAMARA LP-E5","date":"29 de enero de 2024","format":false,"excerpt":"La bater\u00eda de c\u00e1mara LP-E5 es una bater\u00eda de iones de litio de 1080 mAh que proporciona un tiempo de grabaci\u00f3n prolongado para una variedad de c\u00e1maras Canon DSLR y compactas.","rel":"","context":"Entrada similar","img":{"alt_text":"BATERIA CAMARA LP-E5","src":"https:\/\/i0.wp.com\/comerciallin.com\/wp-content\/uploads\/2024\/01\/421206010108-1.jpg?fit=1080%2C1080&ssl=1&resize=350%2C200","width":350,"height":200},"classes":[]},{"id":26104,"url":"https:\/\/comerciallin.com\/index.php\/producto\/bateria-camara-lpe-10\/","url_meta":{"origin":22765,"position":4},"title":"BATERIA CAMARA LPE-10","date":"29 de enero de 2024","format":false,"excerpt":"La bater\u00eda de c\u00e1mara LPE-10 es una bater\u00eda de iones de litio de 860 mAh que proporciona un tiempo de grabaci\u00f3n prolongado para una variedad de c\u00e1maras Canon DSLR y compactas.","rel":"","context":"Entrada similar","img":{"alt_text":"BATERIA CAMARA LPE-10","src":"https:\/\/i0.wp.com\/comerciallin.com\/wp-content\/uploads\/2024\/01\/421206010107-1.jpg?fit=1080%2C1080&ssl=1&resize=350%2C200","width":350,"height":200},"classes":[]},{"id":26120,"url":"https:\/\/comerciallin.com\/index.php\/producto\/bateria-camara-nb-6lh\/","url_meta":{"origin":22765,"position":5},"title":"BATERIA CAMARA NB-6LH","date":"29 de enero de 2024","format":false,"excerpt":"La bater\u00eda de c\u00e1mara NB-6LH es una bater\u00eda de iones de litio de 1450 mAh que proporciona un tiempo de grabaci\u00f3n prolongado para una variedad de c\u00e1maras Canon.","rel":"","context":"Entrada similar","img":{"alt_text":"BATERIA CAMARA NB-6LH","src":"https:\/\/i0.wp.com\/comerciallin.com\/wp-content\/uploads\/2024\/01\/421206010115-1.jpg?fit=1080%2C1080&ssl=1&resize=350%2C200","width":350,"height":200},"classes":[]}],"jetpack_sharing_enabled":true,"jetpack_likes_enabled":true,"_links":{"self":[{"href":"https:\/\/comerciallin.com\/index.php\/wp-json\/wp\/v2\/product\/22765"}],"collection":[{"href":"https:\/\/comerciallin.com\/index.php\/wp-json\/wp\/v2\/product"}],"about":[{"href":"https:\/\/comerciallin.com\/index.php\/wp-json\/wp\/v2\/types\/product"}],"replies":[{"embeddable":true,"href":"https:\/\/comerciallin.com\/index.php\/wp-json\/wp\/v2\/comments?post=22765"}],"wp:featuredmedia":[{"embeddable":true,"href":"https:\/\/comerciallin.com\/index.php\/wp-json\/wp\/v2\/media\/24794"}],"wp:attachment":[{"href":"https:\/\/comerciallin.com\/index.php\/wp-json\/wp\/v2\/media?parent=22765"}],"wp:term":[{"taxonomy":"product_cat","embeddable":true,"href":"https:\/\/comerciallin.com\/index.php\/wp-json\/wp\/v2\/product_cat?post=22765"},{"taxonomy":"product_tag","embeddable":true,"href":"https:\/\/comerciallin.com\/index.php\/wp-json\/wp\/v2\/product_tag?post=22765"}],"curies":[{"name":"wp","href":"https:\/\/api.w.org\/{rel}","templated":true}]}}