{"id":22657,"date":"2023-04-24T14:16:49","date_gmt":"2023-04-24T19:16:49","guid":{"rendered":"https:\/\/comerciallin.com\/index.php\/producto\/cable-microfono-stereo-ks-112-x-metro\/"},"modified":"2025-01-14T13:54:52","modified_gmt":"2025-01-14T18:54:52","slug":"cable-microfono-stereo-ks-112-x-metro","status":"publish","type":"product","link":"https:\/\/comerciallin.com\/index.php\/producto\/cable-microfono-stereo-ks-112-x-metro\/","title":{"rendered":"CABLE MICROFONO STEREO KS-112 X METRO"},"content":{"rendered":"","protected":false},"excerpt":{"rendered":"","protected":false},"featured_media":24804,"comment_status":"open","ping_status":"closed","template":"","meta":{"spay_email":""},"product_cat":[753],"product_tag":[],"supplier_id":null,"supplier_sku":"","barcode":null,"atum_controlled":true,"out_stock_date":null,"out_stock_threshold":null,"inheritable":false,"inbound_stock":null,"stock_on_hold":0,"sold_today":0,"sales_last_days":0,"reserved_stock":null,"customer_returns":null,"warehouse_damage":null,"lost_in_post":null,"other_logs":null,"out_stock_days":0,"lost_sales":0,"has_location":null,"update_date":"2026-04-13T23:53:16","atum_locations":[],"atum_stock_status":"instock","restock_status":false,"low_stock_amount":"","sales_update_date":"2026-04-13T23:53:16","calc_backorders":null,"acf":[],"yoast_head":"<!-- This site is optimized with the Yoast SEO Premium plugin v17.4 (Yoast SEO v17.4) - https:\/\/yoast.com\/wordpress\/plugins\/seo\/ -->\n<title>CABLE MICROFONO STEREO KS-112 X METRO - tienda de electr\u00f3nica y computaci\u00f3n<\/title>\n<meta name=\"robots\" content=\"index, follow, max-snippet:-1, max-image-preview:large, max-video-preview:-1\" \/>\n<link rel=\"canonical\" href=\"https:\/\/comerciallin.com\/index.php\/producto\/cable-microfono-stereo-ks-112-x-metro\/\" \/>\n<meta property=\"og:locale\" content=\"es_ES\" \/>\n<meta property=\"og:type\" content=\"article\" \/>\n<meta property=\"og:title\" content=\"CABLE MICROFONO STEREO KS-112 X METRO\" \/>\n<meta property=\"og:url\" content=\"https:\/\/comerciallin.com\/index.php\/producto\/cable-microfono-stereo-ks-112-x-metro\/\" \/>\n<meta property=\"og:site_name\" content=\"tienda de electr\u00f3nica y computaci\u00f3n\" \/>\n<meta property=\"article:modified_time\" content=\"2025-01-14T18:54:52+00:00\" \/>\n<meta name=\"twitter:card\" content=\"summary_large_image\" \/>\n<meta name=\"twitter:image\" content=\"https:\/\/i0.wp.com\/comerciallin.com\/wp-content\/uploads\/2023\/08\/030460303.jpg?fit=%2C&amp;ssl=1\" \/>\n<meta name=\"twitter:label1\" content=\"Precio\" \/>\n\t<meta name=\"twitter:data1\" content=\"&#36;1,07\" \/>\n\t<meta name=\"twitter:label2\" content=\"Availability\" \/>\n\t<meta name=\"twitter:data2\" content=\"In stock\" \/>\n<script type=\"application\/ld+json\" class=\"yoast-schema-graph\">{\"@context\":\"https:\/\/schema.org\",\"@graph\":[{\"@type\":\"WebSite\",\"@id\":\"https:\/\/comerciallin.com\/#website\",\"url\":\"https:\/\/comerciallin.com\/\",\"name\":\"tienda de electr\\u00f3nica y computaci\\u00f3n\",\"description\":\"Importadora de Electr\\u00f3nica y Computaci\\u00f3n\",\"potentialAction\":[{\"@type\":\"SearchAction\",\"target\":{\"@type\":\"EntryPoint\",\"urlTemplate\":\"https:\/\/comerciallin.com\/?s={search_term_string}\"},\"query-input\":\"required name=search_term_string\"}],\"inLanguage\":\"es\"},{\"@type\":\"ImageObject\",\"@id\":\"https:\/\/comerciallin.com\/index.php\/producto\/cable-microfono-stereo-ks-112-x-metro\/#primaryimage\",\"inLanguage\":\"es\",\"url\":\"https:\/\/i0.wp.com\/comerciallin.com\/wp-content\/uploads\/2023\/08\/030460303.jpg?fit=%2C&ssl=1\",\"contentUrl\":\"https:\/\/i0.wp.com\/comerciallin.com\/wp-content\/uploads\/2023\/08\/030460303.jpg?fit=%2C&ssl=1\",\"caption\":\"CABLE MICROFONO STEREO KS-112 X METRO\"},{\"@type\":\"WebPage\",\"@id\":\"https:\/\/comerciallin.com\/index.php\/producto\/cable-microfono-stereo-ks-112-x-metro\/#webpage\",\"url\":\"https:\/\/comerciallin.com\/index.php\/producto\/cable-microfono-stereo-ks-112-x-metro\/\",\"name\":\"CABLE MICROFONO STEREO KS-112 X METRO - tienda de electr\\u00f3nica y computaci\\u00f3n\",\"isPartOf\":{\"@id\":\"https:\/\/comerciallin.com\/#website\"},\"primaryImageOfPage\":{\"@id\":\"https:\/\/comerciallin.com\/index.php\/producto\/cable-microfono-stereo-ks-112-x-metro\/#primaryimage\"},\"datePublished\":\"2023-04-24T19:16:49+00:00\",\"dateModified\":\"2025-01-14T18:54:52+00:00\",\"breadcrumb\":{\"@id\":\"https:\/\/comerciallin.com\/index.php\/producto\/cable-microfono-stereo-ks-112-x-metro\/#breadcrumb\"},\"inLanguage\":\"es\",\"potentialAction\":[{\"@type\":\"ReadAction\",\"target\":[\"https:\/\/comerciallin.com\/index.php\/producto\/cable-microfono-stereo-ks-112-x-metro\/\"]}]},{\"@type\":\"BreadcrumbList\",\"@id\":\"https:\/\/comerciallin.com\/index.php\/producto\/cable-microfono-stereo-ks-112-x-metro\/#breadcrumb\",\"itemListElement\":[{\"@type\":\"ListItem\",\"position\":1,\"name\":\"Inicio\",\"item\":\"https:\/\/comerciallin.com\/\"},{\"@type\":\"ListItem\",\"position\":2,\"name\":\"Shop\",\"item\":\"https:\/\/comerciallin.com\/?page_id=3853\"},{\"@type\":\"ListItem\",\"position\":3,\"name\":\"CABLE MICROFONO STEREO KS-112 X METRO\"}]}]}<\/script>\n<meta property=\"product:price:amount\" content=\"1.07\" \/>\n<meta property=\"product:price:currency\" content=\"USD\" \/>\n<meta property=\"og:availability\" content=\"instock\" \/>\n<meta property=\"product:availability\" content=\"instock\" \/>\n<meta property=\"product:retailer_item_id\" content=\"30460303\" \/>\n<meta property=\"product:condition\" content=\"new\" \/>\n<!-- \/ Yoast SEO Premium plugin. -->","yoast_head_json":{"title":"CABLE MICROFONO STEREO KS-112 X METRO - tienda de electr\u00f3nica y computaci\u00f3n","robots":{"index":"index","follow":"follow","max-snippet":"max-snippet:-1","max-image-preview":"max-image-preview:large","max-video-preview":"max-video-preview:-1"},"canonical":"https:\/\/comerciallin.com\/index.php\/producto\/cable-microfono-stereo-ks-112-x-metro\/","og_locale":"es_ES","og_type":"article","og_title":"CABLE MICROFONO STEREO KS-112 X METRO","og_url":"https:\/\/comerciallin.com\/index.php\/producto\/cable-microfono-stereo-ks-112-x-metro\/","og_site_name":"tienda de electr\u00f3nica y computaci\u00f3n","article_modified_time":"2025-01-14T18:54:52+00:00","twitter_card":"summary_large_image","twitter_image":"https:\/\/i0.wp.com\/comerciallin.com\/wp-content\/uploads\/2023\/08\/030460303.jpg?fit=%2C&ssl=1","twitter_misc":{"Precio":"&#36;1,07","Availability":"In stock"},"schema":{"@context":"https:\/\/schema.org","@graph":[{"@type":"WebSite","@id":"https:\/\/comerciallin.com\/#website","url":"https:\/\/comerciallin.com\/","name":"tienda de electr\u00f3nica y computaci\u00f3n","description":"Importadora de Electr\u00f3nica y Computaci\u00f3n","potentialAction":[{"@type":"SearchAction","target":{"@type":"EntryPoint","urlTemplate":"https:\/\/comerciallin.com\/?s={search_term_string}"},"query-input":"required name=search_term_string"}],"inLanguage":"es"},{"@type":"ImageObject","@id":"https:\/\/comerciallin.com\/index.php\/producto\/cable-microfono-stereo-ks-112-x-metro\/#primaryimage","inLanguage":"es","url":"https:\/\/i0.wp.com\/comerciallin.com\/wp-content\/uploads\/2023\/08\/030460303.jpg?fit=%2C&ssl=1","contentUrl":"https:\/\/i0.wp.com\/comerciallin.com\/wp-content\/uploads\/2023\/08\/030460303.jpg?fit=%2C&ssl=1","caption":"CABLE MICROFONO STEREO KS-112 X METRO"},{"@type":"WebPage","@id":"https:\/\/comerciallin.com\/index.php\/producto\/cable-microfono-stereo-ks-112-x-metro\/#webpage","url":"https:\/\/comerciallin.com\/index.php\/producto\/cable-microfono-stereo-ks-112-x-metro\/","name":"CABLE MICROFONO STEREO KS-112 X METRO - tienda de electr\u00f3nica y computaci\u00f3n","isPartOf":{"@id":"https:\/\/comerciallin.com\/#website"},"primaryImageOfPage":{"@id":"https:\/\/comerciallin.com\/index.php\/producto\/cable-microfono-stereo-ks-112-x-metro\/#primaryimage"},"datePublished":"2023-04-24T19:16:49+00:00","dateModified":"2025-01-14T18:54:52+00:00","breadcrumb":{"@id":"https:\/\/comerciallin.com\/index.php\/producto\/cable-microfono-stereo-ks-112-x-metro\/#breadcrumb"},"inLanguage":"es","potentialAction":[{"@type":"ReadAction","target":["https:\/\/comerciallin.com\/index.php\/producto\/cable-microfono-stereo-ks-112-x-metro\/"]}]},{"@type":"BreadcrumbList","@id":"https:\/\/comerciallin.com\/index.php\/producto\/cable-microfono-stereo-ks-112-x-metro\/#breadcrumb","itemListElement":[{"@type":"ListItem","position":1,"name":"Inicio","item":"https:\/\/comerciallin.com\/"},{"@type":"ListItem","position":2,"name":"Shop","item":"https:\/\/comerciallin.com\/?page_id=3853"},{"@type":"ListItem","position":3,"name":"CABLE MICROFONO STEREO KS-112 X METRO"}]}]},"product_price_amount":"1.07","product_price_currency":"USD","og_availability":"instock","product_availability":"instock","product_retailer_item_id":"30460303","product_condition":"new"},"jetpack-related-posts":[{"id":22655,"url":"https:\/\/comerciallin.com\/index.php\/producto\/cable-microfono-stereo-ks-096-x-metro\/","url_meta":{"origin":22657,"position":0},"title":"CABLE MICROFONO STEREO KS-096 X METRO","date":"24 de abril de 2023","format":false,"excerpt":"","rel":"","context":"Entrada similar","img":{"alt_text":"","src":"","width":0,"height":0},"classes":[]},{"id":22816,"url":"https:\/\/comerciallin.com\/index.php\/producto\/cable-microfono-stereo-ks-112\/","url_meta":{"origin":22657,"position":1},"title":"CABLE MICROFONO STEREO KS-112","date":"24 de abril de 2023","format":false,"excerpt":"","rel":"","context":"Entrada similar","img":{"alt_text":"","src":"","width":0,"height":0},"classes":[]},{"id":22813,"url":"https:\/\/comerciallin.com\/index.php\/producto\/cable-microfono-stereo-ks-096\/","url_meta":{"origin":22657,"position":2},"title":"CABLE MICROFONO STEREO KS-096","date":"24 de abril de 2023","format":false,"excerpt":"","rel":"","context":"Entrada similar","img":{"alt_text":"","src":"","width":0,"height":0},"classes":[]},{"id":22453,"url":"https:\/\/comerciallin.com\/index.php\/producto\/microfono-c-cable-ks-5000-videoke-pro-x-3\/","url_meta":{"origin":22657,"position":3},"title":"MICROFONO C\/CABLE KS-5000 VIDEOKE\/PRO X 3","date":"19 de abril de 2023","format":false,"excerpt":"","rel":"","context":"Entrada similar","img":{"alt_text":"","src":"","width":0,"height":0},"classes":[]},{"id":23112,"url":"https:\/\/comerciallin.com\/index.php\/producto\/cable-parlante-ks-400-x-metro\/","url_meta":{"origin":22657,"position":4},"title":"CABLE PARLANTE KS-400 X METRO","date":"25 de abril de 2023","format":false,"excerpt":"","rel":"","context":"Entrada similar","img":{"alt_text":"","src":"","width":0,"height":0},"classes":[]},{"id":22451,"url":"https:\/\/comerciallin.com\/index.php\/producto\/microfono-c-cable-ks-5000-new\/","url_meta":{"origin":22657,"position":5},"title":"MICROFONO C\/CABLE KS-5000 NEW","date":"19 de abril de 2023","format":false,"excerpt":"","rel":"","context":"Entrada similar","img":{"alt_text":"","src":"","width":0,"height":0},"classes":[]}],"jetpack_sharing_enabled":true,"jetpack_likes_enabled":true,"_links":{"self":[{"href":"https:\/\/comerciallin.com\/index.php\/wp-json\/wp\/v2\/product\/22657"}],"collection":[{"href":"https:\/\/comerciallin.com\/index.php\/wp-json\/wp\/v2\/product"}],"about":[{"href":"https:\/\/comerciallin.com\/index.php\/wp-json\/wp\/v2\/types\/product"}],"replies":[{"embeddable":true,"href":"https:\/\/comerciallin.com\/index.php\/wp-json\/wp\/v2\/comments?post=22657"}],"wp:featuredmedia":[{"embeddable":true,"href":"https:\/\/comerciallin.com\/index.php\/wp-json\/wp\/v2\/media\/24804"}],"wp:attachment":[{"href":"https:\/\/comerciallin.com\/index.php\/wp-json\/wp\/v2\/media?parent=22657"}],"wp:term":[{"taxonomy":"product_cat","embeddable":true,"href":"https:\/\/comerciallin.com\/index.php\/wp-json\/wp\/v2\/product_cat?post=22657"},{"taxonomy":"product_tag","embeddable":true,"href":"https:\/\/comerciallin.com\/index.php\/wp-json\/wp\/v2\/product_tag?post=22657"}],"curies":[{"name":"wp","href":"https:\/\/api.w.org\/{rel}","templated":true}]}}